{"id":85,"date":"2025-09-15T10:13:25","date_gmt":"2025-09-15T07:13:25","guid":{"rendered":"https:\/\/izglitiba.valmierasnovads.lv\/valodzite\/?page_id=85"},"modified":"2026-03-02T14:26:34","modified_gmt":"2026-03-02T12:26:34","slug":"interesu-izglitiba","status":"publish","type":"page","link":"https:\/\/izglitiba.valmierasnovads.lv\/valodzite\/interesu-izglitiba\/","title":{"rendered":"Intere\u0161u izgl\u012bt\u012bba"},"content":{"rendered":"\n<p>B\u0113rnu vispus\u012bg\u0101kai att\u012bst\u012bbai papildus m\u0101c\u012bbu satura apguvei iest\u0101de pied\u0101v\u0101 da\u017e\u0101das intere\u0161u izgl\u012bt\u012bbas iesp\u0113jas:<\/p>\n\n\n\n<ul class=\"wp-block-list\">\n<li>b\u0113rniem no 3 gadu vecuma:\n<ul class=\"wp-block-list\">\n<li>ritmika un rota\u013cdejas;<\/li>\n\n\n\n<li>tenisa nodarb\u012bbas sadarb\u012bb\u0101 ar Valmieras Tenisa klubu.<\/li>\n<\/ul>\n<\/li>\n\n\n\n<li>b\u0113rniem no 4 gadu vecuma:\n<ul class=\"wp-block-list\">\n<li>robotika STEM prasmju att\u012bst\u012bbai;<\/li>\n\n\n\n<li>dejas un ritmika (sporta dejas);<\/li>\n\n\n\n<li>muzik\u0101l\u0101s dzirdes att\u012bst\u012b\u0161ana un pilnveide (dzied\u0101\u0161ana un ritmika).<\/li>\n<\/ul>\n<\/li>\n\n\n\n<li>b\u0113rniem no 5 gadu vecuma:\n<ul class=\"wp-block-list\">\n<li>ang\u013cu valoda;<\/li>\n\n\n\n<li>rado\u0161\u0101 lietu dz\u012bve.<\/li>\n<\/ul>\n<\/li>\n<\/ul>\n\n\n\n<figure class=\"wp-block-table\"><table class=\"has-fixed-layout\"><tbody><tr><td class=\"has-text-align-center\" data-align=\"center\"><strong>INTERE\u0160U IZGL\u012aT\u012aBAS NODARB\u012aBAS<\/strong><\/td><td class=\"has-text-align-center\" data-align=\"center\"><strong>VAD\u012aT\u0100JS<\/strong><\/td><td class=\"has-text-align-center\" data-align=\"center\"><strong>KONTAKTI<\/strong><\/td><\/tr><tr><td class=\"has-text-align-center\" data-align=\"center\">Ang\u013cu valoda<\/td><td class=\"has-text-align-center\" data-align=\"center\">L\u012bva Liepi\u0146a<\/td><td class=\"has-text-align-center\" data-align=\"center\"><a href=\"mailto:liva.liepina@valmiera.edu.lv\">liva.liepina@valmiera.edu.lv<\/a>                  28790414<\/td><\/tr><tr><td class=\"has-text-align-center\" data-align=\"center\">Robotika<\/td><td class=\"has-text-align-center\" data-align=\"center\">B\u0113rnu centrs \u201cK\u0101 m\u0101j\u0101s\u201d<\/td><td class=\"has-text-align-center\" data-align=\"center\"><a href=\"mailto:info@bckamajas.lv\">info@bckamajas.lv<\/a>                                29398553<\/td><\/tr><tr><td class=\"has-text-align-center\" data-align=\"center\">Sporta dejas<\/td><td class=\"has-text-align-center\" data-align=\"center\">Rihards Bergs<\/td><td class=\"has-text-align-center\" data-align=\"center\"><a href=\"mailto:rihards.bergs@vps.edu.lv\">rihards.bergs@vps.edu.lv<\/a>                      26647052<\/td><\/tr><tr><td class=\"has-text-align-center\" data-align=\"center\">Teniss<\/td><td class=\"has-text-align-center\" data-align=\"center\">Ri\u010dards Kr\u016bze<\/td><td class=\"has-text-align-center\" data-align=\"center\">Valmieras tenisa skola <a href=\"mailto:info@vts.lv\">info@vts.lv<\/a>        27773377<\/td><\/tr><tr><td class=\"has-text-align-center\" data-align=\"center\">Dzied\u0101\u0161ana<\/td><td class=\"has-text-align-center\" data-align=\"center\">Aigita Guo\u0123e &#8211; Lapi\u0146a<\/td><td class=\"has-text-align-center\" data-align=\"center\"><a href=\"mailto:atigia@inbox.lv\">atigia@inbox.lv<\/a>                                     29156916<\/td><\/tr><tr><td class=\"has-text-align-center\" data-align=\"center\">Ritmika un rota\u013cdejas<\/td><td class=\"has-text-align-center\" data-align=\"center\">Linda Egl\u012bte<\/td><td class=\"has-text-align-center\" data-align=\"center\"><a href=\"mailto:lin_da@inbox.lv\">lin_da@inbox.lv<\/a>                                    24422307<\/td><\/tr><tr><td class=\"has-text-align-center\" data-align=\"center\">Rado\u0161a otr\u0101 dz\u012bve \u2013 mantas un materi\u0101li atdzimst<\/td><td class=\"has-text-align-center\" data-align=\"center\">Inga Logina<\/td><td class=\"has-text-align-center\" data-align=\"center\">Jaunatnes centrs \u201cVinda\u201d <a href=\"mailto:vinda@valmiera.edu.lv\">vinda@valmiera.edu.lv<\/a>   28446697<\/td><\/tr><\/tbody><\/table><\/figure>\n\n\n\n<p><\/p>\n","protected":false},"excerpt":{"rendered":"<p>B\u0113rnu vispus\u012bg\u0101kai att\u012bst\u012bbai papildus m\u0101c\u012bbu satura apguvei iest\u0101de pied\u0101v\u0101 da\u017e\u0101das intere\u0161u izgl\u012bt\u012bbas iesp\u0113jas: INTERE\u0160U IZGL\u012aT\u012aBAS NODARB\u012aBAS VAD\u012aT\u0100JS KONTAKTI Ang\u013cu valoda [&hellip;]<\/p>\n","protected":false},"author":25,"featured_media":0,"parent":0,"menu_order":0,"comment_status":"closed","ping_status":"closed","template":"","meta":{"_acf_changed":false,"site-sidebar-layout":"default","site-content-layout":"","ast-site-content-layout":"default","site-content-style":"default","site-sidebar-style":"default","ast-global-header-display":"","ast-banner-title-visibility":"","ast-main-header-display":"","ast-hfb-above-header-display":"","ast-hfb-below-header-display":"","ast-hfb-mobile-header-display":"","site-post-title":"","ast-breadcrumbs-content":"","ast-featured-img":"","footer-sml-layout":"","ast-disable-related-posts":"","theme-transparent-header-meta":"","adv-header-id-meta":"","stick-header-meta":"","header-above-stick-meta":"","header-main-stick-meta":"","header-below-stick-meta":"","astra-migrate-meta-layouts":"default","ast-page-background-enabled":"default","ast-page-background-meta":{"desktop":{"background-color":"var(--ast-global-color-5)","background-image":"","background-repeat":"repeat","background-position":"center center","background-size":"auto","background-attachment":"scroll","background-type":"","background-media":"","overlay-type":"","overlay-color":"","overlay-opacity":"","overlay-gradient":""},"tablet":{"background-color":"","background-image":"","background-repeat":"repeat","background-position":"center center","background-size":"auto","background-attachment":"scroll","background-type":"","background-media":"","overlay-type":"","overlay-color":"","overlay-opacity":"","overlay-gradient":""},"mobile":{"background-color":"","background-image":"","background-repeat":"repeat","background-position":"center center","background-size":"auto","background-attachment":"scroll","background-type":"","background-media":"","overlay-type":"","overlay-color":"","overlay-opacity":"","overlay-gradient":""}},"ast-content-background-meta":{"desktop":{"background-color":"var(--ast-global-color-4)","background-image":"","background-repeat":"repeat","background-position":"center center","background-size":"auto","background-attachment":"scroll","background-type":"","background-media":"","overlay-type":"","overlay-color":"","overlay-opacity":"","overlay-gradient":""},"tablet":{"background-color":"var(--ast-global-color-4)","background-image":"","background-repeat":"repeat","background-position":"center center","background-size":"auto","background-attachment":"scroll","background-type":"","background-media":"","overlay-type":"","overlay-color":"","overlay-opacity":"","overlay-gradient":""},"mobile":{"background-color":"var(--ast-global-color-4)","background-image":"","background-repeat":"repeat","background-position":"center center","background-size":"auto","background-attachment":"scroll","background-type":"","background-media":"","overlay-type":"","overlay-color":"","overlay-opacity":"","overlay-gradient":""}},"footnotes":""},"class_list":["post-85","page","type-page","status-publish","hentry"],"acf":[],"yoast_head":"<!-- This site is optimized with the Yoast SEO plugin v27.0 - https:\/\/yoast.com\/product\/yoast-seo-wordpress\/ -->\n<title>Intere\u0161u izgl\u012bt\u012bba - Valmieras pirmsskolas izgl\u012bt\u012bbas iest\u0101de \u201cV\u0101lodz\u012bte\u201d<\/title>\n<meta name=\"robots\" content=\"index, follow, max-snippet:-1, max-image-preview:large, max-video-preview:-1\" \/>\n<link rel=\"canonical\" href=\"https:\/\/izglitiba.valmierasnovads.lv\/valodzite\/interesu-izglitiba\/\" \/>\n<meta property=\"og:locale\" content=\"lv_LV\" \/>\n<meta property=\"og:type\" content=\"article\" \/>\n<meta property=\"og:title\" content=\"Intere\u0161u izgl\u012bt\u012bba - Valmieras pirmsskolas izgl\u012bt\u012bbas iest\u0101de \u201cV\u0101lodz\u012bte\u201d\" \/>\n<meta property=\"og:description\" content=\"B\u0113rnu vispus\u012bg\u0101kai att\u012bst\u012bbai papildus m\u0101c\u012bbu satura apguvei iest\u0101de pied\u0101v\u0101 da\u017e\u0101das intere\u0161u izgl\u012bt\u012bbas iesp\u0113jas: INTERE\u0160U IZGL\u012aT\u012aBAS NODARB\u012aBAS VAD\u012aT\u0100JS KONTAKTI Ang\u013cu valoda [&hellip;]\" \/>\n<meta property=\"og:url\" content=\"https:\/\/izglitiba.valmierasnovads.lv\/valodzite\/interesu-izglitiba\/\" \/>\n<meta property=\"og:site_name\" content=\"Valmieras pirmsskolas izgl\u012bt\u012bbas iest\u0101de \u201cV\u0101lodz\u012bte\u201d\" \/>\n<meta property=\"article:modified_time\" content=\"2026-03-02T12:26:34+00:00\" \/>\n<meta name=\"twitter:card\" content=\"summary_large_image\" \/>\n<meta name=\"twitter:label1\" content=\"Est. reading time\" \/>\n\t<meta name=\"twitter:data1\" content=\"1 min\u016bte\" \/>\n<script type=\"application\/ld+json\" class=\"yoast-schema-graph\">{\"@context\":\"https:\/\/schema.org\",\"@graph\":[{\"@type\":\"WebPage\",\"@id\":\"https:\/\/izglitiba.valmierasnovads.lv\/valodzite\/interesu-izglitiba\/\",\"url\":\"https:\/\/izglitiba.valmierasnovads.lv\/valodzite\/interesu-izglitiba\/\",\"name\":\"Intere\u0161u izgl\u012bt\u012bba - Valmieras pirmsskolas izgl\u012bt\u012bbas iest\u0101de \u201cV\u0101lodz\u012bte\u201d\",\"isPartOf\":{\"@id\":\"https:\/\/izglitiba.valmierasnovads.lv\/valodzite\/#website\"},\"datePublished\":\"2025-09-15T07:13:25+00:00\",\"dateModified\":\"2026-03-02T12:26:34+00:00\",\"breadcrumb\":{\"@id\":\"https:\/\/izglitiba.valmierasnovads.lv\/valodzite\/interesu-izglitiba\/#breadcrumb\"},\"inLanguage\":\"lv-LV\",\"potentialAction\":[{\"@type\":\"ReadAction\",\"target\":[\"https:\/\/izglitiba.valmierasnovads.lv\/valodzite\/interesu-izglitiba\/\"]}]},{\"@type\":\"BreadcrumbList\",\"@id\":\"https:\/\/izglitiba.valmierasnovads.lv\/valodzite\/interesu-izglitiba\/#breadcrumb\",\"itemListElement\":[{\"@type\":\"ListItem\",\"position\":1,\"name\":\"Home\",\"item\":\"https:\/\/izglitiba.valmierasnovads.lv\/valodzite\/\"},{\"@type\":\"ListItem\",\"position\":2,\"name\":\"Intere\u0161u izgl\u012bt\u012bba\"}]},{\"@type\":\"WebSite\",\"@id\":\"https:\/\/izglitiba.valmierasnovads.lv\/valodzite\/#website\",\"url\":\"https:\/\/izglitiba.valmierasnovads.lv\/valodzite\/\",\"name\":\"Valmieras pirmsskolas izgl\u012bt\u012bbas iest\u0101de \u201cV\u0101lodz\u012bte\u201d\",\"description\":\"\",\"publisher\":{\"@id\":\"https:\/\/izglitiba.valmierasnovads.lv\/valodzite\/#organization\"},\"potentialAction\":[{\"@type\":\"SearchAction\",\"target\":{\"@type\":\"EntryPoint\",\"urlTemplate\":\"https:\/\/izglitiba.valmierasnovads.lv\/valodzite\/?s={search_term_string}\"},\"query-input\":{\"@type\":\"PropertyValueSpecification\",\"valueRequired\":true,\"valueName\":\"search_term_string\"}}],\"inLanguage\":\"lv-LV\"},{\"@type\":\"Organization\",\"@id\":\"https:\/\/izglitiba.valmierasnovads.lv\/valodzite\/#organization\",\"name\":\"Valmieras pirmsskolas izgl\u012bt\u012bbas iest\u0101de \u201cV\u0101lodz\u012bte\u201d\",\"url\":\"https:\/\/izglitiba.valmierasnovads.lv\/valodzite\/\",\"logo\":{\"@type\":\"ImageObject\",\"inLanguage\":\"lv-LV\",\"@id\":\"https:\/\/izglitiba.valmierasnovads.lv\/valodzite\/#\/schema\/logo\/image\/\",\"url\":\"https:\/\/izglitiba.valmierasnovads.lv\/valodzite\/wp-content\/uploads\/sites\/10\/2026\/03\/cropped-Pirmsskolas-izglitibas-iestades-ar-pasu-logo-12-scaled-1.png\",\"contentUrl\":\"https:\/\/izglitiba.valmierasnovads.lv\/valodzite\/wp-content\/uploads\/sites\/10\/2026\/03\/cropped-Pirmsskolas-izglitibas-iestades-ar-pasu-logo-12-scaled-1.png\",\"width\":1399,\"height\":405,\"caption\":\"Valmieras pirmsskolas izgl\u012bt\u012bbas iest\u0101de \u201cV\u0101lodz\u012bte\u201d\"},\"image\":{\"@id\":\"https:\/\/izglitiba.valmierasnovads.lv\/valodzite\/#\/schema\/logo\/image\/\"}}]}<\/script>\n<!-- \/ Yoast SEO plugin. -->","yoast_head_json":{"title":"Intere\u0161u izgl\u012bt\u012bba - Valmieras pirmsskolas izgl\u012bt\u012bbas iest\u0101de \u201cV\u0101lodz\u012bte\u201d","robots":{"index":"index","follow":"follow","max-snippet":"max-snippet:-1","max-image-preview":"max-image-preview:large","max-video-preview":"max-video-preview:-1"},"canonical":"https:\/\/izglitiba.valmierasnovads.lv\/valodzite\/interesu-izglitiba\/","og_locale":"lv_LV","og_type":"article","og_title":"Intere\u0161u izgl\u012bt\u012bba - Valmieras pirmsskolas izgl\u012bt\u012bbas iest\u0101de \u201cV\u0101lodz\u012bte\u201d","og_description":"B\u0113rnu vispus\u012bg\u0101kai att\u012bst\u012bbai papildus m\u0101c\u012bbu satura apguvei iest\u0101de pied\u0101v\u0101 da\u017e\u0101das intere\u0161u izgl\u012bt\u012bbas iesp\u0113jas: INTERE\u0160U IZGL\u012aT\u012aBAS NODARB\u012aBAS VAD\u012aT\u0100JS KONTAKTI Ang\u013cu valoda [&hellip;]","og_url":"https:\/\/izglitiba.valmierasnovads.lv\/valodzite\/interesu-izglitiba\/","og_site_name":"Valmieras pirmsskolas izgl\u012bt\u012bbas iest\u0101de \u201cV\u0101lodz\u012bte\u201d","article_modified_time":"2026-03-02T12:26:34+00:00","twitter_card":"summary_large_image","twitter_misc":{"Est. reading time":"1 min\u016bte"},"schema":{"@context":"https:\/\/schema.org","@graph":[{"@type":"WebPage","@id":"https:\/\/izglitiba.valmierasnovads.lv\/valodzite\/interesu-izglitiba\/","url":"https:\/\/izglitiba.valmierasnovads.lv\/valodzite\/interesu-izglitiba\/","name":"Intere\u0161u izgl\u012bt\u012bba - Valmieras pirmsskolas izgl\u012bt\u012bbas iest\u0101de \u201cV\u0101lodz\u012bte\u201d","isPartOf":{"@id":"https:\/\/izglitiba.valmierasnovads.lv\/valodzite\/#website"},"datePublished":"2025-09-15T07:13:25+00:00","dateModified":"2026-03-02T12:26:34+00:00","breadcrumb":{"@id":"https:\/\/izglitiba.valmierasnovads.lv\/valodzite\/interesu-izglitiba\/#breadcrumb"},"inLanguage":"lv-LV","potentialAction":[{"@type":"ReadAction","target":["https:\/\/izglitiba.valmierasnovads.lv\/valodzite\/interesu-izglitiba\/"]}]},{"@type":"BreadcrumbList","@id":"https:\/\/izglitiba.valmierasnovads.lv\/valodzite\/interesu-izglitiba\/#breadcrumb","itemListElement":[{"@type":"ListItem","position":1,"name":"Home","item":"https:\/\/izglitiba.valmierasnovads.lv\/valodzite\/"},{"@type":"ListItem","position":2,"name":"Intere\u0161u izgl\u012bt\u012bba"}]},{"@type":"WebSite","@id":"https:\/\/izglitiba.valmierasnovads.lv\/valodzite\/#website","url":"https:\/\/izglitiba.valmierasnovads.lv\/valodzite\/","name":"Valmieras pirmsskolas izgl\u012bt\u012bbas iest\u0101de \u201cV\u0101lodz\u012bte\u201d","description":"","publisher":{"@id":"https:\/\/izglitiba.valmierasnovads.lv\/valodzite\/#organization"},"potentialAction":[{"@type":"SearchAction","target":{"@type":"EntryPoint","urlTemplate":"https:\/\/izglitiba.valmierasnovads.lv\/valodzite\/?s={search_term_string}"},"query-input":{"@type":"PropertyValueSpecification","valueRequired":true,"valueName":"search_term_string"}}],"inLanguage":"lv-LV"},{"@type":"Organization","@id":"https:\/\/izglitiba.valmierasnovads.lv\/valodzite\/#organization","name":"Valmieras pirmsskolas izgl\u012bt\u012bbas iest\u0101de \u201cV\u0101lodz\u012bte\u201d","url":"https:\/\/izglitiba.valmierasnovads.lv\/valodzite\/","logo":{"@type":"ImageObject","inLanguage":"lv-LV","@id":"https:\/\/izglitiba.valmierasnovads.lv\/valodzite\/#\/schema\/logo\/image\/","url":"https:\/\/izglitiba.valmierasnovads.lv\/valodzite\/wp-content\/uploads\/sites\/10\/2026\/03\/cropped-Pirmsskolas-izglitibas-iestades-ar-pasu-logo-12-scaled-1.png","contentUrl":"https:\/\/izglitiba.valmierasnovads.lv\/valodzite\/wp-content\/uploads\/sites\/10\/2026\/03\/cropped-Pirmsskolas-izglitibas-iestades-ar-pasu-logo-12-scaled-1.png","width":1399,"height":405,"caption":"Valmieras pirmsskolas izgl\u012bt\u012bbas iest\u0101de \u201cV\u0101lodz\u012bte\u201d"},"image":{"@id":"https:\/\/izglitiba.valmierasnovads.lv\/valodzite\/#\/schema\/logo\/image\/"}}]}},"_links":{"self":[{"href":"https:\/\/izglitiba.valmierasnovads.lv\/valodzite\/wp-json\/wp\/v2\/pages\/85","targetHints":{"allow":["GET"]}}],"collection":[{"href":"https:\/\/izglitiba.valmierasnovads.lv\/valodzite\/wp-json\/wp\/v2\/pages"}],"about":[{"href":"https:\/\/izglitiba.valmierasnovads.lv\/valodzite\/wp-json\/wp\/v2\/types\/page"}],"author":[{"embeddable":true,"href":"https:\/\/izglitiba.valmierasnovads.lv\/valodzite\/wp-json\/wp\/v2\/users\/25"}],"replies":[{"embeddable":true,"href":"https:\/\/izglitiba.valmierasnovads.lv\/valodzite\/wp-json\/wp\/v2\/comments?post=85"}],"version-history":[{"count":8,"href":"https:\/\/izglitiba.valmierasnovads.lv\/valodzite\/wp-json\/wp\/v2\/pages\/85\/revisions"}],"predecessor-version":[{"id":235,"href":"https:\/\/izglitiba.valmierasnovads.lv\/valodzite\/wp-json\/wp\/v2\/pages\/85\/revisions\/235"}],"wp:attachment":[{"href":"https:\/\/izglitiba.valmierasnovads.lv\/valodzite\/wp-json\/wp\/v2\/media?parent=85"}],"curies":[{"name":"wp","href":"https:\/\/api.w.org\/{rel}","templated":true}]}}