{"id":298,"date":"2025-07-09T15:25:46","date_gmt":"2025-07-09T12:25:46","guid":{"rendered":"https:\/\/izglitiba.valmierasnovads.lv\/vdmv\/?page_id=298"},"modified":"2025-07-28T16:38:57","modified_gmt":"2025-07-28T13:38:57","slug":"papilduznemsana","status":"publish","type":"page","link":"https:\/\/izglitiba.valmierasnovads.lv\/vdmv\/papilduznemsana\/","title":{"rendered":"Papilduz\u0146em\u0161ana"},"content":{"rendered":"\n<p><strong>!!! UZ\u0145EM\u0160ANA PROFESION\u0100L\u0100S VID\u0112J\u0100S IZGL\u012aT\u012aBAS PROGRAMM\u0100S IR NOSL\u0112GUSIES!<\/strong><a href=\"https:\/\/izglitiba.valmierasnovads.lv\/vdmv\/2025-gada-uznemsanas-rezultati-vdmv-profesionalaja-videja-izglitiba\/\"> <strong><em>UZ\u0145EM\u0160ANAS REZULT\u0100TI<\/em><\/strong><\/a><\/p>\n\n\n\n<p><strong><em><strong>Papilduz\u0146em\u0161ana PROFESION\u0100LAJ\u0100 IEVIRZ\u0112 un INTERE\u0160U IZGL\u012aT\u012aB\u0100 <\/strong><\/em><\/strong><\/p>\n\n\n\n<p>Dokumentu pie\u0146em\u0161ana notiek <strong>no 19. augusta l\u012bdz 27. augustam 9.00-12.00 <\/strong>Valmieras Dizaina un m\u0101kslas vidusskol\u0101, Purva iel\u0101 12 vai elektroniski, nos\u016btot aizpild\u012btu iesniegumu&nbsp;un datu aizardz\u012bbas anketu uz skolas e-pastu.<\/p>\n\n\n<style>.wp-block-kadence-column.kb-section-dir-horizontal > .kt-inside-inner-col > .kt-info-box298_237e65-ae .kt-blocks-info-box-link-wrap{max-width:unset;}.kt-info-box298_237e65-ae .kt-blocks-info-box-link-wrap{padding-top:var(--global-kb-spacing-xs, 1rem);padding-right:var(--global-kb-spacing-xs, 1rem);padding-bottom:var(--global-kb-spacing-xs, 1rem);padding-left:var(--global-kb-spacing-xs, 1rem);}.kt-info-box298_237e65-ae .kadence-info-box-icon-container .kt-info-svg-icon, .kt-info-box298_237e65-ae .kt-info-svg-icon-flip, .kt-info-box298_237e65-ae .kt-blocks-info-box-number{font-size:50px;}.kt-info-box298_237e65-ae .kt-blocks-info-box-media{border-top-width:0px;border-right-width:0px;border-bottom-width:0px;border-left-width:0px;padding-top:10px;padding-right:10px;padding-bottom:10px;padding-left:10px;}.kt-info-box298_237e65-ae .kt-blocks-info-box-media-container{margin-top:0px;margin-right:15px;margin-bottom:0px;margin-left:15px;}.kt-info-box298_237e65-ae .kt-blocks-info-box-learnmore{background:transparent;border-width:0px 0px 0px 0px;padding-top:4px;padding-right:8px;padding-bottom:4px;padding-left:8px;margin-top:10px;margin-right:0px;margin-bottom:10px;margin-left:0px;}<\/style>\n<div class=\"wp-block-kadence-infobox kt-info-box298_237e65-ae\"><span class=\"kt-blocks-info-box-link-wrap info-box-link kt-blocks-info-box-media-align-top kt-info-halign-center\"><div class=\"kt-blocks-info-box-media-container\"><div class=\"kt-blocks-info-box-media kt-info-media-animate-none\"><div class=\"kadence-info-box-icon-container kt-info-icon-animate-none\"><div class=\"kadence-info-box-icon-inner-container\"><span class=\"kb-svg-icon-wrap kb-svg-icon-ic_pencil kt-info-svg-icon\"><svg viewBox=\"0 0 8 8\"  fill=\"currentColor\" xmlns=\"http:\/\/www.w3.org\/2000\/svg\"  aria-hidden=\"true\"><path d=\"M6 0l-1 1 2 2 1-1-2-2zm-2 2l-4 4v2h2l4-4-2-2z\"\/><\/svg><\/span><\/div><\/div><\/div><\/div><div class=\"kt-infobox-textcontent\"><h2 class=\"kt-blocks-info-box-title\"><strong>VDMV profesion\u0101l\u0101s ievirzes izgl\u012bt\u012bbas programmas<\/strong><\/h2><p class=\"kt-blocks-info-box-text\"><strong>Vizu\u0101li plastisk\u0101 m\u0101ksla \u2013 7 gadu m\u0101c\u012bbu ilgums ( s\u0101k paral\u0113li visp\u0101r\u0113j\u0101s izgl\u012bt\u012bbas 2.vai 3.klasei)<\/strong><br><strong>Vizu\u0101li plastisk\u0101 m\u0101ksla \u2013 5 gadu m\u0101c\u012bbu ilgums (s\u0101k paral\u0113li visp\u0101r\u0113j\u0101s izgl\u012bt\u012bbas 5.klasei)<\/strong><\/p><\/div><\/span><\/div>\n\n\n\n<p><strong><em>Lai iest\u0101tos Valmieras Dizaina un m\u0101kslas vidusskol\u0101 (VDMV) profesion\u0101laj\u0101s ievirzes izgl\u012bt\u012bbas programm\u0101s, nepiecie\u0161ams iesniegt \u0161\u0101dus dokumentus:<\/em><\/strong><\/p>\n\n\n\n<ul class=\"wp-block-list\">\n<li><em>iesniegums<\/em>;<\/li>\n\n\n\n<li><em>izraksts no stacion\u0101r\u0101\/ambulator\u0101 pacienta medic\u012bnisk\u0101s kartes (veidlapa Nr.027\/u)1;&nbsp;<\/em><\/li>\n\n\n\n<li><em>ja attiecin\u0101ms &#8211; invalidit\u0101tes apliec\u012bbas kopija (uzr\u0101dot ori\u0123in\u0101lu);&nbsp;<\/em><\/li>\n\n\n\n<li><em>ja attiecin\u0101ms &#8211; b\u0101re\u0146a apliec\u012bbas kopija (uzr\u0101dot ori\u0123in\u0101lu);&nbsp;<\/em><\/li>\n\n\n\n<li><em>ja attiecin\u0101ms -izzi\u0146a par tr\u016bc\u012bgas vai maznodro\u0161in\u0101tas m\u0101jsaimniec\u012bbas statusu kopija (uzr\u0101dot ori\u0123in\u0101lu);&nbsp;<\/em><\/li>\n\n\n\n<li><em>ja attiecin\u0101ms &#8211; apliec\u012bba \u201cGoda \u0123imene&#8221; vai &#8220;3+ \u0122imenes karte&#8221; kopija (uzr\u0101dot ori\u0123in\u0101lu).&nbsp;<\/em><\/li>\n<\/ul>\n\n\n<style>.wp-block-kadence-spacer.kt-block-spacer-298_242ad6-9b .kt-block-spacer{height:60px;}.wp-block-kadence-spacer.kt-block-spacer-298_242ad6-9b .kt-divider{border-top-width:1px;height:1px;border-top-color:#eee;width:80%;border-top-style:solid;}<\/style>\n<div class=\"wp-block-kadence-spacer aligncenter kt-block-spacer-298_242ad6-9b\"><div class=\"kt-block-spacer kt-block-spacer-halign-center\"><hr class=\"kt-divider\" \/><\/div><\/div>\n\n\n<style>.wp-block-kadence-column.kb-section-dir-horizontal > .kt-inside-inner-col > .kt-info-box298_1e32a3-d0 .kt-blocks-info-box-link-wrap{max-width:unset;}.kt-info-box298_1e32a3-d0 .kt-blocks-info-box-link-wrap{padding-top:var(--global-kb-spacing-xs, 1rem);padding-right:var(--global-kb-spacing-xs, 1rem);padding-bottom:var(--global-kb-spacing-xs, 1rem);padding-left:var(--global-kb-spacing-xs, 1rem);}.kt-info-box298_1e32a3-d0 .kadence-info-box-icon-container .kt-info-svg-icon, .kt-info-box298_1e32a3-d0 .kt-info-svg-icon-flip, .kt-info-box298_1e32a3-d0 .kt-blocks-info-box-number{font-size:50px;}.kt-info-box298_1e32a3-d0 .kt-blocks-info-box-media{border-top-width:0px;border-right-width:0px;border-bottom-width:0px;border-left-width:0px;padding-top:10px;padding-right:10px;padding-bottom:10px;padding-left:10px;}.kt-info-box298_1e32a3-d0 .kt-blocks-info-box-media-container{margin-top:0px;margin-right:15px;margin-bottom:0px;margin-left:15px;}.kt-info-box298_1e32a3-d0 .kt-blocks-info-box-learnmore{background:transparent;border-width:0px 0px 0px 0px;padding-top:4px;padding-right:8px;padding-bottom:4px;padding-left:8px;margin-top:10px;margin-right:0px;margin-bottom:10px;margin-left:0px;}<\/style>\n<div class=\"wp-block-kadence-infobox kt-info-box298_1e32a3-d0\"><span class=\"kt-blocks-info-box-link-wrap info-box-link kt-blocks-info-box-media-align-top kt-info-halign-center\"><div class=\"kt-blocks-info-box-media-container\"><div class=\"kt-blocks-info-box-media kt-info-media-animate-none\"><div class=\"kadence-info-box-icon-container kt-info-icon-animate-none\"><div class=\"kadence-info-box-icon-inner-container\"><span class=\"kb-svg-icon-wrap kb-svg-icon-fe_aperture kt-info-svg-icon\"><svg viewBox=\"0 0 24 24\"  fill=\"none\" stroke=\"currentColor\" stroke-width=\"2\" stroke-linecap=\"round\" stroke-linejoin=\"round\" xmlns=\"http:\/\/www.w3.org\/2000\/svg\"  aria-hidden=\"true\"><circle cx=\"12\" cy=\"12\" r=\"10\"\/><line x1=\"14.31\" y1=\"8\" x2=\"20.05\" y2=\"17.94\"\/><line x1=\"9.69\" y1=\"8\" x2=\"21.17\" y2=\"8\"\/><line x1=\"7.38\" y1=\"12\" x2=\"13.12\" y2=\"2.06\"\/><line x1=\"9.69\" y1=\"16\" x2=\"3.95\" y2=\"6.06\"\/><line x1=\"14.31\" y1=\"16\" x2=\"2.83\" y2=\"16\"\/><line x1=\"16.62\" y1=\"12\" x2=\"10.88\" y2=\"21.94\"\/><\/svg><\/span><\/div><\/div><\/div><\/div><div class=\"kt-infobox-textcontent\"><h2 class=\"kt-blocks-info-box-title\"><strong>VDMV intere\u0161u&nbsp;izgl\u012bt\u012bbas programmas (ilgst 1 gadu)<\/strong><\/h2><p class=\"kt-blocks-info-box-text\"><strong>M\u0101kslas pulci\u0146i pirmskolas un skolas vecuma b\u0113rniem<\/strong><\/p><\/div><\/span><\/div>\n\n\n\n<p><strong>VDMV pied\u0101v\u0101:<\/strong><\/p>\n\n\n\n<ul class=\"wp-block-list\">\n<li>Rado\u0161\u0101s m\u0101kslas ABC( pirmsskolas vecuma b\u0113rniem 5-6 g.v.)<\/li>\n\n\n\n<li>Vizu\u0101l\u0101s m\u0101kslas un dizaina darbn\u012bcas ( 1.-2.kl., 3.-4. kl., 5.-6.kl. b\u0113rniem)<\/li>\n\n\n\n<li>Veido\u0161ana &#8211; no pap\u012bra l\u012bdz m\u0101lam (1.-5.kl. b\u0113rniem)<\/li>\n\n\n\n<li>Z\u012bm\u0113\u0161anas un glezno\u0161anas darbn\u012bcas (7.-12. kl. jaunie\u0161iem)<\/li>\n\n\n\n<li>Arhitekt\u016bras pamati ( 9.-12.kl. jaunie\u0161iem)<\/li>\n<\/ul>\n\n\n\n<p><strong><em>Lai iest\u0101tos Valmieras Dizaina un m\u0101kslas vidusskol\u0101 (VDMV) intere\u0161u izgl\u012bt\u012bbas programm\u0101s, nepiecie\u0161ams iesniegt \u0161\u0101dus dokumentus:<\/em><\/strong><\/p>\n\n\n\n<ul class=\"wp-block-list\">\n<li><em>iesniegums<\/em>;<\/li>\n\n\n\n<li><em>ja attiecin\u0101ms &#8211; invalidit\u0101tes apliec\u012bbas kopija (uzr\u0101dot ori\u0123in\u0101lu);&nbsp;<\/em><\/li>\n\n\n\n<li><em>ja attiecin\u0101ms &#8211; b\u0101re\u0146a apliec\u012bbas kopija (uzr\u0101dot ori\u0123in\u0101lu);&nbsp;<\/em><\/li>\n\n\n\n<li><em>ja attiecin\u0101ms &#8211; izzi\u0146a par tr\u016bc\u012bgas vai maznodro\u0161in\u0101tas m\u0101jsaimniec\u012bbas statusu kopija (uzr\u0101dot ori\u0123in\u0101lu);&nbsp;<\/em><\/li>\n\n\n\n<li><em>ja attiecin\u0101ms &#8211; apliec\u012bba \u201cGoda \u0123imene&#8221; vai &#8220;3+ \u0122imenes karte&#8221; kopija (uzr\u0101dot ori\u0123in\u0101lu).&nbsp;<\/em><\/li>\n<\/ul>\n\n\n<style>.wp-block-kadence-spacer.kt-block-spacer-298_7209dc-41 .kt-block-spacer{height:60px;}.wp-block-kadence-spacer.kt-block-spacer-298_7209dc-41 .kt-divider{border-top-width:1px;height:1px;border-top-color:#eee;width:80%;border-top-style:solid;}<\/style>\n<div class=\"wp-block-kadence-spacer aligncenter kt-block-spacer-298_7209dc-41\"><div class=\"kt-block-spacer kt-block-spacer-halign-center\"><hr class=\"kt-divider\" \/><\/div><\/div>\n\n\n\n<p><strong>Papildu inform\u0101cija<\/strong><\/p>\n\n\n\n<p>Lai ieg\u016btu s\u012bk\u0101ku inform\u0101ciju vai uzdotu jaut\u0101jumus, aicin\u0101m sazin\u0101ties ar skolu:<\/p>\n\n\n\n<ul class=\"wp-block-list\">\n<li>T\u0101lrunis: 64207362<\/li>\n\n\n\n<li>E-pasts: vdmv@valmiera.edu.lv<\/li>\n<\/ul>\n\n\n\n<p><em>Noteikumi par uz\u0146em\u0161anu, p\u0101rcel\u0161anu un atskait\u012b\u0161anu \u2013 2.,3. pielikums<\/em><\/p>\n\n\n\n<p><strong><em>IESNIEGUMU VEIDLAPAS UZ\u0145EM\u0160ANAI VDMV :<\/em><\/strong><\/p>\n\n\n\n<div class=\"wp-block-file\"><a id=\"wp-block-file--media-54267dbe-f5a9-493b-a922-1bd7ea69df32\" href=\"https:\/\/izglitiba.valmierasnovads.lv\/vdmv\/wp-content\/uploads\/sites\/33\/2025\/07\/2.pielikums_Iesniegums-par-uznemsanu-profesionalas-ievirzes-izglitiba-1.docx\">2.pielikums_Iesniegums par uz\u0146em\u0161anu profesion\u0101l\u0101s ievirzes izgl\u012bt\u012bb\u0101<\/a><a href=\"https:\/\/izglitiba.valmierasnovads.lv\/vdmv\/wp-content\/uploads\/sites\/33\/2025\/07\/2.pielikums_Iesniegums-par-uznemsanu-profesionalas-ievirzes-izglitiba-1.docx\" class=\"wp-block-file__button wp-element-button\" download aria-describedby=\"wp-block-file--media-54267dbe-f5a9-493b-a922-1bd7ea69df32\">Lejupiel\u0101d\u0113t<\/a><\/div>\n\n\n\n<div class=\"wp-block-file\"><a id=\"wp-block-file--media-cc98df53-e1dd-4fd6-99e3-8cd491043763\" href=\"https:\/\/izglitiba.valmierasnovads.lv\/vdmv\/wp-content\/uploads\/sites\/33\/2025\/07\/3.pielikums_Iesniegums-par-uznemsanu-interesu-izglitiba-1.docx\">3.pielikums_Iesniegums par uz\u0146em\u0161anu intere\u0161u izgl\u012bt\u012bb\u0101<\/a><a href=\"https:\/\/izglitiba.valmierasnovads.lv\/vdmv\/wp-content\/uploads\/sites\/33\/2025\/07\/3.pielikums_Iesniegums-par-uznemsanu-interesu-izglitiba-1.docx\" class=\"wp-block-file__button wp-element-button\" download aria-describedby=\"wp-block-file--media-cc98df53-e1dd-4fd6-99e3-8cd491043763\">Lejupiel\u0101d\u0113t<\/a><\/div>\n\n\n\n<p><\/p>\n","protected":false},"excerpt":{"rendered":"<p>!!! UZ\u0145EM\u0160ANA PROFESION\u0100L\u0100S VID\u0112J\u0100S IZGL\u012aT\u012aBAS PROGRAMM\u0100S IR NOSL\u0112GUSIES! UZ\u0145EM\u0160ANAS REZULT\u0100TI Papilduz\u0146em\u0161ana PROFESION\u0100LAJ\u0100 IEVIRZ\u0112 un INTERE\u0160U IZGL\u012aT\u012aB\u0100 Dokumentu pie\u0146em\u0161ana notiek no [&hellip;]<\/p>\n","protected":false},"author":38,"featured_media":0,"parent":0,"menu_order":0,"comment_status":"closed","ping_status":"closed","template":"","meta":{"_acf_changed":false,"site-sidebar-layout":"default","site-content-layout":"","ast-site-content-layout":"default","site-content-style":"default","site-sidebar-style":"default","ast-global-header-display":"","ast-banner-title-visibility":"","ast-main-header-display":"","ast-hfb-above-header-display":"","ast-hfb-below-header-display":"","ast-hfb-mobile-header-display":"","site-post-title":"","ast-breadcrumbs-content":"","ast-featured-img":"","footer-sml-layout":"","ast-disable-related-posts":"","theme-transparent-header-meta":"","adv-header-id-meta":"","stick-header-meta":"","header-above-stick-meta":"","header-main-stick-meta":"","header-below-stick-meta":"","astra-migrate-meta-layouts":"default","ast-page-background-enabled":"default","ast-page-background-meta":{"desktop":{"background-color":"var(--ast-global-color-5)","background-image":"","background-repeat":"repeat","background-position":"center center","background-size":"auto","background-attachment":"scroll","background-type":"","background-media":"","overlay-type":"","overlay-color":"","overlay-opacity":"","overlay-gradient":""},"tablet":{"background-color":"","background-image":"","background-repeat":"repeat","background-position":"center center","background-size":"auto","background-attachment":"scroll","background-type":"","background-media":"","overlay-type":"","overlay-color":"","overlay-opacity":"","overlay-gradient":""},"mobile":{"background-color":"","background-image":"","background-repeat":"repeat","background-position":"center center","background-size":"auto","background-attachment":"scroll","background-type":"","background-media":"","overlay-type":"","overlay-color":"","overlay-opacity":"","overlay-gradient":""}},"ast-content-background-meta":{"desktop":{"background-color":"var(--ast-global-color-4)","background-image":"","background-repeat":"repeat","background-position":"center center","background-size":"auto","background-attachment":"scroll","background-type":"","background-media":"","overlay-type":"","overlay-color":"","overlay-opacity":"","overlay-gradient":""},"tablet":{"background-color":"var(--ast-global-color-4)","background-image":"","background-repeat":"repeat","background-position":"center center","background-size":"auto","background-attachment":"scroll","background-type":"","background-media":"","overlay-type":"","overlay-color":"","overlay-opacity":"","overlay-gradient":""},"mobile":{"background-color":"var(--ast-global-color-4)","background-image":"","background-repeat":"repeat","background-position":"center center","background-size":"auto","background-attachment":"scroll","background-type":"","background-media":"","overlay-type":"","overlay-color":"","overlay-opacity":"","overlay-gradient":""}},"footnotes":""},"class_list":["post-298","page","type-page","status-publish","hentry"],"acf":[],"yoast_head":"<!-- This site is optimized with the Yoast SEO plugin v27.0 - https:\/\/yoast.com\/product\/yoast-seo-wordpress\/ -->\n<title>Papilduz\u0146em\u0161ana -<\/title>\n<meta name=\"robots\" content=\"index, follow, max-snippet:-1, max-image-preview:large, max-video-preview:-1\" \/>\n<link rel=\"canonical\" href=\"https:\/\/izglitiba.valmierasnovads.lv\/vdmv\/papilduznemsana\/\" \/>\n<meta property=\"og:locale\" content=\"lv_LV\" \/>\n<meta property=\"og:type\" content=\"article\" \/>\n<meta property=\"og:title\" content=\"Papilduz\u0146em\u0161ana -\" \/>\n<meta property=\"og:description\" content=\"!!! UZ\u0145EM\u0160ANA PROFESION\u0100L\u0100S VID\u0112J\u0100S IZGL\u012aT\u012aBAS PROGRAMM\u0100S IR NOSL\u0112GUSIES! UZ\u0145EM\u0160ANAS REZULT\u0100TI Papilduz\u0146em\u0161ana PROFESION\u0100LAJ\u0100 IEVIRZ\u0112 un INTERE\u0160U IZGL\u012aT\u012aB\u0100 Dokumentu pie\u0146em\u0161ana notiek no [&hellip;]\" \/>\n<meta property=\"og:url\" content=\"https:\/\/izglitiba.valmierasnovads.lv\/vdmv\/papilduznemsana\/\" \/>\n<meta property=\"article:modified_time\" content=\"2025-07-28T13:38:57+00:00\" \/>\n<meta name=\"twitter:card\" content=\"summary_large_image\" \/>\n<meta name=\"twitter:label1\" content=\"Est. reading time\" \/>\n\t<meta name=\"twitter:data1\" content=\"2 min\u016btes\" \/>\n<script type=\"application\/ld+json\" class=\"yoast-schema-graph\">{\"@context\":\"https:\/\/schema.org\",\"@graph\":[{\"@type\":\"WebPage\",\"@id\":\"https:\/\/izglitiba.valmierasnovads.lv\/vdmv\/papilduznemsana\/\",\"url\":\"https:\/\/izglitiba.valmierasnovads.lv\/vdmv\/papilduznemsana\/\",\"name\":\"Papilduz\u0146em\u0161ana -\",\"isPartOf\":{\"@id\":\"https:\/\/izglitiba.valmierasnovads.lv\/vdmv\/#website\"},\"datePublished\":\"2025-07-09T12:25:46+00:00\",\"dateModified\":\"2025-07-28T13:38:57+00:00\",\"breadcrumb\":{\"@id\":\"https:\/\/izglitiba.valmierasnovads.lv\/vdmv\/papilduznemsana\/#breadcrumb\"},\"inLanguage\":\"lv-LV\",\"potentialAction\":[{\"@type\":\"ReadAction\",\"target\":[\"https:\/\/izglitiba.valmierasnovads.lv\/vdmv\/papilduznemsana\/\"]}]},{\"@type\":\"BreadcrumbList\",\"@id\":\"https:\/\/izglitiba.valmierasnovads.lv\/vdmv\/papilduznemsana\/#breadcrumb\",\"itemListElement\":[{\"@type\":\"ListItem\",\"position\":1,\"name\":\"Home\",\"item\":\"https:\/\/izglitiba.valmierasnovads.lv\/vdmv\/\"},{\"@type\":\"ListItem\",\"position\":2,\"name\":\"Papilduz\u0146em\u0161ana\"}]},{\"@type\":\"WebSite\",\"@id\":\"https:\/\/izglitiba.valmierasnovads.lv\/vdmv\/#website\",\"url\":\"https:\/\/izglitiba.valmierasnovads.lv\/vdmv\/\",\"name\":\"\",\"description\":\"\",\"potentialAction\":[{\"@type\":\"SearchAction\",\"target\":{\"@type\":\"EntryPoint\",\"urlTemplate\":\"https:\/\/izglitiba.valmierasnovads.lv\/vdmv\/?s={search_term_string}\"},\"query-input\":{\"@type\":\"PropertyValueSpecification\",\"valueRequired\":true,\"valueName\":\"search_term_string\"}}],\"inLanguage\":\"lv-LV\"}]}<\/script>\n<!-- \/ Yoast SEO plugin. -->","yoast_head_json":{"title":"Papilduz\u0146em\u0161ana -","robots":{"index":"index","follow":"follow","max-snippet":"max-snippet:-1","max-image-preview":"max-image-preview:large","max-video-preview":"max-video-preview:-1"},"canonical":"https:\/\/izglitiba.valmierasnovads.lv\/vdmv\/papilduznemsana\/","og_locale":"lv_LV","og_type":"article","og_title":"Papilduz\u0146em\u0161ana -","og_description":"!!! UZ\u0145EM\u0160ANA PROFESION\u0100L\u0100S VID\u0112J\u0100S IZGL\u012aT\u012aBAS PROGRAMM\u0100S IR NOSL\u0112GUSIES! UZ\u0145EM\u0160ANAS REZULT\u0100TI Papilduz\u0146em\u0161ana PROFESION\u0100LAJ\u0100 IEVIRZ\u0112 un INTERE\u0160U IZGL\u012aT\u012aB\u0100 Dokumentu pie\u0146em\u0161ana notiek no [&hellip;]","og_url":"https:\/\/izglitiba.valmierasnovads.lv\/vdmv\/papilduznemsana\/","article_modified_time":"2025-07-28T13:38:57+00:00","twitter_card":"summary_large_image","twitter_misc":{"Est. reading time":"2 min\u016btes"},"schema":{"@context":"https:\/\/schema.org","@graph":[{"@type":"WebPage","@id":"https:\/\/izglitiba.valmierasnovads.lv\/vdmv\/papilduznemsana\/","url":"https:\/\/izglitiba.valmierasnovads.lv\/vdmv\/papilduznemsana\/","name":"Papilduz\u0146em\u0161ana -","isPartOf":{"@id":"https:\/\/izglitiba.valmierasnovads.lv\/vdmv\/#website"},"datePublished":"2025-07-09T12:25:46+00:00","dateModified":"2025-07-28T13:38:57+00:00","breadcrumb":{"@id":"https:\/\/izglitiba.valmierasnovads.lv\/vdmv\/papilduznemsana\/#breadcrumb"},"inLanguage":"lv-LV","potentialAction":[{"@type":"ReadAction","target":["https:\/\/izglitiba.valmierasnovads.lv\/vdmv\/papilduznemsana\/"]}]},{"@type":"BreadcrumbList","@id":"https:\/\/izglitiba.valmierasnovads.lv\/vdmv\/papilduznemsana\/#breadcrumb","itemListElement":[{"@type":"ListItem","position":1,"name":"Home","item":"https:\/\/izglitiba.valmierasnovads.lv\/vdmv\/"},{"@type":"ListItem","position":2,"name":"Papilduz\u0146em\u0161ana"}]},{"@type":"WebSite","@id":"https:\/\/izglitiba.valmierasnovads.lv\/vdmv\/#website","url":"https:\/\/izglitiba.valmierasnovads.lv\/vdmv\/","name":"","description":"","potentialAction":[{"@type":"SearchAction","target":{"@type":"EntryPoint","urlTemplate":"https:\/\/izglitiba.valmierasnovads.lv\/vdmv\/?s={search_term_string}"},"query-input":{"@type":"PropertyValueSpecification","valueRequired":true,"valueName":"search_term_string"}}],"inLanguage":"lv-LV"}]}},"_links":{"self":[{"href":"https:\/\/izglitiba.valmierasnovads.lv\/vdmv\/wp-json\/wp\/v2\/pages\/298","targetHints":{"allow":["GET"]}}],"collection":[{"href":"https:\/\/izglitiba.valmierasnovads.lv\/vdmv\/wp-json\/wp\/v2\/pages"}],"about":[{"href":"https:\/\/izglitiba.valmierasnovads.lv\/vdmv\/wp-json\/wp\/v2\/types\/page"}],"author":[{"embeddable":true,"href":"https:\/\/izglitiba.valmierasnovads.lv\/vdmv\/wp-json\/wp\/v2\/users\/38"}],"replies":[{"embeddable":true,"href":"https:\/\/izglitiba.valmierasnovads.lv\/vdmv\/wp-json\/wp\/v2\/comments?post=298"}],"version-history":[{"count":15,"href":"https:\/\/izglitiba.valmierasnovads.lv\/vdmv\/wp-json\/wp\/v2\/pages\/298\/revisions"}],"predecessor-version":[{"id":813,"href":"https:\/\/izglitiba.valmierasnovads.lv\/vdmv\/wp-json\/wp\/v2\/pages\/298\/revisions\/813"}],"wp:attachment":[{"href":"https:\/\/izglitiba.valmierasnovads.lv\/vdmv\/wp-json\/wp\/v2\/media?parent=298"}],"curies":[{"name":"wp","href":"https:\/\/api.w.org\/{rel}","templated":true}]}}