{"id":341,"date":"2025-07-10T12:56:40","date_gmt":"2025-07-10T09:56:40","guid":{"rendered":"https:\/\/izglitiba.valmierasnovads.lv\/vdmv\/?page_id=341"},"modified":"2025-10-13T23:07:39","modified_gmt":"2025-10-13T20:07:39","slug":"par-skolu","status":"publish","type":"page","link":"https:\/\/izglitiba.valmierasnovads.lv\/vdmv\/par-skolu\/","title":{"rendered":"Par skolu"},"content":{"rendered":"\n<p><strong>Valmieras Dizaina un m\u0101kslas vidusskola (VDMV)<\/strong>&nbsp;ir akredit\u0113ta pa\u0161vald\u012bbas m\u0101kslas un dizaina izgl\u012bt\u012bbas iest\u0101de, kas \u012bsteno licenc\u0113tas un akredit\u0113tas izgl\u012bt\u012bbas programmas.&nbsp;<\/p>\n\n\n\n<p>Profesion\u0101l\u0101 vid\u0113j\u0101 izgl\u012bt\u012bba skol\u0101 tiek \u012bstenota jau no 1992.gada un veidota uz B\u0113rnu m\u0101kslas skolas b\u0101zes, kas past\u0101v jau no 1976.gada. 2016.gad\u0101 skola svin\u0113ja 40 gadu jubileju. L\u012bdz ar to gan programmas, gan metodikas ir trad\u012bcij\u0101s balst\u012btas un p\u0101rbaud\u012btas, un mijas ar m\u016bsdienu jaunin\u0101jumiem un tehnolo\u0123ij\u0101m, jo sekojam l\u012bdzi tendenc\u0113m dizaina un m\u0101kslas nozar\u0113s.&nbsp;<\/p>\n\n\n\n<p>Skol\u0101 tiek \u012bstenotas gan&nbsp;<strong><a href=\"https:\/\/izglitiba.valmierasnovads.lv\/vdmv\/profesionalas-ievirzes-izglitibas-programmas\/\">profesion\u0101l\u0101s ievirzes<\/a><\/strong>, gan&nbsp;<strong><a href=\"https:\/\/izglitiba.valmierasnovads.lv\/vdmv\/profesionalas-videjas-izglitibas-programmas\/\">profesion\u0101l\u0101s izgl\u012bt\u012bbas<\/a><\/strong>, gan&nbsp;<strong><a href=\"https:\/\/izglitiba.valmierasnovads.lv\/vdmv\/interesu-izglitibas-programmas\/\">intere\u0161u izgl\u012bt\u012bbas<\/a><\/strong>&nbsp;programmas.&nbsp;<\/p>\n\n\n\n<p>Sadarb\u012bb\u0101 ar biedr\u012bbu &#8220;Vidzemes m\u0101kslas izgl\u012bt\u012bbas att\u012bst\u012bbas centrs&#8221; tiek organiz\u0113tas licenc\u0113tas neform\u0101l\u0101s izgl\u012bt\u012bbas programmas&nbsp;<strong><a href=\"https:\/\/izglitiba.valmierasnovads.lv\/vdmv\/kursi-pieaugusajiem\/\">kursi pieaugu\u0161ajiem<\/a><\/strong>.<\/p>\n\n\n\n<p>Izgl\u012bt\u012bbas iest\u0101des darb\u012bbas vado\u0161\u0101 ideja ir \u2013 KVALITAT\u012aVA M\u0100KSLAS UN DIZAINA IZGL\u012aT\u012aBA VISA M\u016a\u017dA GARUM\u0100, bet m\u0113r\u0137is \u2013 veidot izgl\u012bt\u012bbai labv\u0113l\u012bgu vidi, organiz\u0113t un \u012bstenot izgl\u012bt\u012bbas procesu, kas nodro\u0161ina profesion\u0101l\u0101s vid\u0113j\u0101s izgl\u012bt\u012bbas standartos un programm\u0101s, profesion\u0101l\u0101s ievirzes un intere\u0161u izgl\u012bt\u012bbas programm\u0101s un normat\u012bvajos aktos noteikto dizaina un m\u0101kslas nozares profesion\u0101l\u0101s izgl\u012bt\u012bbas m\u0113r\u0137u sasnieg\u0161anu.<\/p>\n\n\n\n<p>Izgl\u012bt\u012bbas iest\u0101des darb\u012bbas pamatvirziens ir izgl\u012btojo\u0161a un audzino\u0161a darb\u012bba profesion\u0101l\u0101s izgl\u012bt\u012bbas programmu \u012bsteno\u0161anai dizaina un m\u0101kslas nozar\u0113, ar m\u0113r\u0137i sagatavot izgl\u012btojamos darbam noteikt\u0101 profesij\u0101, veicin\u0101t zin\u0101\u0161anu un prasmju apguvi, attieksmju veido\u0161anos, kas sekm\u0113 izgl\u012btojam\u0101 konkur\u0113tsp\u0113ju main\u012bgos soci\u0101lekonomiskajos apst\u0101k\u013cos.<\/p>\n\n\n<style>.wp-block-kadence-advancedgallery.kb-gallery-wrap-id-341_a5cf4d-b8{overflow:hidden;}.kb-gallery-id-341_a5cf4d-b8 .kadence-blocks-gallery-item .kb-gal-image-radius, .kb-gallery-id-341_a5cf4d-b8 .kb-slide-item .kb-gal-image-radius img{border-radius:0px 0px 0px 0px;;}.kb-gallery-wrap-id-341_a5cf4d-b8.wp-block-kadence-advancedgallery{overflow:visible;}.kb-gallery-wrap-id-341_a5cf4d-b8.wp-block-kadence-advancedgallery .kt-blocks-carousel{overflow:visible;}<\/style><div class=\"kb-gallery-wrap-id-341_a5cf4d-b8 alignnone wp-block-kadence-advancedgallery\"><div class=\"kb-gallery-ul kb-gallery-non-static kb-gallery-type-carousel kb-gallery-id-341_a5cf4d-b8 kb-gallery-caption-style-bottom-hover kb-gallery-filter-none\" data-image-filter=\"none\" data-lightbox-caption=\"true\"><div class=\"kt-blocks-carousel splide kt-carousel-container-dotstyle-dark kt-carousel-arrowstyle-whiteondark kt-carousel-dotstyle-dark kb-slider-group-arrow kb-slider-arrow-position-center\" data-columns-xxl=\"3\" data-columns-xl=\"3\" data-columns-md=\"3\" data-columns-sm=\"2\" data-columns-xs=\"1\" data-columns-ss=\"1\" data-slider-anim-speed=\"400\" data-slider-scroll=\"1\" data-slider-arrows=\"true\" data-slider-dots=\"true\" data-slider-hover-pause=\"false\" data-slider-auto=\"\" data-slider-speed=\"7000\" data-slider-gap=\"10px\" data-slider-gap-tablet=\"10px\" data-slider-gap-mobile=\"10px\" data-show-pause-button=\"false\" data-slider-label=\"Photo Gallery Carousel\"><div class=\"splide__track\"><ul class=\"kt-blocks-carousel-init kb-gallery-carousel splide__list\"><li class=\"kb-slide-item kb-gallery-carousel-item splide__slide\"><div class=\"kadence-blocks-gallery-item\"><div class=\"kadence-blocks-gallery-item-inner\"><figure class=\"kb-gallery-figure kadence-blocks-gallery-item-hide-caption\"><div class=\"kb-gal-image-radius\"><div class=\"kb-gallery-image-contain kadence-blocks-gallery-intrinsic kb-gallery-image-ratio-land32 kb-has-image-ratio-land32\" ><img loading=\"lazy\" decoding=\"async\" src=\"https:\/\/izglitiba.valmierasnovads.lv\/vdmv\/wp-content\/uploads\/sites\/33\/2025\/07\/600x400_2.jpg\" width=\"600\" height=\"400\" alt=\"\" data-full-image=\"https:\/\/izglitiba.valmierasnovads.lv\/vdmv\/wp-content\/uploads\/sites\/33\/2025\/07\/600x400_2.jpg\" data-light-image=\"https:\/\/izglitiba.valmierasnovads.lv\/vdmv\/wp-content\/uploads\/sites\/33\/2025\/07\/600x400_2.jpg\" data-id=\"346\" class=\"wp-image-346 skip-lazy\" srcset=\"https:\/\/izglitiba.valmierasnovads.lv\/vdmv\/wp-content\/uploads\/sites\/33\/2025\/07\/600x400_2.jpg 600w, https:\/\/izglitiba.valmierasnovads.lv\/vdmv\/wp-content\/uploads\/sites\/33\/2025\/07\/600x400_2-300x200.jpg 300w\" sizes=\"auto, (max-width: 600px) 100vw, 600px\" \/><\/div><\/div><\/figure><\/div><\/div><\/li><li class=\"kb-slide-item kb-gallery-carousel-item splide__slide\"><div class=\"kadence-blocks-gallery-item\"><div class=\"kadence-blocks-gallery-item-inner\"><figure class=\"kb-gallery-figure kadence-blocks-gallery-item-hide-caption\"><div class=\"kb-gal-image-radius\"><div class=\"kb-gallery-image-contain kadence-blocks-gallery-intrinsic kb-gallery-image-ratio-land32 kb-has-image-ratio-land32\" ><img loading=\"lazy\" decoding=\"async\" src=\"https:\/\/izglitiba.valmierasnovads.lv\/vdmv\/wp-content\/uploads\/sites\/33\/2025\/07\/600x400_3.jpg\" width=\"599\" height=\"400\" alt=\"\" data-full-image=\"https:\/\/izglitiba.valmierasnovads.lv\/vdmv\/wp-content\/uploads\/sites\/33\/2025\/07\/600x400_3.jpg\" data-light-image=\"https:\/\/izglitiba.valmierasnovads.lv\/vdmv\/wp-content\/uploads\/sites\/33\/2025\/07\/600x400_3.jpg\" data-id=\"347\" class=\"wp-image-347 skip-lazy\" srcset=\"https:\/\/izglitiba.valmierasnovads.lv\/vdmv\/wp-content\/uploads\/sites\/33\/2025\/07\/600x400_3.jpg 599w, https:\/\/izglitiba.valmierasnovads.lv\/vdmv\/wp-content\/uploads\/sites\/33\/2025\/07\/600x400_3-300x200.jpg 300w\" sizes=\"auto, (max-width: 599px) 100vw, 599px\" \/><\/div><\/div><\/figure><\/div><\/div><\/li><li class=\"kb-slide-item kb-gallery-carousel-item splide__slide\"><div class=\"kadence-blocks-gallery-item\"><div class=\"kadence-blocks-gallery-item-inner\"><figure class=\"kb-gallery-figure kadence-blocks-gallery-item-hide-caption\"><div class=\"kb-gal-image-radius\"><div class=\"kb-gallery-image-contain kadence-blocks-gallery-intrinsic kb-gallery-image-ratio-land32 kb-has-image-ratio-land32\" ><img loading=\"lazy\" decoding=\"async\" src=\"https:\/\/izglitiba.valmierasnovads.lv\/vdmv\/wp-content\/uploads\/sites\/33\/2025\/07\/600x400_1-1.png\" width=\"600\" height=\"400\" alt=\"\" data-full-image=\"https:\/\/izglitiba.valmierasnovads.lv\/vdmv\/wp-content\/uploads\/sites\/33\/2025\/07\/600x400_1-1.png\" data-light-image=\"https:\/\/izglitiba.valmierasnovads.lv\/vdmv\/wp-content\/uploads\/sites\/33\/2025\/07\/600x400_1-1.png\" data-id=\"345\" class=\"wp-image-345 skip-lazy\" srcset=\"https:\/\/izglitiba.valmierasnovads.lv\/vdmv\/wp-content\/uploads\/sites\/33\/2025\/07\/600x400_1-1.png 600w, https:\/\/izglitiba.valmierasnovads.lv\/vdmv\/wp-content\/uploads\/sites\/33\/2025\/07\/600x400_1-1-300x200.png 300w\" sizes=\"auto, (max-width: 600px) 100vw, 600px\" \/><\/div><\/div><\/figure><\/div><\/div><\/li><\/ul><\/div><\/div><\/div><\/div>\n\n\n<h2 class=\"wp-block-heading\">Darbinieki<\/h2>\n\n\n    <div class=\"employee-data\">\n        <div class=\"item\"><div class=\"item-image\"><img decoding=\"async\" src=\"https:\/\/izglitiba.valmierasnovads.lv\/vdmv\/wp-content\/uploads\/sites\/33\/2025\/10\/VDMV_kolegi_kvadr.-1.jpg\" alt=\"Inguna Ozola\" \/><\/div><div class=\"item-data\"><div class=\"name\">Ing\u016bna B\u0113ni\u0146a<\/div><div class=\"position\">Direktora vietniece izgl\u012bt\u012bbas jom\u0101 un direktora pien\u0101kumu izpild\u012bt\u0101ja<\/div><div class=\"email\">inguna.benina@valmiera.edu.lv<\/div><div class=\"phone\">+371 64207362<\/div><\/div><\/div><div class=\"item\"><div class=\"item-image\"><img decoding=\"async\" src=\"https:\/\/izglitiba.valmierasnovads.lv\/vdmv\/wp-content\/uploads\/sites\/33\/2025\/10\/VDMV_kolegi_kvadr.-25.jpg\" alt=\"Inese Andersone\" \/><\/div><div class=\"item-data\"><div class=\"name\">Inese Andersone<\/div><div class=\"position\">Direktora vietniece izgl\u012bt\u012bbas (audzin\u0101\u0161anas) jom\u0101, profesion\u0101l\u0101s izgl\u012bt\u012bbas pedago\u0123e<\/div><div class=\"email\">inese.andersone@valmiera.edu.lv<\/div><div class=\"phone\">+371 64207362<\/div><\/div><\/div><div class=\"item\"><div class=\"item-image\"><img decoding=\"async\" src=\"https:\/\/izglitiba.valmierasnovads.lv\/vdmv\/wp-content\/uploads\/sites\/33\/2025\/10\/1.jpg\" alt=\"Indra Spu\u0146\u0123e\" \/><\/div><div class=\"item-data\"><div class=\"name\">Indra Spu\u0146\u0123e<\/div><div class=\"position\">Direktora vietniece (metodiskaj\u0101) jom\u0101<\/div><div class=\"email\">indra.spunge@valmiera.edu.lv<\/div><div class=\"phone\">+371 64207362<\/div><\/div><\/div><div class=\"item\"><div class=\"item-image\"><img decoding=\"async\" src=\"https:\/\/izglitiba.valmierasnovads.lv\/vdmv\/wp-content\/uploads\/sites\/33\/2025\/10\/1-1.jpg\" alt=\"Ineta Martinsone\" \/><\/div><div class=\"item-data\"><div class=\"name\">Ineta Martinsone<\/div><div class=\"position\">Izgl\u012bt\u012bbas metodi\u0137e<\/div><div class=\"email\">ineta.martinsone@valmiera.edu.lv<\/div><div class=\"phone\">+371 64207362<\/div><\/div><\/div><div class=\"item\"><div class=\"item-image\"><img decoding=\"async\" src=\"https:\/\/izglitiba.valmierasnovads.lv\/vdmv\/wp-content\/uploads\/sites\/33\/2025\/10\/2.jpg\" alt=\"Aldis B\u0113rzi\u0146\u0161\" \/><\/div><div class=\"item-data\"><div class=\"name\">Aldis B\u0113rzi\u0146\u0161<\/div><div class=\"position\">Direktora vietnieks administrat\u012bvi saimnieciskaj\u0101 darb\u0101<\/div><div class=\"email\">aldis.berzins@valmiera.edu.lv<\/div><div class=\"phone\">+371 64207362<\/div><\/div><\/div><div class=\"item\"><div class=\"item-image\"><img decoding=\"async\" src=\"https:\/\/izglitiba.valmierasnovads.lv\/vdmv\/wp-content\/uploads\/sites\/33\/2025\/10\/VDMV_kolegi_kvadr.-3.jpg\" alt=\"Dita Melgalve\" \/><\/div><div class=\"item-data\"><div class=\"name\">Dita Melgalve<\/div><div class=\"position\">Izgl\u012bt\u012bbas metodi\u0137e, visp\u0101r\u0113j\u0101s izgl\u012bt\u012bbas m\u0101c\u012bbu priek\u0161metu metodisk\u0101s kopas vad\u012bt\u0101ja, matem\u0101tikas pedago\u0123e<\/div><div class=\"email\">dita.melgalve@valmiera.edu.lv<\/div><div class=\"phone\"><\/div><\/div><\/div><div class=\"item\"><div class=\"item-image\"><img decoding=\"async\" src=\"https:\/\/izglitiba.valmierasnovads.lv\/vdmv\/wp-content\/uploads\/sites\/33\/2025\/10\/1.jpg\" alt=\"Nat\u0101lija Frunza\" \/><\/div><div class=\"item-data\"><div class=\"name\">Nat\u0101lija Frunza<\/div><div class=\"position\">Bibliotek\u0101re, lietvede<\/div><div class=\"email\">natalija.frunza@valmiera.edu.lv<\/div><div class=\"phone\"><\/div><\/div><\/div><div class=\"item\"><div class=\"item-image\"><img decoding=\"async\" src=\"https:\/\/izglitiba.valmierasnovads.lv\/vdmv\/wp-content\/uploads\/sites\/33\/2025\/10\/VDMV_kolegi_kvadr.-28.jpg\" alt=\"Daiga Adamsone\" \/><\/div><div class=\"item-data\"><div class=\"name\">Daiga Adamsone<\/div><div class=\"position\">Lietvede, pedago\u0123e<\/div><div class=\"email\">daiga.adamsone@valmiera.edu.lv<\/div><div class=\"phone\"><\/div><\/div><\/div><div class=\"item\"><div class=\"item-image\"><img decoding=\"async\" src=\"https:\/\/izglitiba.valmierasnovads.lv\/vdmv\/wp-content\/uploads\/sites\/33\/2025\/10\/1.jpg\" alt=\"Sanita Paula\" \/><\/div><div class=\"item-data\"><div class=\"name\">Sanita Paula<\/div><div class=\"position\">Psiholo\u0123e<\/div><div class=\"email\">sanita.paula@valmiera.edu.lv<\/div><div class=\"phone\"><\/div><\/div><\/div><div class=\"item\"><div class=\"item-image\"><img decoding=\"async\" src=\"https:\/\/izglitiba.valmierasnovads.lv\/vdmv\/wp-content\/uploads\/sites\/33\/2025\/10\/VDMV_kolegi_kvadr.-17.jpg\" alt=\"2. Ineta \u012av\u0101na\" \/><\/div><div class=\"item-data\"><div class=\"name\">Ineta \u012av\u0101na<\/div><div class=\"position\">Karjeras konsultante<\/div><div class=\"email\">ineta.ivana@valmiera.edu.lv<\/div><div class=\"phone\"><\/div><\/div><\/div><div class=\"item\"><div class=\"item-image\"><img decoding=\"async\" src=\"https:\/\/izglitiba.valmierasnovads.lv\/vdmv\/wp-content\/uploads\/sites\/33\/2025\/10\/VDMV_kolegi_kvadr.-16.jpg\" alt=\"T\u012brone Anita\" \/><\/div><div class=\"item-data\"><div class=\"name\">Anita T\u012brone<\/div><div class=\"position\">Soci\u0101l\u0101 pedago\u0123e<\/div><div class=\"email\">anita.tirone@valmiera.edu.lv<\/div><div class=\"phone\"><\/div><\/div><\/div><div class=\"item\"><div class=\"item-image\"><img decoding=\"async\" src=\"https:\/\/izglitiba.valmierasnovads.lv\/vdmv\/wp-content\/uploads\/sites\/33\/2025\/10\/VDMV_kolegi_kvadr.-10.jpg\" alt=\"Ilze Melnalksne\" \/><\/div><div class=\"item-data\"><div class=\"name\">Ilze Melnalksne<\/div><div class=\"position\">Izgl\u012bt\u012bbas programas &#8220;Interjera dizains&#8221; vad\u012bt\u0101ja, pedago\u0123e<\/div><div class=\"email\">ilze.melnalksne@valmiera.edu.lv<\/div><div class=\"phone\"><\/div><\/div><\/div><div class=\"item\"><div class=\"item-image\"><img decoding=\"async\" src=\"https:\/\/izglitiba.valmierasnovads.lv\/vdmv\/wp-content\/uploads\/sites\/33\/2025\/10\/1.jpg\" alt=\"Berga-B\u012bri\u0146a Inga\" \/><\/div><div class=\"item-data\"><div class=\"name\">Inga B\u012bri\u0146a<\/div><div class=\"position\">Izgl\u012bt\u012bbas programas &#8220;Ap\u0123\u0113rbu dizains&#8221; vad\u012bt\u0101ja, pedago\u0123e<\/div><div class=\"email\">inga.birina@valmiera.edu.lv<\/div><div class=\"phone\"><\/div><\/div><\/div><div class=\"item\"><div class=\"item-image\"><img decoding=\"async\" src=\"https:\/\/izglitiba.valmierasnovads.lv\/vdmv\/wp-content\/uploads\/sites\/33\/2025\/10\/VDMV_kolegi_kvadr.-9.jpg\" alt=\"Bukava R\u016bta Kristena\" \/><\/div><div class=\"item-data\"><div class=\"name\">R\u016bta Kristena Bukava<\/div><div class=\"position\">Izgl\u012bt\u012bbas programas &#8220;Grafikas dizains&#8221; vad\u012bt\u0101ja, pedago\u0123e<\/div><div class=\"email\">ruta.kristena.bukava@valmiera.edu.lv<\/div><div class=\"phone\"><\/div><\/div><\/div><div class=\"item\"><div class=\"item-image\"><img decoding=\"async\" src=\"https:\/\/izglitiba.valmierasnovads.lv\/vdmv\/wp-content\/uploads\/sites\/33\/2025\/10\/VDMV_kolegi_kvadr.-11.jpg\" alt=\"Lo\u010dmelis P\u0113teris\" \/><\/div><div class=\"item-data\"><div class=\"name\">P\u0113teris Lo\u010dmelis<\/div><div class=\"position\">Izgl\u012bt\u012bbas programas &#8220;Produktu dizains&#8221; vad\u012bt\u0101js, pedagogs<\/div><div class=\"email\">peteris.locmelis@valmiera.edu.lv<\/div><div class=\"phone\"><\/div><\/div><\/div><div class=\"item\"><div class=\"item-image\"><img decoding=\"async\" src=\"https:\/\/izglitiba.valmierasnovads.lv\/vdmv\/wp-content\/uploads\/sites\/33\/2025\/10\/VDMV_kolegi_kvadr.-14.jpg\" alt=\"Tiguls Art\u016brs\" \/><\/div><div class=\"item-data\"><div class=\"name\">Art\u016brs Tiguls<\/div><div class=\"position\">Izgl\u012bt\u012bbas programas &#8220;Audiovizu\u0101l\u0101s komunik\u0101cijas dizains&#8221; vad\u012bt\u0101js, pedagogs<\/div><div class=\"email\">arturs.tiguls@valmiera.edu.lv<\/div><div class=\"phone\"><\/div><\/div><\/div>    <\/div>\n\n\n\n<p><\/p>\n","protected":false},"excerpt":{"rendered":"<p>Valmieras Dizaina un m\u0101kslas vidusskola (VDMV)&nbsp;ir akredit\u0113ta pa\u0161vald\u012bbas m\u0101kslas un dizaina izgl\u012bt\u012bbas iest\u0101de, kas \u012bsteno licenc\u0113tas un akredit\u0113tas izgl\u012bt\u012bbas programmas.&nbsp; [&hellip;]<\/p>\n","protected":false},"author":38,"featured_media":0,"parent":0,"menu_order":0,"comment_status":"closed","ping_status":"closed","template":"","meta":{"_acf_changed":false,"site-sidebar-layout":"default","site-content-layout":"","ast-site-content-layout":"default","site-content-style":"default","site-sidebar-style":"default","ast-global-header-display":"","ast-banner-title-visibility":"","ast-main-header-display":"","ast-hfb-above-header-display":"","ast-hfb-below-header-display":"","ast-hfb-mobile-header-display":"","site-post-title":"","ast-breadcrumbs-content":"","ast-featured-img":"","footer-sml-layout":"","ast-disable-related-posts":"","theme-transparent-header-meta":"","adv-header-id-meta":"","stick-header-meta":"","header-above-stick-meta":"","header-main-stick-meta":"","header-below-stick-meta":"","astra-migrate-meta-layouts":"default","ast-page-background-enabled":"default","ast-page-background-meta":{"desktop":{"background-color":"var(--ast-global-color-5)","background-image":"","background-repeat":"repeat","background-position":"center center","background-size":"auto","background-attachment":"scroll","background-type":"","background-media":"","overlay-type":"","overlay-color":"","overlay-opacity":"","overlay-gradient":""},"tablet":{"background-color":"","background-image":"","background-repeat":"repeat","background-position":"center center","background-size":"auto","background-attachment":"scroll","background-type":"","background-media":"","overlay-type":"","overlay-color":"","overlay-opacity":"","overlay-gradient":""},"mobile":{"background-color":"","background-image":"","background-repeat":"repeat","background-position":"center center","background-size":"auto","background-attachment":"scroll","background-type":"","background-media":"","overlay-type":"","overlay-color":"","overlay-opacity":"","overlay-gradient":""}},"ast-content-background-meta":{"desktop":{"background-color":"var(--ast-global-color-4)","background-image":"","background-repeat":"repeat","background-position":"center center","background-size":"auto","background-attachment":"scroll","background-type":"","background-media":"","overlay-type":"","overlay-color":"","overlay-opacity":"","overlay-gradient":""},"tablet":{"background-color":"var(--ast-global-color-4)","background-image":"","background-repeat":"repeat","background-position":"center center","background-size":"auto","background-attachment":"scroll","background-type":"","background-media":"","overlay-type":"","overlay-color":"","overlay-opacity":"","overlay-gradient":""},"mobile":{"background-color":"var(--ast-global-color-4)","background-image":"","background-repeat":"repeat","background-position":"center center","background-size":"auto","background-attachment":"scroll","background-type":"","background-media":"","overlay-type":"","overlay-color":"","overlay-opacity":"","overlay-gradient":""}},"footnotes":""},"class_list":["post-341","page","type-page","status-publish","hentry"],"acf":[],"yoast_head":"<!-- This site is optimized with the Yoast SEO plugin v27.0 - https:\/\/yoast.com\/product\/yoast-seo-wordpress\/ -->\n<title>Par skolu -<\/title>\n<meta name=\"robots\" content=\"index, follow, max-snippet:-1, max-image-preview:large, max-video-preview:-1\" \/>\n<link rel=\"canonical\" href=\"https:\/\/izglitiba.valmierasnovads.lv\/vdmv\/par-skolu\/\" \/>\n<meta property=\"og:locale\" content=\"lv_LV\" \/>\n<meta property=\"og:type\" content=\"article\" \/>\n<meta property=\"og:title\" content=\"Par skolu -\" \/>\n<meta property=\"og:description\" content=\"Valmieras Dizaina un m\u0101kslas vidusskola (VDMV)&nbsp;ir akredit\u0113ta pa\u0161vald\u012bbas m\u0101kslas un dizaina izgl\u012bt\u012bbas iest\u0101de, kas \u012bsteno licenc\u0113tas un akredit\u0113tas izgl\u012bt\u012bbas programmas.&nbsp; [&hellip;]\" \/>\n<meta property=\"og:url\" content=\"https:\/\/izglitiba.valmierasnovads.lv\/vdmv\/par-skolu\/\" \/>\n<meta property=\"article:modified_time\" content=\"2025-10-13T20:07:39+00:00\" \/>\n<meta name=\"twitter:card\" content=\"summary_large_image\" \/>\n<meta name=\"twitter:label1\" content=\"Est. reading time\" \/>\n\t<meta name=\"twitter:data1\" content=\"2 min\u016btes\" \/>\n<script type=\"application\/ld+json\" class=\"yoast-schema-graph\">{\"@context\":\"https:\/\/schema.org\",\"@graph\":[{\"@type\":\"WebPage\",\"@id\":\"https:\/\/izglitiba.valmierasnovads.lv\/vdmv\/par-skolu\/\",\"url\":\"https:\/\/izglitiba.valmierasnovads.lv\/vdmv\/par-skolu\/\",\"name\":\"Par skolu -\",\"isPartOf\":{\"@id\":\"https:\/\/izglitiba.valmierasnovads.lv\/vdmv\/#website\"},\"datePublished\":\"2025-07-10T09:56:40+00:00\",\"dateModified\":\"2025-10-13T20:07:39+00:00\",\"breadcrumb\":{\"@id\":\"https:\/\/izglitiba.valmierasnovads.lv\/vdmv\/par-skolu\/#breadcrumb\"},\"inLanguage\":\"lv-LV\",\"potentialAction\":[{\"@type\":\"ReadAction\",\"target\":[\"https:\/\/izglitiba.valmierasnovads.lv\/vdmv\/par-skolu\/\"]}]},{\"@type\":\"BreadcrumbList\",\"@id\":\"https:\/\/izglitiba.valmierasnovads.lv\/vdmv\/par-skolu\/#breadcrumb\",\"itemListElement\":[{\"@type\":\"ListItem\",\"position\":1,\"name\":\"Home\",\"item\":\"https:\/\/izglitiba.valmierasnovads.lv\/vdmv\/\"},{\"@type\":\"ListItem\",\"position\":2,\"name\":\"Par skolu\"}]},{\"@type\":\"WebSite\",\"@id\":\"https:\/\/izglitiba.valmierasnovads.lv\/vdmv\/#website\",\"url\":\"https:\/\/izglitiba.valmierasnovads.lv\/vdmv\/\",\"name\":\"\",\"description\":\"\",\"potentialAction\":[{\"@type\":\"SearchAction\",\"target\":{\"@type\":\"EntryPoint\",\"urlTemplate\":\"https:\/\/izglitiba.valmierasnovads.lv\/vdmv\/?s={search_term_string}\"},\"query-input\":{\"@type\":\"PropertyValueSpecification\",\"valueRequired\":true,\"valueName\":\"search_term_string\"}}],\"inLanguage\":\"lv-LV\"}]}<\/script>\n<!-- \/ Yoast SEO plugin. -->","yoast_head_json":{"title":"Par skolu -","robots":{"index":"index","follow":"follow","max-snippet":"max-snippet:-1","max-image-preview":"max-image-preview:large","max-video-preview":"max-video-preview:-1"},"canonical":"https:\/\/izglitiba.valmierasnovads.lv\/vdmv\/par-skolu\/","og_locale":"lv_LV","og_type":"article","og_title":"Par skolu -","og_description":"Valmieras Dizaina un m\u0101kslas vidusskola (VDMV)&nbsp;ir akredit\u0113ta pa\u0161vald\u012bbas m\u0101kslas un dizaina izgl\u012bt\u012bbas iest\u0101de, kas \u012bsteno licenc\u0113tas un akredit\u0113tas izgl\u012bt\u012bbas programmas.&nbsp; [&hellip;]","og_url":"https:\/\/izglitiba.valmierasnovads.lv\/vdmv\/par-skolu\/","article_modified_time":"2025-10-13T20:07:39+00:00","twitter_card":"summary_large_image","twitter_misc":{"Est. reading time":"2 min\u016btes"},"schema":{"@context":"https:\/\/schema.org","@graph":[{"@type":"WebPage","@id":"https:\/\/izglitiba.valmierasnovads.lv\/vdmv\/par-skolu\/","url":"https:\/\/izglitiba.valmierasnovads.lv\/vdmv\/par-skolu\/","name":"Par skolu -","isPartOf":{"@id":"https:\/\/izglitiba.valmierasnovads.lv\/vdmv\/#website"},"datePublished":"2025-07-10T09:56:40+00:00","dateModified":"2025-10-13T20:07:39+00:00","breadcrumb":{"@id":"https:\/\/izglitiba.valmierasnovads.lv\/vdmv\/par-skolu\/#breadcrumb"},"inLanguage":"lv-LV","potentialAction":[{"@type":"ReadAction","target":["https:\/\/izglitiba.valmierasnovads.lv\/vdmv\/par-skolu\/"]}]},{"@type":"BreadcrumbList","@id":"https:\/\/izglitiba.valmierasnovads.lv\/vdmv\/par-skolu\/#breadcrumb","itemListElement":[{"@type":"ListItem","position":1,"name":"Home","item":"https:\/\/izglitiba.valmierasnovads.lv\/vdmv\/"},{"@type":"ListItem","position":2,"name":"Par skolu"}]},{"@type":"WebSite","@id":"https:\/\/izglitiba.valmierasnovads.lv\/vdmv\/#website","url":"https:\/\/izglitiba.valmierasnovads.lv\/vdmv\/","name":"","description":"","potentialAction":[{"@type":"SearchAction","target":{"@type":"EntryPoint","urlTemplate":"https:\/\/izglitiba.valmierasnovads.lv\/vdmv\/?s={search_term_string}"},"query-input":{"@type":"PropertyValueSpecification","valueRequired":true,"valueName":"search_term_string"}}],"inLanguage":"lv-LV"}]}},"_links":{"self":[{"href":"https:\/\/izglitiba.valmierasnovads.lv\/vdmv\/wp-json\/wp\/v2\/pages\/341","targetHints":{"allow":["GET"]}}],"collection":[{"href":"https:\/\/izglitiba.valmierasnovads.lv\/vdmv\/wp-json\/wp\/v2\/pages"}],"about":[{"href":"https:\/\/izglitiba.valmierasnovads.lv\/vdmv\/wp-json\/wp\/v2\/types\/page"}],"author":[{"embeddable":true,"href":"https:\/\/izglitiba.valmierasnovads.lv\/vdmv\/wp-json\/wp\/v2\/users\/38"}],"replies":[{"embeddable":true,"href":"https:\/\/izglitiba.valmierasnovads.lv\/vdmv\/wp-json\/wp\/v2\/comments?post=341"}],"version-history":[{"count":8,"href":"https:\/\/izglitiba.valmierasnovads.lv\/vdmv\/wp-json\/wp\/v2\/pages\/341\/revisions"}],"predecessor-version":[{"id":1023,"href":"https:\/\/izglitiba.valmierasnovads.lv\/vdmv\/wp-json\/wp\/v2\/pages\/341\/revisions\/1023"}],"wp:attachment":[{"href":"https:\/\/izglitiba.valmierasnovads.lv\/vdmv\/wp-json\/wp\/v2\/media?parent=341"}],"curies":[{"name":"wp","href":"https:\/\/api.w.org\/{rel}","templated":true}]}}