{"id":371,"date":"2025-07-10T14:46:53","date_gmt":"2025-07-10T11:46:53","guid":{"rendered":"https:\/\/izglitiba.valmierasnovads.lv\/vdmv\/?page_id=371"},"modified":"2026-02-03T16:13:40","modified_gmt":"2026-02-03T14:13:40","slug":"kontakti","status":"publish","type":"page","link":"https:\/\/izglitiba.valmierasnovads.lv\/vdmv\/kontakti\/","title":{"rendered":"Kontakti"},"content":{"rendered":"\n<p><strong>Skolas kontaktinform\u0101cija<\/strong><\/p>\n\n\n\n<ul class=\"wp-block-list\">\n<li>Valmieras Dizaina un m\u0101kslas vidusskola (VDMV)<\/li>\n\n\n\n<li>Adrese: Purva iela 12, Valmiera, Valmieras novads,&nbsp; LV-4201<\/li>\n\n\n\n<li>E-pasts: vdmv@valmiera.edu.lv<\/li>\n\n\n\n<li>T\u0101lrunis (lietved\u012bba):: +371 64207362, +371 64207372  <\/li>\n\n\n\n<li>T\u0101lrunis (de\u017eurants):+371 64207363 <\/li>\n\n\n\n<li>Facebook:&nbsp;<a href=\"https:\/\/www.facebook.com\/VDMVSKOLA\/\" target=\"_blank\" rel=\"noreferrer noopener\">@VDMVSKOLA<\/a><\/li>\n\n\n\n<li>Instagram:&nbsp;<a href=\"https:\/\/www.instagram.com\/vdmvskola\/\" target=\"_blank\" rel=\"noreferrer noopener\">@vdmvskola<\/a><\/li>\n<\/ul>\n\n\n<style>.wp-block-kadence-spacer.kt-block-spacer-371_731a0c-ab .kt-block-spacer{height:60px;}.wp-block-kadence-spacer.kt-block-spacer-371_731a0c-ab .kt-divider{border-top-width:1px;height:1px;border-top-color:#eee;width:80%;border-top-style:solid;}<\/style>\n<div class=\"wp-block-kadence-spacer aligncenter kt-block-spacer-371_731a0c-ab\"><div class=\"kt-block-spacer kt-block-spacer-halign-center\"><hr class=\"kt-divider\" \/><\/div><\/div>\n\n\n\n<p><strong>Skolas rekviz\u012bti<\/strong><\/p>\n\n\n\n<ul class=\"wp-block-list\">\n<li>Valmieras novada pa\u0161vald\u012bba-Valmieras Dizaina un m\u0101kslas vidusskola<\/li>\n\n\n\n<li>Juridisk\u0101 adrese: L\u0101\u010dpl\u0113\u0161a iela &#8211; 2, Valmiera, Valmieras novads, LV-4201<\/li>\n\n\n\n<li>Re\u0123.Nr. 90000043403<\/li>\n\n\n\n<li>NMK Nr. LV 90000043403<\/li>\n\n\n\n<li>Banka \u2013 SEB, Kods \u2013 UNLALV2X<\/li>\n\n\n\n<li>Konta Nr. \u2013 LV94UNLA0018000142255<\/li>\n\n\n\n<li>Pieg\u0101des adrese: Purva iela 12, Valmiera, Valmieras novads, L-4201<\/li>\n<\/ul>\n\n\n\n<p><\/p>\n","protected":false},"excerpt":{"rendered":"<p>Skolas kontaktinform\u0101cija Skolas rekviz\u012bti<\/p>\n","protected":false},"author":38,"featured_media":0,"parent":0,"menu_order":0,"comment_status":"closed","ping_status":"closed","template":"","meta":{"_acf_changed":false,"site-sidebar-layout":"default","site-content-layout":"","ast-site-content-layout":"default","site-content-style":"default","site-sidebar-style":"default","ast-global-header-display":"","ast-banner-title-visibility":"","ast-main-header-display":"","ast-hfb-above-header-display":"","ast-hfb-below-header-display":"","ast-hfb-mobile-header-display":"","site-post-title":"","ast-breadcrumbs-content":"","ast-featured-img":"","footer-sml-layout":"","ast-disable-related-posts":"","theme-transparent-header-meta":"","adv-header-id-meta":"","stick-header-meta":"","header-above-stick-meta":"","header-main-stick-meta":"","header-below-stick-meta":"","astra-migrate-meta-layouts":"default","ast-page-background-enabled":"default","ast-page-background-meta":{"desktop":{"background-color":"var(--ast-global-color-5)","background-image":"","background-repeat":"repeat","background-position":"center center","background-size":"auto","background-attachment":"scroll","background-type":"","background-media":"","overlay-type":"","overlay-color":"","overlay-opacity":"","overlay-gradient":""},"tablet":{"background-color":"","background-image":"","background-repeat":"repeat","background-position":"center center","background-size":"auto","background-attachment":"scroll","background-type":"","background-media":"","overlay-type":"","overlay-color":"","overlay-opacity":"","overlay-gradient":""},"mobile":{"background-color":"","background-image":"","background-repeat":"repeat","background-position":"center center","background-size":"auto","background-attachment":"scroll","background-type":"","background-media":"","overlay-type":"","overlay-color":"","overlay-opacity":"","overlay-gradient":""}},"ast-content-background-meta":{"desktop":{"background-color":"var(--ast-global-color-4)","background-image":"","background-repeat":"repeat","background-position":"center center","background-size":"auto","background-attachment":"scroll","background-type":"","background-media":"","overlay-type":"","overlay-color":"","overlay-opacity":"","overlay-gradient":""},"tablet":{"background-color":"var(--ast-global-color-4)","background-image":"","background-repeat":"repeat","background-position":"center center","background-size":"auto","background-attachment":"scroll","background-type":"","background-media":"","overlay-type":"","overlay-color":"","overlay-opacity":"","overlay-gradient":""},"mobile":{"background-color":"var(--ast-global-color-4)","background-image":"","background-repeat":"repeat","background-position":"center center","background-size":"auto","background-attachment":"scroll","background-type":"","background-media":"","overlay-type":"","overlay-color":"","overlay-opacity":"","overlay-gradient":""}},"footnotes":""},"class_list":["post-371","page","type-page","status-publish","hentry"],"acf":[],"yoast_head":"<!-- This site is optimized with the Yoast SEO plugin v27.0 - https:\/\/yoast.com\/product\/yoast-seo-wordpress\/ -->\n<title>Kontakti -<\/title>\n<meta name=\"robots\" content=\"index, follow, max-snippet:-1, max-image-preview:large, max-video-preview:-1\" \/>\n<link rel=\"canonical\" href=\"https:\/\/izglitiba.valmierasnovads.lv\/vdmv\/kontakti\/\" \/>\n<meta property=\"og:locale\" content=\"lv_LV\" \/>\n<meta property=\"og:type\" content=\"article\" \/>\n<meta property=\"og:title\" content=\"Kontakti -\" \/>\n<meta property=\"og:description\" content=\"Skolas kontaktinform\u0101cija Skolas rekviz\u012bti\" \/>\n<meta property=\"og:url\" content=\"https:\/\/izglitiba.valmierasnovads.lv\/vdmv\/kontakti\/\" \/>\n<meta property=\"article:modified_time\" content=\"2026-02-03T14:13:40+00:00\" \/>\n<meta name=\"twitter:card\" content=\"summary_large_image\" \/>\n<meta name=\"twitter:label1\" content=\"Est. reading time\" \/>\n\t<meta name=\"twitter:data1\" content=\"1 min\u016bte\" \/>\n<script type=\"application\/ld+json\" class=\"yoast-schema-graph\">{\"@context\":\"https:\/\/schema.org\",\"@graph\":[{\"@type\":\"WebPage\",\"@id\":\"https:\/\/izglitiba.valmierasnovads.lv\/vdmv\/kontakti\/\",\"url\":\"https:\/\/izglitiba.valmierasnovads.lv\/vdmv\/kontakti\/\",\"name\":\"Kontakti -\",\"isPartOf\":{\"@id\":\"https:\/\/izglitiba.valmierasnovads.lv\/vdmv\/#website\"},\"datePublished\":\"2025-07-10T11:46:53+00:00\",\"dateModified\":\"2026-02-03T14:13:40+00:00\",\"breadcrumb\":{\"@id\":\"https:\/\/izglitiba.valmierasnovads.lv\/vdmv\/kontakti\/#breadcrumb\"},\"inLanguage\":\"lv-LV\",\"potentialAction\":[{\"@type\":\"ReadAction\",\"target\":[\"https:\/\/izglitiba.valmierasnovads.lv\/vdmv\/kontakti\/\"]}]},{\"@type\":\"BreadcrumbList\",\"@id\":\"https:\/\/izglitiba.valmierasnovads.lv\/vdmv\/kontakti\/#breadcrumb\",\"itemListElement\":[{\"@type\":\"ListItem\",\"position\":1,\"name\":\"Home\",\"item\":\"https:\/\/izglitiba.valmierasnovads.lv\/vdmv\/\"},{\"@type\":\"ListItem\",\"position\":2,\"name\":\"Kontakti\"}]},{\"@type\":\"WebSite\",\"@id\":\"https:\/\/izglitiba.valmierasnovads.lv\/vdmv\/#website\",\"url\":\"https:\/\/izglitiba.valmierasnovads.lv\/vdmv\/\",\"name\":\"\",\"description\":\"\",\"potentialAction\":[{\"@type\":\"SearchAction\",\"target\":{\"@type\":\"EntryPoint\",\"urlTemplate\":\"https:\/\/izglitiba.valmierasnovads.lv\/vdmv\/?s={search_term_string}\"},\"query-input\":{\"@type\":\"PropertyValueSpecification\",\"valueRequired\":true,\"valueName\":\"search_term_string\"}}],\"inLanguage\":\"lv-LV\"}]}<\/script>\n<!-- \/ Yoast SEO plugin. -->","yoast_head_json":{"title":"Kontakti -","robots":{"index":"index","follow":"follow","max-snippet":"max-snippet:-1","max-image-preview":"max-image-preview:large","max-video-preview":"max-video-preview:-1"},"canonical":"https:\/\/izglitiba.valmierasnovads.lv\/vdmv\/kontakti\/","og_locale":"lv_LV","og_type":"article","og_title":"Kontakti -","og_description":"Skolas kontaktinform\u0101cija Skolas rekviz\u012bti","og_url":"https:\/\/izglitiba.valmierasnovads.lv\/vdmv\/kontakti\/","article_modified_time":"2026-02-03T14:13:40+00:00","twitter_card":"summary_large_image","twitter_misc":{"Est. reading time":"1 min\u016bte"},"schema":{"@context":"https:\/\/schema.org","@graph":[{"@type":"WebPage","@id":"https:\/\/izglitiba.valmierasnovads.lv\/vdmv\/kontakti\/","url":"https:\/\/izglitiba.valmierasnovads.lv\/vdmv\/kontakti\/","name":"Kontakti -","isPartOf":{"@id":"https:\/\/izglitiba.valmierasnovads.lv\/vdmv\/#website"},"datePublished":"2025-07-10T11:46:53+00:00","dateModified":"2026-02-03T14:13:40+00:00","breadcrumb":{"@id":"https:\/\/izglitiba.valmierasnovads.lv\/vdmv\/kontakti\/#breadcrumb"},"inLanguage":"lv-LV","potentialAction":[{"@type":"ReadAction","target":["https:\/\/izglitiba.valmierasnovads.lv\/vdmv\/kontakti\/"]}]},{"@type":"BreadcrumbList","@id":"https:\/\/izglitiba.valmierasnovads.lv\/vdmv\/kontakti\/#breadcrumb","itemListElement":[{"@type":"ListItem","position":1,"name":"Home","item":"https:\/\/izglitiba.valmierasnovads.lv\/vdmv\/"},{"@type":"ListItem","position":2,"name":"Kontakti"}]},{"@type":"WebSite","@id":"https:\/\/izglitiba.valmierasnovads.lv\/vdmv\/#website","url":"https:\/\/izglitiba.valmierasnovads.lv\/vdmv\/","name":"","description":"","potentialAction":[{"@type":"SearchAction","target":{"@type":"EntryPoint","urlTemplate":"https:\/\/izglitiba.valmierasnovads.lv\/vdmv\/?s={search_term_string}"},"query-input":{"@type":"PropertyValueSpecification","valueRequired":true,"valueName":"search_term_string"}}],"inLanguage":"lv-LV"}]}},"_links":{"self":[{"href":"https:\/\/izglitiba.valmierasnovads.lv\/vdmv\/wp-json\/wp\/v2\/pages\/371","targetHints":{"allow":["GET"]}}],"collection":[{"href":"https:\/\/izglitiba.valmierasnovads.lv\/vdmv\/wp-json\/wp\/v2\/pages"}],"about":[{"href":"https:\/\/izglitiba.valmierasnovads.lv\/vdmv\/wp-json\/wp\/v2\/types\/page"}],"author":[{"embeddable":true,"href":"https:\/\/izglitiba.valmierasnovads.lv\/vdmv\/wp-json\/wp\/v2\/users\/38"}],"replies":[{"embeddable":true,"href":"https:\/\/izglitiba.valmierasnovads.lv\/vdmv\/wp-json\/wp\/v2\/comments?post=371"}],"version-history":[{"count":9,"href":"https:\/\/izglitiba.valmierasnovads.lv\/vdmv\/wp-json\/wp\/v2\/pages\/371\/revisions"}],"predecessor-version":[{"id":1325,"href":"https:\/\/izglitiba.valmierasnovads.lv\/vdmv\/wp-json\/wp\/v2\/pages\/371\/revisions\/1325"}],"wp:attachment":[{"href":"https:\/\/izglitiba.valmierasnovads.lv\/vdmv\/wp-json\/wp\/v2\/media?parent=371"}],"curies":[{"name":"wp","href":"https:\/\/api.w.org\/{rel}","templated":true}]}}