{"id":384,"date":"2025-07-10T15:12:22","date_gmt":"2025-07-10T12:12:22","guid":{"rendered":"https:\/\/izglitiba.valmierasnovads.lv\/vdmv\/?page_id=384"},"modified":"2025-07-16T12:34:35","modified_gmt":"2025-07-16T09:34:35","slug":"skolas-merki-un-uzdevumi","status":"publish","type":"page","link":"https:\/\/izglitiba.valmierasnovads.lv\/vdmv\/skolas-merki-un-uzdevumi\/","title":{"rendered":"Skolas m\u0113r\u0137i un uzdevumi\u00a0"},"content":{"rendered":"\n<p>Skaidri m\u0101c\u012bbu sasniegumu v\u0113rt\u0113\u0161anas noteikumi (v\u0113rt\u0113\u0161ana k\u0101 process) \u2013&nbsp;<strong>VIENL\u012aDZ\u012aBA<\/strong>;<\/p>\n\n\n\n<p>Darbs ar kav\u0113jumiem \u2013&nbsp;<strong>AUDZIN\u0100\u0160ANA&nbsp;<\/strong>(un projekts&nbsp;<strong>PUMPURS<\/strong>);<\/p>\n\n\n\n<p>P\u0101rbaudes darbu\/patst\u0101v\u012bgo darbu skaidrs pl\u0101ns audz\u0113k\u0146iem (darbu grafiks un v\u0113rt\u0113\u0161ana) \u2013&nbsp;<strong>AUDZ\u0112KNIS<\/strong>;<\/p>\n\n\n\n<p>Virz\u012bba uz kompetences centra izveidi (CE rezult\u0101ti, dal\u012bba konkursos, m\u0101c\u012bbu darbu skat\u0113s) \u2013&nbsp;<strong>KVALIT\u0100TE<\/strong>;<\/p>\n\n\n\n<p>Jaunu izgl\u012bt\u012bbas programmu izstr\u0101de (20V piecgad\u012bg\u0101, intere\u0161u izgl\u012bt\u012bbas programmas, m\u0101c\u012bbu satura pilnveide dizaina programm\u0101s) \u2013&nbsp;<strong>PIEEJAM\u012aBA<\/strong>;<\/p>\n\n\n\n<p>Multimediju dizaina programmas m\u0101c\u012bbu priek\u0161metu programmas \u2013&nbsp;<strong>CAURVIJA<\/strong>;<\/p>\n\n\n\n<p>M\u0101c\u012bbu prak\u0161u organiz\u0101cija vidusskol\u0101 \u2013&nbsp;<strong>J\u0112GPILN\u012aBA<\/strong>;<\/p>\n\n\n\n<p>Stundu v\u0113ro\u0161ana\/skolas pa\u0161v\u0113rt\u0113jums\/pedagogu pa\u0161v\u0113rt\u0113jums \u2013&nbsp;<strong>PA\u0160APZI\u0145A UN SADARB\u012aBA<\/strong>;<\/p>\n\n\n\n<p><em>Makerspace<\/em>\/tehnolo\u0123isk\u0101s darbn\u012bcas izveide \u2013<strong>&nbsp;IZAUGSME<\/strong>;<\/p>\n\n\n\n<p>Darba k\u0101rt\u012bbas noteikumu iev\u0113ro\u0161ana \u2013&nbsp;<strong>SADARB\u012aBA<\/strong>;<\/p>\n\n\n\n<p>Gatavo\u0161an\u0101s bud\u017eetam \u2013\u00a0<strong>PL\u0100NO\u0160ANA<\/strong>;<\/p>\n\n\n\n<p>B\u016bt atpaz\u012bstamiem pils\u0113t\u0101, re\u0123ion\u0101, valst\u012b (rekl\u0101ma, dal\u012bba, ieguld\u012bjums re\u0123iona att\u012bst\u012bb\u0101) \u2013&nbsp;<strong>M\u0112S ESAM LAB\u0100KIE!<\/strong><\/p>\n","protected":false},"excerpt":{"rendered":"<p>Skaidri m\u0101c\u012bbu sasniegumu v\u0113rt\u0113\u0161anas noteikumi (v\u0113rt\u0113\u0161ana k\u0101 process) \u2013&nbsp;VIENL\u012aDZ\u012aBA; Darbs ar kav\u0113jumiem \u2013&nbsp;AUDZIN\u0100\u0160ANA&nbsp;(un projekts&nbsp;PUMPURS); P\u0101rbaudes darbu\/patst\u0101v\u012bgo darbu skaidrs pl\u0101ns audz\u0113k\u0146iem [&hellip;]<\/p>\n","protected":false},"author":38,"featured_media":0,"parent":0,"menu_order":0,"comment_status":"closed","ping_status":"closed","template":"","meta":{"_acf_changed":false,"site-sidebar-layout":"default","site-content-layout":"","ast-site-content-layout":"default","site-content-style":"default","site-sidebar-style":"default","ast-global-header-display":"","ast-banner-title-visibility":"","ast-main-header-display":"","ast-hfb-above-header-display":"","ast-hfb-below-header-display":"","ast-hfb-mobile-header-display":"","site-post-title":"","ast-breadcrumbs-content":"","ast-featured-img":"","footer-sml-layout":"","ast-disable-related-posts":"","theme-transparent-header-meta":"","adv-header-id-meta":"","stick-header-meta":"","header-above-stick-meta":"","header-main-stick-meta":"","header-below-stick-meta":"","astra-migrate-meta-layouts":"default","ast-page-background-enabled":"default","ast-page-background-meta":{"desktop":{"background-color":"var(--ast-global-color-5)","background-image":"","background-repeat":"repeat","background-position":"center center","background-size":"auto","background-attachment":"scroll","background-type":"","background-media":"","overlay-type":"","overlay-color":"","overlay-opacity":"","overlay-gradient":""},"tablet":{"background-color":"","background-image":"","background-repeat":"repeat","background-position":"center center","background-size":"auto","background-attachment":"scroll","background-type":"","background-media":"","overlay-type":"","overlay-color":"","overlay-opacity":"","overlay-gradient":""},"mobile":{"background-color":"","background-image":"","background-repeat":"repeat","background-position":"center center","background-size":"auto","background-attachment":"scroll","background-type":"","background-media":"","overlay-type":"","overlay-color":"","overlay-opacity":"","overlay-gradient":""}},"ast-content-background-meta":{"desktop":{"background-color":"var(--ast-global-color-4)","background-image":"","background-repeat":"repeat","background-position":"center center","background-size":"auto","background-attachment":"scroll","background-type":"","background-media":"","overlay-type":"","overlay-color":"","overlay-opacity":"","overlay-gradient":""},"tablet":{"background-color":"var(--ast-global-color-4)","background-image":"","background-repeat":"repeat","background-position":"center center","background-size":"auto","background-attachment":"scroll","background-type":"","background-media":"","overlay-type":"","overlay-color":"","overlay-opacity":"","overlay-gradient":""},"mobile":{"background-color":"var(--ast-global-color-4)","background-image":"","background-repeat":"repeat","background-position":"center center","background-size":"auto","background-attachment":"scroll","background-type":"","background-media":"","overlay-type":"","overlay-color":"","overlay-opacity":"","overlay-gradient":""}},"footnotes":""},"class_list":["post-384","page","type-page","status-publish","hentry"],"acf":[],"yoast_head":"<!-- This site is optimized with the Yoast SEO plugin v27.0 - https:\/\/yoast.com\/product\/yoast-seo-wordpress\/ -->\n<title>Skolas m\u0113r\u0137i un uzdevumi\u00a0 -<\/title>\n<meta name=\"robots\" content=\"index, follow, max-snippet:-1, max-image-preview:large, max-video-preview:-1\" \/>\n<link rel=\"canonical\" href=\"https:\/\/izglitiba.valmierasnovads.lv\/vdmv\/skolas-merki-un-uzdevumi\/\" \/>\n<meta property=\"og:locale\" content=\"lv_LV\" \/>\n<meta property=\"og:type\" content=\"article\" \/>\n<meta property=\"og:title\" content=\"Skolas m\u0113r\u0137i un uzdevumi\u00a0 -\" \/>\n<meta property=\"og:description\" content=\"Skaidri m\u0101c\u012bbu sasniegumu v\u0113rt\u0113\u0161anas noteikumi (v\u0113rt\u0113\u0161ana k\u0101 process) \u2013&nbsp;VIENL\u012aDZ\u012aBA; Darbs ar kav\u0113jumiem \u2013&nbsp;AUDZIN\u0100\u0160ANA&nbsp;(un projekts&nbsp;PUMPURS); P\u0101rbaudes darbu\/patst\u0101v\u012bgo darbu skaidrs pl\u0101ns audz\u0113k\u0146iem [&hellip;]\" \/>\n<meta property=\"og:url\" content=\"https:\/\/izglitiba.valmierasnovads.lv\/vdmv\/skolas-merki-un-uzdevumi\/\" \/>\n<meta property=\"article:modified_time\" content=\"2025-07-16T09:34:35+00:00\" \/>\n<meta name=\"twitter:card\" content=\"summary_large_image\" \/>\n<meta name=\"twitter:label1\" content=\"Est. reading time\" \/>\n\t<meta name=\"twitter:data1\" content=\"1 min\u016bte\" \/>\n<script type=\"application\/ld+json\" class=\"yoast-schema-graph\">{\"@context\":\"https:\/\/schema.org\",\"@graph\":[{\"@type\":\"WebPage\",\"@id\":\"https:\/\/izglitiba.valmierasnovads.lv\/vdmv\/skolas-merki-un-uzdevumi\/\",\"url\":\"https:\/\/izglitiba.valmierasnovads.lv\/vdmv\/skolas-merki-un-uzdevumi\/\",\"name\":\"Skolas m\u0113r\u0137i un uzdevumi\u00a0 -\",\"isPartOf\":{\"@id\":\"https:\/\/izglitiba.valmierasnovads.lv\/vdmv\/#website\"},\"datePublished\":\"2025-07-10T12:12:22+00:00\",\"dateModified\":\"2025-07-16T09:34:35+00:00\",\"breadcrumb\":{\"@id\":\"https:\/\/izglitiba.valmierasnovads.lv\/vdmv\/skolas-merki-un-uzdevumi\/#breadcrumb\"},\"inLanguage\":\"lv-LV\",\"potentialAction\":[{\"@type\":\"ReadAction\",\"target\":[\"https:\/\/izglitiba.valmierasnovads.lv\/vdmv\/skolas-merki-un-uzdevumi\/\"]}]},{\"@type\":\"BreadcrumbList\",\"@id\":\"https:\/\/izglitiba.valmierasnovads.lv\/vdmv\/skolas-merki-un-uzdevumi\/#breadcrumb\",\"itemListElement\":[{\"@type\":\"ListItem\",\"position\":1,\"name\":\"Home\",\"item\":\"https:\/\/izglitiba.valmierasnovads.lv\/vdmv\/\"},{\"@type\":\"ListItem\",\"position\":2,\"name\":\"Skolas m\u0113r\u0137i un uzdevumi\u00a0\"}]},{\"@type\":\"WebSite\",\"@id\":\"https:\/\/izglitiba.valmierasnovads.lv\/vdmv\/#website\",\"url\":\"https:\/\/izglitiba.valmierasnovads.lv\/vdmv\/\",\"name\":\"\",\"description\":\"\",\"potentialAction\":[{\"@type\":\"SearchAction\",\"target\":{\"@type\":\"EntryPoint\",\"urlTemplate\":\"https:\/\/izglitiba.valmierasnovads.lv\/vdmv\/?s={search_term_string}\"},\"query-input\":{\"@type\":\"PropertyValueSpecification\",\"valueRequired\":true,\"valueName\":\"search_term_string\"}}],\"inLanguage\":\"lv-LV\"}]}<\/script>\n<!-- \/ Yoast SEO plugin. -->","yoast_head_json":{"title":"Skolas m\u0113r\u0137i un uzdevumi\u00a0 -","robots":{"index":"index","follow":"follow","max-snippet":"max-snippet:-1","max-image-preview":"max-image-preview:large","max-video-preview":"max-video-preview:-1"},"canonical":"https:\/\/izglitiba.valmierasnovads.lv\/vdmv\/skolas-merki-un-uzdevumi\/","og_locale":"lv_LV","og_type":"article","og_title":"Skolas m\u0113r\u0137i un uzdevumi\u00a0 -","og_description":"Skaidri m\u0101c\u012bbu sasniegumu v\u0113rt\u0113\u0161anas noteikumi (v\u0113rt\u0113\u0161ana k\u0101 process) \u2013&nbsp;VIENL\u012aDZ\u012aBA; Darbs ar kav\u0113jumiem \u2013&nbsp;AUDZIN\u0100\u0160ANA&nbsp;(un projekts&nbsp;PUMPURS); P\u0101rbaudes darbu\/patst\u0101v\u012bgo darbu skaidrs pl\u0101ns audz\u0113k\u0146iem [&hellip;]","og_url":"https:\/\/izglitiba.valmierasnovads.lv\/vdmv\/skolas-merki-un-uzdevumi\/","article_modified_time":"2025-07-16T09:34:35+00:00","twitter_card":"summary_large_image","twitter_misc":{"Est. reading time":"1 min\u016bte"},"schema":{"@context":"https:\/\/schema.org","@graph":[{"@type":"WebPage","@id":"https:\/\/izglitiba.valmierasnovads.lv\/vdmv\/skolas-merki-un-uzdevumi\/","url":"https:\/\/izglitiba.valmierasnovads.lv\/vdmv\/skolas-merki-un-uzdevumi\/","name":"Skolas m\u0113r\u0137i un uzdevumi\u00a0 -","isPartOf":{"@id":"https:\/\/izglitiba.valmierasnovads.lv\/vdmv\/#website"},"datePublished":"2025-07-10T12:12:22+00:00","dateModified":"2025-07-16T09:34:35+00:00","breadcrumb":{"@id":"https:\/\/izglitiba.valmierasnovads.lv\/vdmv\/skolas-merki-un-uzdevumi\/#breadcrumb"},"inLanguage":"lv-LV","potentialAction":[{"@type":"ReadAction","target":["https:\/\/izglitiba.valmierasnovads.lv\/vdmv\/skolas-merki-un-uzdevumi\/"]}]},{"@type":"BreadcrumbList","@id":"https:\/\/izglitiba.valmierasnovads.lv\/vdmv\/skolas-merki-un-uzdevumi\/#breadcrumb","itemListElement":[{"@type":"ListItem","position":1,"name":"Home","item":"https:\/\/izglitiba.valmierasnovads.lv\/vdmv\/"},{"@type":"ListItem","position":2,"name":"Skolas m\u0113r\u0137i un uzdevumi\u00a0"}]},{"@type":"WebSite","@id":"https:\/\/izglitiba.valmierasnovads.lv\/vdmv\/#website","url":"https:\/\/izglitiba.valmierasnovads.lv\/vdmv\/","name":"","description":"","potentialAction":[{"@type":"SearchAction","target":{"@type":"EntryPoint","urlTemplate":"https:\/\/izglitiba.valmierasnovads.lv\/vdmv\/?s={search_term_string}"},"query-input":{"@type":"PropertyValueSpecification","valueRequired":true,"valueName":"search_term_string"}}],"inLanguage":"lv-LV"}]}},"_links":{"self":[{"href":"https:\/\/izglitiba.valmierasnovads.lv\/vdmv\/wp-json\/wp\/v2\/pages\/384","targetHints":{"allow":["GET"]}}],"collection":[{"href":"https:\/\/izglitiba.valmierasnovads.lv\/vdmv\/wp-json\/wp\/v2\/pages"}],"about":[{"href":"https:\/\/izglitiba.valmierasnovads.lv\/vdmv\/wp-json\/wp\/v2\/types\/page"}],"author":[{"embeddable":true,"href":"https:\/\/izglitiba.valmierasnovads.lv\/vdmv\/wp-json\/wp\/v2\/users\/38"}],"replies":[{"embeddable":true,"href":"https:\/\/izglitiba.valmierasnovads.lv\/vdmv\/wp-json\/wp\/v2\/comments?post=384"}],"version-history":[{"count":1,"href":"https:\/\/izglitiba.valmierasnovads.lv\/vdmv\/wp-json\/wp\/v2\/pages\/384\/revisions"}],"predecessor-version":[{"id":385,"href":"https:\/\/izglitiba.valmierasnovads.lv\/vdmv\/wp-json\/wp\/v2\/pages\/384\/revisions\/385"}],"wp:attachment":[{"href":"https:\/\/izglitiba.valmierasnovads.lv\/vdmv\/wp-json\/wp\/v2\/media?parent=384"}],"curies":[{"name":"wp","href":"https:\/\/api.w.org\/{rel}","templated":true}]}}