{"id":491,"date":"2025-07-11T16:00:21","date_gmt":"2025-07-11T13:00:21","guid":{"rendered":"https:\/\/izglitiba.valmierasnovads.lv\/vdmv\/?page_id=491"},"modified":"2025-07-11T16:08:08","modified_gmt":"2025-07-11T13:08:08","slug":"interjera-dizains","status":"publish","type":"page","link":"https:\/\/izglitiba.valmierasnovads.lv\/vdmv\/interjera-dizains\/","title":{"rendered":"INTERJERA DIZAINS\u00a0"},"content":{"rendered":"\n<div class=\"wp-block-media-text is-stacked-on-mobile\"><figure class=\"wp-block-media-text__media\"><img loading=\"lazy\" decoding=\"async\" width=\"1024\" height=\"736\" src=\"https:\/\/izglitiba.valmierasnovads.lv\/vdmv\/wp-content\/uploads\/sites\/33\/2025\/07\/UZGAIDAMA-1-1024x736.jpg\" alt=\"\" class=\"wp-image-507 size-full\" srcset=\"https:\/\/izglitiba.valmierasnovads.lv\/vdmv\/wp-content\/uploads\/sites\/33\/2025\/07\/UZGAIDAMA-1-1024x736.jpg 1024w, https:\/\/izglitiba.valmierasnovads.lv\/vdmv\/wp-content\/uploads\/sites\/33\/2025\/07\/UZGAIDAMA-1-300x216.jpg 300w, https:\/\/izglitiba.valmierasnovads.lv\/vdmv\/wp-content\/uploads\/sites\/33\/2025\/07\/UZGAIDAMA-1-768x552.jpg 768w, https:\/\/izglitiba.valmierasnovads.lv\/vdmv\/wp-content\/uploads\/sites\/33\/2025\/07\/UZGAIDAMA-1.jpg 1280w\" sizes=\"auto, (max-width: 1024px) 100vw, 1024px\" \/><\/figure><div class=\"wp-block-media-text__content\">\n<p>Ieg\u016bstam\u0101 kvalifik\u0101cija &#8211;&nbsp;<strong>Interjera dizainera asistents<\/strong><\/p>\n\n\n\n<p>M\u0101c\u012bbu ilgums &#8211;&nbsp;<strong>4 gadi<\/strong><\/p>\n\n\n\n<p>Interjera dizaina izgl\u012bt\u012bbas programm\u0101 Tu iem\u0101c\u012bsies veidot priv\u0101tu un publisku telpu interjera projektus, izstr\u0101d\u0101t funkcion\u0101lus un m\u0101kslinieciskus interjera dizaina ideju risin\u0101jumus, veidot maketus un digit\u0101las telpisk\u0101s vizualiz\u0101cijas. Iem\u0101c\u012bsies izstr\u0101d\u0101t interjera projekta ras\u0113jumus, sagatavot dekorat\u012bvo materi\u0101lu, m\u0113be\u013cu, apr\u012bkojuma, iek\u0101rtu pied\u0101v\u0101jumu. Piedal\u012bsies interjera dizaina projekta \u012bsteno\u0161an\u0101.<\/p>\n<\/div><\/div>\n\n\n\n<div class=\"wp-block-columns is-layout-flex wp-container-core-columns-is-layout-28f84493 wp-block-columns-is-layout-flex\">\n<div class=\"wp-block-column is-layout-flow wp-block-column-is-layout-flow\">\n<p><strong>Visp\u0101rzigl\u012btojo\u0161ie m\u0101c\u012bbu priek\u0161meti:<\/strong><\/p>\n\n\n\n<ul class=\"wp-block-list\">\n<li>Latvie\u0161u valoda un literat\u016bra<\/li>\n\n\n\n<li>Matem\u0101tika<\/li>\n\n\n\n<li>Ang\u013cu valoda<\/li>\n\n\n\n<li>Sports<\/li>\n\n\n\n<li>V\u0113sture un soci\u0101l\u0101s zin\u0101tnes<\/li>\n<\/ul>\n<\/div>\n\n\n\n<div class=\"wp-block-column is-layout-flow wp-block-column-is-layout-flow\">\n<p><\/p>\n\n\n\n<ul class=\"wp-block-list\">\n<li>Kult\u016bras pamati<\/li>\n\n\n\n<li>Dabaszin\u012bbas<\/li>\n\n\n\n<li>Datorika<\/li>\n\n\n\n<li>Valsts aizsardz\u012bbas m\u0101c\u012bba<\/li>\n<\/ul>\n<\/div>\n<\/div>\n\n\n\n<hr class=\"wp-block-separator has-alpha-channel-opacity is-style-wide\" style=\"margin-top:0;margin-bottom:0\" \/>\n\n\n\n<div class=\"wp-block-columns is-layout-flex wp-container-core-columns-is-layout-28f84493 wp-block-columns-is-layout-flex\">\n<div class=\"wp-block-column is-layout-flow wp-block-column-is-layout-flow\">\n<p><strong>Profesion\u0101lie m\u0101c\u012bbu priek\u0161meti:<\/strong><\/p>\n\n\n\n<ul class=\"wp-block-list\">\n<li>Z\u012bm\u0113\u0161ana<\/li>\n\n\n\n<li>Glezno\u0161ana<\/li>\n\n\n\n<li>Kompoz\u012bcija<\/li>\n\n\n\n<li>Dizaina procesi<\/li>\n\n\n\n<li>Tehnisko ras\u0113jumu izstr\u0101de<\/li>\n\n\n\n<li>Interjera projekt\u0113\u0161ana vienai telpai<\/li>\n\n\n\n<li>Maket\u0113\u0161ana un model\u0113\u0161ana materi\u0101l\u0101<\/li>\n\n\n\n<li>Grafikas dizaina pa\u0146\u0113mienu lieto\u0161ana vides dizain\u0101<\/li>\n<\/ul>\n<\/div>\n\n\n\n<div class=\"wp-block-column is-layout-flow wp-block-column-is-layout-flow\">\n<p><\/p>\n\n\n\n<ul class=\"wp-block-list\">\n<li>3D model\u0113\u0161ana un vizualiz\u0101ciju izstr\u0101de digit\u0101l\u0101 vid\u0113<\/li>\n\n\n\n<li>Kult\u016brv\u0113sturisko v\u0113rt\u012bbu apzin\u0101\u0161ana&nbsp; vides dizain\u0101<\/li>\n\n\n\n<li>Interjera projekt\u0113\u0161ana priv\u0101tai telpu grupai<\/li>\n\n\n\n<li>Aprites ekonomikas piem\u0113ro\u0161ana dizain\u0101<\/li>\n\n\n\n<li>Interjera projekt\u0113\u0161ana publiskai telpu grupai<\/li>\n\n\n\n<li>Uz\u0146\u0113m\u0113jdarb\u012bba dizain\u0101<\/li>\n\n\n\n<li>Sabiedr\u012bbas un cilv\u0113ku dro\u0161\u012bba<\/li>\n\n\n\n<li>Digit\u0101lu tehnisko ras\u0113jumu izstr\u0101de<\/li>\n\n\n\n<li>Arhitekt\u016bras pamati<\/li>\n<\/ul>\n<\/div>\n<\/div>\n","protected":false},"excerpt":{"rendered":"<p>Ieg\u016bstam\u0101 kvalifik\u0101cija &#8211;&nbsp;Interjera dizainera asistents M\u0101c\u012bbu ilgums &#8211;&nbsp;4 gadi Interjera dizaina izgl\u012bt\u012bbas programm\u0101 Tu iem\u0101c\u012bsies veidot priv\u0101tu un publisku telpu [&hellip;]<\/p>\n","protected":false},"author":38,"featured_media":0,"parent":0,"menu_order":0,"comment_status":"closed","ping_status":"closed","template":"","meta":{"_acf_changed":false,"site-sidebar-layout":"default","site-content-layout":"","ast-site-content-layout":"default","site-content-style":"default","site-sidebar-style":"default","ast-global-header-display":"","ast-banner-title-visibility":"","ast-main-header-display":"","ast-hfb-above-header-display":"","ast-hfb-below-header-display":"","ast-hfb-mobile-header-display":"","site-post-title":"","ast-breadcrumbs-content":"","ast-featured-img":"","footer-sml-layout":"","ast-disable-related-posts":"","theme-transparent-header-meta":"","adv-header-id-meta":"","stick-header-meta":"","header-above-stick-meta":"","header-main-stick-meta":"","header-below-stick-meta":"","astra-migrate-meta-layouts":"default","ast-page-background-enabled":"default","ast-page-background-meta":{"desktop":{"background-color":"var(--ast-global-color-5)","background-image":"","background-repeat":"repeat","background-position":"center center","background-size":"auto","background-attachment":"scroll","background-type":"","background-media":"","overlay-type":"","overlay-color":"","overlay-opacity":"","overlay-gradient":""},"tablet":{"background-color":"","background-image":"","background-repeat":"repeat","background-position":"center center","background-size":"auto","background-attachment":"scroll","background-type":"","background-media":"","overlay-type":"","overlay-color":"","overlay-opacity":"","overlay-gradient":""},"mobile":{"background-color":"","background-image":"","background-repeat":"repeat","background-position":"center center","background-size":"auto","background-attachment":"scroll","background-type":"","background-media":"","overlay-type":"","overlay-color":"","overlay-opacity":"","overlay-gradient":""}},"ast-content-background-meta":{"desktop":{"background-color":"var(--ast-global-color-4)","background-image":"","background-repeat":"repeat","background-position":"center center","background-size":"auto","background-attachment":"scroll","background-type":"","background-media":"","overlay-type":"","overlay-color":"","overlay-opacity":"","overlay-gradient":""},"tablet":{"background-color":"var(--ast-global-color-4)","background-image":"","background-repeat":"repeat","background-position":"center center","background-size":"auto","background-attachment":"scroll","background-type":"","background-media":"","overlay-type":"","overlay-color":"","overlay-opacity":"","overlay-gradient":""},"mobile":{"background-color":"var(--ast-global-color-4)","background-image":"","background-repeat":"repeat","background-position":"center center","background-size":"auto","background-attachment":"scroll","background-type":"","background-media":"","overlay-type":"","overlay-color":"","overlay-opacity":"","overlay-gradient":""}},"footnotes":""},"class_list":["post-491","page","type-page","status-publish","hentry"],"acf":[],"yoast_head":"<!-- This site is optimized with the Yoast SEO plugin v27.0 - https:\/\/yoast.com\/product\/yoast-seo-wordpress\/ -->\n<title>INTERJERA DIZAINS\u00a0 -<\/title>\n<meta name=\"robots\" content=\"index, follow, max-snippet:-1, max-image-preview:large, max-video-preview:-1\" \/>\n<link rel=\"canonical\" href=\"https:\/\/izglitiba.valmierasnovads.lv\/vdmv\/interjera-dizains\/\" \/>\n<meta property=\"og:locale\" content=\"lv_LV\" \/>\n<meta property=\"og:type\" content=\"article\" \/>\n<meta property=\"og:title\" content=\"INTERJERA DIZAINS\u00a0 -\" \/>\n<meta property=\"og:description\" content=\"Ieg\u016bstam\u0101 kvalifik\u0101cija &#8211;&nbsp;Interjera dizainera asistents M\u0101c\u012bbu ilgums &#8211;&nbsp;4 gadi Interjera dizaina izgl\u012bt\u012bbas programm\u0101 Tu iem\u0101c\u012bsies veidot priv\u0101tu un publisku telpu [&hellip;]\" \/>\n<meta property=\"og:url\" content=\"https:\/\/izglitiba.valmierasnovads.lv\/vdmv\/interjera-dizains\/\" \/>\n<meta property=\"article:modified_time\" content=\"2025-07-11T13:08:08+00:00\" \/>\n<meta property=\"og:image\" content=\"https:\/\/izglitiba.valmierasnovads.lv\/vdmv\/wp-content\/uploads\/sites\/33\/2025\/07\/UZGAIDAMA-1.jpg\" \/>\n\t<meta property=\"og:image:width\" content=\"1280\" \/>\n\t<meta property=\"og:image:height\" content=\"920\" \/>\n\t<meta property=\"og:image:type\" content=\"image\/jpeg\" \/>\n<meta name=\"twitter:card\" content=\"summary_large_image\" \/>\n<meta name=\"twitter:label1\" content=\"Est. reading time\" \/>\n\t<meta name=\"twitter:data1\" content=\"1 min\u016bte\" \/>\n<script type=\"application\/ld+json\" class=\"yoast-schema-graph\">{\"@context\":\"https:\/\/schema.org\",\"@graph\":[{\"@type\":\"WebPage\",\"@id\":\"https:\/\/izglitiba.valmierasnovads.lv\/vdmv\/interjera-dizains\/\",\"url\":\"https:\/\/izglitiba.valmierasnovads.lv\/vdmv\/interjera-dizains\/\",\"name\":\"INTERJERA DIZAINS\u00a0 -\",\"isPartOf\":{\"@id\":\"https:\/\/izglitiba.valmierasnovads.lv\/vdmv\/#website\"},\"primaryImageOfPage\":{\"@id\":\"https:\/\/izglitiba.valmierasnovads.lv\/vdmv\/interjera-dizains\/#primaryimage\"},\"image\":{\"@id\":\"https:\/\/izglitiba.valmierasnovads.lv\/vdmv\/interjera-dizains\/#primaryimage\"},\"thumbnailUrl\":\"https:\/\/izglitiba.valmierasnovads.lv\/vdmv\/wp-content\/uploads\/sites\/33\/2025\/07\/UZGAIDAMA-1-1024x736.jpg\",\"datePublished\":\"2025-07-11T13:00:21+00:00\",\"dateModified\":\"2025-07-11T13:08:08+00:00\",\"breadcrumb\":{\"@id\":\"https:\/\/izglitiba.valmierasnovads.lv\/vdmv\/interjera-dizains\/#breadcrumb\"},\"inLanguage\":\"lv-LV\",\"potentialAction\":[{\"@type\":\"ReadAction\",\"target\":[\"https:\/\/izglitiba.valmierasnovads.lv\/vdmv\/interjera-dizains\/\"]}]},{\"@type\":\"ImageObject\",\"inLanguage\":\"lv-LV\",\"@id\":\"https:\/\/izglitiba.valmierasnovads.lv\/vdmv\/interjera-dizains\/#primaryimage\",\"url\":\"https:\/\/izglitiba.valmierasnovads.lv\/vdmv\/wp-content\/uploads\/sites\/33\/2025\/07\/UZGAIDAMA-1.jpg\",\"contentUrl\":\"https:\/\/izglitiba.valmierasnovads.lv\/vdmv\/wp-content\/uploads\/sites\/33\/2025\/07\/UZGAIDAMA-1.jpg\",\"width\":1280,\"height\":920},{\"@type\":\"BreadcrumbList\",\"@id\":\"https:\/\/izglitiba.valmierasnovads.lv\/vdmv\/interjera-dizains\/#breadcrumb\",\"itemListElement\":[{\"@type\":\"ListItem\",\"position\":1,\"name\":\"Home\",\"item\":\"https:\/\/izglitiba.valmierasnovads.lv\/vdmv\/\"},{\"@type\":\"ListItem\",\"position\":2,\"name\":\"INTERJERA DIZAINS\u00a0\"}]},{\"@type\":\"WebSite\",\"@id\":\"https:\/\/izglitiba.valmierasnovads.lv\/vdmv\/#website\",\"url\":\"https:\/\/izglitiba.valmierasnovads.lv\/vdmv\/\",\"name\":\"\",\"description\":\"\",\"potentialAction\":[{\"@type\":\"SearchAction\",\"target\":{\"@type\":\"EntryPoint\",\"urlTemplate\":\"https:\/\/izglitiba.valmierasnovads.lv\/vdmv\/?s={search_term_string}\"},\"query-input\":{\"@type\":\"PropertyValueSpecification\",\"valueRequired\":true,\"valueName\":\"search_term_string\"}}],\"inLanguage\":\"lv-LV\"}]}<\/script>\n<!-- \/ Yoast SEO plugin. -->","yoast_head_json":{"title":"INTERJERA DIZAINS\u00a0 -","robots":{"index":"index","follow":"follow","max-snippet":"max-snippet:-1","max-image-preview":"max-image-preview:large","max-video-preview":"max-video-preview:-1"},"canonical":"https:\/\/izglitiba.valmierasnovads.lv\/vdmv\/interjera-dizains\/","og_locale":"lv_LV","og_type":"article","og_title":"INTERJERA DIZAINS\u00a0 -","og_description":"Ieg\u016bstam\u0101 kvalifik\u0101cija &#8211;&nbsp;Interjera dizainera asistents M\u0101c\u012bbu ilgums &#8211;&nbsp;4 gadi Interjera dizaina izgl\u012bt\u012bbas programm\u0101 Tu iem\u0101c\u012bsies veidot priv\u0101tu un publisku telpu [&hellip;]","og_url":"https:\/\/izglitiba.valmierasnovads.lv\/vdmv\/interjera-dizains\/","article_modified_time":"2025-07-11T13:08:08+00:00","og_image":[{"width":1280,"height":920,"url":"https:\/\/izglitiba.valmierasnovads.lv\/vdmv\/wp-content\/uploads\/sites\/33\/2025\/07\/UZGAIDAMA-1.jpg","type":"image\/jpeg"}],"twitter_card":"summary_large_image","twitter_misc":{"Est. reading time":"1 min\u016bte"},"schema":{"@context":"https:\/\/schema.org","@graph":[{"@type":"WebPage","@id":"https:\/\/izglitiba.valmierasnovads.lv\/vdmv\/interjera-dizains\/","url":"https:\/\/izglitiba.valmierasnovads.lv\/vdmv\/interjera-dizains\/","name":"INTERJERA DIZAINS\u00a0 -","isPartOf":{"@id":"https:\/\/izglitiba.valmierasnovads.lv\/vdmv\/#website"},"primaryImageOfPage":{"@id":"https:\/\/izglitiba.valmierasnovads.lv\/vdmv\/interjera-dizains\/#primaryimage"},"image":{"@id":"https:\/\/izglitiba.valmierasnovads.lv\/vdmv\/interjera-dizains\/#primaryimage"},"thumbnailUrl":"https:\/\/izglitiba.valmierasnovads.lv\/vdmv\/wp-content\/uploads\/sites\/33\/2025\/07\/UZGAIDAMA-1-1024x736.jpg","datePublished":"2025-07-11T13:00:21+00:00","dateModified":"2025-07-11T13:08:08+00:00","breadcrumb":{"@id":"https:\/\/izglitiba.valmierasnovads.lv\/vdmv\/interjera-dizains\/#breadcrumb"},"inLanguage":"lv-LV","potentialAction":[{"@type":"ReadAction","target":["https:\/\/izglitiba.valmierasnovads.lv\/vdmv\/interjera-dizains\/"]}]},{"@type":"ImageObject","inLanguage":"lv-LV","@id":"https:\/\/izglitiba.valmierasnovads.lv\/vdmv\/interjera-dizains\/#primaryimage","url":"https:\/\/izglitiba.valmierasnovads.lv\/vdmv\/wp-content\/uploads\/sites\/33\/2025\/07\/UZGAIDAMA-1.jpg","contentUrl":"https:\/\/izglitiba.valmierasnovads.lv\/vdmv\/wp-content\/uploads\/sites\/33\/2025\/07\/UZGAIDAMA-1.jpg","width":1280,"height":920},{"@type":"BreadcrumbList","@id":"https:\/\/izglitiba.valmierasnovads.lv\/vdmv\/interjera-dizains\/#breadcrumb","itemListElement":[{"@type":"ListItem","position":1,"name":"Home","item":"https:\/\/izglitiba.valmierasnovads.lv\/vdmv\/"},{"@type":"ListItem","position":2,"name":"INTERJERA DIZAINS\u00a0"}]},{"@type":"WebSite","@id":"https:\/\/izglitiba.valmierasnovads.lv\/vdmv\/#website","url":"https:\/\/izglitiba.valmierasnovads.lv\/vdmv\/","name":"","description":"","potentialAction":[{"@type":"SearchAction","target":{"@type":"EntryPoint","urlTemplate":"https:\/\/izglitiba.valmierasnovads.lv\/vdmv\/?s={search_term_string}"},"query-input":{"@type":"PropertyValueSpecification","valueRequired":true,"valueName":"search_term_string"}}],"inLanguage":"lv-LV"}]}},"_links":{"self":[{"href":"https:\/\/izglitiba.valmierasnovads.lv\/vdmv\/wp-json\/wp\/v2\/pages\/491","targetHints":{"allow":["GET"]}}],"collection":[{"href":"https:\/\/izglitiba.valmierasnovads.lv\/vdmv\/wp-json\/wp\/v2\/pages"}],"about":[{"href":"https:\/\/izglitiba.valmierasnovads.lv\/vdmv\/wp-json\/wp\/v2\/types\/page"}],"author":[{"embeddable":true,"href":"https:\/\/izglitiba.valmierasnovads.lv\/vdmv\/wp-json\/wp\/v2\/users\/38"}],"replies":[{"embeddable":true,"href":"https:\/\/izglitiba.valmierasnovads.lv\/vdmv\/wp-json\/wp\/v2\/comments?post=491"}],"version-history":[{"count":2,"href":"https:\/\/izglitiba.valmierasnovads.lv\/vdmv\/wp-json\/wp\/v2\/pages\/491\/revisions"}],"predecessor-version":[{"id":509,"href":"https:\/\/izglitiba.valmierasnovads.lv\/vdmv\/wp-json\/wp\/v2\/pages\/491\/revisions\/509"}],"wp:attachment":[{"href":"https:\/\/izglitiba.valmierasnovads.lv\/vdmv\/wp-json\/wp\/v2\/media?parent=491"}],"curies":[{"name":"wp","href":"https:\/\/api.w.org\/{rel}","templated":true}]}}