{"id":512,"date":"2025-07-15T10:41:03","date_gmt":"2025-07-15T07:41:03","guid":{"rendered":"https:\/\/izglitiba.valmierasnovads.lv\/vdmv\/?page_id=512"},"modified":"2025-07-15T10:44:28","modified_gmt":"2025-07-15T07:44:28","slug":"grafikas-dizains","status":"publish","type":"page","link":"https:\/\/izglitiba.valmierasnovads.lv\/vdmv\/grafikas-dizains\/","title":{"rendered":"GRAFIKAS DIZAINS"},"content":{"rendered":"\n<div class=\"wp-block-media-text is-stacked-on-mobile\" style=\"grid-template-columns:48% auto\"><figure class=\"wp-block-media-text__media\"><img loading=\"lazy\" decoding=\"async\" width=\"1024\" height=\"665\" src=\"https:\/\/izglitiba.valmierasnovads.lv\/vdmv\/wp-content\/uploads\/sites\/33\/2025\/07\/391677915_857021196428468_8267232698113131663_n-1024x665.jpg\" alt=\"\" class=\"wp-image-513 size-full\" srcset=\"https:\/\/izglitiba.valmierasnovads.lv\/vdmv\/wp-content\/uploads\/sites\/33\/2025\/07\/391677915_857021196428468_8267232698113131663_n-1024x665.jpg 1024w, https:\/\/izglitiba.valmierasnovads.lv\/vdmv\/wp-content\/uploads\/sites\/33\/2025\/07\/391677915_857021196428468_8267232698113131663_n-300x195.jpg 300w, https:\/\/izglitiba.valmierasnovads.lv\/vdmv\/wp-content\/uploads\/sites\/33\/2025\/07\/391677915_857021196428468_8267232698113131663_n-768x498.jpg 768w, https:\/\/izglitiba.valmierasnovads.lv\/vdmv\/wp-content\/uploads\/sites\/33\/2025\/07\/391677915_857021196428468_8267232698113131663_n.jpg 1080w\" sizes=\"auto, (max-width: 1024px) 100vw, 1024px\" \/><\/figure><div class=\"wp-block-media-text__content\">\n<p>Ieg\u016bstam\u0101 kvalifik\u0101cija &#8211;\u00a0<strong>Grafikas dizainera asistents<\/strong><\/p>\n\n\n\n<p>M\u0101c\u012bbu ilgums \u2013\u00a0<strong>4 gadi<\/strong><\/p>\n\n\n\n<p>Grafikas dizaina izgl\u012bt\u012bbas programm\u0101 Tu apg\u016bsi prasmi izstr\u0101d\u0101t dizainu druk\u0101to un digit\u0101lo mediju komunik\u0101cijai da\u017e\u0101dos kan\u0101los. Pl\u0101nosi un veidosi z\u012bmola identit\u0101ti, iek\u013caujot logo, viz\u012btkartes, bukletus un citus vizu\u0101l\u0101s rekl\u0101mas materi\u0101lus. Veidosi plak\u0101tus, iepakojuma dizainu, gr\u0101matu noform\u0113jumu un vides rekl\u0101mas projektus.&nbsp;<\/p>\n<\/div><\/div>\n\n\n\n<div class=\"wp-block-columns is-layout-flex wp-container-core-columns-is-layout-28f84493 wp-block-columns-is-layout-flex\">\n<div class=\"wp-block-column is-layout-flow wp-block-column-is-layout-flow\">\n<p><strong>Visp\u0101rzigl\u012btojo\u0161ie m\u0101c\u012bbu priek\u0161meti:<\/strong><\/p>\n\n\n\n<ul class=\"wp-block-list\">\n<li>Latvie\u0161u valoda un literat\u016bra<\/li>\n\n\n\n<li>Matem\u0101tika<\/li>\n\n\n\n<li>Ang\u013cu valoda<\/li>\n\n\n\n<li>Sports<\/li>\n\n\n\n<li>V\u0113sture un soci\u0101l\u0101s zin\u0101tnes<\/li>\n<\/ul>\n<\/div>\n\n\n\n<div class=\"wp-block-column is-layout-flow wp-block-column-is-layout-flow\">\n<p><\/p>\n\n\n\n<ul class=\"wp-block-list\">\n<li>Kult\u016bras pamati<\/li>\n\n\n\n<li>Dabaszin\u012bbas<\/li>\n\n\n\n<li>Datorika<\/li>\n\n\n\n<li>Valsts aizsardz\u012bbas m\u0101c\u012bba<\/li>\n<\/ul>\n<\/div>\n<\/div>\n\n\n\n<hr class=\"wp-block-separator has-alpha-channel-opacity is-style-wide\" style=\"margin-top:var(--wp--preset--spacing--20);margin-bottom:var(--wp--preset--spacing--20)\" \/>\n\n\n\n<div class=\"wp-block-columns is-layout-flex wp-container-core-columns-is-layout-28f84493 wp-block-columns-is-layout-flex\">\n<div class=\"wp-block-column is-layout-flow wp-block-column-is-layout-flow\">\n<p><strong>Profesion\u0101lie m\u0101c\u012bbu priek\u0161meti:<\/strong><\/p>\n\n\n\n<ul class=\"wp-block-list\">\n<li>Z\u012bm\u0113\u0161ana<\/li>\n\n\n\n<li>Glezno\u0161ana<\/li>\n\n\n\n<li>Kompoz\u012bcija<\/li>\n\n\n\n<li>Dizaina procesi<\/li>\n\n\n\n<li>Grafikas datorprogrammu lieto\u0161ana komunik\u0101cijas dizain\u0101<\/li>\n\n\n\n<li>Tipografika<\/li>\n\n\n\n<li>Foto un video tehnolo\u0123iju lieto\u0161ana komunik\u0101cijas dizain\u0101<\/li>\n\n\n\n<li>T\u0113lu un vides skic\u0113\u0161ana<\/li>\n\n\n\n<li>Ilustr\u0101ciju veido\u0161ana<\/li>\n<\/ul>\n<\/div>\n\n\n\n<div class=\"wp-block-column is-layout-flow wp-block-column-is-layout-flow\">\n<p><\/p>\n\n\n\n<ul class=\"wp-block-list\">\n<li>Inform\u0101cijas un datu vizualiz\u0113\u0161ana<\/li>\n\n\n\n<li>Komunik\u0101cijas dizaina konteksta izp\u0113te<\/li>\n\n\n\n<li>Vizu\u0101l\u0101s identit\u0101tes izstr\u0101de<\/li>\n\n\n\n<li>Iepakojuma grafikas dizaina veido\u0161ana<\/li>\n\n\n\n<li>Lietot\u0146u, t\u012bmek\u013ca viet\u0146u prototip\u0113\u0161ana<\/li>\n\n\n\n<li>Komunik\u0101cijas dizaina projekta organiz\u0113\u0161ana un \u012bsteno\u0161ana<\/li>\n\n\n\n<li>Uz\u0146\u0113m\u0113jdarb\u012bba dizain\u0101<\/li>\n\n\n\n<li>Sabiedr\u012bbas un cilv\u0113ka dro\u0161\u012bba<\/li>\n\n\n\n<li>Grafikas dizaina izmanto\u0161ana vid\u0113<\/li>\n<\/ul>\n<\/div>\n<\/div>\n\n\n\n<p><\/p>\n","protected":false},"excerpt":{"rendered":"<p>Ieg\u016bstam\u0101 kvalifik\u0101cija &#8211;\u00a0Grafikas dizainera asistents M\u0101c\u012bbu ilgums \u2013\u00a04 gadi Grafikas dizaina izgl\u012bt\u012bbas programm\u0101 Tu apg\u016bsi prasmi izstr\u0101d\u0101t dizainu druk\u0101to un [&hellip;]<\/p>\n","protected":false},"author":38,"featured_media":0,"parent":0,"menu_order":0,"comment_status":"closed","ping_status":"closed","template":"","meta":{"_acf_changed":false,"site-sidebar-layout":"default","site-content-layout":"","ast-site-content-layout":"default","site-content-style":"default","site-sidebar-style":"default","ast-global-header-display":"","ast-banner-title-visibility":"","ast-main-header-display":"","ast-hfb-above-header-display":"","ast-hfb-below-header-display":"","ast-hfb-mobile-header-display":"","site-post-title":"","ast-breadcrumbs-content":"","ast-featured-img":"","footer-sml-layout":"","ast-disable-related-posts":"","theme-transparent-header-meta":"","adv-header-id-meta":"","stick-header-meta":"","header-above-stick-meta":"","header-main-stick-meta":"","header-below-stick-meta":"","astra-migrate-meta-layouts":"default","ast-page-background-enabled":"default","ast-page-background-meta":{"desktop":{"background-color":"var(--ast-global-color-5)","background-image":"","background-repeat":"repeat","background-position":"center center","background-size":"auto","background-attachment":"scroll","background-type":"","background-media":"","overlay-type":"","overlay-color":"","overlay-opacity":"","overlay-gradient":""},"tablet":{"background-color":"","background-image":"","background-repeat":"repeat","background-position":"center center","background-size":"auto","background-attachment":"scroll","background-type":"","background-media":"","overlay-type":"","overlay-color":"","overlay-opacity":"","overlay-gradient":""},"mobile":{"background-color":"","background-image":"","background-repeat":"repeat","background-position":"center center","background-size":"auto","background-attachment":"scroll","background-type":"","background-media":"","overlay-type":"","overlay-color":"","overlay-opacity":"","overlay-gradient":""}},"ast-content-background-meta":{"desktop":{"background-color":"var(--ast-global-color-4)","background-image":"","background-repeat":"repeat","background-position":"center center","background-size":"auto","background-attachment":"scroll","background-type":"","background-media":"","overlay-type":"","overlay-color":"","overlay-opacity":"","overlay-gradient":""},"tablet":{"background-color":"var(--ast-global-color-4)","background-image":"","background-repeat":"repeat","background-position":"center center","background-size":"auto","background-attachment":"scroll","background-type":"","background-media":"","overlay-type":"","overlay-color":"","overlay-opacity":"","overlay-gradient":""},"mobile":{"background-color":"var(--ast-global-color-4)","background-image":"","background-repeat":"repeat","background-position":"center center","background-size":"auto","background-attachment":"scroll","background-type":"","background-media":"","overlay-type":"","overlay-color":"","overlay-opacity":"","overlay-gradient":""}},"footnotes":""},"class_list":["post-512","page","type-page","status-publish","hentry"],"acf":[],"yoast_head":"<!-- This site is optimized with the Yoast SEO plugin v27.0 - https:\/\/yoast.com\/product\/yoast-seo-wordpress\/ -->\n<title>GRAFIKAS DIZAINS -<\/title>\n<meta name=\"robots\" content=\"index, follow, max-snippet:-1, max-image-preview:large, max-video-preview:-1\" \/>\n<link rel=\"canonical\" href=\"https:\/\/izglitiba.valmierasnovads.lv\/vdmv\/grafikas-dizains\/\" \/>\n<meta property=\"og:locale\" content=\"lv_LV\" \/>\n<meta property=\"og:type\" content=\"article\" \/>\n<meta property=\"og:title\" content=\"GRAFIKAS DIZAINS -\" \/>\n<meta property=\"og:description\" content=\"Ieg\u016bstam\u0101 kvalifik\u0101cija &#8211;\u00a0Grafikas dizainera asistents M\u0101c\u012bbu ilgums \u2013\u00a04 gadi Grafikas dizaina izgl\u012bt\u012bbas programm\u0101 Tu apg\u016bsi prasmi izstr\u0101d\u0101t dizainu druk\u0101to un [&hellip;]\" \/>\n<meta property=\"og:url\" content=\"https:\/\/izglitiba.valmierasnovads.lv\/vdmv\/grafikas-dizains\/\" \/>\n<meta property=\"article:modified_time\" content=\"2025-07-15T07:44:28+00:00\" \/>\n<meta property=\"og:image\" content=\"https:\/\/izglitiba.valmierasnovads.lv\/vdmv\/wp-content\/uploads\/sites\/33\/2025\/07\/391677915_857021196428468_8267232698113131663_n.jpg\" \/>\n\t<meta property=\"og:image:width\" content=\"1080\" \/>\n\t<meta property=\"og:image:height\" content=\"701\" \/>\n\t<meta property=\"og:image:type\" content=\"image\/jpeg\" \/>\n<meta name=\"twitter:card\" content=\"summary_large_image\" \/>\n<meta name=\"twitter:label1\" content=\"Est. reading time\" \/>\n\t<meta name=\"twitter:data1\" content=\"1 min\u016bte\" \/>\n<script type=\"application\/ld+json\" class=\"yoast-schema-graph\">{\"@context\":\"https:\/\/schema.org\",\"@graph\":[{\"@type\":\"WebPage\",\"@id\":\"https:\/\/izglitiba.valmierasnovads.lv\/vdmv\/grafikas-dizains\/\",\"url\":\"https:\/\/izglitiba.valmierasnovads.lv\/vdmv\/grafikas-dizains\/\",\"name\":\"GRAFIKAS DIZAINS -\",\"isPartOf\":{\"@id\":\"https:\/\/izglitiba.valmierasnovads.lv\/vdmv\/#website\"},\"primaryImageOfPage\":{\"@id\":\"https:\/\/izglitiba.valmierasnovads.lv\/vdmv\/grafikas-dizains\/#primaryimage\"},\"image\":{\"@id\":\"https:\/\/izglitiba.valmierasnovads.lv\/vdmv\/grafikas-dizains\/#primaryimage\"},\"thumbnailUrl\":\"https:\/\/izglitiba.valmierasnovads.lv\/vdmv\/wp-content\/uploads\/sites\/33\/2025\/07\/391677915_857021196428468_8267232698113131663_n-1024x665.jpg\",\"datePublished\":\"2025-07-15T07:41:03+00:00\",\"dateModified\":\"2025-07-15T07:44:28+00:00\",\"breadcrumb\":{\"@id\":\"https:\/\/izglitiba.valmierasnovads.lv\/vdmv\/grafikas-dizains\/#breadcrumb\"},\"inLanguage\":\"lv-LV\",\"potentialAction\":[{\"@type\":\"ReadAction\",\"target\":[\"https:\/\/izglitiba.valmierasnovads.lv\/vdmv\/grafikas-dizains\/\"]}]},{\"@type\":\"ImageObject\",\"inLanguage\":\"lv-LV\",\"@id\":\"https:\/\/izglitiba.valmierasnovads.lv\/vdmv\/grafikas-dizains\/#primaryimage\",\"url\":\"https:\/\/izglitiba.valmierasnovads.lv\/vdmv\/wp-content\/uploads\/sites\/33\/2025\/07\/391677915_857021196428468_8267232698113131663_n.jpg\",\"contentUrl\":\"https:\/\/izglitiba.valmierasnovads.lv\/vdmv\/wp-content\/uploads\/sites\/33\/2025\/07\/391677915_857021196428468_8267232698113131663_n.jpg\",\"width\":1080,\"height\":701},{\"@type\":\"BreadcrumbList\",\"@id\":\"https:\/\/izglitiba.valmierasnovads.lv\/vdmv\/grafikas-dizains\/#breadcrumb\",\"itemListElement\":[{\"@type\":\"ListItem\",\"position\":1,\"name\":\"Home\",\"item\":\"https:\/\/izglitiba.valmierasnovads.lv\/vdmv\/\"},{\"@type\":\"ListItem\",\"position\":2,\"name\":\"GRAFIKAS DIZAINS\"}]},{\"@type\":\"WebSite\",\"@id\":\"https:\/\/izglitiba.valmierasnovads.lv\/vdmv\/#website\",\"url\":\"https:\/\/izglitiba.valmierasnovads.lv\/vdmv\/\",\"name\":\"\",\"description\":\"\",\"potentialAction\":[{\"@type\":\"SearchAction\",\"target\":{\"@type\":\"EntryPoint\",\"urlTemplate\":\"https:\/\/izglitiba.valmierasnovads.lv\/vdmv\/?s={search_term_string}\"},\"query-input\":{\"@type\":\"PropertyValueSpecification\",\"valueRequired\":true,\"valueName\":\"search_term_string\"}}],\"inLanguage\":\"lv-LV\"}]}<\/script>\n<!-- \/ Yoast SEO plugin. -->","yoast_head_json":{"title":"GRAFIKAS DIZAINS -","robots":{"index":"index","follow":"follow","max-snippet":"max-snippet:-1","max-image-preview":"max-image-preview:large","max-video-preview":"max-video-preview:-1"},"canonical":"https:\/\/izglitiba.valmierasnovads.lv\/vdmv\/grafikas-dizains\/","og_locale":"lv_LV","og_type":"article","og_title":"GRAFIKAS DIZAINS -","og_description":"Ieg\u016bstam\u0101 kvalifik\u0101cija &#8211;\u00a0Grafikas dizainera asistents M\u0101c\u012bbu ilgums \u2013\u00a04 gadi Grafikas dizaina izgl\u012bt\u012bbas programm\u0101 Tu apg\u016bsi prasmi izstr\u0101d\u0101t dizainu druk\u0101to un [&hellip;]","og_url":"https:\/\/izglitiba.valmierasnovads.lv\/vdmv\/grafikas-dizains\/","article_modified_time":"2025-07-15T07:44:28+00:00","og_image":[{"width":1080,"height":701,"url":"https:\/\/izglitiba.valmierasnovads.lv\/vdmv\/wp-content\/uploads\/sites\/33\/2025\/07\/391677915_857021196428468_8267232698113131663_n.jpg","type":"image\/jpeg"}],"twitter_card":"summary_large_image","twitter_misc":{"Est. reading time":"1 min\u016bte"},"schema":{"@context":"https:\/\/schema.org","@graph":[{"@type":"WebPage","@id":"https:\/\/izglitiba.valmierasnovads.lv\/vdmv\/grafikas-dizains\/","url":"https:\/\/izglitiba.valmierasnovads.lv\/vdmv\/grafikas-dizains\/","name":"GRAFIKAS DIZAINS -","isPartOf":{"@id":"https:\/\/izglitiba.valmierasnovads.lv\/vdmv\/#website"},"primaryImageOfPage":{"@id":"https:\/\/izglitiba.valmierasnovads.lv\/vdmv\/grafikas-dizains\/#primaryimage"},"image":{"@id":"https:\/\/izglitiba.valmierasnovads.lv\/vdmv\/grafikas-dizains\/#primaryimage"},"thumbnailUrl":"https:\/\/izglitiba.valmierasnovads.lv\/vdmv\/wp-content\/uploads\/sites\/33\/2025\/07\/391677915_857021196428468_8267232698113131663_n-1024x665.jpg","datePublished":"2025-07-15T07:41:03+00:00","dateModified":"2025-07-15T07:44:28+00:00","breadcrumb":{"@id":"https:\/\/izglitiba.valmierasnovads.lv\/vdmv\/grafikas-dizains\/#breadcrumb"},"inLanguage":"lv-LV","potentialAction":[{"@type":"ReadAction","target":["https:\/\/izglitiba.valmierasnovads.lv\/vdmv\/grafikas-dizains\/"]}]},{"@type":"ImageObject","inLanguage":"lv-LV","@id":"https:\/\/izglitiba.valmierasnovads.lv\/vdmv\/grafikas-dizains\/#primaryimage","url":"https:\/\/izglitiba.valmierasnovads.lv\/vdmv\/wp-content\/uploads\/sites\/33\/2025\/07\/391677915_857021196428468_8267232698113131663_n.jpg","contentUrl":"https:\/\/izglitiba.valmierasnovads.lv\/vdmv\/wp-content\/uploads\/sites\/33\/2025\/07\/391677915_857021196428468_8267232698113131663_n.jpg","width":1080,"height":701},{"@type":"BreadcrumbList","@id":"https:\/\/izglitiba.valmierasnovads.lv\/vdmv\/grafikas-dizains\/#breadcrumb","itemListElement":[{"@type":"ListItem","position":1,"name":"Home","item":"https:\/\/izglitiba.valmierasnovads.lv\/vdmv\/"},{"@type":"ListItem","position":2,"name":"GRAFIKAS DIZAINS"}]},{"@type":"WebSite","@id":"https:\/\/izglitiba.valmierasnovads.lv\/vdmv\/#website","url":"https:\/\/izglitiba.valmierasnovads.lv\/vdmv\/","name":"","description":"","potentialAction":[{"@type":"SearchAction","target":{"@type":"EntryPoint","urlTemplate":"https:\/\/izglitiba.valmierasnovads.lv\/vdmv\/?s={search_term_string}"},"query-input":{"@type":"PropertyValueSpecification","valueRequired":true,"valueName":"search_term_string"}}],"inLanguage":"lv-LV"}]}},"_links":{"self":[{"href":"https:\/\/izglitiba.valmierasnovads.lv\/vdmv\/wp-json\/wp\/v2\/pages\/512","targetHints":{"allow":["GET"]}}],"collection":[{"href":"https:\/\/izglitiba.valmierasnovads.lv\/vdmv\/wp-json\/wp\/v2\/pages"}],"about":[{"href":"https:\/\/izglitiba.valmierasnovads.lv\/vdmv\/wp-json\/wp\/v2\/types\/page"}],"author":[{"embeddable":true,"href":"https:\/\/izglitiba.valmierasnovads.lv\/vdmv\/wp-json\/wp\/v2\/users\/38"}],"replies":[{"embeddable":true,"href":"https:\/\/izglitiba.valmierasnovads.lv\/vdmv\/wp-json\/wp\/v2\/comments?post=512"}],"version-history":[{"count":1,"href":"https:\/\/izglitiba.valmierasnovads.lv\/vdmv\/wp-json\/wp\/v2\/pages\/512\/revisions"}],"predecessor-version":[{"id":514,"href":"https:\/\/izglitiba.valmierasnovads.lv\/vdmv\/wp-json\/wp\/v2\/pages\/512\/revisions\/514"}],"wp:attachment":[{"href":"https:\/\/izglitiba.valmierasnovads.lv\/vdmv\/wp-json\/wp\/v2\/media?parent=512"}],"curies":[{"name":"wp","href":"https:\/\/api.w.org\/{rel}","templated":true}]}}