{"id":527,"date":"2025-07-15T10:59:04","date_gmt":"2025-07-15T07:59:04","guid":{"rendered":"https:\/\/izglitiba.valmierasnovads.lv\/vdmv\/?page_id=527"},"modified":"2025-07-15T10:59:04","modified_gmt":"2025-07-15T07:59:04","slug":"audiovizualas-komunikacijas-dizains","status":"publish","type":"page","link":"https:\/\/izglitiba.valmierasnovads.lv\/vdmv\/audiovizualas-komunikacijas-dizains\/","title":{"rendered":"AUDIOVIZU\u0100L\u0100S KOMUNIK\u0100CIJAS DIZAINS"},"content":{"rendered":"\n<div class=\"wp-block-media-text is-stacked-on-mobile\"><figure class=\"wp-block-media-text__media\"><img loading=\"lazy\" decoding=\"async\" width=\"1024\" height=\"806\" src=\"https:\/\/izglitiba.valmierasnovads.lv\/vdmv\/wp-content\/uploads\/sites\/33\/2025\/07\/Edgara-istaba-1024x806.png\" alt=\"\" class=\"wp-image-528 size-full\" srcset=\"https:\/\/izglitiba.valmierasnovads.lv\/vdmv\/wp-content\/uploads\/sites\/33\/2025\/07\/Edgara-istaba-1024x806.png 1024w, https:\/\/izglitiba.valmierasnovads.lv\/vdmv\/wp-content\/uploads\/sites\/33\/2025\/07\/Edgara-istaba-300x236.png 300w, https:\/\/izglitiba.valmierasnovads.lv\/vdmv\/wp-content\/uploads\/sites\/33\/2025\/07\/Edgara-istaba-768x604.png 768w, https:\/\/izglitiba.valmierasnovads.lv\/vdmv\/wp-content\/uploads\/sites\/33\/2025\/07\/Edgara-istaba.png 1280w\" sizes=\"auto, (max-width: 1024px) 100vw, 1024px\" \/><\/figure><div class=\"wp-block-media-text__content\">\n<p>Ieg\u016bstam\u0101 kvalifik\u0101cija &#8211;\u00a0<strong>Audiovizu\u0101l\u0101s komunik\u0101cijas\u00a0 dizainera asistents<\/strong><\/p>\n\n\n\n<p>M\u0101c\u012bbu ilgums \u2013\u00a0<strong>4 gadi<\/strong><\/p>\n\n\n\n<p>Audiovizu\u0101l\u0101s komunik\u0101cijas dizaina izgl\u012bt\u012bbas programm\u0101 Tu iem\u0101c\u012bsies veidot interneta lapas, mobil\u0101s aplik\u0101cijas, datorsp\u0113\u013cu, projekciju, soci\u0101lo t\u012bklu materi\u0101lu dizainus. Izstr\u0101d\u0101si anim\u0101cijas un model\u0113si 3D objektus. Apg\u016bsi foto un video tehnolo\u0123ijas un ska\u0146u dizaina veido\u0161anu, lai to pielietotu rekl\u0101m\u0101s un izklaides nozares projektos.<\/p>\n<\/div><\/div>\n\n\n\n<div class=\"wp-block-columns is-layout-flex wp-container-core-columns-is-layout-28f84493 wp-block-columns-is-layout-flex\">\n<div class=\"wp-block-column is-layout-flow wp-block-column-is-layout-flow\">\n<p><strong>Visp\u0101rzigl\u012btojo\u0161ie m\u0101c\u012bbu priek\u0161meti:<\/strong><\/p>\n\n\n\n<ul class=\"wp-block-list\">\n<li>Latvie\u0161u valoda un literat\u016bra<\/li>\n\n\n\n<li>Matem\u0101tika<\/li>\n\n\n\n<li>Ang\u013cu valoda<\/li>\n\n\n\n<li>Sports<\/li>\n\n\n\n<li>V\u0113sture un soci\u0101l\u0101s zin\u0101tnes<\/li>\n<\/ul>\n<\/div>\n\n\n\n<div class=\"wp-block-column is-layout-flow wp-block-column-is-layout-flow\">\n<p><\/p>\n\n\n\n<ul class=\"wp-block-list\">\n<li>Kult\u016bras pamati<\/li>\n\n\n\n<li>Dabaszin\u012bbas<\/li>\n\n\n\n<li>Datorika<\/li>\n\n\n\n<li>Valsts aizsardz\u012bbas m\u0101c\u012bba<\/li>\n<\/ul>\n<\/div>\n<\/div>\n\n\n\n<hr class=\"wp-block-separator has-alpha-channel-opacity is-style-wide\" \/>\n\n\n\n<div class=\"wp-block-columns is-layout-flex wp-container-core-columns-is-layout-28f84493 wp-block-columns-is-layout-flex\">\n<div class=\"wp-block-column is-layout-flow wp-block-column-is-layout-flow\">\n<p><strong>Profesion\u0101lie m\u0101c\u012bbu priek\u0161meti:<\/strong><\/p>\n\n\n\n<ul class=\"wp-block-list\">\n<li>Z\u012bm\u0113\u0161ana<\/li>\n\n\n\n<li>Glezno\u0161ana<\/li>\n\n\n\n<li>Kompoz\u012bcija<\/li>\n\n\n\n<li>Dizaina procesi<\/li>\n\n\n\n<li>Grafikas datorprogrammu lieto\u0161ana\u00a0 komunik\u0101cijas dizain\u0101<\/li>\n\n\n\n<li>Tipografika<\/li>\n\n\n\n<li>Foto un video tehnolo\u0123iju lieto\u0161ana komunik\u0101cijas dizain\u0101<\/li>\n\n\n\n<li>Ska\u0146u dizaina veido\u0161ana<\/li>\n\n\n\n<li>Anim\u0101cijas veido\u0161ana<\/li>\n\n\n\n<li>Lietot\u0146u, t\u012bmek\u013ca viet\u0146u prototip\u0113\u0161ana<\/li>\n<\/ul>\n<\/div>\n\n\n\n<div class=\"wp-block-column is-layout-flow wp-block-column-is-layout-flow\">\n<p><\/p>\n\n\n\n<ul class=\"wp-block-list\">\n<li>3D model\u0113\u0161ana, vizualiz\u0113\u0161ana un anim\u0113\u0161ana<\/li>\n\n\n\n<li>Interkat\u012bv\u0101s vides projektu veido\u0161ana<\/li>\n\n\n\n<li>Komunik\u0101cijas dizaina projekta organiz\u0113\u0161ana un \u012bsteno\u0161ana<\/li>\n\n\n\n<li>Uz\u0146\u0113m\u0113jdarb\u012bba dizain\u0101<\/li>\n\n\n\n<li>Sabiedr\u012bbas un cilv\u0113ka dro\u0161\u012bba<\/li>\n\n\n\n<li>Specialit\u0101tes kompoz\u012bcija<\/li>\n\n\n\n<li>Multimedi\u0101lo vides objektu veido\u0161ana<\/li>\n\n\n\n<li>Interakt\u012bv\u0101s vides tehnolo\u0123ijas<\/li>\n\n\n\n<li>Anim\u0101cijas projekta veido\u0161ana<\/li>\n<\/ul>\n<\/div>\n<\/div>\n\n\n\n<p><\/p>\n","protected":false},"excerpt":{"rendered":"<p>Ieg\u016bstam\u0101 kvalifik\u0101cija &#8211;\u00a0Audiovizu\u0101l\u0101s komunik\u0101cijas\u00a0 dizainera asistents M\u0101c\u012bbu ilgums \u2013\u00a04 gadi Audiovizu\u0101l\u0101s komunik\u0101cijas dizaina izgl\u012bt\u012bbas programm\u0101 Tu iem\u0101c\u012bsies veidot interneta lapas, [&hellip;]<\/p>\n","protected":false},"author":38,"featured_media":0,"parent":0,"menu_order":0,"comment_status":"closed","ping_status":"closed","template":"","meta":{"_acf_changed":false,"site-sidebar-layout":"default","site-content-layout":"","ast-site-content-layout":"default","site-content-style":"default","site-sidebar-style":"default","ast-global-header-display":"","ast-banner-title-visibility":"","ast-main-header-display":"","ast-hfb-above-header-display":"","ast-hfb-below-header-display":"","ast-hfb-mobile-header-display":"","site-post-title":"","ast-breadcrumbs-content":"","ast-featured-img":"","footer-sml-layout":"","ast-disable-related-posts":"","theme-transparent-header-meta":"","adv-header-id-meta":"","stick-header-meta":"","header-above-stick-meta":"","header-main-stick-meta":"","header-below-stick-meta":"","astra-migrate-meta-layouts":"default","ast-page-background-enabled":"default","ast-page-background-meta":{"desktop":{"background-color":"var(--ast-global-color-5)","background-image":"","background-repeat":"repeat","background-position":"center center","background-size":"auto","background-attachment":"scroll","background-type":"","background-media":"","overlay-type":"","overlay-color":"","overlay-opacity":"","overlay-gradient":""},"tablet":{"background-color":"","background-image":"","background-repeat":"repeat","background-position":"center center","background-size":"auto","background-attachment":"scroll","background-type":"","background-media":"","overlay-type":"","overlay-color":"","overlay-opacity":"","overlay-gradient":""},"mobile":{"background-color":"","background-image":"","background-repeat":"repeat","background-position":"center center","background-size":"auto","background-attachment":"scroll","background-type":"","background-media":"","overlay-type":"","overlay-color":"","overlay-opacity":"","overlay-gradient":""}},"ast-content-background-meta":{"desktop":{"background-color":"var(--ast-global-color-4)","background-image":"","background-repeat":"repeat","background-position":"center center","background-size":"auto","background-attachment":"scroll","background-type":"","background-media":"","overlay-type":"","overlay-color":"","overlay-opacity":"","overlay-gradient":""},"tablet":{"background-color":"var(--ast-global-color-4)","background-image":"","background-repeat":"repeat","background-position":"center center","background-size":"auto","background-attachment":"scroll","background-type":"","background-media":"","overlay-type":"","overlay-color":"","overlay-opacity":"","overlay-gradient":""},"mobile":{"background-color":"var(--ast-global-color-4)","background-image":"","background-repeat":"repeat","background-position":"center center","background-size":"auto","background-attachment":"scroll","background-type":"","background-media":"","overlay-type":"","overlay-color":"","overlay-opacity":"","overlay-gradient":""}},"footnotes":""},"class_list":["post-527","page","type-page","status-publish","hentry"],"acf":[],"yoast_head":"<!-- This site is optimized with the Yoast SEO plugin v27.0 - https:\/\/yoast.com\/product\/yoast-seo-wordpress\/ -->\n<title>AUDIOVIZU\u0100L\u0100S KOMUNIK\u0100CIJAS DIZAINS -<\/title>\n<meta name=\"robots\" content=\"index, follow, max-snippet:-1, max-image-preview:large, max-video-preview:-1\" \/>\n<link rel=\"canonical\" href=\"https:\/\/izglitiba.valmierasnovads.lv\/vdmv\/audiovizualas-komunikacijas-dizains\/\" \/>\n<meta property=\"og:locale\" content=\"lv_LV\" \/>\n<meta property=\"og:type\" content=\"article\" \/>\n<meta property=\"og:title\" content=\"AUDIOVIZU\u0100L\u0100S KOMUNIK\u0100CIJAS DIZAINS -\" \/>\n<meta property=\"og:description\" content=\"Ieg\u016bstam\u0101 kvalifik\u0101cija &#8211;\u00a0Audiovizu\u0101l\u0101s komunik\u0101cijas\u00a0 dizainera asistents M\u0101c\u012bbu ilgums \u2013\u00a04 gadi Audiovizu\u0101l\u0101s komunik\u0101cijas dizaina izgl\u012bt\u012bbas programm\u0101 Tu iem\u0101c\u012bsies veidot interneta lapas, [&hellip;]\" \/>\n<meta property=\"og:url\" content=\"https:\/\/izglitiba.valmierasnovads.lv\/vdmv\/audiovizualas-komunikacijas-dizains\/\" \/>\n<meta property=\"og:image\" content=\"https:\/\/izglitiba.valmierasnovads.lv\/vdmv\/wp-content\/uploads\/sites\/33\/2025\/07\/Edgara-istaba.png\" \/>\n\t<meta property=\"og:image:width\" content=\"1280\" \/>\n\t<meta property=\"og:image:height\" content=\"1007\" \/>\n\t<meta property=\"og:image:type\" content=\"image\/png\" \/>\n<meta name=\"twitter:card\" content=\"summary_large_image\" \/>\n<meta name=\"twitter:label1\" content=\"Est. reading time\" \/>\n\t<meta name=\"twitter:data1\" content=\"1 min\u016bte\" \/>\n<script type=\"application\/ld+json\" class=\"yoast-schema-graph\">{\"@context\":\"https:\/\/schema.org\",\"@graph\":[{\"@type\":\"WebPage\",\"@id\":\"https:\/\/izglitiba.valmierasnovads.lv\/vdmv\/audiovizualas-komunikacijas-dizains\/\",\"url\":\"https:\/\/izglitiba.valmierasnovads.lv\/vdmv\/audiovizualas-komunikacijas-dizains\/\",\"name\":\"AUDIOVIZU\u0100L\u0100S KOMUNIK\u0100CIJAS DIZAINS -\",\"isPartOf\":{\"@id\":\"https:\/\/izglitiba.valmierasnovads.lv\/vdmv\/#website\"},\"primaryImageOfPage\":{\"@id\":\"https:\/\/izglitiba.valmierasnovads.lv\/vdmv\/audiovizualas-komunikacijas-dizains\/#primaryimage\"},\"image\":{\"@id\":\"https:\/\/izglitiba.valmierasnovads.lv\/vdmv\/audiovizualas-komunikacijas-dizains\/#primaryimage\"},\"thumbnailUrl\":\"https:\/\/izglitiba.valmierasnovads.lv\/vdmv\/wp-content\/uploads\/sites\/33\/2025\/07\/Edgara-istaba-1024x806.png\",\"datePublished\":\"2025-07-15T07:59:04+00:00\",\"breadcrumb\":{\"@id\":\"https:\/\/izglitiba.valmierasnovads.lv\/vdmv\/audiovizualas-komunikacijas-dizains\/#breadcrumb\"},\"inLanguage\":\"lv-LV\",\"potentialAction\":[{\"@type\":\"ReadAction\",\"target\":[\"https:\/\/izglitiba.valmierasnovads.lv\/vdmv\/audiovizualas-komunikacijas-dizains\/\"]}]},{\"@type\":\"ImageObject\",\"inLanguage\":\"lv-LV\",\"@id\":\"https:\/\/izglitiba.valmierasnovads.lv\/vdmv\/audiovizualas-komunikacijas-dizains\/#primaryimage\",\"url\":\"https:\/\/izglitiba.valmierasnovads.lv\/vdmv\/wp-content\/uploads\/sites\/33\/2025\/07\/Edgara-istaba.png\",\"contentUrl\":\"https:\/\/izglitiba.valmierasnovads.lv\/vdmv\/wp-content\/uploads\/sites\/33\/2025\/07\/Edgara-istaba.png\",\"width\":1280,\"height\":1007},{\"@type\":\"BreadcrumbList\",\"@id\":\"https:\/\/izglitiba.valmierasnovads.lv\/vdmv\/audiovizualas-komunikacijas-dizains\/#breadcrumb\",\"itemListElement\":[{\"@type\":\"ListItem\",\"position\":1,\"name\":\"Home\",\"item\":\"https:\/\/izglitiba.valmierasnovads.lv\/vdmv\/\"},{\"@type\":\"ListItem\",\"position\":2,\"name\":\"AUDIOVIZU\u0100L\u0100S KOMUNIK\u0100CIJAS DIZAINS\"}]},{\"@type\":\"WebSite\",\"@id\":\"https:\/\/izglitiba.valmierasnovads.lv\/vdmv\/#website\",\"url\":\"https:\/\/izglitiba.valmierasnovads.lv\/vdmv\/\",\"name\":\"\",\"description\":\"\",\"potentialAction\":[{\"@type\":\"SearchAction\",\"target\":{\"@type\":\"EntryPoint\",\"urlTemplate\":\"https:\/\/izglitiba.valmierasnovads.lv\/vdmv\/?s={search_term_string}\"},\"query-input\":{\"@type\":\"PropertyValueSpecification\",\"valueRequired\":true,\"valueName\":\"search_term_string\"}}],\"inLanguage\":\"lv-LV\"}]}<\/script>\n<!-- \/ Yoast SEO plugin. -->","yoast_head_json":{"title":"AUDIOVIZU\u0100L\u0100S KOMUNIK\u0100CIJAS DIZAINS -","robots":{"index":"index","follow":"follow","max-snippet":"max-snippet:-1","max-image-preview":"max-image-preview:large","max-video-preview":"max-video-preview:-1"},"canonical":"https:\/\/izglitiba.valmierasnovads.lv\/vdmv\/audiovizualas-komunikacijas-dizains\/","og_locale":"lv_LV","og_type":"article","og_title":"AUDIOVIZU\u0100L\u0100S KOMUNIK\u0100CIJAS DIZAINS -","og_description":"Ieg\u016bstam\u0101 kvalifik\u0101cija &#8211;\u00a0Audiovizu\u0101l\u0101s komunik\u0101cijas\u00a0 dizainera asistents M\u0101c\u012bbu ilgums \u2013\u00a04 gadi Audiovizu\u0101l\u0101s komunik\u0101cijas dizaina izgl\u012bt\u012bbas programm\u0101 Tu iem\u0101c\u012bsies veidot interneta lapas, [&hellip;]","og_url":"https:\/\/izglitiba.valmierasnovads.lv\/vdmv\/audiovizualas-komunikacijas-dizains\/","og_image":[{"width":1280,"height":1007,"url":"https:\/\/izglitiba.valmierasnovads.lv\/vdmv\/wp-content\/uploads\/sites\/33\/2025\/07\/Edgara-istaba.png","type":"image\/png"}],"twitter_card":"summary_large_image","twitter_misc":{"Est. reading time":"1 min\u016bte"},"schema":{"@context":"https:\/\/schema.org","@graph":[{"@type":"WebPage","@id":"https:\/\/izglitiba.valmierasnovads.lv\/vdmv\/audiovizualas-komunikacijas-dizains\/","url":"https:\/\/izglitiba.valmierasnovads.lv\/vdmv\/audiovizualas-komunikacijas-dizains\/","name":"AUDIOVIZU\u0100L\u0100S KOMUNIK\u0100CIJAS DIZAINS -","isPartOf":{"@id":"https:\/\/izglitiba.valmierasnovads.lv\/vdmv\/#website"},"primaryImageOfPage":{"@id":"https:\/\/izglitiba.valmierasnovads.lv\/vdmv\/audiovizualas-komunikacijas-dizains\/#primaryimage"},"image":{"@id":"https:\/\/izglitiba.valmierasnovads.lv\/vdmv\/audiovizualas-komunikacijas-dizains\/#primaryimage"},"thumbnailUrl":"https:\/\/izglitiba.valmierasnovads.lv\/vdmv\/wp-content\/uploads\/sites\/33\/2025\/07\/Edgara-istaba-1024x806.png","datePublished":"2025-07-15T07:59:04+00:00","breadcrumb":{"@id":"https:\/\/izglitiba.valmierasnovads.lv\/vdmv\/audiovizualas-komunikacijas-dizains\/#breadcrumb"},"inLanguage":"lv-LV","potentialAction":[{"@type":"ReadAction","target":["https:\/\/izglitiba.valmierasnovads.lv\/vdmv\/audiovizualas-komunikacijas-dizains\/"]}]},{"@type":"ImageObject","inLanguage":"lv-LV","@id":"https:\/\/izglitiba.valmierasnovads.lv\/vdmv\/audiovizualas-komunikacijas-dizains\/#primaryimage","url":"https:\/\/izglitiba.valmierasnovads.lv\/vdmv\/wp-content\/uploads\/sites\/33\/2025\/07\/Edgara-istaba.png","contentUrl":"https:\/\/izglitiba.valmierasnovads.lv\/vdmv\/wp-content\/uploads\/sites\/33\/2025\/07\/Edgara-istaba.png","width":1280,"height":1007},{"@type":"BreadcrumbList","@id":"https:\/\/izglitiba.valmierasnovads.lv\/vdmv\/audiovizualas-komunikacijas-dizains\/#breadcrumb","itemListElement":[{"@type":"ListItem","position":1,"name":"Home","item":"https:\/\/izglitiba.valmierasnovads.lv\/vdmv\/"},{"@type":"ListItem","position":2,"name":"AUDIOVIZU\u0100L\u0100S KOMUNIK\u0100CIJAS DIZAINS"}]},{"@type":"WebSite","@id":"https:\/\/izglitiba.valmierasnovads.lv\/vdmv\/#website","url":"https:\/\/izglitiba.valmierasnovads.lv\/vdmv\/","name":"","description":"","potentialAction":[{"@type":"SearchAction","target":{"@type":"EntryPoint","urlTemplate":"https:\/\/izglitiba.valmierasnovads.lv\/vdmv\/?s={search_term_string}"},"query-input":{"@type":"PropertyValueSpecification","valueRequired":true,"valueName":"search_term_string"}}],"inLanguage":"lv-LV"}]}},"_links":{"self":[{"href":"https:\/\/izglitiba.valmierasnovads.lv\/vdmv\/wp-json\/wp\/v2\/pages\/527","targetHints":{"allow":["GET"]}}],"collection":[{"href":"https:\/\/izglitiba.valmierasnovads.lv\/vdmv\/wp-json\/wp\/v2\/pages"}],"about":[{"href":"https:\/\/izglitiba.valmierasnovads.lv\/vdmv\/wp-json\/wp\/v2\/types\/page"}],"author":[{"embeddable":true,"href":"https:\/\/izglitiba.valmierasnovads.lv\/vdmv\/wp-json\/wp\/v2\/users\/38"}],"replies":[{"embeddable":true,"href":"https:\/\/izglitiba.valmierasnovads.lv\/vdmv\/wp-json\/wp\/v2\/comments?post=527"}],"version-history":[{"count":1,"href":"https:\/\/izglitiba.valmierasnovads.lv\/vdmv\/wp-json\/wp\/v2\/pages\/527\/revisions"}],"predecessor-version":[{"id":529,"href":"https:\/\/izglitiba.valmierasnovads.lv\/vdmv\/wp-json\/wp\/v2\/pages\/527\/revisions\/529"}],"wp:attachment":[{"href":"https:\/\/izglitiba.valmierasnovads.lv\/vdmv\/wp-json\/wp\/v2\/media?parent=527"}],"curies":[{"name":"wp","href":"https:\/\/api.w.org\/{rel}","templated":true}]}}