{"id":542,"date":"2025-07-15T11:14:58","date_gmt":"2025-07-15T08:14:58","guid":{"rendered":"https:\/\/izglitiba.valmierasnovads.lv\/vdmv\/?page_id=542"},"modified":"2025-07-15T11:14:59","modified_gmt":"2025-07-15T08:14:59","slug":"apgerbu-dizains","status":"publish","type":"page","link":"https:\/\/izglitiba.valmierasnovads.lv\/vdmv\/apgerbu-dizains\/","title":{"rendered":"AP\u0122\u0112RBU DIZAINS"},"content":{"rendered":"\n<div class=\"wp-block-media-text is-stacked-on-mobile\" style=\"grid-template-columns:48% auto\"><figure class=\"wp-block-media-text__media\"><img loading=\"lazy\" decoding=\"async\" width=\"1024\" height=\"950\" src=\"https:\/\/izglitiba.valmierasnovads.lv\/vdmv\/wp-content\/uploads\/sites\/33\/2025\/07\/391660502_856846983112556_9167072128054674462_n-e1752567113899-1024x950.jpg\" alt=\"\" class=\"wp-image-543 size-full\" srcset=\"https:\/\/izglitiba.valmierasnovads.lv\/vdmv\/wp-content\/uploads\/sites\/33\/2025\/07\/391660502_856846983112556_9167072128054674462_n-e1752567113899-1024x950.jpg 1024w, https:\/\/izglitiba.valmierasnovads.lv\/vdmv\/wp-content\/uploads\/sites\/33\/2025\/07\/391660502_856846983112556_9167072128054674462_n-e1752567113899-300x278.jpg 300w, https:\/\/izglitiba.valmierasnovads.lv\/vdmv\/wp-content\/uploads\/sites\/33\/2025\/07\/391660502_856846983112556_9167072128054674462_n-e1752567113899-768x712.jpg 768w, https:\/\/izglitiba.valmierasnovads.lv\/vdmv\/wp-content\/uploads\/sites\/33\/2025\/07\/391660502_856846983112556_9167072128054674462_n-e1752567113899.jpg 1175w\" sizes=\"auto, (max-width: 1024px) 100vw, 1024px\" \/><\/figure><div class=\"wp-block-media-text__content\">\n<p>Ieg\u016bstam\u0101 kvalifik\u0101cija &#8211;\u00a0<strong>Ap\u0123\u0113rbu dizainera asistents<\/strong><\/p>\n\n\n\n<p>M\u0101c\u012bbu ilgums &#8211;\u00a0<strong>4 gadi<\/strong><\/p>\n\n\n\n<p>Programmas m\u0113r\u0137is\u00a0&#8211;\u00a0Izgl\u012bt\u012bbas procesa rezult\u0101t\u0101 sagatavot ap\u0123\u0113rbu dizainera asistentu, kur\u0161 izpilda da\u013cu no ap\u0123\u0113rbu dizainera pien\u0101kumiem; apzina lietot\u0101ja vajadz\u012bbas, veic analogu, materi\u0101lu un tehnisko risin\u0101jumu izp\u0113ti; skic\u0113, izgatavo un test\u0113 maketus, sagatavo tehnisko projektu, piedal\u0101s ap\u0123\u0113rbu dizaina projekta izstr\u0101d\u0113 un \u012bsteno\u0161an\u0101 &#8211; funkcion\u0101lu un ilgtsp\u0113j\u012bgu produktu izgatavo\u0161an\u0101 un rezult\u0101tu prezent\u0113\u0161an\u0101.<\/p>\n<\/div><\/div>\n\n\n\n<p><\/p>\n\n\n\n<div class=\"wp-block-columns is-layout-flex wp-container-core-columns-is-layout-28f84493 wp-block-columns-is-layout-flex\">\n<div class=\"wp-block-column is-layout-flow wp-block-column-is-layout-flow\">\n<p><strong>Visp\u0101rzigl\u012btojo\u0161ie m\u0101c\u012bbu priek\u0161meti:<\/strong><\/p>\n\n\n\n<ul class=\"wp-block-list\">\n<li>Latvie\u0161u valoda un literat\u016bra<\/li>\n\n\n\n<li>Matem\u0101tika<\/li>\n\n\n\n<li>Ang\u013cu valoda<\/li>\n\n\n\n<li>Sports<\/li>\n\n\n\n<li>V\u0113sture un soci\u0101l\u0101s zin\u0101tnes<\/li>\n<\/ul>\n<\/div>\n\n\n\n<div class=\"wp-block-column is-layout-flow wp-block-column-is-layout-flow\">\n<p><\/p>\n\n\n\n<ul class=\"wp-block-list\">\n<li>Kult\u016bras pamati<\/li>\n\n\n\n<li>Dabaszin\u012bbas<\/li>\n\n\n\n<li>Datorika<\/li>\n\n\n\n<li>Valsts aizsardz\u012bbas m\u0101c\u012bba<\/li>\n<\/ul>\n<\/div>\n<\/div>\n\n\n\n<hr class=\"wp-block-separator has-alpha-channel-opacity is-style-wide\" \/>\n\n\n\n<div class=\"wp-block-columns is-layout-flex wp-container-core-columns-is-layout-28f84493 wp-block-columns-is-layout-flex\">\n<div class=\"wp-block-column is-layout-flow wp-block-column-is-layout-flow\">\n<p><strong>Profesion\u0101lie m\u0101c\u012bbu priek\u0161meti:<\/strong><\/p>\n\n\n\n<ul class=\"wp-block-list\">\n<li>Z\u012bm\u0113\u0161ana<\/li>\n\n\n\n<li>Glezno\u0161ana<\/li>\n\n\n\n<li>Kompoz\u012bcija<\/li>\n\n\n\n<li>Dizaina procesi<\/li>\n\n\n\n<li>Ap\u0123\u0113rbu dizaina produktu ideju izstr\u0101de<\/li>\n\n\n\n<li>Ap\u0123\u0113rbu dizaina produktu skic\u0113\u0161ana<\/li>\n\n\n\n<li>Ap\u0123\u0113rbu dizaina produktu konstru\u0113\u0161ana un model\u0113\u0161ana<\/li>\n\n\n\n<li>Ap\u0123\u0113rbu dizaina produktu izstr\u0101de<\/li>\n<\/ul>\n<\/div>\n\n\n\n<div class=\"wp-block-column is-layout-flow wp-block-column-is-layout-flow\">\n<p><\/p>\n\n\n\n<ul class=\"wp-block-list\">\n<li>Ap\u0123\u0113rbu dizaina produktu konteksta izp\u0113te<\/li>\n\n\n\n<li>Ap\u0123\u0113rbu dizaina produktu izstr\u0101de un pilnveide<\/li>\n\n\n\n<li>Ap\u0123\u0113rbu kolekciju izstr\u0101de un ra\u017eo\u0161ana<\/li>\n\n\n\n<li>Modes m\u0101rketings un z\u012bmolved\u012bba<\/li>\n\n\n\n<li>Uz\u0146\u0113m\u0113jdarb\u012bba dizain\u0101<\/li>\n\n\n\n<li>Sabiedr\u012bbas un cilv\u0113ka dro\u0161\u012bba<\/li>\n\n\n\n<li>Ap\u0123\u0113rbu dizaina produktu aksesu\u0101ru izgatavo\u0161ana<\/li>\n<\/ul>\n<\/div>\n<\/div>\n\n\n\n<p><\/p>\n","protected":false},"excerpt":{"rendered":"<p>Ieg\u016bstam\u0101 kvalifik\u0101cija &#8211;\u00a0Ap\u0123\u0113rbu dizainera asistents M\u0101c\u012bbu ilgums &#8211;\u00a04 gadi Programmas m\u0113r\u0137is\u00a0&#8211;\u00a0Izgl\u012bt\u012bbas procesa rezult\u0101t\u0101 sagatavot ap\u0123\u0113rbu dizainera asistentu, kur\u0161 izpilda da\u013cu [&hellip;]<\/p>\n","protected":false},"author":38,"featured_media":0,"parent":0,"menu_order":0,"comment_status":"closed","ping_status":"closed","template":"","meta":{"_acf_changed":false,"site-sidebar-layout":"default","site-content-layout":"","ast-site-content-layout":"default","site-content-style":"default","site-sidebar-style":"default","ast-global-header-display":"","ast-banner-title-visibility":"","ast-main-header-display":"","ast-hfb-above-header-display":"","ast-hfb-below-header-display":"","ast-hfb-mobile-header-display":"","site-post-title":"","ast-breadcrumbs-content":"","ast-featured-img":"","footer-sml-layout":"","ast-disable-related-posts":"","theme-transparent-header-meta":"","adv-header-id-meta":"","stick-header-meta":"","header-above-stick-meta":"","header-main-stick-meta":"","header-below-stick-meta":"","astra-migrate-meta-layouts":"default","ast-page-background-enabled":"default","ast-page-background-meta":{"desktop":{"background-color":"var(--ast-global-color-5)","background-image":"","background-repeat":"repeat","background-position":"center center","background-size":"auto","background-attachment":"scroll","background-type":"","background-media":"","overlay-type":"","overlay-color":"","overlay-opacity":"","overlay-gradient":""},"tablet":{"background-color":"","background-image":"","background-repeat":"repeat","background-position":"center center","background-size":"auto","background-attachment":"scroll","background-type":"","background-media":"","overlay-type":"","overlay-color":"","overlay-opacity":"","overlay-gradient":""},"mobile":{"background-color":"","background-image":"","background-repeat":"repeat","background-position":"center center","background-size":"auto","background-attachment":"scroll","background-type":"","background-media":"","overlay-type":"","overlay-color":"","overlay-opacity":"","overlay-gradient":""}},"ast-content-background-meta":{"desktop":{"background-color":"var(--ast-global-color-4)","background-image":"","background-repeat":"repeat","background-position":"center center","background-size":"auto","background-attachment":"scroll","background-type":"","background-media":"","overlay-type":"","overlay-color":"","overlay-opacity":"","overlay-gradient":""},"tablet":{"background-color":"var(--ast-global-color-4)","background-image":"","background-repeat":"repeat","background-position":"center center","background-size":"auto","background-attachment":"scroll","background-type":"","background-media":"","overlay-type":"","overlay-color":"","overlay-opacity":"","overlay-gradient":""},"mobile":{"background-color":"var(--ast-global-color-4)","background-image":"","background-repeat":"repeat","background-position":"center center","background-size":"auto","background-attachment":"scroll","background-type":"","background-media":"","overlay-type":"","overlay-color":"","overlay-opacity":"","overlay-gradient":""}},"footnotes":""},"class_list":["post-542","page","type-page","status-publish","hentry"],"acf":[],"yoast_head":"<!-- This site is optimized with the Yoast SEO plugin v27.0 - https:\/\/yoast.com\/product\/yoast-seo-wordpress\/ -->\n<title>AP\u0122\u0112RBU DIZAINS -<\/title>\n<meta name=\"robots\" content=\"index, follow, max-snippet:-1, max-image-preview:large, max-video-preview:-1\" \/>\n<link rel=\"canonical\" href=\"https:\/\/izglitiba.valmierasnovads.lv\/vdmv\/apgerbu-dizains\/\" \/>\n<meta property=\"og:locale\" content=\"lv_LV\" \/>\n<meta property=\"og:type\" content=\"article\" \/>\n<meta property=\"og:title\" content=\"AP\u0122\u0112RBU DIZAINS -\" \/>\n<meta property=\"og:description\" content=\"Ieg\u016bstam\u0101 kvalifik\u0101cija &#8211;\u00a0Ap\u0123\u0113rbu dizainera asistents M\u0101c\u012bbu ilgums &#8211;\u00a04 gadi Programmas m\u0113r\u0137is\u00a0&#8211;\u00a0Izgl\u012bt\u012bbas procesa rezult\u0101t\u0101 sagatavot ap\u0123\u0113rbu dizainera asistentu, kur\u0161 izpilda da\u013cu [&hellip;]\" \/>\n<meta property=\"og:url\" content=\"https:\/\/izglitiba.valmierasnovads.lv\/vdmv\/apgerbu-dizains\/\" \/>\n<meta property=\"article:modified_time\" content=\"2025-07-15T08:14:59+00:00\" \/>\n<meta property=\"og:image\" content=\"https:\/\/izglitiba.valmierasnovads.lv\/vdmv\/wp-content\/uploads\/sites\/33\/2025\/07\/391660502_856846983112556_9167072128054674462_n-e1752567113899.jpg\" \/>\n\t<meta property=\"og:image:width\" content=\"1175\" \/>\n\t<meta property=\"og:image:height\" content=\"1090\" \/>\n\t<meta property=\"og:image:type\" content=\"image\/jpeg\" \/>\n<meta name=\"twitter:card\" content=\"summary_large_image\" \/>\n<meta name=\"twitter:label1\" content=\"Est. reading time\" \/>\n\t<meta name=\"twitter:data1\" content=\"1 min\u016bte\" \/>\n<script type=\"application\/ld+json\" class=\"yoast-schema-graph\">{\"@context\":\"https:\/\/schema.org\",\"@graph\":[{\"@type\":\"WebPage\",\"@id\":\"https:\/\/izglitiba.valmierasnovads.lv\/vdmv\/apgerbu-dizains\/\",\"url\":\"https:\/\/izglitiba.valmierasnovads.lv\/vdmv\/apgerbu-dizains\/\",\"name\":\"AP\u0122\u0112RBU DIZAINS -\",\"isPartOf\":{\"@id\":\"https:\/\/izglitiba.valmierasnovads.lv\/vdmv\/#website\"},\"primaryImageOfPage\":{\"@id\":\"https:\/\/izglitiba.valmierasnovads.lv\/vdmv\/apgerbu-dizains\/#primaryimage\"},\"image\":{\"@id\":\"https:\/\/izglitiba.valmierasnovads.lv\/vdmv\/apgerbu-dizains\/#primaryimage\"},\"thumbnailUrl\":\"https:\/\/izglitiba.valmierasnovads.lv\/vdmv\/wp-content\/uploads\/sites\/33\/2025\/07\/391660502_856846983112556_9167072128054674462_n-e1752567113899-1024x950.jpg\",\"datePublished\":\"2025-07-15T08:14:58+00:00\",\"dateModified\":\"2025-07-15T08:14:59+00:00\",\"breadcrumb\":{\"@id\":\"https:\/\/izglitiba.valmierasnovads.lv\/vdmv\/apgerbu-dizains\/#breadcrumb\"},\"inLanguage\":\"lv-LV\",\"potentialAction\":[{\"@type\":\"ReadAction\",\"target\":[\"https:\/\/izglitiba.valmierasnovads.lv\/vdmv\/apgerbu-dizains\/\"]}]},{\"@type\":\"ImageObject\",\"inLanguage\":\"lv-LV\",\"@id\":\"https:\/\/izglitiba.valmierasnovads.lv\/vdmv\/apgerbu-dizains\/#primaryimage\",\"url\":\"https:\/\/izglitiba.valmierasnovads.lv\/vdmv\/wp-content\/uploads\/sites\/33\/2025\/07\/391660502_856846983112556_9167072128054674462_n-e1752567113899.jpg\",\"contentUrl\":\"https:\/\/izglitiba.valmierasnovads.lv\/vdmv\/wp-content\/uploads\/sites\/33\/2025\/07\/391660502_856846983112556_9167072128054674462_n-e1752567113899.jpg\",\"width\":1175,\"height\":1090},{\"@type\":\"BreadcrumbList\",\"@id\":\"https:\/\/izglitiba.valmierasnovads.lv\/vdmv\/apgerbu-dizains\/#breadcrumb\",\"itemListElement\":[{\"@type\":\"ListItem\",\"position\":1,\"name\":\"Home\",\"item\":\"https:\/\/izglitiba.valmierasnovads.lv\/vdmv\/\"},{\"@type\":\"ListItem\",\"position\":2,\"name\":\"AP\u0122\u0112RBU DIZAINS\"}]},{\"@type\":\"WebSite\",\"@id\":\"https:\/\/izglitiba.valmierasnovads.lv\/vdmv\/#website\",\"url\":\"https:\/\/izglitiba.valmierasnovads.lv\/vdmv\/\",\"name\":\"\",\"description\":\"\",\"potentialAction\":[{\"@type\":\"SearchAction\",\"target\":{\"@type\":\"EntryPoint\",\"urlTemplate\":\"https:\/\/izglitiba.valmierasnovads.lv\/vdmv\/?s={search_term_string}\"},\"query-input\":{\"@type\":\"PropertyValueSpecification\",\"valueRequired\":true,\"valueName\":\"search_term_string\"}}],\"inLanguage\":\"lv-LV\"}]}<\/script>\n<!-- \/ Yoast SEO plugin. -->","yoast_head_json":{"title":"AP\u0122\u0112RBU DIZAINS -","robots":{"index":"index","follow":"follow","max-snippet":"max-snippet:-1","max-image-preview":"max-image-preview:large","max-video-preview":"max-video-preview:-1"},"canonical":"https:\/\/izglitiba.valmierasnovads.lv\/vdmv\/apgerbu-dizains\/","og_locale":"lv_LV","og_type":"article","og_title":"AP\u0122\u0112RBU DIZAINS -","og_description":"Ieg\u016bstam\u0101 kvalifik\u0101cija &#8211;\u00a0Ap\u0123\u0113rbu dizainera asistents M\u0101c\u012bbu ilgums &#8211;\u00a04 gadi Programmas m\u0113r\u0137is\u00a0&#8211;\u00a0Izgl\u012bt\u012bbas procesa rezult\u0101t\u0101 sagatavot ap\u0123\u0113rbu dizainera asistentu, kur\u0161 izpilda da\u013cu [&hellip;]","og_url":"https:\/\/izglitiba.valmierasnovads.lv\/vdmv\/apgerbu-dizains\/","article_modified_time":"2025-07-15T08:14:59+00:00","og_image":[{"width":1175,"height":1090,"url":"https:\/\/izglitiba.valmierasnovads.lv\/vdmv\/wp-content\/uploads\/sites\/33\/2025\/07\/391660502_856846983112556_9167072128054674462_n-e1752567113899.jpg","type":"image\/jpeg"}],"twitter_card":"summary_large_image","twitter_misc":{"Est. reading time":"1 min\u016bte"},"schema":{"@context":"https:\/\/schema.org","@graph":[{"@type":"WebPage","@id":"https:\/\/izglitiba.valmierasnovads.lv\/vdmv\/apgerbu-dizains\/","url":"https:\/\/izglitiba.valmierasnovads.lv\/vdmv\/apgerbu-dizains\/","name":"AP\u0122\u0112RBU DIZAINS -","isPartOf":{"@id":"https:\/\/izglitiba.valmierasnovads.lv\/vdmv\/#website"},"primaryImageOfPage":{"@id":"https:\/\/izglitiba.valmierasnovads.lv\/vdmv\/apgerbu-dizains\/#primaryimage"},"image":{"@id":"https:\/\/izglitiba.valmierasnovads.lv\/vdmv\/apgerbu-dizains\/#primaryimage"},"thumbnailUrl":"https:\/\/izglitiba.valmierasnovads.lv\/vdmv\/wp-content\/uploads\/sites\/33\/2025\/07\/391660502_856846983112556_9167072128054674462_n-e1752567113899-1024x950.jpg","datePublished":"2025-07-15T08:14:58+00:00","dateModified":"2025-07-15T08:14:59+00:00","breadcrumb":{"@id":"https:\/\/izglitiba.valmierasnovads.lv\/vdmv\/apgerbu-dizains\/#breadcrumb"},"inLanguage":"lv-LV","potentialAction":[{"@type":"ReadAction","target":["https:\/\/izglitiba.valmierasnovads.lv\/vdmv\/apgerbu-dizains\/"]}]},{"@type":"ImageObject","inLanguage":"lv-LV","@id":"https:\/\/izglitiba.valmierasnovads.lv\/vdmv\/apgerbu-dizains\/#primaryimage","url":"https:\/\/izglitiba.valmierasnovads.lv\/vdmv\/wp-content\/uploads\/sites\/33\/2025\/07\/391660502_856846983112556_9167072128054674462_n-e1752567113899.jpg","contentUrl":"https:\/\/izglitiba.valmierasnovads.lv\/vdmv\/wp-content\/uploads\/sites\/33\/2025\/07\/391660502_856846983112556_9167072128054674462_n-e1752567113899.jpg","width":1175,"height":1090},{"@type":"BreadcrumbList","@id":"https:\/\/izglitiba.valmierasnovads.lv\/vdmv\/apgerbu-dizains\/#breadcrumb","itemListElement":[{"@type":"ListItem","position":1,"name":"Home","item":"https:\/\/izglitiba.valmierasnovads.lv\/vdmv\/"},{"@type":"ListItem","position":2,"name":"AP\u0122\u0112RBU DIZAINS"}]},{"@type":"WebSite","@id":"https:\/\/izglitiba.valmierasnovads.lv\/vdmv\/#website","url":"https:\/\/izglitiba.valmierasnovads.lv\/vdmv\/","name":"","description":"","potentialAction":[{"@type":"SearchAction","target":{"@type":"EntryPoint","urlTemplate":"https:\/\/izglitiba.valmierasnovads.lv\/vdmv\/?s={search_term_string}"},"query-input":{"@type":"PropertyValueSpecification","valueRequired":true,"valueName":"search_term_string"}}],"inLanguage":"lv-LV"}]}},"_links":{"self":[{"href":"https:\/\/izglitiba.valmierasnovads.lv\/vdmv\/wp-json\/wp\/v2\/pages\/542","targetHints":{"allow":["GET"]}}],"collection":[{"href":"https:\/\/izglitiba.valmierasnovads.lv\/vdmv\/wp-json\/wp\/v2\/pages"}],"about":[{"href":"https:\/\/izglitiba.valmierasnovads.lv\/vdmv\/wp-json\/wp\/v2\/types\/page"}],"author":[{"embeddable":true,"href":"https:\/\/izglitiba.valmierasnovads.lv\/vdmv\/wp-json\/wp\/v2\/users\/38"}],"replies":[{"embeddable":true,"href":"https:\/\/izglitiba.valmierasnovads.lv\/vdmv\/wp-json\/wp\/v2\/comments?post=542"}],"version-history":[{"count":1,"href":"https:\/\/izglitiba.valmierasnovads.lv\/vdmv\/wp-json\/wp\/v2\/pages\/542\/revisions"}],"predecessor-version":[{"id":544,"href":"https:\/\/izglitiba.valmierasnovads.lv\/vdmv\/wp-json\/wp\/v2\/pages\/542\/revisions\/544"}],"wp:attachment":[{"href":"https:\/\/izglitiba.valmierasnovads.lv\/vdmv\/wp-json\/wp\/v2\/media?parent=542"}],"curies":[{"name":"wp","href":"https:\/\/api.w.org\/{rel}","templated":true}]}}