{"id":574,"date":"2025-07-15T16:09:39","date_gmt":"2025-07-15T13:09:39","guid":{"rendered":"https:\/\/izglitiba.valmierasnovads.lv\/vdmv\/?page_id=574"},"modified":"2025-07-28T15:23:47","modified_gmt":"2025-07-28T12:23:47","slug":"profesionalas-videjas-izglitibas-programmas","status":"publish","type":"page","link":"https:\/\/izglitiba.valmierasnovads.lv\/vdmv\/profesionalas-videjas-izglitibas-programmas\/","title":{"rendered":"Profesion\u0101l\u0101s vid\u0113j\u0101s izgl\u012bt\u012bbas programmas"},"content":{"rendered":"\n<p class=\"has-ast-global-color-5-background-color has-background\">UZ\u0145EM\u0160ANA NOSL\u0112GUSIES!! <a href=\"https:\/\/izglitiba.valmierasnovads.lv\/vdmv\/2025-gada-uznemsanas-rezultati-vdmv-profesionalaja-videja-izglitiba\/\">Rezult\u0101ti \u0161eit&gt;<\/a><\/p>\n\n\n\n<div class=\"wp-block-media-text has-media-on-the-right is-stacked-on-mobile\" style=\"grid-template-columns:auto 34%\"><div class=\"wp-block-media-text__content\">\n<h2 class=\"wp-block-heading has-ast-global-color-1-color has-text-color has-link-color has-medium-font-size wp-elements-91febf562254199aab30d861d2b4f4b5\"><strong>INTERJERA&nbsp;DIZAINS<\/strong><\/h2>\n\n\n\n<p>Ieg\u016bstam\u0101 kvalifik\u0101cija \u2013&nbsp;<strong>Interjera dizainera asistents<\/strong><\/p>\n\n\n\n<p>M\u0101c\u012bbu ilgums \u2013&nbsp;<strong>4 gadi<\/strong><\/p>\n\n\n\n<p>Interjera dizaina izgl\u012bt\u012bbas programm\u0101 Tu iem\u0101c\u012bsies veidot priv\u0101tu un publisku telpu interjera projektus, izstr\u0101d\u0101t funkcion\u0101lus un m\u0101kslinieciskus interjera dizaina ideju risin\u0101jumus, veidot maketus un digit\u0101las telpisk\u0101s vizualiz\u0101cijas. Iem\u0101c\u012bsies izstr\u0101d\u0101t interjera projekta ras\u0113jumus, sagatavot dekorat\u012bvo materi\u0101lu, m\u0113be\u013cu, apr\u012bkojuma, iek\u0101rtu pied\u0101v\u0101jumu. Piedal\u012bsies interjera dizaina projekta \u012bsteno\u0161an\u0101.<\/p>\n<\/div><figure class=\"wp-block-media-text__media\"><img loading=\"lazy\" decoding=\"async\" width=\"1024\" height=\"1024\" src=\"https:\/\/izglitiba.valmierasnovads.lv\/vdmv\/wp-content\/uploads\/sites\/33\/2025\/07\/WhatsApp-Image-2025-07-28-at-13.35.40.jpeg\" alt=\"\" class=\"wp-image-762 size-full\" srcset=\"https:\/\/izglitiba.valmierasnovads.lv\/vdmv\/wp-content\/uploads\/sites\/33\/2025\/07\/WhatsApp-Image-2025-07-28-at-13.35.40.jpeg 1024w, https:\/\/izglitiba.valmierasnovads.lv\/vdmv\/wp-content\/uploads\/sites\/33\/2025\/07\/WhatsApp-Image-2025-07-28-at-13.35.40-300x300.jpeg 300w, https:\/\/izglitiba.valmierasnovads.lv\/vdmv\/wp-content\/uploads\/sites\/33\/2025\/07\/WhatsApp-Image-2025-07-28-at-13.35.40-150x150.jpeg 150w, https:\/\/izglitiba.valmierasnovads.lv\/vdmv\/wp-content\/uploads\/sites\/33\/2025\/07\/WhatsApp-Image-2025-07-28-at-13.35.40-768x768.jpeg 768w\" sizes=\"auto, (max-width: 1024px) 100vw, 1024px\" \/><\/figure><\/div>\n\n\n\n<p><\/p>\n\n\n\n<hr class=\"wp-block-separator has-alpha-channel-opacity is-style-wide\" \/>\n\n\n\n<p><\/p>\n\n\n\n<div class=\"wp-block-media-text has-media-on-the-right is-stacked-on-mobile\" style=\"grid-template-columns:auto 34%\"><div class=\"wp-block-media-text__content\">\n<h2 class=\"wp-block-heading has-ast-global-color-1-color has-text-color has-link-color has-medium-font-size wp-elements-702bdd408bb153dd0d8b26397fba404c\"><strong>AP\u0122\u0112RBU&nbsp;DIZAINS<\/strong><\/h2>\n\n\n\n<p>Ieg\u016bstam\u0101 kvalifik\u0101cija \u2013 <strong>Ap\u0123\u0113rbu dizainera asistents<\/strong><\/p>\n\n\n\n<p>M\u0101c\u012bbu ilgums \u2013&nbsp;<strong>4 gadi<\/strong><\/p>\n\n\n\n<p>Izgl\u012bt\u012bbas procesa rezult\u0101t\u0101 sagatavo ap\u0123\u0113rbu dizainera asistentu, kur\u0161 izpilda da\u013cu no ap\u0123\u0113rbu dizainera pien\u0101kumiem; apzina lietot\u0101ja vajadz\u012bbas, veic analogu, materi\u0101lu un tehnisko risin\u0101jumu izp\u0113ti; skic\u0113, izgatavo un test\u0113 maketus, sagatavo tehnisko projektu, piedal\u0101s ap\u0123\u0113rbu dizaina projekta izstr\u0101d\u0113 un \u012bsteno\u0161an\u0101 &#8211; funkcion\u0101lu un ilgtsp\u0113j\u012bgu produktu izgatavo\u0161an\u0101 un rezult\u0101tu prezent\u0113\u0161an\u0101.<\/p>\n<\/div><figure class=\"wp-block-media-text__media\"><img loading=\"lazy\" decoding=\"async\" width=\"1024\" height=\"1024\" src=\"https:\/\/izglitiba.valmierasnovads.lv\/vdmv\/wp-content\/uploads\/sites\/33\/2025\/07\/WhatsApp-Image-2025-07-28-at-13.41.19.jpeg\" alt=\"\" class=\"wp-image-765 size-full\" srcset=\"https:\/\/izglitiba.valmierasnovads.lv\/vdmv\/wp-content\/uploads\/sites\/33\/2025\/07\/WhatsApp-Image-2025-07-28-at-13.41.19.jpeg 1024w, https:\/\/izglitiba.valmierasnovads.lv\/vdmv\/wp-content\/uploads\/sites\/33\/2025\/07\/WhatsApp-Image-2025-07-28-at-13.41.19-300x300.jpeg 300w, https:\/\/izglitiba.valmierasnovads.lv\/vdmv\/wp-content\/uploads\/sites\/33\/2025\/07\/WhatsApp-Image-2025-07-28-at-13.41.19-150x150.jpeg 150w, https:\/\/izglitiba.valmierasnovads.lv\/vdmv\/wp-content\/uploads\/sites\/33\/2025\/07\/WhatsApp-Image-2025-07-28-at-13.41.19-768x768.jpeg 768w\" sizes=\"auto, (max-width: 1024px) 100vw, 1024px\" \/><\/figure><\/div>\n\n\n\n<p><\/p>\n\n\n\n<hr class=\"wp-block-separator has-alpha-channel-opacity is-style-wide\" \/>\n\n\n\n<p><\/p>\n\n\n\n<div class=\"wp-block-media-text has-media-on-the-right is-stacked-on-mobile\" style=\"grid-template-columns:auto 34%\"><div class=\"wp-block-media-text__content\">\n<h2 class=\"wp-block-heading has-ast-global-color-1-color has-text-color has-link-color has-medium-font-size wp-elements-25fa85a6535662ae884ac6fe0d8c7737\"><strong>GRAFIKAS&nbsp;DIZAINS<\/strong><\/h2>\n\n\n\n<p>Ieg\u016bstam\u0101 kvalifik\u0101cija \u2013 <strong>Grafikas dizainera asistents<\/strong><\/p>\n\n\n\n<p>M\u0101c\u012bbu ilgums \u2013&nbsp;<strong>4 gadi<\/strong><\/p>\n\n\n\n<p>Apg\u016bsi prasmi izstr\u0101d\u0101t dizainu druk\u0101to un digit\u0101lo mediju komunik\u0101cijai da\u017e\u0101dos kan\u0101los.&nbsp;<\/p>\n\n\n\n<p>Pl\u0101nosi un veidosi z\u012bmola identit\u0101ti, iek\u013caujot logo, viz\u012btkartes, bukletus un citus vizu\u0101l\u0101s rekl\u0101mas materi\u0101lus. Veidosi plak\u0101tus, iepakojuma dizainu, gr\u0101matu noform\u0113jumu un vides rekl\u0101mas projektus.&nbsp;<\/p>\n<\/div><figure class=\"wp-block-media-text__media\"><img loading=\"lazy\" decoding=\"async\" width=\"1024\" height=\"1024\" src=\"https:\/\/izglitiba.valmierasnovads.lv\/vdmv\/wp-content\/uploads\/sites\/33\/2025\/07\/WhatsApp-Image-2025-07-28-at-13.41.19-1.jpeg\" alt=\"\" class=\"wp-image-767 size-full\" srcset=\"https:\/\/izglitiba.valmierasnovads.lv\/vdmv\/wp-content\/uploads\/sites\/33\/2025\/07\/WhatsApp-Image-2025-07-28-at-13.41.19-1.jpeg 1024w, https:\/\/izglitiba.valmierasnovads.lv\/vdmv\/wp-content\/uploads\/sites\/33\/2025\/07\/WhatsApp-Image-2025-07-28-at-13.41.19-1-300x300.jpeg 300w, https:\/\/izglitiba.valmierasnovads.lv\/vdmv\/wp-content\/uploads\/sites\/33\/2025\/07\/WhatsApp-Image-2025-07-28-at-13.41.19-1-150x150.jpeg 150w, https:\/\/izglitiba.valmierasnovads.lv\/vdmv\/wp-content\/uploads\/sites\/33\/2025\/07\/WhatsApp-Image-2025-07-28-at-13.41.19-1-768x768.jpeg 768w\" sizes=\"auto, (max-width: 1024px) 100vw, 1024px\" \/><\/figure><\/div>\n\n\n\n<p><\/p>\n\n\n\n<hr class=\"wp-block-separator has-alpha-channel-opacity is-style-wide\" \/>\n\n\n\n<p><\/p>\n\n\n\n<div class=\"wp-block-media-text has-media-on-the-right is-stacked-on-mobile\" style=\"grid-template-columns:auto 34%\"><div class=\"wp-block-media-text__content\">\n<h2 class=\"wp-block-heading has-ast-global-color-1-color has-text-color has-link-color has-medium-font-size wp-elements-3b6bfe3e58989cb7fb4941ceea06df05\"><strong>PRODUKTU&nbsp;DIZAINS<\/strong><\/h2>\n\n\n\n<p>Ieg\u016bstam\u0101 kvalifik\u0101cija \u2013 <strong>Produktu dizainera asistents<\/strong><\/p>\n\n\n\n<p>M\u0101c\u012bbu ilgums \u2013&nbsp;<strong>4 gadi<\/strong><\/p>\n\n\n\n<p>Izgl\u012bt\u012bbas procesa rezult\u0101t\u0101 Tu iem\u0101c\u012bsies apzin\u0101t lietot\u0101ja vajadz\u012bbas, veiksi analogu, materi\u0101lu un tehnisko risin\u0101jumu izp\u0113ti, skic\u0113si, izgatavosi un test\u0113si maketus, sagatavosi tehnisko projektu, piedal\u012bsies dizaina projekta \u012bsteno\u0161an\u0101 &#8211; funkcion\u0101lu un ilgtsp\u0113j\u012bgu produktu izgatavo\u0161an\u0101 un rezult\u0101tu prezent\u0113\u0161an\u0101.<\/p>\n<\/div><figure class=\"wp-block-media-text__media\"><img loading=\"lazy\" decoding=\"async\" width=\"1024\" height=\"1024\" src=\"https:\/\/izglitiba.valmierasnovads.lv\/vdmv\/wp-content\/uploads\/sites\/33\/2025\/07\/WhatsApp-Image-2025-07-28-at-13.43.54.jpeg\" alt=\"\" class=\"wp-image-768 size-full\" srcset=\"https:\/\/izglitiba.valmierasnovads.lv\/vdmv\/wp-content\/uploads\/sites\/33\/2025\/07\/WhatsApp-Image-2025-07-28-at-13.43.54.jpeg 1024w, https:\/\/izglitiba.valmierasnovads.lv\/vdmv\/wp-content\/uploads\/sites\/33\/2025\/07\/WhatsApp-Image-2025-07-28-at-13.43.54-300x300.jpeg 300w, https:\/\/izglitiba.valmierasnovads.lv\/vdmv\/wp-content\/uploads\/sites\/33\/2025\/07\/WhatsApp-Image-2025-07-28-at-13.43.54-150x150.jpeg 150w, https:\/\/izglitiba.valmierasnovads.lv\/vdmv\/wp-content\/uploads\/sites\/33\/2025\/07\/WhatsApp-Image-2025-07-28-at-13.43.54-768x768.jpeg 768w\" sizes=\"auto, (max-width: 1024px) 100vw, 1024px\" \/><\/figure><\/div>\n\n\n\n<p><\/p>\n\n\n\n<hr class=\"wp-block-separator has-alpha-channel-opacity is-style-wide\" \/>\n\n\n\n<p><\/p>\n\n\n\n<div class=\"wp-block-media-text has-media-on-the-right is-stacked-on-mobile\" style=\"grid-template-columns:auto 34%\"><div class=\"wp-block-media-text__content\">\n<div class=\"wp-block-group is-layout-constrained wp-block-group-is-layout-constrained\">\n<div class=\"wp-block-group is-layout-constrained wp-block-group-is-layout-constrained\">\n<h2 class=\"wp-block-heading has-ast-global-color-1-color has-text-color has-link-color has-medium-font-size wp-elements-187089729c2a93c04193106e03cb76a1\"><strong>AUDIOVIZU\u0100L\u0100S&nbsp;KOMUNIK\u0100CIJAS<\/strong> <strong>DIZAINS<\/strong><\/h2>\n\n\n\n<p>Ieg\u016bstam\u0101 kvalifik\u0101cija \u2013 <strong>Audiovizu\u0101l\u0101s komunik\u0101cijas\u00a0dizainera asistents<\/strong><\/p>\n<\/div>\n<\/div>\n\n\n\n<p>M\u0101c\u012bbu ilgums \u2013&nbsp;<strong>4 gadi<\/strong><\/p>\n\n\n\n<p>Tu iem\u0101c\u012bsies veidot interneta lapas, mobil\u0101s aplik\u0101cijas, datorsp\u0113\u013cu, projekciju, soci\u0101lo t\u012bklu materi\u0101lu dizainus.&nbsp;<\/p>\n\n\n\n<p>Izstr\u0101d\u0101si anim\u0101cijas un model\u0113si 3D objektus. Apg\u016bsi foto un video tehnolo\u0123ijas un ska\u0146u dizaina veido\u0161anu, lai to pielietotu rekl\u0101m\u0101s un izklaides nozares projektos.<\/p>\n<\/div><figure class=\"wp-block-media-text__media\"><img loading=\"lazy\" decoding=\"async\" width=\"1024\" height=\"1024\" src=\"https:\/\/izglitiba.valmierasnovads.lv\/vdmv\/wp-content\/uploads\/sites\/33\/2025\/07\/WhatsApp-Image-2025-07-28-at-13.48.03.jpeg\" alt=\"\" class=\"wp-image-769 size-full\" srcset=\"https:\/\/izglitiba.valmierasnovads.lv\/vdmv\/wp-content\/uploads\/sites\/33\/2025\/07\/WhatsApp-Image-2025-07-28-at-13.48.03.jpeg 1024w, https:\/\/izglitiba.valmierasnovads.lv\/vdmv\/wp-content\/uploads\/sites\/33\/2025\/07\/WhatsApp-Image-2025-07-28-at-13.48.03-300x300.jpeg 300w, https:\/\/izglitiba.valmierasnovads.lv\/vdmv\/wp-content\/uploads\/sites\/33\/2025\/07\/WhatsApp-Image-2025-07-28-at-13.48.03-150x150.jpeg 150w, https:\/\/izglitiba.valmierasnovads.lv\/vdmv\/wp-content\/uploads\/sites\/33\/2025\/07\/WhatsApp-Image-2025-07-28-at-13.48.03-768x768.jpeg 768w\" sizes=\"auto, (max-width: 1024px) 100vw, 1024px\" \/><\/figure><\/div>\n\n\n\n<p><\/p>\n\n\n<style>.kb-image574_8d742d-a1.kb-image-is-ratio-size, .kb-image574_8d742d-a1 .kb-image-is-ratio-size{max-width:839px;width:100%;}.wp-block-kadence-column > .kt-inside-inner-col > .kb-image574_8d742d-a1.kb-image-is-ratio-size, .wp-block-kadence-column > .kt-inside-inner-col > .kb-image574_8d742d-a1 .kb-image-is-ratio-size{align-self:unset;}.kb-image574_8d742d-a1 figure{max-width:839px;}.kb-image574_8d742d-a1 .image-is-svg, .kb-image574_8d742d-a1 .image-is-svg img{width:100%;}.kb-image574_8d742d-a1 .kb-image-has-overlay:after{opacity:0.3;}<\/style>\n<div class=\"wp-block-kadence-image kb-image574_8d742d-a1\"><figure class=\"aligncenter\"><img loading=\"lazy\" decoding=\"async\" width=\"1280\" height=\"610\" src=\"https:\/\/izglitiba.valmierasnovads.lv\/vdmv\/wp-content\/uploads\/sites\/33\/2025\/07\/Header-1-1.png\" alt=\"\" class=\"kb-img wp-image-585\" srcset=\"https:\/\/izglitiba.valmierasnovads.lv\/vdmv\/wp-content\/uploads\/sites\/33\/2025\/07\/Header-1-1.png 1280w, https:\/\/izglitiba.valmierasnovads.lv\/vdmv\/wp-content\/uploads\/sites\/33\/2025\/07\/Header-1-1-300x143.png 300w, https:\/\/izglitiba.valmierasnovads.lv\/vdmv\/wp-content\/uploads\/sites\/33\/2025\/07\/Header-1-1-1024x488.png 1024w, https:\/\/izglitiba.valmierasnovads.lv\/vdmv\/wp-content\/uploads\/sites\/33\/2025\/07\/Header-1-1-768x366.png 768w\" sizes=\"auto, (max-width: 1280px) 100vw, 1280px\" \/><\/figure><\/div>\n","protected":false},"excerpt":{"rendered":"<p>UZ\u0145EM\u0160ANA NOSL\u0112GUSIES!! Rezult\u0101ti \u0161eit&gt; INTERJERA&nbsp;DIZAINS Ieg\u016bstam\u0101 kvalifik\u0101cija \u2013&nbsp;Interjera dizainera asistents M\u0101c\u012bbu ilgums \u2013&nbsp;4 gadi Interjera dizaina izgl\u012bt\u012bbas programm\u0101 Tu iem\u0101c\u012bsies [&hellip;]<\/p>\n","protected":false},"author":38,"featured_media":0,"parent":0,"menu_order":0,"comment_status":"closed","ping_status":"closed","template":"","meta":{"_acf_changed":false,"site-sidebar-layout":"default","site-content-layout":"","ast-site-content-layout":"default","site-content-style":"default","site-sidebar-style":"default","ast-global-header-display":"","ast-banner-title-visibility":"","ast-main-header-display":"","ast-hfb-above-header-display":"","ast-hfb-below-header-display":"","ast-hfb-mobile-header-display":"","site-post-title":"","ast-breadcrumbs-content":"","ast-featured-img":"","footer-sml-layout":"","ast-disable-related-posts":"","theme-transparent-header-meta":"","adv-header-id-meta":"","stick-header-meta":"","header-above-stick-meta":"","header-main-stick-meta":"","header-below-stick-meta":"","astra-migrate-meta-layouts":"default","ast-page-background-enabled":"default","ast-page-background-meta":{"desktop":{"background-color":"var(--ast-global-color-5)","background-image":"","background-repeat":"repeat","background-position":"center center","background-size":"auto","background-attachment":"scroll","background-type":"","background-media":"","overlay-type":"","overlay-color":"","overlay-opacity":"","overlay-gradient":""},"tablet":{"background-color":"","background-image":"","background-repeat":"repeat","background-position":"center center","background-size":"auto","background-attachment":"scroll","background-type":"","background-media":"","overlay-type":"","overlay-color":"","overlay-opacity":"","overlay-gradient":""},"mobile":{"background-color":"","background-image":"","background-repeat":"repeat","background-position":"center center","background-size":"auto","background-attachment":"scroll","background-type":"","background-media":"","overlay-type":"","overlay-color":"","overlay-opacity":"","overlay-gradient":""}},"ast-content-background-meta":{"desktop":{"background-color":"var(--ast-global-color-4)","background-image":"","background-repeat":"repeat","background-position":"center center","background-size":"auto","background-attachment":"scroll","background-type":"","background-media":"","overlay-type":"","overlay-color":"","overlay-opacity":"","overlay-gradient":""},"tablet":{"background-color":"var(--ast-global-color-4)","background-image":"","background-repeat":"repeat","background-position":"center center","background-size":"auto","background-attachment":"scroll","background-type":"","background-media":"","overlay-type":"","overlay-color":"","overlay-opacity":"","overlay-gradient":""},"mobile":{"background-color":"var(--ast-global-color-4)","background-image":"","background-repeat":"repeat","background-position":"center center","background-size":"auto","background-attachment":"scroll","background-type":"","background-media":"","overlay-type":"","overlay-color":"","overlay-opacity":"","overlay-gradient":""}},"footnotes":""},"class_list":["post-574","page","type-page","status-publish","hentry"],"acf":[],"yoast_head":"<!-- This site is optimized with the Yoast SEO plugin v27.0 - https:\/\/yoast.com\/product\/yoast-seo-wordpress\/ -->\n<title>Profesion\u0101l\u0101s vid\u0113j\u0101s izgl\u012bt\u012bbas programmas -<\/title>\n<meta name=\"robots\" content=\"index, follow, max-snippet:-1, max-image-preview:large, max-video-preview:-1\" \/>\n<link rel=\"canonical\" href=\"https:\/\/izglitiba.valmierasnovads.lv\/vdmv\/profesionalas-videjas-izglitibas-programmas\/\" \/>\n<meta property=\"og:locale\" content=\"lv_LV\" \/>\n<meta property=\"og:type\" content=\"article\" \/>\n<meta property=\"og:title\" content=\"Profesion\u0101l\u0101s vid\u0113j\u0101s izgl\u012bt\u012bbas programmas -\" \/>\n<meta property=\"og:description\" content=\"UZ\u0145EM\u0160ANA NOSL\u0112GUSIES!! Rezult\u0101ti \u0161eit&gt; INTERJERA&nbsp;DIZAINS Ieg\u016bstam\u0101 kvalifik\u0101cija \u2013&nbsp;Interjera dizainera asistents M\u0101c\u012bbu ilgums \u2013&nbsp;4 gadi Interjera dizaina izgl\u012bt\u012bbas programm\u0101 Tu iem\u0101c\u012bsies [&hellip;]\" \/>\n<meta property=\"og:url\" content=\"https:\/\/izglitiba.valmierasnovads.lv\/vdmv\/profesionalas-videjas-izglitibas-programmas\/\" \/>\n<meta property=\"article:modified_time\" content=\"2025-07-28T12:23:47+00:00\" \/>\n<meta property=\"og:image\" content=\"https:\/\/izglitiba.valmierasnovads.lv\/vdmv\/wp-content\/uploads\/sites\/33\/2025\/07\/WhatsApp-Image-2025-07-28-at-13.35.40.jpeg\" \/>\n\t<meta property=\"og:image:width\" content=\"1024\" \/>\n\t<meta property=\"og:image:height\" content=\"1024\" \/>\n\t<meta property=\"og:image:type\" content=\"image\/jpeg\" \/>\n<meta name=\"twitter:card\" content=\"summary_large_image\" \/>\n<meta name=\"twitter:label1\" content=\"Est. reading time\" \/>\n\t<meta name=\"twitter:data1\" content=\"3 min\u016btes\" \/>\n<script type=\"application\/ld+json\" class=\"yoast-schema-graph\">{\"@context\":\"https:\/\/schema.org\",\"@graph\":[{\"@type\":\"WebPage\",\"@id\":\"https:\/\/izglitiba.valmierasnovads.lv\/vdmv\/profesionalas-videjas-izglitibas-programmas\/\",\"url\":\"https:\/\/izglitiba.valmierasnovads.lv\/vdmv\/profesionalas-videjas-izglitibas-programmas\/\",\"name\":\"Profesion\u0101l\u0101s vid\u0113j\u0101s izgl\u012bt\u012bbas programmas -\",\"isPartOf\":{\"@id\":\"https:\/\/izglitiba.valmierasnovads.lv\/vdmv\/#website\"},\"primaryImageOfPage\":{\"@id\":\"https:\/\/izglitiba.valmierasnovads.lv\/vdmv\/profesionalas-videjas-izglitibas-programmas\/#primaryimage\"},\"image\":{\"@id\":\"https:\/\/izglitiba.valmierasnovads.lv\/vdmv\/profesionalas-videjas-izglitibas-programmas\/#primaryimage\"},\"thumbnailUrl\":\"https:\/\/izglitiba.valmierasnovads.lv\/vdmv\/wp-content\/uploads\/sites\/33\/2025\/07\/WhatsApp-Image-2025-07-28-at-13.35.40.jpeg\",\"datePublished\":\"2025-07-15T13:09:39+00:00\",\"dateModified\":\"2025-07-28T12:23:47+00:00\",\"breadcrumb\":{\"@id\":\"https:\/\/izglitiba.valmierasnovads.lv\/vdmv\/profesionalas-videjas-izglitibas-programmas\/#breadcrumb\"},\"inLanguage\":\"lv-LV\",\"potentialAction\":[{\"@type\":\"ReadAction\",\"target\":[\"https:\/\/izglitiba.valmierasnovads.lv\/vdmv\/profesionalas-videjas-izglitibas-programmas\/\"]}]},{\"@type\":\"ImageObject\",\"inLanguage\":\"lv-LV\",\"@id\":\"https:\/\/izglitiba.valmierasnovads.lv\/vdmv\/profesionalas-videjas-izglitibas-programmas\/#primaryimage\",\"url\":\"https:\/\/izglitiba.valmierasnovads.lv\/vdmv\/wp-content\/uploads\/sites\/33\/2025\/07\/WhatsApp-Image-2025-07-28-at-13.35.40.jpeg\",\"contentUrl\":\"https:\/\/izglitiba.valmierasnovads.lv\/vdmv\/wp-content\/uploads\/sites\/33\/2025\/07\/WhatsApp-Image-2025-07-28-at-13.35.40.jpeg\",\"width\":1024,\"height\":1024},{\"@type\":\"BreadcrumbList\",\"@id\":\"https:\/\/izglitiba.valmierasnovads.lv\/vdmv\/profesionalas-videjas-izglitibas-programmas\/#breadcrumb\",\"itemListElement\":[{\"@type\":\"ListItem\",\"position\":1,\"name\":\"Home\",\"item\":\"https:\/\/izglitiba.valmierasnovads.lv\/vdmv\/\"},{\"@type\":\"ListItem\",\"position\":2,\"name\":\"Profesion\u0101l\u0101s vid\u0113j\u0101s izgl\u012bt\u012bbas programmas\"}]},{\"@type\":\"WebSite\",\"@id\":\"https:\/\/izglitiba.valmierasnovads.lv\/vdmv\/#website\",\"url\":\"https:\/\/izglitiba.valmierasnovads.lv\/vdmv\/\",\"name\":\"\",\"description\":\"\",\"potentialAction\":[{\"@type\":\"SearchAction\",\"target\":{\"@type\":\"EntryPoint\",\"urlTemplate\":\"https:\/\/izglitiba.valmierasnovads.lv\/vdmv\/?s={search_term_string}\"},\"query-input\":{\"@type\":\"PropertyValueSpecification\",\"valueRequired\":true,\"valueName\":\"search_term_string\"}}],\"inLanguage\":\"lv-LV\"}]}<\/script>\n<!-- \/ Yoast SEO plugin. -->","yoast_head_json":{"title":"Profesion\u0101l\u0101s vid\u0113j\u0101s izgl\u012bt\u012bbas programmas -","robots":{"index":"index","follow":"follow","max-snippet":"max-snippet:-1","max-image-preview":"max-image-preview:large","max-video-preview":"max-video-preview:-1"},"canonical":"https:\/\/izglitiba.valmierasnovads.lv\/vdmv\/profesionalas-videjas-izglitibas-programmas\/","og_locale":"lv_LV","og_type":"article","og_title":"Profesion\u0101l\u0101s vid\u0113j\u0101s izgl\u012bt\u012bbas programmas -","og_description":"UZ\u0145EM\u0160ANA NOSL\u0112GUSIES!! Rezult\u0101ti \u0161eit&gt; INTERJERA&nbsp;DIZAINS Ieg\u016bstam\u0101 kvalifik\u0101cija \u2013&nbsp;Interjera dizainera asistents M\u0101c\u012bbu ilgums \u2013&nbsp;4 gadi Interjera dizaina izgl\u012bt\u012bbas programm\u0101 Tu iem\u0101c\u012bsies [&hellip;]","og_url":"https:\/\/izglitiba.valmierasnovads.lv\/vdmv\/profesionalas-videjas-izglitibas-programmas\/","article_modified_time":"2025-07-28T12:23:47+00:00","og_image":[{"width":1024,"height":1024,"url":"https:\/\/izglitiba.valmierasnovads.lv\/vdmv\/wp-content\/uploads\/sites\/33\/2025\/07\/WhatsApp-Image-2025-07-28-at-13.35.40.jpeg","type":"image\/jpeg"}],"twitter_card":"summary_large_image","twitter_misc":{"Est. reading time":"3 min\u016btes"},"schema":{"@context":"https:\/\/schema.org","@graph":[{"@type":"WebPage","@id":"https:\/\/izglitiba.valmierasnovads.lv\/vdmv\/profesionalas-videjas-izglitibas-programmas\/","url":"https:\/\/izglitiba.valmierasnovads.lv\/vdmv\/profesionalas-videjas-izglitibas-programmas\/","name":"Profesion\u0101l\u0101s vid\u0113j\u0101s izgl\u012bt\u012bbas programmas -","isPartOf":{"@id":"https:\/\/izglitiba.valmierasnovads.lv\/vdmv\/#website"},"primaryImageOfPage":{"@id":"https:\/\/izglitiba.valmierasnovads.lv\/vdmv\/profesionalas-videjas-izglitibas-programmas\/#primaryimage"},"image":{"@id":"https:\/\/izglitiba.valmierasnovads.lv\/vdmv\/profesionalas-videjas-izglitibas-programmas\/#primaryimage"},"thumbnailUrl":"https:\/\/izglitiba.valmierasnovads.lv\/vdmv\/wp-content\/uploads\/sites\/33\/2025\/07\/WhatsApp-Image-2025-07-28-at-13.35.40.jpeg","datePublished":"2025-07-15T13:09:39+00:00","dateModified":"2025-07-28T12:23:47+00:00","breadcrumb":{"@id":"https:\/\/izglitiba.valmierasnovads.lv\/vdmv\/profesionalas-videjas-izglitibas-programmas\/#breadcrumb"},"inLanguage":"lv-LV","potentialAction":[{"@type":"ReadAction","target":["https:\/\/izglitiba.valmierasnovads.lv\/vdmv\/profesionalas-videjas-izglitibas-programmas\/"]}]},{"@type":"ImageObject","inLanguage":"lv-LV","@id":"https:\/\/izglitiba.valmierasnovads.lv\/vdmv\/profesionalas-videjas-izglitibas-programmas\/#primaryimage","url":"https:\/\/izglitiba.valmierasnovads.lv\/vdmv\/wp-content\/uploads\/sites\/33\/2025\/07\/WhatsApp-Image-2025-07-28-at-13.35.40.jpeg","contentUrl":"https:\/\/izglitiba.valmierasnovads.lv\/vdmv\/wp-content\/uploads\/sites\/33\/2025\/07\/WhatsApp-Image-2025-07-28-at-13.35.40.jpeg","width":1024,"height":1024},{"@type":"BreadcrumbList","@id":"https:\/\/izglitiba.valmierasnovads.lv\/vdmv\/profesionalas-videjas-izglitibas-programmas\/#breadcrumb","itemListElement":[{"@type":"ListItem","position":1,"name":"Home","item":"https:\/\/izglitiba.valmierasnovads.lv\/vdmv\/"},{"@type":"ListItem","position":2,"name":"Profesion\u0101l\u0101s vid\u0113j\u0101s izgl\u012bt\u012bbas programmas"}]},{"@type":"WebSite","@id":"https:\/\/izglitiba.valmierasnovads.lv\/vdmv\/#website","url":"https:\/\/izglitiba.valmierasnovads.lv\/vdmv\/","name":"","description":"","potentialAction":[{"@type":"SearchAction","target":{"@type":"EntryPoint","urlTemplate":"https:\/\/izglitiba.valmierasnovads.lv\/vdmv\/?s={search_term_string}"},"query-input":{"@type":"PropertyValueSpecification","valueRequired":true,"valueName":"search_term_string"}}],"inLanguage":"lv-LV"}]}},"_links":{"self":[{"href":"https:\/\/izglitiba.valmierasnovads.lv\/vdmv\/wp-json\/wp\/v2\/pages\/574","targetHints":{"allow":["GET"]}}],"collection":[{"href":"https:\/\/izglitiba.valmierasnovads.lv\/vdmv\/wp-json\/wp\/v2\/pages"}],"about":[{"href":"https:\/\/izglitiba.valmierasnovads.lv\/vdmv\/wp-json\/wp\/v2\/types\/page"}],"author":[{"embeddable":true,"href":"https:\/\/izglitiba.valmierasnovads.lv\/vdmv\/wp-json\/wp\/v2\/users\/38"}],"replies":[{"embeddable":true,"href":"https:\/\/izglitiba.valmierasnovads.lv\/vdmv\/wp-json\/wp\/v2\/comments?post=574"}],"version-history":[{"count":11,"href":"https:\/\/izglitiba.valmierasnovads.lv\/vdmv\/wp-json\/wp\/v2\/pages\/574\/revisions"}],"predecessor-version":[{"id":803,"href":"https:\/\/izglitiba.valmierasnovads.lv\/vdmv\/wp-json\/wp\/v2\/pages\/574\/revisions\/803"}],"wp:attachment":[{"href":"https:\/\/izglitiba.valmierasnovads.lv\/vdmv\/wp-json\/wp\/v2\/media?parent=574"}],"curies":[{"name":"wp","href":"https:\/\/api.w.org\/{rel}","templated":true}]}}