{"id":593,"date":"2025-07-15T16:39:56","date_gmt":"2025-07-15T13:39:56","guid":{"rendered":"https:\/\/izglitiba.valmierasnovads.lv\/vdmv\/?page_id=593"},"modified":"2025-07-28T15:28:36","modified_gmt":"2025-07-28T12:28:36","slug":"profesionalas-ievirzes-izglitibas-programmas","status":"publish","type":"page","link":"https:\/\/izglitiba.valmierasnovads.lv\/vdmv\/profesionalas-ievirzes-izglitibas-programmas\/","title":{"rendered":"Profesion\u0101l\u0101s ievirzes izgl\u012bt\u012bbas programmas"},"content":{"rendered":"\n<p class=\"has-ast-global-color-5-background-color has-background\"><a href=\"https:\/\/izglitiba.valmierasnovads.lv\/vdmv\/papilduznemsana\/\"><strong>PAPILDUZ\u0145EM\u0160ANA<\/strong> <strong>no<\/strong> <strong>19. augusta l\u012bdz 27. augustam 9.00-12.00<\/strong><\/a> <a href=\"https:\/\/izglitiba.valmierasnovads.lv\/vdmv\/papilduznemsana\/\">&gt;<\/a><\/p>\n\n\n\n<div class=\"wp-block-media-text is-stacked-on-mobile is-vertically-aligned-top\" style=\"grid-template-columns:35% auto\"><figure class=\"wp-block-media-text__media\"><img loading=\"lazy\" decoding=\"async\" width=\"1024\" height=\"1024\" src=\"https:\/\/izglitiba.valmierasnovads.lv\/vdmv\/wp-content\/uploads\/sites\/33\/2025\/07\/WhatsApp-Image-2025-07-28-at-14.21.43-1-1.jpeg\" alt=\"\" class=\"wp-image-775 size-full\" srcset=\"https:\/\/izglitiba.valmierasnovads.lv\/vdmv\/wp-content\/uploads\/sites\/33\/2025\/07\/WhatsApp-Image-2025-07-28-at-14.21.43-1-1.jpeg 1024w, https:\/\/izglitiba.valmierasnovads.lv\/vdmv\/wp-content\/uploads\/sites\/33\/2025\/07\/WhatsApp-Image-2025-07-28-at-14.21.43-1-1-300x300.jpeg 300w, https:\/\/izglitiba.valmierasnovads.lv\/vdmv\/wp-content\/uploads\/sites\/33\/2025\/07\/WhatsApp-Image-2025-07-28-at-14.21.43-1-1-150x150.jpeg 150w, https:\/\/izglitiba.valmierasnovads.lv\/vdmv\/wp-content\/uploads\/sites\/33\/2025\/07\/WhatsApp-Image-2025-07-28-at-14.21.43-1-1-768x768.jpeg 768w\" sizes=\"auto, (max-width: 1024px) 100vw, 1024px\" \/><\/figure><div class=\"wp-block-media-text__content\">\n<p><\/p>\n\n\n\n<p><\/p>\n\n\n\n<p class=\"has-ast-global-color-1-color has-text-color has-link-color has-medium-font-size wp-elements-52116bfb34697b4136fa4a20f75a3722\"><strong>VIZU\u0100LI PLASTISK\u0100 M\u0100KSLA<\/strong><\/p>\n\n\n\n<p class=\"has-black-color has-text-color has-link-color has-medium-font-size wp-elements-415e0ed3b93f0743b466bd10a4347aa9\"><strong>7 gadi, 2455 m\u0101c\u012bbu stundas<\/strong><\/p>\n\n\n\n<p>\u0160obr\u012bd programmu apg\u016bst 5.,6.,7. kla\u0161u audz\u0113k\u0146i,&nbsp;jaunus audz\u0113k\u0146us izgl\u012bt\u012bbas programmas 1.- 4. klas\u0113s&nbsp;neuz\u0146em.<\/p>\n<\/div><\/div>\n\n\n\n<div class=\"wp-block-columns is-layout-flex wp-container-core-columns-is-layout-28f84493 wp-block-columns-is-layout-flex\">\n<div class=\"wp-block-column is-layout-flow wp-block-column-is-layout-flow\">\n<h2 class=\"wp-block-heading has-medium-font-size\"><strong>M\u0100C\u012aBU PRIEK\u0160METI<\/strong><\/h2>\n\n\n\n<ul class=\"wp-block-list\">\n<li>Z\u012bm\u0113\u0161ana<\/li>\n\n\n\n<li>Glezno\u0161ana<\/li>\n\n\n\n<li>Kompoz\u012bcija<\/li>\n\n\n\n<li>Veido\u0161ana<\/li>\n\n\n\n<li>Darbs materi\u0101l\u0101<\/li>\n<\/ul>\n<\/div>\n\n\n\n<div class=\"wp-block-column is-layout-flow wp-block-column-is-layout-flow\">\n<p class=\"has-medium-font-size\"><\/p>\n\n\n\n<ul class=\"wp-block-list\">\n<li>M\u0101kslas pamati<\/li>\n\n\n\n<li>Mediju pamati<\/li>\n\n\n\n<li>Dizaina pamati<\/li>\n\n\n\n<li>Tekstila tehnikas<\/li>\n\n\n\n<li>Keramika<\/li>\n<\/ul>\n<\/div>\n\n\n\n<div class=\"wp-block-column is-layout-flow wp-block-column-is-layout-flow\">\n<p class=\"has-medium-font-size\"><\/p>\n\n\n\n<ul class=\"wp-block-list\">\n<li>Met\u0101la apstr\u0101de<\/li>\n\n\n\n<li>Nosl\u0113guma darba izstr\u0101de<\/li>\n\n\n\n<li>Plen\u0113rs<\/li>\n<\/ul>\n<\/div>\n<\/div>\n\n\n\n<hr class=\"wp-block-separator has-alpha-channel-opacity is-style-wide\" \/>\n\n\n\n<p><\/p>\n\n\n\n<div class=\"wp-block-media-text is-stacked-on-mobile is-vertically-aligned-top\" style=\"grid-template-columns:35% auto\"><figure class=\"wp-block-media-text__media\"><img loading=\"lazy\" decoding=\"async\" width=\"1024\" height=\"1024\" src=\"https:\/\/izglitiba.valmierasnovads.lv\/vdmv\/wp-content\/uploads\/sites\/33\/2025\/07\/WhatsApp-Image-2025-07-28-at-14.21.43-2.jpeg\" alt=\"\" class=\"wp-image-776 size-full\" srcset=\"https:\/\/izglitiba.valmierasnovads.lv\/vdmv\/wp-content\/uploads\/sites\/33\/2025\/07\/WhatsApp-Image-2025-07-28-at-14.21.43-2.jpeg 1024w, https:\/\/izglitiba.valmierasnovads.lv\/vdmv\/wp-content\/uploads\/sites\/33\/2025\/07\/WhatsApp-Image-2025-07-28-at-14.21.43-2-300x300.jpeg 300w, https:\/\/izglitiba.valmierasnovads.lv\/vdmv\/wp-content\/uploads\/sites\/33\/2025\/07\/WhatsApp-Image-2025-07-28-at-14.21.43-2-150x150.jpeg 150w, https:\/\/izglitiba.valmierasnovads.lv\/vdmv\/wp-content\/uploads\/sites\/33\/2025\/07\/WhatsApp-Image-2025-07-28-at-14.21.43-2-768x768.jpeg 768w\" sizes=\"auto, (max-width: 1024px) 100vw, 1024px\" \/><\/figure><div class=\"wp-block-media-text__content\">\n<p><\/p>\n\n\n\n<p><\/p>\n\n\n\n<p class=\"has-ast-global-color-1-color has-text-color has-link-color has-medium-font-size wp-elements-1139f7c4174aa0c39d13df313842491a\"><strong>VIZU\u0100LI PLASTISK\u0100 M\u0100KSLA II<\/strong><\/p>\n\n\n\n<p class=\"has-black-color has-text-color has-link-color has-medium-font-size wp-elements-26aab28c1a6ebb30cbdf6b04e599fa86\"><strong>7 gadi, 2090 m\u0101c\u012bbu stundas<\/strong><\/p>\n\n\n\n<p>1. klas\u0113 uz\u0146em b\u0113rnus no 8 l\u012bdz 9 gadu vecumam.&nbsp;<\/p>\n<\/div><\/div>\n\n\n\n<div class=\"wp-block-columns is-layout-flex wp-container-core-columns-is-layout-28f84493 wp-block-columns-is-layout-flex\">\n<div class=\"wp-block-column is-layout-flow wp-block-column-is-layout-flow\">\n<h2 class=\"wp-block-heading has-medium-font-size\"><strong>M\u0100C\u012aBU PRIEK\u0160METI<\/strong><\/h2>\n\n\n\n<ul class=\"wp-block-list\">\n<li>Z\u012bm\u0113\u0161ana<\/li>\n\n\n\n<li>Glezno\u0161ana<\/li>\n\n\n\n<li>Kompoz\u012bcija<\/li>\n\n\n\n<li>Veido\u0161ana<\/li>\n\n\n\n<li>M\u0101kslas valodas pamati<\/li>\n\n\n\n<li>Darbs materi\u0101l\u0101<\/li>\n<\/ul>\n<\/div>\n\n\n\n<div class=\"wp-block-column is-layout-flow wp-block-column-is-layout-flow\">\n<p class=\"has-medium-font-size\"><\/p>\n\n\n\n<ul class=\"wp-block-list\">\n<li>Datorgrafika<\/li>\n\n\n\n<li>Dizaina pamati<\/li>\n\n\n\n<li>Anim\u0101cija<\/li>\n\n\n\n<li>Foto pamati<\/li>\n\n\n\n<li>Arhitekt\u016bras pamati<\/li>\n\n\n\n<li>Keramika<\/li>\n<\/ul>\n<\/div>\n\n\n\n<div class=\"wp-block-column is-layout-flow wp-block-column-is-layout-flow\">\n<p class=\"has-medium-font-size\"><\/p>\n\n\n\n<ul class=\"wp-block-list\">\n<li>Met\u0101la apstr\u0101de<\/li>\n\n\n\n<li>Porcel\u0101na apglezno\u0161ana<\/li>\n\n\n\n<li>Nosl\u0113guma darba izstr\u0101de<\/li>\n\n\n\n<li>Prakse<\/li>\n<\/ul>\n<\/div>\n<\/div>\n\n\n\n<hr class=\"wp-block-separator has-alpha-channel-opacity is-style-wide\" \/>\n\n\n\n<p><\/p>\n\n\n\n<div class=\"wp-block-media-text is-stacked-on-mobile is-vertically-aligned-top\" style=\"grid-template-columns:35% auto\"><figure class=\"wp-block-media-text__media\"><img loading=\"lazy\" decoding=\"async\" width=\"1024\" height=\"1024\" src=\"https:\/\/izglitiba.valmierasnovads.lv\/vdmv\/wp-content\/uploads\/sites\/33\/2025\/07\/WhatsApp-Image-2025-07-28-at-14.37.06.jpeg\" alt=\"\" class=\"wp-image-778 size-full\" srcset=\"https:\/\/izglitiba.valmierasnovads.lv\/vdmv\/wp-content\/uploads\/sites\/33\/2025\/07\/WhatsApp-Image-2025-07-28-at-14.37.06.jpeg 1024w, https:\/\/izglitiba.valmierasnovads.lv\/vdmv\/wp-content\/uploads\/sites\/33\/2025\/07\/WhatsApp-Image-2025-07-28-at-14.37.06-300x300.jpeg 300w, https:\/\/izglitiba.valmierasnovads.lv\/vdmv\/wp-content\/uploads\/sites\/33\/2025\/07\/WhatsApp-Image-2025-07-28-at-14.37.06-150x150.jpeg 150w, https:\/\/izglitiba.valmierasnovads.lv\/vdmv\/wp-content\/uploads\/sites\/33\/2025\/07\/WhatsApp-Image-2025-07-28-at-14.37.06-768x768.jpeg 768w\" sizes=\"auto, (max-width: 1024px) 100vw, 1024px\" \/><\/figure><div class=\"wp-block-media-text__content\">\n<p><\/p>\n\n\n\n<p><\/p>\n\n\n\n<p class=\"has-ast-global-color-1-color has-text-color has-link-color has-medium-font-size wp-elements-5724cb9820db9ac3578c5d55ae4d8cf8\"><strong>VIZU\u0100LI PLASTISK\u0100 M\u0100KSLA<\/strong> III<\/p>\n\n\n\n<p class=\"has-black-color has-text-color has-link-color has-medium-font-size wp-elements-037924dc810dd5cf93fc66cd310d05b3\"><strong>5 gadi, 2090 m\u0101c\u012bbu stundas<\/strong><\/p>\n\n\n\n<p>1. klas\u0113 uz\u0146em b\u0113rnus l\u012bdztekus pamatizgl\u012bt\u012bbas 5.klasei.&nbsp;<\/p>\n<\/div><\/div>\n\n\n\n<div class=\"wp-block-columns is-layout-flex wp-container-core-columns-is-layout-28f84493 wp-block-columns-is-layout-flex\">\n<div class=\"wp-block-column is-layout-flow wp-block-column-is-layout-flow\">\n<h2 class=\"wp-block-heading has-medium-font-size\"><strong>M\u0100C\u012aBU PRIEK\u0160METI<\/strong><\/h2>\n\n\n\n<ul class=\"wp-block-list\">\n<li>Z\u012bm\u0113\u0161ana<\/li>\n\n\n\n<li>Glezno\u0161ana<\/li>\n\n\n\n<li>Kompoz\u012bcija<\/li>\n\n\n\n<li>Veido\u0161ana<\/li>\n<\/ul>\n<\/div>\n\n\n\n<div class=\"wp-block-column is-layout-flow wp-block-column-is-layout-flow\">\n<p class=\"has-medium-font-size\"><\/p>\n\n\n\n<ul class=\"wp-block-list\">\n<li>Darbs materi\u0101l\u0101<\/li>\n\n\n\n<li>M\u0101kslas pamati<\/li>\n\n\n\n<li>Mediju pamati<\/li>\n\n\n\n<li>Dizaina pamati<\/li>\n<\/ul>\n<\/div>\n\n\n\n<div class=\"wp-block-column is-layout-flow wp-block-column-is-layout-flow\">\n<p class=\"has-medium-font-size\"><\/p>\n\n\n\n<ul class=\"wp-block-list\">\n<li>Tekstila tehnikas<\/li>\n\n\n\n<li>Met\u0101la apstr\u0101de<\/li>\n\n\n\n<li>Plen\u0113rs<\/li>\n<\/ul>\n<\/div>\n<\/div>\n","protected":false},"excerpt":{"rendered":"<p>PAPILDUZ\u0145EM\u0160ANA no 19. augusta l\u012bdz 27. augustam 9.00-12.00 &gt; VIZU\u0100LI PLASTISK\u0100 M\u0100KSLA 7 gadi, 2455 m\u0101c\u012bbu stundas \u0160obr\u012bd programmu apg\u016bst [&hellip;]<\/p>\n","protected":false},"author":38,"featured_media":0,"parent":0,"menu_order":0,"comment_status":"closed","ping_status":"closed","template":"","meta":{"_acf_changed":false,"site-sidebar-layout":"default","site-content-layout":"","ast-site-content-layout":"default","site-content-style":"default","site-sidebar-style":"default","ast-global-header-display":"","ast-banner-title-visibility":"","ast-main-header-display":"","ast-hfb-above-header-display":"","ast-hfb-below-header-display":"","ast-hfb-mobile-header-display":"","site-post-title":"","ast-breadcrumbs-content":"","ast-featured-img":"","footer-sml-layout":"","ast-disable-related-posts":"","theme-transparent-header-meta":"","adv-header-id-meta":"","stick-header-meta":"","header-above-stick-meta":"","header-main-stick-meta":"","header-below-stick-meta":"","astra-migrate-meta-layouts":"default","ast-page-background-enabled":"default","ast-page-background-meta":{"desktop":{"background-color":"var(--ast-global-color-5)","background-image":"","background-repeat":"repeat","background-position":"center center","background-size":"auto","background-attachment":"scroll","background-type":"","background-media":"","overlay-type":"","overlay-color":"","overlay-opacity":"","overlay-gradient":""},"tablet":{"background-color":"","background-image":"","background-repeat":"repeat","background-position":"center center","background-size":"auto","background-attachment":"scroll","background-type":"","background-media":"","overlay-type":"","overlay-color":"","overlay-opacity":"","overlay-gradient":""},"mobile":{"background-color":"","background-image":"","background-repeat":"repeat","background-position":"center center","background-size":"auto","background-attachment":"scroll","background-type":"","background-media":"","overlay-type":"","overlay-color":"","overlay-opacity":"","overlay-gradient":""}},"ast-content-background-meta":{"desktop":{"background-color":"var(--ast-global-color-4)","background-image":"","background-repeat":"repeat","background-position":"center center","background-size":"auto","background-attachment":"scroll","background-type":"","background-media":"","overlay-type":"","overlay-color":"","overlay-opacity":"","overlay-gradient":""},"tablet":{"background-color":"var(--ast-global-color-4)","background-image":"","background-repeat":"repeat","background-position":"center center","background-size":"auto","background-attachment":"scroll","background-type":"","background-media":"","overlay-type":"","overlay-color":"","overlay-opacity":"","overlay-gradient":""},"mobile":{"background-color":"var(--ast-global-color-4)","background-image":"","background-repeat":"repeat","background-position":"center center","background-size":"auto","background-attachment":"scroll","background-type":"","background-media":"","overlay-type":"","overlay-color":"","overlay-opacity":"","overlay-gradient":""}},"footnotes":""},"class_list":["post-593","page","type-page","status-publish","hentry"],"acf":[],"yoast_head":"<!-- This site is optimized with the Yoast SEO plugin v27.0 - https:\/\/yoast.com\/product\/yoast-seo-wordpress\/ -->\n<title>Profesion\u0101l\u0101s ievirzes izgl\u012bt\u012bbas programmas -<\/title>\n<meta name=\"robots\" content=\"index, follow, max-snippet:-1, max-image-preview:large, max-video-preview:-1\" \/>\n<link rel=\"canonical\" href=\"https:\/\/izglitiba.valmierasnovads.lv\/vdmv\/profesionalas-ievirzes-izglitibas-programmas\/\" \/>\n<meta property=\"og:locale\" content=\"lv_LV\" \/>\n<meta property=\"og:type\" content=\"article\" \/>\n<meta property=\"og:title\" content=\"Profesion\u0101l\u0101s ievirzes izgl\u012bt\u012bbas programmas -\" \/>\n<meta property=\"og:description\" content=\"PAPILDUZ\u0145EM\u0160ANA no 19. augusta l\u012bdz 27. augustam 9.00-12.00 &gt; VIZU\u0100LI PLASTISK\u0100 M\u0100KSLA 7 gadi, 2455 m\u0101c\u012bbu stundas \u0160obr\u012bd programmu apg\u016bst [&hellip;]\" \/>\n<meta property=\"og:url\" content=\"https:\/\/izglitiba.valmierasnovads.lv\/vdmv\/profesionalas-ievirzes-izglitibas-programmas\/\" \/>\n<meta property=\"article:modified_time\" content=\"2025-07-28T12:28:36+00:00\" \/>\n<meta property=\"og:image\" content=\"https:\/\/izglitiba.valmierasnovads.lv\/vdmv\/wp-content\/uploads\/sites\/33\/2025\/07\/WhatsApp-Image-2025-07-28-at-14.21.43-1-1.jpeg\" \/>\n\t<meta property=\"og:image:width\" content=\"1024\" \/>\n\t<meta property=\"og:image:height\" content=\"1024\" \/>\n\t<meta property=\"og:image:type\" content=\"image\/jpeg\" \/>\n<meta name=\"twitter:card\" content=\"summary_large_image\" \/>\n<meta name=\"twitter:label1\" content=\"Est. reading time\" \/>\n\t<meta name=\"twitter:data1\" content=\"2 min\u016btes\" \/>\n<script type=\"application\/ld+json\" class=\"yoast-schema-graph\">{\"@context\":\"https:\/\/schema.org\",\"@graph\":[{\"@type\":\"WebPage\",\"@id\":\"https:\/\/izglitiba.valmierasnovads.lv\/vdmv\/profesionalas-ievirzes-izglitibas-programmas\/\",\"url\":\"https:\/\/izglitiba.valmierasnovads.lv\/vdmv\/profesionalas-ievirzes-izglitibas-programmas\/\",\"name\":\"Profesion\u0101l\u0101s ievirzes izgl\u012bt\u012bbas programmas -\",\"isPartOf\":{\"@id\":\"https:\/\/izglitiba.valmierasnovads.lv\/vdmv\/#website\"},\"primaryImageOfPage\":{\"@id\":\"https:\/\/izglitiba.valmierasnovads.lv\/vdmv\/profesionalas-ievirzes-izglitibas-programmas\/#primaryimage\"},\"image\":{\"@id\":\"https:\/\/izglitiba.valmierasnovads.lv\/vdmv\/profesionalas-ievirzes-izglitibas-programmas\/#primaryimage\"},\"thumbnailUrl\":\"https:\/\/izglitiba.valmierasnovads.lv\/vdmv\/wp-content\/uploads\/sites\/33\/2025\/07\/WhatsApp-Image-2025-07-28-at-14.21.43-1-1.jpeg\",\"datePublished\":\"2025-07-15T13:39:56+00:00\",\"dateModified\":\"2025-07-28T12:28:36+00:00\",\"breadcrumb\":{\"@id\":\"https:\/\/izglitiba.valmierasnovads.lv\/vdmv\/profesionalas-ievirzes-izglitibas-programmas\/#breadcrumb\"},\"inLanguage\":\"lv-LV\",\"potentialAction\":[{\"@type\":\"ReadAction\",\"target\":[\"https:\/\/izglitiba.valmierasnovads.lv\/vdmv\/profesionalas-ievirzes-izglitibas-programmas\/\"]}]},{\"@type\":\"ImageObject\",\"inLanguage\":\"lv-LV\",\"@id\":\"https:\/\/izglitiba.valmierasnovads.lv\/vdmv\/profesionalas-ievirzes-izglitibas-programmas\/#primaryimage\",\"url\":\"https:\/\/izglitiba.valmierasnovads.lv\/vdmv\/wp-content\/uploads\/sites\/33\/2025\/07\/WhatsApp-Image-2025-07-28-at-14.21.43-1-1.jpeg\",\"contentUrl\":\"https:\/\/izglitiba.valmierasnovads.lv\/vdmv\/wp-content\/uploads\/sites\/33\/2025\/07\/WhatsApp-Image-2025-07-28-at-14.21.43-1-1.jpeg\",\"width\":1024,\"height\":1024},{\"@type\":\"BreadcrumbList\",\"@id\":\"https:\/\/izglitiba.valmierasnovads.lv\/vdmv\/profesionalas-ievirzes-izglitibas-programmas\/#breadcrumb\",\"itemListElement\":[{\"@type\":\"ListItem\",\"position\":1,\"name\":\"Home\",\"item\":\"https:\/\/izglitiba.valmierasnovads.lv\/vdmv\/\"},{\"@type\":\"ListItem\",\"position\":2,\"name\":\"Profesion\u0101l\u0101s ievirzes izgl\u012bt\u012bbas programmas\"}]},{\"@type\":\"WebSite\",\"@id\":\"https:\/\/izglitiba.valmierasnovads.lv\/vdmv\/#website\",\"url\":\"https:\/\/izglitiba.valmierasnovads.lv\/vdmv\/\",\"name\":\"\",\"description\":\"\",\"potentialAction\":[{\"@type\":\"SearchAction\",\"target\":{\"@type\":\"EntryPoint\",\"urlTemplate\":\"https:\/\/izglitiba.valmierasnovads.lv\/vdmv\/?s={search_term_string}\"},\"query-input\":{\"@type\":\"PropertyValueSpecification\",\"valueRequired\":true,\"valueName\":\"search_term_string\"}}],\"inLanguage\":\"lv-LV\"}]}<\/script>\n<!-- \/ Yoast SEO plugin. -->","yoast_head_json":{"title":"Profesion\u0101l\u0101s ievirzes izgl\u012bt\u012bbas programmas -","robots":{"index":"index","follow":"follow","max-snippet":"max-snippet:-1","max-image-preview":"max-image-preview:large","max-video-preview":"max-video-preview:-1"},"canonical":"https:\/\/izglitiba.valmierasnovads.lv\/vdmv\/profesionalas-ievirzes-izglitibas-programmas\/","og_locale":"lv_LV","og_type":"article","og_title":"Profesion\u0101l\u0101s ievirzes izgl\u012bt\u012bbas programmas -","og_description":"PAPILDUZ\u0145EM\u0160ANA no 19. augusta l\u012bdz 27. augustam 9.00-12.00 &gt; VIZU\u0100LI PLASTISK\u0100 M\u0100KSLA 7 gadi, 2455 m\u0101c\u012bbu stundas \u0160obr\u012bd programmu apg\u016bst [&hellip;]","og_url":"https:\/\/izglitiba.valmierasnovads.lv\/vdmv\/profesionalas-ievirzes-izglitibas-programmas\/","article_modified_time":"2025-07-28T12:28:36+00:00","og_image":[{"width":1024,"height":1024,"url":"https:\/\/izglitiba.valmierasnovads.lv\/vdmv\/wp-content\/uploads\/sites\/33\/2025\/07\/WhatsApp-Image-2025-07-28-at-14.21.43-1-1.jpeg","type":"image\/jpeg"}],"twitter_card":"summary_large_image","twitter_misc":{"Est. reading time":"2 min\u016btes"},"schema":{"@context":"https:\/\/schema.org","@graph":[{"@type":"WebPage","@id":"https:\/\/izglitiba.valmierasnovads.lv\/vdmv\/profesionalas-ievirzes-izglitibas-programmas\/","url":"https:\/\/izglitiba.valmierasnovads.lv\/vdmv\/profesionalas-ievirzes-izglitibas-programmas\/","name":"Profesion\u0101l\u0101s ievirzes izgl\u012bt\u012bbas programmas -","isPartOf":{"@id":"https:\/\/izglitiba.valmierasnovads.lv\/vdmv\/#website"},"primaryImageOfPage":{"@id":"https:\/\/izglitiba.valmierasnovads.lv\/vdmv\/profesionalas-ievirzes-izglitibas-programmas\/#primaryimage"},"image":{"@id":"https:\/\/izglitiba.valmierasnovads.lv\/vdmv\/profesionalas-ievirzes-izglitibas-programmas\/#primaryimage"},"thumbnailUrl":"https:\/\/izglitiba.valmierasnovads.lv\/vdmv\/wp-content\/uploads\/sites\/33\/2025\/07\/WhatsApp-Image-2025-07-28-at-14.21.43-1-1.jpeg","datePublished":"2025-07-15T13:39:56+00:00","dateModified":"2025-07-28T12:28:36+00:00","breadcrumb":{"@id":"https:\/\/izglitiba.valmierasnovads.lv\/vdmv\/profesionalas-ievirzes-izglitibas-programmas\/#breadcrumb"},"inLanguage":"lv-LV","potentialAction":[{"@type":"ReadAction","target":["https:\/\/izglitiba.valmierasnovads.lv\/vdmv\/profesionalas-ievirzes-izglitibas-programmas\/"]}]},{"@type":"ImageObject","inLanguage":"lv-LV","@id":"https:\/\/izglitiba.valmierasnovads.lv\/vdmv\/profesionalas-ievirzes-izglitibas-programmas\/#primaryimage","url":"https:\/\/izglitiba.valmierasnovads.lv\/vdmv\/wp-content\/uploads\/sites\/33\/2025\/07\/WhatsApp-Image-2025-07-28-at-14.21.43-1-1.jpeg","contentUrl":"https:\/\/izglitiba.valmierasnovads.lv\/vdmv\/wp-content\/uploads\/sites\/33\/2025\/07\/WhatsApp-Image-2025-07-28-at-14.21.43-1-1.jpeg","width":1024,"height":1024},{"@type":"BreadcrumbList","@id":"https:\/\/izglitiba.valmierasnovads.lv\/vdmv\/profesionalas-ievirzes-izglitibas-programmas\/#breadcrumb","itemListElement":[{"@type":"ListItem","position":1,"name":"Home","item":"https:\/\/izglitiba.valmierasnovads.lv\/vdmv\/"},{"@type":"ListItem","position":2,"name":"Profesion\u0101l\u0101s ievirzes izgl\u012bt\u012bbas programmas"}]},{"@type":"WebSite","@id":"https:\/\/izglitiba.valmierasnovads.lv\/vdmv\/#website","url":"https:\/\/izglitiba.valmierasnovads.lv\/vdmv\/","name":"","description":"","potentialAction":[{"@type":"SearchAction","target":{"@type":"EntryPoint","urlTemplate":"https:\/\/izglitiba.valmierasnovads.lv\/vdmv\/?s={search_term_string}"},"query-input":{"@type":"PropertyValueSpecification","valueRequired":true,"valueName":"search_term_string"}}],"inLanguage":"lv-LV"}]}},"_links":{"self":[{"href":"https:\/\/izglitiba.valmierasnovads.lv\/vdmv\/wp-json\/wp\/v2\/pages\/593","targetHints":{"allow":["GET"]}}],"collection":[{"href":"https:\/\/izglitiba.valmierasnovads.lv\/vdmv\/wp-json\/wp\/v2\/pages"}],"about":[{"href":"https:\/\/izglitiba.valmierasnovads.lv\/vdmv\/wp-json\/wp\/v2\/types\/page"}],"author":[{"embeddable":true,"href":"https:\/\/izglitiba.valmierasnovads.lv\/vdmv\/wp-json\/wp\/v2\/users\/38"}],"replies":[{"embeddable":true,"href":"https:\/\/izglitiba.valmierasnovads.lv\/vdmv\/wp-json\/wp\/v2\/comments?post=593"}],"version-history":[{"count":13,"href":"https:\/\/izglitiba.valmierasnovads.lv\/vdmv\/wp-json\/wp\/v2\/pages\/593\/revisions"}],"predecessor-version":[{"id":805,"href":"https:\/\/izglitiba.valmierasnovads.lv\/vdmv\/wp-json\/wp\/v2\/pages\/593\/revisions\/805"}],"wp:attachment":[{"href":"https:\/\/izglitiba.valmierasnovads.lv\/vdmv\/wp-json\/wp\/v2\/media?parent=593"}],"curies":[{"name":"wp","href":"https:\/\/api.w.org\/{rel}","templated":true}]}}