{"id":610,"date":"2025-07-16T12:17:35","date_gmt":"2025-07-16T09:17:35","guid":{"rendered":"https:\/\/izglitiba.valmierasnovads.lv\/vdmv\/?page_id=610"},"modified":"2025-07-28T15:20:17","modified_gmt":"2025-07-28T12:20:17","slug":"interesu-izglitibas-programmas","status":"publish","type":"page","link":"https:\/\/izglitiba.valmierasnovads.lv\/vdmv\/interesu-izglitibas-programmas\/","title":{"rendered":"Intere\u0161u izgl\u012bt\u012bbas programmas\u00a0"},"content":{"rendered":"\n<p class=\"has-ast-global-color-5-background-color has-background\"><a href=\"https:\/\/izglitiba.valmierasnovads.lv\/vdmv\/papilduznemsana\/\"><strong>PAPILDUZ\u0145EM\u0160ANA<\/strong>&nbsp;<strong>no<\/strong>&nbsp;<strong>19. augusta l\u012bdz 27. augustam 9.00-12.00<\/strong>&nbsp;&gt;<\/a><\/p>\n\n\n\n<p>Nodarb\u012bbas notiek vienu reizi ned\u0113\u013c\u0101 divas m\u0101c\u012bbu stundas, p\u0113c konkr\u0113t\u0101 m\u0101c\u012bbu gada stundu saraksta.<\/p>\n\n\n\n<div class=\"wp-block-media-text is-stacked-on-mobile\" style=\"grid-template-columns:39% auto\"><figure class=\"wp-block-media-text__media\"><img loading=\"lazy\" decoding=\"async\" width=\"1024\" height=\"1024\" src=\"https:\/\/izglitiba.valmierasnovads.lv\/vdmv\/wp-content\/uploads\/sites\/33\/2025\/07\/WhatsApp-Image-2025-07-28-at-15.04.16.jpeg\" alt=\"\" class=\"wp-image-793 size-full\" srcset=\"https:\/\/izglitiba.valmierasnovads.lv\/vdmv\/wp-content\/uploads\/sites\/33\/2025\/07\/WhatsApp-Image-2025-07-28-at-15.04.16.jpeg 1024w, https:\/\/izglitiba.valmierasnovads.lv\/vdmv\/wp-content\/uploads\/sites\/33\/2025\/07\/WhatsApp-Image-2025-07-28-at-15.04.16-300x300.jpeg 300w, https:\/\/izglitiba.valmierasnovads.lv\/vdmv\/wp-content\/uploads\/sites\/33\/2025\/07\/WhatsApp-Image-2025-07-28-at-15.04.16-150x150.jpeg 150w, https:\/\/izglitiba.valmierasnovads.lv\/vdmv\/wp-content\/uploads\/sites\/33\/2025\/07\/WhatsApp-Image-2025-07-28-at-15.04.16-768x768.jpeg 768w\" sizes=\"auto, (max-width: 1024px) 100vw, 1024px\" \/><\/figure><div class=\"wp-block-media-text__content\">\n<p><\/p>\n\n\n\n<p class=\"has-ast-global-color-1-color has-text-color has-link-color has-medium-font-size wp-elements-16e6f07d4753e625756a7f6ebf151e4b\"><strong>RADO\u0160\u0100S M\u0100KSLAS ABC<\/strong><\/p>\n\n\n\n<p><strong>(5-6 gadi)<\/strong><\/p>\n\n\n\n<p>Ja izj\u016bti prieku z\u012bm\u0113jot, gleznojot, veidojot, apg\u016bsti m\u0101kslas ABC, iem\u0101cies saredz\u0113t un rad\u012bt skaisto! Kursu m\u0113r\u0137is ir att\u012bst\u012bt rado\u0161umu, izt\u0113li un m\u0101kslas izpratni, nostiprin\u0101t vizu\u0101lo elementu uztveres sp\u0113jas, kr\u0101sas un&nbsp; formas izj\u016btu.&nbsp;&nbsp;<\/p>\n\n\n\n<p>Tu var\u0113si br\u012bvi paust savu izt\u0113li un idejas, uzlikt t\u0101s uz pap\u012bra ar kr\u0101su z\u012bmu\u013ciem, flom\u0101steriem, kr\u012bti\u0146iem, tu\u0161u u.c. Tu var\u0113si att\u012bst\u012bt ar\u012b veido\u0161anas iema\u0146as no da\u017e\u0101diem materi\u0101liem &#8211;\u00a0 pap\u012bra, plastil\u012bna, dabas materi\u0101liem.<\/p>\n<\/div><\/div>\n\n\n\n<hr class=\"wp-block-separator has-alpha-channel-opacity is-style-wide\" \/>\n\n\n\n<div class=\"wp-block-media-text is-stacked-on-mobile\" style=\"grid-template-columns:39% auto\"><figure class=\"wp-block-media-text__media\"><img loading=\"lazy\" decoding=\"async\" width=\"1024\" height=\"1024\" src=\"https:\/\/izglitiba.valmierasnovads.lv\/vdmv\/wp-content\/uploads\/sites\/33\/2025\/07\/WhatsApp-Image-2025-07-28-at-15.06.20.jpeg\" alt=\"\" class=\"wp-image-795 size-full\" srcset=\"https:\/\/izglitiba.valmierasnovads.lv\/vdmv\/wp-content\/uploads\/sites\/33\/2025\/07\/WhatsApp-Image-2025-07-28-at-15.06.20.jpeg 1024w, https:\/\/izglitiba.valmierasnovads.lv\/vdmv\/wp-content\/uploads\/sites\/33\/2025\/07\/WhatsApp-Image-2025-07-28-at-15.06.20-300x300.jpeg 300w, https:\/\/izglitiba.valmierasnovads.lv\/vdmv\/wp-content\/uploads\/sites\/33\/2025\/07\/WhatsApp-Image-2025-07-28-at-15.06.20-150x150.jpeg 150w, https:\/\/izglitiba.valmierasnovads.lv\/vdmv\/wp-content\/uploads\/sites\/33\/2025\/07\/WhatsApp-Image-2025-07-28-at-15.06.20-768x768.jpeg 768w\" sizes=\"auto, (max-width: 1024px) 100vw, 1024px\" \/><\/figure><div class=\"wp-block-media-text__content\">\n<p><\/p>\n\n\n\n<p class=\"has-ast-global-color-1-color has-text-color has-link-color has-medium-font-size wp-elements-0010e6844639c7efaf2262316af96dc3\"><strong>VIZU\u0100L\u0100S M\u0100KSLAS UN DIZAINA DARBN\u012aCA<\/strong><\/p>\n\n\n\n<p><strong>(1.\u20132. klase, 3.- 4. klase, 5. &#8211; 6. klase)<\/strong><\/p>\n\n\n\n<p>Z\u012bm\u0113sim, gleznosim, griez\u012bsim, l\u012bm\u0113sim, veidosim kol\u0101\u017eas, k\u0101 ar\u012b rad\u012bsim 3D m\u0101kslas objektus un instal\u0101cijas! Iepaz\u012bsim da\u017e\u0101dus m\u0101kslas izteiksmes veidus, dizaina risin\u0101jumus un iesp\u0113jas!<\/p>\n\n\n\n<p>Vizu\u0101l\u0101s m\u0101kslas un dizaina darbn\u012bca pied\u0101v\u0101 iesp\u0113ja apg\u016bt z\u012bm\u0113\u0161anas, glezno\u0161anas un veido\u0161anas prasmes, izp\u0113t\u012bt da\u017e\u0101dus materi\u0101lus, tehnikas un stilus, att\u012bst\u012bt rado\u0161o potenci\u0101lu un br\u012bvi izpausties m\u0101ksl\u0101.<\/p>\n<\/div><\/div>\n\n\n\n<hr class=\"wp-block-separator has-alpha-channel-opacity is-style-wide\" \/>\n\n\n\n<div class=\"wp-block-media-text is-stacked-on-mobile\" style=\"grid-template-columns:39% auto\"><figure class=\"wp-block-media-text__media\"><img loading=\"lazy\" decoding=\"async\" width=\"1024\" height=\"1024\" src=\"https:\/\/izglitiba.valmierasnovads.lv\/vdmv\/wp-content\/uploads\/sites\/33\/2025\/07\/WhatsApp-Image-2025-07-28-at-15.08.19.jpeg\" alt=\"\" class=\"wp-image-796 size-full\" srcset=\"https:\/\/izglitiba.valmierasnovads.lv\/vdmv\/wp-content\/uploads\/sites\/33\/2025\/07\/WhatsApp-Image-2025-07-28-at-15.08.19.jpeg 1024w, https:\/\/izglitiba.valmierasnovads.lv\/vdmv\/wp-content\/uploads\/sites\/33\/2025\/07\/WhatsApp-Image-2025-07-28-at-15.08.19-300x300.jpeg 300w, https:\/\/izglitiba.valmierasnovads.lv\/vdmv\/wp-content\/uploads\/sites\/33\/2025\/07\/WhatsApp-Image-2025-07-28-at-15.08.19-150x150.jpeg 150w, https:\/\/izglitiba.valmierasnovads.lv\/vdmv\/wp-content\/uploads\/sites\/33\/2025\/07\/WhatsApp-Image-2025-07-28-at-15.08.19-768x768.jpeg 768w\" sizes=\"auto, (max-width: 1024px) 100vw, 1024px\" \/><\/figure><div class=\"wp-block-media-text__content\">\n<p><\/p>\n\n\n\n<p class=\"has-ast-global-color-1-color has-text-color has-link-color has-medium-font-size wp-elements-8e5e48814c81ffeda5fd52e2188a4a1b\"><strong>VEIDO\u0160ANA NO PAP\u012aRA L\u012aDZ M\u0100LAM<\/strong><\/p>\n\n\n\n<p><strong>(1.\u2013 5. klase)<\/strong><\/p>\n\n\n\n<p>Tu apg\u016bsi veido\u0161anas prasmes str\u0101d\u0101jot ar da\u017e\u0101diem materi\u0101liem (pap\u012brs, plastil\u012bns, m\u0101ls, dabas materi\u0101li u.c.) un&nbsp; realiz\u0113t savu rado\u0161o ieceri, izmantojot da\u017e\u0101dus m\u0101ksliniecisk\u0101s izpausmes l\u012bdzek\u013cus.<\/p>\n\n\n\n<p>Kursu dal\u012bbnieki, izmantojot pap\u012bru k\u0101 model\u0113\u0161anas materi\u0101lu, iepaz\u012bsies ar t\u0101 daudzveid\u012bgaj\u0101m \u012bpa\u0161\u012bb\u0101m un iesp\u0113j\u0101m. Nodarb\u012bbu laik\u0101 b\u016bs iesp\u0113ja veidot origami mode\u013cus, putnus, dz\u012bvniekus un ziedus, d\u0101vanu kast\u012btes un apsveikumu karti\u0146as. Keramikas pamati tiks apg\u016bti darinot traukus, s\u012bkplastikas fig\u016bri\u0146as un da\u017e\u0101dus dekorat\u012bvus priek\u0161metus.&nbsp;<\/p>\n<\/div><\/div>\n\n\n\n<hr class=\"wp-block-separator has-alpha-channel-opacity is-style-wide\" \/>\n\n\n\n<div class=\"wp-block-media-text is-stacked-on-mobile\" style=\"grid-template-columns:39% auto\"><figure class=\"wp-block-media-text__media\"><img loading=\"lazy\" decoding=\"async\" width=\"1024\" height=\"1024\" src=\"https:\/\/izglitiba.valmierasnovads.lv\/vdmv\/wp-content\/uploads\/sites\/33\/2025\/07\/WhatsApp-Image-2025-07-28-at-15.17.20.jpeg\" alt=\"\" class=\"wp-image-797 size-full\" srcset=\"https:\/\/izglitiba.valmierasnovads.lv\/vdmv\/wp-content\/uploads\/sites\/33\/2025\/07\/WhatsApp-Image-2025-07-28-at-15.17.20.jpeg 1024w, https:\/\/izglitiba.valmierasnovads.lv\/vdmv\/wp-content\/uploads\/sites\/33\/2025\/07\/WhatsApp-Image-2025-07-28-at-15.17.20-300x300.jpeg 300w, https:\/\/izglitiba.valmierasnovads.lv\/vdmv\/wp-content\/uploads\/sites\/33\/2025\/07\/WhatsApp-Image-2025-07-28-at-15.17.20-150x150.jpeg 150w, https:\/\/izglitiba.valmierasnovads.lv\/vdmv\/wp-content\/uploads\/sites\/33\/2025\/07\/WhatsApp-Image-2025-07-28-at-15.17.20-768x768.jpeg 768w\" sizes=\"auto, (max-width: 1024px) 100vw, 1024px\" \/><\/figure><div class=\"wp-block-media-text__content\">\n<p class=\"has-ast-global-color-1-color has-text-color has-link-color has-medium-font-size wp-elements-f90b4dc252ac467f8aff612a568cf754\"><strong>ARHITEKT\u016aRAS PAMATI<\/strong><\/p>\n\n\n\n<p><strong>(9. &#8211; 12. klase)<\/strong><\/p>\n\n\n\n<p>Rado\u0161i darbojoties intere\u0161u izgl\u012bt\u012bbas pulci\u0146\u0101, iesp\u0113jams iepaz\u012bt apb\u016bv\u0113tas vides veido\u0161anas m\u0101kslu, g\u016bt izpratni par v\u0113sturisk\u0101s un m\u016bsdienu arhitekt\u016bras pamat\u012bpa\u0161\u012bb\u0101m. Iepaz\u012bstoties ar daudzveid\u012bgiem materi\u0101liem, tiek apg\u016btas iema\u0146as telpiskas vides veido\u0161an\u0101. Rado\u0161\u0101s ieceres realiz\u0101cija no idejas l\u012bdz skicei un praktiskam darba rezult\u0101tam veido daudzveid\u012bgu rado\u0161\u0101 darba pieredzi.<\/p>\n<\/div><\/div>\n\n\n\n<hr class=\"wp-block-separator has-alpha-channel-opacity is-style-wide\" \/>\n\n\n\n<div class=\"wp-block-media-text is-stacked-on-mobile\" style=\"grid-template-columns:39% auto\"><figure class=\"wp-block-media-text__media\"><img loading=\"lazy\" decoding=\"async\" width=\"1024\" height=\"1024\" src=\"https:\/\/izglitiba.valmierasnovads.lv\/vdmv\/wp-content\/uploads\/sites\/33\/2025\/07\/WhatsApp-Image-2025-07-28-at-15.19.20.jpeg\" alt=\"\" class=\"wp-image-798 size-full\" srcset=\"https:\/\/izglitiba.valmierasnovads.lv\/vdmv\/wp-content\/uploads\/sites\/33\/2025\/07\/WhatsApp-Image-2025-07-28-at-15.19.20.jpeg 1024w, https:\/\/izglitiba.valmierasnovads.lv\/vdmv\/wp-content\/uploads\/sites\/33\/2025\/07\/WhatsApp-Image-2025-07-28-at-15.19.20-300x300.jpeg 300w, https:\/\/izglitiba.valmierasnovads.lv\/vdmv\/wp-content\/uploads\/sites\/33\/2025\/07\/WhatsApp-Image-2025-07-28-at-15.19.20-150x150.jpeg 150w, https:\/\/izglitiba.valmierasnovads.lv\/vdmv\/wp-content\/uploads\/sites\/33\/2025\/07\/WhatsApp-Image-2025-07-28-at-15.19.20-768x768.jpeg 768w\" sizes=\"auto, (max-width: 1024px) 100vw, 1024px\" \/><\/figure><div class=\"wp-block-media-text__content\">\n<p><\/p>\n\n\n\n<p class=\"has-ast-global-color-1-color has-text-color has-link-color has-medium-font-size wp-elements-4abafc8461875b8421888632ad9a2d8b\"><strong>Z\u012aM\u0112\u0160ANAS UN GLEZNO\u0160ANAS DARBN\u012aCA<\/strong><\/p>\n\n\n\n<p><strong>(9. &#8211; 12. klase)<\/strong><\/p>\n\n\n\n<p>Z\u012bm\u0113\u0161anas nodarb\u012bb\u0101s iem\u0101c\u012bsieties z\u012bm\u0113t sadz\u012bves priek\u0161metus, drap\u0113rijas, \u0123ip\u0161a formas u.c. Z\u012bm\u0113jot un skic\u0113jot tren\u0113siet rokas precizit\u0101ti, iem\u0101c\u012bsieties izm\u0113r\u012bt proporcijas, veidot kompoz\u012bciju, k\u0101 ar\u012b izprat\u012bsiet, kas ir telpiskums un dzi\u013cums. Nodarb\u012bb\u0101s darbosimies ar graf\u012bta z\u012bmu\u013ciem, ogli un sang\u012bnu.<\/p>\n\n\n\n<p>Glezno\u0161anas nodarb\u012bb\u0101s var\u0113siet att\u012bst\u012bt prasmes kr\u0101su jauk\u0161an\u0101, da\u017e\u0101du glezno\u0161anas materi\u0101lu pielieto\u0161an\u0101 un tehnik\u0101s. Nodarb\u012bb\u0101s str\u0101d\u0101sim ar akvare\u013ckr\u0101s\u0101m,&nbsp; gua\u0161a vai akrila kr\u0101s\u0101m uz pap\u012bra un audekla. Tiks apg\u016bti klus\u0101s dabas un ainavas&nbsp; glezno\u0161anas pamati, k\u0101 ar\u012b gleznas kompoz\u012bcijas uzb\u016bve.<\/p>\n<\/div><\/div>\n\n\n\n<p><\/p>\n","protected":false},"excerpt":{"rendered":"<p>PAPILDUZ\u0145EM\u0160ANA&nbsp;no&nbsp;19. augusta l\u012bdz 27. augustam 9.00-12.00&nbsp;&gt; Nodarb\u012bbas notiek vienu reizi ned\u0113\u013c\u0101 divas m\u0101c\u012bbu stundas, p\u0113c konkr\u0113t\u0101 m\u0101c\u012bbu gada stundu saraksta. [&hellip;]<\/p>\n","protected":false},"author":38,"featured_media":0,"parent":0,"menu_order":0,"comment_status":"closed","ping_status":"closed","template":"","meta":{"_acf_changed":false,"site-sidebar-layout":"default","site-content-layout":"","ast-site-content-layout":"default","site-content-style":"default","site-sidebar-style":"default","ast-global-header-display":"","ast-banner-title-visibility":"","ast-main-header-display":"","ast-hfb-above-header-display":"","ast-hfb-below-header-display":"","ast-hfb-mobile-header-display":"","site-post-title":"","ast-breadcrumbs-content":"","ast-featured-img":"","footer-sml-layout":"","ast-disable-related-posts":"","theme-transparent-header-meta":"","adv-header-id-meta":"","stick-header-meta":"","header-above-stick-meta":"","header-main-stick-meta":"","header-below-stick-meta":"","astra-migrate-meta-layouts":"default","ast-page-background-enabled":"default","ast-page-background-meta":{"desktop":{"background-color":"var(--ast-global-color-5)","background-image":"","background-repeat":"repeat","background-position":"center center","background-size":"auto","background-attachment":"scroll","background-type":"","background-media":"","overlay-type":"","overlay-color":"","overlay-opacity":"","overlay-gradient":""},"tablet":{"background-color":"","background-image":"","background-repeat":"repeat","background-position":"center center","background-size":"auto","background-attachment":"scroll","background-type":"","background-media":"","overlay-type":"","overlay-color":"","overlay-opacity":"","overlay-gradient":""},"mobile":{"background-color":"","background-image":"","background-repeat":"repeat","background-position":"center center","background-size":"auto","background-attachment":"scroll","background-type":"","background-media":"","overlay-type":"","overlay-color":"","overlay-opacity":"","overlay-gradient":""}},"ast-content-background-meta":{"desktop":{"background-color":"var(--ast-global-color-4)","background-image":"","background-repeat":"repeat","background-position":"center center","background-size":"auto","background-attachment":"scroll","background-type":"","background-media":"","overlay-type":"","overlay-color":"","overlay-opacity":"","overlay-gradient":""},"tablet":{"background-color":"var(--ast-global-color-4)","background-image":"","background-repeat":"repeat","background-position":"center center","background-size":"auto","background-attachment":"scroll","background-type":"","background-media":"","overlay-type":"","overlay-color":"","overlay-opacity":"","overlay-gradient":""},"mobile":{"background-color":"var(--ast-global-color-4)","background-image":"","background-repeat":"repeat","background-position":"center center","background-size":"auto","background-attachment":"scroll","background-type":"","background-media":"","overlay-type":"","overlay-color":"","overlay-opacity":"","overlay-gradient":""}},"footnotes":""},"class_list":["post-610","page","type-page","status-publish","hentry"],"acf":[],"yoast_head":"<!-- This site is optimized with the Yoast SEO plugin v27.0 - https:\/\/yoast.com\/product\/yoast-seo-wordpress\/ -->\n<title>Intere\u0161u izgl\u012bt\u012bbas programmas\u00a0 -<\/title>\n<meta name=\"robots\" content=\"index, follow, max-snippet:-1, max-image-preview:large, max-video-preview:-1\" \/>\n<link rel=\"canonical\" href=\"https:\/\/izglitiba.valmierasnovads.lv\/vdmv\/interesu-izglitibas-programmas\/\" \/>\n<meta property=\"og:locale\" content=\"lv_LV\" \/>\n<meta property=\"og:type\" content=\"article\" \/>\n<meta property=\"og:title\" content=\"Intere\u0161u izgl\u012bt\u012bbas programmas\u00a0 -\" \/>\n<meta property=\"og:description\" content=\"PAPILDUZ\u0145EM\u0160ANA&nbsp;no&nbsp;19. augusta l\u012bdz 27. augustam 9.00-12.00&nbsp;&gt; Nodarb\u012bbas notiek vienu reizi ned\u0113\u013c\u0101 divas m\u0101c\u012bbu stundas, p\u0113c konkr\u0113t\u0101 m\u0101c\u012bbu gada stundu saraksta. [&hellip;]\" \/>\n<meta property=\"og:url\" content=\"https:\/\/izglitiba.valmierasnovads.lv\/vdmv\/interesu-izglitibas-programmas\/\" \/>\n<meta property=\"article:modified_time\" content=\"2025-07-28T12:20:17+00:00\" \/>\n<meta property=\"og:image\" content=\"https:\/\/izglitiba.valmierasnovads.lv\/vdmv\/wp-content\/uploads\/sites\/33\/2025\/07\/WhatsApp-Image-2025-07-28-at-15.04.16.jpeg\" \/>\n\t<meta property=\"og:image:width\" content=\"1024\" \/>\n\t<meta property=\"og:image:height\" content=\"1024\" \/>\n\t<meta property=\"og:image:type\" content=\"image\/jpeg\" \/>\n<meta name=\"twitter:card\" content=\"summary_large_image\" \/>\n<meta name=\"twitter:label1\" content=\"Est. reading time\" \/>\n\t<meta name=\"twitter:data1\" content=\"3 min\u016btes\" \/>\n<script type=\"application\/ld+json\" class=\"yoast-schema-graph\">{\"@context\":\"https:\/\/schema.org\",\"@graph\":[{\"@type\":\"WebPage\",\"@id\":\"https:\/\/izglitiba.valmierasnovads.lv\/vdmv\/interesu-izglitibas-programmas\/\",\"url\":\"https:\/\/izglitiba.valmierasnovads.lv\/vdmv\/interesu-izglitibas-programmas\/\",\"name\":\"Intere\u0161u izgl\u012bt\u012bbas programmas\u00a0 -\",\"isPartOf\":{\"@id\":\"https:\/\/izglitiba.valmierasnovads.lv\/vdmv\/#website\"},\"primaryImageOfPage\":{\"@id\":\"https:\/\/izglitiba.valmierasnovads.lv\/vdmv\/interesu-izglitibas-programmas\/#primaryimage\"},\"image\":{\"@id\":\"https:\/\/izglitiba.valmierasnovads.lv\/vdmv\/interesu-izglitibas-programmas\/#primaryimage\"},\"thumbnailUrl\":\"https:\/\/izglitiba.valmierasnovads.lv\/vdmv\/wp-content\/uploads\/sites\/33\/2025\/07\/WhatsApp-Image-2025-07-28-at-15.04.16.jpeg\",\"datePublished\":\"2025-07-16T09:17:35+00:00\",\"dateModified\":\"2025-07-28T12:20:17+00:00\",\"breadcrumb\":{\"@id\":\"https:\/\/izglitiba.valmierasnovads.lv\/vdmv\/interesu-izglitibas-programmas\/#breadcrumb\"},\"inLanguage\":\"lv-LV\",\"potentialAction\":[{\"@type\":\"ReadAction\",\"target\":[\"https:\/\/izglitiba.valmierasnovads.lv\/vdmv\/interesu-izglitibas-programmas\/\"]}]},{\"@type\":\"ImageObject\",\"inLanguage\":\"lv-LV\",\"@id\":\"https:\/\/izglitiba.valmierasnovads.lv\/vdmv\/interesu-izglitibas-programmas\/#primaryimage\",\"url\":\"https:\/\/izglitiba.valmierasnovads.lv\/vdmv\/wp-content\/uploads\/sites\/33\/2025\/07\/WhatsApp-Image-2025-07-28-at-15.04.16.jpeg\",\"contentUrl\":\"https:\/\/izglitiba.valmierasnovads.lv\/vdmv\/wp-content\/uploads\/sites\/33\/2025\/07\/WhatsApp-Image-2025-07-28-at-15.04.16.jpeg\",\"width\":1024,\"height\":1024},{\"@type\":\"BreadcrumbList\",\"@id\":\"https:\/\/izglitiba.valmierasnovads.lv\/vdmv\/interesu-izglitibas-programmas\/#breadcrumb\",\"itemListElement\":[{\"@type\":\"ListItem\",\"position\":1,\"name\":\"Home\",\"item\":\"https:\/\/izglitiba.valmierasnovads.lv\/vdmv\/\"},{\"@type\":\"ListItem\",\"position\":2,\"name\":\"Intere\u0161u izgl\u012bt\u012bbas programmas\u00a0\"}]},{\"@type\":\"WebSite\",\"@id\":\"https:\/\/izglitiba.valmierasnovads.lv\/vdmv\/#website\",\"url\":\"https:\/\/izglitiba.valmierasnovads.lv\/vdmv\/\",\"name\":\"\",\"description\":\"\",\"potentialAction\":[{\"@type\":\"SearchAction\",\"target\":{\"@type\":\"EntryPoint\",\"urlTemplate\":\"https:\/\/izglitiba.valmierasnovads.lv\/vdmv\/?s={search_term_string}\"},\"query-input\":{\"@type\":\"PropertyValueSpecification\",\"valueRequired\":true,\"valueName\":\"search_term_string\"}}],\"inLanguage\":\"lv-LV\"}]}<\/script>\n<!-- \/ Yoast SEO plugin. -->","yoast_head_json":{"title":"Intere\u0161u izgl\u012bt\u012bbas programmas\u00a0 -","robots":{"index":"index","follow":"follow","max-snippet":"max-snippet:-1","max-image-preview":"max-image-preview:large","max-video-preview":"max-video-preview:-1"},"canonical":"https:\/\/izglitiba.valmierasnovads.lv\/vdmv\/interesu-izglitibas-programmas\/","og_locale":"lv_LV","og_type":"article","og_title":"Intere\u0161u izgl\u012bt\u012bbas programmas\u00a0 -","og_description":"PAPILDUZ\u0145EM\u0160ANA&nbsp;no&nbsp;19. augusta l\u012bdz 27. augustam 9.00-12.00&nbsp;&gt; Nodarb\u012bbas notiek vienu reizi ned\u0113\u013c\u0101 divas m\u0101c\u012bbu stundas, p\u0113c konkr\u0113t\u0101 m\u0101c\u012bbu gada stundu saraksta. [&hellip;]","og_url":"https:\/\/izglitiba.valmierasnovads.lv\/vdmv\/interesu-izglitibas-programmas\/","article_modified_time":"2025-07-28T12:20:17+00:00","og_image":[{"width":1024,"height":1024,"url":"https:\/\/izglitiba.valmierasnovads.lv\/vdmv\/wp-content\/uploads\/sites\/33\/2025\/07\/WhatsApp-Image-2025-07-28-at-15.04.16.jpeg","type":"image\/jpeg"}],"twitter_card":"summary_large_image","twitter_misc":{"Est. reading time":"3 min\u016btes"},"schema":{"@context":"https:\/\/schema.org","@graph":[{"@type":"WebPage","@id":"https:\/\/izglitiba.valmierasnovads.lv\/vdmv\/interesu-izglitibas-programmas\/","url":"https:\/\/izglitiba.valmierasnovads.lv\/vdmv\/interesu-izglitibas-programmas\/","name":"Intere\u0161u izgl\u012bt\u012bbas programmas\u00a0 -","isPartOf":{"@id":"https:\/\/izglitiba.valmierasnovads.lv\/vdmv\/#website"},"primaryImageOfPage":{"@id":"https:\/\/izglitiba.valmierasnovads.lv\/vdmv\/interesu-izglitibas-programmas\/#primaryimage"},"image":{"@id":"https:\/\/izglitiba.valmierasnovads.lv\/vdmv\/interesu-izglitibas-programmas\/#primaryimage"},"thumbnailUrl":"https:\/\/izglitiba.valmierasnovads.lv\/vdmv\/wp-content\/uploads\/sites\/33\/2025\/07\/WhatsApp-Image-2025-07-28-at-15.04.16.jpeg","datePublished":"2025-07-16T09:17:35+00:00","dateModified":"2025-07-28T12:20:17+00:00","breadcrumb":{"@id":"https:\/\/izglitiba.valmierasnovads.lv\/vdmv\/interesu-izglitibas-programmas\/#breadcrumb"},"inLanguage":"lv-LV","potentialAction":[{"@type":"ReadAction","target":["https:\/\/izglitiba.valmierasnovads.lv\/vdmv\/interesu-izglitibas-programmas\/"]}]},{"@type":"ImageObject","inLanguage":"lv-LV","@id":"https:\/\/izglitiba.valmierasnovads.lv\/vdmv\/interesu-izglitibas-programmas\/#primaryimage","url":"https:\/\/izglitiba.valmierasnovads.lv\/vdmv\/wp-content\/uploads\/sites\/33\/2025\/07\/WhatsApp-Image-2025-07-28-at-15.04.16.jpeg","contentUrl":"https:\/\/izglitiba.valmierasnovads.lv\/vdmv\/wp-content\/uploads\/sites\/33\/2025\/07\/WhatsApp-Image-2025-07-28-at-15.04.16.jpeg","width":1024,"height":1024},{"@type":"BreadcrumbList","@id":"https:\/\/izglitiba.valmierasnovads.lv\/vdmv\/interesu-izglitibas-programmas\/#breadcrumb","itemListElement":[{"@type":"ListItem","position":1,"name":"Home","item":"https:\/\/izglitiba.valmierasnovads.lv\/vdmv\/"},{"@type":"ListItem","position":2,"name":"Intere\u0161u izgl\u012bt\u012bbas programmas\u00a0"}]},{"@type":"WebSite","@id":"https:\/\/izglitiba.valmierasnovads.lv\/vdmv\/#website","url":"https:\/\/izglitiba.valmierasnovads.lv\/vdmv\/","name":"","description":"","potentialAction":[{"@type":"SearchAction","target":{"@type":"EntryPoint","urlTemplate":"https:\/\/izglitiba.valmierasnovads.lv\/vdmv\/?s={search_term_string}"},"query-input":{"@type":"PropertyValueSpecification","valueRequired":true,"valueName":"search_term_string"}}],"inLanguage":"lv-LV"}]}},"_links":{"self":[{"href":"https:\/\/izglitiba.valmierasnovads.lv\/vdmv\/wp-json\/wp\/v2\/pages\/610","targetHints":{"allow":["GET"]}}],"collection":[{"href":"https:\/\/izglitiba.valmierasnovads.lv\/vdmv\/wp-json\/wp\/v2\/pages"}],"about":[{"href":"https:\/\/izglitiba.valmierasnovads.lv\/vdmv\/wp-json\/wp\/v2\/types\/page"}],"author":[{"embeddable":true,"href":"https:\/\/izglitiba.valmierasnovads.lv\/vdmv\/wp-json\/wp\/v2\/users\/38"}],"replies":[{"embeddable":true,"href":"https:\/\/izglitiba.valmierasnovads.lv\/vdmv\/wp-json\/wp\/v2\/comments?post=610"}],"version-history":[{"count":2,"href":"https:\/\/izglitiba.valmierasnovads.lv\/vdmv\/wp-json\/wp\/v2\/pages\/610\/revisions"}],"predecessor-version":[{"id":799,"href":"https:\/\/izglitiba.valmierasnovads.lv\/vdmv\/wp-json\/wp\/v2\/pages\/610\/revisions\/799"}],"wp:attachment":[{"href":"https:\/\/izglitiba.valmierasnovads.lv\/vdmv\/wp-json\/wp\/v2\/media?parent=610"}],"curies":[{"name":"wp","href":"https:\/\/api.w.org\/{rel}","templated":true}]}}