{"id":630,"date":"2025-07-16T12:49:29","date_gmt":"2025-07-16T09:49:29","guid":{"rendered":"https:\/\/izglitiba.valmierasnovads.lv\/vdmv\/?page_id=630"},"modified":"2025-08-28T14:25:10","modified_gmt":"2025-08-28T11:25:10","slug":"stundu-saraksts","status":"publish","type":"page","link":"https:\/\/izglitiba.valmierasnovads.lv\/vdmv\/stundu-saraksts\/","title":{"rendered":"Stundu saraksts"},"content":{"rendered":"\n<div class=\"wp-block-media-text is-stacked-on-mobile is-vertically-aligned-center\" style=\"grid-template-columns:23% auto\"><figure class=\"wp-block-media-text__media\"><img loading=\"lazy\" decoding=\"async\" width=\"1024\" height=\"1024\" src=\"https:\/\/izglitiba.valmierasnovads.lv\/vdmv\/wp-content\/uploads\/sites\/33\/2025\/08\/ChatGPT-Image-Aug-28-2025-02_16_23-PM-1.png\" alt=\"\" class=\"wp-image-842 size-full\" srcset=\"https:\/\/izglitiba.valmierasnovads.lv\/vdmv\/wp-content\/uploads\/sites\/33\/2025\/08\/ChatGPT-Image-Aug-28-2025-02_16_23-PM-1.png 1024w, https:\/\/izglitiba.valmierasnovads.lv\/vdmv\/wp-content\/uploads\/sites\/33\/2025\/08\/ChatGPT-Image-Aug-28-2025-02_16_23-PM-1-300x300.png 300w, https:\/\/izglitiba.valmierasnovads.lv\/vdmv\/wp-content\/uploads\/sites\/33\/2025\/08\/ChatGPT-Image-Aug-28-2025-02_16_23-PM-1-150x150.png 150w, https:\/\/izglitiba.valmierasnovads.lv\/vdmv\/wp-content\/uploads\/sites\/33\/2025\/08\/ChatGPT-Image-Aug-28-2025-02_16_23-PM-1-768x768.png 768w\" sizes=\"auto, (max-width: 1024px) 100vw, 1024px\" \/><\/figure><div class=\"wp-block-media-text__content\">\n<p><\/p>\n\n\n\n<p class=\"has-large-font-size\"><strong>M\u0101c\u012bbu stundu saraksts 2025.\/2026.m.g. &gt; <a href=\"https:\/\/vdmv.edupage.org\/timetable\/view.php?fullscreen=1\">skat\u012bt<\/a><\/strong><\/p>\n<\/div><\/div>\n\n\n\n<hr class=\"wp-block-separator has-alpha-channel-opacity is-style-wide\" \/>\n\n\n\n<p class=\"has-text-align-center has-ast-global-color-5-background-color has-background has-medium-font-size\">! <strong>STUNDU IZMAI\u0145AS &gt; <a href=\"https:\/\/vdmv.edupage.org\/substitution\/\">skat\u012bt<\/a><\/strong> !<\/p>\n\n\n\n<hr class=\"wp-block-separator has-alpha-channel-opacity is-style-wide\" \/>\n\n\n\n<p><\/p>\n","protected":false},"excerpt":{"rendered":"<p>M\u0101c\u012bbu stundu saraksts 2025.\/2026.m.g. &gt; skat\u012bt ! STUNDU IZMAI\u0145AS &gt; skat\u012bt !<\/p>\n","protected":false},"author":38,"featured_media":0,"parent":0,"menu_order":0,"comment_status":"closed","ping_status":"closed","template":"","meta":{"_acf_changed":false,"site-sidebar-layout":"default","site-content-layout":"","ast-site-content-layout":"default","site-content-style":"default","site-sidebar-style":"default","ast-global-header-display":"","ast-banner-title-visibility":"","ast-main-header-display":"","ast-hfb-above-header-display":"","ast-hfb-below-header-display":"","ast-hfb-mobile-header-display":"","site-post-title":"","ast-breadcrumbs-content":"","ast-featured-img":"","footer-sml-layout":"","ast-disable-related-posts":"","theme-transparent-header-meta":"","adv-header-id-meta":"","stick-header-meta":"","header-above-stick-meta":"","header-main-stick-meta":"","header-below-stick-meta":"","astra-migrate-meta-layouts":"default","ast-page-background-enabled":"default","ast-page-background-meta":{"desktop":{"background-color":"var(--ast-global-color-5)","background-image":"","background-repeat":"repeat","background-position":"center center","background-size":"auto","background-attachment":"scroll","background-type":"","background-media":"","overlay-type":"","overlay-color":"","overlay-opacity":"","overlay-gradient":""},"tablet":{"background-color":"","background-image":"","background-repeat":"repeat","background-position":"center center","background-size":"auto","background-attachment":"scroll","background-type":"","background-media":"","overlay-type":"","overlay-color":"","overlay-opacity":"","overlay-gradient":""},"mobile":{"background-color":"","background-image":"","background-repeat":"repeat","background-position":"center center","background-size":"auto","background-attachment":"scroll","background-type":"","background-media":"","overlay-type":"","overlay-color":"","overlay-opacity":"","overlay-gradient":""}},"ast-content-background-meta":{"desktop":{"background-color":"var(--ast-global-color-4)","background-image":"","background-repeat":"repeat","background-position":"center center","background-size":"auto","background-attachment":"scroll","background-type":"","background-media":"","overlay-type":"","overlay-color":"","overlay-opacity":"","overlay-gradient":""},"tablet":{"background-color":"var(--ast-global-color-4)","background-image":"","background-repeat":"repeat","background-position":"center center","background-size":"auto","background-attachment":"scroll","background-type":"","background-media":"","overlay-type":"","overlay-color":"","overlay-opacity":"","overlay-gradient":""},"mobile":{"background-color":"var(--ast-global-color-4)","background-image":"","background-repeat":"repeat","background-position":"center center","background-size":"auto","background-attachment":"scroll","background-type":"","background-media":"","overlay-type":"","overlay-color":"","overlay-opacity":"","overlay-gradient":""}},"footnotes":""},"class_list":["post-630","page","type-page","status-publish","hentry"],"acf":[],"yoast_head":"<!-- This site is optimized with the Yoast SEO plugin v27.0 - https:\/\/yoast.com\/product\/yoast-seo-wordpress\/ -->\n<title>Stundu saraksts -<\/title>\n<meta name=\"robots\" content=\"index, follow, max-snippet:-1, max-image-preview:large, max-video-preview:-1\" \/>\n<link rel=\"canonical\" href=\"https:\/\/izglitiba.valmierasnovads.lv\/vdmv\/stundu-saraksts\/\" \/>\n<meta property=\"og:locale\" content=\"lv_LV\" \/>\n<meta property=\"og:type\" content=\"article\" \/>\n<meta property=\"og:title\" content=\"Stundu saraksts -\" \/>\n<meta property=\"og:description\" content=\"M\u0101c\u012bbu stundu saraksts 2025.\/2026.m.g. &gt; skat\u012bt ! STUNDU IZMAI\u0145AS &gt; skat\u012bt !\" \/>\n<meta property=\"og:url\" content=\"https:\/\/izglitiba.valmierasnovads.lv\/vdmv\/stundu-saraksts\/\" \/>\n<meta property=\"article:modified_time\" content=\"2025-08-28T11:25:10+00:00\" \/>\n<meta property=\"og:image\" content=\"https:\/\/izglitiba.valmierasnovads.lv\/vdmv\/wp-content\/uploads\/sites\/33\/2025\/08\/ChatGPT-Image-Aug-28-2025-02_16_23-PM-1.png\" \/>\n\t<meta property=\"og:image:width\" content=\"1024\" \/>\n\t<meta property=\"og:image:height\" content=\"1024\" \/>\n\t<meta property=\"og:image:type\" content=\"image\/png\" \/>\n<meta name=\"twitter:card\" content=\"summary_large_image\" \/>\n<meta name=\"twitter:label1\" content=\"Est. reading time\" \/>\n\t<meta name=\"twitter:data1\" content=\"1 min\u016bte\" \/>\n<script type=\"application\/ld+json\" class=\"yoast-schema-graph\">{\"@context\":\"https:\/\/schema.org\",\"@graph\":[{\"@type\":\"WebPage\",\"@id\":\"https:\/\/izglitiba.valmierasnovads.lv\/vdmv\/stundu-saraksts\/\",\"url\":\"https:\/\/izglitiba.valmierasnovads.lv\/vdmv\/stundu-saraksts\/\",\"name\":\"Stundu saraksts -\",\"isPartOf\":{\"@id\":\"https:\/\/izglitiba.valmierasnovads.lv\/vdmv\/#website\"},\"primaryImageOfPage\":{\"@id\":\"https:\/\/izglitiba.valmierasnovads.lv\/vdmv\/stundu-saraksts\/#primaryimage\"},\"image\":{\"@id\":\"https:\/\/izglitiba.valmierasnovads.lv\/vdmv\/stundu-saraksts\/#primaryimage\"},\"thumbnailUrl\":\"https:\/\/izglitiba.valmierasnovads.lv\/vdmv\/wp-content\/uploads\/sites\/33\/2025\/08\/ChatGPT-Image-Aug-28-2025-02_16_23-PM-1.png\",\"datePublished\":\"2025-07-16T09:49:29+00:00\",\"dateModified\":\"2025-08-28T11:25:10+00:00\",\"breadcrumb\":{\"@id\":\"https:\/\/izglitiba.valmierasnovads.lv\/vdmv\/stundu-saraksts\/#breadcrumb\"},\"inLanguage\":\"lv-LV\",\"potentialAction\":[{\"@type\":\"ReadAction\",\"target\":[\"https:\/\/izglitiba.valmierasnovads.lv\/vdmv\/stundu-saraksts\/\"]}]},{\"@type\":\"ImageObject\",\"inLanguage\":\"lv-LV\",\"@id\":\"https:\/\/izglitiba.valmierasnovads.lv\/vdmv\/stundu-saraksts\/#primaryimage\",\"url\":\"https:\/\/izglitiba.valmierasnovads.lv\/vdmv\/wp-content\/uploads\/sites\/33\/2025\/08\/ChatGPT-Image-Aug-28-2025-02_16_23-PM-1.png\",\"contentUrl\":\"https:\/\/izglitiba.valmierasnovads.lv\/vdmv\/wp-content\/uploads\/sites\/33\/2025\/08\/ChatGPT-Image-Aug-28-2025-02_16_23-PM-1.png\",\"width\":1024,\"height\":1024},{\"@type\":\"BreadcrumbList\",\"@id\":\"https:\/\/izglitiba.valmierasnovads.lv\/vdmv\/stundu-saraksts\/#breadcrumb\",\"itemListElement\":[{\"@type\":\"ListItem\",\"position\":1,\"name\":\"Home\",\"item\":\"https:\/\/izglitiba.valmierasnovads.lv\/vdmv\/\"},{\"@type\":\"ListItem\",\"position\":2,\"name\":\"Stundu saraksts\"}]},{\"@type\":\"WebSite\",\"@id\":\"https:\/\/izglitiba.valmierasnovads.lv\/vdmv\/#website\",\"url\":\"https:\/\/izglitiba.valmierasnovads.lv\/vdmv\/\",\"name\":\"\",\"description\":\"\",\"potentialAction\":[{\"@type\":\"SearchAction\",\"target\":{\"@type\":\"EntryPoint\",\"urlTemplate\":\"https:\/\/izglitiba.valmierasnovads.lv\/vdmv\/?s={search_term_string}\"},\"query-input\":{\"@type\":\"PropertyValueSpecification\",\"valueRequired\":true,\"valueName\":\"search_term_string\"}}],\"inLanguage\":\"lv-LV\"}]}<\/script>\n<!-- \/ Yoast SEO plugin. -->","yoast_head_json":{"title":"Stundu saraksts -","robots":{"index":"index","follow":"follow","max-snippet":"max-snippet:-1","max-image-preview":"max-image-preview:large","max-video-preview":"max-video-preview:-1"},"canonical":"https:\/\/izglitiba.valmierasnovads.lv\/vdmv\/stundu-saraksts\/","og_locale":"lv_LV","og_type":"article","og_title":"Stundu saraksts -","og_description":"M\u0101c\u012bbu stundu saraksts 2025.\/2026.m.g. &gt; skat\u012bt ! STUNDU IZMAI\u0145AS &gt; skat\u012bt !","og_url":"https:\/\/izglitiba.valmierasnovads.lv\/vdmv\/stundu-saraksts\/","article_modified_time":"2025-08-28T11:25:10+00:00","og_image":[{"url":"https:\/\/izglitiba.valmierasnovads.lv\/vdmv\/wp-content\/uploads\/sites\/33\/2025\/08\/ChatGPT-Image-Aug-28-2025-02_16_23-PM-1.png","width":1024,"height":1024,"type":"image\/png"}],"twitter_card":"summary_large_image","twitter_misc":{"Est. reading time":"1 min\u016bte"},"schema":{"@context":"https:\/\/schema.org","@graph":[{"@type":"WebPage","@id":"https:\/\/izglitiba.valmierasnovads.lv\/vdmv\/stundu-saraksts\/","url":"https:\/\/izglitiba.valmierasnovads.lv\/vdmv\/stundu-saraksts\/","name":"Stundu saraksts -","isPartOf":{"@id":"https:\/\/izglitiba.valmierasnovads.lv\/vdmv\/#website"},"primaryImageOfPage":{"@id":"https:\/\/izglitiba.valmierasnovads.lv\/vdmv\/stundu-saraksts\/#primaryimage"},"image":{"@id":"https:\/\/izglitiba.valmierasnovads.lv\/vdmv\/stundu-saraksts\/#primaryimage"},"thumbnailUrl":"https:\/\/izglitiba.valmierasnovads.lv\/vdmv\/wp-content\/uploads\/sites\/33\/2025\/08\/ChatGPT-Image-Aug-28-2025-02_16_23-PM-1.png","datePublished":"2025-07-16T09:49:29+00:00","dateModified":"2025-08-28T11:25:10+00:00","breadcrumb":{"@id":"https:\/\/izglitiba.valmierasnovads.lv\/vdmv\/stundu-saraksts\/#breadcrumb"},"inLanguage":"lv-LV","potentialAction":[{"@type":"ReadAction","target":["https:\/\/izglitiba.valmierasnovads.lv\/vdmv\/stundu-saraksts\/"]}]},{"@type":"ImageObject","inLanguage":"lv-LV","@id":"https:\/\/izglitiba.valmierasnovads.lv\/vdmv\/stundu-saraksts\/#primaryimage","url":"https:\/\/izglitiba.valmierasnovads.lv\/vdmv\/wp-content\/uploads\/sites\/33\/2025\/08\/ChatGPT-Image-Aug-28-2025-02_16_23-PM-1.png","contentUrl":"https:\/\/izglitiba.valmierasnovads.lv\/vdmv\/wp-content\/uploads\/sites\/33\/2025\/08\/ChatGPT-Image-Aug-28-2025-02_16_23-PM-1.png","width":1024,"height":1024},{"@type":"BreadcrumbList","@id":"https:\/\/izglitiba.valmierasnovads.lv\/vdmv\/stundu-saraksts\/#breadcrumb","itemListElement":[{"@type":"ListItem","position":1,"name":"Home","item":"https:\/\/izglitiba.valmierasnovads.lv\/vdmv\/"},{"@type":"ListItem","position":2,"name":"Stundu saraksts"}]},{"@type":"WebSite","@id":"https:\/\/izglitiba.valmierasnovads.lv\/vdmv\/#website","url":"https:\/\/izglitiba.valmierasnovads.lv\/vdmv\/","name":"","description":"","potentialAction":[{"@type":"SearchAction","target":{"@type":"EntryPoint","urlTemplate":"https:\/\/izglitiba.valmierasnovads.lv\/vdmv\/?s={search_term_string}"},"query-input":{"@type":"PropertyValueSpecification","valueRequired":true,"valueName":"search_term_string"}}],"inLanguage":"lv-LV"}]}},"_links":{"self":[{"href":"https:\/\/izglitiba.valmierasnovads.lv\/vdmv\/wp-json\/wp\/v2\/pages\/630","targetHints":{"allow":["GET"]}}],"collection":[{"href":"https:\/\/izglitiba.valmierasnovads.lv\/vdmv\/wp-json\/wp\/v2\/pages"}],"about":[{"href":"https:\/\/izglitiba.valmierasnovads.lv\/vdmv\/wp-json\/wp\/v2\/types\/page"}],"author":[{"embeddable":true,"href":"https:\/\/izglitiba.valmierasnovads.lv\/vdmv\/wp-json\/wp\/v2\/users\/38"}],"replies":[{"embeddable":true,"href":"https:\/\/izglitiba.valmierasnovads.lv\/vdmv\/wp-json\/wp\/v2\/comments?post=630"}],"version-history":[{"count":4,"href":"https:\/\/izglitiba.valmierasnovads.lv\/vdmv\/wp-json\/wp\/v2\/pages\/630\/revisions"}],"predecessor-version":[{"id":845,"href":"https:\/\/izglitiba.valmierasnovads.lv\/vdmv\/wp-json\/wp\/v2\/pages\/630\/revisions\/845"}],"wp:attachment":[{"href":"https:\/\/izglitiba.valmierasnovads.lv\/vdmv\/wp-json\/wp\/v2\/media?parent=630"}],"curies":[{"name":"wp","href":"https:\/\/api.w.org\/{rel}","templated":true}]}}