{"id":647,"date":"2025-07-28T11:37:36","date_gmt":"2025-07-28T08:37:36","guid":{"rendered":"https:\/\/izglitiba.valmierasnovads.lv\/vdmv\/?page_id=647"},"modified":"2025-07-28T14:42:48","modified_gmt":"2025-07-28T11:42:48","slug":"vizuali-plastiska-maksla-iii-5g","status":"publish","type":"page","link":"https:\/\/izglitiba.valmierasnovads.lv\/vdmv\/vizuali-plastiska-maksla-iii-5g\/","title":{"rendered":"Vizu\u0101li plastisk\u0101 m\u0101ksla III (5g)"},"content":{"rendered":"\n<div class=\"wp-block-media-text is-stacked-on-mobile\" style=\"grid-template-columns:39% auto\"><figure class=\"wp-block-media-text__media\"><img loading=\"lazy\" decoding=\"async\" width=\"1024\" height=\"1024\" src=\"https:\/\/izglitiba.valmierasnovads.lv\/vdmv\/wp-content\/uploads\/sites\/33\/2025\/07\/WhatsApp-Image-2025-07-28-at-14.37.06.jpeg\" alt=\"\" class=\"wp-image-778 size-full\" srcset=\"https:\/\/izglitiba.valmierasnovads.lv\/vdmv\/wp-content\/uploads\/sites\/33\/2025\/07\/WhatsApp-Image-2025-07-28-at-14.37.06.jpeg 1024w, https:\/\/izglitiba.valmierasnovads.lv\/vdmv\/wp-content\/uploads\/sites\/33\/2025\/07\/WhatsApp-Image-2025-07-28-at-14.37.06-300x300.jpeg 300w, https:\/\/izglitiba.valmierasnovads.lv\/vdmv\/wp-content\/uploads\/sites\/33\/2025\/07\/WhatsApp-Image-2025-07-28-at-14.37.06-150x150.jpeg 150w, https:\/\/izglitiba.valmierasnovads.lv\/vdmv\/wp-content\/uploads\/sites\/33\/2025\/07\/WhatsApp-Image-2025-07-28-at-14.37.06-768x768.jpeg 768w\" sizes=\"auto, (max-width: 1024px) 100vw, 1024px\" \/><\/figure><div class=\"wp-block-media-text__content\">\n<p><strong>PROFESION\u0100L\u0100S IEVIRZES IZGL\u012aT\u012aBAS PROGRAMMA <\/strong><\/p>\n\n\n\n<p><strong>&#8220;VIZU\u0100LI PLASTISK\u0100 M\u0100KSLA III&#8221;&nbsp;5&nbsp;gadi, 2090 m\u0101c\u012bbu stundas<\/strong><\/p>\n\n\n\n<p>Izgl\u012bt\u012bbas programmas nosl\u0113gum\u0101 izgl\u012btojamie sa\u0146em&nbsp;<em>Apliec\u012bbu par profesion\u0101l\u0101s ievirzes programmas apguvi;<\/em><\/p>\n\n\n\n<p>M\u0101c\u012bbu ilgums&nbsp;pieci&nbsp;gadi. 1. klas\u0113 uz\u0146em b\u0113rnus&nbsp;l\u012bdztekus pamatizgl\u012bt\u012bbas 5.klasei.&nbsp;<\/p>\n\n\n\n<p>Nodarb\u012bbas notiek vair\u0101kas reizes ned\u0113\u013c\u0101 no plkst. 15.20 p\u0113c konkr\u0113t\u0101 m\u0101c\u012bbu gada stundu saraksta.&nbsp;<\/p>\n<\/div><\/div>\n\n\n\n<p><\/p>\n\n\n\n<p class=\"has-ast-global-color-5-background-color has-background\">Maksa m\u0113nes\u012b noteikta&nbsp;<strong>15.00 EUR<\/strong>. Tiek piem\u0113rota atlaide, ja no \u0123imenes skol\u0101 m\u0101c\u0101s vair\u0101ki b\u0113rni, k\u0101 ar\u012b ir citas Valmieras Pa\u0161vald\u012bb\u0101 noteikt\u0101s atlaides.&nbsp;<\/p>\n\n\n\n<div class=\"wp-block-columns is-layout-flex wp-container-core-columns-is-layout-28f84493 wp-block-columns-is-layout-flex\">\n<div class=\"wp-block-column is-layout-flow wp-block-column-is-layout-flow\">\n<p class=\"has-medium-font-size\"><strong>M\u0100C\u012aBU PRIEK\u0160METI<\/strong><\/p>\n\n\n\n<ul class=\"wp-block-list\">\n<li>Z\u012bm\u0113\u0161ana<\/li>\n\n\n\n<li>Glezno\u0161ana<\/li>\n\n\n\n<li>Kompoz\u012bcija<\/li>\n\n\n\n<li>Veido\u0161ana<\/li>\n<\/ul>\n<\/div>\n\n\n\n<div class=\"wp-block-column is-layout-flow wp-block-column-is-layout-flow\">\n<p class=\"has-medium-font-size\"><\/p>\n\n\n\n<ul class=\"wp-block-list\">\n<li>Darbs materi\u0101l\u0101<\/li>\n\n\n\n<li>M\u0101kslas pamati<\/li>\n\n\n\n<li>Mediju pamati<\/li>\n\n\n\n<li>Dizaina pamati<\/li>\n<\/ul>\n<\/div>\n\n\n\n<div class=\"wp-block-column is-layout-flow wp-block-column-is-layout-flow\">\n<p class=\"has-medium-font-size\"><\/p>\n\n\n\n<ul class=\"wp-block-list\">\n<li>Tekstila tehnikas<\/li>\n\n\n\n<li>Met\u0101la apstr\u0101de<\/li>\n\n\n\n<li>Plen\u0113rs<\/li>\n<\/ul>\n<\/div>\n<\/div>\n","protected":false},"excerpt":{"rendered":"<p>PROFESION\u0100L\u0100S IEVIRZES IZGL\u012aT\u012aBAS PROGRAMMA &#8220;VIZU\u0100LI PLASTISK\u0100 M\u0100KSLA III&#8221;&nbsp;5&nbsp;gadi, 2090 m\u0101c\u012bbu stundas Izgl\u012bt\u012bbas programmas nosl\u0113gum\u0101 izgl\u012btojamie sa\u0146em&nbsp;Apliec\u012bbu par profesion\u0101l\u0101s ievirzes programmas [&hellip;]<\/p>\n","protected":false},"author":38,"featured_media":0,"parent":0,"menu_order":0,"comment_status":"closed","ping_status":"closed","template":"","meta":{"_acf_changed":false,"site-sidebar-layout":"default","site-content-layout":"","ast-site-content-layout":"default","site-content-style":"default","site-sidebar-style":"default","ast-global-header-display":"","ast-banner-title-visibility":"","ast-main-header-display":"","ast-hfb-above-header-display":"","ast-hfb-below-header-display":"","ast-hfb-mobile-header-display":"","site-post-title":"","ast-breadcrumbs-content":"","ast-featured-img":"","footer-sml-layout":"","ast-disable-related-posts":"","theme-transparent-header-meta":"","adv-header-id-meta":"","stick-header-meta":"","header-above-stick-meta":"","header-main-stick-meta":"","header-below-stick-meta":"","astra-migrate-meta-layouts":"default","ast-page-background-enabled":"default","ast-page-background-meta":{"desktop":{"background-color":"var(--ast-global-color-5)","background-image":"","background-repeat":"repeat","background-position":"center center","background-size":"auto","background-attachment":"scroll","background-type":"","background-media":"","overlay-type":"","overlay-color":"","overlay-opacity":"","overlay-gradient":""},"tablet":{"background-color":"","background-image":"","background-repeat":"repeat","background-position":"center center","background-size":"auto","background-attachment":"scroll","background-type":"","background-media":"","overlay-type":"","overlay-color":"","overlay-opacity":"","overlay-gradient":""},"mobile":{"background-color":"","background-image":"","background-repeat":"repeat","background-position":"center center","background-size":"auto","background-attachment":"scroll","background-type":"","background-media":"","overlay-type":"","overlay-color":"","overlay-opacity":"","overlay-gradient":""}},"ast-content-background-meta":{"desktop":{"background-color":"var(--ast-global-color-4)","background-image":"","background-repeat":"repeat","background-position":"center center","background-size":"auto","background-attachment":"scroll","background-type":"","background-media":"","overlay-type":"","overlay-color":"","overlay-opacity":"","overlay-gradient":""},"tablet":{"background-color":"var(--ast-global-color-4)","background-image":"","background-repeat":"repeat","background-position":"center center","background-size":"auto","background-attachment":"scroll","background-type":"","background-media":"","overlay-type":"","overlay-color":"","overlay-opacity":"","overlay-gradient":""},"mobile":{"background-color":"var(--ast-global-color-4)","background-image":"","background-repeat":"repeat","background-position":"center center","background-size":"auto","background-attachment":"scroll","background-type":"","background-media":"","overlay-type":"","overlay-color":"","overlay-opacity":"","overlay-gradient":""}},"footnotes":""},"class_list":["post-647","page","type-page","status-publish","hentry"],"acf":[],"yoast_head":"<!-- This site is optimized with the Yoast SEO plugin v27.0 - https:\/\/yoast.com\/product\/yoast-seo-wordpress\/ -->\n<title>Vizu\u0101li plastisk\u0101 m\u0101ksla III (5g) -<\/title>\n<meta name=\"robots\" content=\"index, follow, max-snippet:-1, max-image-preview:large, max-video-preview:-1\" \/>\n<link rel=\"canonical\" href=\"https:\/\/izglitiba.valmierasnovads.lv\/vdmv\/vizuali-plastiska-maksla-iii-5g\/\" \/>\n<meta property=\"og:locale\" content=\"lv_LV\" \/>\n<meta property=\"og:type\" content=\"article\" \/>\n<meta property=\"og:title\" content=\"Vizu\u0101li plastisk\u0101 m\u0101ksla III (5g) -\" \/>\n<meta property=\"og:description\" content=\"PROFESION\u0100L\u0100S IEVIRZES IZGL\u012aT\u012aBAS PROGRAMMA &#8220;VIZU\u0100LI PLASTISK\u0100 M\u0100KSLA III&#8221;&nbsp;5&nbsp;gadi, 2090 m\u0101c\u012bbu stundas Izgl\u012bt\u012bbas programmas nosl\u0113gum\u0101 izgl\u012btojamie sa\u0146em&nbsp;Apliec\u012bbu par profesion\u0101l\u0101s ievirzes programmas [&hellip;]\" \/>\n<meta property=\"og:url\" content=\"https:\/\/izglitiba.valmierasnovads.lv\/vdmv\/vizuali-plastiska-maksla-iii-5g\/\" \/>\n<meta property=\"article:modified_time\" content=\"2025-07-28T11:42:48+00:00\" \/>\n<meta property=\"og:image\" content=\"https:\/\/izglitiba.valmierasnovads.lv\/vdmv\/wp-content\/uploads\/sites\/33\/2025\/07\/WhatsApp-Image-2025-07-28-at-14.37.06.jpeg\" \/>\n\t<meta property=\"og:image:width\" content=\"1024\" \/>\n\t<meta property=\"og:image:height\" content=\"1024\" \/>\n\t<meta property=\"og:image:type\" content=\"image\/jpeg\" \/>\n<meta name=\"twitter:card\" content=\"summary_large_image\" \/>\n<meta name=\"twitter:label1\" content=\"Est. reading time\" \/>\n\t<meta name=\"twitter:data1\" content=\"1 min\u016bte\" \/>\n<script type=\"application\/ld+json\" class=\"yoast-schema-graph\">{\"@context\":\"https:\/\/schema.org\",\"@graph\":[{\"@type\":\"WebPage\",\"@id\":\"https:\/\/izglitiba.valmierasnovads.lv\/vdmv\/vizuali-plastiska-maksla-iii-5g\/\",\"url\":\"https:\/\/izglitiba.valmierasnovads.lv\/vdmv\/vizuali-plastiska-maksla-iii-5g\/\",\"name\":\"Vizu\u0101li plastisk\u0101 m\u0101ksla III (5g) -\",\"isPartOf\":{\"@id\":\"https:\/\/izglitiba.valmierasnovads.lv\/vdmv\/#website\"},\"primaryImageOfPage\":{\"@id\":\"https:\/\/izglitiba.valmierasnovads.lv\/vdmv\/vizuali-plastiska-maksla-iii-5g\/#primaryimage\"},\"image\":{\"@id\":\"https:\/\/izglitiba.valmierasnovads.lv\/vdmv\/vizuali-plastiska-maksla-iii-5g\/#primaryimage\"},\"thumbnailUrl\":\"https:\/\/izglitiba.valmierasnovads.lv\/vdmv\/wp-content\/uploads\/sites\/33\/2025\/07\/WhatsApp-Image-2025-07-28-at-14.37.06.jpeg\",\"datePublished\":\"2025-07-28T08:37:36+00:00\",\"dateModified\":\"2025-07-28T11:42:48+00:00\",\"breadcrumb\":{\"@id\":\"https:\/\/izglitiba.valmierasnovads.lv\/vdmv\/vizuali-plastiska-maksla-iii-5g\/#breadcrumb\"},\"inLanguage\":\"lv-LV\",\"potentialAction\":[{\"@type\":\"ReadAction\",\"target\":[\"https:\/\/izglitiba.valmierasnovads.lv\/vdmv\/vizuali-plastiska-maksla-iii-5g\/\"]}]},{\"@type\":\"ImageObject\",\"inLanguage\":\"lv-LV\",\"@id\":\"https:\/\/izglitiba.valmierasnovads.lv\/vdmv\/vizuali-plastiska-maksla-iii-5g\/#primaryimage\",\"url\":\"https:\/\/izglitiba.valmierasnovads.lv\/vdmv\/wp-content\/uploads\/sites\/33\/2025\/07\/WhatsApp-Image-2025-07-28-at-14.37.06.jpeg\",\"contentUrl\":\"https:\/\/izglitiba.valmierasnovads.lv\/vdmv\/wp-content\/uploads\/sites\/33\/2025\/07\/WhatsApp-Image-2025-07-28-at-14.37.06.jpeg\",\"width\":1024,\"height\":1024},{\"@type\":\"BreadcrumbList\",\"@id\":\"https:\/\/izglitiba.valmierasnovads.lv\/vdmv\/vizuali-plastiska-maksla-iii-5g\/#breadcrumb\",\"itemListElement\":[{\"@type\":\"ListItem\",\"position\":1,\"name\":\"Home\",\"item\":\"https:\/\/izglitiba.valmierasnovads.lv\/vdmv\/\"},{\"@type\":\"ListItem\",\"position\":2,\"name\":\"Vizu\u0101li plastisk\u0101 m\u0101ksla III (5g)\"}]},{\"@type\":\"WebSite\",\"@id\":\"https:\/\/izglitiba.valmierasnovads.lv\/vdmv\/#website\",\"url\":\"https:\/\/izglitiba.valmierasnovads.lv\/vdmv\/\",\"name\":\"\",\"description\":\"\",\"potentialAction\":[{\"@type\":\"SearchAction\",\"target\":{\"@type\":\"EntryPoint\",\"urlTemplate\":\"https:\/\/izglitiba.valmierasnovads.lv\/vdmv\/?s={search_term_string}\"},\"query-input\":{\"@type\":\"PropertyValueSpecification\",\"valueRequired\":true,\"valueName\":\"search_term_string\"}}],\"inLanguage\":\"lv-LV\"}]}<\/script>\n<!-- \/ Yoast SEO plugin. -->","yoast_head_json":{"title":"Vizu\u0101li plastisk\u0101 m\u0101ksla III (5g) -","robots":{"index":"index","follow":"follow","max-snippet":"max-snippet:-1","max-image-preview":"max-image-preview:large","max-video-preview":"max-video-preview:-1"},"canonical":"https:\/\/izglitiba.valmierasnovads.lv\/vdmv\/vizuali-plastiska-maksla-iii-5g\/","og_locale":"lv_LV","og_type":"article","og_title":"Vizu\u0101li plastisk\u0101 m\u0101ksla III (5g) -","og_description":"PROFESION\u0100L\u0100S IEVIRZES IZGL\u012aT\u012aBAS PROGRAMMA &#8220;VIZU\u0100LI PLASTISK\u0100 M\u0100KSLA III&#8221;&nbsp;5&nbsp;gadi, 2090 m\u0101c\u012bbu stundas Izgl\u012bt\u012bbas programmas nosl\u0113gum\u0101 izgl\u012btojamie sa\u0146em&nbsp;Apliec\u012bbu par profesion\u0101l\u0101s ievirzes programmas [&hellip;]","og_url":"https:\/\/izglitiba.valmierasnovads.lv\/vdmv\/vizuali-plastiska-maksla-iii-5g\/","article_modified_time":"2025-07-28T11:42:48+00:00","og_image":[{"width":1024,"height":1024,"url":"https:\/\/izglitiba.valmierasnovads.lv\/vdmv\/wp-content\/uploads\/sites\/33\/2025\/07\/WhatsApp-Image-2025-07-28-at-14.37.06.jpeg","type":"image\/jpeg"}],"twitter_card":"summary_large_image","twitter_misc":{"Est. reading time":"1 min\u016bte"},"schema":{"@context":"https:\/\/schema.org","@graph":[{"@type":"WebPage","@id":"https:\/\/izglitiba.valmierasnovads.lv\/vdmv\/vizuali-plastiska-maksla-iii-5g\/","url":"https:\/\/izglitiba.valmierasnovads.lv\/vdmv\/vizuali-plastiska-maksla-iii-5g\/","name":"Vizu\u0101li plastisk\u0101 m\u0101ksla III (5g) -","isPartOf":{"@id":"https:\/\/izglitiba.valmierasnovads.lv\/vdmv\/#website"},"primaryImageOfPage":{"@id":"https:\/\/izglitiba.valmierasnovads.lv\/vdmv\/vizuali-plastiska-maksla-iii-5g\/#primaryimage"},"image":{"@id":"https:\/\/izglitiba.valmierasnovads.lv\/vdmv\/vizuali-plastiska-maksla-iii-5g\/#primaryimage"},"thumbnailUrl":"https:\/\/izglitiba.valmierasnovads.lv\/vdmv\/wp-content\/uploads\/sites\/33\/2025\/07\/WhatsApp-Image-2025-07-28-at-14.37.06.jpeg","datePublished":"2025-07-28T08:37:36+00:00","dateModified":"2025-07-28T11:42:48+00:00","breadcrumb":{"@id":"https:\/\/izglitiba.valmierasnovads.lv\/vdmv\/vizuali-plastiska-maksla-iii-5g\/#breadcrumb"},"inLanguage":"lv-LV","potentialAction":[{"@type":"ReadAction","target":["https:\/\/izglitiba.valmierasnovads.lv\/vdmv\/vizuali-plastiska-maksla-iii-5g\/"]}]},{"@type":"ImageObject","inLanguage":"lv-LV","@id":"https:\/\/izglitiba.valmierasnovads.lv\/vdmv\/vizuali-plastiska-maksla-iii-5g\/#primaryimage","url":"https:\/\/izglitiba.valmierasnovads.lv\/vdmv\/wp-content\/uploads\/sites\/33\/2025\/07\/WhatsApp-Image-2025-07-28-at-14.37.06.jpeg","contentUrl":"https:\/\/izglitiba.valmierasnovads.lv\/vdmv\/wp-content\/uploads\/sites\/33\/2025\/07\/WhatsApp-Image-2025-07-28-at-14.37.06.jpeg","width":1024,"height":1024},{"@type":"BreadcrumbList","@id":"https:\/\/izglitiba.valmierasnovads.lv\/vdmv\/vizuali-plastiska-maksla-iii-5g\/#breadcrumb","itemListElement":[{"@type":"ListItem","position":1,"name":"Home","item":"https:\/\/izglitiba.valmierasnovads.lv\/vdmv\/"},{"@type":"ListItem","position":2,"name":"Vizu\u0101li plastisk\u0101 m\u0101ksla III (5g)"}]},{"@type":"WebSite","@id":"https:\/\/izglitiba.valmierasnovads.lv\/vdmv\/#website","url":"https:\/\/izglitiba.valmierasnovads.lv\/vdmv\/","name":"","description":"","potentialAction":[{"@type":"SearchAction","target":{"@type":"EntryPoint","urlTemplate":"https:\/\/izglitiba.valmierasnovads.lv\/vdmv\/?s={search_term_string}"},"query-input":{"@type":"PropertyValueSpecification","valueRequired":true,"valueName":"search_term_string"}}],"inLanguage":"lv-LV"}]}},"_links":{"self":[{"href":"https:\/\/izglitiba.valmierasnovads.lv\/vdmv\/wp-json\/wp\/v2\/pages\/647","targetHints":{"allow":["GET"]}}],"collection":[{"href":"https:\/\/izglitiba.valmierasnovads.lv\/vdmv\/wp-json\/wp\/v2\/pages"}],"about":[{"href":"https:\/\/izglitiba.valmierasnovads.lv\/vdmv\/wp-json\/wp\/v2\/types\/page"}],"author":[{"embeddable":true,"href":"https:\/\/izglitiba.valmierasnovads.lv\/vdmv\/wp-json\/wp\/v2\/users\/38"}],"replies":[{"embeddable":true,"href":"https:\/\/izglitiba.valmierasnovads.lv\/vdmv\/wp-json\/wp\/v2\/comments?post=647"}],"version-history":[{"count":4,"href":"https:\/\/izglitiba.valmierasnovads.lv\/vdmv\/wp-json\/wp\/v2\/pages\/647\/revisions"}],"predecessor-version":[{"id":784,"href":"https:\/\/izglitiba.valmierasnovads.lv\/vdmv\/wp-json\/wp\/v2\/pages\/647\/revisions\/784"}],"wp:attachment":[{"href":"https:\/\/izglitiba.valmierasnovads.lv\/vdmv\/wp-json\/wp\/v2\/media?parent=647"}],"curies":[{"name":"wp","href":"https:\/\/api.w.org\/{rel}","templated":true}]}}