{"id":706,"date":"2025-07-28T12:31:10","date_gmt":"2025-07-28T09:31:10","guid":{"rendered":"https:\/\/izglitiba.valmierasnovads.lv\/vdmv\/?page_id=706"},"modified":"2025-07-28T15:29:16","modified_gmt":"2025-07-28T12:29:16","slug":"radosas-makslas-abc-5-6-gadi","status":"publish","type":"page","link":"https:\/\/izglitiba.valmierasnovads.lv\/vdmv\/radosas-makslas-abc-5-6-gadi\/","title":{"rendered":"Rado\u0161\u0101s m\u0101kslas ABC (5-6g)"},"content":{"rendered":"\n<div class=\"wp-block-media-text is-stacked-on-mobile\" style=\"grid-template-columns:37% auto\"><figure class=\"wp-block-media-text__media\"><img loading=\"lazy\" decoding=\"async\" width=\"1024\" height=\"1024\" src=\"https:\/\/izglitiba.valmierasnovads.lv\/vdmv\/wp-content\/uploads\/sites\/33\/2025\/07\/WhatsApp-Image-2025-07-28-at-15.04.16.jpeg\" alt=\"\" class=\"wp-image-793 size-full\" srcset=\"https:\/\/izglitiba.valmierasnovads.lv\/vdmv\/wp-content\/uploads\/sites\/33\/2025\/07\/WhatsApp-Image-2025-07-28-at-15.04.16.jpeg 1024w, https:\/\/izglitiba.valmierasnovads.lv\/vdmv\/wp-content\/uploads\/sites\/33\/2025\/07\/WhatsApp-Image-2025-07-28-at-15.04.16-300x300.jpeg 300w, https:\/\/izglitiba.valmierasnovads.lv\/vdmv\/wp-content\/uploads\/sites\/33\/2025\/07\/WhatsApp-Image-2025-07-28-at-15.04.16-150x150.jpeg 150w, https:\/\/izglitiba.valmierasnovads.lv\/vdmv\/wp-content\/uploads\/sites\/33\/2025\/07\/WhatsApp-Image-2025-07-28-at-15.04.16-768x768.jpeg 768w\" sizes=\"auto, (max-width: 1024px) 100vw, 1024px\" \/><\/figure><div class=\"wp-block-media-text__content\">\n<p>Ja izj\u016bti prieku z\u012bm\u0113jot, gleznojot, veidojot, apg\u016bsti m\u0101kslas ABC, iem\u0101cies saredz\u0113t un rad\u012bt skaisto! Kursu m\u0113r\u0137is ir att\u012bst\u012bt rado\u0161umu, izt\u0113li un m\u0101kslas izpratni, nostiprin\u0101t vizu\u0101lo elementu uztveres sp\u0113jas, kr\u0101sas un&nbsp; formas izj\u016btu.&nbsp;&nbsp;<\/p>\n\n\n\n<p>Tu var\u0113si br\u012bvi paust savu izt\u0113li un idejas, uzlikt t\u0101s uz pap\u012bra ar kr\u0101su z\u012bmu\u013ciem, flom\u0101steriem, kr\u012bti\u0146iem, tu\u0161u u.c. Tu var\u0113si att\u012bst\u012bt ar\u012b veido\u0161anas iema\u0146as no da\u017e\u0101diem materi\u0101liem \u2013&nbsp; pap\u012bra, plastil\u012bna, dabas materi\u0101liem.<\/p>\n<\/div><\/div>\n\n\n\n<hr class=\"wp-block-separator has-alpha-channel-opacity is-style-wide\" \/>\n\n\n\n<p><strong>Nodarb\u012bbas notiek vienu reizi ned\u0113\u013c\u0101 divas m\u0101c\u012bbu stundas, p\u0113c konkr\u0113t\u0101 m\u0101c\u012bbu gada stundu saraksta.<\/strong><\/p>\n\n\n\n<hr class=\"wp-block-separator has-alpha-channel-opacity is-style-wide\" \/>\n\n\n\n<p><a href=\"https:\/\/izglitiba.valmierasnovads.lv\/vdmv\/papilduznemsana\/\"><strong>PAPILDUZ\u0145EM\u0160ANA<\/strong>&nbsp;<strong>no<\/strong>&nbsp;<strong>19. augusta l\u012bdz 27. augustam 9.00-12.00<\/strong>&nbsp;&gt;<\/a><\/p>\n\n\n\n<p><\/p>\n","protected":false},"excerpt":{"rendered":"<p>Ja izj\u016bti prieku z\u012bm\u0113jot, gleznojot, veidojot, apg\u016bsti m\u0101kslas ABC, iem\u0101cies saredz\u0113t un rad\u012bt skaisto! Kursu m\u0113r\u0137is ir att\u012bst\u012bt rado\u0161umu, izt\u0113li [&hellip;]<\/p>\n","protected":false},"author":38,"featured_media":0,"parent":0,"menu_order":0,"comment_status":"closed","ping_status":"closed","template":"","meta":{"_acf_changed":false,"site-sidebar-layout":"default","site-content-layout":"","ast-site-content-layout":"default","site-content-style":"default","site-sidebar-style":"default","ast-global-header-display":"","ast-banner-title-visibility":"","ast-main-header-display":"","ast-hfb-above-header-display":"","ast-hfb-below-header-display":"","ast-hfb-mobile-header-display":"","site-post-title":"","ast-breadcrumbs-content":"","ast-featured-img":"","footer-sml-layout":"","ast-disable-related-posts":"","theme-transparent-header-meta":"","adv-header-id-meta":"","stick-header-meta":"","header-above-stick-meta":"","header-main-stick-meta":"","header-below-stick-meta":"","astra-migrate-meta-layouts":"default","ast-page-background-enabled":"default","ast-page-background-meta":{"desktop":{"background-color":"var(--ast-global-color-5)","background-image":"","background-repeat":"repeat","background-position":"center center","background-size":"auto","background-attachment":"scroll","background-type":"","background-media":"","overlay-type":"","overlay-color":"","overlay-opacity":"","overlay-gradient":""},"tablet":{"background-color":"","background-image":"","background-repeat":"repeat","background-position":"center center","background-size":"auto","background-attachment":"scroll","background-type":"","background-media":"","overlay-type":"","overlay-color":"","overlay-opacity":"","overlay-gradient":""},"mobile":{"background-color":"","background-image":"","background-repeat":"repeat","background-position":"center center","background-size":"auto","background-attachment":"scroll","background-type":"","background-media":"","overlay-type":"","overlay-color":"","overlay-opacity":"","overlay-gradient":""}},"ast-content-background-meta":{"desktop":{"background-color":"var(--ast-global-color-4)","background-image":"","background-repeat":"repeat","background-position":"center center","background-size":"auto","background-attachment":"scroll","background-type":"","background-media":"","overlay-type":"","overlay-color":"","overlay-opacity":"","overlay-gradient":""},"tablet":{"background-color":"var(--ast-global-color-4)","background-image":"","background-repeat":"repeat","background-position":"center center","background-size":"auto","background-attachment":"scroll","background-type":"","background-media":"","overlay-type":"","overlay-color":"","overlay-opacity":"","overlay-gradient":""},"mobile":{"background-color":"var(--ast-global-color-4)","background-image":"","background-repeat":"repeat","background-position":"center center","background-size":"auto","background-attachment":"scroll","background-type":"","background-media":"","overlay-type":"","overlay-color":"","overlay-opacity":"","overlay-gradient":""}},"footnotes":""},"class_list":["post-706","page","type-page","status-publish","hentry"],"acf":[],"yoast_head":"<!-- This site is optimized with the Yoast SEO plugin v27.0 - https:\/\/yoast.com\/product\/yoast-seo-wordpress\/ -->\n<title>Rado\u0161\u0101s m\u0101kslas ABC (5-6g) -<\/title>\n<meta name=\"robots\" content=\"index, follow, max-snippet:-1, max-image-preview:large, max-video-preview:-1\" \/>\n<link rel=\"canonical\" href=\"https:\/\/izglitiba.valmierasnovads.lv\/vdmv\/radosas-makslas-abc-5-6-gadi\/\" \/>\n<meta property=\"og:locale\" content=\"lv_LV\" \/>\n<meta property=\"og:type\" content=\"article\" \/>\n<meta property=\"og:title\" content=\"Rado\u0161\u0101s m\u0101kslas ABC (5-6g) -\" \/>\n<meta property=\"og:description\" content=\"Ja izj\u016bti prieku z\u012bm\u0113jot, gleznojot, veidojot, apg\u016bsti m\u0101kslas ABC, iem\u0101cies saredz\u0113t un rad\u012bt skaisto! Kursu m\u0113r\u0137is ir att\u012bst\u012bt rado\u0161umu, izt\u0113li [&hellip;]\" \/>\n<meta property=\"og:url\" content=\"https:\/\/izglitiba.valmierasnovads.lv\/vdmv\/radosas-makslas-abc-5-6-gadi\/\" \/>\n<meta property=\"article:modified_time\" content=\"2025-07-28T12:29:16+00:00\" \/>\n<meta property=\"og:image\" content=\"https:\/\/izglitiba.valmierasnovads.lv\/vdmv\/wp-content\/uploads\/sites\/33\/2025\/07\/WhatsApp-Image-2025-07-28-at-15.04.16.jpeg\" \/>\n\t<meta property=\"og:image:width\" content=\"1024\" \/>\n\t<meta property=\"og:image:height\" content=\"1024\" \/>\n\t<meta property=\"og:image:type\" content=\"image\/jpeg\" \/>\n<meta name=\"twitter:card\" content=\"summary_large_image\" \/>\n<meta name=\"twitter:label1\" content=\"Est. reading time\" \/>\n\t<meta name=\"twitter:data1\" content=\"1 min\u016bte\" \/>\n<script type=\"application\/ld+json\" class=\"yoast-schema-graph\">{\"@context\":\"https:\/\/schema.org\",\"@graph\":[{\"@type\":\"WebPage\",\"@id\":\"https:\/\/izglitiba.valmierasnovads.lv\/vdmv\/radosas-makslas-abc-5-6-gadi\/\",\"url\":\"https:\/\/izglitiba.valmierasnovads.lv\/vdmv\/radosas-makslas-abc-5-6-gadi\/\",\"name\":\"Rado\u0161\u0101s m\u0101kslas ABC (5-6g) -\",\"isPartOf\":{\"@id\":\"https:\/\/izglitiba.valmierasnovads.lv\/vdmv\/#website\"},\"primaryImageOfPage\":{\"@id\":\"https:\/\/izglitiba.valmierasnovads.lv\/vdmv\/radosas-makslas-abc-5-6-gadi\/#primaryimage\"},\"image\":{\"@id\":\"https:\/\/izglitiba.valmierasnovads.lv\/vdmv\/radosas-makslas-abc-5-6-gadi\/#primaryimage\"},\"thumbnailUrl\":\"https:\/\/izglitiba.valmierasnovads.lv\/vdmv\/wp-content\/uploads\/sites\/33\/2025\/07\/WhatsApp-Image-2025-07-28-at-15.04.16.jpeg\",\"datePublished\":\"2025-07-28T09:31:10+00:00\",\"dateModified\":\"2025-07-28T12:29:16+00:00\",\"breadcrumb\":{\"@id\":\"https:\/\/izglitiba.valmierasnovads.lv\/vdmv\/radosas-makslas-abc-5-6-gadi\/#breadcrumb\"},\"inLanguage\":\"lv-LV\",\"potentialAction\":[{\"@type\":\"ReadAction\",\"target\":[\"https:\/\/izglitiba.valmierasnovads.lv\/vdmv\/radosas-makslas-abc-5-6-gadi\/\"]}]},{\"@type\":\"ImageObject\",\"inLanguage\":\"lv-LV\",\"@id\":\"https:\/\/izglitiba.valmierasnovads.lv\/vdmv\/radosas-makslas-abc-5-6-gadi\/#primaryimage\",\"url\":\"https:\/\/izglitiba.valmierasnovads.lv\/vdmv\/wp-content\/uploads\/sites\/33\/2025\/07\/WhatsApp-Image-2025-07-28-at-15.04.16.jpeg\",\"contentUrl\":\"https:\/\/izglitiba.valmierasnovads.lv\/vdmv\/wp-content\/uploads\/sites\/33\/2025\/07\/WhatsApp-Image-2025-07-28-at-15.04.16.jpeg\",\"width\":1024,\"height\":1024},{\"@type\":\"BreadcrumbList\",\"@id\":\"https:\/\/izglitiba.valmierasnovads.lv\/vdmv\/radosas-makslas-abc-5-6-gadi\/#breadcrumb\",\"itemListElement\":[{\"@type\":\"ListItem\",\"position\":1,\"name\":\"Home\",\"item\":\"https:\/\/izglitiba.valmierasnovads.lv\/vdmv\/\"},{\"@type\":\"ListItem\",\"position\":2,\"name\":\"Rado\u0161\u0101s m\u0101kslas ABC (5-6g)\"}]},{\"@type\":\"WebSite\",\"@id\":\"https:\/\/izglitiba.valmierasnovads.lv\/vdmv\/#website\",\"url\":\"https:\/\/izglitiba.valmierasnovads.lv\/vdmv\/\",\"name\":\"\",\"description\":\"\",\"potentialAction\":[{\"@type\":\"SearchAction\",\"target\":{\"@type\":\"EntryPoint\",\"urlTemplate\":\"https:\/\/izglitiba.valmierasnovads.lv\/vdmv\/?s={search_term_string}\"},\"query-input\":{\"@type\":\"PropertyValueSpecification\",\"valueRequired\":true,\"valueName\":\"search_term_string\"}}],\"inLanguage\":\"lv-LV\"}]}<\/script>\n<!-- \/ Yoast SEO plugin. -->","yoast_head_json":{"title":"Rado\u0161\u0101s m\u0101kslas ABC (5-6g) -","robots":{"index":"index","follow":"follow","max-snippet":"max-snippet:-1","max-image-preview":"max-image-preview:large","max-video-preview":"max-video-preview:-1"},"canonical":"https:\/\/izglitiba.valmierasnovads.lv\/vdmv\/radosas-makslas-abc-5-6-gadi\/","og_locale":"lv_LV","og_type":"article","og_title":"Rado\u0161\u0101s m\u0101kslas ABC (5-6g) -","og_description":"Ja izj\u016bti prieku z\u012bm\u0113jot, gleznojot, veidojot, apg\u016bsti m\u0101kslas ABC, iem\u0101cies saredz\u0113t un rad\u012bt skaisto! Kursu m\u0113r\u0137is ir att\u012bst\u012bt rado\u0161umu, izt\u0113li [&hellip;]","og_url":"https:\/\/izglitiba.valmierasnovads.lv\/vdmv\/radosas-makslas-abc-5-6-gadi\/","article_modified_time":"2025-07-28T12:29:16+00:00","og_image":[{"width":1024,"height":1024,"url":"https:\/\/izglitiba.valmierasnovads.lv\/vdmv\/wp-content\/uploads\/sites\/33\/2025\/07\/WhatsApp-Image-2025-07-28-at-15.04.16.jpeg","type":"image\/jpeg"}],"twitter_card":"summary_large_image","twitter_misc":{"Est. reading time":"1 min\u016bte"},"schema":{"@context":"https:\/\/schema.org","@graph":[{"@type":"WebPage","@id":"https:\/\/izglitiba.valmierasnovads.lv\/vdmv\/radosas-makslas-abc-5-6-gadi\/","url":"https:\/\/izglitiba.valmierasnovads.lv\/vdmv\/radosas-makslas-abc-5-6-gadi\/","name":"Rado\u0161\u0101s m\u0101kslas ABC (5-6g) -","isPartOf":{"@id":"https:\/\/izglitiba.valmierasnovads.lv\/vdmv\/#website"},"primaryImageOfPage":{"@id":"https:\/\/izglitiba.valmierasnovads.lv\/vdmv\/radosas-makslas-abc-5-6-gadi\/#primaryimage"},"image":{"@id":"https:\/\/izglitiba.valmierasnovads.lv\/vdmv\/radosas-makslas-abc-5-6-gadi\/#primaryimage"},"thumbnailUrl":"https:\/\/izglitiba.valmierasnovads.lv\/vdmv\/wp-content\/uploads\/sites\/33\/2025\/07\/WhatsApp-Image-2025-07-28-at-15.04.16.jpeg","datePublished":"2025-07-28T09:31:10+00:00","dateModified":"2025-07-28T12:29:16+00:00","breadcrumb":{"@id":"https:\/\/izglitiba.valmierasnovads.lv\/vdmv\/radosas-makslas-abc-5-6-gadi\/#breadcrumb"},"inLanguage":"lv-LV","potentialAction":[{"@type":"ReadAction","target":["https:\/\/izglitiba.valmierasnovads.lv\/vdmv\/radosas-makslas-abc-5-6-gadi\/"]}]},{"@type":"ImageObject","inLanguage":"lv-LV","@id":"https:\/\/izglitiba.valmierasnovads.lv\/vdmv\/radosas-makslas-abc-5-6-gadi\/#primaryimage","url":"https:\/\/izglitiba.valmierasnovads.lv\/vdmv\/wp-content\/uploads\/sites\/33\/2025\/07\/WhatsApp-Image-2025-07-28-at-15.04.16.jpeg","contentUrl":"https:\/\/izglitiba.valmierasnovads.lv\/vdmv\/wp-content\/uploads\/sites\/33\/2025\/07\/WhatsApp-Image-2025-07-28-at-15.04.16.jpeg","width":1024,"height":1024},{"@type":"BreadcrumbList","@id":"https:\/\/izglitiba.valmierasnovads.lv\/vdmv\/radosas-makslas-abc-5-6-gadi\/#breadcrumb","itemListElement":[{"@type":"ListItem","position":1,"name":"Home","item":"https:\/\/izglitiba.valmierasnovads.lv\/vdmv\/"},{"@type":"ListItem","position":2,"name":"Rado\u0161\u0101s m\u0101kslas ABC (5-6g)"}]},{"@type":"WebSite","@id":"https:\/\/izglitiba.valmierasnovads.lv\/vdmv\/#website","url":"https:\/\/izglitiba.valmierasnovads.lv\/vdmv\/","name":"","description":"","potentialAction":[{"@type":"SearchAction","target":{"@type":"EntryPoint","urlTemplate":"https:\/\/izglitiba.valmierasnovads.lv\/vdmv\/?s={search_term_string}"},"query-input":{"@type":"PropertyValueSpecification","valueRequired":true,"valueName":"search_term_string"}}],"inLanguage":"lv-LV"}]}},"_links":{"self":[{"href":"https:\/\/izglitiba.valmierasnovads.lv\/vdmv\/wp-json\/wp\/v2\/pages\/706","targetHints":{"allow":["GET"]}}],"collection":[{"href":"https:\/\/izglitiba.valmierasnovads.lv\/vdmv\/wp-json\/wp\/v2\/pages"}],"about":[{"href":"https:\/\/izglitiba.valmierasnovads.lv\/vdmv\/wp-json\/wp\/v2\/types\/page"}],"author":[{"embeddable":true,"href":"https:\/\/izglitiba.valmierasnovads.lv\/vdmv\/wp-json\/wp\/v2\/users\/38"}],"replies":[{"embeddable":true,"href":"https:\/\/izglitiba.valmierasnovads.lv\/vdmv\/wp-json\/wp\/v2\/comments?post=706"}],"version-history":[{"count":3,"href":"https:\/\/izglitiba.valmierasnovads.lv\/vdmv\/wp-json\/wp\/v2\/pages\/706\/revisions"}],"predecessor-version":[{"id":806,"href":"https:\/\/izglitiba.valmierasnovads.lv\/vdmv\/wp-json\/wp\/v2\/pages\/706\/revisions\/806"}],"wp:attachment":[{"href":"https:\/\/izglitiba.valmierasnovads.lv\/vdmv\/wp-json\/wp\/v2\/media?parent=706"}],"curies":[{"name":"wp","href":"https:\/\/api.w.org\/{rel}","templated":true}]}}