{"id":717,"date":"2025-07-28T12:51:28","date_gmt":"2025-07-28T09:51:28","guid":{"rendered":"https:\/\/izglitiba.valmierasnovads.lv\/vdmv\/?page_id=717"},"modified":"2025-07-28T15:32:26","modified_gmt":"2025-07-28T12:32:26","slug":"arhitekturas-pamati-9-12-kl","status":"publish","type":"page","link":"https:\/\/izglitiba.valmierasnovads.lv\/vdmv\/arhitekturas-pamati-9-12-kl\/","title":{"rendered":"Arhitekt\u016bras pamati (9.\u201312.kl.)"},"content":{"rendered":"\n<div class=\"wp-block-media-text is-stacked-on-mobile\" style=\"grid-template-columns:44% auto\"><figure class=\"wp-block-media-text__media\"><img loading=\"lazy\" decoding=\"async\" width=\"1024\" height=\"1024\" src=\"https:\/\/izglitiba.valmierasnovads.lv\/vdmv\/wp-content\/uploads\/sites\/33\/2025\/07\/WhatsApp-Image-2025-07-28-at-15.17.20.jpeg\" alt=\"\" class=\"wp-image-797 size-full\" srcset=\"https:\/\/izglitiba.valmierasnovads.lv\/vdmv\/wp-content\/uploads\/sites\/33\/2025\/07\/WhatsApp-Image-2025-07-28-at-15.17.20.jpeg 1024w, https:\/\/izglitiba.valmierasnovads.lv\/vdmv\/wp-content\/uploads\/sites\/33\/2025\/07\/WhatsApp-Image-2025-07-28-at-15.17.20-300x300.jpeg 300w, https:\/\/izglitiba.valmierasnovads.lv\/vdmv\/wp-content\/uploads\/sites\/33\/2025\/07\/WhatsApp-Image-2025-07-28-at-15.17.20-150x150.jpeg 150w, https:\/\/izglitiba.valmierasnovads.lv\/vdmv\/wp-content\/uploads\/sites\/33\/2025\/07\/WhatsApp-Image-2025-07-28-at-15.17.20-768x768.jpeg 768w\" sizes=\"auto, (max-width: 1024px) 100vw, 1024px\" \/><\/figure><div class=\"wp-block-media-text__content\">\n<p>Rado\u0161i darbojoties intere\u0161u izgl\u012bt\u012bbas pulci\u0146\u0101, iesp\u0113jams iepaz\u012bt apb\u016bv\u0113tas vides veido\u0161anas m\u0101kslu, g\u016bt izpratni par v\u0113sturisk\u0101s un m\u016bsdienu arhitekt\u016bras pamat\u012bpa\u0161\u012bb\u0101m. Iepaz\u012bstoties ar daudzveid\u012bgiem materi\u0101liem, tiek apg\u016btas iema\u0146as telpiskas vides veido\u0161an\u0101. Rado\u0161\u0101s ieceres realiz\u0101cija no idejas l\u012bdz skicei un praktiskam darba rezult\u0101tam veido daudzveid\u012bgu rado\u0161\u0101 darba pieredzi.<\/p>\n<\/div><\/div>\n\n\n\n<hr class=\"wp-block-separator has-alpha-channel-opacity is-style-wide\" \/>\n\n\n\n<p><strong>Nodarb\u012bbas notiek vienu reizi ned\u0113\u013c\u0101 divas m\u0101c\u012bbu stundas, p\u0113c konkr\u0113t\u0101 m\u0101c\u012bbu gada stundu saraksta.<\/strong><\/p>\n\n\n\n<hr class=\"wp-block-separator has-alpha-channel-opacity is-style-wide\" \/>\n\n\n\n<p><a href=\"https:\/\/izglitiba.valmierasnovads.lv\/vdmv\/papilduznemsana\/\"><strong>PAPILDUZ\u0145EM\u0160ANA<\/strong>&nbsp;<strong>no<\/strong>&nbsp;<strong>19. augusta l\u012bdz 27. augustam 9.00-12.00<\/strong>&nbsp;&gt;<\/a><\/p>\n","protected":false},"excerpt":{"rendered":"<p>Rado\u0161i darbojoties intere\u0161u izgl\u012bt\u012bbas pulci\u0146\u0101, iesp\u0113jams iepaz\u012bt apb\u016bv\u0113tas vides veido\u0161anas m\u0101kslu, g\u016bt izpratni par v\u0113sturisk\u0101s un m\u016bsdienu arhitekt\u016bras pamat\u012bpa\u0161\u012bb\u0101m. Iepaz\u012bstoties [&hellip;]<\/p>\n","protected":false},"author":38,"featured_media":0,"parent":0,"menu_order":0,"comment_status":"closed","ping_status":"closed","template":"","meta":{"_acf_changed":false,"site-sidebar-layout":"default","site-content-layout":"","ast-site-content-layout":"default","site-content-style":"default","site-sidebar-style":"default","ast-global-header-display":"","ast-banner-title-visibility":"","ast-main-header-display":"","ast-hfb-above-header-display":"","ast-hfb-below-header-display":"","ast-hfb-mobile-header-display":"","site-post-title":"","ast-breadcrumbs-content":"","ast-featured-img":"","footer-sml-layout":"","ast-disable-related-posts":"","theme-transparent-header-meta":"","adv-header-id-meta":"","stick-header-meta":"","header-above-stick-meta":"","header-main-stick-meta":"","header-below-stick-meta":"","astra-migrate-meta-layouts":"default","ast-page-background-enabled":"default","ast-page-background-meta":{"desktop":{"background-color":"var(--ast-global-color-5)","background-image":"","background-repeat":"repeat","background-position":"center center","background-size":"auto","background-attachment":"scroll","background-type":"","background-media":"","overlay-type":"","overlay-color":"","overlay-opacity":"","overlay-gradient":""},"tablet":{"background-color":"","background-image":"","background-repeat":"repeat","background-position":"center center","background-size":"auto","background-attachment":"scroll","background-type":"","background-media":"","overlay-type":"","overlay-color":"","overlay-opacity":"","overlay-gradient":""},"mobile":{"background-color":"","background-image":"","background-repeat":"repeat","background-position":"center center","background-size":"auto","background-attachment":"scroll","background-type":"","background-media":"","overlay-type":"","overlay-color":"","overlay-opacity":"","overlay-gradient":""}},"ast-content-background-meta":{"desktop":{"background-color":"var(--ast-global-color-4)","background-image":"","background-repeat":"repeat","background-position":"center center","background-size":"auto","background-attachment":"scroll","background-type":"","background-media":"","overlay-type":"","overlay-color":"","overlay-opacity":"","overlay-gradient":""},"tablet":{"background-color":"var(--ast-global-color-4)","background-image":"","background-repeat":"repeat","background-position":"center center","background-size":"auto","background-attachment":"scroll","background-type":"","background-media":"","overlay-type":"","overlay-color":"","overlay-opacity":"","overlay-gradient":""},"mobile":{"background-color":"var(--ast-global-color-4)","background-image":"","background-repeat":"repeat","background-position":"center center","background-size":"auto","background-attachment":"scroll","background-type":"","background-media":"","overlay-type":"","overlay-color":"","overlay-opacity":"","overlay-gradient":""}},"footnotes":""},"class_list":["post-717","page","type-page","status-publish","hentry"],"acf":[],"yoast_head":"<!-- This site is optimized with the Yoast SEO plugin v27.0 - https:\/\/yoast.com\/product\/yoast-seo-wordpress\/ -->\n<title>Arhitekt\u016bras pamati (9.\u201312.kl.) -<\/title>\n<meta name=\"robots\" content=\"index, follow, max-snippet:-1, max-image-preview:large, max-video-preview:-1\" \/>\n<link rel=\"canonical\" href=\"https:\/\/izglitiba.valmierasnovads.lv\/vdmv\/arhitekturas-pamati-9-12-kl\/\" \/>\n<meta property=\"og:locale\" content=\"lv_LV\" \/>\n<meta property=\"og:type\" content=\"article\" \/>\n<meta property=\"og:title\" content=\"Arhitekt\u016bras pamati (9.\u201312.kl.) -\" \/>\n<meta property=\"og:description\" content=\"Rado\u0161i darbojoties intere\u0161u izgl\u012bt\u012bbas pulci\u0146\u0101, iesp\u0113jams iepaz\u012bt apb\u016bv\u0113tas vides veido\u0161anas m\u0101kslu, g\u016bt izpratni par v\u0113sturisk\u0101s un m\u016bsdienu arhitekt\u016bras pamat\u012bpa\u0161\u012bb\u0101m. Iepaz\u012bstoties [&hellip;]\" \/>\n<meta property=\"og:url\" content=\"https:\/\/izglitiba.valmierasnovads.lv\/vdmv\/arhitekturas-pamati-9-12-kl\/\" \/>\n<meta property=\"article:modified_time\" content=\"2025-07-28T12:32:26+00:00\" \/>\n<meta property=\"og:image\" content=\"https:\/\/izglitiba.valmierasnovads.lv\/vdmv\/wp-content\/uploads\/sites\/33\/2025\/07\/WhatsApp-Image-2025-07-28-at-15.17.20.jpeg\" \/>\n\t<meta property=\"og:image:width\" content=\"1024\" \/>\n\t<meta property=\"og:image:height\" content=\"1024\" \/>\n\t<meta property=\"og:image:type\" content=\"image\/jpeg\" \/>\n<meta name=\"twitter:card\" content=\"summary_large_image\" \/>\n<meta name=\"twitter:label1\" content=\"Est. reading time\" \/>\n\t<meta name=\"twitter:data1\" content=\"1 min\u016bte\" \/>\n<script type=\"application\/ld+json\" class=\"yoast-schema-graph\">{\"@context\":\"https:\/\/schema.org\",\"@graph\":[{\"@type\":\"WebPage\",\"@id\":\"https:\/\/izglitiba.valmierasnovads.lv\/vdmv\/arhitekturas-pamati-9-12-kl\/\",\"url\":\"https:\/\/izglitiba.valmierasnovads.lv\/vdmv\/arhitekturas-pamati-9-12-kl\/\",\"name\":\"Arhitekt\u016bras pamati (9.\u201312.kl.) -\",\"isPartOf\":{\"@id\":\"https:\/\/izglitiba.valmierasnovads.lv\/vdmv\/#website\"},\"primaryImageOfPage\":{\"@id\":\"https:\/\/izglitiba.valmierasnovads.lv\/vdmv\/arhitekturas-pamati-9-12-kl\/#primaryimage\"},\"image\":{\"@id\":\"https:\/\/izglitiba.valmierasnovads.lv\/vdmv\/arhitekturas-pamati-9-12-kl\/#primaryimage\"},\"thumbnailUrl\":\"https:\/\/izglitiba.valmierasnovads.lv\/vdmv\/wp-content\/uploads\/sites\/33\/2025\/07\/WhatsApp-Image-2025-07-28-at-15.17.20.jpeg\",\"datePublished\":\"2025-07-28T09:51:28+00:00\",\"dateModified\":\"2025-07-28T12:32:26+00:00\",\"breadcrumb\":{\"@id\":\"https:\/\/izglitiba.valmierasnovads.lv\/vdmv\/arhitekturas-pamati-9-12-kl\/#breadcrumb\"},\"inLanguage\":\"lv-LV\",\"potentialAction\":[{\"@type\":\"ReadAction\",\"target\":[\"https:\/\/izglitiba.valmierasnovads.lv\/vdmv\/arhitekturas-pamati-9-12-kl\/\"]}]},{\"@type\":\"ImageObject\",\"inLanguage\":\"lv-LV\",\"@id\":\"https:\/\/izglitiba.valmierasnovads.lv\/vdmv\/arhitekturas-pamati-9-12-kl\/#primaryimage\",\"url\":\"https:\/\/izglitiba.valmierasnovads.lv\/vdmv\/wp-content\/uploads\/sites\/33\/2025\/07\/WhatsApp-Image-2025-07-28-at-15.17.20.jpeg\",\"contentUrl\":\"https:\/\/izglitiba.valmierasnovads.lv\/vdmv\/wp-content\/uploads\/sites\/33\/2025\/07\/WhatsApp-Image-2025-07-28-at-15.17.20.jpeg\",\"width\":1024,\"height\":1024},{\"@type\":\"BreadcrumbList\",\"@id\":\"https:\/\/izglitiba.valmierasnovads.lv\/vdmv\/arhitekturas-pamati-9-12-kl\/#breadcrumb\",\"itemListElement\":[{\"@type\":\"ListItem\",\"position\":1,\"name\":\"Home\",\"item\":\"https:\/\/izglitiba.valmierasnovads.lv\/vdmv\/\"},{\"@type\":\"ListItem\",\"position\":2,\"name\":\"Arhitekt\u016bras pamati (9.\u201312.kl.)\"}]},{\"@type\":\"WebSite\",\"@id\":\"https:\/\/izglitiba.valmierasnovads.lv\/vdmv\/#website\",\"url\":\"https:\/\/izglitiba.valmierasnovads.lv\/vdmv\/\",\"name\":\"\",\"description\":\"\",\"potentialAction\":[{\"@type\":\"SearchAction\",\"target\":{\"@type\":\"EntryPoint\",\"urlTemplate\":\"https:\/\/izglitiba.valmierasnovads.lv\/vdmv\/?s={search_term_string}\"},\"query-input\":{\"@type\":\"PropertyValueSpecification\",\"valueRequired\":true,\"valueName\":\"search_term_string\"}}],\"inLanguage\":\"lv-LV\"}]}<\/script>\n<!-- \/ Yoast SEO plugin. -->","yoast_head_json":{"title":"Arhitekt\u016bras pamati (9.\u201312.kl.) -","robots":{"index":"index","follow":"follow","max-snippet":"max-snippet:-1","max-image-preview":"max-image-preview:large","max-video-preview":"max-video-preview:-1"},"canonical":"https:\/\/izglitiba.valmierasnovads.lv\/vdmv\/arhitekturas-pamati-9-12-kl\/","og_locale":"lv_LV","og_type":"article","og_title":"Arhitekt\u016bras pamati (9.\u201312.kl.) -","og_description":"Rado\u0161i darbojoties intere\u0161u izgl\u012bt\u012bbas pulci\u0146\u0101, iesp\u0113jams iepaz\u012bt apb\u016bv\u0113tas vides veido\u0161anas m\u0101kslu, g\u016bt izpratni par v\u0113sturisk\u0101s un m\u016bsdienu arhitekt\u016bras pamat\u012bpa\u0161\u012bb\u0101m. Iepaz\u012bstoties [&hellip;]","og_url":"https:\/\/izglitiba.valmierasnovads.lv\/vdmv\/arhitekturas-pamati-9-12-kl\/","article_modified_time":"2025-07-28T12:32:26+00:00","og_image":[{"width":1024,"height":1024,"url":"https:\/\/izglitiba.valmierasnovads.lv\/vdmv\/wp-content\/uploads\/sites\/33\/2025\/07\/WhatsApp-Image-2025-07-28-at-15.17.20.jpeg","type":"image\/jpeg"}],"twitter_card":"summary_large_image","twitter_misc":{"Est. reading time":"1 min\u016bte"},"schema":{"@context":"https:\/\/schema.org","@graph":[{"@type":"WebPage","@id":"https:\/\/izglitiba.valmierasnovads.lv\/vdmv\/arhitekturas-pamati-9-12-kl\/","url":"https:\/\/izglitiba.valmierasnovads.lv\/vdmv\/arhitekturas-pamati-9-12-kl\/","name":"Arhitekt\u016bras pamati (9.\u201312.kl.) -","isPartOf":{"@id":"https:\/\/izglitiba.valmierasnovads.lv\/vdmv\/#website"},"primaryImageOfPage":{"@id":"https:\/\/izglitiba.valmierasnovads.lv\/vdmv\/arhitekturas-pamati-9-12-kl\/#primaryimage"},"image":{"@id":"https:\/\/izglitiba.valmierasnovads.lv\/vdmv\/arhitekturas-pamati-9-12-kl\/#primaryimage"},"thumbnailUrl":"https:\/\/izglitiba.valmierasnovads.lv\/vdmv\/wp-content\/uploads\/sites\/33\/2025\/07\/WhatsApp-Image-2025-07-28-at-15.17.20.jpeg","datePublished":"2025-07-28T09:51:28+00:00","dateModified":"2025-07-28T12:32:26+00:00","breadcrumb":{"@id":"https:\/\/izglitiba.valmierasnovads.lv\/vdmv\/arhitekturas-pamati-9-12-kl\/#breadcrumb"},"inLanguage":"lv-LV","potentialAction":[{"@type":"ReadAction","target":["https:\/\/izglitiba.valmierasnovads.lv\/vdmv\/arhitekturas-pamati-9-12-kl\/"]}]},{"@type":"ImageObject","inLanguage":"lv-LV","@id":"https:\/\/izglitiba.valmierasnovads.lv\/vdmv\/arhitekturas-pamati-9-12-kl\/#primaryimage","url":"https:\/\/izglitiba.valmierasnovads.lv\/vdmv\/wp-content\/uploads\/sites\/33\/2025\/07\/WhatsApp-Image-2025-07-28-at-15.17.20.jpeg","contentUrl":"https:\/\/izglitiba.valmierasnovads.lv\/vdmv\/wp-content\/uploads\/sites\/33\/2025\/07\/WhatsApp-Image-2025-07-28-at-15.17.20.jpeg","width":1024,"height":1024},{"@type":"BreadcrumbList","@id":"https:\/\/izglitiba.valmierasnovads.lv\/vdmv\/arhitekturas-pamati-9-12-kl\/#breadcrumb","itemListElement":[{"@type":"ListItem","position":1,"name":"Home","item":"https:\/\/izglitiba.valmierasnovads.lv\/vdmv\/"},{"@type":"ListItem","position":2,"name":"Arhitekt\u016bras pamati (9.\u201312.kl.)"}]},{"@type":"WebSite","@id":"https:\/\/izglitiba.valmierasnovads.lv\/vdmv\/#website","url":"https:\/\/izglitiba.valmierasnovads.lv\/vdmv\/","name":"","description":"","potentialAction":[{"@type":"SearchAction","target":{"@type":"EntryPoint","urlTemplate":"https:\/\/izglitiba.valmierasnovads.lv\/vdmv\/?s={search_term_string}"},"query-input":{"@type":"PropertyValueSpecification","valueRequired":true,"valueName":"search_term_string"}}],"inLanguage":"lv-LV"}]}},"_links":{"self":[{"href":"https:\/\/izglitiba.valmierasnovads.lv\/vdmv\/wp-json\/wp\/v2\/pages\/717","targetHints":{"allow":["GET"]}}],"collection":[{"href":"https:\/\/izglitiba.valmierasnovads.lv\/vdmv\/wp-json\/wp\/v2\/pages"}],"about":[{"href":"https:\/\/izglitiba.valmierasnovads.lv\/vdmv\/wp-json\/wp\/v2\/types\/page"}],"author":[{"embeddable":true,"href":"https:\/\/izglitiba.valmierasnovads.lv\/vdmv\/wp-json\/wp\/v2\/users\/38"}],"replies":[{"embeddable":true,"href":"https:\/\/izglitiba.valmierasnovads.lv\/vdmv\/wp-json\/wp\/v2\/comments?post=717"}],"version-history":[{"count":2,"href":"https:\/\/izglitiba.valmierasnovads.lv\/vdmv\/wp-json\/wp\/v2\/pages\/717\/revisions"}],"predecessor-version":[{"id":809,"href":"https:\/\/izglitiba.valmierasnovads.lv\/vdmv\/wp-json\/wp\/v2\/pages\/717\/revisions\/809"}],"wp:attachment":[{"href":"https:\/\/izglitiba.valmierasnovads.lv\/vdmv\/wp-json\/wp\/v2\/media?parent=717"}],"curies":[{"name":"wp","href":"https:\/\/api.w.org\/{rel}","templated":true}]}}