{"id":720,"date":"2025-07-28T12:55:04","date_gmt":"2025-07-28T09:55:04","guid":{"rendered":"https:\/\/izglitiba.valmierasnovads.lv\/vdmv\/?page_id=720"},"modified":"2025-07-28T15:31:39","modified_gmt":"2025-07-28T12:31:39","slug":"zimesanas-un-gleznosanas-darbnica-9-12-kl","status":"publish","type":"page","link":"https:\/\/izglitiba.valmierasnovads.lv\/vdmv\/zimesanas-un-gleznosanas-darbnica-9-12-kl\/","title":{"rendered":"Z\u012bm\u0113\u0161anas un glezno\u0161anas darbn\u012bca (9.\u201312.kl.)"},"content":{"rendered":"\n<div class=\"wp-block-media-text is-stacked-on-mobile\" style=\"grid-template-columns:43% auto\"><figure class=\"wp-block-media-text__media\"><img loading=\"lazy\" decoding=\"async\" width=\"1024\" height=\"1024\" src=\"https:\/\/izglitiba.valmierasnovads.lv\/vdmv\/wp-content\/uploads\/sites\/33\/2025\/07\/WhatsApp-Image-2025-07-28-at-15.19.20.jpeg\" alt=\"\" class=\"wp-image-798 size-full\" srcset=\"https:\/\/izglitiba.valmierasnovads.lv\/vdmv\/wp-content\/uploads\/sites\/33\/2025\/07\/WhatsApp-Image-2025-07-28-at-15.19.20.jpeg 1024w, https:\/\/izglitiba.valmierasnovads.lv\/vdmv\/wp-content\/uploads\/sites\/33\/2025\/07\/WhatsApp-Image-2025-07-28-at-15.19.20-300x300.jpeg 300w, https:\/\/izglitiba.valmierasnovads.lv\/vdmv\/wp-content\/uploads\/sites\/33\/2025\/07\/WhatsApp-Image-2025-07-28-at-15.19.20-150x150.jpeg 150w, https:\/\/izglitiba.valmierasnovads.lv\/vdmv\/wp-content\/uploads\/sites\/33\/2025\/07\/WhatsApp-Image-2025-07-28-at-15.19.20-768x768.jpeg 768w\" sizes=\"auto, (max-width: 1024px) 100vw, 1024px\" \/><\/figure><div class=\"wp-block-media-text__content\">\n<p>Z\u012bm\u0113\u0161anas nodarb\u012bb\u0101s iem\u0101c\u012bsieties z\u012bm\u0113t sadz\u012bves priek\u0161metus, drap\u0113rijas, \u0123ip\u0161a formas u.c. Z\u012bm\u0113jot un skic\u0113jot tren\u0113siet rokas precizit\u0101ti, iem\u0101c\u012bsieties izm\u0113r\u012bt proporcijas, veidot kompoz\u012bciju, k\u0101 ar\u012b izprat\u012bsiet, kas ir telpiskums un dzi\u013cums. Nodarb\u012bb\u0101s darbosimies ar graf\u012bta z\u012bmu\u013ciem, ogli un sang\u012bnu.<\/p>\n\n\n\n<p>Glezno\u0161anas nodarb\u012bb\u0101s var\u0113siet att\u012bst\u012bt prasmes kr\u0101su jauk\u0161an\u0101, da\u017e\u0101du glezno\u0161anas materi\u0101lu pielieto\u0161an\u0101 un tehnik\u0101s. Nodarb\u012bb\u0101s str\u0101d\u0101sim ar akvare\u013ckr\u0101s\u0101m,&nbsp; gua\u0161a vai akrila kr\u0101s\u0101m uz pap\u012bra un audekla. Tiks apg\u016bti klus\u0101s dabas un ainavas&nbsp; glezno\u0161anas pamati, k\u0101 ar\u012b gleznas kompoz\u012bcijas uzb\u016bve.<\/p>\n<\/div><\/div>\n\n\n\n<hr class=\"wp-block-separator has-alpha-channel-opacity is-style-wide\" \/>\n\n\n\n<p><strong>Nodarb\u012bbas notiek vienu reizi ned\u0113\u013c\u0101 divas m\u0101c\u012bbu stundas, p\u0113c konkr\u0113t\u0101 m\u0101c\u012bbu gada stundu saraksta.<\/strong><\/p>\n\n\n\n<hr class=\"wp-block-separator has-alpha-channel-opacity is-style-wide\" \/>\n\n\n\n<p><a href=\"https:\/\/izglitiba.valmierasnovads.lv\/vdmv\/papilduznemsana\/\"><strong>PAPILDUZ\u0145EM\u0160ANA<\/strong>&nbsp;<strong>no<\/strong>&nbsp;<strong>19. augusta l\u012bdz 27. augustam 9.00-12.00<\/strong>&nbsp;&gt;<\/a><\/p>\n\n\n\n<p><\/p>\n","protected":false},"excerpt":{"rendered":"<p>Z\u012bm\u0113\u0161anas nodarb\u012bb\u0101s iem\u0101c\u012bsieties z\u012bm\u0113t sadz\u012bves priek\u0161metus, drap\u0113rijas, \u0123ip\u0161a formas u.c. Z\u012bm\u0113jot un skic\u0113jot tren\u0113siet rokas precizit\u0101ti, iem\u0101c\u012bsieties izm\u0113r\u012bt proporcijas, veidot [&hellip;]<\/p>\n","protected":false},"author":38,"featured_media":0,"parent":0,"menu_order":0,"comment_status":"closed","ping_status":"closed","template":"","meta":{"_acf_changed":false,"site-sidebar-layout":"default","site-content-layout":"","ast-site-content-layout":"default","site-content-style":"default","site-sidebar-style":"default","ast-global-header-display":"","ast-banner-title-visibility":"","ast-main-header-display":"","ast-hfb-above-header-display":"","ast-hfb-below-header-display":"","ast-hfb-mobile-header-display":"","site-post-title":"","ast-breadcrumbs-content":"","ast-featured-img":"","footer-sml-layout":"","ast-disable-related-posts":"","theme-transparent-header-meta":"","adv-header-id-meta":"","stick-header-meta":"","header-above-stick-meta":"","header-main-stick-meta":"","header-below-stick-meta":"","astra-migrate-meta-layouts":"default","ast-page-background-enabled":"default","ast-page-background-meta":{"desktop":{"background-color":"var(--ast-global-color-5)","background-image":"","background-repeat":"repeat","background-position":"center center","background-size":"auto","background-attachment":"scroll","background-type":"","background-media":"","overlay-type":"","overlay-color":"","overlay-opacity":"","overlay-gradient":""},"tablet":{"background-color":"","background-image":"","background-repeat":"repeat","background-position":"center center","background-size":"auto","background-attachment":"scroll","background-type":"","background-media":"","overlay-type":"","overlay-color":"","overlay-opacity":"","overlay-gradient":""},"mobile":{"background-color":"","background-image":"","background-repeat":"repeat","background-position":"center center","background-size":"auto","background-attachment":"scroll","background-type":"","background-media":"","overlay-type":"","overlay-color":"","overlay-opacity":"","overlay-gradient":""}},"ast-content-background-meta":{"desktop":{"background-color":"var(--ast-global-color-4)","background-image":"","background-repeat":"repeat","background-position":"center center","background-size":"auto","background-attachment":"scroll","background-type":"","background-media":"","overlay-type":"","overlay-color":"","overlay-opacity":"","overlay-gradient":""},"tablet":{"background-color":"var(--ast-global-color-4)","background-image":"","background-repeat":"repeat","background-position":"center center","background-size":"auto","background-attachment":"scroll","background-type":"","background-media":"","overlay-type":"","overlay-color":"","overlay-opacity":"","overlay-gradient":""},"mobile":{"background-color":"var(--ast-global-color-4)","background-image":"","background-repeat":"repeat","background-position":"center center","background-size":"auto","background-attachment":"scroll","background-type":"","background-media":"","overlay-type":"","overlay-color":"","overlay-opacity":"","overlay-gradient":""}},"footnotes":""},"class_list":["post-720","page","type-page","status-publish","hentry"],"acf":[],"yoast_head":"<!-- This site is optimized with the Yoast SEO plugin v27.0 - https:\/\/yoast.com\/product\/yoast-seo-wordpress\/ -->\n<title>Z\u012bm\u0113\u0161anas un glezno\u0161anas darbn\u012bca (9.\u201312.kl.) -<\/title>\n<meta name=\"robots\" content=\"index, follow, max-snippet:-1, max-image-preview:large, max-video-preview:-1\" \/>\n<link rel=\"canonical\" href=\"https:\/\/izglitiba.valmierasnovads.lv\/vdmv\/zimesanas-un-gleznosanas-darbnica-9-12-kl\/\" \/>\n<meta property=\"og:locale\" content=\"lv_LV\" \/>\n<meta property=\"og:type\" content=\"article\" \/>\n<meta property=\"og:title\" content=\"Z\u012bm\u0113\u0161anas un glezno\u0161anas darbn\u012bca (9.\u201312.kl.) -\" \/>\n<meta property=\"og:description\" content=\"Z\u012bm\u0113\u0161anas nodarb\u012bb\u0101s iem\u0101c\u012bsieties z\u012bm\u0113t sadz\u012bves priek\u0161metus, drap\u0113rijas, \u0123ip\u0161a formas u.c. Z\u012bm\u0113jot un skic\u0113jot tren\u0113siet rokas precizit\u0101ti, iem\u0101c\u012bsieties izm\u0113r\u012bt proporcijas, veidot [&hellip;]\" \/>\n<meta property=\"og:url\" content=\"https:\/\/izglitiba.valmierasnovads.lv\/vdmv\/zimesanas-un-gleznosanas-darbnica-9-12-kl\/\" \/>\n<meta property=\"article:modified_time\" content=\"2025-07-28T12:31:39+00:00\" \/>\n<meta property=\"og:image\" content=\"https:\/\/izglitiba.valmierasnovads.lv\/vdmv\/wp-content\/uploads\/sites\/33\/2025\/07\/WhatsApp-Image-2025-07-28-at-15.19.20.jpeg\" \/>\n\t<meta property=\"og:image:width\" content=\"1024\" \/>\n\t<meta property=\"og:image:height\" content=\"1024\" \/>\n\t<meta property=\"og:image:type\" content=\"image\/jpeg\" \/>\n<meta name=\"twitter:card\" content=\"summary_large_image\" \/>\n<meta name=\"twitter:label1\" content=\"Est. reading time\" \/>\n\t<meta name=\"twitter:data1\" content=\"1 min\u016bte\" \/>\n<script type=\"application\/ld+json\" class=\"yoast-schema-graph\">{\"@context\":\"https:\/\/schema.org\",\"@graph\":[{\"@type\":\"WebPage\",\"@id\":\"https:\/\/izglitiba.valmierasnovads.lv\/vdmv\/zimesanas-un-gleznosanas-darbnica-9-12-kl\/\",\"url\":\"https:\/\/izglitiba.valmierasnovads.lv\/vdmv\/zimesanas-un-gleznosanas-darbnica-9-12-kl\/\",\"name\":\"Z\u012bm\u0113\u0161anas un glezno\u0161anas darbn\u012bca (9.\u201312.kl.) -\",\"isPartOf\":{\"@id\":\"https:\/\/izglitiba.valmierasnovads.lv\/vdmv\/#website\"},\"primaryImageOfPage\":{\"@id\":\"https:\/\/izglitiba.valmierasnovads.lv\/vdmv\/zimesanas-un-gleznosanas-darbnica-9-12-kl\/#primaryimage\"},\"image\":{\"@id\":\"https:\/\/izglitiba.valmierasnovads.lv\/vdmv\/zimesanas-un-gleznosanas-darbnica-9-12-kl\/#primaryimage\"},\"thumbnailUrl\":\"https:\/\/izglitiba.valmierasnovads.lv\/vdmv\/wp-content\/uploads\/sites\/33\/2025\/07\/WhatsApp-Image-2025-07-28-at-15.19.20.jpeg\",\"datePublished\":\"2025-07-28T09:55:04+00:00\",\"dateModified\":\"2025-07-28T12:31:39+00:00\",\"breadcrumb\":{\"@id\":\"https:\/\/izglitiba.valmierasnovads.lv\/vdmv\/zimesanas-un-gleznosanas-darbnica-9-12-kl\/#breadcrumb\"},\"inLanguage\":\"lv-LV\",\"potentialAction\":[{\"@type\":\"ReadAction\",\"target\":[\"https:\/\/izglitiba.valmierasnovads.lv\/vdmv\/zimesanas-un-gleznosanas-darbnica-9-12-kl\/\"]}]},{\"@type\":\"ImageObject\",\"inLanguage\":\"lv-LV\",\"@id\":\"https:\/\/izglitiba.valmierasnovads.lv\/vdmv\/zimesanas-un-gleznosanas-darbnica-9-12-kl\/#primaryimage\",\"url\":\"https:\/\/izglitiba.valmierasnovads.lv\/vdmv\/wp-content\/uploads\/sites\/33\/2025\/07\/WhatsApp-Image-2025-07-28-at-15.19.20.jpeg\",\"contentUrl\":\"https:\/\/izglitiba.valmierasnovads.lv\/vdmv\/wp-content\/uploads\/sites\/33\/2025\/07\/WhatsApp-Image-2025-07-28-at-15.19.20.jpeg\",\"width\":1024,\"height\":1024},{\"@type\":\"BreadcrumbList\",\"@id\":\"https:\/\/izglitiba.valmierasnovads.lv\/vdmv\/zimesanas-un-gleznosanas-darbnica-9-12-kl\/#breadcrumb\",\"itemListElement\":[{\"@type\":\"ListItem\",\"position\":1,\"name\":\"Home\",\"item\":\"https:\/\/izglitiba.valmierasnovads.lv\/vdmv\/\"},{\"@type\":\"ListItem\",\"position\":2,\"name\":\"Z\u012bm\u0113\u0161anas un glezno\u0161anas darbn\u012bca (9.\u201312.kl.)\"}]},{\"@type\":\"WebSite\",\"@id\":\"https:\/\/izglitiba.valmierasnovads.lv\/vdmv\/#website\",\"url\":\"https:\/\/izglitiba.valmierasnovads.lv\/vdmv\/\",\"name\":\"\",\"description\":\"\",\"potentialAction\":[{\"@type\":\"SearchAction\",\"target\":{\"@type\":\"EntryPoint\",\"urlTemplate\":\"https:\/\/izglitiba.valmierasnovads.lv\/vdmv\/?s={search_term_string}\"},\"query-input\":{\"@type\":\"PropertyValueSpecification\",\"valueRequired\":true,\"valueName\":\"search_term_string\"}}],\"inLanguage\":\"lv-LV\"}]}<\/script>\n<!-- \/ Yoast SEO plugin. -->","yoast_head_json":{"title":"Z\u012bm\u0113\u0161anas un glezno\u0161anas darbn\u012bca (9.\u201312.kl.) -","robots":{"index":"index","follow":"follow","max-snippet":"max-snippet:-1","max-image-preview":"max-image-preview:large","max-video-preview":"max-video-preview:-1"},"canonical":"https:\/\/izglitiba.valmierasnovads.lv\/vdmv\/zimesanas-un-gleznosanas-darbnica-9-12-kl\/","og_locale":"lv_LV","og_type":"article","og_title":"Z\u012bm\u0113\u0161anas un glezno\u0161anas darbn\u012bca (9.\u201312.kl.) -","og_description":"Z\u012bm\u0113\u0161anas nodarb\u012bb\u0101s iem\u0101c\u012bsieties z\u012bm\u0113t sadz\u012bves priek\u0161metus, drap\u0113rijas, \u0123ip\u0161a formas u.c. Z\u012bm\u0113jot un skic\u0113jot tren\u0113siet rokas precizit\u0101ti, iem\u0101c\u012bsieties izm\u0113r\u012bt proporcijas, veidot [&hellip;]","og_url":"https:\/\/izglitiba.valmierasnovads.lv\/vdmv\/zimesanas-un-gleznosanas-darbnica-9-12-kl\/","article_modified_time":"2025-07-28T12:31:39+00:00","og_image":[{"width":1024,"height":1024,"url":"https:\/\/izglitiba.valmierasnovads.lv\/vdmv\/wp-content\/uploads\/sites\/33\/2025\/07\/WhatsApp-Image-2025-07-28-at-15.19.20.jpeg","type":"image\/jpeg"}],"twitter_card":"summary_large_image","twitter_misc":{"Est. reading time":"1 min\u016bte"},"schema":{"@context":"https:\/\/schema.org","@graph":[{"@type":"WebPage","@id":"https:\/\/izglitiba.valmierasnovads.lv\/vdmv\/zimesanas-un-gleznosanas-darbnica-9-12-kl\/","url":"https:\/\/izglitiba.valmierasnovads.lv\/vdmv\/zimesanas-un-gleznosanas-darbnica-9-12-kl\/","name":"Z\u012bm\u0113\u0161anas un glezno\u0161anas darbn\u012bca (9.\u201312.kl.) -","isPartOf":{"@id":"https:\/\/izglitiba.valmierasnovads.lv\/vdmv\/#website"},"primaryImageOfPage":{"@id":"https:\/\/izglitiba.valmierasnovads.lv\/vdmv\/zimesanas-un-gleznosanas-darbnica-9-12-kl\/#primaryimage"},"image":{"@id":"https:\/\/izglitiba.valmierasnovads.lv\/vdmv\/zimesanas-un-gleznosanas-darbnica-9-12-kl\/#primaryimage"},"thumbnailUrl":"https:\/\/izglitiba.valmierasnovads.lv\/vdmv\/wp-content\/uploads\/sites\/33\/2025\/07\/WhatsApp-Image-2025-07-28-at-15.19.20.jpeg","datePublished":"2025-07-28T09:55:04+00:00","dateModified":"2025-07-28T12:31:39+00:00","breadcrumb":{"@id":"https:\/\/izglitiba.valmierasnovads.lv\/vdmv\/zimesanas-un-gleznosanas-darbnica-9-12-kl\/#breadcrumb"},"inLanguage":"lv-LV","potentialAction":[{"@type":"ReadAction","target":["https:\/\/izglitiba.valmierasnovads.lv\/vdmv\/zimesanas-un-gleznosanas-darbnica-9-12-kl\/"]}]},{"@type":"ImageObject","inLanguage":"lv-LV","@id":"https:\/\/izglitiba.valmierasnovads.lv\/vdmv\/zimesanas-un-gleznosanas-darbnica-9-12-kl\/#primaryimage","url":"https:\/\/izglitiba.valmierasnovads.lv\/vdmv\/wp-content\/uploads\/sites\/33\/2025\/07\/WhatsApp-Image-2025-07-28-at-15.19.20.jpeg","contentUrl":"https:\/\/izglitiba.valmierasnovads.lv\/vdmv\/wp-content\/uploads\/sites\/33\/2025\/07\/WhatsApp-Image-2025-07-28-at-15.19.20.jpeg","width":1024,"height":1024},{"@type":"BreadcrumbList","@id":"https:\/\/izglitiba.valmierasnovads.lv\/vdmv\/zimesanas-un-gleznosanas-darbnica-9-12-kl\/#breadcrumb","itemListElement":[{"@type":"ListItem","position":1,"name":"Home","item":"https:\/\/izglitiba.valmierasnovads.lv\/vdmv\/"},{"@type":"ListItem","position":2,"name":"Z\u012bm\u0113\u0161anas un glezno\u0161anas darbn\u012bca (9.\u201312.kl.)"}]},{"@type":"WebSite","@id":"https:\/\/izglitiba.valmierasnovads.lv\/vdmv\/#website","url":"https:\/\/izglitiba.valmierasnovads.lv\/vdmv\/","name":"","description":"","potentialAction":[{"@type":"SearchAction","target":{"@type":"EntryPoint","urlTemplate":"https:\/\/izglitiba.valmierasnovads.lv\/vdmv\/?s={search_term_string}"},"query-input":{"@type":"PropertyValueSpecification","valueRequired":true,"valueName":"search_term_string"}}],"inLanguage":"lv-LV"}]}},"_links":{"self":[{"href":"https:\/\/izglitiba.valmierasnovads.lv\/vdmv\/wp-json\/wp\/v2\/pages\/720","targetHints":{"allow":["GET"]}}],"collection":[{"href":"https:\/\/izglitiba.valmierasnovads.lv\/vdmv\/wp-json\/wp\/v2\/pages"}],"about":[{"href":"https:\/\/izglitiba.valmierasnovads.lv\/vdmv\/wp-json\/wp\/v2\/types\/page"}],"author":[{"embeddable":true,"href":"https:\/\/izglitiba.valmierasnovads.lv\/vdmv\/wp-json\/wp\/v2\/users\/38"}],"replies":[{"embeddable":true,"href":"https:\/\/izglitiba.valmierasnovads.lv\/vdmv\/wp-json\/wp\/v2\/comments?post=720"}],"version-history":[{"count":2,"href":"https:\/\/izglitiba.valmierasnovads.lv\/vdmv\/wp-json\/wp\/v2\/pages\/720\/revisions"}],"predecessor-version":[{"id":810,"href":"https:\/\/izglitiba.valmierasnovads.lv\/vdmv\/wp-json\/wp\/v2\/pages\/720\/revisions\/810"}],"wp:attachment":[{"href":"https:\/\/izglitiba.valmierasnovads.lv\/vdmv\/wp-json\/wp\/v2\/media?parent=720"}],"curies":[{"name":"wp","href":"https:\/\/api.w.org\/{rel}","templated":true}]}}