{"id":107,"date":"2026-05-14T11:09:09","date_gmt":"2026-05-14T08:09:09","guid":{"rendered":"https:\/\/izglitiba.valmierasnovads.lv\/vinda\/?page_id=107"},"modified":"2026-05-14T12:11:03","modified_gmt":"2026-05-14T09:11:03","slug":"pulcini","status":"publish","type":"page","link":"https:\/\/izglitiba.valmierasnovads.lv\/vinda\/pulcini\/","title":{"rendered":"Pulci\u0146i"},"content":{"rendered":"\n<h4 class=\"wp-block-heading has-text-align-center\" style=\"text-transform:uppercase\">L\u012bgumu un iesniegumu iesp\u0113jams aizpild\u012bt uz vietas Vind\u0101.<\/h4>\n\n\n\n<p class=\"has-text-align-center\">Ja&nbsp;<strong>nav<\/strong>&nbsp;iesp\u0113ja l\u012bgumu parakst\u012bt uz vietas, tad iesp\u0113jams to izdar\u012bt ar dro\u0161u elektronisko parakstu, aizpildot<strong>&nbsp;<\/strong><a href=\"https:\/\/docs.google.com\/document\/d\/1cfwfasvUXQJn1RLSI7kzQPLywGqO-iGX\/edit\" target=\"_blank\" rel=\"noreferrer noopener\"><strong>IESNIEGUMU<\/strong><\/a><strong>.&nbsp;<\/strong><\/p>\n\n\n\n<p class=\"has-text-align-center\">P\u0113c&nbsp;iesnieguma sa\u0146em\u0161anas (kas parakst\u012bts ar dro\u0161u e-parakstu) uz e-pastu nos\u016bt\u012bsim l\u012bgumu.&nbsp;<\/p>\n\n\n<style>.wp-block-kadence-spacer.kt-block-spacer-107_3388a1-b4 .kt-block-spacer{height:60px;}.wp-block-kadence-spacer.kt-block-spacer-107_3388a1-b4 .kt-divider{border-top-width:1px;height:1px;border-top-color:#eee;width:80%;border-top-style:solid;}<\/style>\n<div class=\"wp-block-kadence-spacer aligncenter kt-block-spacer-107_3388a1-b4\"><div class=\"kt-block-spacer kt-block-spacer-halign-center\"><hr class=\"kt-divider\" \/><\/div><\/div>\n\n\n\n<div class=\"wp-block-columns is-layout-flex wp-container-core-columns-is-layout-28f84493 wp-block-columns-is-layout-flex\">\n<div class=\"wp-block-column is-layout-flow wp-block-column-is-layout-flow\"><style>.kt-svg-icons107_4558f2-35 .kt-svg-item-0 .kb-svg-icon-wrap{color:var(--global-palette4, #2D3748);font-size:50px;}.wp-block-kadence-icon.kt-svg-icons107_4558f2-35{justify-content:center;}<\/style>\n<div class=\"wp-block-kadence-icon kt-svg-icons kt-svg-icons107_4558f2-35 alignnone\"><style>.kt-svg-item-107_2993f4-19 .kb-svg-icon-wrap, .kt-svg-style-stacked.kt-svg-item-107_2993f4-19 .kb-svg-icon-wrap{font-size:80px;}<\/style>\n<div class=\"wp-block-kadence-single-icon kt-svg-style-default kt-svg-icon-wrap kt-svg-item-107_2993f4-19\"><a href=\"https:\/\/izglitiba.valmierasnovads.lv\/vinda\/stem\/\" class=\"kt-svg-icon-link\" aria-label=\"STEM\"><span class=\"kb-svg-icon-wrap kb-svg-icon-fe_settings\"><svg viewBox=\"0 0 24 24\"  fill=\"none\" stroke=\"currentColor\" stroke-width=\"2\" stroke-linecap=\"round\" stroke-linejoin=\"round\" xmlns=\"http:\/\/www.w3.org\/2000\/svg\"  aria-hidden=\"true\"><circle cx=\"12\" cy=\"12\" r=\"3\"\/><path d=\"M19.4 15a1.65 1.65 0 0 0 .33 1.82l.06.06a2 2 0 0 1 0 2.83 2 2 0 0 1-2.83 0l-.06-.06a1.65 1.65 0 0 0-1.82-.33 1.65 1.65 0 0 0-1 1.51V21a2 2 0 0 1-2 2 2 2 0 0 1-2-2v-.09A1.65 1.65 0 0 0 9 19.4a1.65 1.65 0 0 0-1.82.33l-.06.06a2 2 0 0 1-2.83 0 2 2 0 0 1 0-2.83l.06-.06a1.65 1.65 0 0 0 .33-1.82 1.65 1.65 0 0 0-1.51-1H3a2 2 0 0 1-2-2 2 2 0 0 1 2-2h.09A1.65 1.65 0 0 0 4.6 9a1.65 1.65 0 0 0-.33-1.82l-.06-.06a2 2 0 0 1 0-2.83 2 2 0 0 1 2.83 0l.06.06a1.65 1.65 0 0 0 1.82.33H9a1.65 1.65 0 0 0 1-1.51V3a2 2 0 0 1 2-2 2 2 0 0 1 2 2v.09a1.65 1.65 0 0 0 1 1.51 1.65 1.65 0 0 0 1.82-.33l.06-.06a2 2 0 0 1 2.83 0 2 2 0 0 1 0 2.83l-.06.06a1.65 1.65 0 0 0-.33 1.82V9a1.65 1.65 0 0 0 1.51 1H21a2 2 0 0 1 2 2 2 2 0 0 1-2 2h-.09a1.65 1.65 0 0 0-1.51 1z\"\/><\/svg><\/span><\/a><\/div>\n<\/div>\n\n\n\n<h2 class=\"wp-block-heading has-text-align-center has-link-color wp-elements-948f9d7827aa16c780f5976f07f80756\"><a href=\"https:\/\/izglitiba.valmierasnovads.lv\/vinda\/stem\/\">STEM<\/a><\/h2>\n<\/div>\n\n\n\n<div class=\"wp-block-column is-layout-flow wp-block-column-is-layout-flow\"><style>.kt-svg-icons107_e893d0-2e .kt-svg-item-0 .kb-svg-icon-wrap{color:var(--global-palette4, #2D3748);font-size:50px;}.wp-block-kadence-icon.kt-svg-icons107_e893d0-2e{justify-content:center;}<\/style>\n<div class=\"wp-block-kadence-icon kt-svg-icons kt-svg-icons107_e893d0-2e alignnone\"><style>.kt-svg-item-107_27d936-d1 .kb-svg-icon-wrap, .kt-svg-style-stacked.kt-svg-item-107_27d936-d1 .kb-svg-icon-wrap{font-size:80px;}<\/style>\n<div class=\"wp-block-kadence-single-icon kt-svg-style-default kt-svg-icon-wrap kt-svg-item-107_27d936-d1\"><span class=\"kb-svg-icon-wrap kb-svg-icon-fe_mic\"><svg viewBox=\"0 0 24 24\"  fill=\"none\" stroke=\"currentColor\" stroke-width=\"2\" stroke-linecap=\"round\" stroke-linejoin=\"round\" xmlns=\"http:\/\/www.w3.org\/2000\/svg\"  aria-hidden=\"true\"><path d=\"M12 1a3 3 0 0 0-3 3v8a3 3 0 0 0 6 0V4a3 3 0 0 0-3-3z\"\/><path d=\"M19 10v2a7 7 0 0 1-14 0v-2\"\/><line x1=\"12\" y1=\"19\" x2=\"12\" y2=\"23\"\/><line x1=\"8\" y1=\"23\" x2=\"16\" y2=\"23\"\/><\/svg><\/span><\/div>\n<\/div>\n\n\n\n<h2 class=\"wp-block-heading has-text-align-center\">Kult\u016brizgl\u012bt\u012bba<\/h2>\n<\/div>\n\n\n\n<div class=\"wp-block-column is-layout-flow wp-block-column-is-layout-flow\"><style>.kt-svg-icons107_6b87c2-45 .kt-svg-item-0 .kb-svg-icon-wrap{color:var(--global-palette4, #2D3748);font-size:50px;}.wp-block-kadence-icon.kt-svg-icons107_6b87c2-45{justify-content:center;}<\/style>\n<div class=\"wp-block-kadence-icon kt-svg-icons kt-svg-icons107_6b87c2-45 alignnone\"><style>.kt-svg-item-107_3e0936-12 .kb-svg-icon-wrap, .kt-svg-style-stacked.kt-svg-item-107_3e0936-12 .kb-svg-icon-wrap{font-size:80px;}<\/style>\n<div class=\"wp-block-kadence-single-icon kt-svg-style-default kt-svg-icon-wrap kt-svg-item-107_3e0936-12\"><span class=\"kb-svg-icon-wrap kb-svg-icon-fas_basketball-ball\"><svg viewBox=\"0 0 496 512\"  fill=\"currentColor\" xmlns=\"http:\/\/www.w3.org\/2000\/svg\"  aria-hidden=\"true\"><path d=\"M212.3 10.3c-43.8 6.3-86.2 24.1-122.2 53.8l77.4 77.4c27.8-35.8 43.3-81.2 44.8-131.2zM248 222L405.9 64.1c-42.4-35-93.6-53.5-145.5-56.1-1.2 63.9-21.5 122.3-58.7 167.7L248 222zM56.1 98.1c-29.7 36-47.5 78.4-53.8 122.2 50-1.5 95.5-17 131.2-44.8L56.1 98.1zm272.2 204.2c45.3-37.1 103.7-57.4 167.7-58.7-2.6-51.9-21.1-103.1-56.1-145.5L282 256l46.3 46.3zM248 290L90.1 447.9c42.4 34.9 93.6 53.5 145.5 56.1 1.3-64 21.6-122.4 58.7-167.7L248 290zm191.9 123.9c29.7-36 47.5-78.4 53.8-122.2-50.1 1.6-95.5 17.1-131.2 44.8l77.4 77.4zM167.7 209.7C122.3 246.9 63.9 267.3 0 268.4c2.6 51.9 21.1 103.1 56.1 145.5L214 256l-46.3-46.3zm116 292c43.8-6.3 86.2-24.1 122.2-53.8l-77.4-77.4c-27.7 35.7-43.2 81.2-44.8 131.2z\"\/><\/svg><\/span><\/div>\n<\/div>\n\n\n\n<h2 class=\"wp-block-heading has-text-align-center\">Sports<\/h2>\n<\/div>\n<\/div>\n","protected":false},"excerpt":{"rendered":"<p>L\u012bgumu un iesniegumu iesp\u0113jams aizpild\u012bt uz vietas Vind\u0101. Ja&nbsp;nav&nbsp;iesp\u0113ja l\u012bgumu parakst\u012bt uz vietas, tad iesp\u0113jams to izdar\u012bt ar dro\u0161u elektronisko [&hellip;]<\/p>\n","protected":false},"author":4,"featured_media":0,"parent":0,"menu_order":0,"comment_status":"closed","ping_status":"closed","template":"","meta":{"_acf_changed":false,"site-sidebar-layout":"default","site-content-layout":"","ast-site-content-layout":"default","site-content-style":"default","site-sidebar-style":"default","ast-global-header-display":"","ast-banner-title-visibility":"","ast-main-header-display":"","ast-hfb-above-header-display":"","ast-hfb-below-header-display":"","ast-hfb-mobile-header-display":"","site-post-title":"","ast-breadcrumbs-content":"","ast-featured-img":"","footer-sml-layout":"","ast-disable-related-posts":"","theme-transparent-header-meta":"","adv-header-id-meta":"","stick-header-meta":"","header-above-stick-meta":"","header-main-stick-meta":"","header-below-stick-meta":"","astra-migrate-meta-layouts":"default","ast-page-background-enabled":"default","ast-page-background-meta":{"desktop":{"background-color":"var(--ast-global-color-5)","background-image":"","background-repeat":"repeat","background-position":"center center","background-size":"auto","background-attachment":"scroll","background-type":"","background-media":"","overlay-type":"","overlay-color":"","overlay-opacity":"","overlay-gradient":""},"tablet":{"background-color":"","background-image":"","background-repeat":"repeat","background-position":"center center","background-size":"auto","background-attachment":"scroll","background-type":"","background-media":"","overlay-type":"","overlay-color":"","overlay-opacity":"","overlay-gradient":""},"mobile":{"background-color":"","background-image":"","background-repeat":"repeat","background-position":"center center","background-size":"auto","background-attachment":"scroll","background-type":"","background-media":"","overlay-type":"","overlay-color":"","overlay-opacity":"","overlay-gradient":""}},"ast-content-background-meta":{"desktop":{"background-color":"var(--ast-global-color-4)","background-image":"","background-repeat":"repeat","background-position":"center center","background-size":"auto","background-attachment":"scroll","background-type":"","background-media":"","overlay-type":"","overlay-color":"","overlay-opacity":"","overlay-gradient":""},"tablet":{"background-color":"var(--ast-global-color-4)","background-image":"","background-repeat":"repeat","background-position":"center center","background-size":"auto","background-attachment":"scroll","background-type":"","background-media":"","overlay-type":"","overlay-color":"","overlay-opacity":"","overlay-gradient":""},"mobile":{"background-color":"var(--ast-global-color-4)","background-image":"","background-repeat":"repeat","background-position":"center center","background-size":"auto","background-attachment":"scroll","background-type":"","background-media":"","overlay-type":"","overlay-color":"","overlay-opacity":"","overlay-gradient":""}},"footnotes":""},"class_list":["post-107","page","type-page","status-publish","hentry"],"acf":[],"yoast_head":"<!-- This site is optimized with the Yoast SEO plugin v27.0 - https:\/\/yoast.com\/product\/yoast-seo-wordpress\/ -->\n<title>Pulci\u0146i - Valmieras Jaunatnes centrs \u201eVinda&quot;<\/title>\n<meta name=\"robots\" content=\"index, follow, max-snippet:-1, max-image-preview:large, max-video-preview:-1\" \/>\n<link rel=\"canonical\" href=\"https:\/\/izglitiba.valmierasnovads.lv\/vinda\/pulcini\/\" \/>\n<meta property=\"og:locale\" content=\"lv_LV\" \/>\n<meta property=\"og:type\" content=\"article\" \/>\n<meta property=\"og:title\" content=\"Pulci\u0146i - Valmieras Jaunatnes centrs \u201eVinda&quot;\" \/>\n<meta property=\"og:description\" content=\"L\u012bgumu un iesniegumu iesp\u0113jams aizpild\u012bt uz vietas Vind\u0101. Ja&nbsp;nav&nbsp;iesp\u0113ja l\u012bgumu parakst\u012bt uz vietas, tad iesp\u0113jams to izdar\u012bt ar dro\u0161u elektronisko [&hellip;]\" \/>\n<meta property=\"og:url\" content=\"https:\/\/izglitiba.valmierasnovads.lv\/vinda\/pulcini\/\" \/>\n<meta property=\"og:site_name\" content=\"Valmieras Jaunatnes centrs \u201eVinda&quot;\" \/>\n<meta property=\"article:modified_time\" content=\"2026-05-14T09:11:03+00:00\" \/>\n<meta name=\"twitter:card\" content=\"summary_large_image\" \/>\n<meta name=\"twitter:label1\" content=\"Est. reading time\" \/>\n\t<meta name=\"twitter:data1\" content=\"1 min\u016bte\" \/>\n<script type=\"application\/ld+json\" class=\"yoast-schema-graph\">{\"@context\":\"https:\/\/schema.org\",\"@graph\":[{\"@type\":\"WebPage\",\"@id\":\"https:\/\/izglitiba.valmierasnovads.lv\/vinda\/pulcini\/\",\"url\":\"https:\/\/izglitiba.valmierasnovads.lv\/vinda\/pulcini\/\",\"name\":\"Pulci\u0146i - Valmieras Jaunatnes centrs \u201eVinda&quot;\",\"isPartOf\":{\"@id\":\"https:\/\/izglitiba.valmierasnovads.lv\/vinda\/#website\"},\"datePublished\":\"2026-05-14T08:09:09+00:00\",\"dateModified\":\"2026-05-14T09:11:03+00:00\",\"breadcrumb\":{\"@id\":\"https:\/\/izglitiba.valmierasnovads.lv\/vinda\/pulcini\/#breadcrumb\"},\"inLanguage\":\"lv-LV\",\"potentialAction\":[{\"@type\":\"ReadAction\",\"target\":[\"https:\/\/izglitiba.valmierasnovads.lv\/vinda\/pulcini\/\"]}]},{\"@type\":\"BreadcrumbList\",\"@id\":\"https:\/\/izglitiba.valmierasnovads.lv\/vinda\/pulcini\/#breadcrumb\",\"itemListElement\":[{\"@type\":\"ListItem\",\"position\":1,\"name\":\"Home\",\"item\":\"https:\/\/izglitiba.valmierasnovads.lv\/vinda\/\"},{\"@type\":\"ListItem\",\"position\":2,\"name\":\"Pulci\u0146i\"}]},{\"@type\":\"WebSite\",\"@id\":\"https:\/\/izglitiba.valmierasnovads.lv\/vinda\/#website\",\"url\":\"https:\/\/izglitiba.valmierasnovads.lv\/vinda\/\",\"name\":\"Valmieras Jaunatnes centrs \u201eVinda&quot;\",\"description\":\"\",\"publisher\":{\"@id\":\"https:\/\/izglitiba.valmierasnovads.lv\/vinda\/#organization\"},\"potentialAction\":[{\"@type\":\"SearchAction\",\"target\":{\"@type\":\"EntryPoint\",\"urlTemplate\":\"https:\/\/izglitiba.valmierasnovads.lv\/vinda\/?s={search_term_string}\"},\"query-input\":{\"@type\":\"PropertyValueSpecification\",\"valueRequired\":true,\"valueName\":\"search_term_string\"}}],\"inLanguage\":\"lv-LV\"},{\"@type\":\"Organization\",\"@id\":\"https:\/\/izglitiba.valmierasnovads.lv\/vinda\/#organization\",\"name\":\"Valmieras Jaunatnes centrs \u201eVinda&quot;\",\"url\":\"https:\/\/izglitiba.valmierasnovads.lv\/vinda\/\",\"logo\":{\"@type\":\"ImageObject\",\"inLanguage\":\"lv-LV\",\"@id\":\"https:\/\/izglitiba.valmierasnovads.lv\/vinda\/#\/schema\/logo\/image\/\",\"url\":\"https:\/\/izglitiba.valmierasnovads.lv\/vinda\/wp-content\/uploads\/sites\/45\/2026\/05\/vinda-logo-atjaunots.png\",\"contentUrl\":\"https:\/\/izglitiba.valmierasnovads.lv\/vinda\/wp-content\/uploads\/sites\/45\/2026\/05\/vinda-logo-atjaunots.png\",\"width\":2000,\"height\":2000,\"caption\":\"Valmieras Jaunatnes centrs \u201eVinda&quot;\"},\"image\":{\"@id\":\"https:\/\/izglitiba.valmierasnovads.lv\/vinda\/#\/schema\/logo\/image\/\"}}]}<\/script>\n<!-- \/ Yoast SEO plugin. -->","yoast_head_json":{"title":"Pulci\u0146i - Valmieras Jaunatnes centrs \u201eVinda&quot;","robots":{"index":"index","follow":"follow","max-snippet":"max-snippet:-1","max-image-preview":"max-image-preview:large","max-video-preview":"max-video-preview:-1"},"canonical":"https:\/\/izglitiba.valmierasnovads.lv\/vinda\/pulcini\/","og_locale":"lv_LV","og_type":"article","og_title":"Pulci\u0146i - Valmieras Jaunatnes centrs \u201eVinda&quot;","og_description":"L\u012bgumu un iesniegumu iesp\u0113jams aizpild\u012bt uz vietas Vind\u0101. Ja&nbsp;nav&nbsp;iesp\u0113ja l\u012bgumu parakst\u012bt uz vietas, tad iesp\u0113jams to izdar\u012bt ar dro\u0161u elektronisko [&hellip;]","og_url":"https:\/\/izglitiba.valmierasnovads.lv\/vinda\/pulcini\/","og_site_name":"Valmieras Jaunatnes centrs \u201eVinda&quot;","article_modified_time":"2026-05-14T09:11:03+00:00","twitter_card":"summary_large_image","twitter_misc":{"Est. reading time":"1 min\u016bte"},"schema":{"@context":"https:\/\/schema.org","@graph":[{"@type":"WebPage","@id":"https:\/\/izglitiba.valmierasnovads.lv\/vinda\/pulcini\/","url":"https:\/\/izglitiba.valmierasnovads.lv\/vinda\/pulcini\/","name":"Pulci\u0146i - Valmieras Jaunatnes centrs \u201eVinda&quot;","isPartOf":{"@id":"https:\/\/izglitiba.valmierasnovads.lv\/vinda\/#website"},"datePublished":"2026-05-14T08:09:09+00:00","dateModified":"2026-05-14T09:11:03+00:00","breadcrumb":{"@id":"https:\/\/izglitiba.valmierasnovads.lv\/vinda\/pulcini\/#breadcrumb"},"inLanguage":"lv-LV","potentialAction":[{"@type":"ReadAction","target":["https:\/\/izglitiba.valmierasnovads.lv\/vinda\/pulcini\/"]}]},{"@type":"BreadcrumbList","@id":"https:\/\/izglitiba.valmierasnovads.lv\/vinda\/pulcini\/#breadcrumb","itemListElement":[{"@type":"ListItem","position":1,"name":"Home","item":"https:\/\/izglitiba.valmierasnovads.lv\/vinda\/"},{"@type":"ListItem","position":2,"name":"Pulci\u0146i"}]},{"@type":"WebSite","@id":"https:\/\/izglitiba.valmierasnovads.lv\/vinda\/#website","url":"https:\/\/izglitiba.valmierasnovads.lv\/vinda\/","name":"Valmieras Jaunatnes centrs \u201eVinda&quot;","description":"","publisher":{"@id":"https:\/\/izglitiba.valmierasnovads.lv\/vinda\/#organization"},"potentialAction":[{"@type":"SearchAction","target":{"@type":"EntryPoint","urlTemplate":"https:\/\/izglitiba.valmierasnovads.lv\/vinda\/?s={search_term_string}"},"query-input":{"@type":"PropertyValueSpecification","valueRequired":true,"valueName":"search_term_string"}}],"inLanguage":"lv-LV"},{"@type":"Organization","@id":"https:\/\/izglitiba.valmierasnovads.lv\/vinda\/#organization","name":"Valmieras Jaunatnes centrs \u201eVinda&quot;","url":"https:\/\/izglitiba.valmierasnovads.lv\/vinda\/","logo":{"@type":"ImageObject","inLanguage":"lv-LV","@id":"https:\/\/izglitiba.valmierasnovads.lv\/vinda\/#\/schema\/logo\/image\/","url":"https:\/\/izglitiba.valmierasnovads.lv\/vinda\/wp-content\/uploads\/sites\/45\/2026\/05\/vinda-logo-atjaunots.png","contentUrl":"https:\/\/izglitiba.valmierasnovads.lv\/vinda\/wp-content\/uploads\/sites\/45\/2026\/05\/vinda-logo-atjaunots.png","width":2000,"height":2000,"caption":"Valmieras Jaunatnes centrs \u201eVinda&quot;"},"image":{"@id":"https:\/\/izglitiba.valmierasnovads.lv\/vinda\/#\/schema\/logo\/image\/"}}]}},"_links":{"self":[{"href":"https:\/\/izglitiba.valmierasnovads.lv\/vinda\/wp-json\/wp\/v2\/pages\/107","targetHints":{"allow":["GET"]}}],"collection":[{"href":"https:\/\/izglitiba.valmierasnovads.lv\/vinda\/wp-json\/wp\/v2\/pages"}],"about":[{"href":"https:\/\/izglitiba.valmierasnovads.lv\/vinda\/wp-json\/wp\/v2\/types\/page"}],"author":[{"embeddable":true,"href":"https:\/\/izglitiba.valmierasnovads.lv\/vinda\/wp-json\/wp\/v2\/users\/4"}],"replies":[{"embeddable":true,"href":"https:\/\/izglitiba.valmierasnovads.lv\/vinda\/wp-json\/wp\/v2\/comments?post=107"}],"version-history":[{"count":5,"href":"https:\/\/izglitiba.valmierasnovads.lv\/vinda\/wp-json\/wp\/v2\/pages\/107\/revisions"}],"predecessor-version":[{"id":121,"href":"https:\/\/izglitiba.valmierasnovads.lv\/vinda\/wp-json\/wp\/v2\/pages\/107\/revisions\/121"}],"wp:attachment":[{"href":"https:\/\/izglitiba.valmierasnovads.lv\/vinda\/wp-json\/wp\/v2\/media?parent=107"}],"curies":[{"name":"wp","href":"https:\/\/api.w.org\/{rel}","templated":true}]}}