{"id":179,"date":"2026-05-14T13:11:13","date_gmt":"2026-05-14T10:11:13","guid":{"rendered":"https:\/\/izglitiba.valmierasnovads.lv\/vinda\/?page_id=179"},"modified":"2026-05-14T13:15:48","modified_gmt":"2026-05-14T10:15:48","slug":"metodiskie-materiali","status":"publish","type":"page","link":"https:\/\/izglitiba.valmierasnovads.lv\/vinda\/metodiskie-materiali\/","title":{"rendered":"Metodiskie materi\u0101li"},"content":{"rendered":"\n<h2 class=\"wp-block-heading\" style=\"text-transform:uppercase\">M\u0113s str\u0101d\u0101jam pie materi\u0101liem, lai turpm\u0101k var\u0113tu str\u0101d\u0101t ar\u012b Tu!<\/h2>\n\n\n<style>.wp-block-kadence-spacer.kt-block-spacer-179_5af7dc-b3 .kt-block-spacer{height:60px;}.wp-block-kadence-spacer.kt-block-spacer-179_5af7dc-b3 .kt-divider{border-top-width:1px;height:1px;border-top-color:#eee;width:80%;border-top-style:solid;}<\/style>\n<div class=\"wp-block-kadence-spacer aligncenter kt-block-spacer-179_5af7dc-b3\"><div class=\"kt-block-spacer kt-block-spacer-halign-center\"><hr class=\"kt-divider\" \/><\/div><\/div>\n\n\n<style>.wp-block-kadence-iconlist.kt-svg-icon-list-items179_62439e-ac:not(.this-stops-third-party-issues){margin-top:0px;margin-bottom:0px;}.wp-block-kadence-iconlist.kt-svg-icon-list-items179_62439e-ac ul.kt-svg-icon-list:not(.this-prevents-issues):not(.this-stops-third-party-issues):not(.tijsloc){margin-top:0px;margin-right:0px;margin-bottom:var(--global-kb-spacing-sm, 1.5rem);margin-left:0px;}.wp-block-kadence-iconlist.kt-svg-icon-list-items179_62439e-ac ul.kt-svg-icon-list{grid-row-gap:5px;}.wp-block-kadence-iconlist.kt-svg-icon-list-items179_62439e-ac ul.kt-svg-icon-list .kt-svg-icon-list-item-wrap .kt-svg-icon-list-single{margin-right:10px;}.kt-svg-icon-list-items179_62439e-ac ul.kt-svg-icon-list .kt-svg-icon-list-item-wrap, .kt-svg-icon-list-items179_62439e-ac ul.kt-svg-icon-list .kt-svg-icon-list-item-wrap a{font-size:var(--global-kb-font-size-lg, 2rem);}.kt-svg-icon-list-items179_62439e-ac ul.kt-svg-icon-list .kt-svg-icon-list-level-0 .kt-svg-icon-list-single svg{font-size:20px;}.wp-block-kadence-iconlist.kt-svg-icon-list-items179_62439e-ac .wp-block-kadence-listitem a{text-decoration:none;}.wp-block-kadence-iconlist.kt-svg-icon-list-items179_62439e-ac .wp-block-kadence-listitem a:hover{text-decoration:underline;}.wp-block-kadence-iconlist.kt-svg-icon-list-items179_62439e-ac ul.kt-svg-icon-list .wp-block-kadence-listitem a{color:var(--ast-global-color-8);}.wp-block-kadence-iconlist.kt-svg-icon-list-items179_62439e-ac ul.kt-svg-icon-list .wp-block-kadence-listitem a:hover{color:var(--ast-global-color-8);}<\/style>\n<div class=\"wp-block-kadence-iconlist kt-svg-icon-list-items kt-svg-icon-list-items179_62439e-ac kt-svg-icon-list-columns-1 alignnone\"><ul class=\"kt-svg-icon-list\"><style>.kt-svg-icon-list-item-179_4777c9-67 .kt-svg-icon-list-text mark.kt-highlight{background-color:unset;font-style:normal;color:#f76a0c;-webkit-box-decoration-break:clone;box-decoration-break:clone;padding-top:0px;padding-right:0px;padding-bottom:0px;padding-left:0px;}<\/style>\n<li class=\"wp-block-kadence-listitem kt-svg-icon-list-item-wrap kt-svg-icon-list-item-179_4777c9-67\"><span class=\"kb-svg-icon-wrap kb-svg-icon-fe_link kt-svg-icon-list-single\"><svg viewBox=\"0 0 24 24\"  fill=\"none\" stroke=\"currentColor\" stroke-width=\"2\" stroke-linecap=\"round\" stroke-linejoin=\"round\" xmlns=\"http:\/\/www.w3.org\/2000\/svg\"  aria-hidden=\"true\"><path d=\"M10 13a5 5 0 0 0 7.54.54l3-3a5 5 0 0 0-7.07-7.07l-1.72 1.71\"\/><path d=\"M14 11a5 5 0 0 0-7.54-.54l-3 3a5 5 0 0 0 7.07 7.07l1.71-1.71\"\/><\/svg><\/span><span class=\"kt-svg-icon-list-text\">&#8220;<a href=\"https:\/\/drive.google.com\/file\/d\/14o9MGadwlleKO6tFSMJ_DiZ15qvtO6RE\/view?usp=drive_link\" target=\"_blank\" rel=\"noreferrer noopener\">Sporto Vind\u0101&#8221; &#8211; k\u0101 pareizi uzvilkt aizsargus<\/a><\/span><\/li>\n\n\n<style>.kt-svg-icon-list-item-179_5d597d-ca .kt-svg-icon-list-text mark.kt-highlight{background-color:unset;font-style:normal;color:#f76a0c;-webkit-box-decoration-break:clone;box-decoration-break:clone;padding-top:0px;padding-right:0px;padding-bottom:0px;padding-left:0px;}<\/style>\n<li class=\"wp-block-kadence-listitem kt-svg-icon-list-item-wrap kt-svg-icon-list-item-179_5d597d-ca\"><span class=\"kb-svg-icon-wrap kb-svg-icon-fe_link kt-svg-icon-list-single\"><svg viewBox=\"0 0 24 24\"  fill=\"none\" stroke=\"currentColor\" stroke-width=\"2\" stroke-linecap=\"round\" stroke-linejoin=\"round\" xmlns=\"http:\/\/www.w3.org\/2000\/svg\"  aria-hidden=\"true\"><path d=\"M10 13a5 5 0 0 0 7.54.54l3-3a5 5 0 0 0-7.07-7.07l-1.72 1.71\"\/><path d=\"M14 11a5 5 0 0 0-7.54-.54l-3 3a5 5 0 0 0 7.07 7.07l1.71-1.71\"\/><\/svg><\/span><span class=\"kt-svg-icon-list-text\"><a href=\"https:\/\/drive.google.com\/file\/d\/1qObjLAaPqi7Qh0h_BPP3q9fuw2e9P_F2\/view?usp=drive_link\" target=\"_blank\" rel=\"noreferrer noopener\">&#8220;Galda hokejs&#8221; &#8211; Ar ko s\u0101kt!<\/a><\/span><\/li>\n\n\n<style>.kt-svg-icon-list-item-179_863458-ed .kt-svg-icon-list-text mark.kt-highlight{background-color:unset;font-style:normal;color:#f76a0c;-webkit-box-decoration-break:clone;box-decoration-break:clone;padding-top:0px;padding-right:0px;padding-bottom:0px;padding-left:0px;}<\/style>\n<li class=\"wp-block-kadence-listitem kt-svg-icon-list-item-wrap kt-svg-icon-list-item-179_863458-ed\"><span class=\"kb-svg-icon-wrap kb-svg-icon-fe_link kt-svg-icon-list-single\"><svg viewBox=\"0 0 24 24\"  fill=\"none\" stroke=\"currentColor\" stroke-width=\"2\" stroke-linecap=\"round\" stroke-linejoin=\"round\" xmlns=\"http:\/\/www.w3.org\/2000\/svg\"  aria-hidden=\"true\"><path d=\"M10 13a5 5 0 0 0 7.54.54l3-3a5 5 0 0 0-7.07-7.07l-1.72 1.71\"\/><path d=\"M14 11a5 5 0 0 0-7.54-.54l-3 3a5 5 0 0 0 7.07 7.07l1.71-1.71\"\/><\/svg><\/span><span class=\"kt-svg-icon-list-text\"><a href=\"https:\/\/drive.google.com\/file\/d\/18jbstZLN69lIuW5HEo_Btv8JzAe_3aJn\/view?usp=drive_link\" target=\"_blank\" rel=\"noreferrer noopener\">&#8220;\u0160\u016b\u0161anas un model\u0113\u0161anas studija &#8220;Fant\u0101zija&#8221;&#8221; &#8211; D\u0101vanu maisi\u0146\u0161<\/a><\/span><\/li>\n\n\n<style>.kt-svg-icon-list-item-179_38c162-a7 .kt-svg-icon-list-text mark.kt-highlight{background-color:unset;font-style:normal;color:#f76a0c;-webkit-box-decoration-break:clone;box-decoration-break:clone;padding-top:0px;padding-right:0px;padding-bottom:0px;padding-left:0px;}<\/style>\n<li class=\"wp-block-kadence-listitem kt-svg-icon-list-item-wrap kt-svg-icon-list-item-179_38c162-a7\"><span class=\"kb-svg-icon-wrap kb-svg-icon-fe_link kt-svg-icon-list-single\"><svg viewBox=\"0 0 24 24\"  fill=\"none\" stroke=\"currentColor\" stroke-width=\"2\" stroke-linecap=\"round\" stroke-linejoin=\"round\" xmlns=\"http:\/\/www.w3.org\/2000\/svg\"  aria-hidden=\"true\"><path d=\"M10 13a5 5 0 0 0 7.54.54l3-3a5 5 0 0 0-7.07-7.07l-1.72 1.71\"\/><path d=\"M14 11a5 5 0 0 0-7.54-.54l-3 3a5 5 0 0 0 7.07 7.07l1.71-1.71\"\/><\/svg><\/span><span class=\"kt-svg-icon-list-text\"><a href=\"https:\/\/drive.google.com\/file\/d\/1EzwyIS1aAg19RCkHWIBNBiFPsokyoW7v\/view?usp=drive_link\" target=\"_blank\" rel=\"noreferrer noopener\">&#8220;Tehniskais rado\u0161ums&#8221; &#8211; Salmi\u0146u ra\u0137ete<\/a><\/span><\/li>\n\n\n<style>.kt-svg-icon-list-item-179_7aa621-a6 .kt-svg-icon-list-text mark.kt-highlight{background-color:unset;font-style:normal;color:#f76a0c;-webkit-box-decoration-break:clone;box-decoration-break:clone;padding-top:0px;padding-right:0px;padding-bottom:0px;padding-left:0px;}<\/style>\n<li class=\"wp-block-kadence-listitem kt-svg-icon-list-item-wrap kt-svg-icon-list-item-179_7aa621-a6\"><span class=\"kb-svg-icon-wrap kb-svg-icon-fe_link kt-svg-icon-list-single\"><svg viewBox=\"0 0 24 24\"  fill=\"none\" stroke=\"currentColor\" stroke-width=\"2\" stroke-linecap=\"round\" stroke-linejoin=\"round\" xmlns=\"http:\/\/www.w3.org\/2000\/svg\"  aria-hidden=\"true\"><path d=\"M10 13a5 5 0 0 0 7.54.54l3-3a5 5 0 0 0-7.07-7.07l-1.72 1.71\"\/><path d=\"M14 11a5 5 0 0 0-7.54-.54l-3 3a5 5 0 0 0 7.07 7.07l1.71-1.71\"\/><\/svg><\/span><span class=\"kt-svg-icon-list-text\"><a href=\"https:\/\/drive.google.com\/file\/d\/1brjqgJdmFEB1tkbLrEvZgJMiLfz8htQi\/view?usp=drive_link\" target=\"_blank\" rel=\"noreferrer noopener\">&#8220;Trases automodelisms&#8221; &#8211; Virsb\u016bvju piegrie\u0161ana<\/a><\/span><\/li>\n\n\n<style>.kt-svg-icon-list-item-179_e2c54f-57 .kt-svg-icon-list-text mark.kt-highlight{background-color:unset;font-style:normal;color:#f76a0c;-webkit-box-decoration-break:clone;box-decoration-break:clone;padding-top:0px;padding-right:0px;padding-bottom:0px;padding-left:0px;}<\/style>\n<li class=\"wp-block-kadence-listitem kt-svg-icon-list-item-wrap kt-svg-icon-list-item-179_e2c54f-57\"><span class=\"kb-svg-icon-wrap kb-svg-icon-fe_link kt-svg-icon-list-single\"><svg viewBox=\"0 0 24 24\"  fill=\"none\" stroke=\"currentColor\" stroke-width=\"2\" stroke-linecap=\"round\" stroke-linejoin=\"round\" xmlns=\"http:\/\/www.w3.org\/2000\/svg\"  aria-hidden=\"true\"><path d=\"M10 13a5 5 0 0 0 7.54.54l3-3a5 5 0 0 0-7.07-7.07l-1.72 1.71\"\/><path d=\"M14 11a5 5 0 0 0-7.54-.54l-3 3a5 5 0 0 0 7.07 7.07l1.71-1.71\"\/><\/svg><\/span><span class=\"kt-svg-icon-list-text\"><a href=\"https:\/\/drive.google.com\/file\/d\/1FjzTRVsNm7eru0nvcZMIDVdKETlX3XXJ\/view?usp=drive_link\" target=\"_blank\" rel=\"noreferrer noopener\">&#8220;Rotu darbn\u012bca un cit\u0101di rokdarbi&#8221; &#8211; Dodam otru dz\u012bvi sve\u010du p\u0101rpalikumiem<\/a><\/span><\/li>\n\n\n<style>.kt-svg-icon-list-item-179_569845-53 .kt-svg-icon-list-text mark.kt-highlight{background-color:unset;font-style:normal;color:#f76a0c;-webkit-box-decoration-break:clone;box-decoration-break:clone;padding-top:0px;padding-right:0px;padding-bottom:0px;padding-left:0px;}<\/style>\n<li class=\"wp-block-kadence-listitem kt-svg-icon-list-item-wrap kt-svg-icon-list-item-179_569845-53\"><span class=\"kb-svg-icon-wrap kb-svg-icon-fe_link kt-svg-icon-list-single\"><svg viewBox=\"0 0 24 24\"  fill=\"none\" stroke=\"currentColor\" stroke-width=\"2\" stroke-linecap=\"round\" stroke-linejoin=\"round\" xmlns=\"http:\/\/www.w3.org\/2000\/svg\"  aria-hidden=\"true\"><path d=\"M10 13a5 5 0 0 0 7.54.54l3-3a5 5 0 0 0-7.07-7.07l-1.72 1.71\"\/><path d=\"M14 11a5 5 0 0 0-7.54-.54l-3 3a5 5 0 0 0 7.07 7.07l1.71-1.71\"\/><\/svg><\/span><span class=\"kt-svg-icon-list-text\"><a href=\"https:\/\/drive.google.com\/file\/d\/139cPNme_fsyMA6uEC4QO_DS9sktJ8p1Y\/view?usp=drive_link\" target=\"_blank\" rel=\"noreferrer noopener\">&#8220;Grafikas studija &#8220;Melni balts&#8221;&#8221; &#8211; Kr\u0101su m\u0101c\u012bbas pamatu apguve<\/a><\/span><\/li>\n<\/ul><\/div>\n","protected":false},"excerpt":{"rendered":"<p>M\u0113s str\u0101d\u0101jam pie materi\u0101liem, lai turpm\u0101k var\u0113tu str\u0101d\u0101t ar\u012b Tu!<\/p>\n","protected":false},"author":4,"featured_media":0,"parent":0,"menu_order":0,"comment_status":"closed","ping_status":"closed","template":"","meta":{"_acf_changed":false,"site-sidebar-layout":"default","site-content-layout":"","ast-site-content-layout":"default","site-content-style":"default","site-sidebar-style":"default","ast-global-header-display":"","ast-banner-title-visibility":"","ast-main-header-display":"","ast-hfb-above-header-display":"","ast-hfb-below-header-display":"","ast-hfb-mobile-header-display":"","site-post-title":"","ast-breadcrumbs-content":"","ast-featured-img":"","footer-sml-layout":"","ast-disable-related-posts":"","theme-transparent-header-meta":"","adv-header-id-meta":"","stick-header-meta":"","header-above-stick-meta":"","header-main-stick-meta":"","header-below-stick-meta":"","astra-migrate-meta-layouts":"default","ast-page-background-enabled":"default","ast-page-background-meta":{"desktop":{"background-color":"var(--ast-global-color-5)","background-image":"","background-repeat":"repeat","background-position":"center center","background-size":"auto","background-attachment":"scroll","background-type":"","background-media":"","overlay-type":"","overlay-color":"","overlay-opacity":"","overlay-gradient":""},"tablet":{"background-color":"","background-image":"","background-repeat":"repeat","background-position":"center center","background-size":"auto","background-attachment":"scroll","background-type":"","background-media":"","overlay-type":"","overlay-color":"","overlay-opacity":"","overlay-gradient":""},"mobile":{"background-color":"","background-image":"","background-repeat":"repeat","background-position":"center center","background-size":"auto","background-attachment":"scroll","background-type":"","background-media":"","overlay-type":"","overlay-color":"","overlay-opacity":"","overlay-gradient":""}},"ast-content-background-meta":{"desktop":{"background-color":"var(--ast-global-color-4)","background-image":"","background-repeat":"repeat","background-position":"center center","background-size":"auto","background-attachment":"scroll","background-type":"","background-media":"","overlay-type":"","overlay-color":"","overlay-opacity":"","overlay-gradient":""},"tablet":{"background-color":"var(--ast-global-color-4)","background-image":"","background-repeat":"repeat","background-position":"center center","background-size":"auto","background-attachment":"scroll","background-type":"","background-media":"","overlay-type":"","overlay-color":"","overlay-opacity":"","overlay-gradient":""},"mobile":{"background-color":"var(--ast-global-color-4)","background-image":"","background-repeat":"repeat","background-position":"center center","background-size":"auto","background-attachment":"scroll","background-type":"","background-media":"","overlay-type":"","overlay-color":"","overlay-opacity":"","overlay-gradient":""}},"footnotes":""},"class_list":["post-179","page","type-page","status-publish","hentry"],"acf":[],"yoast_head":"<!-- This site is optimized with the Yoast SEO plugin v27.0 - https:\/\/yoast.com\/product\/yoast-seo-wordpress\/ -->\n<title>Metodiskie materi\u0101li - Valmieras Jaunatnes centrs \u201eVinda&quot;<\/title>\n<meta name=\"robots\" content=\"index, follow, max-snippet:-1, max-image-preview:large, max-video-preview:-1\" \/>\n<link rel=\"canonical\" href=\"https:\/\/izglitiba.valmierasnovads.lv\/vinda\/metodiskie-materiali\/\" \/>\n<meta property=\"og:locale\" content=\"lv_LV\" \/>\n<meta property=\"og:type\" content=\"article\" \/>\n<meta property=\"og:title\" content=\"Metodiskie materi\u0101li - Valmieras Jaunatnes centrs \u201eVinda&quot;\" \/>\n<meta property=\"og:description\" content=\"M\u0113s str\u0101d\u0101jam pie materi\u0101liem, lai turpm\u0101k var\u0113tu str\u0101d\u0101t ar\u012b Tu!\" \/>\n<meta property=\"og:url\" content=\"https:\/\/izglitiba.valmierasnovads.lv\/vinda\/metodiskie-materiali\/\" \/>\n<meta property=\"og:site_name\" content=\"Valmieras Jaunatnes centrs \u201eVinda&quot;\" \/>\n<meta property=\"article:modified_time\" content=\"2026-05-14T10:15:48+00:00\" \/>\n<meta name=\"twitter:card\" content=\"summary_large_image\" \/>\n<meta name=\"twitter:label1\" content=\"Est. reading time\" \/>\n\t<meta name=\"twitter:data1\" content=\"1 min\u016bte\" \/>\n<script type=\"application\/ld+json\" class=\"yoast-schema-graph\">{\"@context\":\"https:\/\/schema.org\",\"@graph\":[{\"@type\":\"WebPage\",\"@id\":\"https:\/\/izglitiba.valmierasnovads.lv\/vinda\/metodiskie-materiali\/\",\"url\":\"https:\/\/izglitiba.valmierasnovads.lv\/vinda\/metodiskie-materiali\/\",\"name\":\"Metodiskie materi\u0101li - Valmieras Jaunatnes centrs \u201eVinda&quot;\",\"isPartOf\":{\"@id\":\"https:\/\/izglitiba.valmierasnovads.lv\/vinda\/#website\"},\"datePublished\":\"2026-05-14T10:11:13+00:00\",\"dateModified\":\"2026-05-14T10:15:48+00:00\",\"breadcrumb\":{\"@id\":\"https:\/\/izglitiba.valmierasnovads.lv\/vinda\/metodiskie-materiali\/#breadcrumb\"},\"inLanguage\":\"lv-LV\",\"potentialAction\":[{\"@type\":\"ReadAction\",\"target\":[\"https:\/\/izglitiba.valmierasnovads.lv\/vinda\/metodiskie-materiali\/\"]}]},{\"@type\":\"BreadcrumbList\",\"@id\":\"https:\/\/izglitiba.valmierasnovads.lv\/vinda\/metodiskie-materiali\/#breadcrumb\",\"itemListElement\":[{\"@type\":\"ListItem\",\"position\":1,\"name\":\"Home\",\"item\":\"https:\/\/izglitiba.valmierasnovads.lv\/vinda\/\"},{\"@type\":\"ListItem\",\"position\":2,\"name\":\"Metodiskie materi\u0101li\"}]},{\"@type\":\"WebSite\",\"@id\":\"https:\/\/izglitiba.valmierasnovads.lv\/vinda\/#website\",\"url\":\"https:\/\/izglitiba.valmierasnovads.lv\/vinda\/\",\"name\":\"Valmieras Jaunatnes centrs \u201eVinda&quot;\",\"description\":\"\",\"publisher\":{\"@id\":\"https:\/\/izglitiba.valmierasnovads.lv\/vinda\/#organization\"},\"potentialAction\":[{\"@type\":\"SearchAction\",\"target\":{\"@type\":\"EntryPoint\",\"urlTemplate\":\"https:\/\/izglitiba.valmierasnovads.lv\/vinda\/?s={search_term_string}\"},\"query-input\":{\"@type\":\"PropertyValueSpecification\",\"valueRequired\":true,\"valueName\":\"search_term_string\"}}],\"inLanguage\":\"lv-LV\"},{\"@type\":\"Organization\",\"@id\":\"https:\/\/izglitiba.valmierasnovads.lv\/vinda\/#organization\",\"name\":\"Valmieras Jaunatnes centrs \u201eVinda&quot;\",\"url\":\"https:\/\/izglitiba.valmierasnovads.lv\/vinda\/\",\"logo\":{\"@type\":\"ImageObject\",\"inLanguage\":\"lv-LV\",\"@id\":\"https:\/\/izglitiba.valmierasnovads.lv\/vinda\/#\/schema\/logo\/image\/\",\"url\":\"https:\/\/izglitiba.valmierasnovads.lv\/vinda\/wp-content\/uploads\/sites\/45\/2026\/05\/vinda-logo-atjaunots.png\",\"contentUrl\":\"https:\/\/izglitiba.valmierasnovads.lv\/vinda\/wp-content\/uploads\/sites\/45\/2026\/05\/vinda-logo-atjaunots.png\",\"width\":2000,\"height\":2000,\"caption\":\"Valmieras Jaunatnes centrs \u201eVinda&quot;\"},\"image\":{\"@id\":\"https:\/\/izglitiba.valmierasnovads.lv\/vinda\/#\/schema\/logo\/image\/\"}}]}<\/script>\n<!-- \/ Yoast SEO plugin. -->","yoast_head_json":{"title":"Metodiskie materi\u0101li - Valmieras Jaunatnes centrs \u201eVinda&quot;","robots":{"index":"index","follow":"follow","max-snippet":"max-snippet:-1","max-image-preview":"max-image-preview:large","max-video-preview":"max-video-preview:-1"},"canonical":"https:\/\/izglitiba.valmierasnovads.lv\/vinda\/metodiskie-materiali\/","og_locale":"lv_LV","og_type":"article","og_title":"Metodiskie materi\u0101li - Valmieras Jaunatnes centrs \u201eVinda&quot;","og_description":"M\u0113s str\u0101d\u0101jam pie materi\u0101liem, lai turpm\u0101k var\u0113tu str\u0101d\u0101t ar\u012b Tu!","og_url":"https:\/\/izglitiba.valmierasnovads.lv\/vinda\/metodiskie-materiali\/","og_site_name":"Valmieras Jaunatnes centrs \u201eVinda&quot;","article_modified_time":"2026-05-14T10:15:48+00:00","twitter_card":"summary_large_image","twitter_misc":{"Est. reading time":"1 min\u016bte"},"schema":{"@context":"https:\/\/schema.org","@graph":[{"@type":"WebPage","@id":"https:\/\/izglitiba.valmierasnovads.lv\/vinda\/metodiskie-materiali\/","url":"https:\/\/izglitiba.valmierasnovads.lv\/vinda\/metodiskie-materiali\/","name":"Metodiskie materi\u0101li - Valmieras Jaunatnes centrs \u201eVinda&quot;","isPartOf":{"@id":"https:\/\/izglitiba.valmierasnovads.lv\/vinda\/#website"},"datePublished":"2026-05-14T10:11:13+00:00","dateModified":"2026-05-14T10:15:48+00:00","breadcrumb":{"@id":"https:\/\/izglitiba.valmierasnovads.lv\/vinda\/metodiskie-materiali\/#breadcrumb"},"inLanguage":"lv-LV","potentialAction":[{"@type":"ReadAction","target":["https:\/\/izglitiba.valmierasnovads.lv\/vinda\/metodiskie-materiali\/"]}]},{"@type":"BreadcrumbList","@id":"https:\/\/izglitiba.valmierasnovads.lv\/vinda\/metodiskie-materiali\/#breadcrumb","itemListElement":[{"@type":"ListItem","position":1,"name":"Home","item":"https:\/\/izglitiba.valmierasnovads.lv\/vinda\/"},{"@type":"ListItem","position":2,"name":"Metodiskie materi\u0101li"}]},{"@type":"WebSite","@id":"https:\/\/izglitiba.valmierasnovads.lv\/vinda\/#website","url":"https:\/\/izglitiba.valmierasnovads.lv\/vinda\/","name":"Valmieras Jaunatnes centrs \u201eVinda&quot;","description":"","publisher":{"@id":"https:\/\/izglitiba.valmierasnovads.lv\/vinda\/#organization"},"potentialAction":[{"@type":"SearchAction","target":{"@type":"EntryPoint","urlTemplate":"https:\/\/izglitiba.valmierasnovads.lv\/vinda\/?s={search_term_string}"},"query-input":{"@type":"PropertyValueSpecification","valueRequired":true,"valueName":"search_term_string"}}],"inLanguage":"lv-LV"},{"@type":"Organization","@id":"https:\/\/izglitiba.valmierasnovads.lv\/vinda\/#organization","name":"Valmieras Jaunatnes centrs \u201eVinda&quot;","url":"https:\/\/izglitiba.valmierasnovads.lv\/vinda\/","logo":{"@type":"ImageObject","inLanguage":"lv-LV","@id":"https:\/\/izglitiba.valmierasnovads.lv\/vinda\/#\/schema\/logo\/image\/","url":"https:\/\/izglitiba.valmierasnovads.lv\/vinda\/wp-content\/uploads\/sites\/45\/2026\/05\/vinda-logo-atjaunots.png","contentUrl":"https:\/\/izglitiba.valmierasnovads.lv\/vinda\/wp-content\/uploads\/sites\/45\/2026\/05\/vinda-logo-atjaunots.png","width":2000,"height":2000,"caption":"Valmieras Jaunatnes centrs \u201eVinda&quot;"},"image":{"@id":"https:\/\/izglitiba.valmierasnovads.lv\/vinda\/#\/schema\/logo\/image\/"}}]}},"_links":{"self":[{"href":"https:\/\/izglitiba.valmierasnovads.lv\/vinda\/wp-json\/wp\/v2\/pages\/179","targetHints":{"allow":["GET"]}}],"collection":[{"href":"https:\/\/izglitiba.valmierasnovads.lv\/vinda\/wp-json\/wp\/v2\/pages"}],"about":[{"href":"https:\/\/izglitiba.valmierasnovads.lv\/vinda\/wp-json\/wp\/v2\/types\/page"}],"author":[{"embeddable":true,"href":"https:\/\/izglitiba.valmierasnovads.lv\/vinda\/wp-json\/wp\/v2\/users\/4"}],"replies":[{"embeddable":true,"href":"https:\/\/izglitiba.valmierasnovads.lv\/vinda\/wp-json\/wp\/v2\/comments?post=179"}],"version-history":[{"count":2,"href":"https:\/\/izglitiba.valmierasnovads.lv\/vinda\/wp-json\/wp\/v2\/pages\/179\/revisions"}],"predecessor-version":[{"id":182,"href":"https:\/\/izglitiba.valmierasnovads.lv\/vinda\/wp-json\/wp\/v2\/pages\/179\/revisions\/182"}],"wp:attachment":[{"href":"https:\/\/izglitiba.valmierasnovads.lv\/vinda\/wp-json\/wp\/v2\/media?parent=179"}],"curies":[{"name":"wp","href":"https:\/\/api.w.org\/{rel}","templated":true}]}}