{"id":193,"date":"2026-05-14T13:36:42","date_gmt":"2026-05-14T10:36:42","guid":{"rendered":"https:\/\/izglitiba.valmierasnovads.lv\/vinda\/?page_id=193"},"modified":"2026-05-14T13:38:43","modified_gmt":"2026-05-14T10:38:43","slug":"sporta-un-aktivas-atputas-parks-mezs","status":"publish","type":"page","link":"https:\/\/izglitiba.valmierasnovads.lv\/vinda\/sporta-un-aktivas-atputas-parks-mezs\/","title":{"rendered":"Sporta un akt\u012bv\u0101s atp\u016btas parks &#8220;ME\u017dS&#8221;"},"content":{"rendered":"\n<div class=\"wp-block-columns is-layout-flex wp-container-core-columns-is-layout-28f84493 wp-block-columns-is-layout-flex\">\n<div class=\"wp-block-column is-layout-flow wp-block-column-is-layout-flow\">\n<figure class=\"wp-block-image size-large\"><img loading=\"lazy\" decoding=\"async\" width=\"1024\" height=\"762\" src=\"https:\/\/izglitiba.valmierasnovads.lv\/vinda\/wp-content\/uploads\/sites\/45\/2026\/05\/Mezs1-1024x762.jpg\" alt=\"\" class=\"wp-image-194\" srcset=\"https:\/\/izglitiba.valmierasnovads.lv\/vinda\/wp-content\/uploads\/sites\/45\/2026\/05\/Mezs1-1024x762.jpg 1024w, https:\/\/izglitiba.valmierasnovads.lv\/vinda\/wp-content\/uploads\/sites\/45\/2026\/05\/Mezs1-300x223.jpg 300w, https:\/\/izglitiba.valmierasnovads.lv\/vinda\/wp-content\/uploads\/sites\/45\/2026\/05\/Mezs1-768x571.jpg 768w, https:\/\/izglitiba.valmierasnovads.lv\/vinda\/wp-content\/uploads\/sites\/45\/2026\/05\/Mezs1.jpg 1280w\" sizes=\"auto, (max-width: 1024px) 100vw, 1024px\" \/><\/figure>\n<\/div>\n\n\n\n<div class=\"wp-block-column is-layout-flow wp-block-column-is-layout-flow\">\n<p class=\"has-medium-font-size\">Dodoties pa R\u012bgas ielu Valmier\u0101, paveras diezgan neparasta aina \u2013 k\u0101d\u0101 br\u012bd\u012b g\u0101j\u0113js ir vien\u0101 l\u012bmen\u012b ar koku galotn\u0113m. Ieskatoties padzi\u013cin\u0101jum\u0101, atkl\u0101jas me\u017es, savuk\u0101rt taj\u0101 \u2013 lieliska vieta akt\u012bvai atp\u016btai ikvienam.<\/p>\n\n\n\n<p class=\"has-medium-font-size\">Sporta un akt\u012bv\u0101s atp\u016btas parka \u201cMe\u017es\u201d b\u016bvniec\u012bba biju\u0161\u0101 Valmieras skeitparka teritorij\u0101 (R\u012bgas iela 43A) s\u0101kta 2021.gada apr\u012bl\u012b, projektu aizs\u0101kot un sagatavo\u0161anas darbus s\u0101kot 2019. gad\u0101. Vieta pils\u0113tas centr\u0101 izv\u0113l\u0113ta, dom\u0101jot, lai ikvienam akt\u012bv\u0101s atp\u016btas cien\u012btajam parks b\u016btu \u0113rti sasniedzams. Parks ekspluat\u0101cij\u0101 nodots 2021.gada novembr\u012b, aicinot da\u017e\u0101da vecuma interesentus baud\u012bt akt\u012bvu un dro\u0161u atp\u016btu. Turkl\u0101t nosaukums nav izv\u0113l\u0113ts nejau\u0161i \u2013 jaunais parks ir apst\u0101d\u012bjumiem bag\u0101t\u012bga teritorija, aicinot blakus pils\u0113tas dz\u012bv\u0101kajai ielai aizmirst par ikdienas steigu.<\/p>\n<\/div>\n<\/div>\n\n\n<style>.wp-block-kadence-spacer.kt-block-spacer-193_26a8dd-56 .kt-block-spacer{height:60px;}.wp-block-kadence-spacer.kt-block-spacer-193_26a8dd-56 .kt-divider{border-top-width:1px;height:1px;border-top-color:#eee;width:80%;border-top-style:solid;}<\/style>\n<div class=\"wp-block-kadence-spacer aligncenter kt-block-spacer-193_26a8dd-56\"><div class=\"kt-block-spacer kt-block-spacer-halign-center\"><hr class=\"kt-divider\" \/><\/div><\/div>\n\n\n\n<div class=\"wp-block-columns is-layout-flex wp-container-core-columns-is-layout-28f84493 wp-block-columns-is-layout-flex\">\n<div class=\"wp-block-column is-layout-flow wp-block-column-is-layout-flow\">\n<h2 class=\"wp-block-heading\">SKEITPARKS<\/h2>\n\n\n\n<p class=\"has-medium-font-size\">Trad\u012bcija nav zudusi. \u0160aj\u0101 viet\u0101 turpin\u0101s dz\u012bvot skeitparks. Ta\u010du tagad tas ir \u0113rt\u0101ks, dro\u0161\u0101ks un interesant\u0101ks. Vair\u0101ku l\u012bme\u0146u 1096 m2 pla\u0161ais betona seguma skeitparks ir piem\u0113rots da\u017e\u0101du l\u012bme\u0146u brauc\u0113jiem. Tas pied\u0101v\u0101 liel\u0101ko da\u013cu skeitbordinga pamatelementu, saglab\u0101jot pla\u0161umu un dinamiku.<\/p>\n\n\n\n<p class=\"has-small-font-size\">\u012apa\u0161i ir tas, ka jaunais parks b\u016bs ar\u012b m\u0101c\u012bbu un treni\u0146u vieta. S\u0101kot no \u0161\u012b m\u0101c\u012bbu gada, Valmieras Jaunatnes centrs \u201cVinda\u201d \u012bsteno unik\u0101lu intere\u0161u izgl\u012bt\u012bbas programmu \u201cEkstr\u0113mie sporta veidi\u201d. Lai apg\u016btu prasmes ekstr\u0113majos vasaras un ziemas sporta veidos, vienlaikus str\u0101d\u0101jot pie visp\u0101r\u0113j\u0101s fizisk\u0101s sagatavot\u012bbas att\u012bst\u012bbas, k\u0101 ar\u012b dro\u0161\u012bbas, programm\u0101 iesaist\u012bties aicin\u0101ti b\u0113rni un jaunie\u0161i no 7 l\u012bdz 16 gadu vecumam. Brauk\u0161anas ar skritu\u013cd\u0113li, skritu\u013cslid\u0101m un velosip\u0113du pamatprasmju apg\u016b\u0161ana notiks jaunaj\u0101 sporta un akt\u012bv\u0101s atp\u016btas park\u0101 \u201cMe\u017es\u201d. Programmu vada sertific\u0113ta skritu\u013cslido\u0161anas trenere Marta Gar\u0101, kura beigusi Latvijas Sporta pedago\u0123ijas akad\u0113miju un ir trenere kalnu sl\u0113po\u0161anas sporta klub\u0101. Jau kop\u0161 b\u0113rn\u012bbas apguvusi vair\u0101kus ziemas sporta veidus, k\u0101 ar\u012b p\u0101rst\u0101v\u0113jusi Latviju da\u017e\u0101du skritu\u013cslido\u0161anas discipl\u012bnu sacens\u012bb\u0101s \u0101rvalst\u012bs.<\/p>\n<\/div>\n\n\n\n<div class=\"wp-block-column is-layout-flow wp-block-column-is-layout-flow\">\n<figure class=\"wp-block-image size-large\"><img loading=\"lazy\" decoding=\"async\" width=\"1024\" height=\"761\" src=\"https:\/\/izglitiba.valmierasnovads.lv\/vinda\/wp-content\/uploads\/sites\/45\/2026\/05\/Mezs2-1024x761.jpg\" alt=\"\" class=\"wp-image-195\" srcset=\"https:\/\/izglitiba.valmierasnovads.lv\/vinda\/wp-content\/uploads\/sites\/45\/2026\/05\/Mezs2-1024x761.jpg 1024w, https:\/\/izglitiba.valmierasnovads.lv\/vinda\/wp-content\/uploads\/sites\/45\/2026\/05\/Mezs2-300x223.jpg 300w, https:\/\/izglitiba.valmierasnovads.lv\/vinda\/wp-content\/uploads\/sites\/45\/2026\/05\/Mezs2-768x571.jpg 768w, https:\/\/izglitiba.valmierasnovads.lv\/vinda\/wp-content\/uploads\/sites\/45\/2026\/05\/Mezs2.jpg 1280w\" sizes=\"auto, (max-width: 1024px) 100vw, 1024px\" \/><\/figure>\n<\/div>\n<\/div>\n\n\n<style>.wp-block-kadence-spacer.kt-block-spacer-193_e9018c-be .kt-block-spacer{height:60px;}.wp-block-kadence-spacer.kt-block-spacer-193_e9018c-be .kt-divider{border-top-width:1px;height:1px;border-top-color:#eee;width:80%;border-top-style:solid;}<\/style>\n<div class=\"wp-block-kadence-spacer aligncenter kt-block-spacer-193_e9018c-be\"><div class=\"kt-block-spacer kt-block-spacer-halign-center\"><hr class=\"kt-divider\" \/><\/div><\/div>\n\n\n\n<div class=\"wp-block-columns is-layout-flex wp-container-core-columns-is-layout-28f84493 wp-block-columns-is-layout-flex\">\n<div class=\"wp-block-column is-layout-flow wp-block-column-is-layout-flow\">\n<figure class=\"wp-block-image size-large\"><img loading=\"lazy\" decoding=\"async\" width=\"1024\" height=\"627\" src=\"https:\/\/izglitiba.valmierasnovads.lv\/vinda\/wp-content\/uploads\/sites\/45\/2026\/05\/Mezs3-1024x627.jpg\" alt=\"\" class=\"wp-image-196\" srcset=\"https:\/\/izglitiba.valmierasnovads.lv\/vinda\/wp-content\/uploads\/sites\/45\/2026\/05\/Mezs3-1024x627.jpg 1024w, https:\/\/izglitiba.valmierasnovads.lv\/vinda\/wp-content\/uploads\/sites\/45\/2026\/05\/Mezs3-300x184.jpg 300w, https:\/\/izglitiba.valmierasnovads.lv\/vinda\/wp-content\/uploads\/sites\/45\/2026\/05\/Mezs3-768x470.jpg 768w, https:\/\/izglitiba.valmierasnovads.lv\/vinda\/wp-content\/uploads\/sites\/45\/2026\/05\/Mezs3.jpg 1280w\" sizes=\"auto, (max-width: 1024px) 100vw, 1024px\" \/><\/figure>\n<\/div>\n\n\n\n<div class=\"wp-block-column is-layout-flow wp-block-column-is-layout-flow\">\n<h2 class=\"wp-block-heading\">VELO TRASE (PUMP TRACK)<\/h2>\n\n\n\n<p class=\"has-medium-font-size\">Savuk\u0101rt tiem, kuriem tuv\u0101ka brauk\u0161ana ar skrejriteni, skritu\u013cslid\u0101m, skeitbordu vai velosip\u0113du, saisto\u0161a \u0161\u0137it\u012bs 170m gar\u0101 velo trase. T\u0101 projekt\u0113ta ar da\u017e\u0101da augstuma uzb\u0113rumiem, vir\u0101\u017e\u0101m, platform\u0101m, kas m\u0113r\u0137tiec\u012bgi savirkn\u0113tas, sniedzot iesp\u0113ju brauc\u0113jam att\u012bst\u012bt \u0101trumu, izmantojot gravit\u0101cijas un \u0137erme\u0146a smaguma centra mijiedarb\u012bbu. Trase ir asfalt\u0113ta, piem\u0113rota visu vecumu brauc\u0113jiem ar da\u017e\u0101du l\u012bme\u0146u prasmju spektru.<\/p>\n<\/div>\n<\/div>\n\n\n<style>.wp-block-kadence-spacer.kt-block-spacer-193_5b5299-e2 .kt-block-spacer{height:60px;}.wp-block-kadence-spacer.kt-block-spacer-193_5b5299-e2 .kt-divider{border-top-width:1px;height:1px;border-top-color:#eee;width:80%;border-top-style:solid;}<\/style>\n<div class=\"wp-block-kadence-spacer aligncenter kt-block-spacer-193_5b5299-e2\"><div class=\"kt-block-spacer kt-block-spacer-halign-center\"><hr class=\"kt-divider\" \/><\/div><\/div>\n\n\n\n<div class=\"wp-block-columns is-layout-flex wp-container-core-columns-is-layout-28f84493 wp-block-columns-is-layout-flex\">\n<div class=\"wp-block-column is-layout-flow wp-block-column-is-layout-flow\">\n<h2 class=\"wp-block-heading\">ROTA\u013bU LAUKUMS UN \u0100RA TRENA\u017dIERI<\/h2>\n\n\n\n<p class=\"has-medium-font-size\">Maz\u0101kajiem parka apmekl\u0113t\u0101jiem patiks rota\u013cu laukumi \u2013 da\u017e\u0101da veida \u0161\u016bpoles, pak\u0101pieni l\u012bdzsvara tren\u0113\u0161anai, r\u0101p\u0161an\u0101s t\u012bkls, slidkalni\u0146\u0161, batuts un v\u0113l citi elementi. Laukums b\u0113rniem v\u0113l tiks papildin\u0101ts ar vair\u0101kiem rota\u013cu elementiem. Turpat ir fitnesa zona un \u0101ra trena\u017eieri, dodot iesp\u0113ju vec\u0101kiem nodarboties ar sportu, vienlaikus pieskatot mazu\u013cus rota\u013c\u0101jamies, vai \u0123imenei sportojot kop\u0101. \u0160aj\u0101 parka da\u013c\u0101 ir pievilk\u0161an\u0101s stie\u0146i, l\u012bdztekas, galda teniss un v\u0113l citas iek\u0101rtas, kas pal\u012bdz\u0113s k\u0101rt\u012bgi izkust\u0113ties.&nbsp;<\/p>\n<\/div>\n\n\n\n<div class=\"wp-block-column is-layout-flow wp-block-column-is-layout-flow\">\n<figure class=\"wp-block-image size-large\"><img loading=\"lazy\" decoding=\"async\" width=\"1024\" height=\"774\" src=\"https:\/\/izglitiba.valmierasnovads.lv\/vinda\/wp-content\/uploads\/sites\/45\/2026\/05\/Mezs4-1024x774.jpg\" alt=\"\" class=\"wp-image-197\" srcset=\"https:\/\/izglitiba.valmierasnovads.lv\/vinda\/wp-content\/uploads\/sites\/45\/2026\/05\/Mezs4-1024x774.jpg 1024w, https:\/\/izglitiba.valmierasnovads.lv\/vinda\/wp-content\/uploads\/sites\/45\/2026\/05\/Mezs4-300x227.jpg 300w, https:\/\/izglitiba.valmierasnovads.lv\/vinda\/wp-content\/uploads\/sites\/45\/2026\/05\/Mezs4-768x580.jpg 768w, https:\/\/izglitiba.valmierasnovads.lv\/vinda\/wp-content\/uploads\/sites\/45\/2026\/05\/Mezs4.jpg 1280w\" sizes=\"auto, (max-width: 1024px) 100vw, 1024px\" \/><\/figure>\n<\/div>\n<\/div>\n\n\n\n<pre class=\"wp-block-preformatted has-medium-font-size\">Seko mums soci\u0101lajos t\u012bklos @parksmezs<\/pre>\n","protected":false},"excerpt":{"rendered":"<p>Dodoties pa R\u012bgas ielu Valmier\u0101, paveras diezgan neparasta aina \u2013 k\u0101d\u0101 br\u012bd\u012b g\u0101j\u0113js ir vien\u0101 l\u012bmen\u012b ar koku galotn\u0113m. Ieskatoties [&hellip;]<\/p>\n","protected":false},"author":4,"featured_media":0,"parent":0,"menu_order":0,"comment_status":"closed","ping_status":"closed","template":"","meta":{"_acf_changed":false,"site-sidebar-layout":"default","site-content-layout":"","ast-site-content-layout":"default","site-content-style":"default","site-sidebar-style":"default","ast-global-header-display":"","ast-banner-title-visibility":"","ast-main-header-display":"","ast-hfb-above-header-display":"","ast-hfb-below-header-display":"","ast-hfb-mobile-header-display":"","site-post-title":"","ast-breadcrumbs-content":"","ast-featured-img":"","footer-sml-layout":"","ast-disable-related-posts":"","theme-transparent-header-meta":"","adv-header-id-meta":"","stick-header-meta":"","header-above-stick-meta":"","header-main-stick-meta":"","header-below-stick-meta":"","astra-migrate-meta-layouts":"default","ast-page-background-enabled":"default","ast-page-background-meta":{"desktop":{"background-color":"var(--ast-global-color-5)","background-image":"","background-repeat":"repeat","background-position":"center center","background-size":"auto","background-attachment":"scroll","background-type":"","background-media":"","overlay-type":"","overlay-color":"","overlay-opacity":"","overlay-gradient":""},"tablet":{"background-color":"","background-image":"","background-repeat":"repeat","background-position":"center center","background-size":"auto","background-attachment":"scroll","background-type":"","background-media":"","overlay-type":"","overlay-color":"","overlay-opacity":"","overlay-gradient":""},"mobile":{"background-color":"","background-image":"","background-repeat":"repeat","background-position":"center center","background-size":"auto","background-attachment":"scroll","background-type":"","background-media":"","overlay-type":"","overlay-color":"","overlay-opacity":"","overlay-gradient":""}},"ast-content-background-meta":{"desktop":{"background-color":"var(--ast-global-color-4)","background-image":"","background-repeat":"repeat","background-position":"center center","background-size":"auto","background-attachment":"scroll","background-type":"","background-media":"","overlay-type":"","overlay-color":"","overlay-opacity":"","overlay-gradient":""},"tablet":{"background-color":"var(--ast-global-color-4)","background-image":"","background-repeat":"repeat","background-position":"center center","background-size":"auto","background-attachment":"scroll","background-type":"","background-media":"","overlay-type":"","overlay-color":"","overlay-opacity":"","overlay-gradient":""},"mobile":{"background-color":"var(--ast-global-color-4)","background-image":"","background-repeat":"repeat","background-position":"center center","background-size":"auto","background-attachment":"scroll","background-type":"","background-media":"","overlay-type":"","overlay-color":"","overlay-opacity":"","overlay-gradient":""}},"footnotes":""},"class_list":["post-193","page","type-page","status-publish","hentry"],"acf":[],"yoast_head":"<!-- This site is optimized with the Yoast SEO plugin v27.0 - https:\/\/yoast.com\/product\/yoast-seo-wordpress\/ -->\n<title>Sporta un akt\u012bv\u0101s atp\u016btas parks &quot;ME\u017dS&quot; - Valmieras Jaunatnes centrs \u201eVinda&quot;<\/title>\n<meta name=\"robots\" content=\"index, follow, max-snippet:-1, max-image-preview:large, max-video-preview:-1\" \/>\n<link rel=\"canonical\" href=\"https:\/\/izglitiba.valmierasnovads.lv\/vinda\/sporta-un-aktivas-atputas-parks-mezs\/\" \/>\n<meta property=\"og:locale\" content=\"lv_LV\" \/>\n<meta property=\"og:type\" content=\"article\" \/>\n<meta property=\"og:title\" content=\"Sporta un akt\u012bv\u0101s atp\u016btas parks &quot;ME\u017dS&quot; - Valmieras Jaunatnes centrs \u201eVinda&quot;\" \/>\n<meta property=\"og:description\" content=\"Dodoties pa R\u012bgas ielu Valmier\u0101, paveras diezgan neparasta aina \u2013 k\u0101d\u0101 br\u012bd\u012b g\u0101j\u0113js ir vien\u0101 l\u012bmen\u012b ar koku galotn\u0113m. Ieskatoties [&hellip;]\" \/>\n<meta property=\"og:url\" content=\"https:\/\/izglitiba.valmierasnovads.lv\/vinda\/sporta-un-aktivas-atputas-parks-mezs\/\" \/>\n<meta property=\"og:site_name\" content=\"Valmieras Jaunatnes centrs \u201eVinda&quot;\" \/>\n<meta property=\"article:modified_time\" content=\"2026-05-14T10:38:43+00:00\" \/>\n<meta property=\"og:image\" content=\"https:\/\/izglitiba.valmierasnovads.lv\/vinda\/wp-content\/uploads\/sites\/45\/2026\/05\/Mezs1.jpg\" \/>\n\t<meta property=\"og:image:width\" content=\"1280\" \/>\n\t<meta property=\"og:image:height\" content=\"952\" \/>\n\t<meta property=\"og:image:type\" content=\"image\/jpeg\" \/>\n<meta name=\"twitter:card\" content=\"summary_large_image\" \/>\n<meta name=\"twitter:label1\" content=\"Est. reading time\" \/>\n\t<meta name=\"twitter:data1\" content=\"3 min\u016btes\" \/>\n<script type=\"application\/ld+json\" class=\"yoast-schema-graph\">{\"@context\":\"https:\/\/schema.org\",\"@graph\":[{\"@type\":\"WebPage\",\"@id\":\"https:\/\/izglitiba.valmierasnovads.lv\/vinda\/sporta-un-aktivas-atputas-parks-mezs\/\",\"url\":\"https:\/\/izglitiba.valmierasnovads.lv\/vinda\/sporta-un-aktivas-atputas-parks-mezs\/\",\"name\":\"Sporta un akt\u012bv\u0101s atp\u016btas parks \\\"ME\u017dS\\\" - Valmieras Jaunatnes centrs \u201eVinda&quot;\",\"isPartOf\":{\"@id\":\"https:\/\/izglitiba.valmierasnovads.lv\/vinda\/#website\"},\"primaryImageOfPage\":{\"@id\":\"https:\/\/izglitiba.valmierasnovads.lv\/vinda\/sporta-un-aktivas-atputas-parks-mezs\/#primaryimage\"},\"image\":{\"@id\":\"https:\/\/izglitiba.valmierasnovads.lv\/vinda\/sporta-un-aktivas-atputas-parks-mezs\/#primaryimage\"},\"thumbnailUrl\":\"https:\/\/izglitiba.valmierasnovads.lv\/vinda\/wp-content\/uploads\/sites\/45\/2026\/05\/Mezs1-1024x762.jpg\",\"datePublished\":\"2026-05-14T10:36:42+00:00\",\"dateModified\":\"2026-05-14T10:38:43+00:00\",\"breadcrumb\":{\"@id\":\"https:\/\/izglitiba.valmierasnovads.lv\/vinda\/sporta-un-aktivas-atputas-parks-mezs\/#breadcrumb\"},\"inLanguage\":\"lv-LV\",\"potentialAction\":[{\"@type\":\"ReadAction\",\"target\":[\"https:\/\/izglitiba.valmierasnovads.lv\/vinda\/sporta-un-aktivas-atputas-parks-mezs\/\"]}]},{\"@type\":\"ImageObject\",\"inLanguage\":\"lv-LV\",\"@id\":\"https:\/\/izglitiba.valmierasnovads.lv\/vinda\/sporta-un-aktivas-atputas-parks-mezs\/#primaryimage\",\"url\":\"https:\/\/izglitiba.valmierasnovads.lv\/vinda\/wp-content\/uploads\/sites\/45\/2026\/05\/Mezs1.jpg\",\"contentUrl\":\"https:\/\/izglitiba.valmierasnovads.lv\/vinda\/wp-content\/uploads\/sites\/45\/2026\/05\/Mezs1.jpg\",\"width\":1280,\"height\":952},{\"@type\":\"BreadcrumbList\",\"@id\":\"https:\/\/izglitiba.valmierasnovads.lv\/vinda\/sporta-un-aktivas-atputas-parks-mezs\/#breadcrumb\",\"itemListElement\":[{\"@type\":\"ListItem\",\"position\":1,\"name\":\"Home\",\"item\":\"https:\/\/izglitiba.valmierasnovads.lv\/vinda\/\"},{\"@type\":\"ListItem\",\"position\":2,\"name\":\"Sporta un akt\u012bv\u0101s atp\u016btas parks &#8220;ME\u017dS&#8221;\"}]},{\"@type\":\"WebSite\",\"@id\":\"https:\/\/izglitiba.valmierasnovads.lv\/vinda\/#website\",\"url\":\"https:\/\/izglitiba.valmierasnovads.lv\/vinda\/\",\"name\":\"Valmieras Jaunatnes centrs \u201eVinda&quot;\",\"description\":\"\",\"publisher\":{\"@id\":\"https:\/\/izglitiba.valmierasnovads.lv\/vinda\/#organization\"},\"potentialAction\":[{\"@type\":\"SearchAction\",\"target\":{\"@type\":\"EntryPoint\",\"urlTemplate\":\"https:\/\/izglitiba.valmierasnovads.lv\/vinda\/?s={search_term_string}\"},\"query-input\":{\"@type\":\"PropertyValueSpecification\",\"valueRequired\":true,\"valueName\":\"search_term_string\"}}],\"inLanguage\":\"lv-LV\"},{\"@type\":\"Organization\",\"@id\":\"https:\/\/izglitiba.valmierasnovads.lv\/vinda\/#organization\",\"name\":\"Valmieras Jaunatnes centrs \u201eVinda&quot;\",\"url\":\"https:\/\/izglitiba.valmierasnovads.lv\/vinda\/\",\"logo\":{\"@type\":\"ImageObject\",\"inLanguage\":\"lv-LV\",\"@id\":\"https:\/\/izglitiba.valmierasnovads.lv\/vinda\/#\/schema\/logo\/image\/\",\"url\":\"https:\/\/izglitiba.valmierasnovads.lv\/vinda\/wp-content\/uploads\/sites\/45\/2026\/05\/vinda-logo-atjaunots.png\",\"contentUrl\":\"https:\/\/izglitiba.valmierasnovads.lv\/vinda\/wp-content\/uploads\/sites\/45\/2026\/05\/vinda-logo-atjaunots.png\",\"width\":2000,\"height\":2000,\"caption\":\"Valmieras Jaunatnes centrs \u201eVinda&quot;\"},\"image\":{\"@id\":\"https:\/\/izglitiba.valmierasnovads.lv\/vinda\/#\/schema\/logo\/image\/\"}}]}<\/script>\n<!-- \/ Yoast SEO plugin. -->","yoast_head_json":{"title":"Sporta un akt\u012bv\u0101s atp\u016btas parks \"ME\u017dS\" - Valmieras Jaunatnes centrs \u201eVinda&quot;","robots":{"index":"index","follow":"follow","max-snippet":"max-snippet:-1","max-image-preview":"max-image-preview:large","max-video-preview":"max-video-preview:-1"},"canonical":"https:\/\/izglitiba.valmierasnovads.lv\/vinda\/sporta-un-aktivas-atputas-parks-mezs\/","og_locale":"lv_LV","og_type":"article","og_title":"Sporta un akt\u012bv\u0101s atp\u016btas parks \"ME\u017dS\" - Valmieras Jaunatnes centrs \u201eVinda&quot;","og_description":"Dodoties pa R\u012bgas ielu Valmier\u0101, paveras diezgan neparasta aina \u2013 k\u0101d\u0101 br\u012bd\u012b g\u0101j\u0113js ir vien\u0101 l\u012bmen\u012b ar koku galotn\u0113m. Ieskatoties [&hellip;]","og_url":"https:\/\/izglitiba.valmierasnovads.lv\/vinda\/sporta-un-aktivas-atputas-parks-mezs\/","og_site_name":"Valmieras Jaunatnes centrs \u201eVinda&quot;","article_modified_time":"2026-05-14T10:38:43+00:00","og_image":[{"width":1280,"height":952,"url":"https:\/\/izglitiba.valmierasnovads.lv\/vinda\/wp-content\/uploads\/sites\/45\/2026\/05\/Mezs1.jpg","type":"image\/jpeg"}],"twitter_card":"summary_large_image","twitter_misc":{"Est. reading time":"3 min\u016btes"},"schema":{"@context":"https:\/\/schema.org","@graph":[{"@type":"WebPage","@id":"https:\/\/izglitiba.valmierasnovads.lv\/vinda\/sporta-un-aktivas-atputas-parks-mezs\/","url":"https:\/\/izglitiba.valmierasnovads.lv\/vinda\/sporta-un-aktivas-atputas-parks-mezs\/","name":"Sporta un akt\u012bv\u0101s atp\u016btas parks \"ME\u017dS\" - Valmieras Jaunatnes centrs \u201eVinda&quot;","isPartOf":{"@id":"https:\/\/izglitiba.valmierasnovads.lv\/vinda\/#website"},"primaryImageOfPage":{"@id":"https:\/\/izglitiba.valmierasnovads.lv\/vinda\/sporta-un-aktivas-atputas-parks-mezs\/#primaryimage"},"image":{"@id":"https:\/\/izglitiba.valmierasnovads.lv\/vinda\/sporta-un-aktivas-atputas-parks-mezs\/#primaryimage"},"thumbnailUrl":"https:\/\/izglitiba.valmierasnovads.lv\/vinda\/wp-content\/uploads\/sites\/45\/2026\/05\/Mezs1-1024x762.jpg","datePublished":"2026-05-14T10:36:42+00:00","dateModified":"2026-05-14T10:38:43+00:00","breadcrumb":{"@id":"https:\/\/izglitiba.valmierasnovads.lv\/vinda\/sporta-un-aktivas-atputas-parks-mezs\/#breadcrumb"},"inLanguage":"lv-LV","potentialAction":[{"@type":"ReadAction","target":["https:\/\/izglitiba.valmierasnovads.lv\/vinda\/sporta-un-aktivas-atputas-parks-mezs\/"]}]},{"@type":"ImageObject","inLanguage":"lv-LV","@id":"https:\/\/izglitiba.valmierasnovads.lv\/vinda\/sporta-un-aktivas-atputas-parks-mezs\/#primaryimage","url":"https:\/\/izglitiba.valmierasnovads.lv\/vinda\/wp-content\/uploads\/sites\/45\/2026\/05\/Mezs1.jpg","contentUrl":"https:\/\/izglitiba.valmierasnovads.lv\/vinda\/wp-content\/uploads\/sites\/45\/2026\/05\/Mezs1.jpg","width":1280,"height":952},{"@type":"BreadcrumbList","@id":"https:\/\/izglitiba.valmierasnovads.lv\/vinda\/sporta-un-aktivas-atputas-parks-mezs\/#breadcrumb","itemListElement":[{"@type":"ListItem","position":1,"name":"Home","item":"https:\/\/izglitiba.valmierasnovads.lv\/vinda\/"},{"@type":"ListItem","position":2,"name":"Sporta un akt\u012bv\u0101s atp\u016btas parks &#8220;ME\u017dS&#8221;"}]},{"@type":"WebSite","@id":"https:\/\/izglitiba.valmierasnovads.lv\/vinda\/#website","url":"https:\/\/izglitiba.valmierasnovads.lv\/vinda\/","name":"Valmieras Jaunatnes centrs \u201eVinda&quot;","description":"","publisher":{"@id":"https:\/\/izglitiba.valmierasnovads.lv\/vinda\/#organization"},"potentialAction":[{"@type":"SearchAction","target":{"@type":"EntryPoint","urlTemplate":"https:\/\/izglitiba.valmierasnovads.lv\/vinda\/?s={search_term_string}"},"query-input":{"@type":"PropertyValueSpecification","valueRequired":true,"valueName":"search_term_string"}}],"inLanguage":"lv-LV"},{"@type":"Organization","@id":"https:\/\/izglitiba.valmierasnovads.lv\/vinda\/#organization","name":"Valmieras Jaunatnes centrs \u201eVinda&quot;","url":"https:\/\/izglitiba.valmierasnovads.lv\/vinda\/","logo":{"@type":"ImageObject","inLanguage":"lv-LV","@id":"https:\/\/izglitiba.valmierasnovads.lv\/vinda\/#\/schema\/logo\/image\/","url":"https:\/\/izglitiba.valmierasnovads.lv\/vinda\/wp-content\/uploads\/sites\/45\/2026\/05\/vinda-logo-atjaunots.png","contentUrl":"https:\/\/izglitiba.valmierasnovads.lv\/vinda\/wp-content\/uploads\/sites\/45\/2026\/05\/vinda-logo-atjaunots.png","width":2000,"height":2000,"caption":"Valmieras Jaunatnes centrs \u201eVinda&quot;"},"image":{"@id":"https:\/\/izglitiba.valmierasnovads.lv\/vinda\/#\/schema\/logo\/image\/"}}]}},"_links":{"self":[{"href":"https:\/\/izglitiba.valmierasnovads.lv\/vinda\/wp-json\/wp\/v2\/pages\/193","targetHints":{"allow":["GET"]}}],"collection":[{"href":"https:\/\/izglitiba.valmierasnovads.lv\/vinda\/wp-json\/wp\/v2\/pages"}],"about":[{"href":"https:\/\/izglitiba.valmierasnovads.lv\/vinda\/wp-json\/wp\/v2\/types\/page"}],"author":[{"embeddable":true,"href":"https:\/\/izglitiba.valmierasnovads.lv\/vinda\/wp-json\/wp\/v2\/users\/4"}],"replies":[{"embeddable":true,"href":"https:\/\/izglitiba.valmierasnovads.lv\/vinda\/wp-json\/wp\/v2\/comments?post=193"}],"version-history":[{"count":3,"href":"https:\/\/izglitiba.valmierasnovads.lv\/vinda\/wp-json\/wp\/v2\/pages\/193\/revisions"}],"predecessor-version":[{"id":201,"href":"https:\/\/izglitiba.valmierasnovads.lv\/vinda\/wp-json\/wp\/v2\/pages\/193\/revisions\/201"}],"wp:attachment":[{"href":"https:\/\/izglitiba.valmierasnovads.lv\/vinda\/wp-json\/wp\/v2\/media?parent=193"}],"curies":[{"name":"wp","href":"https:\/\/api.w.org\/{rel}","templated":true}]}}