{"id":7,"date":"2026-04-29T13:38:39","date_gmt":"2026-04-29T10:38:39","guid":{"rendered":"https:\/\/izglitiba.valmierasnovads.lv\/vinda\/sakumlapa\/"},"modified":"2026-05-14T14:07:16","modified_gmt":"2026-05-14T11:07:16","slug":"sakumlapa","status":"publish","type":"page","link":"https:\/\/izglitiba.valmierasnovads.lv\/vinda\/","title":{"rendered":"S\u0101kumlapa"},"content":{"rendered":"\n<div class=\"main-slider\">\n    <div><img decoding=\"async\" src=\"https:\/\/izglitiba.valmierasnovads.lv\/vinda\/wp-content\/uploads\/sites\/45\/2026\/04\/Vinda_sliderim-1.png\" alt=\"\"><\/div><\/div>\n\n\n<div id=\"quick_sites\">\n    <div class=\"quick_link_title\">\u0100tr\u0101s saites<\/div><div class=\"links-container\"><div class=\"quick_site_link\"><a href=\"https:\/\/izglitiba.valmierasnovads.lv\/vinda\/sporta-un-aktivas-atputas-parks-mezs\/\">SAAP Me\u017es<\/a><\/div><div class=\"quick_site_link\"><a href=\"https:\/\/izglitiba.valmierasnovads.lv\/vinda\/pieauguso-neformala-izglitiba\/\">Pieaugu\u0161o neform\u0101l\u0101 izgl\u012bt\u012bba<\/a><\/div><\/div><\/div>\n<div id=\"quick_sites_line\"><\/div>\n\n\n<div class=\"news-slider-wrapper\">\n    <h2>Jaunumi<\/h2>\n    <p class=\"link\"><a href=\"https:\/\/izglitiba.valmierasnovads.lv\/vinda\/jaunumi\" title=\"Las\u012bt visus jaunumus\">Las\u012bt visus<\/a><\/p>\n    <div class=\"news-slider\">\n        <div class=\"item\"><a href=\"https:\/\/izglitiba.valmierasnovads.lv\/vinda\/jauna-majas-lapa\/\">\n                        <div class=\"item-image\"><img decoding=\"async\" src=\" https:\/\/izglitiba.valmierasnovads.lv\/vinda\/wp-content\/uploads\/sites\/45\/2026\/04\/Vinda_sliderim-1.png \" \/><\/div><div class=\"item-title\">Jaun\u0101 m\u0101jas lapa<\/div><div class=\"item-date\">29.04.2026<\/div><div class=\"item-description\">Valmieras Jaunatnes centrs \u201eVinda&#8221; izveidota jauna m\u0101jas lapa<\/div>\n                        <\/a><div class=\"item-link\"><a href=\"https:\/\/izglitiba.valmierasnovads.lv\/vinda\/jauna-majas-lapa\/\">Las\u012bt vair\u0101k<\/a><\/div><\/div>    <\/div>\n<\/div>   \n\n\n\n\n\n<div class='line-wrapper'>\n<\/div>\n<div class=\"events-slider-wrapper\">\n    <h2>Notikumi<\/h2>\n    <p class=\"link\"><a href=\"https:\/\/izglitiba.valmierasnovads.lv\/vinda\/notikumi\" title=\"Skat\u012bt visus notikumus\">Skat\u012bt visus<\/a><\/p>\n    <div class=\"event-slider\">\n            <\/div>\n<\/div>   \n\n\n<div class='line-wrapper'>\n<\/div>\n<div class=\"poster-slider-wrapper\">\n    <h2>Afi\u0161a<\/h2>\n    <p class=\"link\"><a href=\"https:\/\/izglitiba.valmierasnovads.lv\/vinda\/afisas\" title=\"Skat\u012bt visas galerijas\">Skat\u012bt visas<\/a><\/p>\n    <div class=\"poster-slider\">\n            <\/div>\n    <div style=\"display: hidden;\">\n            <\/div>\n<\/div>\n\n\n\n<div class='line-wrapper'>\n<\/div>\n<div class=\"gallery-slider-wrapper\">\n<h2>Galerija<\/h2>\n<p class=\"link\"><a href=\"https:\/\/izglitiba.valmierasnovads.lv\/vinda\/galerijas\" title=\"Skat\u012bt visas galerijas\">Skat\u012bt visas<\/a><\/p>\n<div class=\"gallery-slider\">\n    <div class=\"item\"><div class=\"item-image\"><a href=\"https:\/\/izglitiba.valmierasnovads.lv\/vinda\/galery\/calis-2026\/\"><img decoding=\"async\" src=\" https:\/\/izglitiba.valmierasnovads.lv\/vinda\/wp-content\/uploads\/sites\/45\/2026\/05\/5G4B8000-Enhanced-NR-scaled.jpg \" \/><div class=\"item-description\"><div class=\"item-title\">&#8220;C\u0101l\u012b\u0161i pulci\u0146\u0101&#8221; 2026<\/div><div class=\"item-count\">312 att\u0113li<\/div><\/div><\/a><\/div><div class=\"item-bottom\"><\/div><\/div><\/div>\n<\/div>\n\n\n<div class='line-wrapper'>\n<\/div>\n<div class=\"partner-slider-wrapper\">\n    <div class=\"partner-slider\">\n        <div class=\"item\"><div class=\"item-logo\"><a href=\"https:\/\/www.e-klase.lv\/\"><img decoding=\"async\" src=\"https:\/\/izglitiba.valmierasnovads.lv\/vinda\/wp-content\/uploads\/sites\/45\/2026\/05\/E-klase.jpg\" alt=\"E-klase\" \/><\/a><\/div><\/div><div class=\"item\"><div class=\"item-logo\"><a href=\"https:\/\/www.valmierasnovads.lv\/\"><img decoding=\"async\" src=\"https:\/\/izglitiba.valmierasnovads.lv\/vinda\/wp-content\/uploads\/sites\/45\/2026\/05\/valmieras_novads.jpg\" alt=\"Valmieras novads\" \/><\/a><\/div><\/div><div class=\"item\"><div class=\"item-logo\"><a href=\"https:\/\/www.valmiera-glass.com\/lv\/\"><img decoding=\"async\" src=\"https:\/\/izglitiba.valmierasnovads.lv\/vinda\/wp-content\/uploads\/sites\/45\/2026\/05\/Valm_stikla_skiedra-1.jpg\" alt=\"Valmieras stikla \u0161\u0137iedra\" \/><\/a><\/div><\/div><div class=\"item\"><div class=\"item-logo\"><a href=\"https:\/\/www.lizda.lv\/\"><img decoding=\"async\" src=\"https:\/\/izglitiba.valmierasnovads.lv\/vinda\/wp-content\/uploads\/sites\/45\/2026\/05\/lizda.jpg\" alt=\"LIZDA\" \/><\/a><\/div><\/div><div class=\"item\"><div class=\"item-logo\"><a href=\"https:\/\/www.izm.gov.lv\/lv\"><img decoding=\"async\" src=\"https:\/\/izglitiba.valmierasnovads.lv\/vinda\/wp-content\/uploads\/sites\/45\/2026\/05\/izm.jpg\" alt=\"IZM\" \/><\/a><\/div><\/div><div class=\"item\"><div class=\"item-logo\"><a href=\"https:\/\/www.visc.gov.lv\/\"><img decoding=\"async\" src=\"https:\/\/izglitiba.valmierasnovads.lv\/vinda\/wp-content\/uploads\/sites\/45\/2026\/05\/visc.jpg\" alt=\"VISC\" \/><\/a><\/div><\/div>    <\/div>\n<\/div>","protected":false},"excerpt":{"rendered":"","protected":false},"author":1,"featured_media":0,"parent":0,"menu_order":0,"comment_status":"closed","ping_status":"closed","template":"","meta":{"_acf_changed":false,"site-sidebar-layout":"default","site-content-layout":"","ast-site-content-layout":"default","site-content-style":"default","site-sidebar-style":"default","ast-global-header-display":"","ast-banner-title-visibility":"","ast-main-header-display":"","ast-hfb-above-header-display":"","ast-hfb-below-header-display":"","ast-hfb-mobile-header-display":"","site-post-title":"","ast-breadcrumbs-content":"","ast-featured-img":"","footer-sml-layout":"","ast-disable-related-posts":"","theme-transparent-header-meta":"","adv-header-id-meta":"","stick-header-meta":"","header-above-stick-meta":"","header-main-stick-meta":"","header-below-stick-meta":"","astra-migrate-meta-layouts":"default","ast-page-background-enabled":"default","ast-page-background-meta":{"desktop":{"background-color":"var(--ast-global-color-5)","background-image":"","background-repeat":"repeat","background-position":"center center","background-size":"auto","background-attachment":"scroll","background-type":"","background-media":"","overlay-type":"","overlay-color":"","overlay-opacity":"","overlay-gradient":""},"tablet":{"background-color":"","background-image":"","background-repeat":"repeat","background-position":"center center","background-size":"auto","background-attachment":"scroll","background-type":"","background-media":"","overlay-type":"","overlay-color":"","overlay-opacity":"","overlay-gradient":""},"mobile":{"background-color":"","background-image":"","background-repeat":"repeat","background-position":"center center","background-size":"auto","background-attachment":"scroll","background-type":"","background-media":"","overlay-type":"","overlay-color":"","overlay-opacity":"","overlay-gradient":""}},"ast-content-background-meta":{"desktop":{"background-color":"var(--ast-global-color-4)","background-image":"","background-repeat":"repeat","background-position":"center center","background-size":"auto","background-attachment":"scroll","background-type":"","background-media":"","overlay-type":"","overlay-color":"","overlay-opacity":"","overlay-gradient":""},"tablet":{"background-color":"var(--ast-global-color-4)","background-image":"","background-repeat":"repeat","background-position":"center center","background-size":"auto","background-attachment":"scroll","background-type":"","background-media":"","overlay-type":"","overlay-color":"","overlay-opacity":"","overlay-gradient":""},"mobile":{"background-color":"var(--ast-global-color-4)","background-image":"","background-repeat":"repeat","background-position":"center center","background-size":"auto","background-attachment":"scroll","background-type":"","background-media":"","overlay-type":"","overlay-color":"","overlay-opacity":"","overlay-gradient":""}},"footnotes":""},"class_list":["post-7","page","type-page","status-publish","hentry"],"acf":[],"yoast_head":"<!-- This site is optimized with the Yoast SEO plugin v27.0 - https:\/\/yoast.com\/product\/yoast-seo-wordpress\/ -->\n<title>S\u0101kumlapa - Valmieras Jaunatnes centrs \u201eVinda&quot;<\/title>\n<meta name=\"robots\" content=\"index, follow, max-snippet:-1, max-image-preview:large, max-video-preview:-1\" \/>\n<link rel=\"canonical\" href=\"https:\/\/izglitiba.valmierasnovads.lv\/vinda\/\" \/>\n<meta property=\"og:locale\" content=\"lv_LV\" \/>\n<meta property=\"og:type\" content=\"article\" \/>\n<meta property=\"og:title\" content=\"S\u0101kumlapa - Valmieras Jaunatnes centrs \u201eVinda&quot;\" \/>\n<meta property=\"og:url\" content=\"https:\/\/izglitiba.valmierasnovads.lv\/vinda\/\" \/>\n<meta property=\"og:site_name\" content=\"Valmieras Jaunatnes centrs \u201eVinda&quot;\" \/>\n<meta property=\"article:modified_time\" content=\"2026-05-14T11:07:16+00:00\" \/>\n<meta name=\"twitter:card\" content=\"summary_large_image\" \/>\n<script type=\"application\/ld+json\" class=\"yoast-schema-graph\">{\"@context\":\"https:\/\/schema.org\",\"@graph\":[{\"@type\":\"WebPage\",\"@id\":\"https:\/\/izglitiba.valmierasnovads.lv\/vinda\/\",\"url\":\"https:\/\/izglitiba.valmierasnovads.lv\/vinda\/\",\"name\":\"S\u0101kumlapa - Valmieras Jaunatnes centrs \u201eVinda&quot;\",\"isPartOf\":{\"@id\":\"https:\/\/izglitiba.valmierasnovads.lv\/vinda\/#website\"},\"datePublished\":\"2026-04-29T10:38:39+00:00\",\"dateModified\":\"2026-05-14T11:07:16+00:00\",\"breadcrumb\":{\"@id\":\"https:\/\/izglitiba.valmierasnovads.lv\/vinda\/#breadcrumb\"},\"inLanguage\":\"lv-LV\",\"potentialAction\":[{\"@type\":\"ReadAction\",\"target\":[\"https:\/\/izglitiba.valmierasnovads.lv\/vinda\/\"]}]},{\"@type\":\"BreadcrumbList\",\"@id\":\"https:\/\/izglitiba.valmierasnovads.lv\/vinda\/#breadcrumb\",\"itemListElement\":[{\"@type\":\"ListItem\",\"position\":1,\"name\":\"Home\",\"item\":\"https:\/\/izglitiba.valmierasnovads.lv\/vinda\/\"},{\"@type\":\"ListItem\",\"position\":2,\"name\":\"S\u0101kumlapa\"}]},{\"@type\":\"WebSite\",\"@id\":\"https:\/\/izglitiba.valmierasnovads.lv\/vinda\/#website\",\"url\":\"https:\/\/izglitiba.valmierasnovads.lv\/vinda\/\",\"name\":\"Valmieras Jaunatnes centrs \u201eVinda&quot;\",\"description\":\"\",\"publisher\":{\"@id\":\"https:\/\/izglitiba.valmierasnovads.lv\/vinda\/#organization\"},\"potentialAction\":[{\"@type\":\"SearchAction\",\"target\":{\"@type\":\"EntryPoint\",\"urlTemplate\":\"https:\/\/izglitiba.valmierasnovads.lv\/vinda\/?s={search_term_string}\"},\"query-input\":{\"@type\":\"PropertyValueSpecification\",\"valueRequired\":true,\"valueName\":\"search_term_string\"}}],\"inLanguage\":\"lv-LV\"},{\"@type\":\"Organization\",\"@id\":\"https:\/\/izglitiba.valmierasnovads.lv\/vinda\/#organization\",\"name\":\"Valmieras Jaunatnes centrs \u201eVinda&quot;\",\"url\":\"https:\/\/izglitiba.valmierasnovads.lv\/vinda\/\",\"logo\":{\"@type\":\"ImageObject\",\"inLanguage\":\"lv-LV\",\"@id\":\"https:\/\/izglitiba.valmierasnovads.lv\/vinda\/#\/schema\/logo\/image\/\",\"url\":\"https:\/\/izglitiba.valmierasnovads.lv\/vinda\/wp-content\/uploads\/sites\/45\/2026\/05\/vinda-logo-atjaunots.png\",\"contentUrl\":\"https:\/\/izglitiba.valmierasnovads.lv\/vinda\/wp-content\/uploads\/sites\/45\/2026\/05\/vinda-logo-atjaunots.png\",\"width\":2000,\"height\":2000,\"caption\":\"Valmieras Jaunatnes centrs \u201eVinda&quot;\"},\"image\":{\"@id\":\"https:\/\/izglitiba.valmierasnovads.lv\/vinda\/#\/schema\/logo\/image\/\"}}]}<\/script>\n<!-- \/ Yoast SEO plugin. -->","yoast_head_json":{"title":"S\u0101kumlapa - Valmieras Jaunatnes centrs \u201eVinda&quot;","robots":{"index":"index","follow":"follow","max-snippet":"max-snippet:-1","max-image-preview":"max-image-preview:large","max-video-preview":"max-video-preview:-1"},"canonical":"https:\/\/izglitiba.valmierasnovads.lv\/vinda\/","og_locale":"lv_LV","og_type":"article","og_title":"S\u0101kumlapa - Valmieras Jaunatnes centrs \u201eVinda&quot;","og_url":"https:\/\/izglitiba.valmierasnovads.lv\/vinda\/","og_site_name":"Valmieras Jaunatnes centrs \u201eVinda&quot;","article_modified_time":"2026-05-14T11:07:16+00:00","twitter_card":"summary_large_image","schema":{"@context":"https:\/\/schema.org","@graph":[{"@type":"WebPage","@id":"https:\/\/izglitiba.valmierasnovads.lv\/vinda\/","url":"https:\/\/izglitiba.valmierasnovads.lv\/vinda\/","name":"S\u0101kumlapa - Valmieras Jaunatnes centrs \u201eVinda&quot;","isPartOf":{"@id":"https:\/\/izglitiba.valmierasnovads.lv\/vinda\/#website"},"datePublished":"2026-04-29T10:38:39+00:00","dateModified":"2026-05-14T11:07:16+00:00","breadcrumb":{"@id":"https:\/\/izglitiba.valmierasnovads.lv\/vinda\/#breadcrumb"},"inLanguage":"lv-LV","potentialAction":[{"@type":"ReadAction","target":["https:\/\/izglitiba.valmierasnovads.lv\/vinda\/"]}]},{"@type":"BreadcrumbList","@id":"https:\/\/izglitiba.valmierasnovads.lv\/vinda\/#breadcrumb","itemListElement":[{"@type":"ListItem","position":1,"name":"Home","item":"https:\/\/izglitiba.valmierasnovads.lv\/vinda\/"},{"@type":"ListItem","position":2,"name":"S\u0101kumlapa"}]},{"@type":"WebSite","@id":"https:\/\/izglitiba.valmierasnovads.lv\/vinda\/#website","url":"https:\/\/izglitiba.valmierasnovads.lv\/vinda\/","name":"Valmieras Jaunatnes centrs \u201eVinda&quot;","description":"","publisher":{"@id":"https:\/\/izglitiba.valmierasnovads.lv\/vinda\/#organization"},"potentialAction":[{"@type":"SearchAction","target":{"@type":"EntryPoint","urlTemplate":"https:\/\/izglitiba.valmierasnovads.lv\/vinda\/?s={search_term_string}"},"query-input":{"@type":"PropertyValueSpecification","valueRequired":true,"valueName":"search_term_string"}}],"inLanguage":"lv-LV"},{"@type":"Organization","@id":"https:\/\/izglitiba.valmierasnovads.lv\/vinda\/#organization","name":"Valmieras Jaunatnes centrs \u201eVinda&quot;","url":"https:\/\/izglitiba.valmierasnovads.lv\/vinda\/","logo":{"@type":"ImageObject","inLanguage":"lv-LV","@id":"https:\/\/izglitiba.valmierasnovads.lv\/vinda\/#\/schema\/logo\/image\/","url":"https:\/\/izglitiba.valmierasnovads.lv\/vinda\/wp-content\/uploads\/sites\/45\/2026\/05\/vinda-logo-atjaunots.png","contentUrl":"https:\/\/izglitiba.valmierasnovads.lv\/vinda\/wp-content\/uploads\/sites\/45\/2026\/05\/vinda-logo-atjaunots.png","width":2000,"height":2000,"caption":"Valmieras Jaunatnes centrs \u201eVinda&quot;"},"image":{"@id":"https:\/\/izglitiba.valmierasnovads.lv\/vinda\/#\/schema\/logo\/image\/"}}]}},"_links":{"self":[{"href":"https:\/\/izglitiba.valmierasnovads.lv\/vinda\/wp-json\/wp\/v2\/pages\/7","targetHints":{"allow":["GET"]}}],"collection":[{"href":"https:\/\/izglitiba.valmierasnovads.lv\/vinda\/wp-json\/wp\/v2\/pages"}],"about":[{"href":"https:\/\/izglitiba.valmierasnovads.lv\/vinda\/wp-json\/wp\/v2\/types\/page"}],"author":[{"embeddable":true,"href":"https:\/\/izglitiba.valmierasnovads.lv\/vinda\/wp-json\/wp\/v2\/users\/1"}],"replies":[{"embeddable":true,"href":"https:\/\/izglitiba.valmierasnovads.lv\/vinda\/wp-json\/wp\/v2\/comments?post=7"}],"version-history":[{"count":4,"href":"https:\/\/izglitiba.valmierasnovads.lv\/vinda\/wp-json\/wp\/v2\/pages\/7\/revisions"}],"predecessor-version":[{"id":222,"href":"https:\/\/izglitiba.valmierasnovads.lv\/vinda\/wp-json\/wp\/v2\/pages\/7\/revisions\/222"}],"wp:attachment":[{"href":"https:\/\/izglitiba.valmierasnovads.lv\/vinda\/wp-json\/wp\/v2\/media?parent=7"}],"curies":[{"name":"wp","href":"https:\/\/api.w.org\/{rel}","templated":true}]}}