{"id":75,"date":"2026-05-14T10:16:35","date_gmt":"2026-05-14T07:16:35","guid":{"rendered":"https:\/\/izglitiba.valmierasnovads.lv\/vinda\/?page_id=75"},"modified":"2026-05-14T10:31:58","modified_gmt":"2026-05-14T07:31:58","slug":"normativie-dokumenti","status":"publish","type":"page","link":"https:\/\/izglitiba.valmierasnovads.lv\/vinda\/normativie-dokumenti\/","title":{"rendered":"Normat\u012bvie dokumenti"},"content":{"rendered":"\n<h2 class=\"wp-block-heading\">ATT\u012aST\u012aBAS PL\u0100NS<\/h2>\n\n\n<style>.wp-block-kadence-iconlist.kt-svg-icon-list-items75_5cea38-19:not(.this-stops-third-party-issues){margin-top:0px;margin-bottom:0px;}.wp-block-kadence-iconlist.kt-svg-icon-list-items75_5cea38-19 ul.kt-svg-icon-list:not(.this-prevents-issues):not(.this-stops-third-party-issues):not(.tijsloc){margin-top:0px;margin-right:0px;margin-bottom:var(--global-kb-spacing-sm, 1.5rem);margin-left:0px;}.wp-block-kadence-iconlist.kt-svg-icon-list-items75_5cea38-19 ul.kt-svg-icon-list{grid-row-gap:5px;}.wp-block-kadence-iconlist.kt-svg-icon-list-items75_5cea38-19 ul.kt-svg-icon-list .kt-svg-icon-list-item-wrap .kt-svg-icon-list-single{margin-right:10px;}.kt-svg-icon-list-items75_5cea38-19 ul.kt-svg-icon-list .kt-svg-icon-list-item-wrap, .kt-svg-icon-list-items75_5cea38-19 ul.kt-svg-icon-list .kt-svg-icon-list-item-wrap a{font-size:var(--global-kb-font-size-md, 1.25rem);text-transform:uppercase;}.kt-svg-icon-list-items75_5cea38-19 ul.kt-svg-icon-list .kt-svg-icon-list-level-0 .kt-svg-icon-list-single svg{font-size:20px;}.wp-block-kadence-iconlist.kt-svg-icon-list-items75_5cea38-19 .wp-block-kadence-listitem a{text-decoration:none;}.wp-block-kadence-iconlist.kt-svg-icon-list-items75_5cea38-19 .wp-block-kadence-listitem a:hover{text-decoration:underline;}.wp-block-kadence-iconlist.kt-svg-icon-list-items75_5cea38-19 ul.kt-svg-icon-list .wp-block-kadence-listitem a{color:var(--ast-global-color-8);}.wp-block-kadence-iconlist.kt-svg-icon-list-items75_5cea38-19 ul.kt-svg-icon-list .wp-block-kadence-listitem a:hover{color:var(--ast-global-color-8);}<\/style>\n<div class=\"wp-block-kadence-iconlist kt-svg-icon-list-items kt-svg-icon-list-items75_5cea38-19 kt-svg-icon-list-columns-1 alignnone\"><ul class=\"kt-svg-icon-list\"><style>.kt-svg-icon-list-item-75_e80e33-7c .kt-svg-icon-list-text mark.kt-highlight{background-color:unset;font-style:normal;color:#f76a0c;-webkit-box-decoration-break:clone;box-decoration-break:clone;padding-top:0px;padding-right:0px;padding-bottom:0px;padding-left:0px;}<\/style>\n<li class=\"wp-block-kadence-listitem kt-svg-icon-list-item-wrap kt-svg-icon-list-item-75_e80e33-7c\"><span class=\"kb-svg-icon-wrap kb-svg-icon-fe_link kt-svg-icon-list-single\"><svg viewBox=\"0 0 24 24\"  fill=\"none\" stroke=\"currentColor\" stroke-width=\"2\" stroke-linecap=\"round\" stroke-linejoin=\"round\" xmlns=\"http:\/\/www.w3.org\/2000\/svg\"  aria-hidden=\"true\"><path d=\"M10 13a5 5 0 0 0 7.54.54l3-3a5 5 0 0 0-7.07-7.07l-1.72 1.71\"\/><path d=\"M14 11a5 5 0 0 0-7.54-.54l-3 3a5 5 0 0 0 7.07 7.07l1.71-1.71\"\/><\/svg><\/span><span class=\"kt-svg-icon-list-text\"><a href=\"https:\/\/drive.google.com\/file\/d\/1tfkdNB7OFLRayQezoitilBO9gOVwArEx\/view?usp=sharing\" target=\"_blank\" rel=\"noreferrer noopener\">VJC &#8220;VINDA&#8221; ATT\u012aST\u012aBAS PL\u0100NS 2021.-2023.<\/a><\/span><\/li>\n<\/ul><\/div>\n\n\n\n<h2 class=\"wp-block-heading\">K\u0100RT\u012aBAS \/ NOTEIKUMI \/ KODEKSI<\/h2>\n\n\n<style>.wp-block-kadence-iconlist.kt-svg-icon-list-items75_044fc3-f4:not(.this-stops-third-party-issues){margin-top:0px;margin-bottom:0px;}.wp-block-kadence-iconlist.kt-svg-icon-list-items75_044fc3-f4 ul.kt-svg-icon-list:not(.this-prevents-issues):not(.this-stops-third-party-issues):not(.tijsloc){margin-top:0px;margin-right:0px;margin-bottom:var(--global-kb-spacing-sm, 1.5rem);margin-left:0px;}.wp-block-kadence-iconlist.kt-svg-icon-list-items75_044fc3-f4 ul.kt-svg-icon-list{grid-row-gap:5px;}.wp-block-kadence-iconlist.kt-svg-icon-list-items75_044fc3-f4 ul.kt-svg-icon-list .kt-svg-icon-list-item-wrap .kt-svg-icon-list-single{margin-right:10px;}.kt-svg-icon-list-items75_044fc3-f4 ul.kt-svg-icon-list .kt-svg-icon-list-item-wrap, .kt-svg-icon-list-items75_044fc3-f4 ul.kt-svg-icon-list .kt-svg-icon-list-item-wrap a{font-size:var(--global-kb-font-size-md, 1.25rem);text-transform:uppercase;}.kt-svg-icon-list-items75_044fc3-f4 ul.kt-svg-icon-list .kt-svg-icon-list-level-0 .kt-svg-icon-list-single svg{font-size:20px;}.wp-block-kadence-iconlist.kt-svg-icon-list-items75_044fc3-f4 .wp-block-kadence-listitem a{text-decoration:none;}.wp-block-kadence-iconlist.kt-svg-icon-list-items75_044fc3-f4 .wp-block-kadence-listitem a:hover{text-decoration:underline;}.wp-block-kadence-iconlist.kt-svg-icon-list-items75_044fc3-f4 ul.kt-svg-icon-list .wp-block-kadence-listitem a{color:var(--ast-global-color-8);}.wp-block-kadence-iconlist.kt-svg-icon-list-items75_044fc3-f4 ul.kt-svg-icon-list .wp-block-kadence-listitem a:hover{color:var(--ast-global-color-8);}<\/style>\n<div class=\"wp-block-kadence-iconlist kt-svg-icon-list-items kt-svg-icon-list-items75_044fc3-f4 kt-svg-icon-list-columns-1 alignnone\"><ul class=\"kt-svg-icon-list\"><style>.kt-svg-icon-list-item-75_002379-f9 .kt-svg-icon-list-text mark.kt-highlight{background-color:unset;font-style:normal;color:#f76a0c;-webkit-box-decoration-break:clone;box-decoration-break:clone;padding-top:0px;padding-right:0px;padding-bottom:0px;padding-left:0px;}<\/style>\n<li class=\"wp-block-kadence-listitem kt-svg-icon-list-item-wrap kt-svg-icon-list-item-75_002379-f9\"><span class=\"kb-svg-icon-wrap kb-svg-icon-fe_link kt-svg-icon-list-single\"><svg viewBox=\"0 0 24 24\"  fill=\"none\" stroke=\"currentColor\" stroke-width=\"2\" stroke-linecap=\"round\" stroke-linejoin=\"round\" xmlns=\"http:\/\/www.w3.org\/2000\/svg\"  aria-hidden=\"true\"><path d=\"M10 13a5 5 0 0 0 7.54.54l3-3a5 5 0 0 0-7.07-7.07l-1.72 1.71\"\/><path d=\"M14 11a5 5 0 0 0-7.54-.54l-3 3a5 5 0 0 0 7.07 7.07l1.71-1.71\"\/><\/svg><\/span><span class=\"kt-svg-icon-list-text\"><a href=\"https:\/\/drive.google.com\/file\/d\/1EyvrvO1OKVkP24dA-WSNGvv13dRCE6AY\/view?usp=sharing\" target=\"_blank\" rel=\"noreferrer noopener\">Sporta un akt\u012bv\u0101s atp\u016btas parka \u201cME\u017dS\u201d Iek\u0161\u0113j\u0101s k\u0101rt\u012bbas noteikumi<\/a><\/span><\/li>\n\n\n<style>.kt-svg-icon-list-item-75_ff0b3c-90 .kt-svg-icon-list-text mark.kt-highlight{background-color:unset;font-style:normal;color:#f76a0c;-webkit-box-decoration-break:clone;box-decoration-break:clone;padding-top:0px;padding-right:0px;padding-bottom:0px;padding-left:0px;}<\/style>\n<li class=\"wp-block-kadence-listitem kt-svg-icon-list-item-wrap kt-svg-icon-list-item-75_ff0b3c-90\"><span class=\"kb-svg-icon-wrap kb-svg-icon-fe_link kt-svg-icon-list-single\"><svg viewBox=\"0 0 24 24\"  fill=\"none\" stroke=\"currentColor\" stroke-width=\"2\" stroke-linecap=\"round\" stroke-linejoin=\"round\" xmlns=\"http:\/\/www.w3.org\/2000\/svg\"  aria-hidden=\"true\"><path d=\"M10 13a5 5 0 0 0 7.54.54l3-3a5 5 0 0 0-7.07-7.07l-1.72 1.71\"\/><path d=\"M14 11a5 5 0 0 0-7.54-.54l-3 3a5 5 0 0 0 7.07 7.07l1.71-1.71\"\/><\/svg><\/span><span class=\"kt-svg-icon-list-text\"><a href=\"https:\/\/drive.google.com\/file\/d\/1Mg_DEyZlsHoxkoNIzrDHM0yBs_S4KEk9\/view?usp=sharing\" target=\"_blank\" rel=\"noreferrer noopener\">VJC &#8220;VINDA&#8221;&nbsp;IEK\u0160\u0112J\u0100S K\u0100RT\u012aBAS NOTEIKUMI<\/a><\/span><\/li>\n\n\n<style>.kt-svg-icon-list-item-75_ff779e-97 .kt-svg-icon-list-text mark.kt-highlight{background-color:unset;font-style:normal;color:#f76a0c;-webkit-box-decoration-break:clone;box-decoration-break:clone;padding-top:0px;padding-right:0px;padding-bottom:0px;padding-left:0px;}<\/style>\n<li class=\"wp-block-kadence-listitem kt-svg-icon-list-item-wrap kt-svg-icon-list-item-75_ff779e-97\"><span class=\"kb-svg-icon-wrap kb-svg-icon-fe_link kt-svg-icon-list-single\"><svg viewBox=\"0 0 24 24\"  fill=\"none\" stroke=\"currentColor\" stroke-width=\"2\" stroke-linecap=\"round\" stroke-linejoin=\"round\" xmlns=\"http:\/\/www.w3.org\/2000\/svg\"  aria-hidden=\"true\"><path d=\"M10 13a5 5 0 0 0 7.54.54l3-3a5 5 0 0 0-7.07-7.07l-1.72 1.71\"\/><path d=\"M14 11a5 5 0 0 0-7.54-.54l-3 3a5 5 0 0 0 7.07 7.07l1.71-1.71\"\/><\/svg><\/span><span class=\"kt-svg-icon-list-text\"><a href=\"https:\/\/drive.google.com\/file\/d\/1kd4bpxHm3dtECMAPlmk-_uoJDTZDXsTc\/view?usp=sharing\" target=\"_blank\" rel=\"noreferrer noopener\">VJC &#8220;VINDA&#8221; DARBA K\u0100RT\u012aBAS NOTEIKUMI<\/a><\/span><\/li>\n\n\n<style>.kt-svg-icon-list-item-75_32bc91-c8 .kt-svg-icon-list-text mark.kt-highlight{background-color:unset;font-style:normal;color:#f76a0c;-webkit-box-decoration-break:clone;box-decoration-break:clone;padding-top:0px;padding-right:0px;padding-bottom:0px;padding-left:0px;}<\/style>\n<li class=\"wp-block-kadence-listitem kt-svg-icon-list-item-wrap kt-svg-icon-list-item-75_32bc91-c8\"><span class=\"kb-svg-icon-wrap kb-svg-icon-fe_link kt-svg-icon-list-single\"><svg viewBox=\"0 0 24 24\"  fill=\"none\" stroke=\"currentColor\" stroke-width=\"2\" stroke-linecap=\"round\" stroke-linejoin=\"round\" xmlns=\"http:\/\/www.w3.org\/2000\/svg\"  aria-hidden=\"true\"><path d=\"M10 13a5 5 0 0 0 7.54.54l3-3a5 5 0 0 0-7.07-7.07l-1.72 1.71\"\/><path d=\"M14 11a5 5 0 0 0-7.54-.54l-3 3a5 5 0 0 0 7.07 7.07l1.71-1.71\"\/><\/svg><\/span><span class=\"kt-svg-icon-list-text\"><a href=\"https:\/\/drive.google.com\/file\/d\/127yp6n9pwL9FM5HfWZY-IRlbbxPGhHm3\/view?usp=sharing\" target=\"_blank\" rel=\"noreferrer noopener\">VJC &#8220;VINDA&#8221; \u0112TIKAS KODEKSS<\/a><\/span><\/li>\n<\/ul><\/div>\n\n\n\n<h2 class=\"wp-block-heading\">L\u012aDZFINANS\u0112JUMA K\u0100RT\u012aBAS<\/h2>\n\n\n<style>.wp-block-kadence-iconlist.kt-svg-icon-list-items75_bb27e0-76:not(.this-stops-third-party-issues){margin-top:0px;margin-bottom:0px;}.wp-block-kadence-iconlist.kt-svg-icon-list-items75_bb27e0-76 ul.kt-svg-icon-list:not(.this-prevents-issues):not(.this-stops-third-party-issues):not(.tijsloc){margin-top:0px;margin-right:0px;margin-bottom:var(--global-kb-spacing-sm, 1.5rem);margin-left:0px;}.wp-block-kadence-iconlist.kt-svg-icon-list-items75_bb27e0-76 ul.kt-svg-icon-list{grid-row-gap:5px;}.wp-block-kadence-iconlist.kt-svg-icon-list-items75_bb27e0-76 ul.kt-svg-icon-list .kt-svg-icon-list-item-wrap .kt-svg-icon-list-single{margin-right:10px;}.kt-svg-icon-list-items75_bb27e0-76 ul.kt-svg-icon-list .kt-svg-icon-list-item-wrap, .kt-svg-icon-list-items75_bb27e0-76 ul.kt-svg-icon-list .kt-svg-icon-list-item-wrap a{font-size:var(--global-kb-font-size-md, 1.25rem);text-transform:uppercase;}.kt-svg-icon-list-items75_bb27e0-76 ul.kt-svg-icon-list .kt-svg-icon-list-level-0 .kt-svg-icon-list-single svg{font-size:20px;}.wp-block-kadence-iconlist.kt-svg-icon-list-items75_bb27e0-76 .wp-block-kadence-listitem a{text-decoration:none;}.wp-block-kadence-iconlist.kt-svg-icon-list-items75_bb27e0-76 .wp-block-kadence-listitem a:hover{text-decoration:underline;}.wp-block-kadence-iconlist.kt-svg-icon-list-items75_bb27e0-76 ul.kt-svg-icon-list .wp-block-kadence-listitem a{color:var(--ast-global-color-8);}.wp-block-kadence-iconlist.kt-svg-icon-list-items75_bb27e0-76 ul.kt-svg-icon-list .wp-block-kadence-listitem a:hover{color:var(--ast-global-color-8);}<\/style>\n<div class=\"wp-block-kadence-iconlist kt-svg-icon-list-items kt-svg-icon-list-items75_bb27e0-76 kt-svg-icon-list-columns-1 alignnone\"><ul class=\"kt-svg-icon-list\"><style>.kt-svg-icon-list-item-75_c33c31-5d .kt-svg-icon-list-text mark.kt-highlight{background-color:unset;font-style:normal;color:#f76a0c;-webkit-box-decoration-break:clone;box-decoration-break:clone;padding-top:0px;padding-right:0px;padding-bottom:0px;padding-left:0px;}<\/style>\n<li class=\"wp-block-kadence-listitem kt-svg-icon-list-item-wrap kt-svg-icon-list-item-75_c33c31-5d\"><span class=\"kb-svg-icon-wrap kb-svg-icon-fe_link kt-svg-icon-list-single\"><svg viewBox=\"0 0 24 24\"  fill=\"none\" stroke=\"currentColor\" stroke-width=\"2\" stroke-linecap=\"round\" stroke-linejoin=\"round\" xmlns=\"http:\/\/www.w3.org\/2000\/svg\"  aria-hidden=\"true\"><path d=\"M10 13a5 5 0 0 0 7.54.54l3-3a5 5 0 0 0-7.07-7.07l-1.72 1.71\"\/><path d=\"M14 11a5 5 0 0 0-7.54-.54l-3 3a5 5 0 0 0 7.07 7.07l1.71-1.71\"\/><\/svg><\/span><span class=\"kt-svg-icon-list-text\"><a href=\"https:\/\/drive.google.com\/file\/d\/1VOXCiX_HdMKTkZh-v_KY39gPC9PxDADz\/view?usp=sharing\" target=\"_blank\" rel=\"noreferrer noopener\">PAR L\u012aDZFINANS\u0112JUMA SAMAKSAS K\u0100RT\u012aBU<\/a><\/span><\/li>\n\n\n<style>.kt-svg-icon-list-item-75_bd94da-72 .kt-svg-icon-list-text mark.kt-highlight{background-color:unset;font-style:normal;color:#f76a0c;-webkit-box-decoration-break:clone;box-decoration-break:clone;padding-top:0px;padding-right:0px;padding-bottom:0px;padding-left:0px;}<\/style>\n<li class=\"wp-block-kadence-listitem kt-svg-icon-list-item-wrap kt-svg-icon-list-item-75_bd94da-72\"><span class=\"kb-svg-icon-wrap kb-svg-icon-fe_link kt-svg-icon-list-single\"><svg viewBox=\"0 0 24 24\"  fill=\"none\" stroke=\"currentColor\" stroke-width=\"2\" stroke-linecap=\"round\" stroke-linejoin=\"round\" xmlns=\"http:\/\/www.w3.org\/2000\/svg\"  aria-hidden=\"true\"><path d=\"M10 13a5 5 0 0 0 7.54.54l3-3a5 5 0 0 0-7.07-7.07l-1.72 1.71\"\/><path d=\"M14 11a5 5 0 0 0-7.54-.54l-3 3a5 5 0 0 0 7.07 7.07l1.71-1.71\"\/><\/svg><\/span><span class=\"kt-svg-icon-list-text\"><a href=\"https:\/\/drive.google.com\/file\/d\/1iV1x0mG757pJ3d1kp7cxQdiJZCDqn6DV\/view?usp=sharing\" target=\"_blank\" rel=\"noreferrer noopener\">PAR L\u012aDZFINANS\u0112JUMU MAKSAS APSTIPRIN\u0100\u0160ANU<\/a><\/span><\/li>\n<\/ul><\/div>\n","protected":false},"excerpt":{"rendered":"<p>ATT\u012aST\u012aBAS PL\u0100NS K\u0100RT\u012aBAS \/ NOTEIKUMI \/ KODEKSI L\u012aDZFINANS\u0112JUMA K\u0100RT\u012aBAS<\/p>\n","protected":false},"author":4,"featured_media":0,"parent":0,"menu_order":0,"comment_status":"closed","ping_status":"closed","template":"","meta":{"_acf_changed":false,"site-sidebar-layout":"default","site-content-layout":"","ast-site-content-layout":"default","site-content-style":"default","site-sidebar-style":"default","ast-global-header-display":"","ast-banner-title-visibility":"","ast-main-header-display":"","ast-hfb-above-header-display":"","ast-hfb-below-header-display":"","ast-hfb-mobile-header-display":"","site-post-title":"","ast-breadcrumbs-content":"","ast-featured-img":"","footer-sml-layout":"","ast-disable-related-posts":"","theme-transparent-header-meta":"","adv-header-id-meta":"","stick-header-meta":"","header-above-stick-meta":"","header-main-stick-meta":"","header-below-stick-meta":"","astra-migrate-meta-layouts":"default","ast-page-background-enabled":"default","ast-page-background-meta":{"desktop":{"background-color":"var(--ast-global-color-5)","background-image":"","background-repeat":"repeat","background-position":"center center","background-size":"auto","background-attachment":"scroll","background-type":"","background-media":"","overlay-type":"","overlay-color":"","overlay-opacity":"","overlay-gradient":""},"tablet":{"background-color":"","background-image":"","background-repeat":"repeat","background-position":"center center","background-size":"auto","background-attachment":"scroll","background-type":"","background-media":"","overlay-type":"","overlay-color":"","overlay-opacity":"","overlay-gradient":""},"mobile":{"background-color":"","background-image":"","background-repeat":"repeat","background-position":"center center","background-size":"auto","background-attachment":"scroll","background-type":"","background-media":"","overlay-type":"","overlay-color":"","overlay-opacity":"","overlay-gradient":""}},"ast-content-background-meta":{"desktop":{"background-color":"var(--ast-global-color-4)","background-image":"","background-repeat":"repeat","background-position":"center center","background-size":"auto","background-attachment":"scroll","background-type":"","background-media":"","overlay-type":"","overlay-color":"","overlay-opacity":"","overlay-gradient":""},"tablet":{"background-color":"var(--ast-global-color-4)","background-image":"","background-repeat":"repeat","background-position":"center center","background-size":"auto","background-attachment":"scroll","background-type":"","background-media":"","overlay-type":"","overlay-color":"","overlay-opacity":"","overlay-gradient":""},"mobile":{"background-color":"var(--ast-global-color-4)","background-image":"","background-repeat":"repeat","background-position":"center center","background-size":"auto","background-attachment":"scroll","background-type":"","background-media":"","overlay-type":"","overlay-color":"","overlay-opacity":"","overlay-gradient":""}},"footnotes":""},"class_list":["post-75","page","type-page","status-publish","hentry"],"acf":[],"yoast_head":"<!-- This site is optimized with the Yoast SEO plugin v27.0 - https:\/\/yoast.com\/product\/yoast-seo-wordpress\/ -->\n<title>Normat\u012bvie dokumenti - Valmieras Jaunatnes centrs \u201eVinda&quot;<\/title>\n<meta name=\"robots\" content=\"index, follow, max-snippet:-1, max-image-preview:large, max-video-preview:-1\" \/>\n<link rel=\"canonical\" href=\"https:\/\/izglitiba.valmierasnovads.lv\/vinda\/normativie-dokumenti\/\" \/>\n<meta property=\"og:locale\" content=\"lv_LV\" \/>\n<meta property=\"og:type\" content=\"article\" \/>\n<meta property=\"og:title\" content=\"Normat\u012bvie dokumenti - Valmieras Jaunatnes centrs \u201eVinda&quot;\" \/>\n<meta property=\"og:description\" content=\"ATT\u012aST\u012aBAS PL\u0100NS K\u0100RT\u012aBAS \/ NOTEIKUMI \/ KODEKSI L\u012aDZFINANS\u0112JUMA K\u0100RT\u012aBAS\" \/>\n<meta property=\"og:url\" content=\"https:\/\/izglitiba.valmierasnovads.lv\/vinda\/normativie-dokumenti\/\" \/>\n<meta property=\"og:site_name\" content=\"Valmieras Jaunatnes centrs \u201eVinda&quot;\" \/>\n<meta property=\"article:modified_time\" content=\"2026-05-14T07:31:58+00:00\" \/>\n<meta name=\"twitter:card\" content=\"summary_large_image\" \/>\n<meta name=\"twitter:label1\" content=\"Est. reading time\" \/>\n\t<meta name=\"twitter:data1\" content=\"1 min\u016bte\" \/>\n<script type=\"application\/ld+json\" class=\"yoast-schema-graph\">{\"@context\":\"https:\/\/schema.org\",\"@graph\":[{\"@type\":\"WebPage\",\"@id\":\"https:\/\/izglitiba.valmierasnovads.lv\/vinda\/normativie-dokumenti\/\",\"url\":\"https:\/\/izglitiba.valmierasnovads.lv\/vinda\/normativie-dokumenti\/\",\"name\":\"Normat\u012bvie dokumenti - Valmieras Jaunatnes centrs \u201eVinda&quot;\",\"isPartOf\":{\"@id\":\"https:\/\/izglitiba.valmierasnovads.lv\/vinda\/#website\"},\"datePublished\":\"2026-05-14T07:16:35+00:00\",\"dateModified\":\"2026-05-14T07:31:58+00:00\",\"breadcrumb\":{\"@id\":\"https:\/\/izglitiba.valmierasnovads.lv\/vinda\/normativie-dokumenti\/#breadcrumb\"},\"inLanguage\":\"lv-LV\",\"potentialAction\":[{\"@type\":\"ReadAction\",\"target\":[\"https:\/\/izglitiba.valmierasnovads.lv\/vinda\/normativie-dokumenti\/\"]}]},{\"@type\":\"BreadcrumbList\",\"@id\":\"https:\/\/izglitiba.valmierasnovads.lv\/vinda\/normativie-dokumenti\/#breadcrumb\",\"itemListElement\":[{\"@type\":\"ListItem\",\"position\":1,\"name\":\"Home\",\"item\":\"https:\/\/izglitiba.valmierasnovads.lv\/vinda\/\"},{\"@type\":\"ListItem\",\"position\":2,\"name\":\"Normat\u012bvie dokumenti\"}]},{\"@type\":\"WebSite\",\"@id\":\"https:\/\/izglitiba.valmierasnovads.lv\/vinda\/#website\",\"url\":\"https:\/\/izglitiba.valmierasnovads.lv\/vinda\/\",\"name\":\"Valmieras Jaunatnes centrs \u201eVinda&quot;\",\"description\":\"\",\"publisher\":{\"@id\":\"https:\/\/izglitiba.valmierasnovads.lv\/vinda\/#organization\"},\"potentialAction\":[{\"@type\":\"SearchAction\",\"target\":{\"@type\":\"EntryPoint\",\"urlTemplate\":\"https:\/\/izglitiba.valmierasnovads.lv\/vinda\/?s={search_term_string}\"},\"query-input\":{\"@type\":\"PropertyValueSpecification\",\"valueRequired\":true,\"valueName\":\"search_term_string\"}}],\"inLanguage\":\"lv-LV\"},{\"@type\":\"Organization\",\"@id\":\"https:\/\/izglitiba.valmierasnovads.lv\/vinda\/#organization\",\"name\":\"Valmieras Jaunatnes centrs \u201eVinda&quot;\",\"url\":\"https:\/\/izglitiba.valmierasnovads.lv\/vinda\/\",\"logo\":{\"@type\":\"ImageObject\",\"inLanguage\":\"lv-LV\",\"@id\":\"https:\/\/izglitiba.valmierasnovads.lv\/vinda\/#\/schema\/logo\/image\/\",\"url\":\"https:\/\/izglitiba.valmierasnovads.lv\/vinda\/wp-content\/uploads\/sites\/45\/2026\/05\/vinda-logo-atjaunots.png\",\"contentUrl\":\"https:\/\/izglitiba.valmierasnovads.lv\/vinda\/wp-content\/uploads\/sites\/45\/2026\/05\/vinda-logo-atjaunots.png\",\"width\":2000,\"height\":2000,\"caption\":\"Valmieras Jaunatnes centrs \u201eVinda&quot;\"},\"image\":{\"@id\":\"https:\/\/izglitiba.valmierasnovads.lv\/vinda\/#\/schema\/logo\/image\/\"}}]}<\/script>\n<!-- \/ Yoast SEO plugin. -->","yoast_head_json":{"title":"Normat\u012bvie dokumenti - Valmieras Jaunatnes centrs \u201eVinda&quot;","robots":{"index":"index","follow":"follow","max-snippet":"max-snippet:-1","max-image-preview":"max-image-preview:large","max-video-preview":"max-video-preview:-1"},"canonical":"https:\/\/izglitiba.valmierasnovads.lv\/vinda\/normativie-dokumenti\/","og_locale":"lv_LV","og_type":"article","og_title":"Normat\u012bvie dokumenti - Valmieras Jaunatnes centrs \u201eVinda&quot;","og_description":"ATT\u012aST\u012aBAS PL\u0100NS K\u0100RT\u012aBAS \/ NOTEIKUMI \/ KODEKSI L\u012aDZFINANS\u0112JUMA K\u0100RT\u012aBAS","og_url":"https:\/\/izglitiba.valmierasnovads.lv\/vinda\/normativie-dokumenti\/","og_site_name":"Valmieras Jaunatnes centrs \u201eVinda&quot;","article_modified_time":"2026-05-14T07:31:58+00:00","twitter_card":"summary_large_image","twitter_misc":{"Est. reading time":"1 min\u016bte"},"schema":{"@context":"https:\/\/schema.org","@graph":[{"@type":"WebPage","@id":"https:\/\/izglitiba.valmierasnovads.lv\/vinda\/normativie-dokumenti\/","url":"https:\/\/izglitiba.valmierasnovads.lv\/vinda\/normativie-dokumenti\/","name":"Normat\u012bvie dokumenti - Valmieras Jaunatnes centrs \u201eVinda&quot;","isPartOf":{"@id":"https:\/\/izglitiba.valmierasnovads.lv\/vinda\/#website"},"datePublished":"2026-05-14T07:16:35+00:00","dateModified":"2026-05-14T07:31:58+00:00","breadcrumb":{"@id":"https:\/\/izglitiba.valmierasnovads.lv\/vinda\/normativie-dokumenti\/#breadcrumb"},"inLanguage":"lv-LV","potentialAction":[{"@type":"ReadAction","target":["https:\/\/izglitiba.valmierasnovads.lv\/vinda\/normativie-dokumenti\/"]}]},{"@type":"BreadcrumbList","@id":"https:\/\/izglitiba.valmierasnovads.lv\/vinda\/normativie-dokumenti\/#breadcrumb","itemListElement":[{"@type":"ListItem","position":1,"name":"Home","item":"https:\/\/izglitiba.valmierasnovads.lv\/vinda\/"},{"@type":"ListItem","position":2,"name":"Normat\u012bvie dokumenti"}]},{"@type":"WebSite","@id":"https:\/\/izglitiba.valmierasnovads.lv\/vinda\/#website","url":"https:\/\/izglitiba.valmierasnovads.lv\/vinda\/","name":"Valmieras Jaunatnes centrs \u201eVinda&quot;","description":"","publisher":{"@id":"https:\/\/izglitiba.valmierasnovads.lv\/vinda\/#organization"},"potentialAction":[{"@type":"SearchAction","target":{"@type":"EntryPoint","urlTemplate":"https:\/\/izglitiba.valmierasnovads.lv\/vinda\/?s={search_term_string}"},"query-input":{"@type":"PropertyValueSpecification","valueRequired":true,"valueName":"search_term_string"}}],"inLanguage":"lv-LV"},{"@type":"Organization","@id":"https:\/\/izglitiba.valmierasnovads.lv\/vinda\/#organization","name":"Valmieras Jaunatnes centrs \u201eVinda&quot;","url":"https:\/\/izglitiba.valmierasnovads.lv\/vinda\/","logo":{"@type":"ImageObject","inLanguage":"lv-LV","@id":"https:\/\/izglitiba.valmierasnovads.lv\/vinda\/#\/schema\/logo\/image\/","url":"https:\/\/izglitiba.valmierasnovads.lv\/vinda\/wp-content\/uploads\/sites\/45\/2026\/05\/vinda-logo-atjaunots.png","contentUrl":"https:\/\/izglitiba.valmierasnovads.lv\/vinda\/wp-content\/uploads\/sites\/45\/2026\/05\/vinda-logo-atjaunots.png","width":2000,"height":2000,"caption":"Valmieras Jaunatnes centrs \u201eVinda&quot;"},"image":{"@id":"https:\/\/izglitiba.valmierasnovads.lv\/vinda\/#\/schema\/logo\/image\/"}}]}},"_links":{"self":[{"href":"https:\/\/izglitiba.valmierasnovads.lv\/vinda\/wp-json\/wp\/v2\/pages\/75","targetHints":{"allow":["GET"]}}],"collection":[{"href":"https:\/\/izglitiba.valmierasnovads.lv\/vinda\/wp-json\/wp\/v2\/pages"}],"about":[{"href":"https:\/\/izglitiba.valmierasnovads.lv\/vinda\/wp-json\/wp\/v2\/types\/page"}],"author":[{"embeddable":true,"href":"https:\/\/izglitiba.valmierasnovads.lv\/vinda\/wp-json\/wp\/v2\/users\/4"}],"replies":[{"embeddable":true,"href":"https:\/\/izglitiba.valmierasnovads.lv\/vinda\/wp-json\/wp\/v2\/comments?post=75"}],"version-history":[{"count":8,"href":"https:\/\/izglitiba.valmierasnovads.lv\/vinda\/wp-json\/wp\/v2\/pages\/75\/revisions"}],"predecessor-version":[{"id":88,"href":"https:\/\/izglitiba.valmierasnovads.lv\/vinda\/wp-json\/wp\/v2\/pages\/75\/revisions\/88"}],"wp:attachment":[{"href":"https:\/\/izglitiba.valmierasnovads.lv\/vinda\/wp-json\/wp\/v2\/media?parent=75"}],"curies":[{"name":"wp","href":"https:\/\/api.w.org\/{rel}","templated":true}]}}