{"id":125,"date":"2026-05-06T15:54:09","date_gmt":"2026-05-06T12:54:09","guid":{"rendered":"https:\/\/izglitiba.valmierasnovads.lv\/vms\/?page_id=125"},"modified":"2026-05-06T16:10:38","modified_gmt":"2026-05-06T13:10:38","slug":"vesture","status":"publish","type":"page","link":"https:\/\/izglitiba.valmierasnovads.lv\/vms\/vesture\/","title":{"rendered":"V\u0113sture"},"content":{"rendered":"\n<p>T\u016bl\u012bt p\u0113c tam, kad nodibin\u0101ja Latvijas Konservatoriju R\u012bg\u0101, pianiste Anna \u0136irp\u012bte uzs\u0101ka saraksti ar Latvijas Izgl\u012bt\u012bbas ministrijas M\u0101kslas departamenta M\u016bzikas noda\u013cu komponista Alfr\u0113da Kalni\u0146a (1879 \u2013 1951) person\u0101, lai rosin\u0101tu Valmier\u0101 atv\u0113rt m\u016bzikas skolu. P\u0113c ilg\u0101kas domu apmai\u0146as un reflektantu noklaus\u012b\u0161an\u0101s Izgl\u012bt\u012bbas ministrija deva at\u013cauju m\u016bzikas skolas atv\u0113r\u0161anai, un 1920. gada 8. oktobr\u012b Valmieras M\u016bzikas skola s\u0101ka darbu. Skolas atkl\u0101\u0161anas svin\u012bbas notika 1920. gada 20. novembr\u012b, taj\u0101s bija gan runas, gan koncerts, gan sv\u0113tku mielasts un nosl\u0113gum\u0101 ar\u012b balle. Svin\u012bbas ar savu kl\u0101tb\u016btni pagodin\u0101ja ar\u012b komponists J\u0101zeps V\u012btols, kuru v\u0113l\u0101k skolas pedago\u0123isk\u0101 padome vienbals\u012bgi iev\u0113l\u0113ja par skolas Goda prezidentu, J\u0101zeps V\u012btols skolai turpm\u0101k vienm\u0113r pal\u012bdz\u0113ja. Skolas atkl\u0101\u0161anas svin\u012bb\u0101s J\u0101zeps V\u012btols nov\u0113l\u0113jis skolai ra\u017eenas sekmes, uzsv\u0113ris m\u016bzikas un dzied\u0101\u0161anas lielo noz\u012bmi cilv\u0113ka dz\u012bv\u0113, aizr\u0101d\u012bjis, ka\u00a0<em>m\u0101ksla nav rota\u013ca<\/em>\u00a0un skubin\u0101jis jauno paaudzi uz nopietnu darbu.<br>Valmieras M\u016bzikas skolas pirm\u0101 direktore bija pianiste Anna \u0136irp\u012bte (<em>Kirpit<\/em>) (1920.-1922.). P\u0113c Annas \u0136irp\u012btes Valmieras M\u016bzikas skolu vad\u012bja Pauls Krievi\u0146\u0161 (1922. gada janv\u0101ris \u2013 septembris), Arnolds Sineps (1922.-1944), Elm\u0101rs Vikmanis (1944.-1960.), Velta Miez\u012bte-Kv\u0113pa (1960.-1961.), Nikl\u0101vs D\u016bze (1961.-1962.), T\u0101livaldis Dubavs (1962.-1966., 1970.-1973.), M\u0101ra Trauberga (1966.-1970.), Daina Priede (1973.-1974.), Eduards Jirgensons (1974.-1989.), Aivars Cep\u012btis(1989.-2016.). Kop\u0161 2016. gada Valmieras M\u016bzikas skolas direktore ir Inese Sudraba.<br>Valmieras M\u016bzikas skolas ikdiena \u0161obr\u012bd savijas ar m\u0101kslinieciski spilgt\u0101m rado\u0161\u0101m aktivit\u0101t\u0113m \u2013 Starptautiskais Ziemas (agr\u0101k\u00a0<em>Sen\u0101s<\/em>) m\u016bzikas festiv\u0101ls vienkopus pulc\u0113 profesion\u0101lus m\u016bzi\u0137us, m\u016bzikas skolu audz\u0113k\u0146us, absolventus un citus interesentus ne tikai no Latvijas, bet ar\u012b no cit\u0101m valst\u012bm. Savuk\u0101rt Starptautiskais jauno pianistu konkurss, kur\u0101 piedal\u0101s jaunie pianisti no Latvijas, Lietuvas un Igaunijas, dod iesp\u0113ju par\u0101d\u012bt savu m\u0101ksliniecisko izaugsmi. Vasar\u0101 izskan\u0113s Vasaras (agr\u0101k\u00a0<em>D\u0101rza<\/em>) koncertu sezona.<br>Daudzi Valmieras M\u016bzikas skolas absolventi k\u013cuvu\u0161i par iev\u0113rojamiem m\u016bzi\u0137iem. Varam min\u0113t komponistus J\u0101ni \u0136ep\u012bti, Vilni Salaku, Art\u016bru Maskatu, Santu Ratnieci un Kristapu P\u0113tersonu, pianistes Vilmu C\u012bruli un Jautr\u012bti Putni\u0146u, muzikologus Sofiju V\u0113ri\u0146u un Arv\u012bdu Bomiku, dzied\u0101t\u0101jus Anci Purmali un Zandu \u0160v\u0113di, vijolnieces Madaru P\u0113tersoni un \u017daneti U\u0161k\u0101ni.<br>Valmieras M\u016bzikas skolas audz\u0113k\u0146i g\u016bst labus pan\u0101kumus valsts un starptautiskos konkursos, piedal\u0101s festiv\u0101los un koncertos.<br>Valmieras M\u016bzikas skolas absolventi m\u0101c\u0101s A.Kalni\u0146a C\u0113su m\u016bzikas vidusskol\u0101, R\u012bgas Doma kora skol\u0101, Em\u012bla D\u0101rzi\u0146a m\u016bzikas vidusskol\u0101, J\u0101zepa Medi\u0146a R\u012bgas m\u016bzikas vidusskol\u0101, stud\u0113 J\u0101zepa V\u012btola Latvijas M\u016bzikas akad\u0113mij\u0101, R\u012bgas pedago\u0123ijas izgl\u012bt\u012bbas vad\u012bbas augstskol\u0101, D\u0101nijas Karaliskaj\u0101 M\u016bzikas akad\u0113mij\u0101 Kopenh\u0101gen\u0101, \u0160tutgartes M\u016bzikas un M\u0101kslas akad\u0113mij\u0101, Briseles Karaliskaj\u0101 M\u016bzikas akad\u0113mij\u0101, Stokholmas M\u016bzikas akad\u0113mij\u0101.<br>Valmieras M\u016bzikas skolai ir sadarb\u012bbas partneri V\u0101cij\u0101, Polij\u0101, Norv\u0113\u0123ij\u0101, Zviedrij\u0101, Lietuv\u0101, Igaunij\u0101, \u010cehij\u0101, Sp\u0101nij\u0101, Somij\u0101.<br>Valmieras M\u016bzikas skola nemain\u012bgi palikusi uztic\u012bga savam pien\u0101kumam: kopt augsni audz\u0113k\u0146u muzik\u0101lai izgl\u012bto\u0161anai un rad\u012bt labv\u0113l\u012bgus apst\u0101k\u013cus muzik\u0101lo talantu att\u012bst\u012b\u0161anai l\u012bdz m\u0101kslinieciski un profesion\u0101li augst\u0101kajai pak\u0101pei.<\/p>\n","protected":false},"excerpt":{"rendered":"<p>T\u016bl\u012bt p\u0113c tam, kad nodibin\u0101ja Latvijas Konservatoriju R\u012bg\u0101, pianiste Anna \u0136irp\u012bte uzs\u0101ka saraksti ar Latvijas Izgl\u012bt\u012bbas ministrijas M\u0101kslas departamenta M\u016bzikas [&hellip;]<\/p>\n","protected":false},"author":64,"featured_media":0,"parent":0,"menu_order":0,"comment_status":"closed","ping_status":"closed","template":"","meta":{"_acf_changed":false,"site-sidebar-layout":"default","site-content-layout":"","ast-site-content-layout":"default","site-content-style":"default","site-sidebar-style":"default","ast-global-header-display":"","ast-banner-title-visibility":"","ast-main-header-display":"","ast-hfb-above-header-display":"","ast-hfb-below-header-display":"","ast-hfb-mobile-header-display":"","site-post-title":"","ast-breadcrumbs-content":"","ast-featured-img":"","footer-sml-layout":"","ast-disable-related-posts":"","theme-transparent-header-meta":"","adv-header-id-meta":"","stick-header-meta":"","header-above-stick-meta":"","header-main-stick-meta":"","header-below-stick-meta":"","astra-migrate-meta-layouts":"default","ast-page-background-enabled":"default","ast-page-background-meta":{"desktop":{"background-color":"var(--ast-global-color-5)","background-image":"","background-repeat":"repeat","background-position":"center center","background-size":"auto","background-attachment":"scroll","background-type":"","background-media":"","overlay-type":"","overlay-color":"","overlay-opacity":"","overlay-gradient":""},"tablet":{"background-color":"","background-image":"","background-repeat":"repeat","background-position":"center center","background-size":"auto","background-attachment":"scroll","background-type":"","background-media":"","overlay-type":"","overlay-color":"","overlay-opacity":"","overlay-gradient":""},"mobile":{"background-color":"","background-image":"","background-repeat":"repeat","background-position":"center center","background-size":"auto","background-attachment":"scroll","background-type":"","background-media":"","overlay-type":"","overlay-color":"","overlay-opacity":"","overlay-gradient":""}},"ast-content-background-meta":{"desktop":{"background-color":"var(--ast-global-color-4)","background-image":"","background-repeat":"repeat","background-position":"center center","background-size":"auto","background-attachment":"scroll","background-type":"","background-media":"","overlay-type":"","overlay-color":"","overlay-opacity":"","overlay-gradient":""},"tablet":{"background-color":"var(--ast-global-color-4)","background-image":"","background-repeat":"repeat","background-position":"center center","background-size":"auto","background-attachment":"scroll","background-type":"","background-media":"","overlay-type":"","overlay-color":"","overlay-opacity":"","overlay-gradient":""},"mobile":{"background-color":"var(--ast-global-color-4)","background-image":"","background-repeat":"repeat","background-position":"center center","background-size":"auto","background-attachment":"scroll","background-type":"","background-media":"","overlay-type":"","overlay-color":"","overlay-opacity":"","overlay-gradient":""}},"footnotes":""},"class_list":["post-125","page","type-page","status-publish","hentry"],"acf":[],"yoast_head":"<!-- This site is optimized with the Yoast SEO plugin v27.0 - https:\/\/yoast.com\/product\/yoast-seo-wordpress\/ -->\n<title>V\u0113sture - Valmieras M\u016bzikas skola<\/title>\n<meta name=\"robots\" content=\"index, follow, max-snippet:-1, max-image-preview:large, max-video-preview:-1\" \/>\n<link rel=\"canonical\" href=\"https:\/\/izglitiba.valmierasnovads.lv\/vms\/vesture\/\" \/>\n<meta property=\"og:locale\" content=\"lv_LV\" \/>\n<meta property=\"og:type\" content=\"article\" \/>\n<meta property=\"og:title\" content=\"V\u0113sture - Valmieras M\u016bzikas skola\" \/>\n<meta property=\"og:description\" content=\"T\u016bl\u012bt p\u0113c tam, kad nodibin\u0101ja Latvijas Konservatoriju R\u012bg\u0101, pianiste Anna \u0136irp\u012bte uzs\u0101ka saraksti ar Latvijas Izgl\u012bt\u012bbas ministrijas M\u0101kslas departamenta M\u016bzikas [&hellip;]\" \/>\n<meta property=\"og:url\" content=\"https:\/\/izglitiba.valmierasnovads.lv\/vms\/vesture\/\" \/>\n<meta property=\"og:site_name\" content=\"Valmieras M\u016bzikas skola\" \/>\n<meta property=\"article:modified_time\" content=\"2026-05-06T13:10:38+00:00\" \/>\n<meta name=\"twitter:card\" content=\"summary_large_image\" \/>\n<meta name=\"twitter:label1\" content=\"Est. reading time\" \/>\n\t<meta name=\"twitter:data1\" content=\"3 min\u016btes\" \/>\n<script type=\"application\/ld+json\" class=\"yoast-schema-graph\">{\"@context\":\"https:\/\/schema.org\",\"@graph\":[{\"@type\":\"WebPage\",\"@id\":\"https:\/\/izglitiba.valmierasnovads.lv\/vms\/vesture\/\",\"url\":\"https:\/\/izglitiba.valmierasnovads.lv\/vms\/vesture\/\",\"name\":\"V\u0113sture - Valmieras M\u016bzikas skola\",\"isPartOf\":{\"@id\":\"https:\/\/izglitiba.valmierasnovads.lv\/vms\/#website\"},\"datePublished\":\"2026-05-06T12:54:09+00:00\",\"dateModified\":\"2026-05-06T13:10:38+00:00\",\"breadcrumb\":{\"@id\":\"https:\/\/izglitiba.valmierasnovads.lv\/vms\/vesture\/#breadcrumb\"},\"inLanguage\":\"lv-LV\",\"potentialAction\":[{\"@type\":\"ReadAction\",\"target\":[\"https:\/\/izglitiba.valmierasnovads.lv\/vms\/vesture\/\"]}]},{\"@type\":\"BreadcrumbList\",\"@id\":\"https:\/\/izglitiba.valmierasnovads.lv\/vms\/vesture\/#breadcrumb\",\"itemListElement\":[{\"@type\":\"ListItem\",\"position\":1,\"name\":\"Home\",\"item\":\"https:\/\/izglitiba.valmierasnovads.lv\/vms\/\"},{\"@type\":\"ListItem\",\"position\":2,\"name\":\"V\u0113sture\"}]},{\"@type\":\"WebSite\",\"@id\":\"https:\/\/izglitiba.valmierasnovads.lv\/vms\/#website\",\"url\":\"https:\/\/izglitiba.valmierasnovads.lv\/vms\/\",\"name\":\"Valmieras M\u016bzikas skola\",\"description\":\"\",\"publisher\":{\"@id\":\"https:\/\/izglitiba.valmierasnovads.lv\/vms\/#organization\"},\"potentialAction\":[{\"@type\":\"SearchAction\",\"target\":{\"@type\":\"EntryPoint\",\"urlTemplate\":\"https:\/\/izglitiba.valmierasnovads.lv\/vms\/?s={search_term_string}\"},\"query-input\":{\"@type\":\"PropertyValueSpecification\",\"valueRequired\":true,\"valueName\":\"search_term_string\"}}],\"inLanguage\":\"lv-LV\"},{\"@type\":\"Organization\",\"@id\":\"https:\/\/izglitiba.valmierasnovads.lv\/vms\/#organization\",\"name\":\"Valmieras M\u016bzikas skola\",\"url\":\"https:\/\/izglitiba.valmierasnovads.lv\/vms\/\",\"logo\":{\"@type\":\"ImageObject\",\"inLanguage\":\"lv-LV\",\"@id\":\"https:\/\/izglitiba.valmierasnovads.lv\/vms\/#\/schema\/logo\/image\/\",\"url\":\"https:\/\/izglitiba.valmierasnovads.lv\/vms\/wp-content\/uploads\/sites\/38\/2026\/03\/cropped-Komplekta-ar-pasu-logo-17-scaled-1.png\",\"contentUrl\":\"https:\/\/izglitiba.valmierasnovads.lv\/vms\/wp-content\/uploads\/sites\/38\/2026\/03\/cropped-Komplekta-ar-pasu-logo-17-scaled-1.png\",\"width\":1656,\"height\":405,\"caption\":\"Valmieras M\u016bzikas skola\"},\"image\":{\"@id\":\"https:\/\/izglitiba.valmierasnovads.lv\/vms\/#\/schema\/logo\/image\/\"}}]}<\/script>\n<!-- \/ Yoast SEO plugin. -->","yoast_head_json":{"title":"V\u0113sture - Valmieras M\u016bzikas skola","robots":{"index":"index","follow":"follow","max-snippet":"max-snippet:-1","max-image-preview":"max-image-preview:large","max-video-preview":"max-video-preview:-1"},"canonical":"https:\/\/izglitiba.valmierasnovads.lv\/vms\/vesture\/","og_locale":"lv_LV","og_type":"article","og_title":"V\u0113sture - Valmieras M\u016bzikas skola","og_description":"T\u016bl\u012bt p\u0113c tam, kad nodibin\u0101ja Latvijas Konservatoriju R\u012bg\u0101, pianiste Anna \u0136irp\u012bte uzs\u0101ka saraksti ar Latvijas Izgl\u012bt\u012bbas ministrijas M\u0101kslas departamenta M\u016bzikas [&hellip;]","og_url":"https:\/\/izglitiba.valmierasnovads.lv\/vms\/vesture\/","og_site_name":"Valmieras M\u016bzikas skola","article_modified_time":"2026-05-06T13:10:38+00:00","twitter_card":"summary_large_image","twitter_misc":{"Est. reading time":"3 min\u016btes"},"schema":{"@context":"https:\/\/schema.org","@graph":[{"@type":"WebPage","@id":"https:\/\/izglitiba.valmierasnovads.lv\/vms\/vesture\/","url":"https:\/\/izglitiba.valmierasnovads.lv\/vms\/vesture\/","name":"V\u0113sture - Valmieras M\u016bzikas skola","isPartOf":{"@id":"https:\/\/izglitiba.valmierasnovads.lv\/vms\/#website"},"datePublished":"2026-05-06T12:54:09+00:00","dateModified":"2026-05-06T13:10:38+00:00","breadcrumb":{"@id":"https:\/\/izglitiba.valmierasnovads.lv\/vms\/vesture\/#breadcrumb"},"inLanguage":"lv-LV","potentialAction":[{"@type":"ReadAction","target":["https:\/\/izglitiba.valmierasnovads.lv\/vms\/vesture\/"]}]},{"@type":"BreadcrumbList","@id":"https:\/\/izglitiba.valmierasnovads.lv\/vms\/vesture\/#breadcrumb","itemListElement":[{"@type":"ListItem","position":1,"name":"Home","item":"https:\/\/izglitiba.valmierasnovads.lv\/vms\/"},{"@type":"ListItem","position":2,"name":"V\u0113sture"}]},{"@type":"WebSite","@id":"https:\/\/izglitiba.valmierasnovads.lv\/vms\/#website","url":"https:\/\/izglitiba.valmierasnovads.lv\/vms\/","name":"Valmieras M\u016bzikas skola","description":"","publisher":{"@id":"https:\/\/izglitiba.valmierasnovads.lv\/vms\/#organization"},"potentialAction":[{"@type":"SearchAction","target":{"@type":"EntryPoint","urlTemplate":"https:\/\/izglitiba.valmierasnovads.lv\/vms\/?s={search_term_string}"},"query-input":{"@type":"PropertyValueSpecification","valueRequired":true,"valueName":"search_term_string"}}],"inLanguage":"lv-LV"},{"@type":"Organization","@id":"https:\/\/izglitiba.valmierasnovads.lv\/vms\/#organization","name":"Valmieras M\u016bzikas skola","url":"https:\/\/izglitiba.valmierasnovads.lv\/vms\/","logo":{"@type":"ImageObject","inLanguage":"lv-LV","@id":"https:\/\/izglitiba.valmierasnovads.lv\/vms\/#\/schema\/logo\/image\/","url":"https:\/\/izglitiba.valmierasnovads.lv\/vms\/wp-content\/uploads\/sites\/38\/2026\/03\/cropped-Komplekta-ar-pasu-logo-17-scaled-1.png","contentUrl":"https:\/\/izglitiba.valmierasnovads.lv\/vms\/wp-content\/uploads\/sites\/38\/2026\/03\/cropped-Komplekta-ar-pasu-logo-17-scaled-1.png","width":1656,"height":405,"caption":"Valmieras M\u016bzikas skola"},"image":{"@id":"https:\/\/izglitiba.valmierasnovads.lv\/vms\/#\/schema\/logo\/image\/"}}]}},"_links":{"self":[{"href":"https:\/\/izglitiba.valmierasnovads.lv\/vms\/wp-json\/wp\/v2\/pages\/125","targetHints":{"allow":["GET"]}}],"collection":[{"href":"https:\/\/izglitiba.valmierasnovads.lv\/vms\/wp-json\/wp\/v2\/pages"}],"about":[{"href":"https:\/\/izglitiba.valmierasnovads.lv\/vms\/wp-json\/wp\/v2\/types\/page"}],"author":[{"embeddable":true,"href":"https:\/\/izglitiba.valmierasnovads.lv\/vms\/wp-json\/wp\/v2\/users\/64"}],"replies":[{"embeddable":true,"href":"https:\/\/izglitiba.valmierasnovads.lv\/vms\/wp-json\/wp\/v2\/comments?post=125"}],"version-history":[{"count":2,"href":"https:\/\/izglitiba.valmierasnovads.lv\/vms\/wp-json\/wp\/v2\/pages\/125\/revisions"}],"predecessor-version":[{"id":140,"href":"https:\/\/izglitiba.valmierasnovads.lv\/vms\/wp-json\/wp\/v2\/pages\/125\/revisions\/140"}],"wp:attachment":[{"href":"https:\/\/izglitiba.valmierasnovads.lv\/vms\/wp-json\/wp\/v2\/media?parent=125"}],"curies":[{"name":"wp","href":"https:\/\/api.w.org\/{rel}","templated":true}]}}