{"id":127,"date":"2026-05-06T15:54:32","date_gmt":"2026-05-06T12:54:32","guid":{"rendered":"https:\/\/izglitiba.valmierasnovads.lv\/vms\/?page_id=127"},"modified":"2026-05-06T16:14:43","modified_gmt":"2026-05-06T13:14:43","slug":"absolventi","status":"publish","type":"page","link":"https:\/\/izglitiba.valmierasnovads.lv\/vms\/absolventi\/","title":{"rendered":"Absolventi"},"content":{"rendered":"\n<h3 class=\"wp-block-heading\">Skolas absolventi \u2013 profesion\u0101li m\u016bzi\u0137i un pedagogi&nbsp;<\/h3>\n\n\n\n<ul class=\"wp-block-list\">\n<li>C\u012brule Vilma- pianiste, koncertmeistare<\/li>\n\n\n\n<li>Putni\u0146a Jautr\u012bte- pianiste, koncertmeistare<\/li>\n\n\n\n<li>Bomiks Arv\u012bds- muzikologs, pedagogs<\/li>\n\n\n\n<li>Maskats Arturs- \u00a0komponists, VSIA\u00a0<em>Latvijas Koncerti<\/em>\u00a0programmu direktors<\/li>\n\n\n\n<li>Salaks\u00a0 Vilnis- komponists<\/li>\n\n\n\n<li>Treija Ilze- EDMV (Em\u012bla D\u0101rzi\u0146a m\u016bzikas vidusskola) pedago\u0123e<\/li>\n\n\n\n<li>Ratniece Santa- komponiste<\/li>\n\n\n\n<li>P\u0113tersons Kristaps- komponists, LNSO m\u016bzi\u0137is<\/li>\n\n\n\n<li>P\u0113tersone Madara- kameror\u0137estra\u00a0<em>Kremerata Baltica<\/em>\u00a0m\u016bzi\u0137e, D\u0101nijas Karalisk\u0101 MA<\/li>\n\n\n\n<li>Ozoli\u0146a Kristi\u0101na- LSO, m\u016bzi\u0137e<\/li>\n\n\n\n<li>Purmale Ance- LNO soliste<\/li>\n\n\n\n<li>Burkins \u0100ris- LSO m\u016bzi\u0137is<\/li>\n\n\n\n<li>Burkins Reinis- LNSO m\u016bzi\u0137is<\/li>\n\n\n\n<li>Aps\u012bte Dace- Sp\u0101nij\u0101 simfonisk\u0101 or\u0137estra m\u016bzi\u0137e<\/li>\n\n\n\n<li>Balode Maija- P\u016bt\u0113ju or\u0137estra\u00a0<em>R\u012bga\u00a0<\/em>m\u016bzi\u0137e, pedago\u0123e RPIVA<\/li>\n\n\n\n<li>\u0160omase Liene- dzied\u0101t\u0101ja<\/li>\n\n\n\n<li>Eunapu Viktors- \u0123it\u0101rists, sp\u0113l\u0113 da\u017e\u0101d\u0101s grup\u0101s<\/li>\n\n\n\n<li>Zavadskis Ainis- sitaminstrument\u0101lists, sp\u0113l\u0113 da\u017e\u0101d\u0101s grup\u0101s<\/li>\n\n\n\n<li>U\u0161k\u0101ne \u017danete \u2013 Vijolniece<\/li>\n\n\n\n<li>Cercina Und\u012bne \u2013 Vijolniece<\/li>\n\n\n\n<li>C\u012brule Karl\u012bne\u2013 Vok\u0101liste<\/li>\n\n\n\n<li>Ivanovs Kristaps- Vok\u0101lists<\/li>\n\n\n\n<li>Lellis Robins J\u0101nis- trombonists<\/li>\n\n\n\n<li>\u0100ris Pickainis \u2013 d\u017eeza m\u016bzi\u0137is<\/li>\n\n\n\n<li>Saul\u012bte Et\u012bna Em\u012blija \u2013 Vok\u0101liste<\/li>\n<\/ul>\n\n\n\n<h5 class=\"wp-block-heading\">Skolas absolventi \u2013 pedagogi<\/h5>\n\n\n\n<p>Gaida Ungure,&nbsp;Ilze Bergsone,&nbsp;Ritma P\u0113tersone \u2013 Cep\u012bte, Aigija Kalni\u0146a, Aira Rulle, V\u0113sma Liepi\u0146a, Aiva Tauri\u0146a-\u0160ari\u0146a, Inguna Birzniece, Sandris Dubovs, Gun\u0101rs Gedu\u0161evs, Maija M\u012blberga, Maija Ozola, Irina V\u0101cmane, Marika Rolmane, Dace Zari\u0146a, Inga Zirne,&nbsp;Aivars Zirnis,&nbsp;Ilze Treija, J\u0101nis \u017dagari\u0146\u0161, Imants To\u010ds, Aivars Radzi\u0146\u0161, J\u0101nis Ansons, J\u0101nis Jansons, Anete Gaidlazda, Viktors Eunapu, Monta Tup\u010dijenko, Inese Sudraba, Liene Zvirbule<\/p>\n","protected":false},"excerpt":{"rendered":"<p>Skolas absolventi \u2013 profesion\u0101li m\u016bzi\u0137i un pedagogi&nbsp; Skolas absolventi \u2013 pedagogi Gaida Ungure,&nbsp;Ilze Bergsone,&nbsp;Ritma P\u0113tersone \u2013 Cep\u012bte, Aigija Kalni\u0146a, Aira [&hellip;]<\/p>\n","protected":false},"author":64,"featured_media":0,"parent":0,"menu_order":0,"comment_status":"closed","ping_status":"closed","template":"","meta":{"_acf_changed":false,"site-sidebar-layout":"default","site-content-layout":"","ast-site-content-layout":"default","site-content-style":"default","site-sidebar-style":"default","ast-global-header-display":"","ast-banner-title-visibility":"","ast-main-header-display":"","ast-hfb-above-header-display":"","ast-hfb-below-header-display":"","ast-hfb-mobile-header-display":"","site-post-title":"","ast-breadcrumbs-content":"","ast-featured-img":"","footer-sml-layout":"","ast-disable-related-posts":"","theme-transparent-header-meta":"","adv-header-id-meta":"","stick-header-meta":"","header-above-stick-meta":"","header-main-stick-meta":"","header-below-stick-meta":"","astra-migrate-meta-layouts":"default","ast-page-background-enabled":"default","ast-page-background-meta":{"desktop":{"background-color":"var(--ast-global-color-5)","background-image":"","background-repeat":"repeat","background-position":"center center","background-size":"auto","background-attachment":"scroll","background-type":"","background-media":"","overlay-type":"","overlay-color":"","overlay-opacity":"","overlay-gradient":""},"tablet":{"background-color":"","background-image":"","background-repeat":"repeat","background-position":"center center","background-size":"auto","background-attachment":"scroll","background-type":"","background-media":"","overlay-type":"","overlay-color":"","overlay-opacity":"","overlay-gradient":""},"mobile":{"background-color":"","background-image":"","background-repeat":"repeat","background-position":"center center","background-size":"auto","background-attachment":"scroll","background-type":"","background-media":"","overlay-type":"","overlay-color":"","overlay-opacity":"","overlay-gradient":""}},"ast-content-background-meta":{"desktop":{"background-color":"var(--ast-global-color-4)","background-image":"","background-repeat":"repeat","background-position":"center center","background-size":"auto","background-attachment":"scroll","background-type":"","background-media":"","overlay-type":"","overlay-color":"","overlay-opacity":"","overlay-gradient":""},"tablet":{"background-color":"var(--ast-global-color-4)","background-image":"","background-repeat":"repeat","background-position":"center center","background-size":"auto","background-attachment":"scroll","background-type":"","background-media":"","overlay-type":"","overlay-color":"","overlay-opacity":"","overlay-gradient":""},"mobile":{"background-color":"var(--ast-global-color-4)","background-image":"","background-repeat":"repeat","background-position":"center center","background-size":"auto","background-attachment":"scroll","background-type":"","background-media":"","overlay-type":"","overlay-color":"","overlay-opacity":"","overlay-gradient":""}},"footnotes":""},"class_list":["post-127","page","type-page","status-publish","hentry"],"acf":[],"yoast_head":"<!-- This site is optimized with the Yoast SEO plugin v27.0 - https:\/\/yoast.com\/product\/yoast-seo-wordpress\/ -->\n<title>Absolventi - Valmieras M\u016bzikas skola<\/title>\n<meta name=\"robots\" content=\"index, follow, max-snippet:-1, max-image-preview:large, max-video-preview:-1\" \/>\n<link rel=\"canonical\" href=\"https:\/\/izglitiba.valmierasnovads.lv\/vms\/absolventi\/\" \/>\n<meta property=\"og:locale\" content=\"lv_LV\" \/>\n<meta property=\"og:type\" content=\"article\" \/>\n<meta property=\"og:title\" content=\"Absolventi - Valmieras M\u016bzikas skola\" \/>\n<meta property=\"og:description\" content=\"Skolas absolventi \u2013 profesion\u0101li m\u016bzi\u0137i un pedagogi&nbsp; Skolas absolventi \u2013 pedagogi Gaida Ungure,&nbsp;Ilze Bergsone,&nbsp;Ritma P\u0113tersone \u2013 Cep\u012bte, Aigija Kalni\u0146a, Aira [&hellip;]\" \/>\n<meta property=\"og:url\" content=\"https:\/\/izglitiba.valmierasnovads.lv\/vms\/absolventi\/\" \/>\n<meta property=\"og:site_name\" content=\"Valmieras M\u016bzikas skola\" \/>\n<meta property=\"article:modified_time\" content=\"2026-05-06T13:14:43+00:00\" \/>\n<meta name=\"twitter:card\" content=\"summary_large_image\" \/>\n<meta name=\"twitter:label1\" content=\"Est. reading time\" \/>\n\t<meta name=\"twitter:data1\" content=\"1 min\u016bte\" \/>\n<script type=\"application\/ld+json\" class=\"yoast-schema-graph\">{\"@context\":\"https:\/\/schema.org\",\"@graph\":[{\"@type\":\"WebPage\",\"@id\":\"https:\/\/izglitiba.valmierasnovads.lv\/vms\/absolventi\/\",\"url\":\"https:\/\/izglitiba.valmierasnovads.lv\/vms\/absolventi\/\",\"name\":\"Absolventi - Valmieras M\u016bzikas skola\",\"isPartOf\":{\"@id\":\"https:\/\/izglitiba.valmierasnovads.lv\/vms\/#website\"},\"datePublished\":\"2026-05-06T12:54:32+00:00\",\"dateModified\":\"2026-05-06T13:14:43+00:00\",\"breadcrumb\":{\"@id\":\"https:\/\/izglitiba.valmierasnovads.lv\/vms\/absolventi\/#breadcrumb\"},\"inLanguage\":\"lv-LV\",\"potentialAction\":[{\"@type\":\"ReadAction\",\"target\":[\"https:\/\/izglitiba.valmierasnovads.lv\/vms\/absolventi\/\"]}]},{\"@type\":\"BreadcrumbList\",\"@id\":\"https:\/\/izglitiba.valmierasnovads.lv\/vms\/absolventi\/#breadcrumb\",\"itemListElement\":[{\"@type\":\"ListItem\",\"position\":1,\"name\":\"Home\",\"item\":\"https:\/\/izglitiba.valmierasnovads.lv\/vms\/\"},{\"@type\":\"ListItem\",\"position\":2,\"name\":\"Absolventi\"}]},{\"@type\":\"WebSite\",\"@id\":\"https:\/\/izglitiba.valmierasnovads.lv\/vms\/#website\",\"url\":\"https:\/\/izglitiba.valmierasnovads.lv\/vms\/\",\"name\":\"Valmieras M\u016bzikas skola\",\"description\":\"\",\"publisher\":{\"@id\":\"https:\/\/izglitiba.valmierasnovads.lv\/vms\/#organization\"},\"potentialAction\":[{\"@type\":\"SearchAction\",\"target\":{\"@type\":\"EntryPoint\",\"urlTemplate\":\"https:\/\/izglitiba.valmierasnovads.lv\/vms\/?s={search_term_string}\"},\"query-input\":{\"@type\":\"PropertyValueSpecification\",\"valueRequired\":true,\"valueName\":\"search_term_string\"}}],\"inLanguage\":\"lv-LV\"},{\"@type\":\"Organization\",\"@id\":\"https:\/\/izglitiba.valmierasnovads.lv\/vms\/#organization\",\"name\":\"Valmieras M\u016bzikas skola\",\"url\":\"https:\/\/izglitiba.valmierasnovads.lv\/vms\/\",\"logo\":{\"@type\":\"ImageObject\",\"inLanguage\":\"lv-LV\",\"@id\":\"https:\/\/izglitiba.valmierasnovads.lv\/vms\/#\/schema\/logo\/image\/\",\"url\":\"https:\/\/izglitiba.valmierasnovads.lv\/vms\/wp-content\/uploads\/sites\/38\/2026\/03\/cropped-Komplekta-ar-pasu-logo-17-scaled-1.png\",\"contentUrl\":\"https:\/\/izglitiba.valmierasnovads.lv\/vms\/wp-content\/uploads\/sites\/38\/2026\/03\/cropped-Komplekta-ar-pasu-logo-17-scaled-1.png\",\"width\":1656,\"height\":405,\"caption\":\"Valmieras M\u016bzikas skola\"},\"image\":{\"@id\":\"https:\/\/izglitiba.valmierasnovads.lv\/vms\/#\/schema\/logo\/image\/\"}}]}<\/script>\n<!-- \/ Yoast SEO plugin. -->","yoast_head_json":{"title":"Absolventi - Valmieras M\u016bzikas skola","robots":{"index":"index","follow":"follow","max-snippet":"max-snippet:-1","max-image-preview":"max-image-preview:large","max-video-preview":"max-video-preview:-1"},"canonical":"https:\/\/izglitiba.valmierasnovads.lv\/vms\/absolventi\/","og_locale":"lv_LV","og_type":"article","og_title":"Absolventi - Valmieras M\u016bzikas skola","og_description":"Skolas absolventi \u2013 profesion\u0101li m\u016bzi\u0137i un pedagogi&nbsp; Skolas absolventi \u2013 pedagogi Gaida Ungure,&nbsp;Ilze Bergsone,&nbsp;Ritma P\u0113tersone \u2013 Cep\u012bte, Aigija Kalni\u0146a, Aira [&hellip;]","og_url":"https:\/\/izglitiba.valmierasnovads.lv\/vms\/absolventi\/","og_site_name":"Valmieras M\u016bzikas skola","article_modified_time":"2026-05-06T13:14:43+00:00","twitter_card":"summary_large_image","twitter_misc":{"Est. reading time":"1 min\u016bte"},"schema":{"@context":"https:\/\/schema.org","@graph":[{"@type":"WebPage","@id":"https:\/\/izglitiba.valmierasnovads.lv\/vms\/absolventi\/","url":"https:\/\/izglitiba.valmierasnovads.lv\/vms\/absolventi\/","name":"Absolventi - Valmieras M\u016bzikas skola","isPartOf":{"@id":"https:\/\/izglitiba.valmierasnovads.lv\/vms\/#website"},"datePublished":"2026-05-06T12:54:32+00:00","dateModified":"2026-05-06T13:14:43+00:00","breadcrumb":{"@id":"https:\/\/izglitiba.valmierasnovads.lv\/vms\/absolventi\/#breadcrumb"},"inLanguage":"lv-LV","potentialAction":[{"@type":"ReadAction","target":["https:\/\/izglitiba.valmierasnovads.lv\/vms\/absolventi\/"]}]},{"@type":"BreadcrumbList","@id":"https:\/\/izglitiba.valmierasnovads.lv\/vms\/absolventi\/#breadcrumb","itemListElement":[{"@type":"ListItem","position":1,"name":"Home","item":"https:\/\/izglitiba.valmierasnovads.lv\/vms\/"},{"@type":"ListItem","position":2,"name":"Absolventi"}]},{"@type":"WebSite","@id":"https:\/\/izglitiba.valmierasnovads.lv\/vms\/#website","url":"https:\/\/izglitiba.valmierasnovads.lv\/vms\/","name":"Valmieras M\u016bzikas skola","description":"","publisher":{"@id":"https:\/\/izglitiba.valmierasnovads.lv\/vms\/#organization"},"potentialAction":[{"@type":"SearchAction","target":{"@type":"EntryPoint","urlTemplate":"https:\/\/izglitiba.valmierasnovads.lv\/vms\/?s={search_term_string}"},"query-input":{"@type":"PropertyValueSpecification","valueRequired":true,"valueName":"search_term_string"}}],"inLanguage":"lv-LV"},{"@type":"Organization","@id":"https:\/\/izglitiba.valmierasnovads.lv\/vms\/#organization","name":"Valmieras M\u016bzikas skola","url":"https:\/\/izglitiba.valmierasnovads.lv\/vms\/","logo":{"@type":"ImageObject","inLanguage":"lv-LV","@id":"https:\/\/izglitiba.valmierasnovads.lv\/vms\/#\/schema\/logo\/image\/","url":"https:\/\/izglitiba.valmierasnovads.lv\/vms\/wp-content\/uploads\/sites\/38\/2026\/03\/cropped-Komplekta-ar-pasu-logo-17-scaled-1.png","contentUrl":"https:\/\/izglitiba.valmierasnovads.lv\/vms\/wp-content\/uploads\/sites\/38\/2026\/03\/cropped-Komplekta-ar-pasu-logo-17-scaled-1.png","width":1656,"height":405,"caption":"Valmieras M\u016bzikas skola"},"image":{"@id":"https:\/\/izglitiba.valmierasnovads.lv\/vms\/#\/schema\/logo\/image\/"}}]}},"_links":{"self":[{"href":"https:\/\/izglitiba.valmierasnovads.lv\/vms\/wp-json\/wp\/v2\/pages\/127","targetHints":{"allow":["GET"]}}],"collection":[{"href":"https:\/\/izglitiba.valmierasnovads.lv\/vms\/wp-json\/wp\/v2\/pages"}],"about":[{"href":"https:\/\/izglitiba.valmierasnovads.lv\/vms\/wp-json\/wp\/v2\/types\/page"}],"author":[{"embeddable":true,"href":"https:\/\/izglitiba.valmierasnovads.lv\/vms\/wp-json\/wp\/v2\/users\/64"}],"replies":[{"embeddable":true,"href":"https:\/\/izglitiba.valmierasnovads.lv\/vms\/wp-json\/wp\/v2\/comments?post=127"}],"version-history":[{"count":2,"href":"https:\/\/izglitiba.valmierasnovads.lv\/vms\/wp-json\/wp\/v2\/pages\/127\/revisions"}],"predecessor-version":[{"id":143,"href":"https:\/\/izglitiba.valmierasnovads.lv\/vms\/wp-json\/wp\/v2\/pages\/127\/revisions\/143"}],"wp:attachment":[{"href":"https:\/\/izglitiba.valmierasnovads.lv\/vms\/wp-json\/wp\/v2\/media?parent=127"}],"curies":[{"name":"wp","href":"https:\/\/api.w.org\/{rel}","templated":true}]}}