{"id":129,"date":"2026-05-06T15:54:52","date_gmt":"2026-05-06T12:54:52","guid":{"rendered":"https:\/\/izglitiba.valmierasnovads.lv\/vms\/?page_id=129"},"modified":"2026-05-06T16:16:08","modified_gmt":"2026-05-06T13:16:08","slug":"biblioteka","status":"publish","type":"page","link":"https:\/\/izglitiba.valmierasnovads.lv\/vms\/biblioteka\/","title":{"rendered":"Bibliot\u0113ka"},"content":{"rendered":"\n<p>Valmieras M\u016bzikas skolas bibliot\u0113ka ir izgl\u012bt\u012bbas iest\u0101des bibliot\u0113ka un t\u0101s galvenais uzdevums ir audz\u0113k\u0146u un pedagogu nodro\u0161in\u0101\u0161ana ar nepiecie\u0161amo no\u0161u un m\u0101c\u012bbu materi\u0101lu. Bibliogr\u0101fisko un bibliotek\u0101ro pakalpojumu snieg\u0161ana, sekm\u0113jot kvalitat\u012bvu m\u0101c\u012bbu procesu.<\/p>\n\n\n\n<p>Bibliot\u0113ka galvenok\u0101rt nodarbojas ar m\u0101c\u012bbu fonda papla\u0161in\u0101\u0161anu iespieddarbu u.c. dokumentu komplekt\u0113\u0161anu, apstr\u0101di, uzskaiti, glab\u0101\u0161anu.<\/p>\n\n\n\n<p>No\u0161u un m\u0101c\u012bbu gr\u0101matu katalo\u0123iz\u0101cija un re\u0123istr\u0113\u0161ana elektroniskaj\u0101 kopkatalog\u0101 ALISE.<\/p>\n\n\n\n<p><strong>Bibliot\u0113kas darba laiks:<\/strong><\/p>\n\n\n\n<p>Pirmdiena: no plkst. 9:00 \u2013 19:00<\/p>\n\n\n\n<p>Otrdiena:&nbsp;no plkst. 9:00 \u2013 19:00<\/p>\n\n\n\n<p>Tre\u0161diena: Br\u012bvs<\/p>\n\n\n\n<p>Ceturtdiena:&nbsp;no plkst. 9:00 \u2013 19:00<\/p>\n\n\n\n<p>Piektdiena:&nbsp;no plkst. 9:00 \u2013 19:00<\/p>\n\n\n\n<p>Saites ar:<\/p>\n\n\n\n<p><a href=\"http:\/\/valmiera.biblioteka.lv\/Alise\/lv\/home.aspx\" target=\"_blank\" rel=\"noreferrer noopener\">ALISE&nbsp; \u2013&nbsp; Valmieras bibliot\u0113ku un&nbsp; ViA elektroniskais katalogs<\/a><\/p>\n\n\n\n<p><a href=\"http:\/\/valmiera.biblioteka.lv\/Alise\/lv\/51\/home.aspx\" target=\"_blank\" rel=\"noreferrer noopener\">ALISE&nbsp; \u2013&nbsp; Valmieras M\u016bzikas skolas elektroniskais katalogs<\/a><\/p>\n\n\n\n<p><a href=\"https:\/\/kulturasdati.lv\/lv\/bibliotekas\" target=\"_blank\" rel=\"noreferrer noopener\">Kult\u016bras karte \u2013 kulturaskarte.lv \u2013 Valmieras M\u016bzikas skolas bibliot\u0113ka<\/a><\/p>\n\n\n\n<p><a href=\"https:\/\/www.lnb.lv\/\">Jaun\u0101 LNB \u2013 Latvijas nacion\u0101l\u0101 bibliot\u0113ka<\/a><\/p>\n\n\n\n<p><a href=\"https:\/\/www.jvlma.lv\/akademija\/biblioteka\">J.V\u012btola M\u016bzikas akad\u0113mija \u2013 JVLMA Elektroniskais katalogs<\/a><\/p>\n\n\n\n<p><a href=\"https:\/\/www.filmas.lv\/\">Latvijas filmu bibliot\u0113kas \u2013 Latvijas filmas<\/a><\/p>\n","protected":false},"excerpt":{"rendered":"<p>Valmieras M\u016bzikas skolas bibliot\u0113ka ir izgl\u012bt\u012bbas iest\u0101des bibliot\u0113ka un t\u0101s galvenais uzdevums ir audz\u0113k\u0146u un pedagogu nodro\u0161in\u0101\u0161ana ar nepiecie\u0161amo no\u0161u [&hellip;]<\/p>\n","protected":false},"author":64,"featured_media":0,"parent":0,"menu_order":0,"comment_status":"closed","ping_status":"closed","template":"","meta":{"_acf_changed":false,"site-sidebar-layout":"default","site-content-layout":"","ast-site-content-layout":"default","site-content-style":"default","site-sidebar-style":"default","ast-global-header-display":"","ast-banner-title-visibility":"","ast-main-header-display":"","ast-hfb-above-header-display":"","ast-hfb-below-header-display":"","ast-hfb-mobile-header-display":"","site-post-title":"","ast-breadcrumbs-content":"","ast-featured-img":"","footer-sml-layout":"","ast-disable-related-posts":"","theme-transparent-header-meta":"","adv-header-id-meta":"","stick-header-meta":"","header-above-stick-meta":"","header-main-stick-meta":"","header-below-stick-meta":"","astra-migrate-meta-layouts":"default","ast-page-background-enabled":"default","ast-page-background-meta":{"desktop":{"background-color":"var(--ast-global-color-5)","background-image":"","background-repeat":"repeat","background-position":"center center","background-size":"auto","background-attachment":"scroll","background-type":"","background-media":"","overlay-type":"","overlay-color":"","overlay-opacity":"","overlay-gradient":""},"tablet":{"background-color":"","background-image":"","background-repeat":"repeat","background-position":"center center","background-size":"auto","background-attachment":"scroll","background-type":"","background-media":"","overlay-type":"","overlay-color":"","overlay-opacity":"","overlay-gradient":""},"mobile":{"background-color":"","background-image":"","background-repeat":"repeat","background-position":"center center","background-size":"auto","background-attachment":"scroll","background-type":"","background-media":"","overlay-type":"","overlay-color":"","overlay-opacity":"","overlay-gradient":""}},"ast-content-background-meta":{"desktop":{"background-color":"var(--ast-global-color-4)","background-image":"","background-repeat":"repeat","background-position":"center center","background-size":"auto","background-attachment":"scroll","background-type":"","background-media":"","overlay-type":"","overlay-color":"","overlay-opacity":"","overlay-gradient":""},"tablet":{"background-color":"var(--ast-global-color-4)","background-image":"","background-repeat":"repeat","background-position":"center center","background-size":"auto","background-attachment":"scroll","background-type":"","background-media":"","overlay-type":"","overlay-color":"","overlay-opacity":"","overlay-gradient":""},"mobile":{"background-color":"var(--ast-global-color-4)","background-image":"","background-repeat":"repeat","background-position":"center center","background-size":"auto","background-attachment":"scroll","background-type":"","background-media":"","overlay-type":"","overlay-color":"","overlay-opacity":"","overlay-gradient":""}},"footnotes":""},"class_list":["post-129","page","type-page","status-publish","hentry"],"acf":[],"yoast_head":"<!-- This site is optimized with the Yoast SEO plugin v27.0 - https:\/\/yoast.com\/product\/yoast-seo-wordpress\/ -->\n<title>Bibliot\u0113ka - Valmieras M\u016bzikas skola<\/title>\n<meta name=\"robots\" content=\"index, follow, max-snippet:-1, max-image-preview:large, max-video-preview:-1\" \/>\n<link rel=\"canonical\" href=\"https:\/\/izglitiba.valmierasnovads.lv\/vms\/biblioteka\/\" \/>\n<meta property=\"og:locale\" content=\"lv_LV\" \/>\n<meta property=\"og:type\" content=\"article\" \/>\n<meta property=\"og:title\" content=\"Bibliot\u0113ka - Valmieras M\u016bzikas skola\" \/>\n<meta property=\"og:description\" content=\"Valmieras M\u016bzikas skolas bibliot\u0113ka ir izgl\u012bt\u012bbas iest\u0101des bibliot\u0113ka un t\u0101s galvenais uzdevums ir audz\u0113k\u0146u un pedagogu nodro\u0161in\u0101\u0161ana ar nepiecie\u0161amo no\u0161u [&hellip;]\" \/>\n<meta property=\"og:url\" content=\"https:\/\/izglitiba.valmierasnovads.lv\/vms\/biblioteka\/\" \/>\n<meta property=\"og:site_name\" content=\"Valmieras M\u016bzikas skola\" \/>\n<meta property=\"article:modified_time\" content=\"2026-05-06T13:16:08+00:00\" \/>\n<meta name=\"twitter:card\" content=\"summary_large_image\" \/>\n<meta name=\"twitter:label1\" content=\"Est. reading time\" \/>\n\t<meta name=\"twitter:data1\" content=\"1 min\u016bte\" \/>\n<script type=\"application\/ld+json\" class=\"yoast-schema-graph\">{\"@context\":\"https:\/\/schema.org\",\"@graph\":[{\"@type\":\"WebPage\",\"@id\":\"https:\/\/izglitiba.valmierasnovads.lv\/vms\/biblioteka\/\",\"url\":\"https:\/\/izglitiba.valmierasnovads.lv\/vms\/biblioteka\/\",\"name\":\"Bibliot\u0113ka - Valmieras M\u016bzikas skola\",\"isPartOf\":{\"@id\":\"https:\/\/izglitiba.valmierasnovads.lv\/vms\/#website\"},\"datePublished\":\"2026-05-06T12:54:52+00:00\",\"dateModified\":\"2026-05-06T13:16:08+00:00\",\"breadcrumb\":{\"@id\":\"https:\/\/izglitiba.valmierasnovads.lv\/vms\/biblioteka\/#breadcrumb\"},\"inLanguage\":\"lv-LV\",\"potentialAction\":[{\"@type\":\"ReadAction\",\"target\":[\"https:\/\/izglitiba.valmierasnovads.lv\/vms\/biblioteka\/\"]}]},{\"@type\":\"BreadcrumbList\",\"@id\":\"https:\/\/izglitiba.valmierasnovads.lv\/vms\/biblioteka\/#breadcrumb\",\"itemListElement\":[{\"@type\":\"ListItem\",\"position\":1,\"name\":\"Home\",\"item\":\"https:\/\/izglitiba.valmierasnovads.lv\/vms\/\"},{\"@type\":\"ListItem\",\"position\":2,\"name\":\"Bibliot\u0113ka\"}]},{\"@type\":\"WebSite\",\"@id\":\"https:\/\/izglitiba.valmierasnovads.lv\/vms\/#website\",\"url\":\"https:\/\/izglitiba.valmierasnovads.lv\/vms\/\",\"name\":\"Valmieras M\u016bzikas skola\",\"description\":\"\",\"publisher\":{\"@id\":\"https:\/\/izglitiba.valmierasnovads.lv\/vms\/#organization\"},\"potentialAction\":[{\"@type\":\"SearchAction\",\"target\":{\"@type\":\"EntryPoint\",\"urlTemplate\":\"https:\/\/izglitiba.valmierasnovads.lv\/vms\/?s={search_term_string}\"},\"query-input\":{\"@type\":\"PropertyValueSpecification\",\"valueRequired\":true,\"valueName\":\"search_term_string\"}}],\"inLanguage\":\"lv-LV\"},{\"@type\":\"Organization\",\"@id\":\"https:\/\/izglitiba.valmierasnovads.lv\/vms\/#organization\",\"name\":\"Valmieras M\u016bzikas skola\",\"url\":\"https:\/\/izglitiba.valmierasnovads.lv\/vms\/\",\"logo\":{\"@type\":\"ImageObject\",\"inLanguage\":\"lv-LV\",\"@id\":\"https:\/\/izglitiba.valmierasnovads.lv\/vms\/#\/schema\/logo\/image\/\",\"url\":\"https:\/\/izglitiba.valmierasnovads.lv\/vms\/wp-content\/uploads\/sites\/38\/2026\/03\/cropped-Komplekta-ar-pasu-logo-17-scaled-1.png\",\"contentUrl\":\"https:\/\/izglitiba.valmierasnovads.lv\/vms\/wp-content\/uploads\/sites\/38\/2026\/03\/cropped-Komplekta-ar-pasu-logo-17-scaled-1.png\",\"width\":1656,\"height\":405,\"caption\":\"Valmieras M\u016bzikas skola\"},\"image\":{\"@id\":\"https:\/\/izglitiba.valmierasnovads.lv\/vms\/#\/schema\/logo\/image\/\"}}]}<\/script>\n<!-- \/ Yoast SEO plugin. -->","yoast_head_json":{"title":"Bibliot\u0113ka - Valmieras M\u016bzikas skola","robots":{"index":"index","follow":"follow","max-snippet":"max-snippet:-1","max-image-preview":"max-image-preview:large","max-video-preview":"max-video-preview:-1"},"canonical":"https:\/\/izglitiba.valmierasnovads.lv\/vms\/biblioteka\/","og_locale":"lv_LV","og_type":"article","og_title":"Bibliot\u0113ka - Valmieras M\u016bzikas skola","og_description":"Valmieras M\u016bzikas skolas bibliot\u0113ka ir izgl\u012bt\u012bbas iest\u0101des bibliot\u0113ka un t\u0101s galvenais uzdevums ir audz\u0113k\u0146u un pedagogu nodro\u0161in\u0101\u0161ana ar nepiecie\u0161amo no\u0161u [&hellip;]","og_url":"https:\/\/izglitiba.valmierasnovads.lv\/vms\/biblioteka\/","og_site_name":"Valmieras M\u016bzikas skola","article_modified_time":"2026-05-06T13:16:08+00:00","twitter_card":"summary_large_image","twitter_misc":{"Est. reading time":"1 min\u016bte"},"schema":{"@context":"https:\/\/schema.org","@graph":[{"@type":"WebPage","@id":"https:\/\/izglitiba.valmierasnovads.lv\/vms\/biblioteka\/","url":"https:\/\/izglitiba.valmierasnovads.lv\/vms\/biblioteka\/","name":"Bibliot\u0113ka - Valmieras M\u016bzikas skola","isPartOf":{"@id":"https:\/\/izglitiba.valmierasnovads.lv\/vms\/#website"},"datePublished":"2026-05-06T12:54:52+00:00","dateModified":"2026-05-06T13:16:08+00:00","breadcrumb":{"@id":"https:\/\/izglitiba.valmierasnovads.lv\/vms\/biblioteka\/#breadcrumb"},"inLanguage":"lv-LV","potentialAction":[{"@type":"ReadAction","target":["https:\/\/izglitiba.valmierasnovads.lv\/vms\/biblioteka\/"]}]},{"@type":"BreadcrumbList","@id":"https:\/\/izglitiba.valmierasnovads.lv\/vms\/biblioteka\/#breadcrumb","itemListElement":[{"@type":"ListItem","position":1,"name":"Home","item":"https:\/\/izglitiba.valmierasnovads.lv\/vms\/"},{"@type":"ListItem","position":2,"name":"Bibliot\u0113ka"}]},{"@type":"WebSite","@id":"https:\/\/izglitiba.valmierasnovads.lv\/vms\/#website","url":"https:\/\/izglitiba.valmierasnovads.lv\/vms\/","name":"Valmieras M\u016bzikas skola","description":"","publisher":{"@id":"https:\/\/izglitiba.valmierasnovads.lv\/vms\/#organization"},"potentialAction":[{"@type":"SearchAction","target":{"@type":"EntryPoint","urlTemplate":"https:\/\/izglitiba.valmierasnovads.lv\/vms\/?s={search_term_string}"},"query-input":{"@type":"PropertyValueSpecification","valueRequired":true,"valueName":"search_term_string"}}],"inLanguage":"lv-LV"},{"@type":"Organization","@id":"https:\/\/izglitiba.valmierasnovads.lv\/vms\/#organization","name":"Valmieras M\u016bzikas skola","url":"https:\/\/izglitiba.valmierasnovads.lv\/vms\/","logo":{"@type":"ImageObject","inLanguage":"lv-LV","@id":"https:\/\/izglitiba.valmierasnovads.lv\/vms\/#\/schema\/logo\/image\/","url":"https:\/\/izglitiba.valmierasnovads.lv\/vms\/wp-content\/uploads\/sites\/38\/2026\/03\/cropped-Komplekta-ar-pasu-logo-17-scaled-1.png","contentUrl":"https:\/\/izglitiba.valmierasnovads.lv\/vms\/wp-content\/uploads\/sites\/38\/2026\/03\/cropped-Komplekta-ar-pasu-logo-17-scaled-1.png","width":1656,"height":405,"caption":"Valmieras M\u016bzikas skola"},"image":{"@id":"https:\/\/izglitiba.valmierasnovads.lv\/vms\/#\/schema\/logo\/image\/"}}]}},"_links":{"self":[{"href":"https:\/\/izglitiba.valmierasnovads.lv\/vms\/wp-json\/wp\/v2\/pages\/129","targetHints":{"allow":["GET"]}}],"collection":[{"href":"https:\/\/izglitiba.valmierasnovads.lv\/vms\/wp-json\/wp\/v2\/pages"}],"about":[{"href":"https:\/\/izglitiba.valmierasnovads.lv\/vms\/wp-json\/wp\/v2\/types\/page"}],"author":[{"embeddable":true,"href":"https:\/\/izglitiba.valmierasnovads.lv\/vms\/wp-json\/wp\/v2\/users\/64"}],"replies":[{"embeddable":true,"href":"https:\/\/izglitiba.valmierasnovads.lv\/vms\/wp-json\/wp\/v2\/comments?post=129"}],"version-history":[{"count":2,"href":"https:\/\/izglitiba.valmierasnovads.lv\/vms\/wp-json\/wp\/v2\/pages\/129\/revisions"}],"predecessor-version":[{"id":144,"href":"https:\/\/izglitiba.valmierasnovads.lv\/vms\/wp-json\/wp\/v2\/pages\/129\/revisions\/144"}],"wp:attachment":[{"href":"https:\/\/izglitiba.valmierasnovads.lv\/vms\/wp-json\/wp\/v2\/media?parent=129"}],"curies":[{"name":"wp","href":"https:\/\/api.w.org\/{rel}","templated":true}]}}