{"id":99,"date":"2025-08-08T13:53:28","date_gmt":"2025-08-08T10:53:28","guid":{"rendered":"https:\/\/izglitiba.valmierasnovads.lv\/vpvg\/?page_id=99"},"modified":"2025-08-26T20:29:34","modified_gmt":"2025-08-26T17:29:34","slug":"vakances","status":"publish","type":"page","link":"https:\/\/izglitiba.valmierasnovads.lv\/vpvg\/vakances\/","title":{"rendered":"Vakances"},"content":{"rendered":"\n<p><strong>Valmieras P\u0101rgaujas Valsts \u0123imn\u0101zijas kolekt\u012bvs<\/strong>, b\u016btiski pieaugot skol\u0113nu un kla\u0161u skaitam,&nbsp;<strong>gaida TEVI &#8211;<\/strong><\/p>\n\n\n\n<p><strong>SKOLOT\u0100JU,&nbsp;<\/strong><\/p>\n\n\n\n<p><strong>fizik\u0101<\/strong>&nbsp;(<a href=\"https:\/\/www.valmierasnovads.lv\/darba-piedavajumi\/valmieras-pargaujas-valsts-gimnazija-aicina-darba-visparejas-pamatizglitibas-un-visparejas-videjas-izglitibas-skolotaju-macibu-prieksmeta-fizika-i\/\" target=\"_blank\" rel=\"noreferrer noopener\">par vakanci<\/a>),<strong>&nbsp;<\/strong><strong>kur\u0161<\/strong><\/p>\n\n\n\n<ul class=\"wp-block-list\">\n<li>v\u0113las un prot str\u0101d\u0101t ar motiv\u0113tiem un zin\u0101tk\u0101riem skol\u0113niem,<\/li>\n\n\n\n<li>sp\u0113j saskat\u012bt un att\u012bst\u012bt katra skol\u0113na talantus,<\/li>\n\n\n\n<li>grib str\u0101d\u0101t m\u016bsdien\u012bg\u0101 izgl\u012bt\u012bbas iest\u0101d\u0113,<\/li>\n\n\n\n<li>prot patst\u0101v\u012bgi un kop\u0101 ar citiem m\u0101c\u012bties<\/li>\n<\/ul>\n\n\n\n<p>un<strong>&nbsp;<\/strong>kuriem&nbsp;<strong>noz\u012bm\u012bgas m\u016bsu skolas v\u0113rt\u012bbas<\/strong>&nbsp;\u2013 sadarb\u012bba, rado\u0161ums un erud\u012bcija.<\/p>\n\n\n\n<p>Profesion\u0101l\u0101s darb\u012bbas aprakstu (CV), pieteikuma v\u0113stuli un izgl\u012bt\u012bbas dokumenta kopijas l\u016bdzam iesniegt<\/p>\n\n\n\n<ul class=\"wp-block-list\">\n<li>pa pastu ierakst\u012bt\u0101 pasta s\u016bt\u012bjum\u0101 Valmieras P\u0101rgaujas Valsts \u0123imn\u0101zijai, Zvaig\u017e\u0146u iela 4, Valmiera, Valmieras novads, LV \u2013 4201 vai<\/li>\n\n\n\n<li>elektroniski uz e-pastu: vpvg@valmiera.edu.lv, vai<\/li>\n\n\n\n<li>person\u012bgi skolas lietvedei.<\/li>\n<\/ul>\n\n\n\n<p>Ja v\u0113lies b\u016bt da\u013ca no m\u016bsu komandas, tad profesion\u0101l\u0101s darb\u012bbas aprakstu (CV) gaid\u012bsim l\u012bdz&nbsp;8.augustam&nbsp;e-past\u0101 vpvg@valmiera.edu.lv.<\/p>\n","protected":false},"excerpt":{"rendered":"<p>Valmieras P\u0101rgaujas Valsts \u0123imn\u0101zijas kolekt\u012bvs, b\u016btiski pieaugot skol\u0113nu un kla\u0161u skaitam,&nbsp;gaida TEVI &#8211; SKOLOT\u0100JU,&nbsp; fizik\u0101&nbsp;(par vakanci),&nbsp;kur\u0161 un&nbsp;kuriem&nbsp;noz\u012bm\u012bgas m\u016bsu skolas v\u0113rt\u012bbas&nbsp;\u2013 [&hellip;]<\/p>\n","protected":false},"author":16,"featured_media":0,"parent":0,"menu_order":0,"comment_status":"closed","ping_status":"closed","template":"","meta":{"_acf_changed":false,"site-sidebar-layout":"default","site-content-layout":"","ast-site-content-layout":"default","site-content-style":"default","site-sidebar-style":"default","ast-global-header-display":"","ast-banner-title-visibility":"","ast-main-header-display":"","ast-hfb-above-header-display":"","ast-hfb-below-header-display":"","ast-hfb-mobile-header-display":"","site-post-title":"","ast-breadcrumbs-content":"","ast-featured-img":"","footer-sml-layout":"","ast-disable-related-posts":"","theme-transparent-header-meta":"","adv-header-id-meta":"","stick-header-meta":"","header-above-stick-meta":"","header-main-stick-meta":"","header-below-stick-meta":"","astra-migrate-meta-layouts":"default","ast-page-background-enabled":"default","ast-page-background-meta":{"desktop":{"background-color":"var(--ast-global-color-5)","background-image":"","background-repeat":"repeat","background-position":"center center","background-size":"auto","background-attachment":"scroll","background-type":"","background-media":"","overlay-type":"","overlay-color":"","overlay-opacity":"","overlay-gradient":""},"tablet":{"background-color":"","background-image":"","background-repeat":"repeat","background-position":"center center","background-size":"auto","background-attachment":"scroll","background-type":"","background-media":"","overlay-type":"","overlay-color":"","overlay-opacity":"","overlay-gradient":""},"mobile":{"background-color":"","background-image":"","background-repeat":"repeat","background-position":"center center","background-size":"auto","background-attachment":"scroll","background-type":"","background-media":"","overlay-type":"","overlay-color":"","overlay-opacity":"","overlay-gradient":""}},"ast-content-background-meta":{"desktop":{"background-color":"var(--ast-global-color-4)","background-image":"","background-repeat":"repeat","background-position":"center center","background-size":"auto","background-attachment":"scroll","background-type":"","background-media":"","overlay-type":"","overlay-color":"","overlay-opacity":"","overlay-gradient":""},"tablet":{"background-color":"var(--ast-global-color-4)","background-image":"","background-repeat":"repeat","background-position":"center center","background-size":"auto","background-attachment":"scroll","background-type":"","background-media":"","overlay-type":"","overlay-color":"","overlay-opacity":"","overlay-gradient":""},"mobile":{"background-color":"var(--ast-global-color-4)","background-image":"","background-repeat":"repeat","background-position":"center center","background-size":"auto","background-attachment":"scroll","background-type":"","background-media":"","overlay-type":"","overlay-color":"","overlay-opacity":"","overlay-gradient":""}},"footnotes":""},"class_list":["post-99","page","type-page","status-publish","hentry"],"acf":[],"yoast_head":"<!-- This site is optimized with the Yoast SEO plugin v27.0 - https:\/\/yoast.com\/product\/yoast-seo-wordpress\/ -->\n<title>Vakances - Valmieras P\u0101rgaujas Valsts \u0123imn\u0101zija<\/title>\n<meta name=\"robots\" content=\"index, follow, max-snippet:-1, max-image-preview:large, max-video-preview:-1\" \/>\n<link rel=\"canonical\" href=\"https:\/\/izglitiba.valmierasnovads.lv\/vpvg\/vakances\/\" \/>\n<meta property=\"og:locale\" content=\"lv_LV\" \/>\n<meta property=\"og:type\" content=\"article\" \/>\n<meta property=\"og:title\" content=\"Vakances - Valmieras P\u0101rgaujas Valsts \u0123imn\u0101zija\" \/>\n<meta property=\"og:description\" content=\"Valmieras P\u0101rgaujas Valsts \u0123imn\u0101zijas kolekt\u012bvs, b\u016btiski pieaugot skol\u0113nu un kla\u0161u skaitam,&nbsp;gaida TEVI &#8211; SKOLOT\u0100JU,&nbsp; fizik\u0101&nbsp;(par vakanci),&nbsp;kur\u0161 un&nbsp;kuriem&nbsp;noz\u012bm\u012bgas m\u016bsu skolas v\u0113rt\u012bbas&nbsp;\u2013 [&hellip;]\" \/>\n<meta property=\"og:url\" content=\"https:\/\/izglitiba.valmierasnovads.lv\/vpvg\/vakances\/\" \/>\n<meta property=\"og:site_name\" content=\"Valmieras P\u0101rgaujas Valsts \u0123imn\u0101zija\" \/>\n<meta property=\"article:modified_time\" content=\"2025-08-26T17:29:34+00:00\" \/>\n<meta name=\"twitter:card\" content=\"summary_large_image\" \/>\n<meta name=\"twitter:label1\" content=\"Est. reading time\" \/>\n\t<meta name=\"twitter:data1\" content=\"1 min\u016bte\" \/>\n<script type=\"application\/ld+json\" class=\"yoast-schema-graph\">{\"@context\":\"https:\/\/schema.org\",\"@graph\":[{\"@type\":\"WebPage\",\"@id\":\"https:\/\/izglitiba.valmierasnovads.lv\/vpvg\/vakances\/\",\"url\":\"https:\/\/izglitiba.valmierasnovads.lv\/vpvg\/vakances\/\",\"name\":\"Vakances - Valmieras P\u0101rgaujas Valsts \u0123imn\u0101zija\",\"isPartOf\":{\"@id\":\"https:\/\/izglitiba.valmierasnovads.lv\/vpvg\/#website\"},\"datePublished\":\"2025-08-08T10:53:28+00:00\",\"dateModified\":\"2025-08-26T17:29:34+00:00\",\"breadcrumb\":{\"@id\":\"https:\/\/izglitiba.valmierasnovads.lv\/vpvg\/vakances\/#breadcrumb\"},\"inLanguage\":\"lv-LV\",\"potentialAction\":[{\"@type\":\"ReadAction\",\"target\":[\"https:\/\/izglitiba.valmierasnovads.lv\/vpvg\/vakances\/\"]}]},{\"@type\":\"BreadcrumbList\",\"@id\":\"https:\/\/izglitiba.valmierasnovads.lv\/vpvg\/vakances\/#breadcrumb\",\"itemListElement\":[{\"@type\":\"ListItem\",\"position\":1,\"name\":\"Home\",\"item\":\"https:\/\/izglitiba.valmierasnovads.lv\/vpvg\/\"},{\"@type\":\"ListItem\",\"position\":2,\"name\":\"Vakances\"}]},{\"@type\":\"WebSite\",\"@id\":\"https:\/\/izglitiba.valmierasnovads.lv\/vpvg\/#website\",\"url\":\"https:\/\/izglitiba.valmierasnovads.lv\/vpvg\/\",\"name\":\"Valmieras P\u0101rgaujas Valsts \u0123imn\u0101zija\",\"description\":\"\",\"publisher\":{\"@id\":\"https:\/\/izglitiba.valmierasnovads.lv\/vpvg\/#organization\"},\"potentialAction\":[{\"@type\":\"SearchAction\",\"target\":{\"@type\":\"EntryPoint\",\"urlTemplate\":\"https:\/\/izglitiba.valmierasnovads.lv\/vpvg\/?s={search_term_string}\"},\"query-input\":{\"@type\":\"PropertyValueSpecification\",\"valueRequired\":true,\"valueName\":\"search_term_string\"}}],\"inLanguage\":\"lv-LV\"},{\"@type\":\"Organization\",\"@id\":\"https:\/\/izglitiba.valmierasnovads.lv\/vpvg\/#organization\",\"name\":\"Valmieras P\u0101rgaujas Valsts \u0123imn\u0101zija\",\"url\":\"https:\/\/izglitiba.valmierasnovads.lv\/vpvg\/\",\"logo\":{\"@type\":\"ImageObject\",\"inLanguage\":\"lv-LV\",\"@id\":\"https:\/\/izglitiba.valmierasnovads.lv\/vpvg\/#\/schema\/logo\/image\/\",\"url\":\"https:\/\/izglitiba.valmierasnovads.lv\/vpvg\/wp-content\/uploads\/sites\/15\/2026\/04\/logo-scaled.png\",\"contentUrl\":\"https:\/\/izglitiba.valmierasnovads.lv\/vpvg\/wp-content\/uploads\/sites\/15\/2026\/04\/logo-scaled.png\",\"width\":2560,\"height\":406,\"caption\":\"Valmieras P\u0101rgaujas Valsts \u0123imn\u0101zija\"},\"image\":{\"@id\":\"https:\/\/izglitiba.valmierasnovads.lv\/vpvg\/#\/schema\/logo\/image\/\"}}]}<\/script>\n<!-- \/ Yoast SEO plugin. -->","yoast_head_json":{"title":"Vakances - Valmieras P\u0101rgaujas Valsts \u0123imn\u0101zija","robots":{"index":"index","follow":"follow","max-snippet":"max-snippet:-1","max-image-preview":"max-image-preview:large","max-video-preview":"max-video-preview:-1"},"canonical":"https:\/\/izglitiba.valmierasnovads.lv\/vpvg\/vakances\/","og_locale":"lv_LV","og_type":"article","og_title":"Vakances - Valmieras P\u0101rgaujas Valsts \u0123imn\u0101zija","og_description":"Valmieras P\u0101rgaujas Valsts \u0123imn\u0101zijas kolekt\u012bvs, b\u016btiski pieaugot skol\u0113nu un kla\u0161u skaitam,&nbsp;gaida TEVI &#8211; SKOLOT\u0100JU,&nbsp; fizik\u0101&nbsp;(par vakanci),&nbsp;kur\u0161 un&nbsp;kuriem&nbsp;noz\u012bm\u012bgas m\u016bsu skolas v\u0113rt\u012bbas&nbsp;\u2013 [&hellip;]","og_url":"https:\/\/izglitiba.valmierasnovads.lv\/vpvg\/vakances\/","og_site_name":"Valmieras P\u0101rgaujas Valsts \u0123imn\u0101zija","article_modified_time":"2025-08-26T17:29:34+00:00","twitter_card":"summary_large_image","twitter_misc":{"Est. reading time":"1 min\u016bte"},"schema":{"@context":"https:\/\/schema.org","@graph":[{"@type":"WebPage","@id":"https:\/\/izglitiba.valmierasnovads.lv\/vpvg\/vakances\/","url":"https:\/\/izglitiba.valmierasnovads.lv\/vpvg\/vakances\/","name":"Vakances - Valmieras P\u0101rgaujas Valsts \u0123imn\u0101zija","isPartOf":{"@id":"https:\/\/izglitiba.valmierasnovads.lv\/vpvg\/#website"},"datePublished":"2025-08-08T10:53:28+00:00","dateModified":"2025-08-26T17:29:34+00:00","breadcrumb":{"@id":"https:\/\/izglitiba.valmierasnovads.lv\/vpvg\/vakances\/#breadcrumb"},"inLanguage":"lv-LV","potentialAction":[{"@type":"ReadAction","target":["https:\/\/izglitiba.valmierasnovads.lv\/vpvg\/vakances\/"]}]},{"@type":"BreadcrumbList","@id":"https:\/\/izglitiba.valmierasnovads.lv\/vpvg\/vakances\/#breadcrumb","itemListElement":[{"@type":"ListItem","position":1,"name":"Home","item":"https:\/\/izglitiba.valmierasnovads.lv\/vpvg\/"},{"@type":"ListItem","position":2,"name":"Vakances"}]},{"@type":"WebSite","@id":"https:\/\/izglitiba.valmierasnovads.lv\/vpvg\/#website","url":"https:\/\/izglitiba.valmierasnovads.lv\/vpvg\/","name":"Valmieras P\u0101rgaujas Valsts \u0123imn\u0101zija","description":"","publisher":{"@id":"https:\/\/izglitiba.valmierasnovads.lv\/vpvg\/#organization"},"potentialAction":[{"@type":"SearchAction","target":{"@type":"EntryPoint","urlTemplate":"https:\/\/izglitiba.valmierasnovads.lv\/vpvg\/?s={search_term_string}"},"query-input":{"@type":"PropertyValueSpecification","valueRequired":true,"valueName":"search_term_string"}}],"inLanguage":"lv-LV"},{"@type":"Organization","@id":"https:\/\/izglitiba.valmierasnovads.lv\/vpvg\/#organization","name":"Valmieras P\u0101rgaujas Valsts \u0123imn\u0101zija","url":"https:\/\/izglitiba.valmierasnovads.lv\/vpvg\/","logo":{"@type":"ImageObject","inLanguage":"lv-LV","@id":"https:\/\/izglitiba.valmierasnovads.lv\/vpvg\/#\/schema\/logo\/image\/","url":"https:\/\/izglitiba.valmierasnovads.lv\/vpvg\/wp-content\/uploads\/sites\/15\/2026\/04\/logo-scaled.png","contentUrl":"https:\/\/izglitiba.valmierasnovads.lv\/vpvg\/wp-content\/uploads\/sites\/15\/2026\/04\/logo-scaled.png","width":2560,"height":406,"caption":"Valmieras P\u0101rgaujas Valsts \u0123imn\u0101zija"},"image":{"@id":"https:\/\/izglitiba.valmierasnovads.lv\/vpvg\/#\/schema\/logo\/image\/"}}]}},"_links":{"self":[{"href":"https:\/\/izglitiba.valmierasnovads.lv\/vpvg\/wp-json\/wp\/v2\/pages\/99","targetHints":{"allow":["GET"]}}],"collection":[{"href":"https:\/\/izglitiba.valmierasnovads.lv\/vpvg\/wp-json\/wp\/v2\/pages"}],"about":[{"href":"https:\/\/izglitiba.valmierasnovads.lv\/vpvg\/wp-json\/wp\/v2\/types\/page"}],"author":[{"embeddable":true,"href":"https:\/\/izglitiba.valmierasnovads.lv\/vpvg\/wp-json\/wp\/v2\/users\/16"}],"replies":[{"embeddable":true,"href":"https:\/\/izglitiba.valmierasnovads.lv\/vpvg\/wp-json\/wp\/v2\/comments?post=99"}],"version-history":[{"count":2,"href":"https:\/\/izglitiba.valmierasnovads.lv\/vpvg\/wp-json\/wp\/v2\/pages\/99\/revisions"}],"predecessor-version":[{"id":304,"href":"https:\/\/izglitiba.valmierasnovads.lv\/vpvg\/wp-json\/wp\/v2\/pages\/99\/revisions\/304"}],"wp:attachment":[{"href":"https:\/\/izglitiba.valmierasnovads.lv\/vpvg\/wp-json\/wp\/v2\/media?parent=99"}],"curies":[{"name":"wp","href":"https:\/\/api.w.org\/{rel}","templated":true}]}}