{"id":134,"date":"2025-08-20T10:21:11","date_gmt":"2025-08-20T07:21:11","guid":{"rendered":"https:\/\/izglitiba.valmierasnovads.lv\/vss\/?page_id=134"},"modified":"2025-08-20T13:56:08","modified_gmt":"2025-08-20T10:56:08","slug":"macibas","status":"publish","type":"page","link":"https:\/\/izglitiba.valmierasnovads.lv\/vss\/macibas\/","title":{"rendered":"M\u0101c\u012bbas"},"content":{"rendered":"\n<h2 class=\"wp-block-heading has-text-align-center has-text-color has-link-color wp-elements-3988869c2ba655b66d2909467f8a13e1\" style=\"color:#922131\">VALMIERAS S\u0100KUMSKOLAS IZGL\u012aTOJAMO M\u0100C\u012aBU LITERAT\u016aRAS SARAKSTS 2025.\/2026. M.G.<\/h2>\n\n\n\n<div data-wp-interactive=\"core\/file\" class=\"wp-block-file\"><object data-wp-bind--hidden=\"!state.hasPdfPreview\" hidden class=\"wp-block-file__embed\" data=\"https:\/\/izglitiba.valmierasnovads.lv\/vss\/wp-content\/uploads\/sites\/25\/2025\/08\/VS_mac-gram-sarakst-2025-2026.docx-1.pdf\" type=\"application\/pdf\" style=\"width:100%;height:600px\" aria-label=\"PDF iegul\u0161ana\"><\/object><\/div>\n\n\n<style>.kb-row-layout-id134_dd30b6-3b > .kt-row-column-wrap{align-content:start;}:where(.kb-row-layout-id134_dd30b6-3b > .kt-row-column-wrap) > .wp-block-kadence-column{justify-content:start;}.kb-row-layout-id134_dd30b6-3b > .kt-row-column-wrap{column-gap:var(--global-kb-gap-md, 2rem);row-gap:var(--global-kb-gap-md, 2rem);padding-top:var(--global-kb-spacing-sm, 1.5rem);padding-bottom:var(--global-kb-spacing-sm, 1.5rem);grid-template-columns:repeat(2, minmax(0, 1fr));}.kb-row-layout-id134_dd30b6-3b > .kt-row-layout-overlay{opacity:0.30;}@media all and (max-width: 1024px){.kb-row-layout-id134_dd30b6-3b > .kt-row-column-wrap{grid-template-columns:repeat(2, minmax(0, 1fr));}}@media all and (max-width: 767px){.kb-row-layout-id134_dd30b6-3b > .kt-row-column-wrap{grid-template-columns:minmax(0, 1fr);}}<\/style><div class=\"kb-row-layout-wrap kb-row-layout-id134_dd30b6-3b alignnone wp-block-kadence-rowlayout\"><div class=\"kt-row-column-wrap kt-has-2-columns kt-row-layout-equal kt-tab-layout-inherit kt-mobile-layout-row kt-row-valign-top\">\n<style>.kadence-column134_0c86d6-ef > .kt-inside-inner-col,.kadence-column134_0c86d6-ef > .kt-inside-inner-col:before{border-top-left-radius:0px;border-top-right-radius:0px;border-bottom-right-radius:0px;border-bottom-left-radius:0px;}.kadence-column134_0c86d6-ef > .kt-inside-inner-col{column-gap:var(--global-kb-gap-sm, 1rem);}.kadence-column134_0c86d6-ef > .kt-inside-inner-col{flex-direction:column;}.kadence-column134_0c86d6-ef > .kt-inside-inner-col > .aligncenter{width:100%;}.kadence-column134_0c86d6-ef > .kt-inside-inner-col:before{opacity:0.3;}.kadence-column134_0c86d6-ef{position:relative;}@media all and (max-width: 1024px){.kadence-column134_0c86d6-ef > .kt-inside-inner-col{flex-direction:column;justify-content:center;}}@media all and (max-width: 767px){.kadence-column134_0c86d6-ef > .kt-inside-inner-col{flex-direction:column;justify-content:center;}}<\/style>\n<div class=\"wp-block-kadence-column kadence-column134_0c86d6-ef\"><div class=\"kt-inside-inner-col\">\n<h2 class=\"wp-block-heading has-text-align-center has-text-color has-link-color wp-elements-d5822524ccf8b83cd001e7bb6ab09e7d\" id=\"h.iekc8eo7rpmk_l\" style=\"color:#922131\">STUNDU LAIKI<\/h2>\n\n\n\n<ol class=\"wp-block-list\">\n<li>8.00 \u2013 8.40<\/li>\n\n\n\n<li>8.50 \u2013 9.30<\/li>\n\n\n\n<li>9.40 \u2013 10.20<\/li>\n\n\n\n<li>10.30 \u2013 11.10<\/li>\n<\/ol>\n\n\n\n<p>PUSDIENAS no 11.10 \u2013 11.40<\/p>\n\n\n\n<ol start=\"5\" class=\"wp-block-list\">\n<li>11.40 \u2013 12.20<\/li>\n<\/ol>\n\n\n\n<p>PUSDIENAS no 12.20\u2013 12.50<\/p>\n\n\n\n<ol start=\"6\" class=\"wp-block-list\">\n<li>12.50 \u2013 13.30<\/li>\n\n\n\n<li>13.40 \u2013 14.20<\/li>\n\n\n\n<li>14.30 \u2013 15.10<\/li>\n<\/ol>\n<\/div><\/div>\n\n\n<style>.kadence-column134_f482f4-93 > .kt-inside-inner-col,.kadence-column134_f482f4-93 > .kt-inside-inner-col:before{border-top-left-radius:0px;border-top-right-radius:0px;border-bottom-right-radius:0px;border-bottom-left-radius:0px;}.kadence-column134_f482f4-93 > .kt-inside-inner-col{column-gap:var(--global-kb-gap-sm, 1rem);}.kadence-column134_f482f4-93 > .kt-inside-inner-col{flex-direction:column;}.kadence-column134_f482f4-93 > .kt-inside-inner-col > .aligncenter{width:100%;}.kadence-column134_f482f4-93 > .kt-inside-inner-col:before{opacity:0.3;}.kadence-column134_f482f4-93{position:relative;}@media all and (max-width: 1024px){.kadence-column134_f482f4-93 > .kt-inside-inner-col{flex-direction:column;justify-content:center;}}@media all and (max-width: 767px){.kadence-column134_f482f4-93 > .kt-inside-inner-col{flex-direction:column;justify-content:center;}}<\/style>\n<div class=\"wp-block-kadence-column kadence-column134_f482f4-93\"><div class=\"kt-inside-inner-col\">\n<h2 class=\"wp-block-heading has-text-align-center has-text-color has-link-color wp-elements-89801c93bc4cfe91ae3759165d62416a\" id=\"h.1w3qd9pv95ox_l\" style=\"color:#922131\">2025.\/2026. M\u0100C\u012aBU GADA SKOL\u0112NU BR\u012aVLAIKI<\/h2>\n\n\n\n<p><strong>Rudens br\u012bvdienas<\/strong>&nbsp;\u2013 no 2025.\u202fgada 20.\u202foktobra l\u012bdz 2025. gada 24.\u202foktobrim;&nbsp;<\/p>\n\n\n\n<p><strong>Ziemas br\u012bvdienas<\/strong>&nbsp;\u2013 no 2025.\u202fgada 22.\u202fdecembra l\u012bdz 2026.\u202fgada 2.\u202fjanv\u0101rim;&nbsp;<\/p>\n\n\n\n<p><strong>Pavasara br\u012bvdienas&nbsp;<\/strong>\u2013 no 2026.\u202fgada 9.\u202fmarta l\u012bdz 2026.\u202fgada 13.\u202fmartam;&nbsp;<\/p>\n\n\n\n<p><strong>Vasaras br\u012bvdienas&nbsp;<\/strong>\u2013 1.\u20138.\u202fklas\u0113m un 10.\u201311.\u202fklas\u0113m \u2013 no 2026.\u202fgada 1.\u202fj\u016bn\u012bjs l\u012bdz 31.\u202faugustam.&nbsp;<\/p>\n<\/div><\/div>\n\n<\/div><\/div>\n\n\n<h2 class=\"wp-block-heading has-text-align-center has-text-color has-link-color wp-elements-c61589e52a7cbfc89efcc111ccbe03c2\" style=\"color:#922131\">SKOLAS METODISK\u0100S KOMISIJAS\/M\u0100C\u012aBU JOMAS, TO VAD\u012aT\u0100JI 2025.\/2026. M.G.<\/h2>\n\n\n\n<ul class=\"wp-block-list\">\n<li>Baiba Sili\u0146a&nbsp;&#8211; 1.kla\u0161u MK,&nbsp;&nbsp;s\u0101kumskolas 1.-3.klases<\/li>\n\n\n\n<li>L\u0101sma Ka\u0161a &#8211;&nbsp;2.kla\u0161u MK,&nbsp;s\u0101kumskolas 1.-3.klases<\/li>\n\n\n\n<li>Helga Mez\u012bte &#8211;&nbsp;3.kla\u0161u MK, s\u0101kumskolas 1.-3.klases<\/li>\n\n\n\n<li>Sanita Tauri\u0146a &#8211; Latvie\u0161u valoda 4.-6.klases<\/li>\n\n\n\n<li>Aiga Vimba &#8211; Matem\u0101tika 4.-6.klaes<\/li>\n\n\n\n<li>Jaroslava Sirmais-Hre\u0161kova &#8211; Sve\u0161valodas<\/li>\n\n\n\n<li>Iveta Lapi\u0146a &#8211; Dabaszin\u0101tnes<\/li>\n\n\n\n<li>Signe L\u016bsi\u0146a &#8211;&nbsp;Vesel\u012bba un fizisk\u0101s aktivit\u0101tes<\/li>\n\n\n\n<li>Krist\u012bne \u0160valbe &#8211; Soci\u0101l\u0101 un pilsonisk\u0101 (soci\u0101lo zin\u012bbu, v\u0113stures)&nbsp;<\/li>\n\n\n\n<li>Silva Buli\u0146a &#8211; Kult\u016bras izpratne un pa\u0161izpausme (literat\u016bra, vizu\u0101l\u0101 m\u0101ksla, m\u016bzika, dr\u0101ma)<\/li>\n\n\n\n<li>Baiba Balode &#8211; Tehnolo\u0123iju (datorika)<\/li>\n\n\n\n<li>M\u0101r\u012bte Saul\u012bte &#8211; Tehnolo\u0123iju (dizains un tehnolo\u0123oijas)<\/li>\n\n\n\n<li>Di\u0101na Rudz\u012bte &#8211; V\u0113rt\u012bbizgl\u012bt\u012bba<\/li>\n\n\n\n<li>Atbalsta person\u0101ls atbilsto\u0161i kompetencei &#8211; Iek\u013caujo\u0161\u0101s izgl\u012bt\u012bbas atbalsts<\/li>\n<\/ul>\n\n\n\n<h2 class=\"wp-block-heading has-text-align-center has-text-color has-link-color wp-elements-ed8090f5ab2150bc9856da383eeb45ea\" style=\"color:#922131\">VALMIERAS S\u0100KUMSKOLA \u012aSTENO \u0160\u0100DAS IZGL\u012aT\u012aBAS PROGRAMMAS<\/h2>\n\n\n\n<p>1. Pamatizgl\u012bt\u012bbas pirm\u0101 posma (1. \u2013 6. klase) programma. Izgl\u012bt\u012bbas programmas kods 11011111.     <\/p>\n\n\n\n<p>2. Speci\u0101l\u0101s pamatizgl\u012bt\u012bbas 1. posma (1. \u2013 6. klase) programma izgl\u012btojamajiem ar m\u0101c\u012b\u0161an\u0101s trauc\u0113jumiem. Izgl\u012bt\u012bbas programmas kods 11015611.<\/p>\n\n\n\n<p>3. Speci\u0101l\u0101s pamatizgl\u012bt\u012bbas 1. posma (1. \u2013 6. klase) programma izgl\u012btojamajiem ar valodas trauc\u0113jumiem.  Izgl\u012bt\u012bbas programmas kods 11015511.<\/p>\n\n\n\n<p>4. Speci\u0101l\u0101s pamatizgl\u012bt\u012bbas 1. posma (1. \u2013 6. klase) programma izgl\u012btojamajiem ar fizisk\u0101s att\u012bst\u012bbas trauc\u0113jumiem.  Izgl\u012bt\u012bbas programmas kods 11013111.<\/p>\n","protected":false},"excerpt":{"rendered":"<p>VALMIERAS S\u0100KUMSKOLAS IZGL\u012aTOJAMO M\u0100C\u012aBU LITERAT\u016aRAS SARAKSTS 2025.\/2026. M.G. STUNDU LAIKI PUSDIENAS no 11.10 \u2013 11.40 PUSDIENAS no 12.20\u2013 12.50 2025.\/2026. [&hellip;]<\/p>\n","protected":false},"author":40,"featured_media":0,"parent":0,"menu_order":0,"comment_status":"closed","ping_status":"closed","template":"","meta":{"_acf_changed":false,"site-sidebar-layout":"default","site-content-layout":"","ast-site-content-layout":"default","site-content-style":"default","site-sidebar-style":"default","ast-global-header-display":"","ast-banner-title-visibility":"","ast-main-header-display":"","ast-hfb-above-header-display":"","ast-hfb-below-header-display":"","ast-hfb-mobile-header-display":"","site-post-title":"","ast-breadcrumbs-content":"","ast-featured-img":"","footer-sml-layout":"","ast-disable-related-posts":"","theme-transparent-header-meta":"","adv-header-id-meta":"","stick-header-meta":"","header-above-stick-meta":"","header-main-stick-meta":"","header-below-stick-meta":"","astra-migrate-meta-layouts":"default","ast-page-background-enabled":"default","ast-page-background-meta":{"desktop":{"background-color":"var(--ast-global-color-5)","background-image":"","background-repeat":"repeat","background-position":"center center","background-size":"auto","background-attachment":"scroll","background-type":"","background-media":"","overlay-type":"","overlay-color":"","overlay-opacity":"","overlay-gradient":""},"tablet":{"background-color":"","background-image":"","background-repeat":"repeat","background-position":"center center","background-size":"auto","background-attachment":"scroll","background-type":"","background-media":"","overlay-type":"","overlay-color":"","overlay-opacity":"","overlay-gradient":""},"mobile":{"background-color":"","background-image":"","background-repeat":"repeat","background-position":"center center","background-size":"auto","background-attachment":"scroll","background-type":"","background-media":"","overlay-type":"","overlay-color":"","overlay-opacity":"","overlay-gradient":""}},"ast-content-background-meta":{"desktop":{"background-color":"var(--ast-global-color-4)","background-image":"","background-repeat":"repeat","background-position":"center center","background-size":"auto","background-attachment":"scroll","background-type":"","background-media":"","overlay-type":"","overlay-color":"","overlay-opacity":"","overlay-gradient":""},"tablet":{"background-color":"var(--ast-global-color-4)","background-image":"","background-repeat":"repeat","background-position":"center center","background-size":"auto","background-attachment":"scroll","background-type":"","background-media":"","overlay-type":"","overlay-color":"","overlay-opacity":"","overlay-gradient":""},"mobile":{"background-color":"var(--ast-global-color-4)","background-image":"","background-repeat":"repeat","background-position":"center center","background-size":"auto","background-attachment":"scroll","background-type":"","background-media":"","overlay-type":"","overlay-color":"","overlay-opacity":"","overlay-gradient":""}},"footnotes":""},"class_list":["post-134","page","type-page","status-publish","hentry"],"acf":[],"yoast_head":"<!-- This site is optimized with the Yoast SEO plugin v27.0 - https:\/\/yoast.com\/product\/yoast-seo-wordpress\/ -->\n<title>M\u0101c\u012bbas - Valmieras s\u0101kumskola<\/title>\n<meta name=\"robots\" content=\"index, follow, max-snippet:-1, max-image-preview:large, max-video-preview:-1\" \/>\n<link rel=\"canonical\" href=\"https:\/\/izglitiba.valmierasnovads.lv\/vss\/macibas\/\" \/>\n<meta property=\"og:locale\" content=\"lv_LV\" \/>\n<meta property=\"og:type\" content=\"article\" \/>\n<meta property=\"og:title\" content=\"M\u0101c\u012bbas - Valmieras s\u0101kumskola\" \/>\n<meta property=\"og:description\" content=\"VALMIERAS S\u0100KUMSKOLAS IZGL\u012aTOJAMO M\u0100C\u012aBU LITERAT\u016aRAS SARAKSTS 2025.\/2026. M.G. STUNDU LAIKI PUSDIENAS no 11.10 \u2013 11.40 PUSDIENAS no 12.20\u2013 12.50 2025.\/2026. [&hellip;]\" \/>\n<meta property=\"og:url\" content=\"https:\/\/izglitiba.valmierasnovads.lv\/vss\/macibas\/\" \/>\n<meta property=\"og:site_name\" content=\"Valmieras s\u0101kumskola\" \/>\n<meta property=\"article:modified_time\" content=\"2025-08-20T10:56:08+00:00\" \/>\n<meta name=\"twitter:card\" content=\"summary_large_image\" \/>\n<meta name=\"twitter:label1\" content=\"Est. reading time\" \/>\n\t<meta name=\"twitter:data1\" content=\"2 min\u016btes\" \/>\n<script type=\"application\/ld+json\" class=\"yoast-schema-graph\">{\"@context\":\"https:\/\/schema.org\",\"@graph\":[{\"@type\":\"WebPage\",\"@id\":\"https:\/\/izglitiba.valmierasnovads.lv\/vss\/macibas\/\",\"url\":\"https:\/\/izglitiba.valmierasnovads.lv\/vss\/macibas\/\",\"name\":\"M\u0101c\u012bbas - Valmieras s\u0101kumskola\",\"isPartOf\":{\"@id\":\"https:\/\/izglitiba.valmierasnovads.lv\/vss\/#website\"},\"datePublished\":\"2025-08-20T07:21:11+00:00\",\"dateModified\":\"2025-08-20T10:56:08+00:00\",\"breadcrumb\":{\"@id\":\"https:\/\/izglitiba.valmierasnovads.lv\/vss\/macibas\/#breadcrumb\"},\"inLanguage\":\"lv-LV\",\"potentialAction\":[{\"@type\":\"ReadAction\",\"target\":[\"https:\/\/izglitiba.valmierasnovads.lv\/vss\/macibas\/\"]}]},{\"@type\":\"BreadcrumbList\",\"@id\":\"https:\/\/izglitiba.valmierasnovads.lv\/vss\/macibas\/#breadcrumb\",\"itemListElement\":[{\"@type\":\"ListItem\",\"position\":1,\"name\":\"Home\",\"item\":\"https:\/\/izglitiba.valmierasnovads.lv\/vss\/\"},{\"@type\":\"ListItem\",\"position\":2,\"name\":\"M\u0101c\u012bbas\"}]},{\"@type\":\"WebSite\",\"@id\":\"https:\/\/izglitiba.valmierasnovads.lv\/vss\/#website\",\"url\":\"https:\/\/izglitiba.valmierasnovads.lv\/vss\/\",\"name\":\"Valmieras s\u0101kumskola\",\"description\":\"M\u0101c\u0101mies darot\",\"publisher\":{\"@id\":\"https:\/\/izglitiba.valmierasnovads.lv\/vss\/#organization\"},\"potentialAction\":[{\"@type\":\"SearchAction\",\"target\":{\"@type\":\"EntryPoint\",\"urlTemplate\":\"https:\/\/izglitiba.valmierasnovads.lv\/vss\/?s={search_term_string}\"},\"query-input\":{\"@type\":\"PropertyValueSpecification\",\"valueRequired\":true,\"valueName\":\"search_term_string\"}}],\"inLanguage\":\"lv-LV\"},{\"@type\":\"Organization\",\"@id\":\"https:\/\/izglitiba.valmierasnovads.lv\/vss\/#organization\",\"name\":\"Valmieras s\u0101kumskola\",\"url\":\"https:\/\/izglitiba.valmierasnovads.lv\/vss\/\",\"logo\":{\"@type\":\"ImageObject\",\"inLanguage\":\"lv-LV\",\"@id\":\"https:\/\/izglitiba.valmierasnovads.lv\/vss\/#\/schema\/logo\/image\/\",\"url\":\"https:\/\/izglitiba.valmierasnovads.lv\/vss\/wp-content\/uploads\/sites\/25\/2026\/03\/cropped-Komplekta-ar-pasu-logo-scaled-1.png\",\"contentUrl\":\"https:\/\/izglitiba.valmierasnovads.lv\/vss\/wp-content\/uploads\/sites\/25\/2026\/03\/cropped-Komplekta-ar-pasu-logo-scaled-1.png\",\"width\":1480,\"height\":405,\"caption\":\"Valmieras s\u0101kumskola\"},\"image\":{\"@id\":\"https:\/\/izglitiba.valmierasnovads.lv\/vss\/#\/schema\/logo\/image\/\"}}]}<\/script>\n<!-- \/ Yoast SEO plugin. -->","yoast_head_json":{"title":"M\u0101c\u012bbas - Valmieras s\u0101kumskola","robots":{"index":"index","follow":"follow","max-snippet":"max-snippet:-1","max-image-preview":"max-image-preview:large","max-video-preview":"max-video-preview:-1"},"canonical":"https:\/\/izglitiba.valmierasnovads.lv\/vss\/macibas\/","og_locale":"lv_LV","og_type":"article","og_title":"M\u0101c\u012bbas - Valmieras s\u0101kumskola","og_description":"VALMIERAS S\u0100KUMSKOLAS IZGL\u012aTOJAMO M\u0100C\u012aBU LITERAT\u016aRAS SARAKSTS 2025.\/2026. M.G. STUNDU LAIKI PUSDIENAS no 11.10 \u2013 11.40 PUSDIENAS no 12.20\u2013 12.50 2025.\/2026. [&hellip;]","og_url":"https:\/\/izglitiba.valmierasnovads.lv\/vss\/macibas\/","og_site_name":"Valmieras s\u0101kumskola","article_modified_time":"2025-08-20T10:56:08+00:00","twitter_card":"summary_large_image","twitter_misc":{"Est. reading time":"2 min\u016btes"},"schema":{"@context":"https:\/\/schema.org","@graph":[{"@type":"WebPage","@id":"https:\/\/izglitiba.valmierasnovads.lv\/vss\/macibas\/","url":"https:\/\/izglitiba.valmierasnovads.lv\/vss\/macibas\/","name":"M\u0101c\u012bbas - Valmieras s\u0101kumskola","isPartOf":{"@id":"https:\/\/izglitiba.valmierasnovads.lv\/vss\/#website"},"datePublished":"2025-08-20T07:21:11+00:00","dateModified":"2025-08-20T10:56:08+00:00","breadcrumb":{"@id":"https:\/\/izglitiba.valmierasnovads.lv\/vss\/macibas\/#breadcrumb"},"inLanguage":"lv-LV","potentialAction":[{"@type":"ReadAction","target":["https:\/\/izglitiba.valmierasnovads.lv\/vss\/macibas\/"]}]},{"@type":"BreadcrumbList","@id":"https:\/\/izglitiba.valmierasnovads.lv\/vss\/macibas\/#breadcrumb","itemListElement":[{"@type":"ListItem","position":1,"name":"Home","item":"https:\/\/izglitiba.valmierasnovads.lv\/vss\/"},{"@type":"ListItem","position":2,"name":"M\u0101c\u012bbas"}]},{"@type":"WebSite","@id":"https:\/\/izglitiba.valmierasnovads.lv\/vss\/#website","url":"https:\/\/izglitiba.valmierasnovads.lv\/vss\/","name":"Valmieras s\u0101kumskola","description":"M\u0101c\u0101mies darot","publisher":{"@id":"https:\/\/izglitiba.valmierasnovads.lv\/vss\/#organization"},"potentialAction":[{"@type":"SearchAction","target":{"@type":"EntryPoint","urlTemplate":"https:\/\/izglitiba.valmierasnovads.lv\/vss\/?s={search_term_string}"},"query-input":{"@type":"PropertyValueSpecification","valueRequired":true,"valueName":"search_term_string"}}],"inLanguage":"lv-LV"},{"@type":"Organization","@id":"https:\/\/izglitiba.valmierasnovads.lv\/vss\/#organization","name":"Valmieras s\u0101kumskola","url":"https:\/\/izglitiba.valmierasnovads.lv\/vss\/","logo":{"@type":"ImageObject","inLanguage":"lv-LV","@id":"https:\/\/izglitiba.valmierasnovads.lv\/vss\/#\/schema\/logo\/image\/","url":"https:\/\/izglitiba.valmierasnovads.lv\/vss\/wp-content\/uploads\/sites\/25\/2026\/03\/cropped-Komplekta-ar-pasu-logo-scaled-1.png","contentUrl":"https:\/\/izglitiba.valmierasnovads.lv\/vss\/wp-content\/uploads\/sites\/25\/2026\/03\/cropped-Komplekta-ar-pasu-logo-scaled-1.png","width":1480,"height":405,"caption":"Valmieras s\u0101kumskola"},"image":{"@id":"https:\/\/izglitiba.valmierasnovads.lv\/vss\/#\/schema\/logo\/image\/"}}]}},"_links":{"self":[{"href":"https:\/\/izglitiba.valmierasnovads.lv\/vss\/wp-json\/wp\/v2\/pages\/134","targetHints":{"allow":["GET"]}}],"collection":[{"href":"https:\/\/izglitiba.valmierasnovads.lv\/vss\/wp-json\/wp\/v2\/pages"}],"about":[{"href":"https:\/\/izglitiba.valmierasnovads.lv\/vss\/wp-json\/wp\/v2\/types\/page"}],"author":[{"embeddable":true,"href":"https:\/\/izglitiba.valmierasnovads.lv\/vss\/wp-json\/wp\/v2\/users\/40"}],"replies":[{"embeddable":true,"href":"https:\/\/izglitiba.valmierasnovads.lv\/vss\/wp-json\/wp\/v2\/comments?post=134"}],"version-history":[{"count":7,"href":"https:\/\/izglitiba.valmierasnovads.lv\/vss\/wp-json\/wp\/v2\/pages\/134\/revisions"}],"predecessor-version":[{"id":255,"href":"https:\/\/izglitiba.valmierasnovads.lv\/vss\/wp-json\/wp\/v2\/pages\/134\/revisions\/255"}],"wp:attachment":[{"href":"https:\/\/izglitiba.valmierasnovads.lv\/vss\/wp-json\/wp\/v2\/media?parent=134"}],"curies":[{"name":"wp","href":"https:\/\/api.w.org\/{rel}","templated":true}]}}