{"id":146,"date":"2025-08-20T10:35:24","date_gmt":"2025-08-20T07:35:24","guid":{"rendered":"https:\/\/izglitiba.valmierasnovads.lv\/vss\/?page_id=146"},"modified":"2026-04-22T15:56:48","modified_gmt":"2026-04-22T12:56:48","slug":"audzinasana","status":"publish","type":"page","link":"https:\/\/izglitiba.valmierasnovads.lv\/vss\/audzinasana\/","title":{"rendered":"Audzin\u0101\u0161anas darba galvenie virzieni"},"content":{"rendered":"<style>.kb-row-layout-id146_a1f722-31 > .kt-row-column-wrap{align-content:center;}:where(.kb-row-layout-id146_a1f722-31 > .kt-row-column-wrap) > .wp-block-kadence-column{justify-content:center;}.kb-row-layout-id146_a1f722-31 > .kt-row-column-wrap{column-gap:var(--global-kb-gap-md, 2rem);row-gap:var(--global-kb-gap-md, 2rem);max-width:var(--wp--style--global--content-size);padding-top:var(--global-kb-spacing-xxl, 5rem);padding-bottom:var(--global-kb-spacing-xxl, 5rem);grid-template-columns:minmax(0, 1fr);}.kb-row-layout-id146_a1f722-31{background-image:url('https:\/\/izglitiba.valmierasnovads.lv\/vss\/wp-content\/uploads\/sites\/25\/2025\/04\/skolas-titulbilde-1-scaled.jpg');background-size:cover;background-position:24% 65%;background-attachment:scroll;background-repeat:no-repeat;}.kb-row-layout-id146_a1f722-31 > .kt-row-layout-overlay{opacity:1;background:linear-gradient(90deg,var(--global-palette8,#F7FAFC) 41%,rgba(247,250,252,0) 100%);}@media all and (max-width: 1024px){.kb-row-layout-id146_a1f722-31 > .kt-row-column-wrap{grid-template-columns:minmax(0, 1fr);}}@media all and (max-width: 1024px){.kb-row-layout-id146_a1f722-31 > .kt-row-layout-overlay{opacity:1;background:linear-gradient(180deg,var(--global-palette8,#F7FAFC) 53%,rgba(247,250,252,0) 100%);}}@media all and (max-width: 767px){.kb-row-layout-id146_a1f722-31 > .kt-row-column-wrap{grid-template-columns:minmax(0, 1fr);}}<\/style><div class=\"kb-row-layout-wrap kb-row-layout-id146_a1f722-31 alignfull kt-row-has-bg wp-block-kadence-rowlayout\"><div class=\"kt-row-layout-overlay kt-row-overlay-gradient\"><\/div><div class=\"kt-row-column-wrap kt-has-2-columns kt-row-layout-row kt-tab-layout-row kt-mobile-layout-row kt-row-valign-middle kb-theme-content-width\">\n<style>.kadence-column146_81a834-51 > .kt-inside-inner-col,.kadence-column146_81a834-51 > .kt-inside-inner-col:before{border-top-left-radius:0px;border-top-right-radius:0px;border-bottom-right-radius:0px;border-bottom-left-radius:0px;}.kadence-column146_81a834-51 > .kt-inside-inner-col{column-gap:var(--global-kb-gap-sm, 1rem);}.kadence-column146_81a834-51 > .kt-inside-inner-col{flex-direction:column;}.kadence-column146_81a834-51 > .kt-inside-inner-col > .aligncenter{width:100%;}.kadence-column146_81a834-51 > .kt-inside-inner-col:before{opacity:0.3;}.kadence-column146_81a834-51{position:relative;}@media all and (max-width: 1024px){.kadence-column146_81a834-51{text-align:center;}}@media all and (max-width: 1024px){.kadence-column146_81a834-51 > .kt-inside-inner-col{flex-direction:column;justify-content:center;}}@media all and (max-width: 767px){.kadence-column146_81a834-51 > .kt-inside-inner-col{flex-direction:column;justify-content:center;}}<\/style>\n<div class=\"wp-block-kadence-column kadence-column146_81a834-51 kb-section-dir-vertical inner-column-1\"><div class=\"kt-inside-inner-col\">\n<p>Veicin\u0101t skol\u0113nu atbild\u012bbu un r\u012bc\u012bbu saska\u0146\u0101 ar saviem pien\u0101kumiem un ties\u012bb\u0101m (SEM, APU).<\/p>\n\n\n\n<ul class=\"wp-block-list\">\n<li>M\u0101c\u012bbu un audzin\u0101\u0161anas aktivit\u0101t\u0113 turpin\u0101t pilnveidot izgl\u012btojam\u0101 v\u0113rt\u012bbizgl\u012bt\u012bbu, nostiprinot pilsonisk\u0101s un valstisk\u0101s identit\u0101tes \u0113tisko v\u0113rt\u012bbu apzin\u0101\u0161anos.<\/li>\n\n\n\n<li>Organiz\u0113t izgl\u012btojam\u0101 pieredz\u0113 balst\u012btu j\u0113gpilnu m\u0101c\u012bbu procesu, kur\u0101 m\u0101c\u012bbu satura apguve saist\u012bta ar praktisku, akt\u012bvu un rado\u0161u darb\u012bbu sabiedriskaj\u0101 un kult\u016bras dz\u012bv\u0113.<\/li>\n\n\n\n<li>Sekm\u0113t izgl\u012btojam\u0101 patriotisma un valstisk\u0101s identit\u0101tes veido\u0161anos, k\u0101 ar\u012b att\u012bst\u012bt izgl\u012btojamo pilsonisko atbild\u012bbu \u0123imen\u0113, skol\u0101, pils\u0113t\u0101 un valst\u012b.<\/li>\n\n\n\n<li>Veicin\u0101t izgl\u012btojamo izpratni par&nbsp; fizisko, gar\u012bgo un soci\u0101lo vesel\u012bbu un dro\u0161\u012bbai labv\u0113l\u012bgu r\u012bc\u012bbu, uz\u0146emoties personisko atbild\u012bbu.<\/li>\n<\/ul>\n<\/div><\/div>\n\n\n<style>.kadence-column146_cb0306-c0 > .kt-inside-inner-col,.kadence-column146_cb0306-c0 > .kt-inside-inner-col:before{border-top-left-radius:0px;border-top-right-radius:0px;border-bottom-right-radius:0px;border-bottom-left-radius:0px;}.kadence-column146_cb0306-c0 > .kt-inside-inner-col{column-gap:var(--global-kb-gap-sm, 1rem);}.kadence-column146_cb0306-c0 > .kt-inside-inner-col{flex-direction:column;}.kadence-column146_cb0306-c0 > .kt-inside-inner-col > .aligncenter{width:100%;}.kadence-column146_cb0306-c0 > .kt-inside-inner-col:before{opacity:0.3;}.kadence-column146_cb0306-c0{position:relative;}@media all and (max-width: 1024px){.kadence-column146_cb0306-c0 > .kt-inside-inner-col{flex-direction:column;justify-content:center;}}@media all and (max-width: 767px){.kadence-column146_cb0306-c0 > .kt-inside-inner-col{flex-direction:column;justify-content:center;}}<\/style>\n<div class=\"wp-block-kadence-column kadence-column146_cb0306-c0\"><div class=\"kt-inside-inner-col\">\n<h2 class=\"wp-block-heading has-text-align-center\">VALMIERAS S\u0100KUMSKOLAS AUDZIN\u0100\u0160ANAS DARBA PROGRAMMA<br>2023.\u20132026. M.G.<\/h2>\n\n\n\n<div data-wp-interactive=\"core\/file\" class=\"wp-block-file\"><object data-wp-bind--hidden=\"!state.hasPdfPreview\" hidden class=\"wp-block-file__embed\" data=\"https:\/\/izglitiba.valmierasnovads.lv\/vss\/wp-content\/uploads\/sites\/25\/2025\/08\/Audzinasanas-programma.pdf\" type=\"application\/pdf\" style=\"width:100%;height:550px\" aria-label=\"PDF iegul\u0161ana\"><\/object><\/div>\n<\/div><\/div>\n\n<\/div><\/div>\n\n\n<p class=\"has-text-align-center\"><\/p>\n","protected":false},"excerpt":{"rendered":"<p>Veicin\u0101t skol\u0113nu atbild\u012bbu un r\u012bc\u012bbu saska\u0146\u0101 ar saviem pien\u0101kumiem un ties\u012bb\u0101m (SEM, APU). VALMIERAS S\u0100KUMSKOLAS AUDZIN\u0100\u0160ANAS DARBA PROGRAMMA2023.\u20132026. M.G.<\/p>\n","protected":false},"author":40,"featured_media":0,"parent":0,"menu_order":0,"comment_status":"closed","ping_status":"closed","template":"","meta":{"_acf_changed":false,"site-sidebar-layout":"default","site-content-layout":"","ast-site-content-layout":"default","site-content-style":"default","site-sidebar-style":"default","ast-global-header-display":"","ast-banner-title-visibility":"","ast-main-header-display":"","ast-hfb-above-header-display":"","ast-hfb-below-header-display":"","ast-hfb-mobile-header-display":"","site-post-title":"","ast-breadcrumbs-content":"","ast-featured-img":"","footer-sml-layout":"","ast-disable-related-posts":"","theme-transparent-header-meta":"","adv-header-id-meta":"","stick-header-meta":"","header-above-stick-meta":"","header-main-stick-meta":"","header-below-stick-meta":"","astra-migrate-meta-layouts":"default","ast-page-background-enabled":"default","ast-page-background-meta":{"desktop":{"background-color":"var(--ast-global-color-5)","background-image":"","background-repeat":"repeat","background-position":"center center","background-size":"auto","background-attachment":"scroll","background-type":"","background-media":"","overlay-type":"","overlay-color":"","overlay-opacity":"","overlay-gradient":""},"tablet":{"background-color":"","background-image":"","background-repeat":"repeat","background-position":"center center","background-size":"auto","background-attachment":"scroll","background-type":"","background-media":"","overlay-type":"","overlay-color":"","overlay-opacity":"","overlay-gradient":""},"mobile":{"background-color":"","background-image":"","background-repeat":"repeat","background-position":"center center","background-size":"auto","background-attachment":"scroll","background-type":"","background-media":"","overlay-type":"","overlay-color":"","overlay-opacity":"","overlay-gradient":""}},"ast-content-background-meta":{"desktop":{"background-color":"var(--ast-global-color-4)","background-image":"","background-repeat":"repeat","background-position":"center center","background-size":"auto","background-attachment":"scroll","background-type":"","background-media":"","overlay-type":"","overlay-color":"","overlay-opacity":"","overlay-gradient":""},"tablet":{"background-color":"var(--ast-global-color-4)","background-image":"","background-repeat":"repeat","background-position":"center center","background-size":"auto","background-attachment":"scroll","background-type":"","background-media":"","overlay-type":"","overlay-color":"","overlay-opacity":"","overlay-gradient":""},"mobile":{"background-color":"var(--ast-global-color-4)","background-image":"","background-repeat":"repeat","background-position":"center center","background-size":"auto","background-attachment":"scroll","background-type":"","background-media":"","overlay-type":"","overlay-color":"","overlay-opacity":"","overlay-gradient":""}},"footnotes":""},"class_list":["post-146","page","type-page","status-publish","hentry"],"acf":[],"yoast_head":"<!-- This site is optimized with the Yoast SEO plugin v27.0 - https:\/\/yoast.com\/product\/yoast-seo-wordpress\/ -->\n<title>Audzin\u0101\u0161anas darba galvenie virzieni - Valmieras s\u0101kumskola<\/title>\n<meta name=\"robots\" content=\"index, follow, max-snippet:-1, max-image-preview:large, max-video-preview:-1\" \/>\n<link rel=\"canonical\" href=\"https:\/\/izglitiba.valmierasnovads.lv\/vss\/audzinasana\/\" \/>\n<meta property=\"og:locale\" content=\"lv_LV\" \/>\n<meta property=\"og:type\" content=\"article\" \/>\n<meta property=\"og:title\" content=\"Audzin\u0101\u0161anas darba galvenie virzieni - Valmieras s\u0101kumskola\" \/>\n<meta property=\"og:description\" content=\"Veicin\u0101t skol\u0113nu atbild\u012bbu un r\u012bc\u012bbu saska\u0146\u0101 ar saviem pien\u0101kumiem un ties\u012bb\u0101m (SEM, APU). VALMIERAS S\u0100KUMSKOLAS AUDZIN\u0100\u0160ANAS DARBA PROGRAMMA2023.\u20132026. M.G.\" \/>\n<meta property=\"og:url\" content=\"https:\/\/izglitiba.valmierasnovads.lv\/vss\/audzinasana\/\" \/>\n<meta property=\"og:site_name\" content=\"Valmieras s\u0101kumskola\" \/>\n<meta property=\"article:modified_time\" content=\"2026-04-22T12:56:48+00:00\" \/>\n<meta name=\"twitter:card\" content=\"summary_large_image\" \/>\n<meta name=\"twitter:label1\" content=\"Est. reading time\" \/>\n\t<meta name=\"twitter:data1\" content=\"1 min\u016bte\" \/>\n<script type=\"application\/ld+json\" class=\"yoast-schema-graph\">{\"@context\":\"https:\/\/schema.org\",\"@graph\":[{\"@type\":\"WebPage\",\"@id\":\"https:\/\/izglitiba.valmierasnovads.lv\/vss\/audzinasana\/\",\"url\":\"https:\/\/izglitiba.valmierasnovads.lv\/vss\/audzinasana\/\",\"name\":\"Audzin\u0101\u0161anas darba galvenie virzieni - Valmieras s\u0101kumskola\",\"isPartOf\":{\"@id\":\"https:\/\/izglitiba.valmierasnovads.lv\/vss\/#website\"},\"datePublished\":\"2025-08-20T07:35:24+00:00\",\"dateModified\":\"2026-04-22T12:56:48+00:00\",\"breadcrumb\":{\"@id\":\"https:\/\/izglitiba.valmierasnovads.lv\/vss\/audzinasana\/#breadcrumb\"},\"inLanguage\":\"lv-LV\",\"potentialAction\":[{\"@type\":\"ReadAction\",\"target\":[\"https:\/\/izglitiba.valmierasnovads.lv\/vss\/audzinasana\/\"]}]},{\"@type\":\"BreadcrumbList\",\"@id\":\"https:\/\/izglitiba.valmierasnovads.lv\/vss\/audzinasana\/#breadcrumb\",\"itemListElement\":[{\"@type\":\"ListItem\",\"position\":1,\"name\":\"Home\",\"item\":\"https:\/\/izglitiba.valmierasnovads.lv\/vss\/\"},{\"@type\":\"ListItem\",\"position\":2,\"name\":\"Audzin\u0101\u0161anas darba galvenie virzieni\"}]},{\"@type\":\"WebSite\",\"@id\":\"https:\/\/izglitiba.valmierasnovads.lv\/vss\/#website\",\"url\":\"https:\/\/izglitiba.valmierasnovads.lv\/vss\/\",\"name\":\"Valmieras s\u0101kumskola\",\"description\":\"M\u0101c\u0101mies darot\",\"publisher\":{\"@id\":\"https:\/\/izglitiba.valmierasnovads.lv\/vss\/#organization\"},\"potentialAction\":[{\"@type\":\"SearchAction\",\"target\":{\"@type\":\"EntryPoint\",\"urlTemplate\":\"https:\/\/izglitiba.valmierasnovads.lv\/vss\/?s={search_term_string}\"},\"query-input\":{\"@type\":\"PropertyValueSpecification\",\"valueRequired\":true,\"valueName\":\"search_term_string\"}}],\"inLanguage\":\"lv-LV\"},{\"@type\":\"Organization\",\"@id\":\"https:\/\/izglitiba.valmierasnovads.lv\/vss\/#organization\",\"name\":\"Valmieras s\u0101kumskola\",\"url\":\"https:\/\/izglitiba.valmierasnovads.lv\/vss\/\",\"logo\":{\"@type\":\"ImageObject\",\"inLanguage\":\"lv-LV\",\"@id\":\"https:\/\/izglitiba.valmierasnovads.lv\/vss\/#\/schema\/logo\/image\/\",\"url\":\"https:\/\/izglitiba.valmierasnovads.lv\/vss\/wp-content\/uploads\/sites\/25\/2026\/03\/cropped-Komplekta-ar-pasu-logo-scaled-1.png\",\"contentUrl\":\"https:\/\/izglitiba.valmierasnovads.lv\/vss\/wp-content\/uploads\/sites\/25\/2026\/03\/cropped-Komplekta-ar-pasu-logo-scaled-1.png\",\"width\":1480,\"height\":405,\"caption\":\"Valmieras s\u0101kumskola\"},\"image\":{\"@id\":\"https:\/\/izglitiba.valmierasnovads.lv\/vss\/#\/schema\/logo\/image\/\"}}]}<\/script>\n<!-- \/ Yoast SEO plugin. -->","yoast_head_json":{"title":"Audzin\u0101\u0161anas darba galvenie virzieni - Valmieras s\u0101kumskola","robots":{"index":"index","follow":"follow","max-snippet":"max-snippet:-1","max-image-preview":"max-image-preview:large","max-video-preview":"max-video-preview:-1"},"canonical":"https:\/\/izglitiba.valmierasnovads.lv\/vss\/audzinasana\/","og_locale":"lv_LV","og_type":"article","og_title":"Audzin\u0101\u0161anas darba galvenie virzieni - Valmieras s\u0101kumskola","og_description":"Veicin\u0101t skol\u0113nu atbild\u012bbu un r\u012bc\u012bbu saska\u0146\u0101 ar saviem pien\u0101kumiem un ties\u012bb\u0101m (SEM, APU). VALMIERAS S\u0100KUMSKOLAS AUDZIN\u0100\u0160ANAS DARBA PROGRAMMA2023.\u20132026. M.G.","og_url":"https:\/\/izglitiba.valmierasnovads.lv\/vss\/audzinasana\/","og_site_name":"Valmieras s\u0101kumskola","article_modified_time":"2026-04-22T12:56:48+00:00","twitter_card":"summary_large_image","twitter_misc":{"Est. reading time":"1 min\u016bte"},"schema":{"@context":"https:\/\/schema.org","@graph":[{"@type":"WebPage","@id":"https:\/\/izglitiba.valmierasnovads.lv\/vss\/audzinasana\/","url":"https:\/\/izglitiba.valmierasnovads.lv\/vss\/audzinasana\/","name":"Audzin\u0101\u0161anas darba galvenie virzieni - Valmieras s\u0101kumskola","isPartOf":{"@id":"https:\/\/izglitiba.valmierasnovads.lv\/vss\/#website"},"datePublished":"2025-08-20T07:35:24+00:00","dateModified":"2026-04-22T12:56:48+00:00","breadcrumb":{"@id":"https:\/\/izglitiba.valmierasnovads.lv\/vss\/audzinasana\/#breadcrumb"},"inLanguage":"lv-LV","potentialAction":[{"@type":"ReadAction","target":["https:\/\/izglitiba.valmierasnovads.lv\/vss\/audzinasana\/"]}]},{"@type":"BreadcrumbList","@id":"https:\/\/izglitiba.valmierasnovads.lv\/vss\/audzinasana\/#breadcrumb","itemListElement":[{"@type":"ListItem","position":1,"name":"Home","item":"https:\/\/izglitiba.valmierasnovads.lv\/vss\/"},{"@type":"ListItem","position":2,"name":"Audzin\u0101\u0161anas darba galvenie virzieni"}]},{"@type":"WebSite","@id":"https:\/\/izglitiba.valmierasnovads.lv\/vss\/#website","url":"https:\/\/izglitiba.valmierasnovads.lv\/vss\/","name":"Valmieras s\u0101kumskola","description":"M\u0101c\u0101mies darot","publisher":{"@id":"https:\/\/izglitiba.valmierasnovads.lv\/vss\/#organization"},"potentialAction":[{"@type":"SearchAction","target":{"@type":"EntryPoint","urlTemplate":"https:\/\/izglitiba.valmierasnovads.lv\/vss\/?s={search_term_string}"},"query-input":{"@type":"PropertyValueSpecification","valueRequired":true,"valueName":"search_term_string"}}],"inLanguage":"lv-LV"},{"@type":"Organization","@id":"https:\/\/izglitiba.valmierasnovads.lv\/vss\/#organization","name":"Valmieras s\u0101kumskola","url":"https:\/\/izglitiba.valmierasnovads.lv\/vss\/","logo":{"@type":"ImageObject","inLanguage":"lv-LV","@id":"https:\/\/izglitiba.valmierasnovads.lv\/vss\/#\/schema\/logo\/image\/","url":"https:\/\/izglitiba.valmierasnovads.lv\/vss\/wp-content\/uploads\/sites\/25\/2026\/03\/cropped-Komplekta-ar-pasu-logo-scaled-1.png","contentUrl":"https:\/\/izglitiba.valmierasnovads.lv\/vss\/wp-content\/uploads\/sites\/25\/2026\/03\/cropped-Komplekta-ar-pasu-logo-scaled-1.png","width":1480,"height":405,"caption":"Valmieras s\u0101kumskola"},"image":{"@id":"https:\/\/izglitiba.valmierasnovads.lv\/vss\/#\/schema\/logo\/image\/"}}]}},"_links":{"self":[{"href":"https:\/\/izglitiba.valmierasnovads.lv\/vss\/wp-json\/wp\/v2\/pages\/146","targetHints":{"allow":["GET"]}}],"collection":[{"href":"https:\/\/izglitiba.valmierasnovads.lv\/vss\/wp-json\/wp\/v2\/pages"}],"about":[{"href":"https:\/\/izglitiba.valmierasnovads.lv\/vss\/wp-json\/wp\/v2\/types\/page"}],"author":[{"embeddable":true,"href":"https:\/\/izglitiba.valmierasnovads.lv\/vss\/wp-json\/wp\/v2\/users\/40"}],"replies":[{"embeddable":true,"href":"https:\/\/izglitiba.valmierasnovads.lv\/vss\/wp-json\/wp\/v2\/comments?post=146"}],"version-history":[{"count":9,"href":"https:\/\/izglitiba.valmierasnovads.lv\/vss\/wp-json\/wp\/v2\/pages\/146\/revisions"}],"predecessor-version":[{"id":1062,"href":"https:\/\/izglitiba.valmierasnovads.lv\/vss\/wp-json\/wp\/v2\/pages\/146\/revisions\/1062"}],"wp:attachment":[{"href":"https:\/\/izglitiba.valmierasnovads.lv\/vss\/wp-json\/wp\/v2\/media?parent=146"}],"curies":[{"name":"wp","href":"https:\/\/api.w.org\/{rel}","templated":true}]}}