{"id":221,"date":"2025-08-20T11:42:15","date_gmt":"2025-08-20T08:42:15","guid":{"rendered":"https:\/\/izglitiba.valmierasnovads.lv\/vss\/?page_id=221"},"modified":"2026-04-22T15:35:00","modified_gmt":"2026-04-22T12:35:00","slug":"brauksanas-atvieglojumi","status":"publish","type":"page","link":"https:\/\/izglitiba.valmierasnovads.lv\/vss\/brauksanas-atvieglojumi\/","title":{"rendered":"Brauk\u0161anas atvieglojumi"},"content":{"rendered":"<style>.kb-row-layout-id221_7c783f-95 > .kt-row-column-wrap{align-content:center;}:where(.kb-row-layout-id221_7c783f-95 > .kt-row-column-wrap) > .wp-block-kadence-column{justify-content:center;}.kb-row-layout-id221_7c783f-95 > .kt-row-column-wrap{column-gap:var(--global-kb-gap-md, 2rem);row-gap:var(--global-kb-gap-md, 2rem);max-width:var(--wp--style--global--content-size);padding-top:var(--global-kb-spacing-xxl, 5rem);padding-bottom:var(--global-kb-spacing-xxl, 5rem);grid-template-columns:minmax(0, 1fr);}.kb-row-layout-id221_7c783f-95{background-image:url('https:\/\/izglitiba.valmierasnovads.lv\/vss\/wp-content\/uploads\/sites\/25\/2025\/04\/skolas-titulbilde-1-scaled.jpg');background-size:cover;background-position:24% 65%;background-attachment:scroll;background-repeat:no-repeat;}.kb-row-layout-id221_7c783f-95 > .kt-row-layout-overlay{opacity:1;background:linear-gradient(90deg,var(--global-palette8,#F7FAFC) 41%,rgba(247,250,252,0) 100%);}@media all and (max-width: 1024px){.kb-row-layout-id221_7c783f-95 > .kt-row-column-wrap{grid-template-columns:minmax(0, 1fr);}}@media all and (max-width: 1024px){.kb-row-layout-id221_7c783f-95 > .kt-row-layout-overlay{opacity:1;background:linear-gradient(180deg,var(--global-palette8,#F7FAFC) 53%,rgba(247,250,252,0) 100%);}}@media all and (max-width: 767px){.kb-row-layout-id221_7c783f-95 > .kt-row-column-wrap{grid-template-columns:minmax(0, 1fr);}}<\/style><div class=\"kb-row-layout-wrap kb-row-layout-id221_7c783f-95 alignfull kt-row-has-bg wp-block-kadence-rowlayout\"><div class=\"kt-row-layout-overlay kt-row-overlay-gradient\"><\/div><div class=\"kt-row-column-wrap kt-has-1-columns kt-row-layout-equal kt-tab-layout-inherit kt-mobile-layout-row kt-row-valign-middle kb-theme-content-width\">\n<style>.kadence-column221_45a448-f6 > .kt-inside-inner-col,.kadence-column221_45a448-f6 > .kt-inside-inner-col:before{border-top-left-radius:0px;border-top-right-radius:0px;border-bottom-right-radius:0px;border-bottom-left-radius:0px;}.kadence-column221_45a448-f6 > .kt-inside-inner-col{column-gap:var(--global-kb-gap-sm, 1rem);}.kadence-column221_45a448-f6 > .kt-inside-inner-col{flex-direction:column;}.kadence-column221_45a448-f6 > .kt-inside-inner-col > .aligncenter{width:100%;}.kadence-column221_45a448-f6 > .kt-inside-inner-col:before{opacity:0.3;}.kadence-column221_45a448-f6{position:relative;}@media all and (max-width: 1024px){.kadence-column221_45a448-f6{text-align:center;}}@media all and (max-width: 1024px){.kadence-column221_45a448-f6 > .kt-inside-inner-col{flex-direction:column;justify-content:center;}}@media all and (max-width: 767px){.kadence-column221_45a448-f6 > .kt-inside-inner-col{flex-direction:column;justify-content:center;}}<\/style>\n<div class=\"wp-block-kadence-column kadence-column221_45a448-f6 kb-section-dir-vertical inner-column-1\"><div class=\"kt-inside-inner-col\">\n<div class=\"wp-block-group is-nowrap is-layout-flex wp-container-core-group-is-layout-6c531013 wp-block-group-is-layout-flex\">\n<figure data-wp-context=\"{&quot;imageId&quot;:&quot;69f288799719b&quot;}\" data-wp-interactive=\"core\/image\" data-wp-key=\"69f288799719b\" class=\"wp-block-image size-full wp-lightbox-container\"><img loading=\"lazy\" decoding=\"async\" width=\"415\" height=\"243\" data-wp-class--hide=\"state.isContentHidden\" data-wp-class--show=\"state.isContentVisible\" data-wp-init=\"callbacks.setButtonStyles\" data-wp-on--click=\"actions.showLightbox\" data-wp-on--load=\"callbacks.setButtonStyles\" data-wp-on-window--resize=\"callbacks.setButtonStyles\" src=\"https:\/\/izglitiba.valmierasnovads.lv\/vss\/wp-content\/uploads\/sites\/25\/2025\/08\/Attels1.png\" alt=\"\" class=\"wp-image-222\" srcset=\"https:\/\/izglitiba.valmierasnovads.lv\/vss\/wp-content\/uploads\/sites\/25\/2025\/08\/Attels1.png 415w, https:\/\/izglitiba.valmierasnovads.lv\/vss\/wp-content\/uploads\/sites\/25\/2025\/08\/Attels1-300x176.png 300w\" sizes=\"auto, (max-width: 415px) 100vw, 415px\" \/><button\n\t\t\tclass=\"lightbox-trigger\"\n\t\t\ttype=\"button\"\n\t\t\taria-haspopup=\"dialog\"\n\t\t\taria-label=\"Palielin\u0101t\"\n\t\t\tdata-wp-init=\"callbacks.initTriggerButton\"\n\t\t\tdata-wp-on--click=\"actions.showLightbox\"\n\t\t\tdata-wp-style--right=\"state.imageButtonRight\"\n\t\t\tdata-wp-style--top=\"state.imageButtonTop\"\n\t\t>\n\t\t\t<svg xmlns=\"http:\/\/www.w3.org\/2000\/svg\" width=\"12\" height=\"12\" fill=\"none\" viewBox=\"0 0 12 12\">\n\t\t\t\t<path fill=\"#fff\" d=\"M2 0a2 2 0 0 0-2 2v2h1.5V2a.5.5 0 0 1 .5-.5h2V0H2Zm2 10.5H2a.5.5 0 0 1-.5-.5V8H0v2a2 2 0 0 0 2 2h2v-1.5ZM8 12v-1.5h2a.5.5 0 0 0 .5-.5V8H12v2a2 2 0 0 1-2 2H8Zm2-12a2 2 0 0 1 2 2v2h-1.5V2a.5.5 0 0 0-.5-.5H8V0h2Z\" \/>\n\t\t\t<\/svg>\n\t\t<\/button><\/figure>\n\n\n<style>.kadence-column221_f4e405-16 > .kt-inside-inner-col,.kadence-column221_f4e405-16 > .kt-inside-inner-col:before{border-top-left-radius:0px;border-top-right-radius:0px;border-bottom-right-radius:0px;border-bottom-left-radius:0px;}.kadence-column221_f4e405-16 > .kt-inside-inner-col{column-gap:var(--global-kb-gap-sm, 1rem);}.kadence-column221_f4e405-16 > .kt-inside-inner-col{flex-direction:column;}.kadence-column221_f4e405-16 > .kt-inside-inner-col > .aligncenter{width:100%;}.kadence-column221_f4e405-16 > .kt-inside-inner-col:before{opacity:0.3;}.kadence-column221_f4e405-16{position:relative;}@media all and (max-width: 1024px){.kadence-column221_f4e405-16 > .kt-inside-inner-col{flex-direction:column;justify-content:center;}}@media all and (max-width: 767px){.kadence-column221_f4e405-16 > .kt-inside-inner-col{flex-direction:column;justify-content:center;}}<\/style>\n<div class=\"wp-block-kadence-column kadence-column221_f4e405-16\"><div class=\"kt-inside-inner-col\">\n<p>Ja j\u016bsu b\u0113rnam, lai nok\u013c\u016btu uz\/no skolas, nepiecie\u0161ami brauk\u0161anas atvieglojumi VTU transport\u0101 \u0101rpus pils\u0113tas:<\/p>\n\n\n\n<ul class=\"wp-block-list\">\n<li>Eklases sada\u013c\u0101 \u201c<a href=\"https:\/\/forms.gle\/qrvtY11P2zHkXiRN9\" target=\"_blank\" rel=\"noreferrer noopener\">Aktualit\u0101tes<\/a>\u201d j\u0101aizpilda elektroniskais pieteikums.<\/li>\n<\/ul>\n\n\n\n<p>Ja j\u016bsu b\u0113rns izmanto citas firmas transporta pakalpojumus (piem. Cata):<\/p>\n\n\n\n<ul class=\"wp-block-list\">\n<li>saglab\u0101jiet brauk\u0161anas bi\u013cetes;<\/li>\n\n\n\n<li>l\u012bdz katra m\u0113ne\u0161a 10. datumam izgl\u012bt\u012bbas iest\u0101des leitved\u012bb\u0101 j\u0101iesniedz iesniegums, pievienojot skaidri salas\u0101mas brauk\u0161anas bi\u013cetes par pag\u0101ju\u0161o m\u0113nesi;<\/li>\n\n\n\n<li>Iesniegums pieejams www.valmierasnovads.lv sada\u013c\u0101 \u201c<a href=\"https:\/\/www.valmierasnovads.lv\/pasvaldiba\/dokumenti\/page\/4\/?veids=0&amp;tema=51&amp;iestade=0&amp;vards&amp;postFilter=Mekl%C4%93t\">Dokumenti<\/a>\u201d.<\/li>\n<\/ul>\n<\/div><\/div>\n<\/div>\n<\/div><\/div>\n\n<\/div><\/div>\n\n\n<p><\/p>\n","protected":false},"excerpt":{"rendered":"<p>Ja j\u016bsu b\u0113rnam, lai nok\u013c\u016btu uz\/no skolas, nepiecie\u0161ami brauk\u0161anas atvieglojumi VTU transport\u0101 \u0101rpus pils\u0113tas: Ja j\u016bsu b\u0113rns izmanto citas firmas [&hellip;]<\/p>\n","protected":false},"author":40,"featured_media":0,"parent":0,"menu_order":0,"comment_status":"closed","ping_status":"closed","template":"","meta":{"_acf_changed":false,"site-sidebar-layout":"default","site-content-layout":"","ast-site-content-layout":"","site-content-style":"default","site-sidebar-style":"default","ast-global-header-display":"","ast-banner-title-visibility":"","ast-main-header-display":"","ast-hfb-above-header-display":"","ast-hfb-below-header-display":"","ast-hfb-mobile-header-display":"","site-post-title":"","ast-breadcrumbs-content":"","ast-featured-img":"","footer-sml-layout":"","ast-disable-related-posts":"","theme-transparent-header-meta":"","adv-header-id-meta":"","stick-header-meta":"","header-above-stick-meta":"","header-main-stick-meta":"","header-below-stick-meta":"","astra-migrate-meta-layouts":"default","ast-page-background-enabled":"default","ast-page-background-meta":{"desktop":{"background-color":"var(--ast-global-color-5)","background-image":"","background-repeat":"repeat","background-position":"center center","background-size":"auto","background-attachment":"scroll","background-type":"","background-media":"","overlay-type":"","overlay-color":"","overlay-opacity":"","overlay-gradient":""},"tablet":{"background-color":"","background-image":"","background-repeat":"repeat","background-position":"center center","background-size":"auto","background-attachment":"scroll","background-type":"","background-media":"","overlay-type":"","overlay-color":"","overlay-opacity":"","overlay-gradient":""},"mobile":{"background-color":"","background-image":"","background-repeat":"repeat","background-position":"center center","background-size":"auto","background-attachment":"scroll","background-type":"","background-media":"","overlay-type":"","overlay-color":"","overlay-opacity":"","overlay-gradient":""}},"ast-content-background-meta":{"desktop":{"background-color":"var(--ast-global-color-4)","background-image":"","background-repeat":"repeat","background-position":"center center","background-size":"auto","background-attachment":"scroll","background-type":"","background-media":"","overlay-type":"","overlay-color":"","overlay-opacity":"","overlay-gradient":""},"tablet":{"background-color":"var(--ast-global-color-4)","background-image":"","background-repeat":"repeat","background-position":"center center","background-size":"auto","background-attachment":"scroll","background-type":"","background-media":"","overlay-type":"","overlay-color":"","overlay-opacity":"","overlay-gradient":""},"mobile":{"background-color":"var(--ast-global-color-4)","background-image":"","background-repeat":"repeat","background-position":"center center","background-size":"auto","background-attachment":"scroll","background-type":"","background-media":"","overlay-type":"","overlay-color":"","overlay-opacity":"","overlay-gradient":""}},"footnotes":""},"class_list":["post-221","page","type-page","status-publish","hentry"],"acf":[],"yoast_head":"<!-- This site is optimized with the Yoast SEO plugin v27.0 - https:\/\/yoast.com\/product\/yoast-seo-wordpress\/ -->\n<title>Brauk\u0161anas atvieglojumi - Valmieras s\u0101kumskola<\/title>\n<meta name=\"robots\" content=\"index, follow, max-snippet:-1, max-image-preview:large, max-video-preview:-1\" \/>\n<link rel=\"canonical\" href=\"https:\/\/izglitiba.valmierasnovads.lv\/vss\/brauksanas-atvieglojumi\/\" \/>\n<meta property=\"og:locale\" content=\"lv_LV\" \/>\n<meta property=\"og:type\" content=\"article\" \/>\n<meta property=\"og:title\" content=\"Brauk\u0161anas atvieglojumi - Valmieras s\u0101kumskola\" \/>\n<meta property=\"og:description\" content=\"Ja j\u016bsu b\u0113rnam, lai nok\u013c\u016btu uz\/no skolas, nepiecie\u0161ami brauk\u0161anas atvieglojumi VTU transport\u0101 \u0101rpus pils\u0113tas: Ja j\u016bsu b\u0113rns izmanto citas firmas [&hellip;]\" \/>\n<meta property=\"og:url\" content=\"https:\/\/izglitiba.valmierasnovads.lv\/vss\/brauksanas-atvieglojumi\/\" \/>\n<meta property=\"og:site_name\" content=\"Valmieras s\u0101kumskola\" \/>\n<meta property=\"article:modified_time\" content=\"2026-04-22T12:35:00+00:00\" \/>\n<meta property=\"og:image\" content=\"https:\/\/izglitiba.valmierasnovads.lv\/vss\/wp-content\/uploads\/sites\/25\/2025\/08\/Attels1.png\" \/>\n\t<meta property=\"og:image:width\" content=\"415\" \/>\n\t<meta property=\"og:image:height\" content=\"243\" \/>\n\t<meta property=\"og:image:type\" content=\"image\/png\" \/>\n<meta name=\"twitter:card\" content=\"summary_large_image\" \/>\n<meta name=\"twitter:label1\" content=\"Est. reading time\" \/>\n\t<meta name=\"twitter:data1\" content=\"1 min\u016bte\" \/>\n<script type=\"application\/ld+json\" class=\"yoast-schema-graph\">{\"@context\":\"https:\/\/schema.org\",\"@graph\":[{\"@type\":\"WebPage\",\"@id\":\"https:\/\/izglitiba.valmierasnovads.lv\/vss\/brauksanas-atvieglojumi\/\",\"url\":\"https:\/\/izglitiba.valmierasnovads.lv\/vss\/brauksanas-atvieglojumi\/\",\"name\":\"Brauk\u0161anas atvieglojumi - Valmieras s\u0101kumskola\",\"isPartOf\":{\"@id\":\"https:\/\/izglitiba.valmierasnovads.lv\/vss\/#website\"},\"primaryImageOfPage\":{\"@id\":\"https:\/\/izglitiba.valmierasnovads.lv\/vss\/brauksanas-atvieglojumi\/#primaryimage\"},\"image\":{\"@id\":\"https:\/\/izglitiba.valmierasnovads.lv\/vss\/brauksanas-atvieglojumi\/#primaryimage\"},\"thumbnailUrl\":\"https:\/\/izglitiba.valmierasnovads.lv\/vss\/wp-content\/uploads\/sites\/25\/2025\/08\/Attels1.png\",\"datePublished\":\"2025-08-20T08:42:15+00:00\",\"dateModified\":\"2026-04-22T12:35:00+00:00\",\"breadcrumb\":{\"@id\":\"https:\/\/izglitiba.valmierasnovads.lv\/vss\/brauksanas-atvieglojumi\/#breadcrumb\"},\"inLanguage\":\"lv-LV\",\"potentialAction\":[{\"@type\":\"ReadAction\",\"target\":[\"https:\/\/izglitiba.valmierasnovads.lv\/vss\/brauksanas-atvieglojumi\/\"]}]},{\"@type\":\"ImageObject\",\"inLanguage\":\"lv-LV\",\"@id\":\"https:\/\/izglitiba.valmierasnovads.lv\/vss\/brauksanas-atvieglojumi\/#primaryimage\",\"url\":\"https:\/\/izglitiba.valmierasnovads.lv\/vss\/wp-content\/uploads\/sites\/25\/2025\/08\/Attels1.png\",\"contentUrl\":\"https:\/\/izglitiba.valmierasnovads.lv\/vss\/wp-content\/uploads\/sites\/25\/2025\/08\/Attels1.png\",\"width\":415,\"height\":243},{\"@type\":\"BreadcrumbList\",\"@id\":\"https:\/\/izglitiba.valmierasnovads.lv\/vss\/brauksanas-atvieglojumi\/#breadcrumb\",\"itemListElement\":[{\"@type\":\"ListItem\",\"position\":1,\"name\":\"Home\",\"item\":\"https:\/\/izglitiba.valmierasnovads.lv\/vss\/\"},{\"@type\":\"ListItem\",\"position\":2,\"name\":\"Brauk\u0161anas atvieglojumi\"}]},{\"@type\":\"WebSite\",\"@id\":\"https:\/\/izglitiba.valmierasnovads.lv\/vss\/#website\",\"url\":\"https:\/\/izglitiba.valmierasnovads.lv\/vss\/\",\"name\":\"Valmieras s\u0101kumskola\",\"description\":\"M\u0101c\u0101mies darot\",\"publisher\":{\"@id\":\"https:\/\/izglitiba.valmierasnovads.lv\/vss\/#organization\"},\"potentialAction\":[{\"@type\":\"SearchAction\",\"target\":{\"@type\":\"EntryPoint\",\"urlTemplate\":\"https:\/\/izglitiba.valmierasnovads.lv\/vss\/?s={search_term_string}\"},\"query-input\":{\"@type\":\"PropertyValueSpecification\",\"valueRequired\":true,\"valueName\":\"search_term_string\"}}],\"inLanguage\":\"lv-LV\"},{\"@type\":\"Organization\",\"@id\":\"https:\/\/izglitiba.valmierasnovads.lv\/vss\/#organization\",\"name\":\"Valmieras s\u0101kumskola\",\"url\":\"https:\/\/izglitiba.valmierasnovads.lv\/vss\/\",\"logo\":{\"@type\":\"ImageObject\",\"inLanguage\":\"lv-LV\",\"@id\":\"https:\/\/izglitiba.valmierasnovads.lv\/vss\/#\/schema\/logo\/image\/\",\"url\":\"https:\/\/izglitiba.valmierasnovads.lv\/vss\/wp-content\/uploads\/sites\/25\/2026\/03\/cropped-Komplekta-ar-pasu-logo-scaled-1.png\",\"contentUrl\":\"https:\/\/izglitiba.valmierasnovads.lv\/vss\/wp-content\/uploads\/sites\/25\/2026\/03\/cropped-Komplekta-ar-pasu-logo-scaled-1.png\",\"width\":1480,\"height\":405,\"caption\":\"Valmieras s\u0101kumskola\"},\"image\":{\"@id\":\"https:\/\/izglitiba.valmierasnovads.lv\/vss\/#\/schema\/logo\/image\/\"}}]}<\/script>\n<!-- \/ Yoast SEO plugin. -->","yoast_head_json":{"title":"Brauk\u0161anas atvieglojumi - Valmieras s\u0101kumskola","robots":{"index":"index","follow":"follow","max-snippet":"max-snippet:-1","max-image-preview":"max-image-preview:large","max-video-preview":"max-video-preview:-1"},"canonical":"https:\/\/izglitiba.valmierasnovads.lv\/vss\/brauksanas-atvieglojumi\/","og_locale":"lv_LV","og_type":"article","og_title":"Brauk\u0161anas atvieglojumi - Valmieras s\u0101kumskola","og_description":"Ja j\u016bsu b\u0113rnam, lai nok\u013c\u016btu uz\/no skolas, nepiecie\u0161ami brauk\u0161anas atvieglojumi VTU transport\u0101 \u0101rpus pils\u0113tas: Ja j\u016bsu b\u0113rns izmanto citas firmas [&hellip;]","og_url":"https:\/\/izglitiba.valmierasnovads.lv\/vss\/brauksanas-atvieglojumi\/","og_site_name":"Valmieras s\u0101kumskola","article_modified_time":"2026-04-22T12:35:00+00:00","og_image":[{"width":415,"height":243,"url":"https:\/\/izglitiba.valmierasnovads.lv\/vss\/wp-content\/uploads\/sites\/25\/2025\/08\/Attels1.png","type":"image\/png"}],"twitter_card":"summary_large_image","twitter_misc":{"Est. reading time":"1 min\u016bte"},"schema":{"@context":"https:\/\/schema.org","@graph":[{"@type":"WebPage","@id":"https:\/\/izglitiba.valmierasnovads.lv\/vss\/brauksanas-atvieglojumi\/","url":"https:\/\/izglitiba.valmierasnovads.lv\/vss\/brauksanas-atvieglojumi\/","name":"Brauk\u0161anas atvieglojumi - Valmieras s\u0101kumskola","isPartOf":{"@id":"https:\/\/izglitiba.valmierasnovads.lv\/vss\/#website"},"primaryImageOfPage":{"@id":"https:\/\/izglitiba.valmierasnovads.lv\/vss\/brauksanas-atvieglojumi\/#primaryimage"},"image":{"@id":"https:\/\/izglitiba.valmierasnovads.lv\/vss\/brauksanas-atvieglojumi\/#primaryimage"},"thumbnailUrl":"https:\/\/izglitiba.valmierasnovads.lv\/vss\/wp-content\/uploads\/sites\/25\/2025\/08\/Attels1.png","datePublished":"2025-08-20T08:42:15+00:00","dateModified":"2026-04-22T12:35:00+00:00","breadcrumb":{"@id":"https:\/\/izglitiba.valmierasnovads.lv\/vss\/brauksanas-atvieglojumi\/#breadcrumb"},"inLanguage":"lv-LV","potentialAction":[{"@type":"ReadAction","target":["https:\/\/izglitiba.valmierasnovads.lv\/vss\/brauksanas-atvieglojumi\/"]}]},{"@type":"ImageObject","inLanguage":"lv-LV","@id":"https:\/\/izglitiba.valmierasnovads.lv\/vss\/brauksanas-atvieglojumi\/#primaryimage","url":"https:\/\/izglitiba.valmierasnovads.lv\/vss\/wp-content\/uploads\/sites\/25\/2025\/08\/Attels1.png","contentUrl":"https:\/\/izglitiba.valmierasnovads.lv\/vss\/wp-content\/uploads\/sites\/25\/2025\/08\/Attels1.png","width":415,"height":243},{"@type":"BreadcrumbList","@id":"https:\/\/izglitiba.valmierasnovads.lv\/vss\/brauksanas-atvieglojumi\/#breadcrumb","itemListElement":[{"@type":"ListItem","position":1,"name":"Home","item":"https:\/\/izglitiba.valmierasnovads.lv\/vss\/"},{"@type":"ListItem","position":2,"name":"Brauk\u0161anas atvieglojumi"}]},{"@type":"WebSite","@id":"https:\/\/izglitiba.valmierasnovads.lv\/vss\/#website","url":"https:\/\/izglitiba.valmierasnovads.lv\/vss\/","name":"Valmieras s\u0101kumskola","description":"M\u0101c\u0101mies darot","publisher":{"@id":"https:\/\/izglitiba.valmierasnovads.lv\/vss\/#organization"},"potentialAction":[{"@type":"SearchAction","target":{"@type":"EntryPoint","urlTemplate":"https:\/\/izglitiba.valmierasnovads.lv\/vss\/?s={search_term_string}"},"query-input":{"@type":"PropertyValueSpecification","valueRequired":true,"valueName":"search_term_string"}}],"inLanguage":"lv-LV"},{"@type":"Organization","@id":"https:\/\/izglitiba.valmierasnovads.lv\/vss\/#organization","name":"Valmieras s\u0101kumskola","url":"https:\/\/izglitiba.valmierasnovads.lv\/vss\/","logo":{"@type":"ImageObject","inLanguage":"lv-LV","@id":"https:\/\/izglitiba.valmierasnovads.lv\/vss\/#\/schema\/logo\/image\/","url":"https:\/\/izglitiba.valmierasnovads.lv\/vss\/wp-content\/uploads\/sites\/25\/2026\/03\/cropped-Komplekta-ar-pasu-logo-scaled-1.png","contentUrl":"https:\/\/izglitiba.valmierasnovads.lv\/vss\/wp-content\/uploads\/sites\/25\/2026\/03\/cropped-Komplekta-ar-pasu-logo-scaled-1.png","width":1480,"height":405,"caption":"Valmieras s\u0101kumskola"},"image":{"@id":"https:\/\/izglitiba.valmierasnovads.lv\/vss\/#\/schema\/logo\/image\/"}}]}},"_links":{"self":[{"href":"https:\/\/izglitiba.valmierasnovads.lv\/vss\/wp-json\/wp\/v2\/pages\/221","targetHints":{"allow":["GET"]}}],"collection":[{"href":"https:\/\/izglitiba.valmierasnovads.lv\/vss\/wp-json\/wp\/v2\/pages"}],"about":[{"href":"https:\/\/izglitiba.valmierasnovads.lv\/vss\/wp-json\/wp\/v2\/types\/page"}],"author":[{"embeddable":true,"href":"https:\/\/izglitiba.valmierasnovads.lv\/vss\/wp-json\/wp\/v2\/users\/40"}],"replies":[{"embeddable":true,"href":"https:\/\/izglitiba.valmierasnovads.lv\/vss\/wp-json\/wp\/v2\/comments?post=221"}],"version-history":[{"count":5,"href":"https:\/\/izglitiba.valmierasnovads.lv\/vss\/wp-json\/wp\/v2\/pages\/221\/revisions"}],"predecessor-version":[{"id":1052,"href":"https:\/\/izglitiba.valmierasnovads.lv\/vss\/wp-json\/wp\/v2\/pages\/221\/revisions\/1052"}],"wp:attachment":[{"href":"https:\/\/izglitiba.valmierasnovads.lv\/vss\/wp-json\/wp\/v2\/media?parent=221"}],"curies":[{"name":"wp","href":"https:\/\/api.w.org\/{rel}","templated":true}]}}