{"id":258,"date":"2025-08-20T13:45:38","date_gmt":"2025-08-20T10:45:38","guid":{"rendered":"https:\/\/izglitiba.valmierasnovads.lv\/vss\/?page_id=258"},"modified":"2025-08-20T13:45:39","modified_gmt":"2025-08-20T10:45:39","slug":"skolas-soma","status":"publish","type":"page","link":"https:\/\/izglitiba.valmierasnovads.lv\/vss\/skolas-soma\/","title":{"rendered":"Skolas soma"},"content":{"rendered":"<style>.kb-row-layout-id258_b3d249-61 > .kt-row-column-wrap{align-content:start;}:where(.kb-row-layout-id258_b3d249-61 > .kt-row-column-wrap) > .wp-block-kadence-column{justify-content:start;}.kb-row-layout-id258_b3d249-61 > .kt-row-column-wrap{column-gap:var(--global-kb-gap-md, 2rem);row-gap:var(--global-kb-gap-md, 2rem);padding-top:var(--global-kb-spacing-sm, 1.5rem);padding-bottom:var(--global-kb-spacing-sm, 1.5rem);}.kb-row-layout-id258_b3d249-61 > .kt-row-column-wrap > div:not(.added-for-specificity){grid-column:initial;}.kb-row-layout-id258_b3d249-61 > .kt-row-column-wrap{grid-template-columns:repeat(3, minmax(0, 1fr));}.kb-row-layout-id258_b3d249-61 > .kt-row-layout-overlay{opacity:0.30;}@media all and (max-width: 1024px){.kb-row-layout-id258_b3d249-61 > .kt-row-column-wrap > div:not(.added-for-specificity){grid-column:initial;}}@media all and (max-width: 1024px){.kb-row-layout-id258_b3d249-61 > .kt-row-column-wrap{grid-template-columns:repeat(3, minmax(0, 1fr));}}@media all and (max-width: 767px){.kb-row-layout-id258_b3d249-61 > .kt-row-column-wrap > div:not(.added-for-specificity){grid-column:initial;}.kb-row-layout-id258_b3d249-61 > .kt-row-column-wrap{grid-template-columns:minmax(0, 1fr);}}<\/style><div class=\"kb-row-layout-wrap kb-row-layout-id258_b3d249-61 alignnone wp-block-kadence-rowlayout\"><div class=\"kt-row-column-wrap kt-has-3-columns kt-row-layout-equal kt-tab-layout-inherit kt-mobile-layout-row kt-row-valign-top\">\n<style>.kadence-column258_2ad44b-81 > .kt-inside-inner-col,.kadence-column258_2ad44b-81 > .kt-inside-inner-col:before{border-top-left-radius:0px;border-top-right-radius:0px;border-bottom-right-radius:0px;border-bottom-left-radius:0px;}.kadence-column258_2ad44b-81 > .kt-inside-inner-col{column-gap:var(--global-kb-gap-sm, 1rem);}.kadence-column258_2ad44b-81 > .kt-inside-inner-col{flex-direction:column;}.kadence-column258_2ad44b-81 > .kt-inside-inner-col > .aligncenter{width:100%;}.kadence-column258_2ad44b-81 > .kt-inside-inner-col:before{opacity:0.3;}.kadence-column258_2ad44b-81{position:relative;}@media all and (max-width: 1024px){.kadence-column258_2ad44b-81 > .kt-inside-inner-col{flex-direction:column;justify-content:center;}}@media all and (max-width: 767px){.kadence-column258_2ad44b-81 > .kt-inside-inner-col{flex-direction:column;justify-content:center;}}<\/style>\n<div class=\"wp-block-kadence-column kadence-column258_2ad44b-81\"><div class=\"kt-inside-inner-col\">\n<figure class=\"wp-block-image size-full\"><img loading=\"lazy\" decoding=\"async\" width=\"1024\" height=\"1024\" src=\"https:\/\/izglitiba.valmierasnovads.lv\/vss\/wp-content\/uploads\/sites\/25\/2025\/08\/LSS_infografiks_kvadrats-1024x1024-1.png\" alt=\"\" class=\"wp-image-259\" srcset=\"https:\/\/izglitiba.valmierasnovads.lv\/vss\/wp-content\/uploads\/sites\/25\/2025\/08\/LSS_infografiks_kvadrats-1024x1024-1.png 1024w, https:\/\/izglitiba.valmierasnovads.lv\/vss\/wp-content\/uploads\/sites\/25\/2025\/08\/LSS_infografiks_kvadrats-1024x1024-1-300x300.png 300w, https:\/\/izglitiba.valmierasnovads.lv\/vss\/wp-content\/uploads\/sites\/25\/2025\/08\/LSS_infografiks_kvadrats-1024x1024-1-150x150.png 150w, https:\/\/izglitiba.valmierasnovads.lv\/vss\/wp-content\/uploads\/sites\/25\/2025\/08\/LSS_infografiks_kvadrats-1024x1024-1-768x768.png 768w\" sizes=\"auto, (max-width: 1024px) 100vw, 1024px\" \/><\/figure>\n<\/div><\/div>\n\n\n<style>.kadence-column258_7bf353-cd > .kt-inside-inner-col,.kadence-column258_7bf353-cd > .kt-inside-inner-col:before{border-top-left-radius:0px;border-top-right-radius:0px;border-bottom-right-radius:0px;border-bottom-left-radius:0px;}.kadence-column258_7bf353-cd > .kt-inside-inner-col{column-gap:var(--global-kb-gap-sm, 1rem);}.kadence-column258_7bf353-cd > .kt-inside-inner-col{flex-direction:column;}.kadence-column258_7bf353-cd > .kt-inside-inner-col > .aligncenter{width:100%;}.kadence-column258_7bf353-cd > .kt-inside-inner-col:before{opacity:0.3;}.kadence-column258_7bf353-cd{position:relative;}@media all and (max-width: 1024px){.kadence-column258_7bf353-cd > .kt-inside-inner-col{flex-direction:column;justify-content:center;}}@media all and (max-width: 767px){.kadence-column258_7bf353-cd > .kt-inside-inner-col{flex-direction:column;justify-content:center;}}<\/style>\n<div class=\"wp-block-kadence-column kadence-column258_7bf353-cd\"><div class=\"kt-inside-inner-col\">\n<figure class=\"wp-block-image size-full\"><img loading=\"lazy\" decoding=\"async\" width=\"1024\" height=\"576\" src=\"https:\/\/izglitiba.valmierasnovads.lv\/vss\/wp-content\/uploads\/sites\/25\/2025\/08\/Infografika-1024x576-1.png\" alt=\"\" class=\"wp-image-260\" srcset=\"https:\/\/izglitiba.valmierasnovads.lv\/vss\/wp-content\/uploads\/sites\/25\/2025\/08\/Infografika-1024x576-1.png 1024w, https:\/\/izglitiba.valmierasnovads.lv\/vss\/wp-content\/uploads\/sites\/25\/2025\/08\/Infografika-1024x576-1-300x169.png 300w, https:\/\/izglitiba.valmierasnovads.lv\/vss\/wp-content\/uploads\/sites\/25\/2025\/08\/Infografika-1024x576-1-768x432.png 768w\" sizes=\"auto, (max-width: 1024px) 100vw, 1024px\" \/><\/figure>\n<\/div><\/div>\n\n\n<style>.kadence-column258_9ab72e-36 > .kt-inside-inner-col,.kadence-column258_9ab72e-36 > .kt-inside-inner-col:before{border-top-left-radius:0px;border-top-right-radius:0px;border-bottom-right-radius:0px;border-bottom-left-radius:0px;}.kadence-column258_9ab72e-36 > .kt-inside-inner-col{column-gap:var(--global-kb-gap-sm, 1rem);}.kadence-column258_9ab72e-36 > .kt-inside-inner-col{flex-direction:column;}.kadence-column258_9ab72e-36 > .kt-inside-inner-col > .aligncenter{width:100%;}.kadence-column258_9ab72e-36 > .kt-inside-inner-col:before{opacity:0.3;}.kadence-column258_9ab72e-36{position:relative;}@media all and (max-width: 1024px){.kadence-column258_9ab72e-36 > .kt-inside-inner-col{flex-direction:column;justify-content:center;}}@media all and (max-width: 767px){.kadence-column258_9ab72e-36 > .kt-inside-inner-col{flex-direction:column;justify-content:center;}}<\/style>\n<div class=\"wp-block-kadence-column kadence-column258_9ab72e-36\"><div class=\"kt-inside-inner-col\">\n<figure class=\"wp-block-image size-full\"><img loading=\"lazy\" decoding=\"async\" width=\"1024\" height=\"576\" src=\"https:\/\/izglitiba.valmierasnovads.lv\/vss\/wp-content\/uploads\/sites\/25\/2025\/08\/Latvijas_skolas_soma_laika_linija_LV-1024x576-1.png\" alt=\"\" class=\"wp-image-261\" srcset=\"https:\/\/izglitiba.valmierasnovads.lv\/vss\/wp-content\/uploads\/sites\/25\/2025\/08\/Latvijas_skolas_soma_laika_linija_LV-1024x576-1.png 1024w, https:\/\/izglitiba.valmierasnovads.lv\/vss\/wp-content\/uploads\/sites\/25\/2025\/08\/Latvijas_skolas_soma_laika_linija_LV-1024x576-1-300x169.png 300w, https:\/\/izglitiba.valmierasnovads.lv\/vss\/wp-content\/uploads\/sites\/25\/2025\/08\/Latvijas_skolas_soma_laika_linija_LV-1024x576-1-768x432.png 768w\" sizes=\"auto, (max-width: 1024px) 100vw, 1024px\" \/><\/figure>\n<\/div><\/div>\n\n<\/div><\/div>\n\n\n<p>Kult\u016brizgl\u012bt\u012bbas programma \u201cLatvijas skolas soma\u201d nodro\u0161ina skol\u0113niem valsts apmaks\u0101tu iesp\u0113ju regul\u0101ri iepaz\u012bt Latvijas kult\u016bras v\u0113rt\u012bbas un laikmet\u012bg\u0101s izpausmes t\u0101 att\u012bstot kult\u016bras izpratnes un izpausmes kompetenci, mazinot soci\u0101lo nevienl\u012bdz\u012bbu un sp\u0113cinot lepnumu par savu valsti un t\u0101s cilv\u0113kiem. T\u0101 ir kompleksa, starpdisciplin\u0101ra kult\u016brizgl\u012bt\u012bbas programma, kas katru m\u0101c\u012bbu semestri aptver vair\u0101k nek\u0101 230 000 Latvijas b\u0113rnu un jaunie\u0161u, sniedzot vi\u0146iem iesp\u0113ju sastapt kult\u016bru. Programma uzs\u0101ka darb\u012bbu ar 2018.\/2019. m\u0101c\u012bbu gadu Latvijas valsts simtgades programmas ietvaros un kop\u0161 2022. gada tiek administr\u0113ta Latvijas Nacion\u0101laj\u0101 kult\u016bras centr\u0101.<\/p>\n\n\n\n<p>Programma r\u016bp\u0113jas, lai visiem skol\u0113niem, kas kl\u0101tien\u0113 apg\u016bst pamata un vid\u0113j\u0101s visp\u0101r\u0113j\u0101s un profesion\u0101l\u0101s izgl\u012bt\u012bbas programmas, regul\u0101ri pieejamas kvalitat\u012bvas, profesion\u0101li veidotas kult\u016bras norises, kas atkl\u0101j Latvijas kult\u016bras v\u0113rt\u012bbas un laikmet\u012bg\u0101s izpausmes. Izmantojot kult\u016bras norises k\u0101 resursu, m\u0101c\u012b\u0161an\u0101s k\u013c\u016bst j\u0113gpiln\u0101ka un personisk\u0101ka.<\/p>\n\n\n\n<h3 class=\"wp-block-heading has-text-color has-link-color wp-elements-83a198d27e613a2d99d7139db03847f6\" style=\"color:#922131\"><strong>SATURS<\/strong><\/h3>\n\n\n\n<p>Skol\u0113ni iepaz\u012bst desmit kult\u016bras nozares \u2013&nbsp;<strong>m\u016bziku, te\u0101tri, deju, cirku, vizu\u0101lo m\u0101kslu, kino, arhitekt\u016bru, dizainu, kult\u016bras mantojumu, literat\u016bru un gr\u0101matniec\u012bbu<\/strong>. Svar\u012bgi, lai izv\u0113l\u0113t\u0101s kult\u016bras norises sniedz m\u0101ksliniecisku baud\u012bjumu, raisa p\u0101rdomas par person\u012bgi noz\u012bm\u012bgiem un sabiedriski aktu\u0101liem jaut\u0101jumiem, izklaid\u0113 un vienlaikus pal\u012bdz papla\u0161in\u0101t redzesloku un apg\u016bt m\u0101c\u012bbu saturu.<\/p>\n\n\n\n<h3 class=\"wp-block-heading has-text-color has-link-color wp-elements-8c9b9c77d832ec8cc76a93e6ca012f5c\" style=\"color:#922131\"><strong>PROGRAMMAS NORISEI KOPUM\u0100 UN IZGL\u012aT\u012aBAS IEST\u0100DES L\u012aMEN\u012a J\u0100NODRO\u0160INA \u0160\u0100DI PAMATPRINCIPI:<\/strong><\/h3>\n\n\n\n<ul class=\"wp-block-list\">\n<li>visu skol\u0113nu iesaiste, nodro\u0161inot l\u012bdzties\u012bgumu kult\u016bras nori\u0161u pieejam\u012bb\u0101;<\/li>\n\n\n\n<li>tradicion\u0101lo kult\u016bras v\u0113rt\u012bbu un laikmet\u012bg\u0101s kult\u016bras un m\u0101kslas nori\u0161u l\u012bdzsvars;<\/li>\n\n\n\n<li>saikne ar tie\u0161o m\u0101c\u012bbu saturu un procesu, lai sekm\u0113tu nacion\u0101l\u0101 izgl\u012bt\u012bbas standarta m\u0113r\u0137u sasnieg\u0161anu;<\/li>\n\n\n\n<li>kult\u016bras un izgl\u012bt\u012bbas profesion\u0101\u013cu sadarb\u012bba.<\/li>\n<\/ul>\n\n\n\n<h3 class=\"wp-block-heading has-text-color has-link-color wp-elements-5cfa1d6e2dca750199795f65a0772897\" style=\"color:#922131\"><strong>KULT\u016aRAS NOZAR\u0112 PROGRAMMA:<\/strong><\/h3>\n\n\n\n<ul class=\"wp-block-list\">\n<li>sekm\u0113 jaunu kult\u016bras produktu veido\u0161anu b\u0113rnu un jaunie\u0161u auditorijai;<\/li>\n\n\n\n<li>paaugstina rado\u0161o profesion\u0101\u013cu nodarbin\u0101t\u012bbu;<\/li>\n\n\n\n<li>nodro\u0161ina regul\u0101ru piepras\u012bjumu p\u0113c kult\u016bras noris\u0113m, t.sk., l\u012bdz \u0161im neizmantotos laika segmentos;<\/li>\n\n\n\n<li>veido pieredz\u0113ju\u0161u n\u0101kotnes auditoriju, ce\u013cot kop\u0113jo kult\u016bras pat\u0113ri\u0146a l\u012bmeni.<\/li>\n<\/ul>\n\n\n\n<h3 class=\"wp-block-heading has-text-color has-link-color wp-elements-3ebbf04fcbefde12938f5abaf87474ca\" style=\"color:#922131\"><strong>IZGL\u012aT\u012aB\u0100 KULT\u016aRAS NORI\u0160U IEPAZ\u012a\u0160ANA:<\/strong><\/h3>\n\n\n\n<ul class=\"wp-block-list\">\n<li>sekm\u0113 izgl\u012bt\u012bbas satura apguvi, veicinot skol\u0113nu interesi un motiv\u0101ciju m\u0101c\u012bties;<\/li>\n\n\n\n<li>pozit\u012bvi ietekm\u0113 skol\u0113nu emocion\u0101lo labsaj\u016btu un ment\u0101lo vesel\u012bbu;<\/li>\n<\/ul>\n\n\n\n<ul class=\"wp-block-list\">\n<li>da\u017e\u0101do inform\u0101cijas ieguves veidus (piem., alternat\u012bva un \/ vai papildin\u0101jums druk\u0101t\u0101m gr\u0101mat\u0101m utt.);<\/li>\n\n\n\n<li>veicina sadarb\u012bbu ar \u0123imen\u0113m, par\u0101dot m\u016bsdien\u012bgu m\u0101c\u012bbu procesu un sniedzot pieeju kult\u016bras noris\u0113m Latvij\u0101;<\/li>\n\n\n\n<li>paaugstina skolot\u0101ju kult\u016bras kompetenci, veicina vi\u0146u sadarb\u012bbu savstarp\u0113ji un izgl\u012bt\u012bbas iest\u0101des l\u012bmen\u012b.<\/li>\n<\/ul>\n","protected":false},"excerpt":{"rendered":"<p>Kult\u016brizgl\u012bt\u012bbas programma \u201cLatvijas skolas soma\u201d nodro\u0161ina skol\u0113niem valsts apmaks\u0101tu iesp\u0113ju regul\u0101ri iepaz\u012bt Latvijas kult\u016bras v\u0113rt\u012bbas un laikmet\u012bg\u0101s izpausmes t\u0101 att\u012bstot [&hellip;]<\/p>\n","protected":false},"author":27,"featured_media":0,"parent":0,"menu_order":0,"comment_status":"closed","ping_status":"closed","template":"","meta":{"_acf_changed":false,"site-sidebar-layout":"default","site-content-layout":"","ast-site-content-layout":"default","site-content-style":"default","site-sidebar-style":"default","ast-global-header-display":"","ast-banner-title-visibility":"","ast-main-header-display":"","ast-hfb-above-header-display":"","ast-hfb-below-header-display":"","ast-hfb-mobile-header-display":"","site-post-title":"","ast-breadcrumbs-content":"","ast-featured-img":"","footer-sml-layout":"","ast-disable-related-posts":"","theme-transparent-header-meta":"","adv-header-id-meta":"","stick-header-meta":"","header-above-stick-meta":"","header-main-stick-meta":"","header-below-stick-meta":"","astra-migrate-meta-layouts":"default","ast-page-background-enabled":"default","ast-page-background-meta":{"desktop":{"background-color":"var(--ast-global-color-5)","background-image":"","background-repeat":"repeat","background-position":"center center","background-size":"auto","background-attachment":"scroll","background-type":"","background-media":"","overlay-type":"","overlay-color":"","overlay-opacity":"","overlay-gradient":""},"tablet":{"background-color":"","background-image":"","background-repeat":"repeat","background-position":"center center","background-size":"auto","background-attachment":"scroll","background-type":"","background-media":"","overlay-type":"","overlay-color":"","overlay-opacity":"","overlay-gradient":""},"mobile":{"background-color":"","background-image":"","background-repeat":"repeat","background-position":"center center","background-size":"auto","background-attachment":"scroll","background-type":"","background-media":"","overlay-type":"","overlay-color":"","overlay-opacity":"","overlay-gradient":""}},"ast-content-background-meta":{"desktop":{"background-color":"var(--ast-global-color-4)","background-image":"","background-repeat":"repeat","background-position":"center center","background-size":"auto","background-attachment":"scroll","background-type":"","background-media":"","overlay-type":"","overlay-color":"","overlay-opacity":"","overlay-gradient":""},"tablet":{"background-color":"var(--ast-global-color-4)","background-image":"","background-repeat":"repeat","background-position":"center center","background-size":"auto","background-attachment":"scroll","background-type":"","background-media":"","overlay-type":"","overlay-color":"","overlay-opacity":"","overlay-gradient":""},"mobile":{"background-color":"var(--ast-global-color-4)","background-image":"","background-repeat":"repeat","background-position":"center center","background-size":"auto","background-attachment":"scroll","background-type":"","background-media":"","overlay-type":"","overlay-color":"","overlay-opacity":"","overlay-gradient":""}},"footnotes":""},"class_list":["post-258","page","type-page","status-publish","hentry"],"acf":[],"yoast_head":"<!-- This site is optimized with the Yoast SEO plugin v27.0 - https:\/\/yoast.com\/product\/yoast-seo-wordpress\/ -->\n<title>Skolas soma - Valmieras s\u0101kumskola<\/title>\n<meta name=\"robots\" content=\"index, follow, max-snippet:-1, max-image-preview:large, max-video-preview:-1\" \/>\n<link rel=\"canonical\" href=\"https:\/\/izglitiba.valmierasnovads.lv\/vss\/skolas-soma\/\" \/>\n<meta property=\"og:locale\" content=\"lv_LV\" \/>\n<meta property=\"og:type\" content=\"article\" \/>\n<meta property=\"og:title\" content=\"Skolas soma - Valmieras s\u0101kumskola\" \/>\n<meta property=\"og:description\" content=\"Kult\u016brizgl\u012bt\u012bbas programma \u201cLatvijas skolas soma\u201d nodro\u0161ina skol\u0113niem valsts apmaks\u0101tu iesp\u0113ju regul\u0101ri iepaz\u012bt Latvijas kult\u016bras v\u0113rt\u012bbas un laikmet\u012bg\u0101s izpausmes t\u0101 att\u012bstot [&hellip;]\" \/>\n<meta property=\"og:url\" content=\"https:\/\/izglitiba.valmierasnovads.lv\/vss\/skolas-soma\/\" \/>\n<meta property=\"og:site_name\" content=\"Valmieras s\u0101kumskola\" \/>\n<meta property=\"article:modified_time\" content=\"2025-08-20T10:45:39+00:00\" \/>\n<meta property=\"og:image\" content=\"https:\/\/izglitiba.valmierasnovads.lv\/vss\/wp-content\/uploads\/sites\/25\/2025\/08\/LSS_infografiks_kvadrats-1024x1024-1.png\" \/>\n\t<meta property=\"og:image:width\" content=\"1024\" \/>\n\t<meta property=\"og:image:height\" content=\"1024\" \/>\n\t<meta property=\"og:image:type\" content=\"image\/png\" \/>\n<meta name=\"twitter:card\" content=\"summary_large_image\" \/>\n<meta name=\"twitter:label1\" content=\"Est. reading time\" \/>\n\t<meta name=\"twitter:data1\" content=\"3 min\u016btes\" \/>\n<script type=\"application\/ld+json\" class=\"yoast-schema-graph\">{\"@context\":\"https:\/\/schema.org\",\"@graph\":[{\"@type\":\"WebPage\",\"@id\":\"https:\/\/izglitiba.valmierasnovads.lv\/vss\/skolas-soma\/\",\"url\":\"https:\/\/izglitiba.valmierasnovads.lv\/vss\/skolas-soma\/\",\"name\":\"Skolas soma - Valmieras s\u0101kumskola\",\"isPartOf\":{\"@id\":\"https:\/\/izglitiba.valmierasnovads.lv\/vss\/#website\"},\"primaryImageOfPage\":{\"@id\":\"https:\/\/izglitiba.valmierasnovads.lv\/vss\/skolas-soma\/#primaryimage\"},\"image\":{\"@id\":\"https:\/\/izglitiba.valmierasnovads.lv\/vss\/skolas-soma\/#primaryimage\"},\"thumbnailUrl\":\"https:\/\/izglitiba.valmierasnovads.lv\/vss\/wp-content\/uploads\/sites\/25\/2025\/08\/LSS_infografiks_kvadrats-1024x1024-1.png\",\"datePublished\":\"2025-08-20T10:45:38+00:00\",\"dateModified\":\"2025-08-20T10:45:39+00:00\",\"breadcrumb\":{\"@id\":\"https:\/\/izglitiba.valmierasnovads.lv\/vss\/skolas-soma\/#breadcrumb\"},\"inLanguage\":\"lv-LV\",\"potentialAction\":[{\"@type\":\"ReadAction\",\"target\":[\"https:\/\/izglitiba.valmierasnovads.lv\/vss\/skolas-soma\/\"]}]},{\"@type\":\"ImageObject\",\"inLanguage\":\"lv-LV\",\"@id\":\"https:\/\/izglitiba.valmierasnovads.lv\/vss\/skolas-soma\/#primaryimage\",\"url\":\"https:\/\/izglitiba.valmierasnovads.lv\/vss\/wp-content\/uploads\/sites\/25\/2025\/08\/LSS_infografiks_kvadrats-1024x1024-1.png\",\"contentUrl\":\"https:\/\/izglitiba.valmierasnovads.lv\/vss\/wp-content\/uploads\/sites\/25\/2025\/08\/LSS_infografiks_kvadrats-1024x1024-1.png\",\"width\":1024,\"height\":1024},{\"@type\":\"BreadcrumbList\",\"@id\":\"https:\/\/izglitiba.valmierasnovads.lv\/vss\/skolas-soma\/#breadcrumb\",\"itemListElement\":[{\"@type\":\"ListItem\",\"position\":1,\"name\":\"Home\",\"item\":\"https:\/\/izglitiba.valmierasnovads.lv\/vss\/\"},{\"@type\":\"ListItem\",\"position\":2,\"name\":\"Skolas soma\"}]},{\"@type\":\"WebSite\",\"@id\":\"https:\/\/izglitiba.valmierasnovads.lv\/vss\/#website\",\"url\":\"https:\/\/izglitiba.valmierasnovads.lv\/vss\/\",\"name\":\"Valmieras s\u0101kumskola\",\"description\":\"M\u0101c\u0101mies darot\",\"publisher\":{\"@id\":\"https:\/\/izglitiba.valmierasnovads.lv\/vss\/#organization\"},\"potentialAction\":[{\"@type\":\"SearchAction\",\"target\":{\"@type\":\"EntryPoint\",\"urlTemplate\":\"https:\/\/izglitiba.valmierasnovads.lv\/vss\/?s={search_term_string}\"},\"query-input\":{\"@type\":\"PropertyValueSpecification\",\"valueRequired\":true,\"valueName\":\"search_term_string\"}}],\"inLanguage\":\"lv-LV\"},{\"@type\":\"Organization\",\"@id\":\"https:\/\/izglitiba.valmierasnovads.lv\/vss\/#organization\",\"name\":\"Valmieras s\u0101kumskola\",\"url\":\"https:\/\/izglitiba.valmierasnovads.lv\/vss\/\",\"logo\":{\"@type\":\"ImageObject\",\"inLanguage\":\"lv-LV\",\"@id\":\"https:\/\/izglitiba.valmierasnovads.lv\/vss\/#\/schema\/logo\/image\/\",\"url\":\"https:\/\/izglitiba.valmierasnovads.lv\/vss\/wp-content\/uploads\/sites\/25\/2026\/03\/cropped-Komplekta-ar-pasu-logo-scaled-1.png\",\"contentUrl\":\"https:\/\/izglitiba.valmierasnovads.lv\/vss\/wp-content\/uploads\/sites\/25\/2026\/03\/cropped-Komplekta-ar-pasu-logo-scaled-1.png\",\"width\":1480,\"height\":405,\"caption\":\"Valmieras s\u0101kumskola\"},\"image\":{\"@id\":\"https:\/\/izglitiba.valmierasnovads.lv\/vss\/#\/schema\/logo\/image\/\"}}]}<\/script>\n<!-- \/ Yoast SEO plugin. -->","yoast_head_json":{"title":"Skolas soma - Valmieras s\u0101kumskola","robots":{"index":"index","follow":"follow","max-snippet":"max-snippet:-1","max-image-preview":"max-image-preview:large","max-video-preview":"max-video-preview:-1"},"canonical":"https:\/\/izglitiba.valmierasnovads.lv\/vss\/skolas-soma\/","og_locale":"lv_LV","og_type":"article","og_title":"Skolas soma - Valmieras s\u0101kumskola","og_description":"Kult\u016brizgl\u012bt\u012bbas programma \u201cLatvijas skolas soma\u201d nodro\u0161ina skol\u0113niem valsts apmaks\u0101tu iesp\u0113ju regul\u0101ri iepaz\u012bt Latvijas kult\u016bras v\u0113rt\u012bbas un laikmet\u012bg\u0101s izpausmes t\u0101 att\u012bstot [&hellip;]","og_url":"https:\/\/izglitiba.valmierasnovads.lv\/vss\/skolas-soma\/","og_site_name":"Valmieras s\u0101kumskola","article_modified_time":"2025-08-20T10:45:39+00:00","og_image":[{"width":1024,"height":1024,"url":"https:\/\/izglitiba.valmierasnovads.lv\/vss\/wp-content\/uploads\/sites\/25\/2025\/08\/LSS_infografiks_kvadrats-1024x1024-1.png","type":"image\/png"}],"twitter_card":"summary_large_image","twitter_misc":{"Est. reading time":"3 min\u016btes"},"schema":{"@context":"https:\/\/schema.org","@graph":[{"@type":"WebPage","@id":"https:\/\/izglitiba.valmierasnovads.lv\/vss\/skolas-soma\/","url":"https:\/\/izglitiba.valmierasnovads.lv\/vss\/skolas-soma\/","name":"Skolas soma - Valmieras s\u0101kumskola","isPartOf":{"@id":"https:\/\/izglitiba.valmierasnovads.lv\/vss\/#website"},"primaryImageOfPage":{"@id":"https:\/\/izglitiba.valmierasnovads.lv\/vss\/skolas-soma\/#primaryimage"},"image":{"@id":"https:\/\/izglitiba.valmierasnovads.lv\/vss\/skolas-soma\/#primaryimage"},"thumbnailUrl":"https:\/\/izglitiba.valmierasnovads.lv\/vss\/wp-content\/uploads\/sites\/25\/2025\/08\/LSS_infografiks_kvadrats-1024x1024-1.png","datePublished":"2025-08-20T10:45:38+00:00","dateModified":"2025-08-20T10:45:39+00:00","breadcrumb":{"@id":"https:\/\/izglitiba.valmierasnovads.lv\/vss\/skolas-soma\/#breadcrumb"},"inLanguage":"lv-LV","potentialAction":[{"@type":"ReadAction","target":["https:\/\/izglitiba.valmierasnovads.lv\/vss\/skolas-soma\/"]}]},{"@type":"ImageObject","inLanguage":"lv-LV","@id":"https:\/\/izglitiba.valmierasnovads.lv\/vss\/skolas-soma\/#primaryimage","url":"https:\/\/izglitiba.valmierasnovads.lv\/vss\/wp-content\/uploads\/sites\/25\/2025\/08\/LSS_infografiks_kvadrats-1024x1024-1.png","contentUrl":"https:\/\/izglitiba.valmierasnovads.lv\/vss\/wp-content\/uploads\/sites\/25\/2025\/08\/LSS_infografiks_kvadrats-1024x1024-1.png","width":1024,"height":1024},{"@type":"BreadcrumbList","@id":"https:\/\/izglitiba.valmierasnovads.lv\/vss\/skolas-soma\/#breadcrumb","itemListElement":[{"@type":"ListItem","position":1,"name":"Home","item":"https:\/\/izglitiba.valmierasnovads.lv\/vss\/"},{"@type":"ListItem","position":2,"name":"Skolas soma"}]},{"@type":"WebSite","@id":"https:\/\/izglitiba.valmierasnovads.lv\/vss\/#website","url":"https:\/\/izglitiba.valmierasnovads.lv\/vss\/","name":"Valmieras s\u0101kumskola","description":"M\u0101c\u0101mies darot","publisher":{"@id":"https:\/\/izglitiba.valmierasnovads.lv\/vss\/#organization"},"potentialAction":[{"@type":"SearchAction","target":{"@type":"EntryPoint","urlTemplate":"https:\/\/izglitiba.valmierasnovads.lv\/vss\/?s={search_term_string}"},"query-input":{"@type":"PropertyValueSpecification","valueRequired":true,"valueName":"search_term_string"}}],"inLanguage":"lv-LV"},{"@type":"Organization","@id":"https:\/\/izglitiba.valmierasnovads.lv\/vss\/#organization","name":"Valmieras s\u0101kumskola","url":"https:\/\/izglitiba.valmierasnovads.lv\/vss\/","logo":{"@type":"ImageObject","inLanguage":"lv-LV","@id":"https:\/\/izglitiba.valmierasnovads.lv\/vss\/#\/schema\/logo\/image\/","url":"https:\/\/izglitiba.valmierasnovads.lv\/vss\/wp-content\/uploads\/sites\/25\/2026\/03\/cropped-Komplekta-ar-pasu-logo-scaled-1.png","contentUrl":"https:\/\/izglitiba.valmierasnovads.lv\/vss\/wp-content\/uploads\/sites\/25\/2026\/03\/cropped-Komplekta-ar-pasu-logo-scaled-1.png","width":1480,"height":405,"caption":"Valmieras s\u0101kumskola"},"image":{"@id":"https:\/\/izglitiba.valmierasnovads.lv\/vss\/#\/schema\/logo\/image\/"}}]}},"_links":{"self":[{"href":"https:\/\/izglitiba.valmierasnovads.lv\/vss\/wp-json\/wp\/v2\/pages\/258","targetHints":{"allow":["GET"]}}],"collection":[{"href":"https:\/\/izglitiba.valmierasnovads.lv\/vss\/wp-json\/wp\/v2\/pages"}],"about":[{"href":"https:\/\/izglitiba.valmierasnovads.lv\/vss\/wp-json\/wp\/v2\/types\/page"}],"author":[{"embeddable":true,"href":"https:\/\/izglitiba.valmierasnovads.lv\/vss\/wp-json\/wp\/v2\/users\/27"}],"replies":[{"embeddable":true,"href":"https:\/\/izglitiba.valmierasnovads.lv\/vss\/wp-json\/wp\/v2\/comments?post=258"}],"version-history":[{"count":1,"href":"https:\/\/izglitiba.valmierasnovads.lv\/vss\/wp-json\/wp\/v2\/pages\/258\/revisions"}],"predecessor-version":[{"id":262,"href":"https:\/\/izglitiba.valmierasnovads.lv\/vss\/wp-json\/wp\/v2\/pages\/258\/revisions\/262"}],"wp:attachment":[{"href":"https:\/\/izglitiba.valmierasnovads.lv\/vss\/wp-json\/wp\/v2\/media?parent=258"}],"curies":[{"name":"wp","href":"https:\/\/api.w.org\/{rel}","templated":true}]}}