{"id":367,"date":"2025-11-27T10:14:53","date_gmt":"2025-11-27T08:14:53","guid":{"rendered":"https:\/\/izglitiba.valmierasnovads.lv\/vss\/?page_id=367"},"modified":"2026-04-22T15:21:04","modified_gmt":"2026-04-22T12:21:04","slug":"macibu-literaturas-saraksts","status":"publish","type":"page","link":"https:\/\/izglitiba.valmierasnovads.lv\/vss\/macibu-literaturas-saraksts\/","title":{"rendered":"M\u0101c\u012bbu literat\u016bras saraksts"},"content":{"rendered":"<style>.kb-row-layout-id367_3d80ff-fa > .kt-row-column-wrap{align-content:center;}:where(.kb-row-layout-id367_3d80ff-fa > .kt-row-column-wrap) > .wp-block-kadence-column{justify-content:center;}.kb-row-layout-id367_3d80ff-fa > .kt-row-column-wrap{column-gap:var(--global-kb-gap-md, 2rem);row-gap:var(--global-kb-gap-md, 2rem);max-width:var(--wp--style--global--content-size);padding-top:var(--global-kb-spacing-xxl, 5rem);padding-bottom:var(--global-kb-spacing-xxl, 5rem);grid-template-columns:minmax(0, 1fr);}.kb-row-layout-id367_3d80ff-fa{background-image:url('https:\/\/izglitiba.valmierasnovads.lv\/vss\/wp-content\/uploads\/sites\/25\/2025\/04\/skolas-titulbilde-1-scaled.jpg');background-size:cover;background-position:24% 65%;background-attachment:scroll;background-repeat:no-repeat;}.kb-row-layout-id367_3d80ff-fa > .kt-row-layout-overlay{opacity:1;background:linear-gradient(90deg,var(--global-palette8,#F7FAFC) 41%,rgba(247,250,252,0) 100%);}@media all and (max-width: 1024px){.kb-row-layout-id367_3d80ff-fa > .kt-row-column-wrap{grid-template-columns:minmax(0, 1fr);}}@media all and (max-width: 1024px){.kb-row-layout-id367_3d80ff-fa > .kt-row-layout-overlay{opacity:1;background:linear-gradient(180deg,var(--global-palette8,#F7FAFC) 53%,rgba(247,250,252,0) 100%);}}@media all and (max-width: 767px){.kb-row-layout-id367_3d80ff-fa > .kt-row-column-wrap{grid-template-columns:minmax(0, 1fr);}}<\/style><div class=\"kb-row-layout-wrap kb-row-layout-id367_3d80ff-fa alignfull kt-row-has-bg wp-block-kadence-rowlayout\"><div class=\"kt-row-layout-overlay kt-row-overlay-gradient\"><\/div><div class=\"kt-row-column-wrap kt-has-1-columns kt-row-layout-equal kt-tab-layout-inherit kt-mobile-layout-row kt-row-valign-middle kb-theme-content-width\">\n<style>.kadence-column367_1a2ee2-16 > .kt-inside-inner-col,.kadence-column367_1a2ee2-16 > .kt-inside-inner-col:before{border-top-left-radius:0px;border-top-right-radius:0px;border-bottom-right-radius:0px;border-bottom-left-radius:0px;}.kadence-column367_1a2ee2-16 > .kt-inside-inner-col{column-gap:var(--global-kb-gap-sm, 1rem);}.kadence-column367_1a2ee2-16 > .kt-inside-inner-col{flex-direction:column;}.kadence-column367_1a2ee2-16 > .kt-inside-inner-col > .aligncenter{width:100%;}.kadence-column367_1a2ee2-16 > .kt-inside-inner-col:before{opacity:0.3;}.kadence-column367_1a2ee2-16{position:relative;}@media all and (max-width: 1024px){.kadence-column367_1a2ee2-16{text-align:center;}}@media all and (max-width: 1024px){.kadence-column367_1a2ee2-16 > .kt-inside-inner-col{flex-direction:column;justify-content:center;}}@media all and (max-width: 767px){.kadence-column367_1a2ee2-16 > .kt-inside-inner-col{flex-direction:column;justify-content:center;}}<\/style>\n<div class=\"wp-block-kadence-column kadence-column367_1a2ee2-16 kb-section-dir-vertical inner-column-1\"><div class=\"kt-inside-inner-col\">\n<p>\u0160eit vienkopus public\u0113jam Valmieras s\u0101kumskolas <strong>aktu\u0101los m\u0101c\u012bbu literat\u016bras sarakstus<\/strong> katrai klasei un m\u0101c\u012bbu gadam. M\u016bsu m\u0113r\u0137is ir nodro\u0161in\u0101t, lai katram skol\u0113nam ir pieejami kvalitat\u012bvi un m\u0101c\u012bbu saturam atbilsto\u0161i materi\u0101li, kas pal\u012bdz m\u0101c\u012bties ar interesi un prieku.Ja rodas jaut\u0101jumi par literat\u016bras izv\u0113li vai nepiecie\u0161amajiem materi\u0101liem, aicin\u0101m sazin\u0101ties ar klases audzin\u0101t\u0101ju vai skolas administr\u0101ciju.<\/p>\n\n\n\n<p><br><strong>Kop\u0101 par\u016bp\u0113simies, lai m\u0101c\u012bbu gads s\u0101kas sagatavoti un mier\u012bgi!<\/strong>Ja rodas jaut\u0101jumi par literat\u016bras izv\u0113li vai nepiecie\u0161amajiem materi\u0101liem, aicin\u0101m sazin\u0101ties ar klases audzin\u0101t\u0101ju vai skolas administr\u0101ciju.<\/p>\n\n\n\n<p><br><strong>Kop\u0101 par\u016bp\u0113simies, lai m\u0101c\u012bbu gads s\u0101kas sagatavoti un mier\u012bgi!<\/strong><\/p>\n\n\n\n<div data-wp-interactive=\"core\/file\" class=\"wp-block-file\"><object data-wp-bind--hidden=\"!state.hasPdfPreview\" hidden class=\"wp-block-file__embed\" data=\"https:\/\/izglitiba.valmierasnovads.lv\/vss\/wp-content\/uploads\/sites\/25\/2025\/11\/VS_mac-gram-sarakst-2025-2026.docx-1.pdf\" type=\"application\/pdf\" style=\"width:100%;height:600px\" aria-label=\"Iegult VS_mac-gram-sarakst-2025-2026.docx-1.\"><\/object><a id=\"wp-block-file--media-3db57381-ed32-4a73-9395-e70274a04ef8\" href=\"https:\/\/izglitiba.valmierasnovads.lv\/vss\/wp-content\/uploads\/sites\/25\/2025\/11\/VS_mac-gram-sarakst-2025-2026.docx-1.pdf\">VS_mac-gram-sarakst-2025-2026.docx-1<\/a><a href=\"https:\/\/izglitiba.valmierasnovads.lv\/vss\/wp-content\/uploads\/sites\/25\/2025\/11\/VS_mac-gram-sarakst-2025-2026.docx-1.pdf\" class=\"wp-block-file__button wp-element-button\" download aria-describedby=\"wp-block-file--media-3db57381-ed32-4a73-9395-e70274a04ef8\">Lejupiel\u0101d\u0113t<\/a><\/div>\n<\/div><\/div>\n\n<\/div><\/div>","protected":false},"excerpt":{"rendered":"<p>\u0160eit vienkopus public\u0113jam Valmieras s\u0101kumskolas aktu\u0101los m\u0101c\u012bbu literat\u016bras sarakstus katrai klasei un m\u0101c\u012bbu gadam. M\u016bsu m\u0113r\u0137is ir nodro\u0161in\u0101t, lai katram [&hellip;]<\/p>\n","protected":false},"author":27,"featured_media":0,"parent":0,"menu_order":0,"comment_status":"closed","ping_status":"closed","template":"","meta":{"_acf_changed":false,"site-sidebar-layout":"default","site-content-layout":"","ast-site-content-layout":"default","site-content-style":"default","site-sidebar-style":"default","ast-global-header-display":"","ast-banner-title-visibility":"","ast-main-header-display":"","ast-hfb-above-header-display":"","ast-hfb-below-header-display":"","ast-hfb-mobile-header-display":"","site-post-title":"","ast-breadcrumbs-content":"","ast-featured-img":"","footer-sml-layout":"","ast-disable-related-posts":"","theme-transparent-header-meta":"","adv-header-id-meta":"","stick-header-meta":"","header-above-stick-meta":"","header-main-stick-meta":"","header-below-stick-meta":"","astra-migrate-meta-layouts":"default","ast-page-background-enabled":"default","ast-page-background-meta":{"desktop":{"background-color":"var(--ast-global-color-5)","background-image":"","background-repeat":"repeat","background-position":"center center","background-size":"auto","background-attachment":"scroll","background-type":"","background-media":"","overlay-type":"","overlay-color":"","overlay-opacity":"","overlay-gradient":""},"tablet":{"background-color":"","background-image":"","background-repeat":"repeat","background-position":"center center","background-size":"auto","background-attachment":"scroll","background-type":"","background-media":"","overlay-type":"","overlay-color":"","overlay-opacity":"","overlay-gradient":""},"mobile":{"background-color":"","background-image":"","background-repeat":"repeat","background-position":"center center","background-size":"auto","background-attachment":"scroll","background-type":"","background-media":"","overlay-type":"","overlay-color":"","overlay-opacity":"","overlay-gradient":""}},"ast-content-background-meta":{"desktop":{"background-color":"var(--ast-global-color-4)","background-image":"","background-repeat":"repeat","background-position":"center center","background-size":"auto","background-attachment":"scroll","background-type":"","background-media":"","overlay-type":"","overlay-color":"","overlay-opacity":"","overlay-gradient":""},"tablet":{"background-color":"var(--ast-global-color-4)","background-image":"","background-repeat":"repeat","background-position":"center center","background-size":"auto","background-attachment":"scroll","background-type":"","background-media":"","overlay-type":"","overlay-color":"","overlay-opacity":"","overlay-gradient":""},"mobile":{"background-color":"var(--ast-global-color-4)","background-image":"","background-repeat":"repeat","background-position":"center center","background-size":"auto","background-attachment":"scroll","background-type":"","background-media":"","overlay-type":"","overlay-color":"","overlay-opacity":"","overlay-gradient":""}},"footnotes":""},"class_list":["post-367","page","type-page","status-publish","hentry"],"acf":[],"yoast_head":"<!-- This site is optimized with the Yoast SEO plugin v27.0 - https:\/\/yoast.com\/product\/yoast-seo-wordpress\/ -->\n<title>M\u0101c\u012bbu literat\u016bras saraksts - Valmieras s\u0101kumskola<\/title>\n<meta name=\"robots\" content=\"index, follow, max-snippet:-1, max-image-preview:large, max-video-preview:-1\" \/>\n<link rel=\"canonical\" href=\"https:\/\/izglitiba.valmierasnovads.lv\/vss\/macibu-literaturas-saraksts\/\" \/>\n<meta property=\"og:locale\" content=\"lv_LV\" \/>\n<meta property=\"og:type\" content=\"article\" \/>\n<meta property=\"og:title\" content=\"M\u0101c\u012bbu literat\u016bras saraksts - Valmieras s\u0101kumskola\" \/>\n<meta property=\"og:description\" content=\"\u0160eit vienkopus public\u0113jam Valmieras s\u0101kumskolas aktu\u0101los m\u0101c\u012bbu literat\u016bras sarakstus katrai klasei un m\u0101c\u012bbu gadam. M\u016bsu m\u0113r\u0137is ir nodro\u0161in\u0101t, lai katram [&hellip;]\" \/>\n<meta property=\"og:url\" content=\"https:\/\/izglitiba.valmierasnovads.lv\/vss\/macibu-literaturas-saraksts\/\" \/>\n<meta property=\"og:site_name\" content=\"Valmieras s\u0101kumskola\" \/>\n<meta property=\"article:modified_time\" content=\"2026-04-22T12:21:04+00:00\" \/>\n<meta name=\"twitter:card\" content=\"summary_large_image\" \/>\n<meta name=\"twitter:label1\" content=\"Est. reading time\" \/>\n\t<meta name=\"twitter:data1\" content=\"1 min\u016bte\" \/>\n<script type=\"application\/ld+json\" class=\"yoast-schema-graph\">{\"@context\":\"https:\/\/schema.org\",\"@graph\":[{\"@type\":\"WebPage\",\"@id\":\"https:\/\/izglitiba.valmierasnovads.lv\/vss\/macibu-literaturas-saraksts\/\",\"url\":\"https:\/\/izglitiba.valmierasnovads.lv\/vss\/macibu-literaturas-saraksts\/\",\"name\":\"M\u0101c\u012bbu literat\u016bras saraksts - Valmieras s\u0101kumskola\",\"isPartOf\":{\"@id\":\"https:\/\/izglitiba.valmierasnovads.lv\/vss\/#website\"},\"datePublished\":\"2025-11-27T08:14:53+00:00\",\"dateModified\":\"2026-04-22T12:21:04+00:00\",\"breadcrumb\":{\"@id\":\"https:\/\/izglitiba.valmierasnovads.lv\/vss\/macibu-literaturas-saraksts\/#breadcrumb\"},\"inLanguage\":\"lv-LV\",\"potentialAction\":[{\"@type\":\"ReadAction\",\"target\":[\"https:\/\/izglitiba.valmierasnovads.lv\/vss\/macibu-literaturas-saraksts\/\"]}]},{\"@type\":\"BreadcrumbList\",\"@id\":\"https:\/\/izglitiba.valmierasnovads.lv\/vss\/macibu-literaturas-saraksts\/#breadcrumb\",\"itemListElement\":[{\"@type\":\"ListItem\",\"position\":1,\"name\":\"Home\",\"item\":\"https:\/\/izglitiba.valmierasnovads.lv\/vss\/\"},{\"@type\":\"ListItem\",\"position\":2,\"name\":\"M\u0101c\u012bbu literat\u016bras saraksts\"}]},{\"@type\":\"WebSite\",\"@id\":\"https:\/\/izglitiba.valmierasnovads.lv\/vss\/#website\",\"url\":\"https:\/\/izglitiba.valmierasnovads.lv\/vss\/\",\"name\":\"Valmieras s\u0101kumskola\",\"description\":\"M\u0101c\u0101mies darot\",\"publisher\":{\"@id\":\"https:\/\/izglitiba.valmierasnovads.lv\/vss\/#organization\"},\"potentialAction\":[{\"@type\":\"SearchAction\",\"target\":{\"@type\":\"EntryPoint\",\"urlTemplate\":\"https:\/\/izglitiba.valmierasnovads.lv\/vss\/?s={search_term_string}\"},\"query-input\":{\"@type\":\"PropertyValueSpecification\",\"valueRequired\":true,\"valueName\":\"search_term_string\"}}],\"inLanguage\":\"lv-LV\"},{\"@type\":\"Organization\",\"@id\":\"https:\/\/izglitiba.valmierasnovads.lv\/vss\/#organization\",\"name\":\"Valmieras s\u0101kumskola\",\"url\":\"https:\/\/izglitiba.valmierasnovads.lv\/vss\/\",\"logo\":{\"@type\":\"ImageObject\",\"inLanguage\":\"lv-LV\",\"@id\":\"https:\/\/izglitiba.valmierasnovads.lv\/vss\/#\/schema\/logo\/image\/\",\"url\":\"https:\/\/izglitiba.valmierasnovads.lv\/vss\/wp-content\/uploads\/sites\/25\/2026\/03\/cropped-Komplekta-ar-pasu-logo-scaled-1.png\",\"contentUrl\":\"https:\/\/izglitiba.valmierasnovads.lv\/vss\/wp-content\/uploads\/sites\/25\/2026\/03\/cropped-Komplekta-ar-pasu-logo-scaled-1.png\",\"width\":1480,\"height\":405,\"caption\":\"Valmieras s\u0101kumskola\"},\"image\":{\"@id\":\"https:\/\/izglitiba.valmierasnovads.lv\/vss\/#\/schema\/logo\/image\/\"}}]}<\/script>\n<!-- \/ Yoast SEO plugin. -->","yoast_head_json":{"title":"M\u0101c\u012bbu literat\u016bras saraksts - Valmieras s\u0101kumskola","robots":{"index":"index","follow":"follow","max-snippet":"max-snippet:-1","max-image-preview":"max-image-preview:large","max-video-preview":"max-video-preview:-1"},"canonical":"https:\/\/izglitiba.valmierasnovads.lv\/vss\/macibu-literaturas-saraksts\/","og_locale":"lv_LV","og_type":"article","og_title":"M\u0101c\u012bbu literat\u016bras saraksts - Valmieras s\u0101kumskola","og_description":"\u0160eit vienkopus public\u0113jam Valmieras s\u0101kumskolas aktu\u0101los m\u0101c\u012bbu literat\u016bras sarakstus katrai klasei un m\u0101c\u012bbu gadam. M\u016bsu m\u0113r\u0137is ir nodro\u0161in\u0101t, lai katram [&hellip;]","og_url":"https:\/\/izglitiba.valmierasnovads.lv\/vss\/macibu-literaturas-saraksts\/","og_site_name":"Valmieras s\u0101kumskola","article_modified_time":"2026-04-22T12:21:04+00:00","twitter_card":"summary_large_image","twitter_misc":{"Est. reading time":"1 min\u016bte"},"schema":{"@context":"https:\/\/schema.org","@graph":[{"@type":"WebPage","@id":"https:\/\/izglitiba.valmierasnovads.lv\/vss\/macibu-literaturas-saraksts\/","url":"https:\/\/izglitiba.valmierasnovads.lv\/vss\/macibu-literaturas-saraksts\/","name":"M\u0101c\u012bbu literat\u016bras saraksts - Valmieras s\u0101kumskola","isPartOf":{"@id":"https:\/\/izglitiba.valmierasnovads.lv\/vss\/#website"},"datePublished":"2025-11-27T08:14:53+00:00","dateModified":"2026-04-22T12:21:04+00:00","breadcrumb":{"@id":"https:\/\/izglitiba.valmierasnovads.lv\/vss\/macibu-literaturas-saraksts\/#breadcrumb"},"inLanguage":"lv-LV","potentialAction":[{"@type":"ReadAction","target":["https:\/\/izglitiba.valmierasnovads.lv\/vss\/macibu-literaturas-saraksts\/"]}]},{"@type":"BreadcrumbList","@id":"https:\/\/izglitiba.valmierasnovads.lv\/vss\/macibu-literaturas-saraksts\/#breadcrumb","itemListElement":[{"@type":"ListItem","position":1,"name":"Home","item":"https:\/\/izglitiba.valmierasnovads.lv\/vss\/"},{"@type":"ListItem","position":2,"name":"M\u0101c\u012bbu literat\u016bras saraksts"}]},{"@type":"WebSite","@id":"https:\/\/izglitiba.valmierasnovads.lv\/vss\/#website","url":"https:\/\/izglitiba.valmierasnovads.lv\/vss\/","name":"Valmieras s\u0101kumskola","description":"M\u0101c\u0101mies darot","publisher":{"@id":"https:\/\/izglitiba.valmierasnovads.lv\/vss\/#organization"},"potentialAction":[{"@type":"SearchAction","target":{"@type":"EntryPoint","urlTemplate":"https:\/\/izglitiba.valmierasnovads.lv\/vss\/?s={search_term_string}"},"query-input":{"@type":"PropertyValueSpecification","valueRequired":true,"valueName":"search_term_string"}}],"inLanguage":"lv-LV"},{"@type":"Organization","@id":"https:\/\/izglitiba.valmierasnovads.lv\/vss\/#organization","name":"Valmieras s\u0101kumskola","url":"https:\/\/izglitiba.valmierasnovads.lv\/vss\/","logo":{"@type":"ImageObject","inLanguage":"lv-LV","@id":"https:\/\/izglitiba.valmierasnovads.lv\/vss\/#\/schema\/logo\/image\/","url":"https:\/\/izglitiba.valmierasnovads.lv\/vss\/wp-content\/uploads\/sites\/25\/2026\/03\/cropped-Komplekta-ar-pasu-logo-scaled-1.png","contentUrl":"https:\/\/izglitiba.valmierasnovads.lv\/vss\/wp-content\/uploads\/sites\/25\/2026\/03\/cropped-Komplekta-ar-pasu-logo-scaled-1.png","width":1480,"height":405,"caption":"Valmieras s\u0101kumskola"},"image":{"@id":"https:\/\/izglitiba.valmierasnovads.lv\/vss\/#\/schema\/logo\/image\/"}}]}},"_links":{"self":[{"href":"https:\/\/izglitiba.valmierasnovads.lv\/vss\/wp-json\/wp\/v2\/pages\/367","targetHints":{"allow":["GET"]}}],"collection":[{"href":"https:\/\/izglitiba.valmierasnovads.lv\/vss\/wp-json\/wp\/v2\/pages"}],"about":[{"href":"https:\/\/izglitiba.valmierasnovads.lv\/vss\/wp-json\/wp\/v2\/types\/page"}],"author":[{"embeddable":true,"href":"https:\/\/izglitiba.valmierasnovads.lv\/vss\/wp-json\/wp\/v2\/users\/27"}],"replies":[{"embeddable":true,"href":"https:\/\/izglitiba.valmierasnovads.lv\/vss\/wp-json\/wp\/v2\/comments?post=367"}],"version-history":[{"count":5,"href":"https:\/\/izglitiba.valmierasnovads.lv\/vss\/wp-json\/wp\/v2\/pages\/367\/revisions"}],"predecessor-version":[{"id":1045,"href":"https:\/\/izglitiba.valmierasnovads.lv\/vss\/wp-json\/wp\/v2\/pages\/367\/revisions\/1045"}],"wp:attachment":[{"href":"https:\/\/izglitiba.valmierasnovads.lv\/vss\/wp-json\/wp\/v2\/media?parent=367"}],"curies":[{"name":"wp","href":"https:\/\/api.w.org\/{rel}","templated":true}]}}