{"id":381,"date":"2025-11-27T10:34:52","date_gmt":"2025-11-27T08:34:52","guid":{"rendered":"https:\/\/izglitiba.valmierasnovads.lv\/vss\/?page_id=381"},"modified":"2025-11-27T10:34:52","modified_gmt":"2025-11-27T08:34:52","slug":"skolenu-dome","status":"publish","type":"page","link":"https:\/\/izglitiba.valmierasnovads.lv\/vss\/skolenu-dome\/","title":{"rendered":"Skol\u0113nu dome"},"content":{"rendered":"\n<p>Valmieras s\u0101kumskolas skol\u0113nu dom\u012bti veido skol\u0113ni, lai p\u0101rst\u0101v\u0113tu un aizst\u0101v\u0113tu skol\u0113nu intereses, sekm\u0113tu skolas sabiedrisk\u0101s dz\u012bves veido\u0161anos un veicin\u0101tu m\u0101c\u012bbu procesa efektivit\u0101ti. Skol\u0113nu dom\u012bti veido skol\u0113ni no 4.klases l\u012bdz 6.klasei.<\/p>\n\n\n\n<p>Dom\u012btes darb\u012bbas m\u0113r\u0137is ir pan\u0101kt skol\u0113nu un skolas administr\u0101cijas intere\u0161u saska\u0146o\u0161anu un skol\u0113nu akt\u012bvu iesaist\u012b\u0161anos audzin\u0101\u0161anas darb\u0101, m\u0101c\u012bbu proces\u0101 un sabiedrisk\u0101 darba organiz\u0113\u0161an\u0101, atbilst\u012bgo iema\u0146u un prasmju apg\u016b\u0161an\u0101.<\/p>\n\n\n\n<p>Dom\u012btes galvenie uzdevumi:<\/p>\n\n\n\n<ul class=\"wp-block-list\">\n<li>sadarboties ar skolas administr\u0101ciju un pedagogiem;<\/li>\n\n\n\n<li>p\u0101rst\u0101v\u0113t skol\u0113nu intereses sarun\u0101s ar skolas administr\u0101ciju un pedagogiem;<\/li>\n\n\n\n<li>piedal\u012bties m\u0101c\u012bbu \u0101rpusstundu darba organiz\u0113\u0161an\u0101;<\/li>\n\n\n\n<li>iesaist\u012bties m\u0101c\u012bbu un sadz\u012bves apst\u0101k\u013cu uzlabo\u0161an\u0101 skol\u0101;<\/li>\n\n\n\n<li>iepaz\u012bstin\u0101t skol\u0113nus ar vi\u0146u ties\u012bb\u0101m un pien\u0101kumiem;<\/li>\n\n\n\n<li>rosin\u0101t skol\u0113nus uz br\u012bvo inform\u0101cijas apmai\u0146u;<\/li>\n\n\n\n<li>l\u012bdzdarboties Valmieras\u00a0 organiz\u0113taj\u0101s aktivit\u0101t\u0113s<\/li>\n<\/ul>\n","protected":false},"excerpt":{"rendered":"<p>Valmieras s\u0101kumskolas skol\u0113nu dom\u012bti veido skol\u0113ni, lai p\u0101rst\u0101v\u0113tu un aizst\u0101v\u0113tu skol\u0113nu intereses, sekm\u0113tu skolas sabiedrisk\u0101s dz\u012bves veido\u0161anos un veicin\u0101tu m\u0101c\u012bbu [&hellip;]<\/p>\n","protected":false},"author":27,"featured_media":0,"parent":0,"menu_order":0,"comment_status":"closed","ping_status":"closed","template":"","meta":{"_acf_changed":false,"site-sidebar-layout":"default","site-content-layout":"","ast-site-content-layout":"default","site-content-style":"default","site-sidebar-style":"default","ast-global-header-display":"","ast-banner-title-visibility":"","ast-main-header-display":"","ast-hfb-above-header-display":"","ast-hfb-below-header-display":"","ast-hfb-mobile-header-display":"","site-post-title":"","ast-breadcrumbs-content":"","ast-featured-img":"","footer-sml-layout":"","ast-disable-related-posts":"","theme-transparent-header-meta":"","adv-header-id-meta":"","stick-header-meta":"","header-above-stick-meta":"","header-main-stick-meta":"","header-below-stick-meta":"","astra-migrate-meta-layouts":"default","ast-page-background-enabled":"default","ast-page-background-meta":{"desktop":{"background-color":"var(--ast-global-color-5)","background-image":"","background-repeat":"repeat","background-position":"center center","background-size":"auto","background-attachment":"scroll","background-type":"","background-media":"","overlay-type":"","overlay-color":"","overlay-opacity":"","overlay-gradient":""},"tablet":{"background-color":"","background-image":"","background-repeat":"repeat","background-position":"center center","background-size":"auto","background-attachment":"scroll","background-type":"","background-media":"","overlay-type":"","overlay-color":"","overlay-opacity":"","overlay-gradient":""},"mobile":{"background-color":"","background-image":"","background-repeat":"repeat","background-position":"center center","background-size":"auto","background-attachment":"scroll","background-type":"","background-media":"","overlay-type":"","overlay-color":"","overlay-opacity":"","overlay-gradient":""}},"ast-content-background-meta":{"desktop":{"background-color":"var(--ast-global-color-4)","background-image":"","background-repeat":"repeat","background-position":"center center","background-size":"auto","background-attachment":"scroll","background-type":"","background-media":"","overlay-type":"","overlay-color":"","overlay-opacity":"","overlay-gradient":""},"tablet":{"background-color":"var(--ast-global-color-4)","background-image":"","background-repeat":"repeat","background-position":"center center","background-size":"auto","background-attachment":"scroll","background-type":"","background-media":"","overlay-type":"","overlay-color":"","overlay-opacity":"","overlay-gradient":""},"mobile":{"background-color":"var(--ast-global-color-4)","background-image":"","background-repeat":"repeat","background-position":"center center","background-size":"auto","background-attachment":"scroll","background-type":"","background-media":"","overlay-type":"","overlay-color":"","overlay-opacity":"","overlay-gradient":""}},"footnotes":""},"class_list":["post-381","page","type-page","status-publish","hentry"],"acf":[],"yoast_head":"<!-- This site is optimized with the Yoast SEO plugin v27.0 - https:\/\/yoast.com\/product\/yoast-seo-wordpress\/ -->\n<title>Skol\u0113nu dome - Valmieras s\u0101kumskola<\/title>\n<meta name=\"robots\" content=\"index, follow, max-snippet:-1, max-image-preview:large, max-video-preview:-1\" \/>\n<link rel=\"canonical\" href=\"https:\/\/izglitiba.valmierasnovads.lv\/vss\/skolenu-dome\/\" \/>\n<meta property=\"og:locale\" content=\"lv_LV\" \/>\n<meta property=\"og:type\" content=\"article\" \/>\n<meta property=\"og:title\" content=\"Skol\u0113nu dome - Valmieras s\u0101kumskola\" \/>\n<meta property=\"og:description\" content=\"Valmieras s\u0101kumskolas skol\u0113nu dom\u012bti veido skol\u0113ni, lai p\u0101rst\u0101v\u0113tu un aizst\u0101v\u0113tu skol\u0113nu intereses, sekm\u0113tu skolas sabiedrisk\u0101s dz\u012bves veido\u0161anos un veicin\u0101tu m\u0101c\u012bbu [&hellip;]\" \/>\n<meta property=\"og:url\" content=\"https:\/\/izglitiba.valmierasnovads.lv\/vss\/skolenu-dome\/\" \/>\n<meta property=\"og:site_name\" content=\"Valmieras s\u0101kumskola\" \/>\n<meta name=\"twitter:card\" content=\"summary_large_image\" \/>\n<meta name=\"twitter:label1\" content=\"Est. reading time\" \/>\n\t<meta name=\"twitter:data1\" content=\"1 min\u016bte\" \/>\n<script type=\"application\/ld+json\" class=\"yoast-schema-graph\">{\"@context\":\"https:\/\/schema.org\",\"@graph\":[{\"@type\":\"WebPage\",\"@id\":\"https:\/\/izglitiba.valmierasnovads.lv\/vss\/skolenu-dome\/\",\"url\":\"https:\/\/izglitiba.valmierasnovads.lv\/vss\/skolenu-dome\/\",\"name\":\"Skol\u0113nu dome - Valmieras s\u0101kumskola\",\"isPartOf\":{\"@id\":\"https:\/\/izglitiba.valmierasnovads.lv\/vss\/#website\"},\"datePublished\":\"2025-11-27T08:34:52+00:00\",\"breadcrumb\":{\"@id\":\"https:\/\/izglitiba.valmierasnovads.lv\/vss\/skolenu-dome\/#breadcrumb\"},\"inLanguage\":\"lv-LV\",\"potentialAction\":[{\"@type\":\"ReadAction\",\"target\":[\"https:\/\/izglitiba.valmierasnovads.lv\/vss\/skolenu-dome\/\"]}]},{\"@type\":\"BreadcrumbList\",\"@id\":\"https:\/\/izglitiba.valmierasnovads.lv\/vss\/skolenu-dome\/#breadcrumb\",\"itemListElement\":[{\"@type\":\"ListItem\",\"position\":1,\"name\":\"Home\",\"item\":\"https:\/\/izglitiba.valmierasnovads.lv\/vss\/\"},{\"@type\":\"ListItem\",\"position\":2,\"name\":\"Skol\u0113nu dome\"}]},{\"@type\":\"WebSite\",\"@id\":\"https:\/\/izglitiba.valmierasnovads.lv\/vss\/#website\",\"url\":\"https:\/\/izglitiba.valmierasnovads.lv\/vss\/\",\"name\":\"Valmieras s\u0101kumskola\",\"description\":\"M\u0101c\u0101mies darot\",\"publisher\":{\"@id\":\"https:\/\/izglitiba.valmierasnovads.lv\/vss\/#organization\"},\"potentialAction\":[{\"@type\":\"SearchAction\",\"target\":{\"@type\":\"EntryPoint\",\"urlTemplate\":\"https:\/\/izglitiba.valmierasnovads.lv\/vss\/?s={search_term_string}\"},\"query-input\":{\"@type\":\"PropertyValueSpecification\",\"valueRequired\":true,\"valueName\":\"search_term_string\"}}],\"inLanguage\":\"lv-LV\"},{\"@type\":\"Organization\",\"@id\":\"https:\/\/izglitiba.valmierasnovads.lv\/vss\/#organization\",\"name\":\"Valmieras s\u0101kumskola\",\"url\":\"https:\/\/izglitiba.valmierasnovads.lv\/vss\/\",\"logo\":{\"@type\":\"ImageObject\",\"inLanguage\":\"lv-LV\",\"@id\":\"https:\/\/izglitiba.valmierasnovads.lv\/vss\/#\/schema\/logo\/image\/\",\"url\":\"https:\/\/izglitiba.valmierasnovads.lv\/vss\/wp-content\/uploads\/sites\/25\/2026\/03\/cropped-Komplekta-ar-pasu-logo-scaled-1.png\",\"contentUrl\":\"https:\/\/izglitiba.valmierasnovads.lv\/vss\/wp-content\/uploads\/sites\/25\/2026\/03\/cropped-Komplekta-ar-pasu-logo-scaled-1.png\",\"width\":1480,\"height\":405,\"caption\":\"Valmieras s\u0101kumskola\"},\"image\":{\"@id\":\"https:\/\/izglitiba.valmierasnovads.lv\/vss\/#\/schema\/logo\/image\/\"}}]}<\/script>\n<!-- \/ Yoast SEO plugin. -->","yoast_head_json":{"title":"Skol\u0113nu dome - Valmieras s\u0101kumskola","robots":{"index":"index","follow":"follow","max-snippet":"max-snippet:-1","max-image-preview":"max-image-preview:large","max-video-preview":"max-video-preview:-1"},"canonical":"https:\/\/izglitiba.valmierasnovads.lv\/vss\/skolenu-dome\/","og_locale":"lv_LV","og_type":"article","og_title":"Skol\u0113nu dome - Valmieras s\u0101kumskola","og_description":"Valmieras s\u0101kumskolas skol\u0113nu dom\u012bti veido skol\u0113ni, lai p\u0101rst\u0101v\u0113tu un aizst\u0101v\u0113tu skol\u0113nu intereses, sekm\u0113tu skolas sabiedrisk\u0101s dz\u012bves veido\u0161anos un veicin\u0101tu m\u0101c\u012bbu [&hellip;]","og_url":"https:\/\/izglitiba.valmierasnovads.lv\/vss\/skolenu-dome\/","og_site_name":"Valmieras s\u0101kumskola","twitter_card":"summary_large_image","twitter_misc":{"Est. reading time":"1 min\u016bte"},"schema":{"@context":"https:\/\/schema.org","@graph":[{"@type":"WebPage","@id":"https:\/\/izglitiba.valmierasnovads.lv\/vss\/skolenu-dome\/","url":"https:\/\/izglitiba.valmierasnovads.lv\/vss\/skolenu-dome\/","name":"Skol\u0113nu dome - Valmieras s\u0101kumskola","isPartOf":{"@id":"https:\/\/izglitiba.valmierasnovads.lv\/vss\/#website"},"datePublished":"2025-11-27T08:34:52+00:00","breadcrumb":{"@id":"https:\/\/izglitiba.valmierasnovads.lv\/vss\/skolenu-dome\/#breadcrumb"},"inLanguage":"lv-LV","potentialAction":[{"@type":"ReadAction","target":["https:\/\/izglitiba.valmierasnovads.lv\/vss\/skolenu-dome\/"]}]},{"@type":"BreadcrumbList","@id":"https:\/\/izglitiba.valmierasnovads.lv\/vss\/skolenu-dome\/#breadcrumb","itemListElement":[{"@type":"ListItem","position":1,"name":"Home","item":"https:\/\/izglitiba.valmierasnovads.lv\/vss\/"},{"@type":"ListItem","position":2,"name":"Skol\u0113nu dome"}]},{"@type":"WebSite","@id":"https:\/\/izglitiba.valmierasnovads.lv\/vss\/#website","url":"https:\/\/izglitiba.valmierasnovads.lv\/vss\/","name":"Valmieras s\u0101kumskola","description":"M\u0101c\u0101mies darot","publisher":{"@id":"https:\/\/izglitiba.valmierasnovads.lv\/vss\/#organization"},"potentialAction":[{"@type":"SearchAction","target":{"@type":"EntryPoint","urlTemplate":"https:\/\/izglitiba.valmierasnovads.lv\/vss\/?s={search_term_string}"},"query-input":{"@type":"PropertyValueSpecification","valueRequired":true,"valueName":"search_term_string"}}],"inLanguage":"lv-LV"},{"@type":"Organization","@id":"https:\/\/izglitiba.valmierasnovads.lv\/vss\/#organization","name":"Valmieras s\u0101kumskola","url":"https:\/\/izglitiba.valmierasnovads.lv\/vss\/","logo":{"@type":"ImageObject","inLanguage":"lv-LV","@id":"https:\/\/izglitiba.valmierasnovads.lv\/vss\/#\/schema\/logo\/image\/","url":"https:\/\/izglitiba.valmierasnovads.lv\/vss\/wp-content\/uploads\/sites\/25\/2026\/03\/cropped-Komplekta-ar-pasu-logo-scaled-1.png","contentUrl":"https:\/\/izglitiba.valmierasnovads.lv\/vss\/wp-content\/uploads\/sites\/25\/2026\/03\/cropped-Komplekta-ar-pasu-logo-scaled-1.png","width":1480,"height":405,"caption":"Valmieras s\u0101kumskola"},"image":{"@id":"https:\/\/izglitiba.valmierasnovads.lv\/vss\/#\/schema\/logo\/image\/"}}]}},"_links":{"self":[{"href":"https:\/\/izglitiba.valmierasnovads.lv\/vss\/wp-json\/wp\/v2\/pages\/381","targetHints":{"allow":["GET"]}}],"collection":[{"href":"https:\/\/izglitiba.valmierasnovads.lv\/vss\/wp-json\/wp\/v2\/pages"}],"about":[{"href":"https:\/\/izglitiba.valmierasnovads.lv\/vss\/wp-json\/wp\/v2\/types\/page"}],"author":[{"embeddable":true,"href":"https:\/\/izglitiba.valmierasnovads.lv\/vss\/wp-json\/wp\/v2\/users\/27"}],"replies":[{"embeddable":true,"href":"https:\/\/izglitiba.valmierasnovads.lv\/vss\/wp-json\/wp\/v2\/comments?post=381"}],"version-history":[{"count":1,"href":"https:\/\/izglitiba.valmierasnovads.lv\/vss\/wp-json\/wp\/v2\/pages\/381\/revisions"}],"predecessor-version":[{"id":382,"href":"https:\/\/izglitiba.valmierasnovads.lv\/vss\/wp-json\/wp\/v2\/pages\/381\/revisions\/382"}],"wp:attachment":[{"href":"https:\/\/izglitiba.valmierasnovads.lv\/vss\/wp-json\/wp\/v2\/media?parent=381"}],"curies":[{"name":"wp","href":"https:\/\/api.w.org\/{rel}","templated":true}]}}