{"id":493,"date":"2026-04-14T03:45:34","date_gmt":"2026-04-14T00:45:34","guid":{"rendered":"https:\/\/izglitiba.valmierasnovads.lv\/vss\/?page_id=493"},"modified":"2026-04-14T15:15:56","modified_gmt":"2026-04-14T12:15:56","slug":"uznemsana","status":"publish","type":"page","link":"https:\/\/izglitiba.valmierasnovads.lv\/vss\/uznemsana\/","title":{"rendered":"Uz\u0146em\u0161ana 1. klas\u0113"},"content":{"rendered":"<style>.kb-row-layout-id493_397d7b-18 > .kt-row-column-wrap{align-content:center;}:where(.kb-row-layout-id493_397d7b-18 > .kt-row-column-wrap) > .wp-block-kadence-column{justify-content:center;}.kb-row-layout-id493_397d7b-18 > .kt-row-column-wrap{column-gap:var(--global-kb-gap-md, 2rem);row-gap:var(--global-kb-gap-md, 2rem);max-width:var(--wp--style--global--content-size);padding-top:var(--global-kb-spacing-xxl, 5rem);padding-bottom:var(--global-kb-spacing-xxl, 5rem);grid-template-columns:minmax(0, 2fr) minmax(0, 1fr);}.kb-row-layout-id493_397d7b-18{background-image:url('https:\/\/izglitiba.valmierasnovads.lv\/vss\/wp-content\/uploads\/sites\/25\/2025\/04\/skolas-titulbilde-1-scaled.jpg');background-size:cover;background-position:24% 65%;background-attachment:scroll;background-repeat:no-repeat;}.kb-row-layout-id493_397d7b-18 > .kt-row-layout-overlay{opacity:1;background:linear-gradient(90deg,var(--global-palette8,#F7FAFC) 41%,rgba(247,250,252,0) 100%);}@media all and (max-width: 1024px){.kb-row-layout-id493_397d7b-18 > .kt-row-column-wrap{grid-template-columns:minmax(0, 1fr);}}@media all and (max-width: 1024px){.kb-row-layout-id493_397d7b-18 > .kt-row-layout-overlay{opacity:1;background:linear-gradient(180deg,var(--global-palette8,#F7FAFC) 53%,rgba(247,250,252,0) 100%);}}@media all and (max-width: 767px){.kb-row-layout-id493_397d7b-18 > .kt-row-column-wrap{grid-template-columns:minmax(0, 1fr);}}<\/style><div class=\"kb-row-layout-wrap kb-row-layout-id493_397d7b-18 alignfull kt-row-has-bg wp-block-kadence-rowlayout\"><div class=\"kt-row-layout-overlay kt-row-overlay-gradient\"><\/div><div class=\"kt-row-column-wrap kt-has-2-columns kt-row-layout-left-golden kt-tab-layout-row kt-mobile-layout-row kt-row-valign-middle kb-theme-content-width\">\n<style>.kadence-column493_b25f2c-c6 > .kt-inside-inner-col,.kadence-column493_b25f2c-c6 > .kt-inside-inner-col:before{border-top-left-radius:0px;border-top-right-radius:0px;border-bottom-right-radius:0px;border-bottom-left-radius:0px;}.kadence-column493_b25f2c-c6 > .kt-inside-inner-col{column-gap:var(--global-kb-gap-sm, 1rem);}.kadence-column493_b25f2c-c6 > .kt-inside-inner-col{flex-direction:column;}.kadence-column493_b25f2c-c6 > .kt-inside-inner-col > .aligncenter{width:100%;}.kadence-column493_b25f2c-c6 > .kt-inside-inner-col:before{opacity:0.3;}.kadence-column493_b25f2c-c6{position:relative;}@media all and (max-width: 1024px){.kadence-column493_b25f2c-c6{text-align:center;}}@media all and (max-width: 1024px){.kadence-column493_b25f2c-c6 > .kt-inside-inner-col{flex-direction:column;justify-content:center;}}@media all and (max-width: 767px){.kadence-column493_b25f2c-c6 > .kt-inside-inner-col{flex-direction:column;justify-content:center;}}<\/style>\n<div class=\"wp-block-kadence-column kadence-column493_b25f2c-c6 kb-section-dir-vertical inner-column-1\"><div class=\"kt-inside-inner-col\"><style>.wp-block-kadence-advancedheading.kt-adv-heading493_bb07fa-95, .wp-block-kadence-advancedheading.kt-adv-heading493_bb07fa-95[data-kb-block=\"kb-adv-heading493_bb07fa-95\"]{display:block;margin-bottom:var(--global-kb-spacing-xs, 1rem);font-style:normal;text-transform:uppercase;color:#9a0101;}.wp-block-kadence-advancedheading.kt-adv-heading493_bb07fa-95 mark.kt-highlight, .wp-block-kadence-advancedheading.kt-adv-heading493_bb07fa-95[data-kb-block=\"kb-adv-heading493_bb07fa-95\"] mark.kt-highlight{font-style:normal;color:#f76a0c;-webkit-box-decoration-break:clone;box-decoration-break:clone;padding-top:0px;padding-right:0px;padding-bottom:0px;padding-left:0px;}.wp-block-kadence-advancedheading.kt-adv-heading493_bb07fa-95 img.kb-inline-image, .wp-block-kadence-advancedheading.kt-adv-heading493_bb07fa-95[data-kb-block=\"kb-adv-heading493_bb07fa-95\"] img.kb-inline-image{width:150px;vertical-align:baseline;}<\/style>\n<span class=\"kt-adv-heading493_bb07fa-95 wp-block-kadence-advancedheading\" data-kb-block=\"kb-adv-heading493_bb07fa-95\"><strong>Pieteikums b\u0113rna re\u0123istr\u0101cijai pamatizgl\u012bt\u012bbas programmas apguves uzs\u0101k\u0161anai 1. klas\u0113<\/strong><\/span>\n\n\n<style>.wp-block-kadence-advancedheading.kt-adv-heading493_82ffec-6d, .wp-block-kadence-advancedheading.kt-adv-heading493_82ffec-6d[data-kb-block=\"kb-adv-heading493_82ffec-6d\"]{margin-top:0px;margin-bottom:var(--global-kb-spacing-lg, 3rem);font-size:var(--global-kb-font-size-xl, 3rem);line-height:1.2;font-style:normal;color:var(--global-palette3, #1A202C);}.wp-block-kadence-advancedheading.kt-adv-heading493_82ffec-6d mark.kt-highlight, .wp-block-kadence-advancedheading.kt-adv-heading493_82ffec-6d[data-kb-block=\"kb-adv-heading493_82ffec-6d\"] mark.kt-highlight{font-style:normal;color:#f76a0c;-webkit-box-decoration-break:clone;box-decoration-break:clone;padding-top:0px;padding-right:0px;padding-bottom:0px;padding-left:0px;}.wp-block-kadence-advancedheading.kt-adv-heading493_82ffec-6d img.kb-inline-image, .wp-block-kadence-advancedheading.kt-adv-heading493_82ffec-6d[data-kb-block=\"kb-adv-heading493_82ffec-6d\"] img.kb-inline-image{width:150px;vertical-align:baseline;}@media all and (max-width: 1024px){.wp-block-kadence-advancedheading.kt-adv-heading493_82ffec-6d, .wp-block-kadence-advancedheading.kt-adv-heading493_82ffec-6d[data-kb-block=\"kb-adv-heading493_82ffec-6d\"]{text-align:center!important;}}<\/style>\n<h1 class=\"kt-adv-heading493_82ffec-6d wp-block-kadence-advancedheading has-theme-palette-3-color has-text-color\" data-kb-block=\"kb-adv-heading493_82ffec-6d\">Aicin\u0101m vec\u0101kus taup\u012bt savu laiku un pieteikumu viegli un \u0113rti iesniegt ELEKTRONISKI!<\/h1>\n\n\n<style>.wp-block-kadence-advancedheading.kt-adv-heading493_3fffd6-63, .wp-block-kadence-advancedheading.kt-adv-heading493_3fffd6-63[data-kb-block=\"kb-adv-heading493_3fffd6-63\"]{font-style:normal;color:var(--global-palette4, #2D3748);}.wp-block-kadence-advancedheading.kt-adv-heading493_3fffd6-63 mark.kt-highlight, .wp-block-kadence-advancedheading.kt-adv-heading493_3fffd6-63[data-kb-block=\"kb-adv-heading493_3fffd6-63\"] mark.kt-highlight{font-style:normal;color:#f76a0c;-webkit-box-decoration-break:clone;box-decoration-break:clone;padding-top:0px;padding-right:0px;padding-bottom:0px;padding-left:0px;}.wp-block-kadence-advancedheading.kt-adv-heading493_3fffd6-63 img.kb-inline-image, .wp-block-kadence-advancedheading.kt-adv-heading493_3fffd6-63[data-kb-block=\"kb-adv-heading493_3fffd6-63\"] img.kb-inline-image{width:150px;vertical-align:baseline;}@media all and (max-width: 1024px){.wp-block-kadence-advancedheading.kt-adv-heading493_3fffd6-63, .wp-block-kadence-advancedheading.kt-adv-heading493_3fffd6-63[data-kb-block=\"kb-adv-heading493_3fffd6-63\"]{text-align:center!important;}}<\/style>\n<p class=\"kt-adv-heading493_3fffd6-63 wp-block-kadence-advancedheading has-theme-palette-4-color has-text-color\" data-kb-block=\"kb-adv-heading493_3fffd6-63\">Noteiktaj\u0101 laik\u0101 j\u0101nos\u016bta pieteikums, kas parakst\u012bts ar dro\u0161u elektronisko parakstu. Ja pieteikums ies\u016bt\u012bts elektroniski, izgl\u012bt\u012bbas iest\u0101de vienas darba dienas laik\u0101 vec\u0101kam uz nor\u0101d\u012bto e-pasta adresi nos\u016bt\u012bs pazi\u0146ojumu par t\u0101 sa\u0146em\u0161anu un re\u0123istr\u0113\u0161anu.<\/p>\n\n\n\n<p>Vec\u0101ki jau iepriek\u0161 aicin\u0101ti aizpild\u012bt elektroniski pieteikuma veidlapu un\u00a0<strong>elektroniski parakst\u012bt (nevis iesken\u0113ts),<\/strong>\u00a0tad re\u0123istr\u0101cijas dien\u0101 atliek to tikai nos\u016bt\u012bt uz izgl\u012bt\u012bbas iest\u0101des ofici\u0101lo elektronisko pasta adresi.<br><\/p>\n<\/div><\/div>\n\n\n<style>.kadence-column493_d708a0-19 > .kt-inside-inner-col,.kadence-column493_d708a0-19 > .kt-inside-inner-col:before{border-top-left-radius:0px;border-top-right-radius:0px;border-bottom-right-radius:0px;border-bottom-left-radius:0px;}.kadence-column493_d708a0-19 > .kt-inside-inner-col{column-gap:var(--global-kb-gap-sm, 1rem);}.kadence-column493_d708a0-19 > .kt-inside-inner-col{flex-direction:column;}.kadence-column493_d708a0-19 > .kt-inside-inner-col > .aligncenter{width:100%;}.kadence-column493_d708a0-19 > .kt-inside-inner-col:before{opacity:0.3;}.kadence-column493_d708a0-19{position:relative;}@media all and (max-width: 1024px){.kadence-column493_d708a0-19 > .kt-inside-inner-col{flex-direction:column;justify-content:center;}}@media all and (max-width: 767px){.kadence-column493_d708a0-19 > .kt-inside-inner-col{flex-direction:column;justify-content:center;}}<\/style>\n<div class=\"wp-block-kadence-column kadence-column493_d708a0-19\"><div class=\"kt-inside-inner-col\"><\/div><\/div>\n\n<\/div><\/div>\n\n<style>.kb-row-layout-id493_06d988-64 > .kt-row-column-wrap{align-content:start;}:where(.kb-row-layout-id493_06d988-64 > .kt-row-column-wrap) > .wp-block-kadence-column{justify-content:start;}.kb-row-layout-id493_06d988-64 > .kt-row-column-wrap{column-gap:var(--global-kb-gap-md, 2rem);row-gap:var(--global-kb-gap-md, 2rem);padding-top:var(--global-kb-spacing-sm, 1.5rem);padding-bottom:var(--global-kb-spacing-sm, 1.5rem);grid-template-columns:minmax(0, 1fr);}.kb-row-layout-id493_06d988-64 > .kt-row-layout-overlay{opacity:0.30;}@media all and (max-width: 1024px){.kb-row-layout-id493_06d988-64 > .kt-row-column-wrap{grid-template-columns:minmax(0, 1fr);}}@media all and (max-width: 767px){.kb-row-layout-id493_06d988-64 > .kt-row-column-wrap{grid-template-columns:minmax(0, 1fr);}}<\/style><div class=\"kb-row-layout-wrap kb-row-layout-id493_06d988-64 alignnone wp-block-kadence-rowlayout\"><div class=\"kt-row-column-wrap kt-has-1-columns kt-row-layout-equal kt-tab-layout-inherit kt-mobile-layout-row kt-row-valign-top\">\n<style>.kadence-column493_7039e8-5c > .kt-inside-inner-col,.kadence-column493_7039e8-5c > .kt-inside-inner-col:before{border-top-left-radius:0px;border-top-right-radius:0px;border-bottom-right-radius:0px;border-bottom-left-radius:0px;}.kadence-column493_7039e8-5c > .kt-inside-inner-col{column-gap:var(--global-kb-gap-sm, 1rem);}.kadence-column493_7039e8-5c > .kt-inside-inner-col{flex-direction:column;}.kadence-column493_7039e8-5c > .kt-inside-inner-col > .aligncenter{width:100%;}.kadence-column493_7039e8-5c > .kt-inside-inner-col:before{opacity:0.3;}.kadence-column493_7039e8-5c{position:relative;}@media all and (max-width: 1024px){.kadence-column493_7039e8-5c > .kt-inside-inner-col{flex-direction:column;justify-content:center;}}@media all and (max-width: 767px){.kadence-column493_7039e8-5c > .kt-inside-inner-col{flex-direction:column;justify-content:center;}}<\/style>\n<div class=\"wp-block-kadence-column kadence-column493_7039e8-5c\"><div class=\"kt-inside-inner-col\"><\/div><\/div>\n\n<\/div><\/div>","protected":false},"excerpt":{"rendered":"<p>Pieteikums b\u0113rna re\u0123istr\u0101cijai pamatizgl\u012bt\u012bbas programmas apguves uzs\u0101k\u0161anai 1. klas\u0113 Aicin\u0101m vec\u0101kus taup\u012bt savu laiku un pieteikumu viegli un \u0113rti iesniegt [&hellip;]<\/p>\n","protected":false},"author":77,"featured_media":0,"parent":0,"menu_order":0,"comment_status":"closed","ping_status":"closed","template":"","meta":{"_acf_changed":false,"site-sidebar-layout":"default","site-content-layout":"","ast-site-content-layout":"default","site-content-style":"default","site-sidebar-style":"default","ast-global-header-display":"","ast-banner-title-visibility":"","ast-main-header-display":"","ast-hfb-above-header-display":"","ast-hfb-below-header-display":"","ast-hfb-mobile-header-display":"","site-post-title":"disabled","ast-breadcrumbs-content":"","ast-featured-img":"","footer-sml-layout":"","ast-disable-related-posts":"","theme-transparent-header-meta":"","adv-header-id-meta":"","stick-header-meta":"","header-above-stick-meta":"","header-main-stick-meta":"","header-below-stick-meta":"","astra-migrate-meta-layouts":"default","ast-page-background-enabled":"default","ast-page-background-meta":{"desktop":{"background-color":"var(--ast-global-color-5)","background-image":"","background-repeat":"repeat","background-position":"center center","background-size":"auto","background-attachment":"scroll","background-type":"","background-media":"","overlay-type":"","overlay-color":"","overlay-opacity":"","overlay-gradient":""},"tablet":{"background-color":"","background-image":"","background-repeat":"repeat","background-position":"center center","background-size":"auto","background-attachment":"scroll","background-type":"","background-media":"","overlay-type":"","overlay-color":"","overlay-opacity":"","overlay-gradient":""},"mobile":{"background-color":"","background-image":"","background-repeat":"repeat","background-position":"center center","background-size":"auto","background-attachment":"scroll","background-type":"","background-media":"","overlay-type":"","overlay-color":"","overlay-opacity":"","overlay-gradient":""}},"ast-content-background-meta":{"desktop":{"background-color":"var(--ast-global-color-4)","background-image":"","background-repeat":"repeat","background-position":"center center","background-size":"auto","background-attachment":"scroll","background-type":"","background-media":"","overlay-type":"","overlay-color":"","overlay-opacity":"","overlay-gradient":""},"tablet":{"background-color":"var(--ast-global-color-4)","background-image":"","background-repeat":"repeat","background-position":"center center","background-size":"auto","background-attachment":"scroll","background-type":"","background-media":"","overlay-type":"","overlay-color":"","overlay-opacity":"","overlay-gradient":""},"mobile":{"background-color":"var(--ast-global-color-4)","background-image":"","background-repeat":"repeat","background-position":"center center","background-size":"auto","background-attachment":"scroll","background-type":"","background-media":"","overlay-type":"","overlay-color":"","overlay-opacity":"","overlay-gradient":""}},"footnotes":""},"class_list":["post-493","page","type-page","status-publish","hentry"],"acf":[],"yoast_head":"<!-- This site is optimized with the Yoast SEO plugin v27.0 - https:\/\/yoast.com\/product\/yoast-seo-wordpress\/ -->\n<title>Uz\u0146em\u0161ana 1. klas\u0113 - Valmieras s\u0101kumskola<\/title>\n<meta name=\"robots\" content=\"index, follow, max-snippet:-1, max-image-preview:large, max-video-preview:-1\" \/>\n<link rel=\"canonical\" href=\"https:\/\/izglitiba.valmierasnovads.lv\/vss\/uznemsana\/\" \/>\n<meta property=\"og:locale\" content=\"lv_LV\" \/>\n<meta property=\"og:type\" content=\"article\" \/>\n<meta property=\"og:title\" content=\"Uz\u0146em\u0161ana 1. klas\u0113 - Valmieras s\u0101kumskola\" \/>\n<meta property=\"og:description\" content=\"Pieteikums b\u0113rna re\u0123istr\u0101cijai pamatizgl\u012bt\u012bbas programmas apguves uzs\u0101k\u0161anai 1. klas\u0113 Aicin\u0101m vec\u0101kus taup\u012bt savu laiku un pieteikumu viegli un \u0113rti iesniegt [&hellip;]\" \/>\n<meta property=\"og:url\" content=\"https:\/\/izglitiba.valmierasnovads.lv\/vss\/uznemsana\/\" \/>\n<meta property=\"og:site_name\" content=\"Valmieras s\u0101kumskola\" \/>\n<meta property=\"article:modified_time\" content=\"2026-04-14T12:15:56+00:00\" \/>\n<meta name=\"twitter:card\" content=\"summary_large_image\" \/>\n<meta name=\"twitter:label1\" content=\"Est. reading time\" \/>\n\t<meta name=\"twitter:data1\" content=\"1 min\u016bte\" \/>\n<script type=\"application\/ld+json\" class=\"yoast-schema-graph\">{\"@context\":\"https:\/\/schema.org\",\"@graph\":[{\"@type\":\"WebPage\",\"@id\":\"https:\/\/izglitiba.valmierasnovads.lv\/vss\/uznemsana\/\",\"url\":\"https:\/\/izglitiba.valmierasnovads.lv\/vss\/uznemsana\/\",\"name\":\"Uz\u0146em\u0161ana 1. klas\u0113 - Valmieras s\u0101kumskola\",\"isPartOf\":{\"@id\":\"https:\/\/izglitiba.valmierasnovads.lv\/vss\/#website\"},\"datePublished\":\"2026-04-14T00:45:34+00:00\",\"dateModified\":\"2026-04-14T12:15:56+00:00\",\"breadcrumb\":{\"@id\":\"https:\/\/izglitiba.valmierasnovads.lv\/vss\/uznemsana\/#breadcrumb\"},\"inLanguage\":\"lv-LV\",\"potentialAction\":[{\"@type\":\"ReadAction\",\"target\":[\"https:\/\/izglitiba.valmierasnovads.lv\/vss\/uznemsana\/\"]}]},{\"@type\":\"BreadcrumbList\",\"@id\":\"https:\/\/izglitiba.valmierasnovads.lv\/vss\/uznemsana\/#breadcrumb\",\"itemListElement\":[{\"@type\":\"ListItem\",\"position\":1,\"name\":\"Home\",\"item\":\"https:\/\/izglitiba.valmierasnovads.lv\/vss\/\"},{\"@type\":\"ListItem\",\"position\":2,\"name\":\"Uz\u0146em\u0161ana 1. klas\u0113\"}]},{\"@type\":\"WebSite\",\"@id\":\"https:\/\/izglitiba.valmierasnovads.lv\/vss\/#website\",\"url\":\"https:\/\/izglitiba.valmierasnovads.lv\/vss\/\",\"name\":\"Valmieras s\u0101kumskola\",\"description\":\"M\u0101c\u0101mies darot\",\"publisher\":{\"@id\":\"https:\/\/izglitiba.valmierasnovads.lv\/vss\/#organization\"},\"potentialAction\":[{\"@type\":\"SearchAction\",\"target\":{\"@type\":\"EntryPoint\",\"urlTemplate\":\"https:\/\/izglitiba.valmierasnovads.lv\/vss\/?s={search_term_string}\"},\"query-input\":{\"@type\":\"PropertyValueSpecification\",\"valueRequired\":true,\"valueName\":\"search_term_string\"}}],\"inLanguage\":\"lv-LV\"},{\"@type\":\"Organization\",\"@id\":\"https:\/\/izglitiba.valmierasnovads.lv\/vss\/#organization\",\"name\":\"Valmieras s\u0101kumskola\",\"url\":\"https:\/\/izglitiba.valmierasnovads.lv\/vss\/\",\"logo\":{\"@type\":\"ImageObject\",\"inLanguage\":\"lv-LV\",\"@id\":\"https:\/\/izglitiba.valmierasnovads.lv\/vss\/#\/schema\/logo\/image\/\",\"url\":\"https:\/\/izglitiba.valmierasnovads.lv\/vss\/wp-content\/uploads\/sites\/25\/2026\/03\/cropped-Komplekta-ar-pasu-logo-scaled-1.png\",\"contentUrl\":\"https:\/\/izglitiba.valmierasnovads.lv\/vss\/wp-content\/uploads\/sites\/25\/2026\/03\/cropped-Komplekta-ar-pasu-logo-scaled-1.png\",\"width\":1480,\"height\":405,\"caption\":\"Valmieras s\u0101kumskola\"},\"image\":{\"@id\":\"https:\/\/izglitiba.valmierasnovads.lv\/vss\/#\/schema\/logo\/image\/\"}}]}<\/script>\n<!-- \/ Yoast SEO plugin. -->","yoast_head_json":{"title":"Uz\u0146em\u0161ana 1. klas\u0113 - Valmieras s\u0101kumskola","robots":{"index":"index","follow":"follow","max-snippet":"max-snippet:-1","max-image-preview":"max-image-preview:large","max-video-preview":"max-video-preview:-1"},"canonical":"https:\/\/izglitiba.valmierasnovads.lv\/vss\/uznemsana\/","og_locale":"lv_LV","og_type":"article","og_title":"Uz\u0146em\u0161ana 1. klas\u0113 - Valmieras s\u0101kumskola","og_description":"Pieteikums b\u0113rna re\u0123istr\u0101cijai pamatizgl\u012bt\u012bbas programmas apguves uzs\u0101k\u0161anai 1. klas\u0113 Aicin\u0101m vec\u0101kus taup\u012bt savu laiku un pieteikumu viegli un \u0113rti iesniegt [&hellip;]","og_url":"https:\/\/izglitiba.valmierasnovads.lv\/vss\/uznemsana\/","og_site_name":"Valmieras s\u0101kumskola","article_modified_time":"2026-04-14T12:15:56+00:00","twitter_card":"summary_large_image","twitter_misc":{"Est. reading time":"1 min\u016bte"},"schema":{"@context":"https:\/\/schema.org","@graph":[{"@type":"WebPage","@id":"https:\/\/izglitiba.valmierasnovads.lv\/vss\/uznemsana\/","url":"https:\/\/izglitiba.valmierasnovads.lv\/vss\/uznemsana\/","name":"Uz\u0146em\u0161ana 1. klas\u0113 - Valmieras s\u0101kumskola","isPartOf":{"@id":"https:\/\/izglitiba.valmierasnovads.lv\/vss\/#website"},"datePublished":"2026-04-14T00:45:34+00:00","dateModified":"2026-04-14T12:15:56+00:00","breadcrumb":{"@id":"https:\/\/izglitiba.valmierasnovads.lv\/vss\/uznemsana\/#breadcrumb"},"inLanguage":"lv-LV","potentialAction":[{"@type":"ReadAction","target":["https:\/\/izglitiba.valmierasnovads.lv\/vss\/uznemsana\/"]}]},{"@type":"BreadcrumbList","@id":"https:\/\/izglitiba.valmierasnovads.lv\/vss\/uznemsana\/#breadcrumb","itemListElement":[{"@type":"ListItem","position":1,"name":"Home","item":"https:\/\/izglitiba.valmierasnovads.lv\/vss\/"},{"@type":"ListItem","position":2,"name":"Uz\u0146em\u0161ana 1. klas\u0113"}]},{"@type":"WebSite","@id":"https:\/\/izglitiba.valmierasnovads.lv\/vss\/#website","url":"https:\/\/izglitiba.valmierasnovads.lv\/vss\/","name":"Valmieras s\u0101kumskola","description":"M\u0101c\u0101mies darot","publisher":{"@id":"https:\/\/izglitiba.valmierasnovads.lv\/vss\/#organization"},"potentialAction":[{"@type":"SearchAction","target":{"@type":"EntryPoint","urlTemplate":"https:\/\/izglitiba.valmierasnovads.lv\/vss\/?s={search_term_string}"},"query-input":{"@type":"PropertyValueSpecification","valueRequired":true,"valueName":"search_term_string"}}],"inLanguage":"lv-LV"},{"@type":"Organization","@id":"https:\/\/izglitiba.valmierasnovads.lv\/vss\/#organization","name":"Valmieras s\u0101kumskola","url":"https:\/\/izglitiba.valmierasnovads.lv\/vss\/","logo":{"@type":"ImageObject","inLanguage":"lv-LV","@id":"https:\/\/izglitiba.valmierasnovads.lv\/vss\/#\/schema\/logo\/image\/","url":"https:\/\/izglitiba.valmierasnovads.lv\/vss\/wp-content\/uploads\/sites\/25\/2026\/03\/cropped-Komplekta-ar-pasu-logo-scaled-1.png","contentUrl":"https:\/\/izglitiba.valmierasnovads.lv\/vss\/wp-content\/uploads\/sites\/25\/2026\/03\/cropped-Komplekta-ar-pasu-logo-scaled-1.png","width":1480,"height":405,"caption":"Valmieras s\u0101kumskola"},"image":{"@id":"https:\/\/izglitiba.valmierasnovads.lv\/vss\/#\/schema\/logo\/image\/"}}]}},"_links":{"self":[{"href":"https:\/\/izglitiba.valmierasnovads.lv\/vss\/wp-json\/wp\/v2\/pages\/493","targetHints":{"allow":["GET"]}}],"collection":[{"href":"https:\/\/izglitiba.valmierasnovads.lv\/vss\/wp-json\/wp\/v2\/pages"}],"about":[{"href":"https:\/\/izglitiba.valmierasnovads.lv\/vss\/wp-json\/wp\/v2\/types\/page"}],"author":[{"embeddable":true,"href":"https:\/\/izglitiba.valmierasnovads.lv\/vss\/wp-json\/wp\/v2\/users\/77"}],"replies":[{"embeddable":true,"href":"https:\/\/izglitiba.valmierasnovads.lv\/vss\/wp-json\/wp\/v2\/comments?post=493"}],"version-history":[{"count":8,"href":"https:\/\/izglitiba.valmierasnovads.lv\/vss\/wp-json\/wp\/v2\/pages\/493\/revisions"}],"predecessor-version":[{"id":589,"href":"https:\/\/izglitiba.valmierasnovads.lv\/vss\/wp-json\/wp\/v2\/pages\/493\/revisions\/589"}],"wp:attachment":[{"href":"https:\/\/izglitiba.valmierasnovads.lv\/vss\/wp-json\/wp\/v2\/media?parent=493"}],"curies":[{"name":"wp","href":"https:\/\/api.w.org\/{rel}","templated":true}]}}