{"id":130,"date":"2026-03-25T11:46:20","date_gmt":"2026-03-25T09:46:20","guid":{"rendered":"https:\/\/izglitiba.valmierasnovads.lv\/vvg\/?page_id=130"},"modified":"2026-04-23T14:46:46","modified_gmt":"2026-04-23T11:46:46","slug":"vadibas-kontakti","status":"publish","type":"page","link":"https:\/\/izglitiba.valmierasnovads.lv\/vvg\/vadibas-kontakti\/","title":{"rendered":"*Vad\u012bbas kontakti"},"content":{"rendered":"<style>.kb-table-container130_cee398-e8{overflow-x:auto;}.kb-table-container .kb-table130_cee398-e8 th{padding-top:var(--global-kb-spacing-xxs, 0.5rem);padding-right:var(--global-kb-spacing-xxs, 0.5rem);padding-bottom:var(--global-kb-spacing-xxs, 0.5rem);padding-left:var(--global-kb-spacing-xxs, 0.5rem);text-align:center;}.kb-table-container .kb-table130_cee398-e8 caption{text-align:center;}.kb-table-container .kb-table130_cee398-e8 td{padding-top:var(--global-kb-spacing-xxs, 0.5rem);padding-right:var(--global-kb-spacing-xxs, 0.5rem);padding-bottom:var(--global-kb-spacing-xxs, 0.5rem);padding-left:var(--global-kb-spacing-xxs, 0.5rem);text-align:left;}<\/style><div class=\"kb-table-container kb-table-container130_cee398-e8 wp-block-kadence-table\"><table class=\"kb-table kb-table130_cee398-e8\">\n<tr class=\"kb-table-row kb-table-row130_af1d86-3b\">\n<td class=\"kb-table-data kb-table-data130_43821a-0e\">\n\n<p><strong>Amats<\/strong><\/p>\n\n<\/130_43821a-0e>\n\n<td class=\"kb-table-data kb-table-data130_3ed28c-c9\">\n\n<p><strong>V\u0101rds, uzv\u0101rds<\/strong><\/p>\n\n<\/130_3ed28c-c9>\n\n<td class=\"kb-table-data kb-table-data130_c5be3c-b1\">\n\n<p><strong>e-pasts<\/strong><\/p>\n\n<\/130_c5be3c-b1>\n\n<td class=\"kb-table-data kb-table-data130_67f644-1c\">\n\n<p><strong>Telefons<\/strong><\/p>\n\n<\/130_67f644-1c>\n<\/tr>\n\n<tr class=\"kb-table-row kb-table-row130_9056b6-06\">\n<td class=\"kb-table-data kb-table-data130_3dacf6-2c\">\n\n<p>Direktors<\/p>\n\n<\/130_3dacf6-2c>\n\n<td class=\"kb-table-data kb-table-data130_863e98-82\">\n\n<p>Art\u016brs Skrasti\u0146\u0161<\/p>\n\n<\/130_863e98-82>\n\n<td class=\"kb-table-data kb-table-data130_4bfc30-18\">\n\n<p>arturs.skrastins@valmiera.edu.lv<\/p>\n\n<\/130_4bfc30-18>\n\n<td class=\"kb-table-data kb-table-data130_de1241-7c\">\n\n<p>+37164222459<\/p>\n\n<\/130_de1241-7c>\n<\/tr>\n\n<tr class=\"kb-table-row kb-table-row130_60bc2e-bd\">\n<td class=\"kb-table-data kb-table-data130_b55e1c-d9\">\n\n<p>Direktora vietniece<\/p>\n\n<\/130_b55e1c-d9>\n\n<td class=\"kb-table-data kb-table-data130_a5f549-9e\">\n\n<p>Di\u0101na Zilberte<\/p>\n\n<\/130_a5f549-9e>\n\n<td class=\"kb-table-data kb-table-data130_fd416d-f0\">\n\n<p>diana.zilberte@valmiera.edu.lv<\/p>\n\n<\/130_fd416d-f0>\n\n<td class=\"kb-table-data kb-table-data130_fd3c78-68\">\n\n<p>+37164207593<\/p>\n\n<\/130_fd3c78-68>\n<\/tr>\n\n<tr class=\"kb-table-row kb-table-row130_d54429-5f\">\n<td class=\"kb-table-data kb-table-data130_d6119a-78\">\n\n<p>Direktora vietniece<\/p>\n\n<\/130_d6119a-78>\n\n<td class=\"kb-table-data kb-table-data130_60920b-6c\">\n\n<p>Baiba Bik\u0161e<\/p>\n\n<\/130_60920b-6c>\n\n<td class=\"kb-table-data kb-table-data130_c0f255-72\">\n\n<p>baiba.bikse@valmiera.edu.lv<\/p>\n\n<\/130_c0f255-72>\n\n<td class=\"kb-table-data kb-table-data130_834585-6d\">\n\n<p><\/p>\n\n<\/130_834585-6d>\n<\/tr>\n\n<tr class=\"kb-table-row kb-table-row130_ea8cd6-7b\">\n<td class=\"kb-table-data kb-table-data130_58c89f-aa\">\n\n<p>Direktora vietniece<\/p>\n\n<\/130_58c89f-aa>\n\n<td class=\"kb-table-data kb-table-data130_f06a69-b9\">\n\n<p>Jolanta \u0160ekstello-Kaland\u0101rova<\/p>\n\n<\/130_f06a69-b9>\n\n<td class=\"kb-table-data kb-table-data130_1d34b6-61\">\n\n<p>jolanta.sekstello@valmiera.edu.lv<\/p>\n\n<\/130_1d34b6-61>\n\n<td class=\"kb-table-data kb-table-data130_8cee2e-0a\">\n\n<p>+37164207596<\/p>\n\n<\/130_8cee2e-0a>\n<\/tr>\n\n<tr class=\"kb-table-row kb-table-row130_c9ca46-19\">\n<td class=\"kb-table-data kb-table-data130_011d0b-5c\">\n\n<p>Direktora vietnieks<\/p>\n\n<\/130_011d0b-5c>\n\n<td class=\"kb-table-data kb-table-data130_c505c1-02\">\n\n<p>U\u0123is \u0160valbe<\/p>\n\n<\/130_c505c1-02>\n\n<td class=\"kb-table-data kb-table-data130_101266-e3\">\n\n<p>ugis.svalbe@valmiera.edu.lv<\/p>\n\n<\/130_101266-e3>\n\n<td class=\"kb-table-data kb-table-data130_74047c-77\">\n\n<p>+37164207596<\/p>\n\n<\/130_74047c-77>\n<\/tr>\n\n<tr class=\"kb-table-row kb-table-row130_063106-1c\">\n<td class=\"kb-table-data kb-table-data130_509261-16\">\n\n<p>Direktora vietniece saimnieciskaj\u0101 darb\u0101<\/p>\n\n<\/130_509261-16>\n\n<td class=\"kb-table-data kb-table-data130_304dcb-51\">\n\n<p>Raisa Davidova<\/p>\n\n<\/130_304dcb-51>\n\n<td class=\"kb-table-data kb-table-data130_f47aea-d4\">\n\n<p>raisa.davidova@valmiera.edu.lv<\/p>\n\n<\/130_f47aea-d4>\n\n<td class=\"kb-table-data kb-table-data130_ce1e28-59\">\n\n<p>+37125620010<\/p>\n\n<\/130_ce1e28-59>\n<\/tr>\n\n<tr class=\"kb-table-row kb-table-row130_36aa55-10\">\n<td class=\"kb-table-data kb-table-data130_337aa7-c4\">\n\n<p>Metodi\u0137e<\/p>\n\n<\/130_337aa7-c4>\n\n<td class=\"kb-table-data kb-table-data130_f80640-c0\">\n\n<p>Inga Savicka<\/p>\n\n<\/130_f80640-c0>\n\n<td class=\"kb-table-data kb-table-data130_bbbacc-2b\">\n\n<p>inga.savicka@valmiera.edu.lv<\/p>\n\n<\/130_bbbacc-2b>\n\n<td class=\"kb-table-data kb-table-data130_ba0297-cd\">\n\n<p><\/p>\n\n<\/130_ba0297-cd>\n<\/tr>\n\n<tr class=\"kb-table-row kb-table-row130_6d838b-7f\">\n<td class=\"kb-table-data kb-table-data130_9cc69a-a8\">\n\n<p>Soci\u0101lais pedagogs<\/p>\n\n<\/130_9cc69a-a8>\n\n<td class=\"kb-table-data kb-table-data130_f5d769-0d\">\n\n<p>Iveta M\u016brniece<\/p>\n\n<\/130_f5d769-0d>\n\n<td class=\"kb-table-data kb-table-data130_b6063a-51\">\n\n<p>iveta.murniece@valmiera.edu.lv<\/p>\n\n<\/130_b6063a-51>\n\n<td class=\"kb-table-data kb-table-data130_650633-d3\">\n\n<p>+37126550352<\/p>\n\n<\/130_650633-d3>\n<\/tr>\n\n<tr class=\"kb-table-row kb-table-row130_9cac4d-53\">\n<td class=\"kb-table-data kb-table-data130_44543a-9a\">\n\n<p>Psihologs<\/p>\n\n<\/130_44543a-9a>\n\n<td class=\"kb-table-data kb-table-data130_eef663-b2\">\n\n<p>Inese Aispuriete<\/p>\n\n<\/130_eef663-b2>\n\n<td class=\"kb-table-data kb-table-data130_ddb75e-19\">\n\n<p>inese.aispuriete@valmiera.edu.lv<\/p>\n\n<\/130_ddb75e-19>\n\n<td class=\"kb-table-data kb-table-data130_72e079-30\">\n\n<p><\/p>\n\n<\/130_72e079-30>\n<\/tr>\n\n<tr class=\"kb-table-row kb-table-row130_45e11a-d6\">\n<td class=\"kb-table-data kb-table-data130_c903c6-f0\">\n\n<p>Bibliotek\u0101re<\/p>\n\n<\/130_c903c6-f0>\n\n<td class=\"kb-table-data kb-table-data130_42852b-2a\">\n\n<p>Inese Supe<\/p>\n\n<\/130_42852b-2a>\n\n<td class=\"kb-table-data kb-table-data130_f21898-0f\">\n\n<p>inese.supe@valmiera.edu.lv<\/p>\n\n<\/130_f21898-0f>\n\n<td class=\"kb-table-data kb-table-data130_8fe0ac-e1\">\n\n<p><\/p>\n\n<\/130_8fe0ac-e1>\n<\/tr>\n\n<tr class=\"kb-table-row kb-table-row130_8bca3e-54\">\n<td class=\"kb-table-data kb-table-data130_95e2a7-9a\">\n\n<p>Medm\u0101sa<\/p>\n\n<\/130_95e2a7-9a>\n\n<td class=\"kb-table-data kb-table-data130_a23b96-1e\">\n\n<p>Irina L\u0113ve<\/p>\n\n<\/130_a23b96-1e>\n\n<td class=\"kb-table-data kb-table-data130_04e5c2-93\">\n\n<p>irina.leve@valmiera.edu.lv<\/p>\n\n<\/130_04e5c2-93>\n\n<td class=\"kb-table-data kb-table-data130_bb3946-aa\">\n\n<p>+37164207598<\/p>\n\n<\/130_bb3946-aa>\n<\/tr>\n\n<tr class=\"kb-table-row kb-table-row130_0b335d-4e\">\n<td class=\"kb-table-data kb-table-data130_7199e1-58\">\n\n<p>Lietvede<\/p>\n\n<\/130_7199e1-58>\n\n<td class=\"kb-table-data kb-table-data130_e780ed-af\">\n\n<p>Vineta Pakalne<\/p>\n\n<\/130_e780ed-af>\n\n<td class=\"kb-table-data kb-table-data130_4807df-4d\">\n\n<p>vineta.pakalne@valmiera.edu.lv<\/p>\n\n<\/130_4807df-4d>\n\n<td class=\"kb-table-data kb-table-data130_cb4061-63\">\n\n<p>+37164222518<\/p>\n\n<\/130_cb4061-63>\n<\/tr>\n\n<tr class=\"kb-table-row kb-table-row130_9b357c-75\">\n<td class=\"kb-table-data kb-table-data130_ae5e8d-18\">\n\n<p>Sekret\u0101re<\/p>\n\n<\/130_ae5e8d-18>\n\n<td class=\"kb-table-data kb-table-data130_b77758-ae\">\n\n<p>Inese Kolendo<\/p>\n\n<\/130_b77758-ae>\n\n<td class=\"kb-table-data kb-table-data130_3128cc-3e\">\n\n<p>inese.kolendo@valmiera.edu.lv<\/p>\n\n<\/130_3128cc-3e>\n\n<td class=\"kb-table-data kb-table-data130_102be5-fe\">\n\n<p>+37128667858<\/p>\n\n<\/130_102be5-fe>\n<\/tr>\n\n<tr class=\"kb-table-row kb-table-row130_c82e3e-5d\">\n<td class=\"kb-table-data kb-table-data130_0e874c-6e\">\n\n<p><\/p>\n\n<\/130_0e874c-6e>\n\n<td class=\"kb-table-data kb-table-data130_2aeef2-1f\">\n\n<p><\/p>\n\n<\/130_2aeef2-1f>\n\n<td class=\"kb-table-data kb-table-data130_79a18e-27\">\n\n<p><\/p>\n\n<\/130_79a18e-27>\n\n<td class=\"kb-table-data kb-table-data130_5cba03-0a\">\n\n<p><\/p>\n\n<\/130_5cba03-0a>\n<\/tr>\n<\/table><\/div>\n\n\n<p><\/p>\n","protected":false},"excerpt":{"rendered":"","protected":false},"author":1,"featured_media":0,"parent":0,"menu_order":0,"comment_status":"closed","ping_status":"closed","template":"","meta":{"_acf_changed":false,"site-sidebar-layout":"default","site-content-layout":"","ast-site-content-layout":"default","site-content-style":"default","site-sidebar-style":"default","ast-global-header-display":"","ast-banner-title-visibility":"","ast-main-header-display":"","ast-hfb-above-header-display":"","ast-hfb-below-header-display":"","ast-hfb-mobile-header-display":"","site-post-title":"","ast-breadcrumbs-content":"","ast-featured-img":"","footer-sml-layout":"","ast-disable-related-posts":"","theme-transparent-header-meta":"","adv-header-id-meta":"","stick-header-meta":"","header-above-stick-meta":"","header-main-stick-meta":"","header-below-stick-meta":"","astra-migrate-meta-layouts":"default","ast-page-background-enabled":"default","ast-page-background-meta":{"desktop":{"background-color":"var(--ast-global-color-5)","background-image":"","background-repeat":"repeat","background-position":"center center","background-size":"auto","background-attachment":"scroll","background-type":"","background-media":"","overlay-type":"","overlay-color":"","overlay-opacity":"","overlay-gradient":""},"tablet":{"background-color":"","background-image":"","background-repeat":"repeat","background-position":"center center","background-size":"auto","background-attachment":"scroll","background-type":"","background-media":"","overlay-type":"","overlay-color":"","overlay-opacity":"","overlay-gradient":""},"mobile":{"background-color":"","background-image":"","background-repeat":"repeat","background-position":"center center","background-size":"auto","background-attachment":"scroll","background-type":"","background-media":"","overlay-type":"","overlay-color":"","overlay-opacity":"","overlay-gradient":""}},"ast-content-background-meta":{"desktop":{"background-color":"var(--ast-global-color-4)","background-image":"","background-repeat":"repeat","background-position":"center center","background-size":"auto","background-attachment":"scroll","background-type":"","background-media":"","overlay-type":"","overlay-color":"","overlay-opacity":"","overlay-gradient":""},"tablet":{"background-color":"var(--ast-global-color-4)","background-image":"","background-repeat":"repeat","background-position":"center center","background-size":"auto","background-attachment":"scroll","background-type":"","background-media":"","overlay-type":"","overlay-color":"","overlay-opacity":"","overlay-gradient":""},"mobile":{"background-color":"var(--ast-global-color-4)","background-image":"","background-repeat":"repeat","background-position":"center center","background-size":"auto","background-attachment":"scroll","background-type":"","background-media":"","overlay-type":"","overlay-color":"","overlay-opacity":"","overlay-gradient":""}},"footnotes":""},"class_list":["post-130","page","type-page","status-publish","hentry"],"acf":[],"yoast_head":"<!-- This site is optimized with the Yoast SEO plugin v27.0 - https:\/\/yoast.com\/product\/yoast-seo-wordpress\/ -->\n<title>*Vad\u012bbas kontakti - Valmieras Valsts \u0123imn\u0101zija<\/title>\n<meta name=\"robots\" content=\"index, follow, max-snippet:-1, max-image-preview:large, max-video-preview:-1\" \/>\n<link rel=\"canonical\" href=\"https:\/\/izglitiba.valmierasnovads.lv\/vvg\/vadibas-kontakti\/\" \/>\n<meta property=\"og:locale\" content=\"lv_LV\" \/>\n<meta property=\"og:type\" content=\"article\" \/>\n<meta property=\"og:title\" content=\"*Vad\u012bbas kontakti - Valmieras Valsts \u0123imn\u0101zija\" \/>\n<meta property=\"og:url\" content=\"https:\/\/izglitiba.valmierasnovads.lv\/vvg\/vadibas-kontakti\/\" \/>\n<meta property=\"og:site_name\" content=\"Valmieras Valsts \u0123imn\u0101zija\" \/>\n<meta property=\"article:modified_time\" content=\"2026-04-23T11:46:46+00:00\" \/>\n<meta name=\"twitter:card\" content=\"summary_large_image\" \/>\n<meta name=\"twitter:label1\" content=\"Est. reading time\" \/>\n\t<meta name=\"twitter:data1\" content=\"1 min\u016bte\" \/>\n<script type=\"application\/ld+json\" class=\"yoast-schema-graph\">{\"@context\":\"https:\/\/schema.org\",\"@graph\":[{\"@type\":\"WebPage\",\"@id\":\"https:\/\/izglitiba.valmierasnovads.lv\/vvg\/vadibas-kontakti\/\",\"url\":\"https:\/\/izglitiba.valmierasnovads.lv\/vvg\/vadibas-kontakti\/\",\"name\":\"*Vad\u012bbas kontakti - Valmieras Valsts \u0123imn\u0101zija\",\"isPartOf\":{\"@id\":\"https:\/\/izglitiba.valmierasnovads.lv\/vvg\/#website\"},\"datePublished\":\"2026-03-25T09:46:20+00:00\",\"dateModified\":\"2026-04-23T11:46:46+00:00\",\"breadcrumb\":{\"@id\":\"https:\/\/izglitiba.valmierasnovads.lv\/vvg\/vadibas-kontakti\/#breadcrumb\"},\"inLanguage\":\"lv-LV\",\"potentialAction\":[{\"@type\":\"ReadAction\",\"target\":[\"https:\/\/izglitiba.valmierasnovads.lv\/vvg\/vadibas-kontakti\/\"]}]},{\"@type\":\"BreadcrumbList\",\"@id\":\"https:\/\/izglitiba.valmierasnovads.lv\/vvg\/vadibas-kontakti\/#breadcrumb\",\"itemListElement\":[{\"@type\":\"ListItem\",\"position\":1,\"name\":\"Home\",\"item\":\"https:\/\/izglitiba.valmierasnovads.lv\/vvg\/\"},{\"@type\":\"ListItem\",\"position\":2,\"name\":\"*Vad\u012bbas kontakti\"}]},{\"@type\":\"WebSite\",\"@id\":\"https:\/\/izglitiba.valmierasnovads.lv\/vvg\/#website\",\"url\":\"https:\/\/izglitiba.valmierasnovads.lv\/vvg\/\",\"name\":\"Valmieras Valsts \u0123imn\u0101zija\",\"description\":\"\",\"publisher\":{\"@id\":\"https:\/\/izglitiba.valmierasnovads.lv\/vvg\/#organization\"},\"potentialAction\":[{\"@type\":\"SearchAction\",\"target\":{\"@type\":\"EntryPoint\",\"urlTemplate\":\"https:\/\/izglitiba.valmierasnovads.lv\/vvg\/?s={search_term_string}\"},\"query-input\":{\"@type\":\"PropertyValueSpecification\",\"valueRequired\":true,\"valueName\":\"search_term_string\"}}],\"inLanguage\":\"lv-LV\"},{\"@type\":\"Organization\",\"@id\":\"https:\/\/izglitiba.valmierasnovads.lv\/vvg\/#organization\",\"name\":\"Valmieras Valsts \u0123imn\u0101zija\",\"url\":\"https:\/\/izglitiba.valmierasnovads.lv\/vvg\/\",\"logo\":{\"@type\":\"ImageObject\",\"inLanguage\":\"lv-LV\",\"@id\":\"https:\/\/izglitiba.valmierasnovads.lv\/vvg\/#\/schema\/logo\/image\/\",\"url\":\"https:\/\/izglitiba.valmierasnovads.lv\/vvg\/wp-content\/uploads\/sites\/43\/2026\/02\/VVG_Logo_RGB.png\",\"contentUrl\":\"https:\/\/izglitiba.valmierasnovads.lv\/vvg\/wp-content\/uploads\/sites\/43\/2026\/02\/VVG_Logo_RGB.png\",\"width\":895,\"height\":218,\"caption\":\"Valmieras Valsts \u0123imn\u0101zija\"},\"image\":{\"@id\":\"https:\/\/izglitiba.valmierasnovads.lv\/vvg\/#\/schema\/logo\/image\/\"}}]}<\/script>\n<!-- \/ Yoast SEO plugin. -->","yoast_head_json":{"title":"*Vad\u012bbas kontakti - Valmieras Valsts \u0123imn\u0101zija","robots":{"index":"index","follow":"follow","max-snippet":"max-snippet:-1","max-image-preview":"max-image-preview:large","max-video-preview":"max-video-preview:-1"},"canonical":"https:\/\/izglitiba.valmierasnovads.lv\/vvg\/vadibas-kontakti\/","og_locale":"lv_LV","og_type":"article","og_title":"*Vad\u012bbas kontakti - Valmieras Valsts \u0123imn\u0101zija","og_url":"https:\/\/izglitiba.valmierasnovads.lv\/vvg\/vadibas-kontakti\/","og_site_name":"Valmieras Valsts \u0123imn\u0101zija","article_modified_time":"2026-04-23T11:46:46+00:00","twitter_card":"summary_large_image","twitter_misc":{"Est. reading time":"1 min\u016bte"},"schema":{"@context":"https:\/\/schema.org","@graph":[{"@type":"WebPage","@id":"https:\/\/izglitiba.valmierasnovads.lv\/vvg\/vadibas-kontakti\/","url":"https:\/\/izglitiba.valmierasnovads.lv\/vvg\/vadibas-kontakti\/","name":"*Vad\u012bbas kontakti - Valmieras Valsts \u0123imn\u0101zija","isPartOf":{"@id":"https:\/\/izglitiba.valmierasnovads.lv\/vvg\/#website"},"datePublished":"2026-03-25T09:46:20+00:00","dateModified":"2026-04-23T11:46:46+00:00","breadcrumb":{"@id":"https:\/\/izglitiba.valmierasnovads.lv\/vvg\/vadibas-kontakti\/#breadcrumb"},"inLanguage":"lv-LV","potentialAction":[{"@type":"ReadAction","target":["https:\/\/izglitiba.valmierasnovads.lv\/vvg\/vadibas-kontakti\/"]}]},{"@type":"BreadcrumbList","@id":"https:\/\/izglitiba.valmierasnovads.lv\/vvg\/vadibas-kontakti\/#breadcrumb","itemListElement":[{"@type":"ListItem","position":1,"name":"Home","item":"https:\/\/izglitiba.valmierasnovads.lv\/vvg\/"},{"@type":"ListItem","position":2,"name":"*Vad\u012bbas kontakti"}]},{"@type":"WebSite","@id":"https:\/\/izglitiba.valmierasnovads.lv\/vvg\/#website","url":"https:\/\/izglitiba.valmierasnovads.lv\/vvg\/","name":"Valmieras Valsts \u0123imn\u0101zija","description":"","publisher":{"@id":"https:\/\/izglitiba.valmierasnovads.lv\/vvg\/#organization"},"potentialAction":[{"@type":"SearchAction","target":{"@type":"EntryPoint","urlTemplate":"https:\/\/izglitiba.valmierasnovads.lv\/vvg\/?s={search_term_string}"},"query-input":{"@type":"PropertyValueSpecification","valueRequired":true,"valueName":"search_term_string"}}],"inLanguage":"lv-LV"},{"@type":"Organization","@id":"https:\/\/izglitiba.valmierasnovads.lv\/vvg\/#organization","name":"Valmieras Valsts \u0123imn\u0101zija","url":"https:\/\/izglitiba.valmierasnovads.lv\/vvg\/","logo":{"@type":"ImageObject","inLanguage":"lv-LV","@id":"https:\/\/izglitiba.valmierasnovads.lv\/vvg\/#\/schema\/logo\/image\/","url":"https:\/\/izglitiba.valmierasnovads.lv\/vvg\/wp-content\/uploads\/sites\/43\/2026\/02\/VVG_Logo_RGB.png","contentUrl":"https:\/\/izglitiba.valmierasnovads.lv\/vvg\/wp-content\/uploads\/sites\/43\/2026\/02\/VVG_Logo_RGB.png","width":895,"height":218,"caption":"Valmieras Valsts \u0123imn\u0101zija"},"image":{"@id":"https:\/\/izglitiba.valmierasnovads.lv\/vvg\/#\/schema\/logo\/image\/"}}]}},"_links":{"self":[{"href":"https:\/\/izglitiba.valmierasnovads.lv\/vvg\/wp-json\/wp\/v2\/pages\/130","targetHints":{"allow":["GET"]}}],"collection":[{"href":"https:\/\/izglitiba.valmierasnovads.lv\/vvg\/wp-json\/wp\/v2\/pages"}],"about":[{"href":"https:\/\/izglitiba.valmierasnovads.lv\/vvg\/wp-json\/wp\/v2\/types\/page"}],"author":[{"embeddable":true,"href":"https:\/\/izglitiba.valmierasnovads.lv\/vvg\/wp-json\/wp\/v2\/users\/1"}],"replies":[{"embeddable":true,"href":"https:\/\/izglitiba.valmierasnovads.lv\/vvg\/wp-json\/wp\/v2\/comments?post=130"}],"version-history":[{"count":3,"href":"https:\/\/izglitiba.valmierasnovads.lv\/vvg\/wp-json\/wp\/v2\/pages\/130\/revisions"}],"predecessor-version":[{"id":252,"href":"https:\/\/izglitiba.valmierasnovads.lv\/vvg\/wp-json\/wp\/v2\/pages\/130\/revisions\/252"}],"wp:attachment":[{"href":"https:\/\/izglitiba.valmierasnovads.lv\/vvg\/wp-json\/wp\/v2\/media?parent=130"}],"curies":[{"name":"wp","href":"https:\/\/api.w.org\/{rel}","templated":true}]}}